{"id":248090,"date":"2025-03-07T08:20:02","date_gmt":"2025-03-07T10:35:41","guid":{"rendered":"https:\/\/www.inverseteams.com\/?post_type=product&#038;p=248090"},"modified":"2025-03-14T14:55:39","modified_gmt":"2025-03-14T14:55:39","slug":"tubular-sc85","status":"publish","type":"product","link":"https:\/\/www.inverseteams.com\/fr\/produit\/tubular-sc85\/","title":{"rendered":"Tubular SC85-S"},"content":{"rendered":"<p>100% personnalisable avec la technique de sublimation. Cela garantit une r\u00e9sistance des couleurs et une durabilit\u00e9 in\u00e9gal\u00e9es. Les encres utilis\u00e9es pour la sublimation sont \u00e9cologiques, elles sont conformes \u00e0 la norme OEKO-TEX\u00ae ECO PASSPORT qui certifie qu&rsquo;elles sont respectueuses de l&rsquo;environnement et sans danger pour la sant\u00e9.<br \/>\nCe tubulaire sans couture est \u00e9lastique et permet de couvrir votre cou, vos oreilles ou votre t\u00eate. Son tissu l\u00e9ger permet une bonne respirabilit\u00e9.<\/p>\n","protected":false},"excerpt":{"rendered":"<p>100% personnalisable avec la technique de sublimation. Cela garantit une r\u00e9sistance des couleurs et une durabilit\u00e9 in\u00e9gal\u00e9es. Les encres utilis\u00e9es pour la sublimation sont \u00e9cologiques, elles sont conformes \u00e0 la norme OEKO-TEX\u00ae ECO PASSPORT qui certifie qu&rsquo;elles sont respectueuses de l&rsquo;environnement et sans danger pour la sant\u00e9.<br \/>\nCe tubulaire sans couture est \u00e9lastique et permet de couvrir votre cou, vos oreilles ou votre t\u00eate. Son tissu l\u00e9ger permet une bonne respirabilit\u00e9.<\/p>\n","protected":false},"featured_media":247540,"comment_status":"closed","ping_status":"closed","template":"","meta":{"_acf_changed":false},"product_brand":[],"product_cat":[8305],"product_tag":[],"custom_category":[15160,15163],"range":[15150],"class_list":{"0":"post-248090","1":"product","2":"type-product","3":"status-publish","4":"has-post-thumbnail","6":"product_cat-uncategorized-fr","7":"pa_climatologia-froid","8":"pa_climatologia-temperature-chaude","9":"pa_genero-unisexe","10":"pa_tipo-de-prenda-tubular-fr","11":"custom_category-sport-dequipe","12":"custom_category-football-fr","13":"range-accessoires","15":"first","16":"instock","17":"product-type-custom"},"acf":[],"yoast_head":"<!-- This site is optimized with the Yoast SEO plugin v27.3 - https:\/\/yoast.com\/product\/yoast-seo-wordpress\/ -->\n<title>Tubular SC85-S | Inverseteams<\/title>\n<meta name=\"description\" content=\"100% personnalisable avec la technique de sublimation. Cela garantit une r\u00e9sistance des couleurs et une durabilit\u00e9 in\u00e9gal\u00e9es. Les encres utilis\u00e9es pour la sublimation sont \u00e9cologiques, elles sont conformes \u00e0 la norme OEKO-TEX\u00ae ECO PASSPORT qui certifie qu&#039;elles sont respectueuses de l&#039;environnement et sans danger pour la sant\u00e9. Ce tubulaire sans couture est \u00e9lastique et permet de couvrir votre cou, vos oreilles ou votre t\u00eate. Son tissu l\u00e9ger permet une bonne respirabilit\u00e9.\" \/>\n<meta name=\"robots\" content=\"index, follow, max-snippet:-1, max-image-preview:large, max-video-preview:-1\" \/>\n<link rel=\"canonical\" href=\"https:\/\/www.inverseteams.com\/fr\/produit\/tubular-sc85\/\" \/>\n<meta property=\"og:locale\" content=\"fr_FR\" \/>\n<meta property=\"og:type\" content=\"article\" \/>\n<meta property=\"og:title\" content=\"Tubular SC85-S | Inverseteams\" \/>\n<meta property=\"og:description\" content=\"100% personnalisable avec la technique de sublimation. Cela garantit une r\u00e9sistance des couleurs et une durabilit\u00e9 in\u00e9gal\u00e9es. Les encres utilis\u00e9es pour la sublimation sont \u00e9cologiques, elles sont conformes \u00e0 la norme OEKO-TEX\u00ae ECO PASSPORT qui certifie qu&#039;elles sont respectueuses de l&#039;environnement et sans danger pour la sant\u00e9. Ce tubulaire sans couture est \u00e9lastique et permet de couvrir votre cou, vos oreilles ou votre t\u00eate. Son tissu l\u00e9ger permet une bonne respirabilit\u00e9.\" \/>\n<meta property=\"og:url\" content=\"https:\/\/www.inverseteams.com\/fr\/produit\/tubular-sc85\/\" \/>\n<meta property=\"og:site_name\" content=\"Inverseteams\" \/>\n<meta property=\"article:publisher\" content=\"https:\/\/www.facebook.com\/inverseteams\" \/>\n<meta property=\"article:modified_time\" content=\"2025-03-14T14:55:39+00:00\" \/>\n<meta property=\"og:image\" content=\"https:\/\/www.inverseteams.com\/wp-content\/uploads\/TUBULAR-SC85-1.jpg\" \/>\n\t<meta property=\"og:image:width\" content=\"1500\" \/>\n\t<meta property=\"og:image:height\" content=\"1612\" \/>\n\t<meta property=\"og:image:type\" content=\"image\/jpeg\" \/>\n<meta name=\"twitter:card\" content=\"summary_large_image\" \/>\n<meta name=\"twitter:label1\" content=\"Dur\u00e9e de lecture estim\u00e9e\" \/>\n\t<meta name=\"twitter:data1\" content=\"1 minute\" \/>\n<script type=\"application\/ld+json\" class=\"yoast-schema-graph\">{\"@context\":\"https:\\\/\\\/schema.org\",\"@graph\":[{\"@type\":\"WebPage\",\"@id\":\"https:\\\/\\\/www.inverseteams.com\\\/fr\\\/produit\\\/tubular-sc85\\\/\",\"url\":\"https:\\\/\\\/www.inverseteams.com\\\/fr\\\/produit\\\/tubular-sc85\\\/\",\"name\":\"Tubular SC85-S | Inverseteams\",\"isPartOf\":{\"@id\":\"https:\\\/\\\/www.inverseteams.com\\\/fr\\\/#website\"},\"primaryImageOfPage\":{\"@id\":\"https:\\\/\\\/www.inverseteams.com\\\/fr\\\/produit\\\/tubular-sc85\\\/#primaryimage\"},\"image\":{\"@id\":\"https:\\\/\\\/www.inverseteams.com\\\/fr\\\/produit\\\/tubular-sc85\\\/#primaryimage\"},\"thumbnailUrl\":\"https:\\\/\\\/www.inverseteams.com\\\/wp-content\\\/uploads\\\/TUBULAR-SC85-1.jpg\",\"datePublished\":\"2025-03-07T10:35:41+00:00\",\"dateModified\":\"2025-03-14T14:55:39+00:00\",\"description\":\"100% personnalisable avec la technique de sublimation. Cela garantit une r\u00e9sistance des couleurs et une durabilit\u00e9 in\u00e9gal\u00e9es. Les encres utilis\u00e9es pour la sublimation sont \u00e9cologiques, elles sont conformes \u00e0 la norme OEKO-TEX\u00ae ECO PASSPORT qui certifie qu'elles sont respectueuses de l'environnement et sans danger pour la sant\u00e9. Ce tubulaire sans couture est \u00e9lastique et permet de couvrir votre cou, vos oreilles ou votre t\u00eate. Son tissu l\u00e9ger permet une bonne respirabilit\u00e9.\",\"breadcrumb\":{\"@id\":\"https:\\\/\\\/www.inverseteams.com\\\/fr\\\/produit\\\/tubular-sc85\\\/#breadcrumb\"},\"inLanguage\":\"fr-FR\",\"potentialAction\":[{\"@type\":\"ReadAction\",\"target\":[\"https:\\\/\\\/www.inverseteams.com\\\/fr\\\/produit\\\/tubular-sc85\\\/\"]}]},{\"@type\":\"ImageObject\",\"inLanguage\":\"fr-FR\",\"@id\":\"https:\\\/\\\/www.inverseteams.com\\\/fr\\\/produit\\\/tubular-sc85\\\/#primaryimage\",\"url\":\"https:\\\/\\\/www.inverseteams.com\\\/wp-content\\\/uploads\\\/TUBULAR-SC85-1.jpg\",\"contentUrl\":\"https:\\\/\\\/www.inverseteams.com\\\/wp-content\\\/uploads\\\/TUBULAR-SC85-1.jpg\",\"width\":1500,\"height\":1612},{\"@type\":\"BreadcrumbList\",\"@id\":\"https:\\\/\\\/www.inverseteams.com\\\/fr\\\/produit\\\/tubular-sc85\\\/#breadcrumb\",\"itemListElement\":[{\"@type\":\"ListItem\",\"position\":1,\"name\":\"Portada\",\"item\":\"https:\\\/\\\/www.inverseteams.com\\\/fr\\\/pagina-principal\\\/\"},{\"@type\":\"ListItem\",\"position\":2,\"name\":\"Panier\",\"item\":\"https:\\\/\\\/www.inverseteams.com\\\/fr\\\/panier\\\/\"},{\"@type\":\"ListItem\",\"position\":3,\"name\":\"Tubular SC85-S\"}]},{\"@type\":\"WebSite\",\"@id\":\"https:\\\/\\\/www.inverseteams.com\\\/fr\\\/#website\",\"url\":\"https:\\\/\\\/www.inverseteams.com\\\/fr\\\/\",\"name\":\"Inverseteams\",\"description\":\"Tu marca de ropa deportiva personalizada\",\"publisher\":{\"@id\":\"https:\\\/\\\/www.inverseteams.com\\\/fr\\\/#organization\"},\"potentialAction\":[{\"@type\":\"SearchAction\",\"target\":{\"@type\":\"EntryPoint\",\"urlTemplate\":\"https:\\\/\\\/www.inverseteams.com\\\/fr\\\/?s={search_term_string}\"},\"query-input\":{\"@type\":\"PropertyValueSpecification\",\"valueRequired\":true,\"valueName\":\"search_term_string\"}}],\"inLanguage\":\"fr-FR\"},{\"@type\":\"Organization\",\"@id\":\"https:\\\/\\\/www.inverseteams.com\\\/fr\\\/#organization\",\"name\":\"Inverse Teams\",\"url\":\"https:\\\/\\\/www.inverseteams.com\\\/fr\\\/\",\"logo\":{\"@type\":\"ImageObject\",\"inLanguage\":\"fr-FR\",\"@id\":\"https:\\\/\\\/www.inverseteams.com\\\/fr\\\/#\\\/schema\\\/logo\\\/image\\\/\",\"url\":\"https:\\\/\\\/www.inverseteams.com\\\/wp-content\\\/uploads\\\/2021\\\/03\\\/logo-inverse-teams.png\",\"contentUrl\":\"https:\\\/\\\/www.inverseteams.com\\\/wp-content\\\/uploads\\\/2021\\\/03\\\/logo-inverse-teams.png\",\"width\":294,\"height\":99,\"caption\":\"Inverse Teams\"},\"image\":{\"@id\":\"https:\\\/\\\/www.inverseteams.com\\\/fr\\\/#\\\/schema\\\/logo\\\/image\\\/\"},\"sameAs\":[\"https:\\\/\\\/www.facebook.com\\\/inverseteams\",\"http:\\\/\\\/instagram.com\\\/inverseteams\",\"https:\\\/\\\/www.linkedin.com\\\/company\\\/inverse-cirosport-s-l-?trk=job_view_topcard_company_name\",\"http:\\\/\\\/www.pinterest.com\\\/inverseteams\\\/\",\"http:\\\/\\\/www.youtube.com\\\/user\\\/inverseteams?feature=watch\"]}]}<\/script>\n<!-- \/ Yoast SEO plugin. -->","yoast_head_json":{"title":"Tubular SC85-S | Inverseteams","description":"100% personnalisable avec la technique de sublimation. Cela garantit une r\u00e9sistance des couleurs et une durabilit\u00e9 in\u00e9gal\u00e9es. Les encres utilis\u00e9es pour la sublimation sont \u00e9cologiques, elles sont conformes \u00e0 la norme OEKO-TEX\u00ae ECO PASSPORT qui certifie qu'elles sont respectueuses de l'environnement et sans danger pour la sant\u00e9. Ce tubulaire sans couture est \u00e9lastique et permet de couvrir votre cou, vos oreilles ou votre t\u00eate. Son tissu l\u00e9ger permet une bonne respirabilit\u00e9.","robots":{"index":"index","follow":"follow","max-snippet":"max-snippet:-1","max-image-preview":"max-image-preview:large","max-video-preview":"max-video-preview:-1"},"canonical":"https:\/\/www.inverseteams.com\/fr\/produit\/tubular-sc85\/","og_locale":"fr_FR","og_type":"article","og_title":"Tubular SC85-S | Inverseteams","og_description":"100% personnalisable avec la technique de sublimation. Cela garantit une r\u00e9sistance des couleurs et une durabilit\u00e9 in\u00e9gal\u00e9es. Les encres utilis\u00e9es pour la sublimation sont \u00e9cologiques, elles sont conformes \u00e0 la norme OEKO-TEX\u00ae ECO PASSPORT qui certifie qu'elles sont respectueuses de l'environnement et sans danger pour la sant\u00e9. Ce tubulaire sans couture est \u00e9lastique et permet de couvrir votre cou, vos oreilles ou votre t\u00eate. Son tissu l\u00e9ger permet une bonne respirabilit\u00e9.","og_url":"https:\/\/www.inverseteams.com\/fr\/produit\/tubular-sc85\/","og_site_name":"Inverseteams","article_publisher":"https:\/\/www.facebook.com\/inverseteams","article_modified_time":"2025-03-14T14:55:39+00:00","og_image":[{"width":1500,"height":1612,"url":"https:\/\/www.inverseteams.com\/wp-content\/uploads\/TUBULAR-SC85-1.jpg","type":"image\/jpeg"}],"twitter_card":"summary_large_image","twitter_misc":{"Dur\u00e9e de lecture estim\u00e9e":"1 minute"},"schema":{"@context":"https:\/\/schema.org","@graph":[{"@type":"WebPage","@id":"https:\/\/www.inverseteams.com\/fr\/produit\/tubular-sc85\/","url":"https:\/\/www.inverseteams.com\/fr\/produit\/tubular-sc85\/","name":"Tubular SC85-S | Inverseteams","isPartOf":{"@id":"https:\/\/www.inverseteams.com\/fr\/#website"},"primaryImageOfPage":{"@id":"https:\/\/www.inverseteams.com\/fr\/produit\/tubular-sc85\/#primaryimage"},"image":{"@id":"https:\/\/www.inverseteams.com\/fr\/produit\/tubular-sc85\/#primaryimage"},"thumbnailUrl":"https:\/\/www.inverseteams.com\/wp-content\/uploads\/TUBULAR-SC85-1.jpg","datePublished":"2025-03-07T10:35:41+00:00","dateModified":"2025-03-14T14:55:39+00:00","description":"100% personnalisable avec la technique de sublimation. Cela garantit une r\u00e9sistance des couleurs et une durabilit\u00e9 in\u00e9gal\u00e9es. Les encres utilis\u00e9es pour la sublimation sont \u00e9cologiques, elles sont conformes \u00e0 la norme OEKO-TEX\u00ae ECO PASSPORT qui certifie qu'elles sont respectueuses de l'environnement et sans danger pour la sant\u00e9. Ce tubulaire sans couture est \u00e9lastique et permet de couvrir votre cou, vos oreilles ou votre t\u00eate. Son tissu l\u00e9ger permet une bonne respirabilit\u00e9.","breadcrumb":{"@id":"https:\/\/www.inverseteams.com\/fr\/produit\/tubular-sc85\/#breadcrumb"},"inLanguage":"fr-FR","potentialAction":[{"@type":"ReadAction","target":["https:\/\/www.inverseteams.com\/fr\/produit\/tubular-sc85\/"]}]},{"@type":"ImageObject","inLanguage":"fr-FR","@id":"https:\/\/www.inverseteams.com\/fr\/produit\/tubular-sc85\/#primaryimage","url":"https:\/\/www.inverseteams.com\/wp-content\/uploads\/TUBULAR-SC85-1.jpg","contentUrl":"https:\/\/www.inverseteams.com\/wp-content\/uploads\/TUBULAR-SC85-1.jpg","width":1500,"height":1612},{"@type":"BreadcrumbList","@id":"https:\/\/www.inverseteams.com\/fr\/produit\/tubular-sc85\/#breadcrumb","itemListElement":[{"@type":"ListItem","position":1,"name":"Portada","item":"https:\/\/www.inverseteams.com\/fr\/pagina-principal\/"},{"@type":"ListItem","position":2,"name":"Panier","item":"https:\/\/www.inverseteams.com\/fr\/panier\/"},{"@type":"ListItem","position":3,"name":"Tubular SC85-S"}]},{"@type":"WebSite","@id":"https:\/\/www.inverseteams.com\/fr\/#website","url":"https:\/\/www.inverseteams.com\/fr\/","name":"Inverseteams","description":"Tu marca de ropa deportiva personalizada","publisher":{"@id":"https:\/\/www.inverseteams.com\/fr\/#organization"},"potentialAction":[{"@type":"SearchAction","target":{"@type":"EntryPoint","urlTemplate":"https:\/\/www.inverseteams.com\/fr\/?s={search_term_string}"},"query-input":{"@type":"PropertyValueSpecification","valueRequired":true,"valueName":"search_term_string"}}],"inLanguage":"fr-FR"},{"@type":"Organization","@id":"https:\/\/www.inverseteams.com\/fr\/#organization","name":"Inverse Teams","url":"https:\/\/www.inverseteams.com\/fr\/","logo":{"@type":"ImageObject","inLanguage":"fr-FR","@id":"https:\/\/www.inverseteams.com\/fr\/#\/schema\/logo\/image\/","url":"https:\/\/www.inverseteams.com\/wp-content\/uploads\/2021\/03\/logo-inverse-teams.png","contentUrl":"https:\/\/www.inverseteams.com\/wp-content\/uploads\/2021\/03\/logo-inverse-teams.png","width":294,"height":99,"caption":"Inverse Teams"},"image":{"@id":"https:\/\/www.inverseteams.com\/fr\/#\/schema\/logo\/image\/"},"sameAs":["https:\/\/www.facebook.com\/inverseteams","http:\/\/instagram.com\/inverseteams","https:\/\/www.linkedin.com\/company\/inverse-cirosport-s-l-?trk=job_view_topcard_company_name","http:\/\/www.pinterest.com\/inverseteams\/","http:\/\/www.youtube.com\/user\/inverseteams?feature=watch"]}]}},"_links":{"self":[{"href":"https:\/\/www.inverseteams.com\/fr\/wp-json\/wp\/v2\/product\/248090","targetHints":{"allow":["GET"]}}],"collection":[{"href":"https:\/\/www.inverseteams.com\/fr\/wp-json\/wp\/v2\/product"}],"about":[{"href":"https:\/\/www.inverseteams.com\/fr\/wp-json\/wp\/v2\/types\/product"}],"replies":[{"embeddable":true,"href":"https:\/\/www.inverseteams.com\/fr\/wp-json\/wp\/v2\/comments?post=248090"}],"wp:featuredmedia":[{"embeddable":true,"href":"https:\/\/www.inverseteams.com\/fr\/wp-json\/wp\/v2\/media\/247540"}],"wp:attachment":[{"href":"https:\/\/www.inverseteams.com\/fr\/wp-json\/wp\/v2\/media?parent=248090"}],"wp:term":[{"taxonomy":"product_brand","embeddable":true,"href":"https:\/\/www.inverseteams.com\/fr\/wp-json\/wp\/v2\/product_brand?post=248090"},{"taxonomy":"product_cat","embeddable":true,"href":"https:\/\/www.inverseteams.com\/fr\/wp-json\/wp\/v2\/product_cat?post=248090"},{"taxonomy":"product_tag","embeddable":true,"href":"https:\/\/www.inverseteams.com\/fr\/wp-json\/wp\/v2\/product_tag?post=248090"},{"taxonomy":"custom_category","embeddable":true,"href":"https:\/\/www.inverseteams.com\/fr\/wp-json\/wp\/v2\/custom_category?post=248090"},{"taxonomy":"range","embeddable":true,"href":"https:\/\/www.inverseteams.com\/fr\/wp-json\/wp\/v2\/range?post=248090"}],"curies":[{"name":"wp","href":"https:\/\/api.w.org\/{rel}","templated":true}]}}