{"id":248077,"date":"2025-03-07T08:16:25","date_gmt":"2025-03-07T10:32:37","guid":{"rendered":"https:\/\/www.inverseteams.com\/?post_type=product&#038;p=248077"},"modified":"2025-03-14T14:55:15","modified_gmt":"2025-03-14T14:55:15","slug":"chaussettes-techniques-sc80","status":"publish","type":"product","link":"https:\/\/www.inverseteams.com\/fr\/produit\/chaussettes-techniques-sc80\/","title":{"rendered":"Chaussettes techniques SC80-S"},"content":{"rendered":"<p>Disponible en 7 couleurs : Noir, Rouge, Bleu Navy, Bleu Royal, Blanc, Vert et Jaune.<br \/>\nCes bas techniques assurent la compression n\u00e9cessaire sans comprimer ni provoquer d&rsquo;inconfort. Elles disposent \u00e9galement de renforts au niveau du cou-de-pied et de la cheville pour un confort total. La plante du pied est reli\u00e9e par un fil boucl\u00e9 qui garantit un meilleur amorti.<br \/>\n85% polyamide et 15% \u00e9lasthanne. Ils sont \u00e9lastiques et ont une grande capacit\u00e9 de r\u00e9cup\u00e9ration.<br \/>\nCes chaussettes de football techniques sont parfaites pour atteindre des performances maximales aussi bien \u00e0 l&rsquo;entra\u00eenement qu&rsquo;aux matchs.<\/p>\n","protected":false},"excerpt":{"rendered":"<p>Disponible en 7 couleurs : Noir, Rouge, Bleu Navy, Bleu Royal, Blanc, Vert et Jaune.<br \/>\nCes bas techniques assurent la compression n\u00e9cessaire sans comprimer ni provoquer d&rsquo;inconfort. Elles disposent \u00e9galement de renforts au niveau du cou-de-pied et de la cheville pour un confort total. La plante du pied est reli\u00e9e par un fil boucl\u00e9 qui garantit un meilleur amorti.<br \/>\n85% polyamide et 15% \u00e9lasthanne. Ils sont \u00e9lastiques et ont une grande capacit\u00e9 de r\u00e9cup\u00e9ration.<br \/>\nCes chaussettes de football techniques sont parfaites pour atteindre des performances maximales aussi bien \u00e0 l&rsquo;entra\u00eenement qu&rsquo;aux matchs.<\/p>\n","protected":false},"featured_media":247395,"comment_status":"closed","ping_status":"closed","template":"","meta":{"_acf_changed":false},"product_brand":[],"product_cat":[8305],"product_tag":[],"custom_category":[15160,15163],"range":[15135,15150],"class_list":{"0":"post-248077","1":"product","2":"type-product","3":"status-publish","4":"has-post-thumbnail","6":"product_cat-uncategorized-fr","7":"pa_climatologia-chaud","8":"pa_climatologia-froid","9":"pa_climatologia-temperature-chaude","10":"pa_genero-unisexe","11":"pa_tipo-de-prenda-chaussette","12":"custom_category-sport-dequipe","13":"custom_category-football-fr","14":"range-competition-fr","15":"range-accessoires","17":"first","18":"instock","19":"product-type-custom"},"acf":[],"yoast_head":"<!-- This site is optimized with the Yoast SEO plugin v27.3 - https:\/\/yoast.com\/product\/yoast-seo-wordpress\/ -->\n<title>Chaussettes techniques SC80-S | Inverseteams<\/title>\n<meta name=\"description\" content=\"Disponible en 7 couleurs : Noir, Rouge, Bleu Navy, Bleu Royal, Blanc, Vert et Jaune. Ces bas techniques assurent la compression n\u00e9cessaire sans comprimer ni provoquer d&#039;inconfort. Elles disposent \u00e9galement de renforts au niveau du cou-de-pied et de la cheville pour un confort total. La plante du pied est reli\u00e9e par un fil boucl\u00e9 qui garantit un meilleur amorti. 85% polyamide et 15% \u00e9lasthanne. Ils sont \u00e9lastiques et ont une grande capacit\u00e9 de r\u00e9cup\u00e9ration. Ces chaussettes de football techniques sont parfaites pour atteindre des performances maximales aussi bien \u00e0 l&#039;entra\u00eenement qu&#039;aux matchs.\" \/>\n<meta name=\"robots\" content=\"index, follow, max-snippet:-1, max-image-preview:large, max-video-preview:-1\" \/>\n<link rel=\"canonical\" href=\"https:\/\/www.inverseteams.com\/fr\/produit\/chaussettes-techniques-sc80\/\" \/>\n<meta property=\"og:locale\" content=\"fr_FR\" \/>\n<meta property=\"og:type\" content=\"article\" \/>\n<meta property=\"og:title\" content=\"Chaussettes techniques SC80-S | Inverseteams\" \/>\n<meta property=\"og:description\" content=\"Disponible en 7 couleurs : Noir, Rouge, Bleu Navy, Bleu Royal, Blanc, Vert et Jaune. Ces bas techniques assurent la compression n\u00e9cessaire sans comprimer ni provoquer d&#039;inconfort. Elles disposent \u00e9galement de renforts au niveau du cou-de-pied et de la cheville pour un confort total. La plante du pied est reli\u00e9e par un fil boucl\u00e9 qui garantit un meilleur amorti. 85% polyamide et 15% \u00e9lasthanne. Ils sont \u00e9lastiques et ont une grande capacit\u00e9 de r\u00e9cup\u00e9ration. Ces chaussettes de football techniques sont parfaites pour atteindre des performances maximales aussi bien \u00e0 l&#039;entra\u00eenement qu&#039;aux matchs.\" \/>\n<meta property=\"og:url\" content=\"https:\/\/www.inverseteams.com\/fr\/produit\/chaussettes-techniques-sc80\/\" \/>\n<meta property=\"og:site_name\" content=\"Inverseteams\" \/>\n<meta property=\"article:publisher\" content=\"https:\/\/www.facebook.com\/inverseteams\" \/>\n<meta property=\"article:modified_time\" content=\"2025-03-14T14:55:15+00:00\" \/>\n<meta property=\"og:image\" content=\"https:\/\/www.inverseteams.com\/wp-content\/uploads\/MEDIAS-TECNICAS-FUTBOL-SC80-1.jpg\" \/>\n\t<meta property=\"og:image:width\" content=\"1500\" \/>\n\t<meta property=\"og:image:height\" content=\"1612\" \/>\n\t<meta property=\"og:image:type\" content=\"image\/jpeg\" \/>\n<meta name=\"twitter:card\" content=\"summary_large_image\" \/>\n<meta name=\"twitter:label1\" content=\"Dur\u00e9e de lecture estim\u00e9e\" \/>\n\t<meta name=\"twitter:data1\" content=\"1 minute\" \/>\n<script type=\"application\/ld+json\" class=\"yoast-schema-graph\">{\"@context\":\"https:\\\/\\\/schema.org\",\"@graph\":[{\"@type\":\"WebPage\",\"@id\":\"https:\\\/\\\/www.inverseteams.com\\\/fr\\\/produit\\\/chaussettes-techniques-sc80\\\/\",\"url\":\"https:\\\/\\\/www.inverseteams.com\\\/fr\\\/produit\\\/chaussettes-techniques-sc80\\\/\",\"name\":\"Chaussettes techniques SC80-S | Inverseteams\",\"isPartOf\":{\"@id\":\"https:\\\/\\\/www.inverseteams.com\\\/fr\\\/#website\"},\"primaryImageOfPage\":{\"@id\":\"https:\\\/\\\/www.inverseteams.com\\\/fr\\\/produit\\\/chaussettes-techniques-sc80\\\/#primaryimage\"},\"image\":{\"@id\":\"https:\\\/\\\/www.inverseteams.com\\\/fr\\\/produit\\\/chaussettes-techniques-sc80\\\/#primaryimage\"},\"thumbnailUrl\":\"https:\\\/\\\/www.inverseteams.com\\\/wp-content\\\/uploads\\\/MEDIAS-TECNICAS-FUTBOL-SC80-1.jpg\",\"datePublished\":\"2025-03-07T10:32:37+00:00\",\"dateModified\":\"2025-03-14T14:55:15+00:00\",\"description\":\"Disponible en 7 couleurs : Noir, Rouge, Bleu Navy, Bleu Royal, Blanc, Vert et Jaune. Ces bas techniques assurent la compression n\u00e9cessaire sans comprimer ni provoquer d'inconfort. Elles disposent \u00e9galement de renforts au niveau du cou-de-pied et de la cheville pour un confort total. La plante du pied est reli\u00e9e par un fil boucl\u00e9 qui garantit un meilleur amorti. 85% polyamide et 15% \u00e9lasthanne. Ils sont \u00e9lastiques et ont une grande capacit\u00e9 de r\u00e9cup\u00e9ration. Ces chaussettes de football techniques sont parfaites pour atteindre des performances maximales aussi bien \u00e0 l'entra\u00eenement qu'aux matchs.\",\"breadcrumb\":{\"@id\":\"https:\\\/\\\/www.inverseteams.com\\\/fr\\\/produit\\\/chaussettes-techniques-sc80\\\/#breadcrumb\"},\"inLanguage\":\"fr-FR\",\"potentialAction\":[{\"@type\":\"ReadAction\",\"target\":[\"https:\\\/\\\/www.inverseteams.com\\\/fr\\\/produit\\\/chaussettes-techniques-sc80\\\/\"]}]},{\"@type\":\"ImageObject\",\"inLanguage\":\"fr-FR\",\"@id\":\"https:\\\/\\\/www.inverseteams.com\\\/fr\\\/produit\\\/chaussettes-techniques-sc80\\\/#primaryimage\",\"url\":\"https:\\\/\\\/www.inverseteams.com\\\/wp-content\\\/uploads\\\/MEDIAS-TECNICAS-FUTBOL-SC80-1.jpg\",\"contentUrl\":\"https:\\\/\\\/www.inverseteams.com\\\/wp-content\\\/uploads\\\/MEDIAS-TECNICAS-FUTBOL-SC80-1.jpg\",\"width\":1500,\"height\":1612},{\"@type\":\"BreadcrumbList\",\"@id\":\"https:\\\/\\\/www.inverseteams.com\\\/fr\\\/produit\\\/chaussettes-techniques-sc80\\\/#breadcrumb\",\"itemListElement\":[{\"@type\":\"ListItem\",\"position\":1,\"name\":\"Portada\",\"item\":\"https:\\\/\\\/www.inverseteams.com\\\/fr\\\/pagina-principal\\\/\"},{\"@type\":\"ListItem\",\"position\":2,\"name\":\"Panier\",\"item\":\"https:\\\/\\\/www.inverseteams.com\\\/fr\\\/panier\\\/\"},{\"@type\":\"ListItem\",\"position\":3,\"name\":\"Chaussettes techniques SC80-S\"}]},{\"@type\":\"WebSite\",\"@id\":\"https:\\\/\\\/www.inverseteams.com\\\/fr\\\/#website\",\"url\":\"https:\\\/\\\/www.inverseteams.com\\\/fr\\\/\",\"name\":\"Inverseteams\",\"description\":\"Tu marca de ropa deportiva personalizada\",\"publisher\":{\"@id\":\"https:\\\/\\\/www.inverseteams.com\\\/fr\\\/#organization\"},\"potentialAction\":[{\"@type\":\"SearchAction\",\"target\":{\"@type\":\"EntryPoint\",\"urlTemplate\":\"https:\\\/\\\/www.inverseteams.com\\\/fr\\\/?s={search_term_string}\"},\"query-input\":{\"@type\":\"PropertyValueSpecification\",\"valueRequired\":true,\"valueName\":\"search_term_string\"}}],\"inLanguage\":\"fr-FR\"},{\"@type\":\"Organization\",\"@id\":\"https:\\\/\\\/www.inverseteams.com\\\/fr\\\/#organization\",\"name\":\"Inverse Teams\",\"url\":\"https:\\\/\\\/www.inverseteams.com\\\/fr\\\/\",\"logo\":{\"@type\":\"ImageObject\",\"inLanguage\":\"fr-FR\",\"@id\":\"https:\\\/\\\/www.inverseteams.com\\\/fr\\\/#\\\/schema\\\/logo\\\/image\\\/\",\"url\":\"http:\\\/\\\/www.inverseteams.com\\\/wp-content\\\/uploads\\\/2021\\\/03\\\/logo-inverse-teams.png\",\"contentUrl\":\"http:\\\/\\\/www.inverseteams.com\\\/wp-content\\\/uploads\\\/2021\\\/03\\\/logo-inverse-teams.png\",\"width\":294,\"height\":99,\"caption\":\"Inverse Teams\"},\"image\":{\"@id\":\"https:\\\/\\\/www.inverseteams.com\\\/fr\\\/#\\\/schema\\\/logo\\\/image\\\/\"},\"sameAs\":[\"https:\\\/\\\/www.facebook.com\\\/inverseteams\",\"http:\\\/\\\/instagram.com\\\/inverseteams\",\"https:\\\/\\\/www.linkedin.com\\\/company\\\/inverse-cirosport-s-l-?trk=job_view_topcard_company_name\",\"http:\\\/\\\/www.pinterest.com\\\/inverseteams\\\/\",\"http:\\\/\\\/www.youtube.com\\\/user\\\/inverseteams?feature=watch\"]}]}<\/script>\n<!-- \/ Yoast SEO plugin. -->","yoast_head_json":{"title":"Chaussettes techniques SC80-S | Inverseteams","description":"Disponible en 7 couleurs : Noir, Rouge, Bleu Navy, Bleu Royal, Blanc, Vert et Jaune. Ces bas techniques assurent la compression n\u00e9cessaire sans comprimer ni provoquer d'inconfort. Elles disposent \u00e9galement de renforts au niveau du cou-de-pied et de la cheville pour un confort total. La plante du pied est reli\u00e9e par un fil boucl\u00e9 qui garantit un meilleur amorti. 85% polyamide et 15% \u00e9lasthanne. Ils sont \u00e9lastiques et ont une grande capacit\u00e9 de r\u00e9cup\u00e9ration. Ces chaussettes de football techniques sont parfaites pour atteindre des performances maximales aussi bien \u00e0 l'entra\u00eenement qu'aux matchs.","robots":{"index":"index","follow":"follow","max-snippet":"max-snippet:-1","max-image-preview":"max-image-preview:large","max-video-preview":"max-video-preview:-1"},"canonical":"https:\/\/www.inverseteams.com\/fr\/produit\/chaussettes-techniques-sc80\/","og_locale":"fr_FR","og_type":"article","og_title":"Chaussettes techniques SC80-S | Inverseteams","og_description":"Disponible en 7 couleurs : Noir, Rouge, Bleu Navy, Bleu Royal, Blanc, Vert et Jaune. Ces bas techniques assurent la compression n\u00e9cessaire sans comprimer ni provoquer d'inconfort. Elles disposent \u00e9galement de renforts au niveau du cou-de-pied et de la cheville pour un confort total. La plante du pied est reli\u00e9e par un fil boucl\u00e9 qui garantit un meilleur amorti. 85% polyamide et 15% \u00e9lasthanne. Ils sont \u00e9lastiques et ont une grande capacit\u00e9 de r\u00e9cup\u00e9ration. Ces chaussettes de football techniques sont parfaites pour atteindre des performances maximales aussi bien \u00e0 l'entra\u00eenement qu'aux matchs.","og_url":"https:\/\/www.inverseteams.com\/fr\/produit\/chaussettes-techniques-sc80\/","og_site_name":"Inverseteams","article_publisher":"https:\/\/www.facebook.com\/inverseteams","article_modified_time":"2025-03-14T14:55:15+00:00","og_image":[{"width":1500,"height":1612,"url":"https:\/\/www.inverseteams.com\/wp-content\/uploads\/MEDIAS-TECNICAS-FUTBOL-SC80-1.jpg","type":"image\/jpeg"}],"twitter_card":"summary_large_image","twitter_misc":{"Dur\u00e9e de lecture estim\u00e9e":"1 minute"},"schema":{"@context":"https:\/\/schema.org","@graph":[{"@type":"WebPage","@id":"https:\/\/www.inverseteams.com\/fr\/produit\/chaussettes-techniques-sc80\/","url":"https:\/\/www.inverseteams.com\/fr\/produit\/chaussettes-techniques-sc80\/","name":"Chaussettes techniques SC80-S | Inverseteams","isPartOf":{"@id":"https:\/\/www.inverseteams.com\/fr\/#website"},"primaryImageOfPage":{"@id":"https:\/\/www.inverseteams.com\/fr\/produit\/chaussettes-techniques-sc80\/#primaryimage"},"image":{"@id":"https:\/\/www.inverseteams.com\/fr\/produit\/chaussettes-techniques-sc80\/#primaryimage"},"thumbnailUrl":"https:\/\/www.inverseteams.com\/wp-content\/uploads\/MEDIAS-TECNICAS-FUTBOL-SC80-1.jpg","datePublished":"2025-03-07T10:32:37+00:00","dateModified":"2025-03-14T14:55:15+00:00","description":"Disponible en 7 couleurs : Noir, Rouge, Bleu Navy, Bleu Royal, Blanc, Vert et Jaune. Ces bas techniques assurent la compression n\u00e9cessaire sans comprimer ni provoquer d'inconfort. Elles disposent \u00e9galement de renforts au niveau du cou-de-pied et de la cheville pour un confort total. La plante du pied est reli\u00e9e par un fil boucl\u00e9 qui garantit un meilleur amorti. 85% polyamide et 15% \u00e9lasthanne. Ils sont \u00e9lastiques et ont une grande capacit\u00e9 de r\u00e9cup\u00e9ration. Ces chaussettes de football techniques sont parfaites pour atteindre des performances maximales aussi bien \u00e0 l'entra\u00eenement qu'aux matchs.","breadcrumb":{"@id":"https:\/\/www.inverseteams.com\/fr\/produit\/chaussettes-techniques-sc80\/#breadcrumb"},"inLanguage":"fr-FR","potentialAction":[{"@type":"ReadAction","target":["https:\/\/www.inverseteams.com\/fr\/produit\/chaussettes-techniques-sc80\/"]}]},{"@type":"ImageObject","inLanguage":"fr-FR","@id":"https:\/\/www.inverseteams.com\/fr\/produit\/chaussettes-techniques-sc80\/#primaryimage","url":"https:\/\/www.inverseteams.com\/wp-content\/uploads\/MEDIAS-TECNICAS-FUTBOL-SC80-1.jpg","contentUrl":"https:\/\/www.inverseteams.com\/wp-content\/uploads\/MEDIAS-TECNICAS-FUTBOL-SC80-1.jpg","width":1500,"height":1612},{"@type":"BreadcrumbList","@id":"https:\/\/www.inverseteams.com\/fr\/produit\/chaussettes-techniques-sc80\/#breadcrumb","itemListElement":[{"@type":"ListItem","position":1,"name":"Portada","item":"https:\/\/www.inverseteams.com\/fr\/pagina-principal\/"},{"@type":"ListItem","position":2,"name":"Panier","item":"https:\/\/www.inverseteams.com\/fr\/panier\/"},{"@type":"ListItem","position":3,"name":"Chaussettes techniques SC80-S"}]},{"@type":"WebSite","@id":"https:\/\/www.inverseteams.com\/fr\/#website","url":"https:\/\/www.inverseteams.com\/fr\/","name":"Inverseteams","description":"Tu marca de ropa deportiva personalizada","publisher":{"@id":"https:\/\/www.inverseteams.com\/fr\/#organization"},"potentialAction":[{"@type":"SearchAction","target":{"@type":"EntryPoint","urlTemplate":"https:\/\/www.inverseteams.com\/fr\/?s={search_term_string}"},"query-input":{"@type":"PropertyValueSpecification","valueRequired":true,"valueName":"search_term_string"}}],"inLanguage":"fr-FR"},{"@type":"Organization","@id":"https:\/\/www.inverseteams.com\/fr\/#organization","name":"Inverse Teams","url":"https:\/\/www.inverseteams.com\/fr\/","logo":{"@type":"ImageObject","inLanguage":"fr-FR","@id":"https:\/\/www.inverseteams.com\/fr\/#\/schema\/logo\/image\/","url":"https:\/\/www.inverseteams.com\/wp-content\/uploads\/2021\/03\/logo-inverse-teams.png","contentUrl":"https:\/\/www.inverseteams.com\/wp-content\/uploads\/2021\/03\/logo-inverse-teams.png","width":294,"height":99,"caption":"Inverse Teams"},"image":{"@id":"https:\/\/www.inverseteams.com\/fr\/#\/schema\/logo\/image\/"},"sameAs":["https:\/\/www.facebook.com\/inverseteams","http:\/\/instagram.com\/inverseteams","https:\/\/www.linkedin.com\/company\/inverse-cirosport-s-l-?trk=job_view_topcard_company_name","http:\/\/www.pinterest.com\/inverseteams\/","http:\/\/www.youtube.com\/user\/inverseteams?feature=watch"]}]}},"_links":{"self":[{"href":"https:\/\/www.inverseteams.com\/fr\/wp-json\/wp\/v2\/product\/248077","targetHints":{"allow":["GET"]}}],"collection":[{"href":"https:\/\/www.inverseteams.com\/fr\/wp-json\/wp\/v2\/product"}],"about":[{"href":"https:\/\/www.inverseteams.com\/fr\/wp-json\/wp\/v2\/types\/product"}],"replies":[{"embeddable":true,"href":"https:\/\/www.inverseteams.com\/fr\/wp-json\/wp\/v2\/comments?post=248077"}],"wp:featuredmedia":[{"embeddable":true,"href":"https:\/\/www.inverseteams.com\/fr\/wp-json\/wp\/v2\/media\/247395"}],"wp:attachment":[{"href":"https:\/\/www.inverseteams.com\/fr\/wp-json\/wp\/v2\/media?parent=248077"}],"wp:term":[{"taxonomy":"product_brand","embeddable":true,"href":"https:\/\/www.inverseteams.com\/fr\/wp-json\/wp\/v2\/product_brand?post=248077"},{"taxonomy":"product_cat","embeddable":true,"href":"https:\/\/www.inverseteams.com\/fr\/wp-json\/wp\/v2\/product_cat?post=248077"},{"taxonomy":"product_tag","embeddable":true,"href":"https:\/\/www.inverseteams.com\/fr\/wp-json\/wp\/v2\/product_tag?post=248077"},{"taxonomy":"custom_category","embeddable":true,"href":"https:\/\/www.inverseteams.com\/fr\/wp-json\/wp\/v2\/custom_category?post=248077"},{"taxonomy":"range","embeddable":true,"href":"https:\/\/www.inverseteams.com\/fr\/wp-json\/wp\/v2\/range?post=248077"}],"curies":[{"name":"wp","href":"https:\/\/api.w.org\/{rel}","templated":true}]}}