{"id":248076,"date":"2025-03-07T08:16:25","date_gmt":"2025-03-07T10:32:37","guid":{"rendered":"https:\/\/www.inverseteams.com\/?post_type=product&#038;p=248076"},"modified":"2025-03-14T14:12:25","modified_gmt":"2025-03-14T14:12:25","slug":"pantalon-survetement-gratte-sc66","status":"publish","type":"product","link":"https:\/\/www.inverseteams.com\/fr\/produit\/pantalon-survetement-gratte-sc66\/","title":{"rendered":"Pantalon surv\u00eatement gratt\u00e9 SC66-S"},"content":{"rendered":"<p>Face avant 100% personnalisable avec la technique de sublimation. Cela garantit une r\u00e9sistance des couleurs et une durabilit\u00e9 in\u00e9gal\u00e9es. Les encres utilis\u00e9es pour la sublimation sont \u00e9cologiques, elles sont conformes \u00e0 la norme OEKO-TEX\u00ae ECO PASSPORT qui certifie qu&rsquo;elles sont respectueuses de l&rsquo;environnement et sans danger pour la sant\u00e9. Le reste est disponible en 4 coloris : Noir, Rouge, Bleu Navy et Bleu Royal.<br \/>\nCe pantalon de surv\u00eatement poss\u00e8de 2 poches lat\u00e9rales zipp\u00e9es, o\u00f9 vous pouvez ranger ce que vous voulez sans craindre de le perdre. La ceinture \u00e9lastique s&rsquo;adapte tr\u00e8s bien au corps sans g\u00eane et comprend \u00e9galement un cordon de serrage pour ajuster la coupe \u00e0 votre guise.<br \/>\nLes bas sont finis avec une c\u00f4te 1&#215;1. Le tissu technique bross\u00e9 garantit un bon maintien de la chaleur corporelle.<br \/>\nCe sont des pantalons parfaits \u00e0 porter au quotidien et pour vous prot\u00e9ger du froid.<\/p>\n","protected":false},"excerpt":{"rendered":"<p>Face avant 100% personnalisable avec la technique de sublimation. Cela garantit une r\u00e9sistance des couleurs et une durabilit\u00e9 in\u00e9gal\u00e9es. Les encres utilis\u00e9es pour la sublimation sont \u00e9cologiques, elles sont conformes \u00e0 la norme OEKO-TEX\u00ae ECO PASSPORT qui certifie qu&rsquo;elles sont respectueuses de l&rsquo;environnement et sans danger pour la sant\u00e9. Le reste est disponible en 4 coloris : Noir, Rouge, Bleu Navy et Bleu Royal.<br \/>\nCe pantalon de surv\u00eatement poss\u00e8de 2 poches lat\u00e9rales zipp\u00e9es, o\u00f9 vous pouvez ranger ce que vous voulez sans craindre de le perdre. La ceinture \u00e9lastique s&rsquo;adapte tr\u00e8s bien au corps sans g\u00eane et comprend \u00e9galement un cordon de serrage pour ajuster la coupe \u00e0 votre guise.<br \/>\nLes bas sont finis avec une c\u00f4te 1&#215;1. Le tissu technique bross\u00e9 garantit un bon maintien de la chaleur corporelle.<br \/>\nCe sont des pantalons parfaits \u00e0 porter au quotidien et pour vous prot\u00e9ger du froid.<\/p>\n","protected":false},"featured_media":247685,"comment_status":"closed","ping_status":"closed","template":"","meta":{"_acf_changed":false},"product_brand":[],"product_cat":[8305],"product_tag":[],"custom_category":[15160,15163],"range":[15145],"class_list":{"0":"post-248076","1":"product","2":"type-product","3":"status-publish","4":"has-post-thumbnail","6":"product_cat-uncategorized-fr","7":"pa_climatologia-vent-fr","8":"pa_climatologia-froid","9":"pa_climatologia-temperature-chaude","10":"pa_genero-homme","11":"pa_genero-femme","12":"pa_genero-infantile-fr","13":"pa_patronaje-regular-fr","14":"pa_tipo-de-prenda-survetement","15":"custom_category-sport-dequipe","16":"custom_category-football-fr","17":"range-travel","19":"first","20":"instock","21":"product-type-custom"},"acf":[],"yoast_head":"<!-- This site is optimized with the Yoast SEO plugin v27.3 - https:\/\/yoast.com\/product\/yoast-seo-wordpress\/ -->\n<title>Pantalon surv\u00eatement gratt\u00e9 SC66-S | Inverseteams<\/title>\n<meta name=\"description\" content=\"Face avant 100% personnalisable avec la technique de sublimation. Cela garantit une r\u00e9sistance des couleurs et une durabilit\u00e9 in\u00e9gal\u00e9es. Les encres utilis\u00e9es pour la sublimation sont \u00e9cologiques, elles sont conformes \u00e0 la norme OEKO-TEX\u00ae ECO PASSPORT qui certifie qu&#039;elles sont respectueuses de l&#039;environnement et sans danger pour la sant\u00e9. Le reste est disponible en 4 coloris : Noir, Rouge, Bleu Navy et Bleu Royal. Ce pantalon de surv\u00eatement poss\u00e8de 2 poches lat\u00e9rales zipp\u00e9es, o\u00f9 vous pouvez ranger ce que vous voulez sans craindre de le perdre. La ceinture \u00e9lastique s&#039;adapte tr\u00e8s bien au corps sans g\u00eane et comprend \u00e9galement un cordon de serrage pour ajuster la coupe \u00e0 votre guise. Les bas sont finis avec une c\u00f4te 1x1. Le tissu technique bross\u00e9 garantit un bon maintien de la chaleur corporelle. Ce sont des pantalons parfaits \u00e0 porter au quotidien et pour vous prot\u00e9ger du froid.\" \/>\n<meta name=\"robots\" content=\"index, follow, max-snippet:-1, max-image-preview:large, max-video-preview:-1\" \/>\n<link rel=\"canonical\" href=\"https:\/\/www.inverseteams.com\/fr\/produit\/pantalon-survetement-gratte-sc66\/\" \/>\n<meta property=\"og:locale\" content=\"fr_FR\" \/>\n<meta property=\"og:type\" content=\"article\" \/>\n<meta property=\"og:title\" content=\"Pantalon surv\u00eatement gratt\u00e9 SC66-S | Inverseteams\" \/>\n<meta property=\"og:description\" content=\"Face avant 100% personnalisable avec la technique de sublimation. Cela garantit une r\u00e9sistance des couleurs et une durabilit\u00e9 in\u00e9gal\u00e9es. Les encres utilis\u00e9es pour la sublimation sont \u00e9cologiques, elles sont conformes \u00e0 la norme OEKO-TEX\u00ae ECO PASSPORT qui certifie qu&#039;elles sont respectueuses de l&#039;environnement et sans danger pour la sant\u00e9. Le reste est disponible en 4 coloris : Noir, Rouge, Bleu Navy et Bleu Royal. Ce pantalon de surv\u00eatement poss\u00e8de 2 poches lat\u00e9rales zipp\u00e9es, o\u00f9 vous pouvez ranger ce que vous voulez sans craindre de le perdre. La ceinture \u00e9lastique s&#039;adapte tr\u00e8s bien au corps sans g\u00eane et comprend \u00e9galement un cordon de serrage pour ajuster la coupe \u00e0 votre guise. Les bas sont finis avec une c\u00f4te 1x1. Le tissu technique bross\u00e9 garantit un bon maintien de la chaleur corporelle. Ce sont des pantalons parfaits \u00e0 porter au quotidien et pour vous prot\u00e9ger du froid.\" \/>\n<meta property=\"og:url\" content=\"https:\/\/www.inverseteams.com\/fr\/produit\/pantalon-survetement-gratte-sc66\/\" \/>\n<meta property=\"og:site_name\" content=\"Inverseteams\" \/>\n<meta property=\"article:publisher\" content=\"https:\/\/www.facebook.com\/inverseteams\" \/>\n<meta property=\"article:modified_time\" content=\"2025-03-14T14:12:25+00:00\" \/>\n<meta property=\"og:image\" content=\"https:\/\/www.inverseteams.com\/wp-content\/uploads\/PANTALON-CHANDAL-PERCHADO-FUTBOL-SC66-1.jpg\" \/>\n\t<meta property=\"og:image:width\" content=\"1500\" \/>\n\t<meta property=\"og:image:height\" content=\"1612\" \/>\n\t<meta property=\"og:image:type\" content=\"image\/jpeg\" \/>\n<meta name=\"twitter:card\" content=\"summary_large_image\" \/>\n<meta name=\"twitter:label1\" content=\"Dur\u00e9e de lecture estim\u00e9e\" \/>\n\t<meta name=\"twitter:data1\" content=\"1 minute\" \/>\n<script type=\"application\/ld+json\" class=\"yoast-schema-graph\">{\"@context\":\"https:\\\/\\\/schema.org\",\"@graph\":[{\"@type\":\"WebPage\",\"@id\":\"https:\\\/\\\/www.inverseteams.com\\\/fr\\\/produit\\\/pantalon-survetement-gratte-sc66\\\/\",\"url\":\"https:\\\/\\\/www.inverseteams.com\\\/fr\\\/produit\\\/pantalon-survetement-gratte-sc66\\\/\",\"name\":\"Pantalon surv\u00eatement gratt\u00e9 SC66-S | Inverseteams\",\"isPartOf\":{\"@id\":\"https:\\\/\\\/www.inverseteams.com\\\/fr\\\/#website\"},\"primaryImageOfPage\":{\"@id\":\"https:\\\/\\\/www.inverseteams.com\\\/fr\\\/produit\\\/pantalon-survetement-gratte-sc66\\\/#primaryimage\"},\"image\":{\"@id\":\"https:\\\/\\\/www.inverseteams.com\\\/fr\\\/produit\\\/pantalon-survetement-gratte-sc66\\\/#primaryimage\"},\"thumbnailUrl\":\"https:\\\/\\\/www.inverseteams.com\\\/wp-content\\\/uploads\\\/PANTALON-CHANDAL-PERCHADO-FUTBOL-SC66-1.jpg\",\"datePublished\":\"2025-03-07T10:32:37+00:00\",\"dateModified\":\"2025-03-14T14:12:25+00:00\",\"description\":\"Face avant 100% personnalisable avec la technique de sublimation. Cela garantit une r\u00e9sistance des couleurs et une durabilit\u00e9 in\u00e9gal\u00e9es. Les encres utilis\u00e9es pour la sublimation sont \u00e9cologiques, elles sont conformes \u00e0 la norme OEKO-TEX\u00ae ECO PASSPORT qui certifie qu'elles sont respectueuses de l'environnement et sans danger pour la sant\u00e9. Le reste est disponible en 4 coloris : Noir, Rouge, Bleu Navy et Bleu Royal. Ce pantalon de surv\u00eatement poss\u00e8de 2 poches lat\u00e9rales zipp\u00e9es, o\u00f9 vous pouvez ranger ce que vous voulez sans craindre de le perdre. La ceinture \u00e9lastique s'adapte tr\u00e8s bien au corps sans g\u00eane et comprend \u00e9galement un cordon de serrage pour ajuster la coupe \u00e0 votre guise. Les bas sont finis avec une c\u00f4te 1x1. Le tissu technique bross\u00e9 garantit un bon maintien de la chaleur corporelle. Ce sont des pantalons parfaits \u00e0 porter au quotidien et pour vous prot\u00e9ger du froid.\",\"breadcrumb\":{\"@id\":\"https:\\\/\\\/www.inverseteams.com\\\/fr\\\/produit\\\/pantalon-survetement-gratte-sc66\\\/#breadcrumb\"},\"inLanguage\":\"fr-FR\",\"potentialAction\":[{\"@type\":\"ReadAction\",\"target\":[\"https:\\\/\\\/www.inverseteams.com\\\/fr\\\/produit\\\/pantalon-survetement-gratte-sc66\\\/\"]}]},{\"@type\":\"ImageObject\",\"inLanguage\":\"fr-FR\",\"@id\":\"https:\\\/\\\/www.inverseteams.com\\\/fr\\\/produit\\\/pantalon-survetement-gratte-sc66\\\/#primaryimage\",\"url\":\"https:\\\/\\\/www.inverseteams.com\\\/wp-content\\\/uploads\\\/PANTALON-CHANDAL-PERCHADO-FUTBOL-SC66-1.jpg\",\"contentUrl\":\"https:\\\/\\\/www.inverseteams.com\\\/wp-content\\\/uploads\\\/PANTALON-CHANDAL-PERCHADO-FUTBOL-SC66-1.jpg\",\"width\":1500,\"height\":1612},{\"@type\":\"BreadcrumbList\",\"@id\":\"https:\\\/\\\/www.inverseteams.com\\\/fr\\\/produit\\\/pantalon-survetement-gratte-sc66\\\/#breadcrumb\",\"itemListElement\":[{\"@type\":\"ListItem\",\"position\":1,\"name\":\"Portada\",\"item\":\"https:\\\/\\\/www.inverseteams.com\\\/fr\\\/pagina-principal\\\/\"},{\"@type\":\"ListItem\",\"position\":2,\"name\":\"Panier\",\"item\":\"https:\\\/\\\/www.inverseteams.com\\\/fr\\\/panier\\\/\"},{\"@type\":\"ListItem\",\"position\":3,\"name\":\"Pantalon surv\u00eatement gratt\u00e9 SC66-S\"}]},{\"@type\":\"WebSite\",\"@id\":\"https:\\\/\\\/www.inverseteams.com\\\/fr\\\/#website\",\"url\":\"https:\\\/\\\/www.inverseteams.com\\\/fr\\\/\",\"name\":\"Inverseteams\",\"description\":\"Tu marca de ropa deportiva personalizada\",\"publisher\":{\"@id\":\"https:\\\/\\\/www.inverseteams.com\\\/fr\\\/#organization\"},\"potentialAction\":[{\"@type\":\"SearchAction\",\"target\":{\"@type\":\"EntryPoint\",\"urlTemplate\":\"https:\\\/\\\/www.inverseteams.com\\\/fr\\\/?s={search_term_string}\"},\"query-input\":{\"@type\":\"PropertyValueSpecification\",\"valueRequired\":true,\"valueName\":\"search_term_string\"}}],\"inLanguage\":\"fr-FR\"},{\"@type\":\"Organization\",\"@id\":\"https:\\\/\\\/www.inverseteams.com\\\/fr\\\/#organization\",\"name\":\"Inverse Teams\",\"url\":\"https:\\\/\\\/www.inverseteams.com\\\/fr\\\/\",\"logo\":{\"@type\":\"ImageObject\",\"inLanguage\":\"fr-FR\",\"@id\":\"https:\\\/\\\/www.inverseteams.com\\\/fr\\\/#\\\/schema\\\/logo\\\/image\\\/\",\"url\":\"https:\\\/\\\/www.inverseteams.com\\\/wp-content\\\/uploads\\\/2021\\\/03\\\/logo-inverse-teams.png\",\"contentUrl\":\"https:\\\/\\\/www.inverseteams.com\\\/wp-content\\\/uploads\\\/2021\\\/03\\\/logo-inverse-teams.png\",\"width\":294,\"height\":99,\"caption\":\"Inverse Teams\"},\"image\":{\"@id\":\"https:\\\/\\\/www.inverseteams.com\\\/fr\\\/#\\\/schema\\\/logo\\\/image\\\/\"},\"sameAs\":[\"https:\\\/\\\/www.facebook.com\\\/inverseteams\",\"http:\\\/\\\/instagram.com\\\/inverseteams\",\"https:\\\/\\\/www.linkedin.com\\\/company\\\/inverse-cirosport-s-l-?trk=job_view_topcard_company_name\",\"http:\\\/\\\/www.pinterest.com\\\/inverseteams\\\/\",\"http:\\\/\\\/www.youtube.com\\\/user\\\/inverseteams?feature=watch\"]}]}<\/script>\n<!-- \/ Yoast SEO plugin. -->","yoast_head_json":{"title":"Pantalon surv\u00eatement gratt\u00e9 SC66-S | Inverseteams","description":"Face avant 100% personnalisable avec la technique de sublimation. Cela garantit une r\u00e9sistance des couleurs et une durabilit\u00e9 in\u00e9gal\u00e9es. Les encres utilis\u00e9es pour la sublimation sont \u00e9cologiques, elles sont conformes \u00e0 la norme OEKO-TEX\u00ae ECO PASSPORT qui certifie qu'elles sont respectueuses de l'environnement et sans danger pour la sant\u00e9. Le reste est disponible en 4 coloris : Noir, Rouge, Bleu Navy et Bleu Royal. Ce pantalon de surv\u00eatement poss\u00e8de 2 poches lat\u00e9rales zipp\u00e9es, o\u00f9 vous pouvez ranger ce que vous voulez sans craindre de le perdre. La ceinture \u00e9lastique s'adapte tr\u00e8s bien au corps sans g\u00eane et comprend \u00e9galement un cordon de serrage pour ajuster la coupe \u00e0 votre guise. Les bas sont finis avec une c\u00f4te 1x1. Le tissu technique bross\u00e9 garantit un bon maintien de la chaleur corporelle. Ce sont des pantalons parfaits \u00e0 porter au quotidien et pour vous prot\u00e9ger du froid.","robots":{"index":"index","follow":"follow","max-snippet":"max-snippet:-1","max-image-preview":"max-image-preview:large","max-video-preview":"max-video-preview:-1"},"canonical":"https:\/\/www.inverseteams.com\/fr\/produit\/pantalon-survetement-gratte-sc66\/","og_locale":"fr_FR","og_type":"article","og_title":"Pantalon surv\u00eatement gratt\u00e9 SC66-S | Inverseteams","og_description":"Face avant 100% personnalisable avec la technique de sublimation. Cela garantit une r\u00e9sistance des couleurs et une durabilit\u00e9 in\u00e9gal\u00e9es. Les encres utilis\u00e9es pour la sublimation sont \u00e9cologiques, elles sont conformes \u00e0 la norme OEKO-TEX\u00ae ECO PASSPORT qui certifie qu'elles sont respectueuses de l'environnement et sans danger pour la sant\u00e9. Le reste est disponible en 4 coloris : Noir, Rouge, Bleu Navy et Bleu Royal. Ce pantalon de surv\u00eatement poss\u00e8de 2 poches lat\u00e9rales zipp\u00e9es, o\u00f9 vous pouvez ranger ce que vous voulez sans craindre de le perdre. La ceinture \u00e9lastique s'adapte tr\u00e8s bien au corps sans g\u00eane et comprend \u00e9galement un cordon de serrage pour ajuster la coupe \u00e0 votre guise. Les bas sont finis avec une c\u00f4te 1x1. Le tissu technique bross\u00e9 garantit un bon maintien de la chaleur corporelle. Ce sont des pantalons parfaits \u00e0 porter au quotidien et pour vous prot\u00e9ger du froid.","og_url":"https:\/\/www.inverseteams.com\/fr\/produit\/pantalon-survetement-gratte-sc66\/","og_site_name":"Inverseteams","article_publisher":"https:\/\/www.facebook.com\/inverseteams","article_modified_time":"2025-03-14T14:12:25+00:00","og_image":[{"width":1500,"height":1612,"url":"https:\/\/www.inverseteams.com\/wp-content\/uploads\/PANTALON-CHANDAL-PERCHADO-FUTBOL-SC66-1.jpg","type":"image\/jpeg"}],"twitter_card":"summary_large_image","twitter_misc":{"Dur\u00e9e de lecture estim\u00e9e":"1 minute"},"schema":{"@context":"https:\/\/schema.org","@graph":[{"@type":"WebPage","@id":"https:\/\/www.inverseteams.com\/fr\/produit\/pantalon-survetement-gratte-sc66\/","url":"https:\/\/www.inverseteams.com\/fr\/produit\/pantalon-survetement-gratte-sc66\/","name":"Pantalon surv\u00eatement gratt\u00e9 SC66-S | Inverseteams","isPartOf":{"@id":"https:\/\/www.inverseteams.com\/fr\/#website"},"primaryImageOfPage":{"@id":"https:\/\/www.inverseteams.com\/fr\/produit\/pantalon-survetement-gratte-sc66\/#primaryimage"},"image":{"@id":"https:\/\/www.inverseteams.com\/fr\/produit\/pantalon-survetement-gratte-sc66\/#primaryimage"},"thumbnailUrl":"https:\/\/www.inverseteams.com\/wp-content\/uploads\/PANTALON-CHANDAL-PERCHADO-FUTBOL-SC66-1.jpg","datePublished":"2025-03-07T10:32:37+00:00","dateModified":"2025-03-14T14:12:25+00:00","description":"Face avant 100% personnalisable avec la technique de sublimation. Cela garantit une r\u00e9sistance des couleurs et une durabilit\u00e9 in\u00e9gal\u00e9es. Les encres utilis\u00e9es pour la sublimation sont \u00e9cologiques, elles sont conformes \u00e0 la norme OEKO-TEX\u00ae ECO PASSPORT qui certifie qu'elles sont respectueuses de l'environnement et sans danger pour la sant\u00e9. Le reste est disponible en 4 coloris : Noir, Rouge, Bleu Navy et Bleu Royal. Ce pantalon de surv\u00eatement poss\u00e8de 2 poches lat\u00e9rales zipp\u00e9es, o\u00f9 vous pouvez ranger ce que vous voulez sans craindre de le perdre. La ceinture \u00e9lastique s'adapte tr\u00e8s bien au corps sans g\u00eane et comprend \u00e9galement un cordon de serrage pour ajuster la coupe \u00e0 votre guise. Les bas sont finis avec une c\u00f4te 1x1. Le tissu technique bross\u00e9 garantit un bon maintien de la chaleur corporelle. Ce sont des pantalons parfaits \u00e0 porter au quotidien et pour vous prot\u00e9ger du froid.","breadcrumb":{"@id":"https:\/\/www.inverseteams.com\/fr\/produit\/pantalon-survetement-gratte-sc66\/#breadcrumb"},"inLanguage":"fr-FR","potentialAction":[{"@type":"ReadAction","target":["https:\/\/www.inverseteams.com\/fr\/produit\/pantalon-survetement-gratte-sc66\/"]}]},{"@type":"ImageObject","inLanguage":"fr-FR","@id":"https:\/\/www.inverseteams.com\/fr\/produit\/pantalon-survetement-gratte-sc66\/#primaryimage","url":"https:\/\/www.inverseteams.com\/wp-content\/uploads\/PANTALON-CHANDAL-PERCHADO-FUTBOL-SC66-1.jpg","contentUrl":"https:\/\/www.inverseteams.com\/wp-content\/uploads\/PANTALON-CHANDAL-PERCHADO-FUTBOL-SC66-1.jpg","width":1500,"height":1612},{"@type":"BreadcrumbList","@id":"https:\/\/www.inverseteams.com\/fr\/produit\/pantalon-survetement-gratte-sc66\/#breadcrumb","itemListElement":[{"@type":"ListItem","position":1,"name":"Portada","item":"https:\/\/www.inverseteams.com\/fr\/pagina-principal\/"},{"@type":"ListItem","position":2,"name":"Panier","item":"https:\/\/www.inverseteams.com\/fr\/panier\/"},{"@type":"ListItem","position":3,"name":"Pantalon surv\u00eatement gratt\u00e9 SC66-S"}]},{"@type":"WebSite","@id":"https:\/\/www.inverseteams.com\/fr\/#website","url":"https:\/\/www.inverseteams.com\/fr\/","name":"Inverseteams","description":"Tu marca de ropa deportiva personalizada","publisher":{"@id":"https:\/\/www.inverseteams.com\/fr\/#organization"},"potentialAction":[{"@type":"SearchAction","target":{"@type":"EntryPoint","urlTemplate":"https:\/\/www.inverseteams.com\/fr\/?s={search_term_string}"},"query-input":{"@type":"PropertyValueSpecification","valueRequired":true,"valueName":"search_term_string"}}],"inLanguage":"fr-FR"},{"@type":"Organization","@id":"https:\/\/www.inverseteams.com\/fr\/#organization","name":"Inverse Teams","url":"https:\/\/www.inverseteams.com\/fr\/","logo":{"@type":"ImageObject","inLanguage":"fr-FR","@id":"https:\/\/www.inverseteams.com\/fr\/#\/schema\/logo\/image\/","url":"https:\/\/www.inverseteams.com\/wp-content\/uploads\/2021\/03\/logo-inverse-teams.png","contentUrl":"https:\/\/www.inverseteams.com\/wp-content\/uploads\/2021\/03\/logo-inverse-teams.png","width":294,"height":99,"caption":"Inverse Teams"},"image":{"@id":"https:\/\/www.inverseteams.com\/fr\/#\/schema\/logo\/image\/"},"sameAs":["https:\/\/www.facebook.com\/inverseteams","http:\/\/instagram.com\/inverseteams","https:\/\/www.linkedin.com\/company\/inverse-cirosport-s-l-?trk=job_view_topcard_company_name","http:\/\/www.pinterest.com\/inverseteams\/","http:\/\/www.youtube.com\/user\/inverseteams?feature=watch"]}]}},"_links":{"self":[{"href":"https:\/\/www.inverseteams.com\/fr\/wp-json\/wp\/v2\/product\/248076","targetHints":{"allow":["GET"]}}],"collection":[{"href":"https:\/\/www.inverseteams.com\/fr\/wp-json\/wp\/v2\/product"}],"about":[{"href":"https:\/\/www.inverseteams.com\/fr\/wp-json\/wp\/v2\/types\/product"}],"replies":[{"embeddable":true,"href":"https:\/\/www.inverseteams.com\/fr\/wp-json\/wp\/v2\/comments?post=248076"}],"wp:featuredmedia":[{"embeddable":true,"href":"https:\/\/www.inverseteams.com\/fr\/wp-json\/wp\/v2\/media\/247685"}],"wp:attachment":[{"href":"https:\/\/www.inverseteams.com\/fr\/wp-json\/wp\/v2\/media?parent=248076"}],"wp:term":[{"taxonomy":"product_brand","embeddable":true,"href":"https:\/\/www.inverseteams.com\/fr\/wp-json\/wp\/v2\/product_brand?post=248076"},{"taxonomy":"product_cat","embeddable":true,"href":"https:\/\/www.inverseteams.com\/fr\/wp-json\/wp\/v2\/product_cat?post=248076"},{"taxonomy":"product_tag","embeddable":true,"href":"https:\/\/www.inverseteams.com\/fr\/wp-json\/wp\/v2\/product_tag?post=248076"},{"taxonomy":"custom_category","embeddable":true,"href":"https:\/\/www.inverseteams.com\/fr\/wp-json\/wp\/v2\/custom_category?post=248076"},{"taxonomy":"range","embeddable":true,"href":"https:\/\/www.inverseteams.com\/fr\/wp-json\/wp\/v2\/range?post=248076"}],"curies":[{"name":"wp","href":"https:\/\/api.w.org\/{rel}","templated":true}]}}