{"id":248063,"date":"2025-06-23T06:36:22","date_gmt":"2025-03-07T10:28:51","guid":{"rendered":"https:\/\/www.inverseteams.com\/?post_type=product&#038;p=248063"},"modified":"2025-03-14T15:11:18","modified_gmt":"2025-03-14T15:11:18","slug":"sweat-technique-sc70","status":"publish","type":"product","link":"https:\/\/www.inverseteams.com\/fr\/produit\/sweat-technique-sc70\/","title":{"rendered":"Sweat technique SC70-C"},"content":{"rendered":"<p>Disponible en 6 couleurs : Noir, Blanc, Rouge, Bleu Marine, Bleu Roi et Vert. Le blason du club est imprim\u00e9 en DTF.<br \/>\nC&rsquo;est un sweat-shirt technique parfait pour les sports de plein air. Sa doublure int\u00e9rieure maintiendra la temp\u00e9rature corporelle. Le tissu technique dont il est compos\u00e9 acc\u00e9l\u00e8re l&rsquo;expulsion de la sueur vers l&rsquo;ext\u00e9rieur, aidant \u00e0 garder la peau s\u00e8che tout au long de l&rsquo;exercice.<br \/>\nSur la poitrine se trouve une courte fermeture \u00e9clair pour r\u00e9guler la ventilation et les poignets des manches sont finis avec une c\u00f4te 1&#215;1. Ils s&rsquo;adaptent tr\u00e8s bien au bras sans aucune pression.<br \/>\nLe motif du sweat-shirt et l&rsquo;\u00e9lasticit\u00e9 du tissu vous permettront une grande libert\u00e9 de mouvements.<\/p>\n","protected":false},"excerpt":{"rendered":"<p>Disponible en 6 couleurs : Noir, Blanc, Rouge, Bleu Marine, Bleu Roi et Vert. Le blason du club est imprim\u00e9 en DTF.<br \/>\nC&rsquo;est un sweat-shirt technique parfait pour les sports de plein air. Sa doublure int\u00e9rieure maintiendra la temp\u00e9rature corporelle. Le tissu technique dont il est compos\u00e9 acc\u00e9l\u00e8re l&rsquo;expulsion de la sueur vers l&rsquo;ext\u00e9rieur, aidant \u00e0 garder la peau s\u00e8che tout au long de l&rsquo;exercice.<br \/>\nSur la poitrine se trouve une courte fermeture \u00e9clair pour r\u00e9guler la ventilation et les poignets des manches sont finis avec une c\u00f4te 1&#215;1. Ils s&rsquo;adaptent tr\u00e8s bien au bras sans aucune pression.<br \/>\nLe motif du sweat-shirt et l&rsquo;\u00e9lasticit\u00e9 du tissu vous permettront une grande libert\u00e9 de mouvements.<\/p>\n","protected":false},"featured_media":247129,"comment_status":"closed","ping_status":"closed","template":"","meta":{"_acf_changed":false},"product_brand":[],"product_cat":[8305],"product_tag":[],"custom_category":[15160,15163],"range":[15140],"class_list":{"0":"post-248063","1":"product","2":"type-product","3":"status-publish","4":"has-post-thumbnail","6":"product_cat-uncategorized-fr","7":"pa_climatologia-froid","8":"pa_climatologia-temperature-chaude","9":"pa_climatologia-vent-fr","10":"pa_deporte-football-fr","11":"pa_genero-infantile-fr","12":"pa_genero-unisexe","13":"pa_patronaje-regular-fr","14":"pa_tipo-de-prenda-sweat","15":"custom_category-sport-dequipe","16":"custom_category-football-fr","17":"range-entrainement","19":"first","20":"instock","21":"product-type-custom"},"acf":[],"yoast_head":"<!-- This site is optimized with the Yoast SEO plugin v27.5 - https:\/\/yoast.com\/product\/yoast-seo-wordpress\/ -->\n<title>Sweat technique SC70-C | Inverseteams<\/title>\n<meta name=\"description\" content=\"Disponible en 6 couleurs : Noir, Blanc, Rouge, Bleu Marine, Bleu Roi et Vert. Le blason du club est imprim\u00e9 en DTF. C&#039;est un sweat-shirt technique parfait pour les sports de plein air. Sa doublure int\u00e9rieure maintiendra la temp\u00e9rature corporelle. Le tissu technique dont il est compos\u00e9 acc\u00e9l\u00e8re l&#039;expulsion de la sueur vers l&#039;ext\u00e9rieur, aidant \u00e0 garder la peau s\u00e8che tout au long de l&#039;exercice. Sur la poitrine se trouve une courte fermeture \u00e9clair pour r\u00e9guler la ventilation et les poignets des manches sont finis avec une c\u00f4te 1x1. Ils s&#039;adaptent tr\u00e8s bien au bras sans aucune pression. Le motif du sweat-shirt et l&#039;\u00e9lasticit\u00e9 du tissu vous permettront une grande libert\u00e9 de mouvements.\" \/>\n<meta name=\"robots\" content=\"index, follow, max-snippet:-1, max-image-preview:large, max-video-preview:-1\" \/>\n<link rel=\"canonical\" href=\"https:\/\/www.inverseteams.com\/fr\/produit\/sweat-technique-sc70\/\" \/>\n<meta property=\"og:locale\" content=\"fr_FR\" \/>\n<meta property=\"og:type\" content=\"article\" \/>\n<meta property=\"og:title\" content=\"Sweat technique SC70-C | Inverseteams\" \/>\n<meta property=\"og:description\" content=\"Disponible en 6 couleurs : Noir, Blanc, Rouge, Bleu Marine, Bleu Roi et Vert. Le blason du club est imprim\u00e9 en DTF. C&#039;est un sweat-shirt technique parfait pour les sports de plein air. Sa doublure int\u00e9rieure maintiendra la temp\u00e9rature corporelle. Le tissu technique dont il est compos\u00e9 acc\u00e9l\u00e8re l&#039;expulsion de la sueur vers l&#039;ext\u00e9rieur, aidant \u00e0 garder la peau s\u00e8che tout au long de l&#039;exercice. Sur la poitrine se trouve une courte fermeture \u00e9clair pour r\u00e9guler la ventilation et les poignets des manches sont finis avec une c\u00f4te 1x1. Ils s&#039;adaptent tr\u00e8s bien au bras sans aucune pression. Le motif du sweat-shirt et l&#039;\u00e9lasticit\u00e9 du tissu vous permettront une grande libert\u00e9 de mouvements.\" \/>\n<meta property=\"og:url\" content=\"https:\/\/www.inverseteams.com\/fr\/produit\/sweat-technique-sc70\/\" \/>\n<meta property=\"og:site_name\" content=\"Inverseteams\" \/>\n<meta property=\"article:publisher\" content=\"https:\/\/www.facebook.com\/inverseteams\" \/>\n<meta property=\"article:modified_time\" content=\"2025-03-14T15:11:18+00:00\" \/>\n<meta property=\"og:image\" content=\"https:\/\/www.inverseteams.com\/wp-content\/uploads\/SUDADERA-TECNICA-FUTBOL-SC70-1.jpg\" \/>\n\t<meta property=\"og:image:width\" content=\"1500\" \/>\n\t<meta property=\"og:image:height\" content=\"1612\" \/>\n\t<meta property=\"og:image:type\" content=\"image\/jpeg\" \/>\n<meta name=\"twitter:card\" content=\"summary_large_image\" \/>\n<meta name=\"twitter:label1\" content=\"Dur\u00e9e de lecture estim\u00e9e\" \/>\n\t<meta name=\"twitter:data1\" content=\"1 minute\" \/>\n<script type=\"application\/ld+json\" class=\"yoast-schema-graph\">{\"@context\":\"https:\\\/\\\/schema.org\",\"@graph\":[{\"@type\":\"WebPage\",\"@id\":\"https:\\\/\\\/www.inverseteams.com\\\/fr\\\/produit\\\/sweat-technique-sc70\\\/\",\"url\":\"https:\\\/\\\/www.inverseteams.com\\\/fr\\\/produit\\\/sweat-technique-sc70\\\/\",\"name\":\"Sweat technique SC70-C | Inverseteams\",\"isPartOf\":{\"@id\":\"https:\\\/\\\/www.inverseteams.com\\\/fr\\\/#website\"},\"primaryImageOfPage\":{\"@id\":\"https:\\\/\\\/www.inverseteams.com\\\/fr\\\/produit\\\/sweat-technique-sc70\\\/#primaryimage\"},\"image\":{\"@id\":\"https:\\\/\\\/www.inverseteams.com\\\/fr\\\/produit\\\/sweat-technique-sc70\\\/#primaryimage\"},\"thumbnailUrl\":\"https:\\\/\\\/www.inverseteams.com\\\/wp-content\\\/uploads\\\/SUDADERA-TECNICA-FUTBOL-SC70-1.jpg\",\"datePublished\":\"2025-03-07T10:28:51+00:00\",\"dateModified\":\"2025-03-14T15:11:18+00:00\",\"description\":\"Disponible en 6 couleurs : Noir, Blanc, Rouge, Bleu Marine, Bleu Roi et Vert. Le blason du club est imprim\u00e9 en DTF. C'est un sweat-shirt technique parfait pour les sports de plein air. Sa doublure int\u00e9rieure maintiendra la temp\u00e9rature corporelle. Le tissu technique dont il est compos\u00e9 acc\u00e9l\u00e8re l'expulsion de la sueur vers l'ext\u00e9rieur, aidant \u00e0 garder la peau s\u00e8che tout au long de l'exercice. Sur la poitrine se trouve une courte fermeture \u00e9clair pour r\u00e9guler la ventilation et les poignets des manches sont finis avec une c\u00f4te 1x1. Ils s'adaptent tr\u00e8s bien au bras sans aucune pression. Le motif du sweat-shirt et l'\u00e9lasticit\u00e9 du tissu vous permettront une grande libert\u00e9 de mouvements.\",\"breadcrumb\":{\"@id\":\"https:\\\/\\\/www.inverseteams.com\\\/fr\\\/produit\\\/sweat-technique-sc70\\\/#breadcrumb\"},\"inLanguage\":\"fr-FR\",\"potentialAction\":[{\"@type\":\"ReadAction\",\"target\":[\"https:\\\/\\\/www.inverseteams.com\\\/fr\\\/produit\\\/sweat-technique-sc70\\\/\"]}]},{\"@type\":\"ImageObject\",\"inLanguage\":\"fr-FR\",\"@id\":\"https:\\\/\\\/www.inverseteams.com\\\/fr\\\/produit\\\/sweat-technique-sc70\\\/#primaryimage\",\"url\":\"https:\\\/\\\/www.inverseteams.com\\\/wp-content\\\/uploads\\\/SUDADERA-TECNICA-FUTBOL-SC70-1.jpg\",\"contentUrl\":\"https:\\\/\\\/www.inverseteams.com\\\/wp-content\\\/uploads\\\/SUDADERA-TECNICA-FUTBOL-SC70-1.jpg\",\"width\":1500,\"height\":1612},{\"@type\":\"BreadcrumbList\",\"@id\":\"https:\\\/\\\/www.inverseteams.com\\\/fr\\\/produit\\\/sweat-technique-sc70\\\/#breadcrumb\",\"itemListElement\":[{\"@type\":\"ListItem\",\"position\":1,\"name\":\"Portada\",\"item\":\"https:\\\/\\\/www.inverseteams.com\\\/fr\\\/pagina-principal\\\/\"},{\"@type\":\"ListItem\",\"position\":2,\"name\":\"Panier\",\"item\":\"https:\\\/\\\/www.inverseteams.com\\\/fr\\\/panier\\\/\"},{\"@type\":\"ListItem\",\"position\":3,\"name\":\"Sweat technique SC70-C\"}]},{\"@type\":\"WebSite\",\"@id\":\"https:\\\/\\\/www.inverseteams.com\\\/fr\\\/#website\",\"url\":\"https:\\\/\\\/www.inverseteams.com\\\/fr\\\/\",\"name\":\"Inverseteams\",\"description\":\"Tu marca de ropa deportiva personalizada\",\"publisher\":{\"@id\":\"https:\\\/\\\/www.inverseteams.com\\\/fr\\\/#organization\"},\"potentialAction\":[{\"@type\":\"SearchAction\",\"target\":{\"@type\":\"EntryPoint\",\"urlTemplate\":\"https:\\\/\\\/www.inverseteams.com\\\/fr\\\/?s={search_term_string}\"},\"query-input\":{\"@type\":\"PropertyValueSpecification\",\"valueRequired\":true,\"valueName\":\"search_term_string\"}}],\"inLanguage\":\"fr-FR\"},{\"@type\":\"Organization\",\"@id\":\"https:\\\/\\\/www.inverseteams.com\\\/fr\\\/#organization\",\"name\":\"Inverse Teams\",\"url\":\"https:\\\/\\\/www.inverseteams.com\\\/fr\\\/\",\"logo\":{\"@type\":\"ImageObject\",\"inLanguage\":\"fr-FR\",\"@id\":\"https:\\\/\\\/www.inverseteams.com\\\/fr\\\/#\\\/schema\\\/logo\\\/image\\\/\",\"url\":\"https:\\\/\\\/www.inverseteams.com\\\/wp-content\\\/uploads\\\/2021\\\/03\\\/logo-inverse-teams.png\",\"contentUrl\":\"https:\\\/\\\/www.inverseteams.com\\\/wp-content\\\/uploads\\\/2021\\\/03\\\/logo-inverse-teams.png\",\"width\":294,\"height\":99,\"caption\":\"Inverse Teams\"},\"image\":{\"@id\":\"https:\\\/\\\/www.inverseteams.com\\\/fr\\\/#\\\/schema\\\/logo\\\/image\\\/\"},\"sameAs\":[\"https:\\\/\\\/www.facebook.com\\\/inverseteams\",\"http:\\\/\\\/instagram.com\\\/inverseteams\",\"https:\\\/\\\/www.linkedin.com\\\/company\\\/inverse-cirosport-s-l-?trk=job_view_topcard_company_name\",\"http:\\\/\\\/www.pinterest.com\\\/inverseteams\\\/\",\"http:\\\/\\\/www.youtube.com\\\/user\\\/inverseteams?feature=watch\"]}]}<\/script>\n<!-- \/ Yoast SEO plugin. -->","yoast_head_json":{"title":"Sweat technique SC70-C | Inverseteams","description":"Disponible en 6 couleurs : Noir, Blanc, Rouge, Bleu Marine, Bleu Roi et Vert. Le blason du club est imprim\u00e9 en DTF. C'est un sweat-shirt technique parfait pour les sports de plein air. Sa doublure int\u00e9rieure maintiendra la temp\u00e9rature corporelle. Le tissu technique dont il est compos\u00e9 acc\u00e9l\u00e8re l'expulsion de la sueur vers l'ext\u00e9rieur, aidant \u00e0 garder la peau s\u00e8che tout au long de l'exercice. Sur la poitrine se trouve une courte fermeture \u00e9clair pour r\u00e9guler la ventilation et les poignets des manches sont finis avec une c\u00f4te 1x1. Ils s'adaptent tr\u00e8s bien au bras sans aucune pression. Le motif du sweat-shirt et l'\u00e9lasticit\u00e9 du tissu vous permettront une grande libert\u00e9 de mouvements.","robots":{"index":"index","follow":"follow","max-snippet":"max-snippet:-1","max-image-preview":"max-image-preview:large","max-video-preview":"max-video-preview:-1"},"canonical":"https:\/\/www.inverseteams.com\/fr\/produit\/sweat-technique-sc70\/","og_locale":"fr_FR","og_type":"article","og_title":"Sweat technique SC70-C | Inverseteams","og_description":"Disponible en 6 couleurs : Noir, Blanc, Rouge, Bleu Marine, Bleu Roi et Vert. Le blason du club est imprim\u00e9 en DTF. C'est un sweat-shirt technique parfait pour les sports de plein air. Sa doublure int\u00e9rieure maintiendra la temp\u00e9rature corporelle. Le tissu technique dont il est compos\u00e9 acc\u00e9l\u00e8re l'expulsion de la sueur vers l'ext\u00e9rieur, aidant \u00e0 garder la peau s\u00e8che tout au long de l'exercice. Sur la poitrine se trouve une courte fermeture \u00e9clair pour r\u00e9guler la ventilation et les poignets des manches sont finis avec une c\u00f4te 1x1. Ils s'adaptent tr\u00e8s bien au bras sans aucune pression. Le motif du sweat-shirt et l'\u00e9lasticit\u00e9 du tissu vous permettront une grande libert\u00e9 de mouvements.","og_url":"https:\/\/www.inverseteams.com\/fr\/produit\/sweat-technique-sc70\/","og_site_name":"Inverseteams","article_publisher":"https:\/\/www.facebook.com\/inverseteams","article_modified_time":"2025-03-14T15:11:18+00:00","og_image":[{"width":1500,"height":1612,"url":"https:\/\/www.inverseteams.com\/wp-content\/uploads\/SUDADERA-TECNICA-FUTBOL-SC70-1.jpg","type":"image\/jpeg"}],"twitter_card":"summary_large_image","twitter_misc":{"Dur\u00e9e de lecture estim\u00e9e":"1 minute"},"schema":{"@context":"https:\/\/schema.org","@graph":[{"@type":"WebPage","@id":"https:\/\/www.inverseteams.com\/fr\/produit\/sweat-technique-sc70\/","url":"https:\/\/www.inverseteams.com\/fr\/produit\/sweat-technique-sc70\/","name":"Sweat technique SC70-C | Inverseteams","isPartOf":{"@id":"https:\/\/www.inverseteams.com\/fr\/#website"},"primaryImageOfPage":{"@id":"https:\/\/www.inverseteams.com\/fr\/produit\/sweat-technique-sc70\/#primaryimage"},"image":{"@id":"https:\/\/www.inverseteams.com\/fr\/produit\/sweat-technique-sc70\/#primaryimage"},"thumbnailUrl":"https:\/\/www.inverseteams.com\/wp-content\/uploads\/SUDADERA-TECNICA-FUTBOL-SC70-1.jpg","datePublished":"2025-03-07T10:28:51+00:00","dateModified":"2025-03-14T15:11:18+00:00","description":"Disponible en 6 couleurs : Noir, Blanc, Rouge, Bleu Marine, Bleu Roi et Vert. Le blason du club est imprim\u00e9 en DTF. C'est un sweat-shirt technique parfait pour les sports de plein air. Sa doublure int\u00e9rieure maintiendra la temp\u00e9rature corporelle. Le tissu technique dont il est compos\u00e9 acc\u00e9l\u00e8re l'expulsion de la sueur vers l'ext\u00e9rieur, aidant \u00e0 garder la peau s\u00e8che tout au long de l'exercice. Sur la poitrine se trouve une courte fermeture \u00e9clair pour r\u00e9guler la ventilation et les poignets des manches sont finis avec une c\u00f4te 1x1. Ils s'adaptent tr\u00e8s bien au bras sans aucune pression. Le motif du sweat-shirt et l'\u00e9lasticit\u00e9 du tissu vous permettront une grande libert\u00e9 de mouvements.","breadcrumb":{"@id":"https:\/\/www.inverseteams.com\/fr\/produit\/sweat-technique-sc70\/#breadcrumb"},"inLanguage":"fr-FR","potentialAction":[{"@type":"ReadAction","target":["https:\/\/www.inverseteams.com\/fr\/produit\/sweat-technique-sc70\/"]}]},{"@type":"ImageObject","inLanguage":"fr-FR","@id":"https:\/\/www.inverseteams.com\/fr\/produit\/sweat-technique-sc70\/#primaryimage","url":"https:\/\/www.inverseteams.com\/wp-content\/uploads\/SUDADERA-TECNICA-FUTBOL-SC70-1.jpg","contentUrl":"https:\/\/www.inverseteams.com\/wp-content\/uploads\/SUDADERA-TECNICA-FUTBOL-SC70-1.jpg","width":1500,"height":1612},{"@type":"BreadcrumbList","@id":"https:\/\/www.inverseteams.com\/fr\/produit\/sweat-technique-sc70\/#breadcrumb","itemListElement":[{"@type":"ListItem","position":1,"name":"Portada","item":"https:\/\/www.inverseteams.com\/fr\/pagina-principal\/"},{"@type":"ListItem","position":2,"name":"Panier","item":"https:\/\/www.inverseteams.com\/fr\/panier\/"},{"@type":"ListItem","position":3,"name":"Sweat technique SC70-C"}]},{"@type":"WebSite","@id":"https:\/\/www.inverseteams.com\/fr\/#website","url":"https:\/\/www.inverseteams.com\/fr\/","name":"Inverseteams","description":"Tu marca de ropa deportiva personalizada","publisher":{"@id":"https:\/\/www.inverseteams.com\/fr\/#organization"},"potentialAction":[{"@type":"SearchAction","target":{"@type":"EntryPoint","urlTemplate":"https:\/\/www.inverseteams.com\/fr\/?s={search_term_string}"},"query-input":{"@type":"PropertyValueSpecification","valueRequired":true,"valueName":"search_term_string"}}],"inLanguage":"fr-FR"},{"@type":"Organization","@id":"https:\/\/www.inverseteams.com\/fr\/#organization","name":"Inverse Teams","url":"https:\/\/www.inverseteams.com\/fr\/","logo":{"@type":"ImageObject","inLanguage":"fr-FR","@id":"https:\/\/www.inverseteams.com\/fr\/#\/schema\/logo\/image\/","url":"https:\/\/www.inverseteams.com\/wp-content\/uploads\/2021\/03\/logo-inverse-teams.png","contentUrl":"https:\/\/www.inverseteams.com\/wp-content\/uploads\/2021\/03\/logo-inverse-teams.png","width":294,"height":99,"caption":"Inverse Teams"},"image":{"@id":"https:\/\/www.inverseteams.com\/fr\/#\/schema\/logo\/image\/"},"sameAs":["https:\/\/www.facebook.com\/inverseteams","http:\/\/instagram.com\/inverseteams","https:\/\/www.linkedin.com\/company\/inverse-cirosport-s-l-?trk=job_view_topcard_company_name","http:\/\/www.pinterest.com\/inverseteams\/","http:\/\/www.youtube.com\/user\/inverseteams?feature=watch"]}]}},"_links":{"self":[{"href":"https:\/\/www.inverseteams.com\/fr\/wp-json\/wp\/v2\/product\/248063","targetHints":{"allow":["GET"]}}],"collection":[{"href":"https:\/\/www.inverseteams.com\/fr\/wp-json\/wp\/v2\/product"}],"about":[{"href":"https:\/\/www.inverseteams.com\/fr\/wp-json\/wp\/v2\/types\/product"}],"replies":[{"embeddable":true,"href":"https:\/\/www.inverseteams.com\/fr\/wp-json\/wp\/v2\/comments?post=248063"}],"wp:featuredmedia":[{"embeddable":true,"href":"https:\/\/www.inverseteams.com\/fr\/wp-json\/wp\/v2\/media\/247129"}],"wp:attachment":[{"href":"https:\/\/www.inverseteams.com\/fr\/wp-json\/wp\/v2\/media?parent=248063"}],"wp:term":[{"taxonomy":"product_brand","embeddable":true,"href":"https:\/\/www.inverseteams.com\/fr\/wp-json\/wp\/v2\/product_brand?post=248063"},{"taxonomy":"product_cat","embeddable":true,"href":"https:\/\/www.inverseteams.com\/fr\/wp-json\/wp\/v2\/product_cat?post=248063"},{"taxonomy":"product_tag","embeddable":true,"href":"https:\/\/www.inverseteams.com\/fr\/wp-json\/wp\/v2\/product_tag?post=248063"},{"taxonomy":"custom_category","embeddable":true,"href":"https:\/\/www.inverseteams.com\/fr\/wp-json\/wp\/v2\/custom_category?post=248063"},{"taxonomy":"range","embeddable":true,"href":"https:\/\/www.inverseteams.com\/fr\/wp-json\/wp\/v2\/range?post=248063"}],"curies":[{"name":"wp","href":"https:\/\/api.w.org\/{rel}","templated":true}]}}