{"id":248061,"date":"2025-03-07T08:12:31","date_gmt":"2025-03-07T10:28:51","guid":{"rendered":"https:\/\/www.inverseteams.com\/?post_type=product&#038;p=248061"},"modified":"2025-03-19T16:19:48","modified_gmt":"2025-03-19T16:19:48","slug":"maillot-sf40","status":"publish","type":"product","link":"https:\/\/www.inverseteams.com\/fr\/produit\/maillot-sf40\/","title":{"rendered":"Maillot SF40-C"},"content":{"rendered":"<p>Disponible en 6 couleurs : Noir, Blanc, Rouge, Bleu Navy, Bleu Royal et Vert. L&rsquo;\u00e9cusson du club est imprim\u00e9 en DTF<br \/>\nFabriqu\u00e9 avec un tissu interlock durable, avec un toucher doux et tr\u00e8s agr\u00e9able. Il garantit un confort total tout au long de l&rsquo;entra\u00eenement car il assure une bonne respirabilit\u00e9. La peau sera s\u00e8che et fra\u00eeche pendant l\u2019exercice physique.<br \/>\nLa coupe de ce maillot de football est sp\u00e9cialement con\u00e7ue pour offrir une excellente libert\u00e9 de mouvement et un ajustement ergonomique qui optimise les performances. De plus, l&rsquo;int\u00e9rieur du col rond est dot\u00e9 d&rsquo;une couture recouverte tr\u00e8s douce qui \u00e9vite tout type de frottement ou d&rsquo;inconfort.<\/p>\n","protected":false},"excerpt":{"rendered":"<p>Disponible en 6 couleurs : Noir, Blanc, Rouge, Bleu Navy, Bleu Royal et Vert. L&rsquo;\u00e9cusson du club est imprim\u00e9 en DTF<br \/>\nFabriqu\u00e9 avec un tissu interlock durable, avec un toucher doux et tr\u00e8s agr\u00e9able. Il garantit un confort total tout au long de l&rsquo;entra\u00eenement car il assure une bonne respirabilit\u00e9. La peau sera s\u00e8che et fra\u00eeche pendant l\u2019exercice physique.<br \/>\nLa coupe de ce maillot de football est sp\u00e9cialement con\u00e7ue pour offrir une excellente libert\u00e9 de mouvement et un ajustement ergonomique qui optimise les performances. De plus, l&rsquo;int\u00e9rieur du col rond est dot\u00e9 d&rsquo;une couture recouverte tr\u00e8s douce qui \u00e9vite tout type de frottement ou d&rsquo;inconfort.<\/p>\n","protected":false},"featured_media":247079,"comment_status":"closed","ping_status":"open","template":"","meta":{"_acf_changed":false},"product_brand":[],"product_cat":[8305],"product_tag":[],"custom_category":[15160,15163],"range":[15140],"class_list":{"0":"post-248061","1":"product","2":"type-product","3":"status-publish","4":"has-post-thumbnail","6":"product_cat-uncategorized-fr","7":"pa_climatologia-chaud","8":"pa_climatologia-temperature-chaude","9":"pa_genero-unisexe","10":"pa_genero-infantile-fr","11":"pa_patronaje-regular-fr","12":"pa_tipo-de-prenda-t-shirt-fr","13":"custom_category-sport-dequipe","14":"custom_category-football-fr","15":"range-entrainement","17":"first","18":"instock","19":"product-type-custom"},"acf":[],"yoast_head":"<!-- This site is optimized with the Yoast SEO plugin v27.5 - https:\/\/yoast.com\/product\/yoast-seo-wordpress\/ -->\n<title>Maillot SF40-C | Inverseteams<\/title>\n<meta name=\"description\" content=\"Disponible en 6 couleurs : Noir, Blanc, Rouge, Bleu Navy, Bleu Royal et Vert. L&#039;\u00e9cusson du club est imprim\u00e9 en DTF Fabriqu\u00e9 avec un tissu interlock durable, avec un toucher doux et tr\u00e8s agr\u00e9able. Il garantit un confort total tout au long de l&#039;entra\u00eenement car il assure une bonne respirabilit\u00e9. La peau sera s\u00e8che et fra\u00eeche pendant l\u2019exercice physique. La coupe de ce maillot de football est sp\u00e9cialement con\u00e7ue pour offrir une excellente libert\u00e9 de mouvement et un ajustement ergonomique qui optimise les performances. De plus, l&#039;int\u00e9rieur du col rond est dot\u00e9 d&#039;une couture recouverte tr\u00e8s douce qui \u00e9vite tout type de frottement ou d&#039;inconfort.\" \/>\n<meta name=\"robots\" content=\"index, follow, max-snippet:-1, max-image-preview:large, max-video-preview:-1\" \/>\n<link rel=\"canonical\" href=\"https:\/\/www.inverseteams.com\/fr\/produit\/maillot-sf40\/\" \/>\n<meta property=\"og:locale\" content=\"fr_FR\" \/>\n<meta property=\"og:type\" content=\"article\" \/>\n<meta property=\"og:title\" content=\"Maillot SF40-C | Inverseteams\" \/>\n<meta property=\"og:description\" content=\"Disponible en 6 couleurs : Noir, Blanc, Rouge, Bleu Navy, Bleu Royal et Vert. L&#039;\u00e9cusson du club est imprim\u00e9 en DTF Fabriqu\u00e9 avec un tissu interlock durable, avec un toucher doux et tr\u00e8s agr\u00e9able. Il garantit un confort total tout au long de l&#039;entra\u00eenement car il assure une bonne respirabilit\u00e9. La peau sera s\u00e8che et fra\u00eeche pendant l\u2019exercice physique. La coupe de ce maillot de football est sp\u00e9cialement con\u00e7ue pour offrir une excellente libert\u00e9 de mouvement et un ajustement ergonomique qui optimise les performances. De plus, l&#039;int\u00e9rieur du col rond est dot\u00e9 d&#039;une couture recouverte tr\u00e8s douce qui \u00e9vite tout type de frottement ou d&#039;inconfort.\" \/>\n<meta property=\"og:url\" content=\"https:\/\/www.inverseteams.com\/fr\/produit\/maillot-sf40\/\" \/>\n<meta property=\"og:site_name\" content=\"Inverseteams\" \/>\n<meta property=\"article:publisher\" content=\"https:\/\/www.facebook.com\/inverseteams\" \/>\n<meta property=\"article:modified_time\" content=\"2025-03-19T16:19:48+00:00\" \/>\n<meta property=\"og:image\" content=\"https:\/\/www.inverseteams.com\/wp-content\/uploads\/CAMISETA-ENTRENO-FUTBOL-SF40-1.jpg\" \/>\n\t<meta property=\"og:image:width\" content=\"1500\" \/>\n\t<meta property=\"og:image:height\" content=\"1612\" \/>\n\t<meta property=\"og:image:type\" content=\"image\/jpeg\" \/>\n<meta name=\"twitter:card\" content=\"summary_large_image\" \/>\n<meta name=\"twitter:label1\" content=\"Dur\u00e9e de lecture estim\u00e9e\" \/>\n\t<meta name=\"twitter:data1\" content=\"1 minute\" \/>\n<script type=\"application\/ld+json\" class=\"yoast-schema-graph\">{\"@context\":\"https:\\\/\\\/schema.org\",\"@graph\":[{\"@type\":\"WebPage\",\"@id\":\"https:\\\/\\\/www.inverseteams.com\\\/fr\\\/produit\\\/maillot-sf40\\\/\",\"url\":\"https:\\\/\\\/www.inverseteams.com\\\/fr\\\/produit\\\/maillot-sf40\\\/\",\"name\":\"Maillot SF40-C | Inverseteams\",\"isPartOf\":{\"@id\":\"https:\\\/\\\/www.inverseteams.com\\\/fr\\\/#website\"},\"primaryImageOfPage\":{\"@id\":\"https:\\\/\\\/www.inverseteams.com\\\/fr\\\/produit\\\/maillot-sf40\\\/#primaryimage\"},\"image\":{\"@id\":\"https:\\\/\\\/www.inverseteams.com\\\/fr\\\/produit\\\/maillot-sf40\\\/#primaryimage\"},\"thumbnailUrl\":\"https:\\\/\\\/www.inverseteams.com\\\/wp-content\\\/uploads\\\/CAMISETA-ENTRENO-FUTBOL-SF40-1.jpg\",\"datePublished\":\"2025-03-07T10:28:51+00:00\",\"dateModified\":\"2025-03-19T16:19:48+00:00\",\"description\":\"Disponible en 6 couleurs : Noir, Blanc, Rouge, Bleu Navy, Bleu Royal et Vert. L'\u00e9cusson du club est imprim\u00e9 en DTF Fabriqu\u00e9 avec un tissu interlock durable, avec un toucher doux et tr\u00e8s agr\u00e9able. Il garantit un confort total tout au long de l'entra\u00eenement car il assure une bonne respirabilit\u00e9. La peau sera s\u00e8che et fra\u00eeche pendant l\u2019exercice physique. La coupe de ce maillot de football est sp\u00e9cialement con\u00e7ue pour offrir une excellente libert\u00e9 de mouvement et un ajustement ergonomique qui optimise les performances. De plus, l'int\u00e9rieur du col rond est dot\u00e9 d'une couture recouverte tr\u00e8s douce qui \u00e9vite tout type de frottement ou d'inconfort.\",\"breadcrumb\":{\"@id\":\"https:\\\/\\\/www.inverseteams.com\\\/fr\\\/produit\\\/maillot-sf40\\\/#breadcrumb\"},\"inLanguage\":\"fr-FR\",\"potentialAction\":[{\"@type\":\"ReadAction\",\"target\":[\"https:\\\/\\\/www.inverseteams.com\\\/fr\\\/produit\\\/maillot-sf40\\\/\"]}]},{\"@type\":\"ImageObject\",\"inLanguage\":\"fr-FR\",\"@id\":\"https:\\\/\\\/www.inverseteams.com\\\/fr\\\/produit\\\/maillot-sf40\\\/#primaryimage\",\"url\":\"https:\\\/\\\/www.inverseteams.com\\\/wp-content\\\/uploads\\\/CAMISETA-ENTRENO-FUTBOL-SF40-1.jpg\",\"contentUrl\":\"https:\\\/\\\/www.inverseteams.com\\\/wp-content\\\/uploads\\\/CAMISETA-ENTRENO-FUTBOL-SF40-1.jpg\",\"width\":1500,\"height\":1612},{\"@type\":\"BreadcrumbList\",\"@id\":\"https:\\\/\\\/www.inverseteams.com\\\/fr\\\/produit\\\/maillot-sf40\\\/#breadcrumb\",\"itemListElement\":[{\"@type\":\"ListItem\",\"position\":1,\"name\":\"Portada\",\"item\":\"https:\\\/\\\/www.inverseteams.com\\\/fr\\\/pagina-principal\\\/\"},{\"@type\":\"ListItem\",\"position\":2,\"name\":\"Panier\",\"item\":\"https:\\\/\\\/www.inverseteams.com\\\/fr\\\/panier\\\/\"},{\"@type\":\"ListItem\",\"position\":3,\"name\":\"Maillot SF40-C\"}]},{\"@type\":\"WebSite\",\"@id\":\"https:\\\/\\\/www.inverseteams.com\\\/fr\\\/#website\",\"url\":\"https:\\\/\\\/www.inverseteams.com\\\/fr\\\/\",\"name\":\"Inverseteams\",\"description\":\"Tu marca de ropa deportiva personalizada\",\"publisher\":{\"@id\":\"https:\\\/\\\/www.inverseteams.com\\\/fr\\\/#organization\"},\"potentialAction\":[{\"@type\":\"SearchAction\",\"target\":{\"@type\":\"EntryPoint\",\"urlTemplate\":\"https:\\\/\\\/www.inverseteams.com\\\/fr\\\/?s={search_term_string}\"},\"query-input\":{\"@type\":\"PropertyValueSpecification\",\"valueRequired\":true,\"valueName\":\"search_term_string\"}}],\"inLanguage\":\"fr-FR\"},{\"@type\":\"Organization\",\"@id\":\"https:\\\/\\\/www.inverseteams.com\\\/fr\\\/#organization\",\"name\":\"Inverse Teams\",\"url\":\"https:\\\/\\\/www.inverseteams.com\\\/fr\\\/\",\"logo\":{\"@type\":\"ImageObject\",\"inLanguage\":\"fr-FR\",\"@id\":\"https:\\\/\\\/www.inverseteams.com\\\/fr\\\/#\\\/schema\\\/logo\\\/image\\\/\",\"url\":\"https:\\\/\\\/www.inverseteams.com\\\/wp-content\\\/uploads\\\/2021\\\/03\\\/logo-inverse-teams.png\",\"contentUrl\":\"https:\\\/\\\/www.inverseteams.com\\\/wp-content\\\/uploads\\\/2021\\\/03\\\/logo-inverse-teams.png\",\"width\":294,\"height\":99,\"caption\":\"Inverse Teams\"},\"image\":{\"@id\":\"https:\\\/\\\/www.inverseteams.com\\\/fr\\\/#\\\/schema\\\/logo\\\/image\\\/\"},\"sameAs\":[\"https:\\\/\\\/www.facebook.com\\\/inverseteams\",\"http:\\\/\\\/instagram.com\\\/inverseteams\",\"https:\\\/\\\/www.linkedin.com\\\/company\\\/inverse-cirosport-s-l-?trk=job_view_topcard_company_name\",\"http:\\\/\\\/www.pinterest.com\\\/inverseteams\\\/\",\"http:\\\/\\\/www.youtube.com\\\/user\\\/inverseteams?feature=watch\"]}]}<\/script>\n<!-- \/ Yoast SEO plugin. -->","yoast_head_json":{"title":"Maillot SF40-C | Inverseteams","description":"Disponible en 6 couleurs : Noir, Blanc, Rouge, Bleu Navy, Bleu Royal et Vert. L'\u00e9cusson du club est imprim\u00e9 en DTF Fabriqu\u00e9 avec un tissu interlock durable, avec un toucher doux et tr\u00e8s agr\u00e9able. Il garantit un confort total tout au long de l'entra\u00eenement car il assure une bonne respirabilit\u00e9. La peau sera s\u00e8che et fra\u00eeche pendant l\u2019exercice physique. La coupe de ce maillot de football est sp\u00e9cialement con\u00e7ue pour offrir une excellente libert\u00e9 de mouvement et un ajustement ergonomique qui optimise les performances. De plus, l'int\u00e9rieur du col rond est dot\u00e9 d'une couture recouverte tr\u00e8s douce qui \u00e9vite tout type de frottement ou d'inconfort.","robots":{"index":"index","follow":"follow","max-snippet":"max-snippet:-1","max-image-preview":"max-image-preview:large","max-video-preview":"max-video-preview:-1"},"canonical":"https:\/\/www.inverseteams.com\/fr\/produit\/maillot-sf40\/","og_locale":"fr_FR","og_type":"article","og_title":"Maillot SF40-C | Inverseteams","og_description":"Disponible en 6 couleurs : Noir, Blanc, Rouge, Bleu Navy, Bleu Royal et Vert. L'\u00e9cusson du club est imprim\u00e9 en DTF Fabriqu\u00e9 avec un tissu interlock durable, avec un toucher doux et tr\u00e8s agr\u00e9able. Il garantit un confort total tout au long de l'entra\u00eenement car il assure une bonne respirabilit\u00e9. La peau sera s\u00e8che et fra\u00eeche pendant l\u2019exercice physique. La coupe de ce maillot de football est sp\u00e9cialement con\u00e7ue pour offrir une excellente libert\u00e9 de mouvement et un ajustement ergonomique qui optimise les performances. De plus, l'int\u00e9rieur du col rond est dot\u00e9 d'une couture recouverte tr\u00e8s douce qui \u00e9vite tout type de frottement ou d'inconfort.","og_url":"https:\/\/www.inverseteams.com\/fr\/produit\/maillot-sf40\/","og_site_name":"Inverseteams","article_publisher":"https:\/\/www.facebook.com\/inverseteams","article_modified_time":"2025-03-19T16:19:48+00:00","og_image":[{"width":1500,"height":1612,"url":"https:\/\/www.inverseteams.com\/wp-content\/uploads\/CAMISETA-ENTRENO-FUTBOL-SF40-1.jpg","type":"image\/jpeg"}],"twitter_card":"summary_large_image","twitter_misc":{"Dur\u00e9e de lecture estim\u00e9e":"1 minute"},"schema":{"@context":"https:\/\/schema.org","@graph":[{"@type":"WebPage","@id":"https:\/\/www.inverseteams.com\/fr\/produit\/maillot-sf40\/","url":"https:\/\/www.inverseteams.com\/fr\/produit\/maillot-sf40\/","name":"Maillot SF40-C | Inverseteams","isPartOf":{"@id":"https:\/\/www.inverseteams.com\/fr\/#website"},"primaryImageOfPage":{"@id":"https:\/\/www.inverseteams.com\/fr\/produit\/maillot-sf40\/#primaryimage"},"image":{"@id":"https:\/\/www.inverseteams.com\/fr\/produit\/maillot-sf40\/#primaryimage"},"thumbnailUrl":"https:\/\/www.inverseteams.com\/wp-content\/uploads\/CAMISETA-ENTRENO-FUTBOL-SF40-1.jpg","datePublished":"2025-03-07T10:28:51+00:00","dateModified":"2025-03-19T16:19:48+00:00","description":"Disponible en 6 couleurs : Noir, Blanc, Rouge, Bleu Navy, Bleu Royal et Vert. L'\u00e9cusson du club est imprim\u00e9 en DTF Fabriqu\u00e9 avec un tissu interlock durable, avec un toucher doux et tr\u00e8s agr\u00e9able. Il garantit un confort total tout au long de l'entra\u00eenement car il assure une bonne respirabilit\u00e9. La peau sera s\u00e8che et fra\u00eeche pendant l\u2019exercice physique. La coupe de ce maillot de football est sp\u00e9cialement con\u00e7ue pour offrir une excellente libert\u00e9 de mouvement et un ajustement ergonomique qui optimise les performances. De plus, l'int\u00e9rieur du col rond est dot\u00e9 d'une couture recouverte tr\u00e8s douce qui \u00e9vite tout type de frottement ou d'inconfort.","breadcrumb":{"@id":"https:\/\/www.inverseteams.com\/fr\/produit\/maillot-sf40\/#breadcrumb"},"inLanguage":"fr-FR","potentialAction":[{"@type":"ReadAction","target":["https:\/\/www.inverseteams.com\/fr\/produit\/maillot-sf40\/"]}]},{"@type":"ImageObject","inLanguage":"fr-FR","@id":"https:\/\/www.inverseteams.com\/fr\/produit\/maillot-sf40\/#primaryimage","url":"https:\/\/www.inverseteams.com\/wp-content\/uploads\/CAMISETA-ENTRENO-FUTBOL-SF40-1.jpg","contentUrl":"https:\/\/www.inverseteams.com\/wp-content\/uploads\/CAMISETA-ENTRENO-FUTBOL-SF40-1.jpg","width":1500,"height":1612},{"@type":"BreadcrumbList","@id":"https:\/\/www.inverseteams.com\/fr\/produit\/maillot-sf40\/#breadcrumb","itemListElement":[{"@type":"ListItem","position":1,"name":"Portada","item":"https:\/\/www.inverseteams.com\/fr\/pagina-principal\/"},{"@type":"ListItem","position":2,"name":"Panier","item":"https:\/\/www.inverseteams.com\/fr\/panier\/"},{"@type":"ListItem","position":3,"name":"Maillot SF40-C"}]},{"@type":"WebSite","@id":"https:\/\/www.inverseteams.com\/fr\/#website","url":"https:\/\/www.inverseteams.com\/fr\/","name":"Inverseteams","description":"Tu marca de ropa deportiva personalizada","publisher":{"@id":"https:\/\/www.inverseteams.com\/fr\/#organization"},"potentialAction":[{"@type":"SearchAction","target":{"@type":"EntryPoint","urlTemplate":"https:\/\/www.inverseteams.com\/fr\/?s={search_term_string}"},"query-input":{"@type":"PropertyValueSpecification","valueRequired":true,"valueName":"search_term_string"}}],"inLanguage":"fr-FR"},{"@type":"Organization","@id":"https:\/\/www.inverseteams.com\/fr\/#organization","name":"Inverse Teams","url":"https:\/\/www.inverseteams.com\/fr\/","logo":{"@type":"ImageObject","inLanguage":"fr-FR","@id":"https:\/\/www.inverseteams.com\/fr\/#\/schema\/logo\/image\/","url":"https:\/\/www.inverseteams.com\/wp-content\/uploads\/2021\/03\/logo-inverse-teams.png","contentUrl":"https:\/\/www.inverseteams.com\/wp-content\/uploads\/2021\/03\/logo-inverse-teams.png","width":294,"height":99,"caption":"Inverse Teams"},"image":{"@id":"https:\/\/www.inverseteams.com\/fr\/#\/schema\/logo\/image\/"},"sameAs":["https:\/\/www.facebook.com\/inverseteams","http:\/\/instagram.com\/inverseteams","https:\/\/www.linkedin.com\/company\/inverse-cirosport-s-l-?trk=job_view_topcard_company_name","http:\/\/www.pinterest.com\/inverseteams\/","http:\/\/www.youtube.com\/user\/inverseteams?feature=watch"]}]}},"_links":{"self":[{"href":"https:\/\/www.inverseteams.com\/fr\/wp-json\/wp\/v2\/product\/248061","targetHints":{"allow":["GET"]}}],"collection":[{"href":"https:\/\/www.inverseteams.com\/fr\/wp-json\/wp\/v2\/product"}],"about":[{"href":"https:\/\/www.inverseteams.com\/fr\/wp-json\/wp\/v2\/types\/product"}],"replies":[{"embeddable":true,"href":"https:\/\/www.inverseteams.com\/fr\/wp-json\/wp\/v2\/comments?post=248061"}],"wp:featuredmedia":[{"embeddable":true,"href":"https:\/\/www.inverseteams.com\/fr\/wp-json\/wp\/v2\/media\/247079"}],"wp:attachment":[{"href":"https:\/\/www.inverseteams.com\/fr\/wp-json\/wp\/v2\/media?parent=248061"}],"wp:term":[{"taxonomy":"product_brand","embeddable":true,"href":"https:\/\/www.inverseteams.com\/fr\/wp-json\/wp\/v2\/product_brand?post=248061"},{"taxonomy":"product_cat","embeddable":true,"href":"https:\/\/www.inverseteams.com\/fr\/wp-json\/wp\/v2\/product_cat?post=248061"},{"taxonomy":"product_tag","embeddable":true,"href":"https:\/\/www.inverseteams.com\/fr\/wp-json\/wp\/v2\/product_tag?post=248061"},{"taxonomy":"custom_category","embeddable":true,"href":"https:\/\/www.inverseteams.com\/fr\/wp-json\/wp\/v2\/custom_category?post=248061"},{"taxonomy":"range","embeddable":true,"href":"https:\/\/www.inverseteams.com\/fr\/wp-json\/wp\/v2\/range?post=248061"}],"curies":[{"name":"wp","href":"https:\/\/api.w.org\/{rel}","templated":true}]}}