{"id":238235,"date":"2025-01-27T17:06:04","date_gmt":"2025-01-27T20:43:09","guid":{"rendered":"https:\/\/www.inverseteams.com\/?post_type=product&#038;p=238235"},"modified":"2025-10-02T00:02:09","modified_gmt":"2025-10-02T00:02:09","slug":"brassiere-de-sport-eira-black","status":"publish","type":"product","link":"https:\/\/www.inverseteams.com\/fr\/produit\/brassiere-de-sport-eira-black\/","title":{"rendered":"Brassi\u00e8re de sport EIRA BLACK"},"content":{"rendered":"<p>Le devant et les c\u00f4t\u00e9s sont en tissu LYCRA REVOLUTION, tr\u00e8s doux, \u00e9lastique et tr\u00e8s r\u00e9sistant.Au niveau du dos, une pi\u00e8ce de tissu perfor\u00e9 a \u00e9t\u00e9 ajout\u00e9e pour une meilleure \u00e9vacuation de la transpiration. De cette fa\u00e7on, votre peau restera toujours fra\u00eeche et s\u00e8che.<br \/>\nL&rsquo;encolure est l\u00e9g\u00e8rement arrondie pour un plus grand confort lors de l&rsquo;effort. Les bretelles, en polypropyl\u00e8ne, maintiendront le haut bien maintenu, \u00e9viteront les mouvements inconfortables et r\u00e9partiront le poids entre les \u00e9paules.<br \/>\nIl est fini avec une bande \u00e9lastique en mousse confortable pour un bon maintien sans frottement.<\/p>\n","protected":false},"excerpt":{"rendered":"<p>Le devant et les c\u00f4t\u00e9s sont en tissu LYCRA REVOLUTION, tr\u00e8s doux, \u00e9lastique et tr\u00e8s r\u00e9sistant.Au niveau du dos, une pi\u00e8ce de tissu perfor\u00e9 a \u00e9t\u00e9 ajout\u00e9e pour une meilleure \u00e9vacuation de la transpiration. De cette fa\u00e7on, votre peau restera toujours fra\u00eeche et s\u00e8che.<br \/>\nL&rsquo;encolure est l\u00e9g\u00e8rement arrondie pour un plus grand confort lors de l&rsquo;effort. Les bretelles, en polypropyl\u00e8ne, maintiendront le haut bien maintenu, \u00e9viteront les mouvements inconfortables et r\u00e9partiront le poids entre les \u00e9paules.<br \/>\nIl est fini avec une bande \u00e9lastique en mousse confortable pour un bon maintien sans frottement.<\/p>\n","protected":false},"featured_media":237705,"comment_status":"closed","ping_status":"closed","template":"","meta":{"_acf_changed":false},"product_brand":[],"product_cat":[3230,3298,7177],"product_tag":[],"custom_category":[],"range":[],"class_list":{"0":"post-238235","1":"product","2":"type-product","3":"status-publish","4":"has-post-thumbnail","6":"product_cat-cyclisme-fr","7":"product_cat-accessoires-fr","8":"product_cat-b2b-fr","9":"pa_climatologia-chaud","10":"pa_climatologia-froid","11":"pa_climatologia-temperature-chaude","12":"pa_deporte-athletisme","13":"pa_deporte-cyclisme","14":"pa_deporte-crosstraining-fr","15":"pa_deporte-fitness-fr","16":"pa_deporte-running-fr","17":"pa_deporte-trail-fr","18":"pa_deporte-gravel-fr","19":"pa_genero-femme","20":"pa_patronaje-fit-fr","21":"pa_talla-l-fr","22":"pa_talla-m-fr","23":"pa_talla-s-fr","24":"pa_talla-xl-fr","25":"pa_talla-xs-fr","26":"pa_tipo-de-prenda-top-fr","28":"first","29":"outofstock","30":"taxable","31":"shipping-taxable","32":"product-type-variable","33":"has-default-attributes"},"acf":[],"yoast_head":"<!-- This site is optimized with the Yoast SEO plugin v27.3 - https:\/\/yoast.com\/product\/yoast-seo-wordpress\/ -->\n<title>Brassi\u00e8re de sport EIRA BLACK<\/title>\n<meta name=\"description\" content=\"Le devant et les c\u00f4t\u00e9s sont en tissu LYCRA REVOLUTION, tr\u00e8s doux, \u00e9lastique et tr\u00e8s r\u00e9sistant.Au niveau du dos, une pi\u00e8ce de tissu perfor\u00e9 a \u00e9t\u00e9 ajout\u00e9e pour une meilleure \u00e9vacuation de la transpiration. De cette fa\u00e7on, votre peau restera toujours fra\u00eeche et s\u00e8che. L&#039;encolure est l\u00e9g\u00e8rement arrondie pour un plus grand confort lors de l&#039;effort. Les bretelles, en polypropyl\u00e8ne, maintiendront le haut bien maintenu, \u00e9viteront les mouvements inconfortables et r\u00e9partiront le poids entre les \u00e9paules. Il est fini avec une bande \u00e9lastique en mousse confortable pour un bon maintien sans frottement.\" \/>\n<meta name=\"robots\" content=\"index, follow, max-snippet:-1, max-image-preview:large, max-video-preview:-1\" \/>\n<link rel=\"canonical\" href=\"https:\/\/www.inverseteams.com\/fr\/produit\/brassiere-de-sport-eira-black\/\" \/>\n<meta property=\"og:locale\" content=\"fr_FR\" \/>\n<meta property=\"og:type\" content=\"article\" \/>\n<meta property=\"og:title\" content=\"Brassi\u00e8re de sport EIRA BLACK\" \/>\n<meta property=\"og:description\" content=\"Le devant et les c\u00f4t\u00e9s sont en tissu LYCRA REVOLUTION, tr\u00e8s doux, \u00e9lastique et tr\u00e8s r\u00e9sistant.Au niveau du dos, une pi\u00e8ce de tissu perfor\u00e9 a \u00e9t\u00e9 ajout\u00e9e pour une meilleure \u00e9vacuation de la transpiration. De cette fa\u00e7on, votre peau restera toujours fra\u00eeche et s\u00e8che. L&#039;encolure est l\u00e9g\u00e8rement arrondie pour un plus grand confort lors de l&#039;effort. Les bretelles, en polypropyl\u00e8ne, maintiendront le haut bien maintenu, \u00e9viteront les mouvements inconfortables et r\u00e9partiront le poids entre les \u00e9paules. Il est fini avec une bande \u00e9lastique en mousse confortable pour un bon maintien sans frottement.\" \/>\n<meta property=\"og:url\" content=\"https:\/\/www.inverseteams.com\/fr\/produit\/brassiere-de-sport-eira-black\/\" \/>\n<meta property=\"og:site_name\" content=\"Inverseteams\" \/>\n<meta property=\"article:publisher\" content=\"https:\/\/www.facebook.com\/inverseteams\" \/>\n<meta property=\"article:modified_time\" content=\"2025-10-02T00:02:09+00:00\" \/>\n<meta property=\"og:image\" content=\"https:\/\/www.inverseteams.com\/wp-content\/uploads\/TOP-DEPORTIVO-EIRA-BLACK-1.jpg\" \/>\n\t<meta property=\"og:image:width\" content=\"1500\" \/>\n\t<meta property=\"og:image:height\" content=\"1612\" \/>\n\t<meta property=\"og:image:type\" content=\"image\/jpeg\" \/>\n<meta name=\"twitter:card\" content=\"summary_large_image\" \/>\n<meta name=\"twitter:label1\" content=\"Dur\u00e9e de lecture estim\u00e9e\" \/>\n\t<meta name=\"twitter:data1\" content=\"1 minute\" \/>\n<script type=\"application\/ld+json\" class=\"yoast-schema-graph\">{\"@context\":\"https:\\\/\\\/schema.org\",\"@graph\":[{\"@type\":\"WebPage\",\"@id\":\"https:\\\/\\\/www.inverseteams.com\\\/fr\\\/produit\\\/brassiere-de-sport-eira-black\\\/\",\"url\":\"https:\\\/\\\/www.inverseteams.com\\\/fr\\\/produit\\\/brassiere-de-sport-eira-black\\\/\",\"name\":\"Brassi\u00e8re de sport EIRA BLACK\",\"isPartOf\":{\"@id\":\"https:\\\/\\\/www.inverseteams.com\\\/fr\\\/#website\"},\"primaryImageOfPage\":{\"@id\":\"https:\\\/\\\/www.inverseteams.com\\\/fr\\\/produit\\\/brassiere-de-sport-eira-black\\\/#primaryimage\"},\"image\":{\"@id\":\"https:\\\/\\\/www.inverseteams.com\\\/fr\\\/produit\\\/brassiere-de-sport-eira-black\\\/#primaryimage\"},\"thumbnailUrl\":\"https:\\\/\\\/www.inverseteams.com\\\/wp-content\\\/uploads\\\/TOP-DEPORTIVO-EIRA-BLACK-1.jpg\",\"datePublished\":\"2025-01-27T20:43:09+00:00\",\"dateModified\":\"2025-10-02T00:02:09+00:00\",\"description\":\"Le devant et les c\u00f4t\u00e9s sont en tissu LYCRA REVOLUTION, tr\u00e8s doux, \u00e9lastique et tr\u00e8s r\u00e9sistant.Au niveau du dos, une pi\u00e8ce de tissu perfor\u00e9 a \u00e9t\u00e9 ajout\u00e9e pour une meilleure \u00e9vacuation de la transpiration. De cette fa\u00e7on, votre peau restera toujours fra\u00eeche et s\u00e8che. L'encolure est l\u00e9g\u00e8rement arrondie pour un plus grand confort lors de l'effort. Les bretelles, en polypropyl\u00e8ne, maintiendront le haut bien maintenu, \u00e9viteront les mouvements inconfortables et r\u00e9partiront le poids entre les \u00e9paules. Il est fini avec une bande \u00e9lastique en mousse confortable pour un bon maintien sans frottement.\",\"breadcrumb\":{\"@id\":\"https:\\\/\\\/www.inverseteams.com\\\/fr\\\/produit\\\/brassiere-de-sport-eira-black\\\/#breadcrumb\"},\"inLanguage\":\"fr-FR\",\"potentialAction\":[{\"@type\":\"ReadAction\",\"target\":[\"https:\\\/\\\/www.inverseteams.com\\\/fr\\\/produit\\\/brassiere-de-sport-eira-black\\\/\"]}]},{\"@type\":\"ImageObject\",\"inLanguage\":\"fr-FR\",\"@id\":\"https:\\\/\\\/www.inverseteams.com\\\/fr\\\/produit\\\/brassiere-de-sport-eira-black\\\/#primaryimage\",\"url\":\"https:\\\/\\\/www.inverseteams.com\\\/wp-content\\\/uploads\\\/TOP-DEPORTIVO-EIRA-BLACK-1.jpg\",\"contentUrl\":\"https:\\\/\\\/www.inverseteams.com\\\/wp-content\\\/uploads\\\/TOP-DEPORTIVO-EIRA-BLACK-1.jpg\",\"width\":1500,\"height\":1612},{\"@type\":\"BreadcrumbList\",\"@id\":\"https:\\\/\\\/www.inverseteams.com\\\/fr\\\/produit\\\/brassiere-de-sport-eira-black\\\/#breadcrumb\",\"itemListElement\":[{\"@type\":\"ListItem\",\"position\":1,\"name\":\"Portada\",\"item\":\"https:\\\/\\\/www.inverseteams.com\\\/fr\\\/pagina-principal\\\/\"},{\"@type\":\"ListItem\",\"position\":2,\"name\":\"Panier\",\"item\":\"https:\\\/\\\/www.inverseteams.com\\\/fr\\\/panier\\\/\"},{\"@type\":\"ListItem\",\"position\":3,\"name\":\"Brassi\u00e8re de sport EIRA BLACK\"}]},{\"@type\":\"WebSite\",\"@id\":\"https:\\\/\\\/www.inverseteams.com\\\/fr\\\/#website\",\"url\":\"https:\\\/\\\/www.inverseteams.com\\\/fr\\\/\",\"name\":\"Inverseteams\",\"description\":\"Tu marca de ropa deportiva personalizada\",\"publisher\":{\"@id\":\"https:\\\/\\\/www.inverseteams.com\\\/fr\\\/#organization\"},\"potentialAction\":[{\"@type\":\"SearchAction\",\"target\":{\"@type\":\"EntryPoint\",\"urlTemplate\":\"https:\\\/\\\/www.inverseteams.com\\\/fr\\\/?s={search_term_string}\"},\"query-input\":{\"@type\":\"PropertyValueSpecification\",\"valueRequired\":true,\"valueName\":\"search_term_string\"}}],\"inLanguage\":\"fr-FR\"},{\"@type\":\"Organization\",\"@id\":\"https:\\\/\\\/www.inverseteams.com\\\/fr\\\/#organization\",\"name\":\"Inverse Teams\",\"url\":\"https:\\\/\\\/www.inverseteams.com\\\/fr\\\/\",\"logo\":{\"@type\":\"ImageObject\",\"inLanguage\":\"fr-FR\",\"@id\":\"https:\\\/\\\/www.inverseteams.com\\\/fr\\\/#\\\/schema\\\/logo\\\/image\\\/\",\"url\":\"http:\\\/\\\/www.inverseteams.com\\\/wp-content\\\/uploads\\\/2021\\\/03\\\/logo-inverse-teams.png\",\"contentUrl\":\"http:\\\/\\\/www.inverseteams.com\\\/wp-content\\\/uploads\\\/2021\\\/03\\\/logo-inverse-teams.png\",\"width\":294,\"height\":99,\"caption\":\"Inverse Teams\"},\"image\":{\"@id\":\"https:\\\/\\\/www.inverseteams.com\\\/fr\\\/#\\\/schema\\\/logo\\\/image\\\/\"},\"sameAs\":[\"https:\\\/\\\/www.facebook.com\\\/inverseteams\",\"http:\\\/\\\/instagram.com\\\/inverseteams\",\"https:\\\/\\\/www.linkedin.com\\\/company\\\/inverse-cirosport-s-l-?trk=job_view_topcard_company_name\",\"http:\\\/\\\/www.pinterest.com\\\/inverseteams\\\/\",\"http:\\\/\\\/www.youtube.com\\\/user\\\/inverseteams?feature=watch\"]}]}<\/script>\n<!-- \/ Yoast SEO plugin. -->","yoast_head_json":{"title":"Brassi\u00e8re de sport EIRA BLACK","description":"Le devant et les c\u00f4t\u00e9s sont en tissu LYCRA REVOLUTION, tr\u00e8s doux, \u00e9lastique et tr\u00e8s r\u00e9sistant.Au niveau du dos, une pi\u00e8ce de tissu perfor\u00e9 a \u00e9t\u00e9 ajout\u00e9e pour une meilleure \u00e9vacuation de la transpiration. De cette fa\u00e7on, votre peau restera toujours fra\u00eeche et s\u00e8che. L'encolure est l\u00e9g\u00e8rement arrondie pour un plus grand confort lors de l'effort. Les bretelles, en polypropyl\u00e8ne, maintiendront le haut bien maintenu, \u00e9viteront les mouvements inconfortables et r\u00e9partiront le poids entre les \u00e9paules. Il est fini avec une bande \u00e9lastique en mousse confortable pour un bon maintien sans frottement.","robots":{"index":"index","follow":"follow","max-snippet":"max-snippet:-1","max-image-preview":"max-image-preview:large","max-video-preview":"max-video-preview:-1"},"canonical":"https:\/\/www.inverseteams.com\/fr\/produit\/brassiere-de-sport-eira-black\/","og_locale":"fr_FR","og_type":"article","og_title":"Brassi\u00e8re de sport EIRA BLACK","og_description":"Le devant et les c\u00f4t\u00e9s sont en tissu LYCRA REVOLUTION, tr\u00e8s doux, \u00e9lastique et tr\u00e8s r\u00e9sistant.Au niveau du dos, une pi\u00e8ce de tissu perfor\u00e9 a \u00e9t\u00e9 ajout\u00e9e pour une meilleure \u00e9vacuation de la transpiration. De cette fa\u00e7on, votre peau restera toujours fra\u00eeche et s\u00e8che. L'encolure est l\u00e9g\u00e8rement arrondie pour un plus grand confort lors de l'effort. Les bretelles, en polypropyl\u00e8ne, maintiendront le haut bien maintenu, \u00e9viteront les mouvements inconfortables et r\u00e9partiront le poids entre les \u00e9paules. Il est fini avec une bande \u00e9lastique en mousse confortable pour un bon maintien sans frottement.","og_url":"https:\/\/www.inverseteams.com\/fr\/produit\/brassiere-de-sport-eira-black\/","og_site_name":"Inverseteams","article_publisher":"https:\/\/www.facebook.com\/inverseteams","article_modified_time":"2025-10-02T00:02:09+00:00","og_image":[{"width":1500,"height":1612,"url":"https:\/\/www.inverseteams.com\/wp-content\/uploads\/TOP-DEPORTIVO-EIRA-BLACK-1.jpg","type":"image\/jpeg"}],"twitter_card":"summary_large_image","twitter_misc":{"Dur\u00e9e de lecture estim\u00e9e":"1 minute"},"schema":{"@context":"https:\/\/schema.org","@graph":[{"@type":"WebPage","@id":"https:\/\/www.inverseteams.com\/fr\/produit\/brassiere-de-sport-eira-black\/","url":"https:\/\/www.inverseteams.com\/fr\/produit\/brassiere-de-sport-eira-black\/","name":"Brassi\u00e8re de sport EIRA BLACK","isPartOf":{"@id":"https:\/\/www.inverseteams.com\/fr\/#website"},"primaryImageOfPage":{"@id":"https:\/\/www.inverseteams.com\/fr\/produit\/brassiere-de-sport-eira-black\/#primaryimage"},"image":{"@id":"https:\/\/www.inverseteams.com\/fr\/produit\/brassiere-de-sport-eira-black\/#primaryimage"},"thumbnailUrl":"https:\/\/www.inverseteams.com\/wp-content\/uploads\/TOP-DEPORTIVO-EIRA-BLACK-1.jpg","datePublished":"2025-01-27T20:43:09+00:00","dateModified":"2025-10-02T00:02:09+00:00","description":"Le devant et les c\u00f4t\u00e9s sont en tissu LYCRA REVOLUTION, tr\u00e8s doux, \u00e9lastique et tr\u00e8s r\u00e9sistant.Au niveau du dos, une pi\u00e8ce de tissu perfor\u00e9 a \u00e9t\u00e9 ajout\u00e9e pour une meilleure \u00e9vacuation de la transpiration. De cette fa\u00e7on, votre peau restera toujours fra\u00eeche et s\u00e8che. L'encolure est l\u00e9g\u00e8rement arrondie pour un plus grand confort lors de l'effort. Les bretelles, en polypropyl\u00e8ne, maintiendront le haut bien maintenu, \u00e9viteront les mouvements inconfortables et r\u00e9partiront le poids entre les \u00e9paules. Il est fini avec une bande \u00e9lastique en mousse confortable pour un bon maintien sans frottement.","breadcrumb":{"@id":"https:\/\/www.inverseteams.com\/fr\/produit\/brassiere-de-sport-eira-black\/#breadcrumb"},"inLanguage":"fr-FR","potentialAction":[{"@type":"ReadAction","target":["https:\/\/www.inverseteams.com\/fr\/produit\/brassiere-de-sport-eira-black\/"]}]},{"@type":"ImageObject","inLanguage":"fr-FR","@id":"https:\/\/www.inverseteams.com\/fr\/produit\/brassiere-de-sport-eira-black\/#primaryimage","url":"https:\/\/www.inverseteams.com\/wp-content\/uploads\/TOP-DEPORTIVO-EIRA-BLACK-1.jpg","contentUrl":"https:\/\/www.inverseteams.com\/wp-content\/uploads\/TOP-DEPORTIVO-EIRA-BLACK-1.jpg","width":1500,"height":1612},{"@type":"BreadcrumbList","@id":"https:\/\/www.inverseteams.com\/fr\/produit\/brassiere-de-sport-eira-black\/#breadcrumb","itemListElement":[{"@type":"ListItem","position":1,"name":"Portada","item":"https:\/\/www.inverseteams.com\/fr\/pagina-principal\/"},{"@type":"ListItem","position":2,"name":"Panier","item":"https:\/\/www.inverseteams.com\/fr\/panier\/"},{"@type":"ListItem","position":3,"name":"Brassi\u00e8re de sport EIRA BLACK"}]},{"@type":"WebSite","@id":"https:\/\/www.inverseteams.com\/fr\/#website","url":"https:\/\/www.inverseteams.com\/fr\/","name":"Inverseteams","description":"Tu marca de ropa deportiva personalizada","publisher":{"@id":"https:\/\/www.inverseteams.com\/fr\/#organization"},"potentialAction":[{"@type":"SearchAction","target":{"@type":"EntryPoint","urlTemplate":"https:\/\/www.inverseteams.com\/fr\/?s={search_term_string}"},"query-input":{"@type":"PropertyValueSpecification","valueRequired":true,"valueName":"search_term_string"}}],"inLanguage":"fr-FR"},{"@type":"Organization","@id":"https:\/\/www.inverseteams.com\/fr\/#organization","name":"Inverse Teams","url":"https:\/\/www.inverseteams.com\/fr\/","logo":{"@type":"ImageObject","inLanguage":"fr-FR","@id":"https:\/\/www.inverseteams.com\/fr\/#\/schema\/logo\/image\/","url":"https:\/\/www.inverseteams.com\/wp-content\/uploads\/2021\/03\/logo-inverse-teams.png","contentUrl":"https:\/\/www.inverseteams.com\/wp-content\/uploads\/2021\/03\/logo-inverse-teams.png","width":294,"height":99,"caption":"Inverse Teams"},"image":{"@id":"https:\/\/www.inverseteams.com\/fr\/#\/schema\/logo\/image\/"},"sameAs":["https:\/\/www.facebook.com\/inverseteams","http:\/\/instagram.com\/inverseteams","https:\/\/www.linkedin.com\/company\/inverse-cirosport-s-l-?trk=job_view_topcard_company_name","http:\/\/www.pinterest.com\/inverseteams\/","http:\/\/www.youtube.com\/user\/inverseteams?feature=watch"]}]}},"_links":{"self":[{"href":"https:\/\/www.inverseteams.com\/fr\/wp-json\/wp\/v2\/product\/238235","targetHints":{"allow":["GET"]}}],"collection":[{"href":"https:\/\/www.inverseteams.com\/fr\/wp-json\/wp\/v2\/product"}],"about":[{"href":"https:\/\/www.inverseteams.com\/fr\/wp-json\/wp\/v2\/types\/product"}],"replies":[{"embeddable":true,"href":"https:\/\/www.inverseteams.com\/fr\/wp-json\/wp\/v2\/comments?post=238235"}],"wp:featuredmedia":[{"embeddable":true,"href":"https:\/\/www.inverseteams.com\/fr\/wp-json\/wp\/v2\/media\/237705"}],"wp:attachment":[{"href":"https:\/\/www.inverseteams.com\/fr\/wp-json\/wp\/v2\/media?parent=238235"}],"wp:term":[{"taxonomy":"product_brand","embeddable":true,"href":"https:\/\/www.inverseteams.com\/fr\/wp-json\/wp\/v2\/product_brand?post=238235"},{"taxonomy":"product_cat","embeddable":true,"href":"https:\/\/www.inverseteams.com\/fr\/wp-json\/wp\/v2\/product_cat?post=238235"},{"taxonomy":"product_tag","embeddable":true,"href":"https:\/\/www.inverseteams.com\/fr\/wp-json\/wp\/v2\/product_tag?post=238235"},{"taxonomy":"custom_category","embeddable":true,"href":"https:\/\/www.inverseteams.com\/fr\/wp-json\/wp\/v2\/custom_category?post=238235"},{"taxonomy":"range","embeddable":true,"href":"https:\/\/www.inverseteams.com\/fr\/wp-json\/wp\/v2\/range?post=238235"}],"curies":[{"name":"wp","href":"https:\/\/api.w.org\/{rel}","templated":true}]}}