{"id":238213,"date":"2025-01-27T16:09:19","date_gmt":"2025-01-27T16:09:19","guid":{"rendered":"https:\/\/www.inverseteams.com\/?post_type=product&#038;p=238213"},"modified":"2025-05-17T16:17:07","modified_gmt":"2025-05-17T16:17:07","slug":"maillot-cyclisme-manche-courte-boone-ivory-homme","status":"publish","type":"product","link":"https:\/\/www.inverseteams.com\/fr\/produit\/maillot-cyclisme-manche-courte-boone-ivory-homme\/","title":{"rendered":"Maillot cyclisme manche courte BOONE IVORY (HOMME)"},"content":{"rendered":"<p>Avec une coupe ajust\u00e9e et un design ergonomique, ce maillot s&rsquo;adapte parfaitement \u00e0 votre corps, maximisant vos performances. Gr\u00e2ce \u00e0 l&rsquo;\u00e9lasticit\u00e9 et \u00e0 la structure avanc\u00e9e de ses tissus, il offre une a\u00e9rodynamique exceptionnelle, permettant \u00e0 l&rsquo;air de s&rsquo;\u00e9couler sans r\u00e9sistance. La taille est \u00e9quip\u00e9e d&rsquo;une bande \u00e9lastique avec un grip int\u00e9rieur pour assurer un ajustement ferme et confortable.<br \/>\nDans le dos, il int\u00e8gre 3 poches arri\u00e8re avec le syst\u00e8me innovant de S\u00e9curit\u00e9 ISP (Inverse Safe Pocket), id\u00e9al pour transporter en toute s\u00e9curit\u00e9 des gilets ou des barres \u00e9nerg\u00e9tiques. En outre, il dispose d&rsquo;une quatri\u00e8me poche imperm\u00e9able avec fermeture \u00e9clair, parfaite pour prot\u00e9ger vos objets de valeur contre l&rsquo;humidit\u00e9 et les intemp\u00e9ries.<br \/>\nLe col bas et anatomique garantit un contact confortable avec votre peau, \u00e9vitant les irritations et r\u00e9duisant l&rsquo;entr\u00e9e d&rsquo;air. Les tissus techniques sont con\u00e7us pour \u00e9vacuer rapidement la transpiration, gardant votre peau fra\u00eeche et s\u00e8che, m\u00eame pendant les journ\u00e9es les plus chaudes. Les finitions thermoscell\u00e9es optimisent non seulement le design minimaliste, mais renforcent \u00e9galement la durabilit\u00e9 et le confort global du maillot.<br \/>\nS\u00e9curit\u00e9 \u00e0 chaque kilom\u00e8tre. Des \u00e9l\u00e9ments r\u00e9fl\u00e9chissants ont \u00e9t\u00e9 strat\u00e9giquement int\u00e9gr\u00e9s au-dessus des poches pour am\u00e9liorer votre visibilit\u00e9 sur la route et augmenter votre s\u00e9curit\u00e9.<br \/>\nProfitez de vos sorties \u00e0 v\u00e9lo avec un maillot qui allie l\u00e9g\u00e8ret\u00e9, performance, confort et s\u00e9curit\u00e9.<\/p>\n","protected":false},"excerpt":{"rendered":"<p>Avec une coupe ajust\u00e9e et un design ergonomique, ce maillot s&rsquo;adapte parfaitement \u00e0 votre corps, maximisant vos performances. Gr\u00e2ce \u00e0 l&rsquo;\u00e9lasticit\u00e9 et \u00e0 la structure avanc\u00e9e de ses tissus, il offre une a\u00e9rodynamique exceptionnelle, permettant \u00e0 l&rsquo;air de s&rsquo;\u00e9couler sans r\u00e9sistance. La taille est \u00e9quip\u00e9e d&rsquo;une bande \u00e9lastique avec un grip int\u00e9rieur pour assurer un ajustement ferme et confortable.<br \/>\nDans le dos, il int\u00e8gre 3 poches arri\u00e8re avec le syst\u00e8me innovant de S\u00e9curit\u00e9 ISP (Inverse Safe Pocket), id\u00e9al pour transporter en toute s\u00e9curit\u00e9 des gilets ou des barres \u00e9nerg\u00e9tiques. En outre, il dispose d&rsquo;une quatri\u00e8me poche imperm\u00e9able avec fermeture \u00e9clair, parfaite pour prot\u00e9ger vos objets de valeur contre l&rsquo;humidit\u00e9 et les intemp\u00e9ries.<br \/>\nLe col bas et anatomique garantit un contact confortable avec votre peau, \u00e9vitant les irritations et r\u00e9duisant l&rsquo;entr\u00e9e d&rsquo;air. Les tissus techniques sont con\u00e7us pour \u00e9vacuer rapidement la transpiration, gardant votre peau fra\u00eeche et s\u00e8che, m\u00eame pendant les journ\u00e9es les plus chaudes. Les finitions thermoscell\u00e9es optimisent non seulement le design minimaliste, mais renforcent \u00e9galement la durabilit\u00e9 et le confort global du maillot.<br \/>\nS\u00e9curit\u00e9 \u00e0 chaque kilom\u00e8tre. Des \u00e9l\u00e9ments r\u00e9fl\u00e9chissants ont \u00e9t\u00e9 strat\u00e9giquement int\u00e9gr\u00e9s au-dessus des poches pour am\u00e9liorer votre visibilit\u00e9 sur la route et augmenter votre s\u00e9curit\u00e9.<br \/>\nProfitez de vos sorties \u00e0 v\u00e9lo avec un maillot qui allie l\u00e9g\u00e8ret\u00e9, performance, confort et s\u00e9curit\u00e9.<\/p>\n","protected":false},"featured_media":237063,"comment_status":"closed","ping_status":"closed","template":"","meta":{"_acf_changed":false},"product_brand":[],"product_cat":[3230,3240,7177],"product_tag":[],"custom_category":[],"range":[],"class_list":{"0":"post-238213","1":"product","2":"type-product","3":"status-publish","4":"has-post-thumbnail","6":"product_cat-cyclisme-fr","7":"product_cat-maillot-cycliste","8":"product_cat-b2b-fr","9":"pa_climatologia-chaud","10":"pa_deporte-cyclisme","11":"pa_deporte-gravel-fr","12":"pa_genero-homme","13":"pa_patronaje-fit-fr","14":"pa_talla-m-fr","15":"pa_talla-s-fr","16":"pa_talla-xl-fr","17":"pa_talla-xxl-fr","18":"pa_talla-l-fr","19":"pa_tipo-de-prenda-maillot-manche-courte","21":"first","22":"instock","23":"taxable","24":"shipping-taxable","25":"purchasable","26":"product-type-variable","27":"has-default-attributes"},"acf":[],"yoast_head":"<!-- This site is optimized with the Yoast SEO plugin v27.3 - https:\/\/yoast.com\/product\/yoast-seo-wordpress\/ -->\n<title>Maillot cyclisme manche courte BOONE IVORY (HOMME)<\/title>\n<meta name=\"description\" content=\"Avec une coupe ajust\u00e9e et un design ergonomique, ce maillot s&#039;adapte parfaitement \u00e0 votre corps, maximisant vos performances. Gr\u00e2ce \u00e0 l&#039;\u00e9lasticit\u00e9 et \u00e0 la structure avanc\u00e9e de ses tissus, il offre une a\u00e9rodynamique exceptionnelle, permettant \u00e0 l&#039;air de s&#039;\u00e9couler sans r\u00e9sistance. La taille est \u00e9quip\u00e9e d&#039;une bande \u00e9lastique avec un grip int\u00e9rieur pour assurer un ajustement ferme et confortable. Dans le dos, il int\u00e8gre 3 poches arri\u00e8re avec le syst\u00e8me innovant de S\u00e9curit\u00e9 ISP (Inverse Safe Pocket), id\u00e9al pour transporter en toute s\u00e9curit\u00e9 des gilets ou des barres \u00e9nerg\u00e9tiques. En outre, il dispose d&#039;une quatri\u00e8me poche imperm\u00e9able avec fermeture \u00e9clair, parfaite pour prot\u00e9ger vos objets de valeur contre l&#039;humidit\u00e9 et les intemp\u00e9ries. Le col bas et anatomique garantit un contact confortable avec votre peau, \u00e9vitant les irritations et r\u00e9duisant l&#039;entr\u00e9e d&#039;air. Les tissus techniques sont con\u00e7us pour \u00e9vacuer rapidement la transpiration, gardant votre peau fra\u00eeche et s\u00e8che, m\u00eame pendant les journ\u00e9es les plus chaudes. Les finitions thermoscell\u00e9es optimisent non seulement le design minimaliste, mais renforcent \u00e9galement la durabilit\u00e9 et le confort global du maillot. S\u00e9curit\u00e9 \u00e0 chaque kilom\u00e8tre. Des \u00e9l\u00e9ments r\u00e9fl\u00e9chissants ont \u00e9t\u00e9 strat\u00e9giquement int\u00e9gr\u00e9s au-dessus des poches pour am\u00e9liorer votre visibilit\u00e9 sur la route et augmenter votre s\u00e9curit\u00e9. Profitez de vos sorties \u00e0 v\u00e9lo avec un maillot qui allie l\u00e9g\u00e8ret\u00e9, performance, confort et s\u00e9curit\u00e9.\" \/>\n<meta name=\"robots\" content=\"index, follow, max-snippet:-1, max-image-preview:large, max-video-preview:-1\" \/>\n<link rel=\"canonical\" href=\"https:\/\/www.inverseteams.com\/fr\/produit\/maillot-cyclisme-manche-courte-boone-ivory-homme\/\" \/>\n<meta property=\"og:locale\" content=\"fr_FR\" \/>\n<meta property=\"og:type\" content=\"article\" \/>\n<meta property=\"og:title\" content=\"Maillot cyclisme manche courte BOONE IVORY (HOMME)\" \/>\n<meta property=\"og:description\" content=\"Avec une coupe ajust\u00e9e et un design ergonomique, ce maillot s&#039;adapte parfaitement \u00e0 votre corps, maximisant vos performances. Gr\u00e2ce \u00e0 l&#039;\u00e9lasticit\u00e9 et \u00e0 la structure avanc\u00e9e de ses tissus, il offre une a\u00e9rodynamique exceptionnelle, permettant \u00e0 l&#039;air de s&#039;\u00e9couler sans r\u00e9sistance. La taille est \u00e9quip\u00e9e d&#039;une bande \u00e9lastique avec un grip int\u00e9rieur pour assurer un ajustement ferme et confortable. Dans le dos, il int\u00e8gre 3 poches arri\u00e8re avec le syst\u00e8me innovant de S\u00e9curit\u00e9 ISP (Inverse Safe Pocket), id\u00e9al pour transporter en toute s\u00e9curit\u00e9 des gilets ou des barres \u00e9nerg\u00e9tiques. En outre, il dispose d&#039;une quatri\u00e8me poche imperm\u00e9able avec fermeture \u00e9clair, parfaite pour prot\u00e9ger vos objets de valeur contre l&#039;humidit\u00e9 et les intemp\u00e9ries. Le col bas et anatomique garantit un contact confortable avec votre peau, \u00e9vitant les irritations et r\u00e9duisant l&#039;entr\u00e9e d&#039;air. Les tissus techniques sont con\u00e7us pour \u00e9vacuer rapidement la transpiration, gardant votre peau fra\u00eeche et s\u00e8che, m\u00eame pendant les journ\u00e9es les plus chaudes. Les finitions thermoscell\u00e9es optimisent non seulement le design minimaliste, mais renforcent \u00e9galement la durabilit\u00e9 et le confort global du maillot. S\u00e9curit\u00e9 \u00e0 chaque kilom\u00e8tre. Des \u00e9l\u00e9ments r\u00e9fl\u00e9chissants ont \u00e9t\u00e9 strat\u00e9giquement int\u00e9gr\u00e9s au-dessus des poches pour am\u00e9liorer votre visibilit\u00e9 sur la route et augmenter votre s\u00e9curit\u00e9. Profitez de vos sorties \u00e0 v\u00e9lo avec un maillot qui allie l\u00e9g\u00e8ret\u00e9, performance, confort et s\u00e9curit\u00e9.\" \/>\n<meta property=\"og:url\" content=\"https:\/\/www.inverseteams.com\/fr\/produit\/maillot-cyclisme-manche-courte-boone-ivory-homme\/\" \/>\n<meta property=\"og:site_name\" content=\"Inverseteams\" \/>\n<meta property=\"article:publisher\" content=\"https:\/\/www.facebook.com\/inverseteams\" \/>\n<meta property=\"article:modified_time\" content=\"2025-05-17T16:17:07+00:00\" \/>\n<meta property=\"og:image\" content=\"https:\/\/www.inverseteams.com\/wp-content\/uploads\/MAILLOT-CICLISTA-BOONE-IVORY-1.jpg\" \/>\n\t<meta property=\"og:image:width\" content=\"1500\" \/>\n\t<meta property=\"og:image:height\" content=\"1612\" \/>\n\t<meta property=\"og:image:type\" content=\"image\/jpeg\" \/>\n<meta name=\"twitter:card\" content=\"summary_large_image\" \/>\n<meta name=\"twitter:label1\" content=\"Dur\u00e9e de lecture estim\u00e9e\" \/>\n\t<meta name=\"twitter:data1\" content=\"2 minutes\" \/>\n<script type=\"application\/ld+json\" class=\"yoast-schema-graph\">{\"@context\":\"https:\\\/\\\/schema.org\",\"@graph\":[{\"@type\":\"WebPage\",\"@id\":\"https:\\\/\\\/www.inverseteams.com\\\/fr\\\/produit\\\/maillot-cyclisme-manche-courte-boone-ivory-homme\\\/\",\"url\":\"https:\\\/\\\/www.inverseteams.com\\\/fr\\\/produit\\\/maillot-cyclisme-manche-courte-boone-ivory-homme\\\/\",\"name\":\"Maillot cyclisme manche courte BOONE IVORY (HOMME)\",\"isPartOf\":{\"@id\":\"https:\\\/\\\/www.inverseteams.com\\\/fr\\\/#website\"},\"primaryImageOfPage\":{\"@id\":\"https:\\\/\\\/www.inverseteams.com\\\/fr\\\/produit\\\/maillot-cyclisme-manche-courte-boone-ivory-homme\\\/#primaryimage\"},\"image\":{\"@id\":\"https:\\\/\\\/www.inverseteams.com\\\/fr\\\/produit\\\/maillot-cyclisme-manche-courte-boone-ivory-homme\\\/#primaryimage\"},\"thumbnailUrl\":\"https:\\\/\\\/www.inverseteams.com\\\/wp-content\\\/uploads\\\/MAILLOT-CICLISTA-BOONE-IVORY-1.jpg\",\"datePublished\":\"2025-01-27T16:09:19+00:00\",\"dateModified\":\"2025-05-17T16:17:07+00:00\",\"description\":\"Avec une coupe ajust\u00e9e et un design ergonomique, ce maillot s'adapte parfaitement \u00e0 votre corps, maximisant vos performances. Gr\u00e2ce \u00e0 l'\u00e9lasticit\u00e9 et \u00e0 la structure avanc\u00e9e de ses tissus, il offre une a\u00e9rodynamique exceptionnelle, permettant \u00e0 l'air de s'\u00e9couler sans r\u00e9sistance. La taille est \u00e9quip\u00e9e d'une bande \u00e9lastique avec un grip int\u00e9rieur pour assurer un ajustement ferme et confortable. Dans le dos, il int\u00e8gre 3 poches arri\u00e8re avec le syst\u00e8me innovant de S\u00e9curit\u00e9 ISP (Inverse Safe Pocket), id\u00e9al pour transporter en toute s\u00e9curit\u00e9 des gilets ou des barres \u00e9nerg\u00e9tiques. En outre, il dispose d'une quatri\u00e8me poche imperm\u00e9able avec fermeture \u00e9clair, parfaite pour prot\u00e9ger vos objets de valeur contre l'humidit\u00e9 et les intemp\u00e9ries. Le col bas et anatomique garantit un contact confortable avec votre peau, \u00e9vitant les irritations et r\u00e9duisant l'entr\u00e9e d'air. Les tissus techniques sont con\u00e7us pour \u00e9vacuer rapidement la transpiration, gardant votre peau fra\u00eeche et s\u00e8che, m\u00eame pendant les journ\u00e9es les plus chaudes. Les finitions thermoscell\u00e9es optimisent non seulement le design minimaliste, mais renforcent \u00e9galement la durabilit\u00e9 et le confort global du maillot. S\u00e9curit\u00e9 \u00e0 chaque kilom\u00e8tre. Des \u00e9l\u00e9ments r\u00e9fl\u00e9chissants ont \u00e9t\u00e9 strat\u00e9giquement int\u00e9gr\u00e9s au-dessus des poches pour am\u00e9liorer votre visibilit\u00e9 sur la route et augmenter votre s\u00e9curit\u00e9. Profitez de vos sorties \u00e0 v\u00e9lo avec un maillot qui allie l\u00e9g\u00e8ret\u00e9, performance, confort et s\u00e9curit\u00e9.\",\"breadcrumb\":{\"@id\":\"https:\\\/\\\/www.inverseteams.com\\\/fr\\\/produit\\\/maillot-cyclisme-manche-courte-boone-ivory-homme\\\/#breadcrumb\"},\"inLanguage\":\"fr-FR\",\"potentialAction\":[{\"@type\":\"ReadAction\",\"target\":[\"https:\\\/\\\/www.inverseteams.com\\\/fr\\\/produit\\\/maillot-cyclisme-manche-courte-boone-ivory-homme\\\/\"]}]},{\"@type\":\"ImageObject\",\"inLanguage\":\"fr-FR\",\"@id\":\"https:\\\/\\\/www.inverseteams.com\\\/fr\\\/produit\\\/maillot-cyclisme-manche-courte-boone-ivory-homme\\\/#primaryimage\",\"url\":\"https:\\\/\\\/www.inverseteams.com\\\/wp-content\\\/uploads\\\/MAILLOT-CICLISTA-BOONE-IVORY-1.jpg\",\"contentUrl\":\"https:\\\/\\\/www.inverseteams.com\\\/wp-content\\\/uploads\\\/MAILLOT-CICLISTA-BOONE-IVORY-1.jpg\",\"width\":1500,\"height\":1612},{\"@type\":\"BreadcrumbList\",\"@id\":\"https:\\\/\\\/www.inverseteams.com\\\/fr\\\/produit\\\/maillot-cyclisme-manche-courte-boone-ivory-homme\\\/#breadcrumb\",\"itemListElement\":[{\"@type\":\"ListItem\",\"position\":1,\"name\":\"Portada\",\"item\":\"https:\\\/\\\/www.inverseteams.com\\\/fr\\\/pagina-principal\\\/\"},{\"@type\":\"ListItem\",\"position\":2,\"name\":\"Panier\",\"item\":\"https:\\\/\\\/www.inverseteams.com\\\/fr\\\/panier\\\/\"},{\"@type\":\"ListItem\",\"position\":3,\"name\":\"Maillot cyclisme manche courte BOONE IVORY (HOMME)\"}]},{\"@type\":\"WebSite\",\"@id\":\"https:\\\/\\\/www.inverseteams.com\\\/fr\\\/#website\",\"url\":\"https:\\\/\\\/www.inverseteams.com\\\/fr\\\/\",\"name\":\"Inverseteams\",\"description\":\"Tu marca de ropa deportiva personalizada\",\"publisher\":{\"@id\":\"https:\\\/\\\/www.inverseteams.com\\\/fr\\\/#organization\"},\"potentialAction\":[{\"@type\":\"SearchAction\",\"target\":{\"@type\":\"EntryPoint\",\"urlTemplate\":\"https:\\\/\\\/www.inverseteams.com\\\/fr\\\/?s={search_term_string}\"},\"query-input\":{\"@type\":\"PropertyValueSpecification\",\"valueRequired\":true,\"valueName\":\"search_term_string\"}}],\"inLanguage\":\"fr-FR\"},{\"@type\":\"Organization\",\"@id\":\"https:\\\/\\\/www.inverseteams.com\\\/fr\\\/#organization\",\"name\":\"Inverse Teams\",\"url\":\"https:\\\/\\\/www.inverseteams.com\\\/fr\\\/\",\"logo\":{\"@type\":\"ImageObject\",\"inLanguage\":\"fr-FR\",\"@id\":\"https:\\\/\\\/www.inverseteams.com\\\/fr\\\/#\\\/schema\\\/logo\\\/image\\\/\",\"url\":\"https:\\\/\\\/www.inverseteams.com\\\/wp-content\\\/uploads\\\/2021\\\/03\\\/logo-inverse-teams.png\",\"contentUrl\":\"https:\\\/\\\/www.inverseteams.com\\\/wp-content\\\/uploads\\\/2021\\\/03\\\/logo-inverse-teams.png\",\"width\":294,\"height\":99,\"caption\":\"Inverse Teams\"},\"image\":{\"@id\":\"https:\\\/\\\/www.inverseteams.com\\\/fr\\\/#\\\/schema\\\/logo\\\/image\\\/\"},\"sameAs\":[\"https:\\\/\\\/www.facebook.com\\\/inverseteams\",\"http:\\\/\\\/instagram.com\\\/inverseteams\",\"https:\\\/\\\/www.linkedin.com\\\/company\\\/inverse-cirosport-s-l-?trk=job_view_topcard_company_name\",\"http:\\\/\\\/www.pinterest.com\\\/inverseteams\\\/\",\"http:\\\/\\\/www.youtube.com\\\/user\\\/inverseteams?feature=watch\"]}]}<\/script>\n<!-- \/ Yoast SEO plugin. -->","yoast_head_json":{"title":"Maillot cyclisme manche courte BOONE IVORY (HOMME)","description":"Avec une coupe ajust\u00e9e et un design ergonomique, ce maillot s'adapte parfaitement \u00e0 votre corps, maximisant vos performances. Gr\u00e2ce \u00e0 l'\u00e9lasticit\u00e9 et \u00e0 la structure avanc\u00e9e de ses tissus, il offre une a\u00e9rodynamique exceptionnelle, permettant \u00e0 l'air de s'\u00e9couler sans r\u00e9sistance. La taille est \u00e9quip\u00e9e d'une bande \u00e9lastique avec un grip int\u00e9rieur pour assurer un ajustement ferme et confortable. Dans le dos, il int\u00e8gre 3 poches arri\u00e8re avec le syst\u00e8me innovant de S\u00e9curit\u00e9 ISP (Inverse Safe Pocket), id\u00e9al pour transporter en toute s\u00e9curit\u00e9 des gilets ou des barres \u00e9nerg\u00e9tiques. En outre, il dispose d'une quatri\u00e8me poche imperm\u00e9able avec fermeture \u00e9clair, parfaite pour prot\u00e9ger vos objets de valeur contre l'humidit\u00e9 et les intemp\u00e9ries. Le col bas et anatomique garantit un contact confortable avec votre peau, \u00e9vitant les irritations et r\u00e9duisant l'entr\u00e9e d'air. Les tissus techniques sont con\u00e7us pour \u00e9vacuer rapidement la transpiration, gardant votre peau fra\u00eeche et s\u00e8che, m\u00eame pendant les journ\u00e9es les plus chaudes. Les finitions thermoscell\u00e9es optimisent non seulement le design minimaliste, mais renforcent \u00e9galement la durabilit\u00e9 et le confort global du maillot. S\u00e9curit\u00e9 \u00e0 chaque kilom\u00e8tre. Des \u00e9l\u00e9ments r\u00e9fl\u00e9chissants ont \u00e9t\u00e9 strat\u00e9giquement int\u00e9gr\u00e9s au-dessus des poches pour am\u00e9liorer votre visibilit\u00e9 sur la route et augmenter votre s\u00e9curit\u00e9. Profitez de vos sorties \u00e0 v\u00e9lo avec un maillot qui allie l\u00e9g\u00e8ret\u00e9, performance, confort et s\u00e9curit\u00e9.","robots":{"index":"index","follow":"follow","max-snippet":"max-snippet:-1","max-image-preview":"max-image-preview:large","max-video-preview":"max-video-preview:-1"},"canonical":"https:\/\/www.inverseteams.com\/fr\/produit\/maillot-cyclisme-manche-courte-boone-ivory-homme\/","og_locale":"fr_FR","og_type":"article","og_title":"Maillot cyclisme manche courte BOONE IVORY (HOMME)","og_description":"Avec une coupe ajust\u00e9e et un design ergonomique, ce maillot s'adapte parfaitement \u00e0 votre corps, maximisant vos performances. Gr\u00e2ce \u00e0 l'\u00e9lasticit\u00e9 et \u00e0 la structure avanc\u00e9e de ses tissus, il offre une a\u00e9rodynamique exceptionnelle, permettant \u00e0 l'air de s'\u00e9couler sans r\u00e9sistance. La taille est \u00e9quip\u00e9e d'une bande \u00e9lastique avec un grip int\u00e9rieur pour assurer un ajustement ferme et confortable. Dans le dos, il int\u00e8gre 3 poches arri\u00e8re avec le syst\u00e8me innovant de S\u00e9curit\u00e9 ISP (Inverse Safe Pocket), id\u00e9al pour transporter en toute s\u00e9curit\u00e9 des gilets ou des barres \u00e9nerg\u00e9tiques. En outre, il dispose d'une quatri\u00e8me poche imperm\u00e9able avec fermeture \u00e9clair, parfaite pour prot\u00e9ger vos objets de valeur contre l'humidit\u00e9 et les intemp\u00e9ries. Le col bas et anatomique garantit un contact confortable avec votre peau, \u00e9vitant les irritations et r\u00e9duisant l'entr\u00e9e d'air. Les tissus techniques sont con\u00e7us pour \u00e9vacuer rapidement la transpiration, gardant votre peau fra\u00eeche et s\u00e8che, m\u00eame pendant les journ\u00e9es les plus chaudes. Les finitions thermoscell\u00e9es optimisent non seulement le design minimaliste, mais renforcent \u00e9galement la durabilit\u00e9 et le confort global du maillot. S\u00e9curit\u00e9 \u00e0 chaque kilom\u00e8tre. Des \u00e9l\u00e9ments r\u00e9fl\u00e9chissants ont \u00e9t\u00e9 strat\u00e9giquement int\u00e9gr\u00e9s au-dessus des poches pour am\u00e9liorer votre visibilit\u00e9 sur la route et augmenter votre s\u00e9curit\u00e9. Profitez de vos sorties \u00e0 v\u00e9lo avec un maillot qui allie l\u00e9g\u00e8ret\u00e9, performance, confort et s\u00e9curit\u00e9.","og_url":"https:\/\/www.inverseteams.com\/fr\/produit\/maillot-cyclisme-manche-courte-boone-ivory-homme\/","og_site_name":"Inverseteams","article_publisher":"https:\/\/www.facebook.com\/inverseteams","article_modified_time":"2025-05-17T16:17:07+00:00","og_image":[{"width":1500,"height":1612,"url":"https:\/\/www.inverseteams.com\/wp-content\/uploads\/MAILLOT-CICLISTA-BOONE-IVORY-1.jpg","type":"image\/jpeg"}],"twitter_card":"summary_large_image","twitter_misc":{"Dur\u00e9e de lecture estim\u00e9e":"2 minutes"},"schema":{"@context":"https:\/\/schema.org","@graph":[{"@type":"WebPage","@id":"https:\/\/www.inverseteams.com\/fr\/produit\/maillot-cyclisme-manche-courte-boone-ivory-homme\/","url":"https:\/\/www.inverseteams.com\/fr\/produit\/maillot-cyclisme-manche-courte-boone-ivory-homme\/","name":"Maillot cyclisme manche courte BOONE IVORY (HOMME)","isPartOf":{"@id":"https:\/\/www.inverseteams.com\/fr\/#website"},"primaryImageOfPage":{"@id":"https:\/\/www.inverseteams.com\/fr\/produit\/maillot-cyclisme-manche-courte-boone-ivory-homme\/#primaryimage"},"image":{"@id":"https:\/\/www.inverseteams.com\/fr\/produit\/maillot-cyclisme-manche-courte-boone-ivory-homme\/#primaryimage"},"thumbnailUrl":"https:\/\/www.inverseteams.com\/wp-content\/uploads\/MAILLOT-CICLISTA-BOONE-IVORY-1.jpg","datePublished":"2025-01-27T16:09:19+00:00","dateModified":"2025-05-17T16:17:07+00:00","description":"Avec une coupe ajust\u00e9e et un design ergonomique, ce maillot s'adapte parfaitement \u00e0 votre corps, maximisant vos performances. Gr\u00e2ce \u00e0 l'\u00e9lasticit\u00e9 et \u00e0 la structure avanc\u00e9e de ses tissus, il offre une a\u00e9rodynamique exceptionnelle, permettant \u00e0 l'air de s'\u00e9couler sans r\u00e9sistance. La taille est \u00e9quip\u00e9e d'une bande \u00e9lastique avec un grip int\u00e9rieur pour assurer un ajustement ferme et confortable. Dans le dos, il int\u00e8gre 3 poches arri\u00e8re avec le syst\u00e8me innovant de S\u00e9curit\u00e9 ISP (Inverse Safe Pocket), id\u00e9al pour transporter en toute s\u00e9curit\u00e9 des gilets ou des barres \u00e9nerg\u00e9tiques. En outre, il dispose d'une quatri\u00e8me poche imperm\u00e9able avec fermeture \u00e9clair, parfaite pour prot\u00e9ger vos objets de valeur contre l'humidit\u00e9 et les intemp\u00e9ries. Le col bas et anatomique garantit un contact confortable avec votre peau, \u00e9vitant les irritations et r\u00e9duisant l'entr\u00e9e d'air. Les tissus techniques sont con\u00e7us pour \u00e9vacuer rapidement la transpiration, gardant votre peau fra\u00eeche et s\u00e8che, m\u00eame pendant les journ\u00e9es les plus chaudes. Les finitions thermoscell\u00e9es optimisent non seulement le design minimaliste, mais renforcent \u00e9galement la durabilit\u00e9 et le confort global du maillot. S\u00e9curit\u00e9 \u00e0 chaque kilom\u00e8tre. Des \u00e9l\u00e9ments r\u00e9fl\u00e9chissants ont \u00e9t\u00e9 strat\u00e9giquement int\u00e9gr\u00e9s au-dessus des poches pour am\u00e9liorer votre visibilit\u00e9 sur la route et augmenter votre s\u00e9curit\u00e9. Profitez de vos sorties \u00e0 v\u00e9lo avec un maillot qui allie l\u00e9g\u00e8ret\u00e9, performance, confort et s\u00e9curit\u00e9.","breadcrumb":{"@id":"https:\/\/www.inverseteams.com\/fr\/produit\/maillot-cyclisme-manche-courte-boone-ivory-homme\/#breadcrumb"},"inLanguage":"fr-FR","potentialAction":[{"@type":"ReadAction","target":["https:\/\/www.inverseteams.com\/fr\/produit\/maillot-cyclisme-manche-courte-boone-ivory-homme\/"]}]},{"@type":"ImageObject","inLanguage":"fr-FR","@id":"https:\/\/www.inverseteams.com\/fr\/produit\/maillot-cyclisme-manche-courte-boone-ivory-homme\/#primaryimage","url":"https:\/\/www.inverseteams.com\/wp-content\/uploads\/MAILLOT-CICLISTA-BOONE-IVORY-1.jpg","contentUrl":"https:\/\/www.inverseteams.com\/wp-content\/uploads\/MAILLOT-CICLISTA-BOONE-IVORY-1.jpg","width":1500,"height":1612},{"@type":"BreadcrumbList","@id":"https:\/\/www.inverseteams.com\/fr\/produit\/maillot-cyclisme-manche-courte-boone-ivory-homme\/#breadcrumb","itemListElement":[{"@type":"ListItem","position":1,"name":"Portada","item":"https:\/\/www.inverseteams.com\/fr\/pagina-principal\/"},{"@type":"ListItem","position":2,"name":"Panier","item":"https:\/\/www.inverseteams.com\/fr\/panier\/"},{"@type":"ListItem","position":3,"name":"Maillot cyclisme manche courte BOONE IVORY (HOMME)"}]},{"@type":"WebSite","@id":"https:\/\/www.inverseteams.com\/fr\/#website","url":"https:\/\/www.inverseteams.com\/fr\/","name":"Inverseteams","description":"Tu marca de ropa deportiva personalizada","publisher":{"@id":"https:\/\/www.inverseteams.com\/fr\/#organization"},"potentialAction":[{"@type":"SearchAction","target":{"@type":"EntryPoint","urlTemplate":"https:\/\/www.inverseteams.com\/fr\/?s={search_term_string}"},"query-input":{"@type":"PropertyValueSpecification","valueRequired":true,"valueName":"search_term_string"}}],"inLanguage":"fr-FR"},{"@type":"Organization","@id":"https:\/\/www.inverseteams.com\/fr\/#organization","name":"Inverse Teams","url":"https:\/\/www.inverseteams.com\/fr\/","logo":{"@type":"ImageObject","inLanguage":"fr-FR","@id":"https:\/\/www.inverseteams.com\/fr\/#\/schema\/logo\/image\/","url":"https:\/\/www.inverseteams.com\/wp-content\/uploads\/2021\/03\/logo-inverse-teams.png","contentUrl":"https:\/\/www.inverseteams.com\/wp-content\/uploads\/2021\/03\/logo-inverse-teams.png","width":294,"height":99,"caption":"Inverse Teams"},"image":{"@id":"https:\/\/www.inverseteams.com\/fr\/#\/schema\/logo\/image\/"},"sameAs":["https:\/\/www.facebook.com\/inverseteams","http:\/\/instagram.com\/inverseteams","https:\/\/www.linkedin.com\/company\/inverse-cirosport-s-l-?trk=job_view_topcard_company_name","http:\/\/www.pinterest.com\/inverseteams\/","http:\/\/www.youtube.com\/user\/inverseteams?feature=watch"]}]}},"_links":{"self":[{"href":"https:\/\/www.inverseteams.com\/fr\/wp-json\/wp\/v2\/product\/238213","targetHints":{"allow":["GET"]}}],"collection":[{"href":"https:\/\/www.inverseteams.com\/fr\/wp-json\/wp\/v2\/product"}],"about":[{"href":"https:\/\/www.inverseteams.com\/fr\/wp-json\/wp\/v2\/types\/product"}],"replies":[{"embeddable":true,"href":"https:\/\/www.inverseteams.com\/fr\/wp-json\/wp\/v2\/comments?post=238213"}],"wp:featuredmedia":[{"embeddable":true,"href":"https:\/\/www.inverseteams.com\/fr\/wp-json\/wp\/v2\/media\/237063"}],"wp:attachment":[{"href":"https:\/\/www.inverseteams.com\/fr\/wp-json\/wp\/v2\/media?parent=238213"}],"wp:term":[{"taxonomy":"product_brand","embeddable":true,"href":"https:\/\/www.inverseteams.com\/fr\/wp-json\/wp\/v2\/product_brand?post=238213"},{"taxonomy":"product_cat","embeddable":true,"href":"https:\/\/www.inverseteams.com\/fr\/wp-json\/wp\/v2\/product_cat?post=238213"},{"taxonomy":"product_tag","embeddable":true,"href":"https:\/\/www.inverseteams.com\/fr\/wp-json\/wp\/v2\/product_tag?post=238213"},{"taxonomy":"custom_category","embeddable":true,"href":"https:\/\/www.inverseteams.com\/fr\/wp-json\/wp\/v2\/custom_category?post=238213"},{"taxonomy":"range","embeddable":true,"href":"https:\/\/www.inverseteams.com\/fr\/wp-json\/wp\/v2\/range?post=238213"}],"curies":[{"name":"wp","href":"https:\/\/api.w.org\/{rel}","templated":true}]}}