{"id":218544,"date":"2024-10-09T08:52:32","date_gmt":"2024-10-09T08:52:44","guid":{"rendered":"https:\/\/www.inverseteams.com\/?post_type=product&#038;p=218544"},"modified":"2024-11-15T13:10:28","modified_gmt":"2024-11-15T13:10:28","slug":"trifonction-longue-distance-2-pieces-polka-femme","status":"publish","type":"product","link":"https:\/\/www.inverseteams.com\/fr\/produit\/trifonction-longue-distance-2-pieces-polka-femme\/","title":{"rendered":"Trifonction longue distance 2 pi\u00e8ces POLKA + NICK (FEMME)"},"content":{"rendered":"<p><strong>Produit personnalis\u00e9. Aucune modification ou remboursement n&rsquo;est autoris\u00e9 &#8211; Livraison en 7 jours.<\/strong><\/p>\n<p>La zone sup\u00e9rieure dispose d\u2019une fermeture \u00e9clair int\u00e9grale qui ouvre enti\u00e8rement la combinaison cycliste et vous permet de r\u00e9guler la ventilation. Cela vous offre les avantages a\u00e9rodynamiques d\u2019une combinaison avec le m\u00eame confort qu\u2019un maillot et cuissard s\u00e9par\u00e9s.<br \/>\nLe tissu THINK du corps est tr\u00e8s l\u00e9ger, \u00e9lastique et respirant. Il permet d\u2019\u00e9vacuer la sueur rapidement pour conserver la peau s\u00e8che et \u00e9viter la surchauffe. Cela vous permettra de concourir au plus haut niveau, plus de temps.<br \/>\nLes bouts des manches d\u00e9coup\u00e9es au laser, poss\u00e8dent un grip en silicone hypoallerg\u00e9nique qui permet une attache ferme au bras et emp\u00eache l\u2019air d\u2019entrer.<br \/>\nLa technicit\u00e9 des tissus garantit un bon flux de vent pour augmenter l\u2019a\u00e9rodynamisme et optimiser tous vos efforts. Le surfilage \u00e9lastique du cou s\u2019adapte au corps sans causer de friction.<br \/>\nToutes les pi\u00e8ces de cette trifonction longue distance sont con\u00e7ues pour s\u2019adapter parfaitement aux diff\u00e9rentes positions sur le v\u00e9lo sans opposer r\u00e9sistance. Elles sont cousues avec des coutures plates super r\u00e9sistantes.<br \/>\nLe tissu des jambes se caract\u00e9rise par sa bonne compression musculaire. Il parvient \u00e0 garder l\u2019acide lactique sous contr\u00f4le, retarde la fatigue musculaire et aide \u00e0 oxyg\u00e9ner le sang. Au bout des jambes, il y a un grip en silicone hypoallerg\u00e9nique. Ce maintient la pi\u00e8ce solidement attach\u00e9e \u00e0 la jambe.<\/p>\n","protected":false},"excerpt":{"rendered":"<p><strong>Produit personnalis\u00e9. Aucune modification ou remboursement n&rsquo;est autoris\u00e9 &#8211; Livraison en 7 jours.<\/strong><\/p>\n<p>La zone sup\u00e9rieure dispose d\u2019une fermeture \u00e9clair int\u00e9grale qui ouvre enti\u00e8rement la combinaison cycliste et vous permet de r\u00e9guler la ventilation. Cela vous offre les avantages a\u00e9rodynamiques d\u2019une combinaison avec le m\u00eame confort qu\u2019un maillot et cuissard s\u00e9par\u00e9s.<br \/>\nLe tissu THINK du corps est tr\u00e8s l\u00e9ger, \u00e9lastique et respirant. Il permet d\u2019\u00e9vacuer la sueur rapidement pour conserver la peau s\u00e8che et \u00e9viter la surchauffe. Cela vous permettra de concourir au plus haut niveau, plus de temps.<br \/>\nLes bouts des manches d\u00e9coup\u00e9es au laser, poss\u00e8dent un grip en silicone hypoallerg\u00e9nique qui permet une attache ferme au bras et emp\u00eache l\u2019air d\u2019entrer.<br \/>\nLa technicit\u00e9 des tissus garantit un bon flux de vent pour augmenter l\u2019a\u00e9rodynamisme et optimiser tous vos efforts. Le surfilage \u00e9lastique du cou s\u2019adapte au corps sans causer de friction.<br \/>\nToutes les pi\u00e8ces de cette trifonction longue distance sont con\u00e7ues pour s\u2019adapter parfaitement aux diff\u00e9rentes positions sur le v\u00e9lo sans opposer r\u00e9sistance. Elles sont cousues avec des coutures plates super r\u00e9sistantes.<br \/>\nLe tissu des jambes se caract\u00e9rise par sa bonne compression musculaire. Il parvient \u00e0 garder l\u2019acide lactique sous contr\u00f4le, retarde la fatigue musculaire et aide \u00e0 oxyg\u00e9ner le sang. Au bout des jambes, il y a un grip en silicone hypoallerg\u00e9nique. Ce maintient la pi\u00e8ce solidement attach\u00e9e \u00e0 la jambe.<\/p>\n","protected":false},"featured_media":223068,"comment_status":"closed","ping_status":"closed","template":"","meta":{"_acf_changed":false},"product_brand":[],"product_cat":[3261,3256],"product_tag":[],"custom_category":[],"range":[],"class_list":{"0":"post-218544","1":"product","2":"type-product","3":"status-publish","4":"has-post-thumbnail","6":"product_cat-combinaison-triathlon","7":"product_cat-triathlon-fr","8":"pa_climatologia-chaud","9":"pa_deporte-triathlon-fr","10":"pa_genero-femme","11":"pa_patronaje-fit-fr","12":"pa_talla-xxl-fr","13":"pa_talla-xxxl-fr","14":"pa_talla-l-fr","15":"pa_talla-m-fr","16":"pa_talla-s-fr","17":"pa_talla-xl-fr","18":"pa_talla-xs-fr","19":"pa_tipo-de-prenda-trifonction-fr","21":"first","22":"instock","23":"taxable","24":"shipping-taxable","25":"purchasable","26":"product-type-variable"},"acf":[],"yoast_head":"<!-- This site is optimized with the Yoast SEO plugin v27.2 - https:\/\/yoast.com\/product\/yoast-seo-wordpress\/ -->\n<title>Trifonction longue distance 2 pi\u00e8ces POLKA + NICK (FEMME)<\/title>\n<meta name=\"description\" content=\"Trifonction triathlon longue distance 2 pi\u00e8ces personnalis\u00e9e. Avec fermeture \u00e9clair int\u00e9grale qui permet d&#039;ouvrir compl\u00e8tement la pi\u00e8ce.\" \/>\n<meta name=\"robots\" content=\"index, follow, max-snippet:-1, max-image-preview:large, max-video-preview:-1\" \/>\n<link rel=\"canonical\" href=\"https:\/\/www.inverseteams.com\/fr\/produit\/trifonction-longue-distance-2-pieces-polka-femme\/\" \/>\n<meta property=\"og:locale\" content=\"fr_FR\" \/>\n<meta property=\"og:type\" content=\"article\" \/>\n<meta property=\"og:title\" content=\"Trifonction longue distance 2 pi\u00e8ces personnalis\u00e9 AQUA\" \/>\n<meta property=\"og:description\" content=\"Trifonction triathlon longue distance 2 pi\u00e8ces personnalis\u00e9e. Avec fermeture \u00e9clair int\u00e9grale qui permet d&#039;ouvrir compl\u00e8tement la pi\u00e8ce. Demandez un budget !\" \/>\n<meta property=\"og:url\" content=\"https:\/\/www.inverseteams.com\/fr\/produit\/trifonction-longue-distance-2-pieces-polka-femme\/\" \/>\n<meta property=\"og:site_name\" content=\"Inverseteams\" \/>\n<meta property=\"article:publisher\" content=\"https:\/\/www.facebook.com\/inverseteams\" \/>\n<meta property=\"article:modified_time\" content=\"2024-11-15T13:10:28+00:00\" \/>\n<meta property=\"og:image\" content=\"https:\/\/www.inverseteams.com\/wp-content\/uploads\/TRITRAJE-LARGA-DISTANCIA-MUJER-POLKA-1.jpg\" \/>\n\t<meta property=\"og:image:width\" content=\"1500\" \/>\n\t<meta property=\"og:image:height\" content=\"1612\" \/>\n\t<meta property=\"og:image:type\" content=\"image\/jpeg\" \/>\n<meta name=\"twitter:card\" content=\"summary_large_image\" \/>\n<meta name=\"twitter:label1\" content=\"Dur\u00e9e de lecture estim\u00e9e\" \/>\n\t<meta name=\"twitter:data1\" content=\"2 minutes\" \/>\n<script type=\"application\/ld+json\" class=\"yoast-schema-graph\">{\"@context\":\"https:\/\/schema.org\",\"@graph\":[{\"@type\":\"WebPage\",\"@id\":\"https:\/\/www.inverseteams.com\/fr\/produit\/trifonction-longue-distance-2-pieces-polka-femme\/\",\"url\":\"https:\/\/www.inverseteams.com\/fr\/produit\/trifonction-longue-distance-2-pieces-polka-femme\/\",\"name\":\"Trifonction longue distance 2 pi\u00e8ces POLKA + NICK (FEMME)\",\"isPartOf\":{\"@id\":\"https:\/\/www.inverseteams.com\/fr\/#website\"},\"primaryImageOfPage\":{\"@id\":\"https:\/\/www.inverseteams.com\/fr\/produit\/trifonction-longue-distance-2-pieces-polka-femme\/#primaryimage\"},\"image\":{\"@id\":\"https:\/\/www.inverseteams.com\/fr\/produit\/trifonction-longue-distance-2-pieces-polka-femme\/#primaryimage\"},\"thumbnailUrl\":\"https:\/\/www.inverseteams.com\/wp-content\/uploads\/TRITRAJE-LARGA-DISTANCIA-MUJER-POLKA-1.jpg\",\"datePublished\":\"2024-10-09T08:52:44+00:00\",\"dateModified\":\"2024-11-15T13:10:28+00:00\",\"description\":\"Trifonction triathlon longue distance 2 pi\u00e8ces personnalis\u00e9e. Avec fermeture \u00e9clair int\u00e9grale qui permet d'ouvrir compl\u00e8tement la pi\u00e8ce.\",\"breadcrumb\":{\"@id\":\"https:\/\/www.inverseteams.com\/fr\/produit\/trifonction-longue-distance-2-pieces-polka-femme\/#breadcrumb\"},\"inLanguage\":\"fr-FR\",\"potentialAction\":[{\"@type\":\"ReadAction\",\"target\":[\"https:\/\/www.inverseteams.com\/fr\/produit\/trifonction-longue-distance-2-pieces-polka-femme\/\"]}]},{\"@type\":\"ImageObject\",\"inLanguage\":\"fr-FR\",\"@id\":\"https:\/\/www.inverseteams.com\/fr\/produit\/trifonction-longue-distance-2-pieces-polka-femme\/#primaryimage\",\"url\":\"https:\/\/www.inverseteams.com\/wp-content\/uploads\/TRITRAJE-LARGA-DISTANCIA-MUJER-POLKA-1.jpg\",\"contentUrl\":\"https:\/\/www.inverseteams.com\/wp-content\/uploads\/TRITRAJE-LARGA-DISTANCIA-MUJER-POLKA-1.jpg\",\"width\":1500,\"height\":1612,\"caption\":\"TRIFONCTION LONGUE DISTANCE FEMME POLKA\"},{\"@type\":\"BreadcrumbList\",\"@id\":\"https:\/\/www.inverseteams.com\/fr\/produit\/trifonction-longue-distance-2-pieces-polka-femme\/#breadcrumb\",\"itemListElement\":[{\"@type\":\"ListItem\",\"position\":1,\"name\":\"Portada\",\"item\":\"https:\/\/www.inverseteams.com\/fr\/pagina-principal\/\"},{\"@type\":\"ListItem\",\"position\":2,\"name\":\"Panier\",\"item\":\"https:\/\/www.inverseteams.com\/fr\/panier\/\"},{\"@type\":\"ListItem\",\"position\":3,\"name\":\"Trifonction longue distance 2 pi\u00e8ces POLKA + NICK (FEMME)\"}]},{\"@type\":\"WebSite\",\"@id\":\"https:\/\/www.inverseteams.com\/fr\/#website\",\"url\":\"https:\/\/www.inverseteams.com\/fr\/\",\"name\":\"Inverseteams\",\"description\":\"Tu marca de ropa deportiva personalizada\",\"publisher\":{\"@id\":\"https:\/\/www.inverseteams.com\/fr\/#organization\"},\"potentialAction\":[{\"@type\":\"SearchAction\",\"target\":{\"@type\":\"EntryPoint\",\"urlTemplate\":\"https:\/\/www.inverseteams.com\/fr\/?s={search_term_string}\"},\"query-input\":{\"@type\":\"PropertyValueSpecification\",\"valueRequired\":true,\"valueName\":\"search_term_string\"}}],\"inLanguage\":\"fr-FR\"},{\"@type\":\"Organization\",\"@id\":\"https:\/\/www.inverseteams.com\/fr\/#organization\",\"name\":\"Inverse Teams\",\"url\":\"https:\/\/www.inverseteams.com\/fr\/\",\"logo\":{\"@type\":\"ImageObject\",\"inLanguage\":\"fr-FR\",\"@id\":\"https:\/\/www.inverseteams.com\/fr\/#\/schema\/logo\/image\/\",\"url\":\"https:\/\/www.inverseteams.com\/wp-content\/uploads\/2021\/03\/logo-inverse-teams.png\",\"contentUrl\":\"https:\/\/www.inverseteams.com\/wp-content\/uploads\/2021\/03\/logo-inverse-teams.png\",\"width\":294,\"height\":99,\"caption\":\"Inverse Teams\"},\"image\":{\"@id\":\"https:\/\/www.inverseteams.com\/fr\/#\/schema\/logo\/image\/\"},\"sameAs\":[\"https:\/\/www.facebook.com\/inverseteams\",\"http:\/\/instagram.com\/inverseteams\",\"https:\/\/www.linkedin.com\/company\/inverse-cirosport-s-l-?trk=job_view_topcard_company_name\",\"http:\/\/www.pinterest.com\/inverseteams\/\",\"http:\/\/www.youtube.com\/user\/inverseteams?feature=watch\"]}]}<\/script>\n<!-- \/ Yoast SEO plugin. -->","yoast_head_json":{"title":"Trifonction longue distance 2 pi\u00e8ces POLKA + NICK (FEMME)","description":"Trifonction triathlon longue distance 2 pi\u00e8ces personnalis\u00e9e. Avec fermeture \u00e9clair int\u00e9grale qui permet d'ouvrir compl\u00e8tement la pi\u00e8ce.","robots":{"index":"index","follow":"follow","max-snippet":"max-snippet:-1","max-image-preview":"max-image-preview:large","max-video-preview":"max-video-preview:-1"},"canonical":"https:\/\/www.inverseteams.com\/fr\/produit\/trifonction-longue-distance-2-pieces-polka-femme\/","og_locale":"fr_FR","og_type":"article","og_title":"Trifonction longue distance 2 pi\u00e8ces personnalis\u00e9 AQUA","og_description":"Trifonction triathlon longue distance 2 pi\u00e8ces personnalis\u00e9e. Avec fermeture \u00e9clair int\u00e9grale qui permet d'ouvrir compl\u00e8tement la pi\u00e8ce. Demandez un budget !","og_url":"https:\/\/www.inverseteams.com\/fr\/produit\/trifonction-longue-distance-2-pieces-polka-femme\/","og_site_name":"Inverseteams","article_publisher":"https:\/\/www.facebook.com\/inverseteams","article_modified_time":"2024-11-15T13:10:28+00:00","og_image":[{"width":1500,"height":1612,"url":"https:\/\/www.inverseteams.com\/wp-content\/uploads\/TRITRAJE-LARGA-DISTANCIA-MUJER-POLKA-1.jpg","type":"image\/jpeg"}],"twitter_card":"summary_large_image","twitter_misc":{"Dur\u00e9e de lecture estim\u00e9e":"2 minutes"},"schema":{"@context":"https:\/\/schema.org","@graph":[{"@type":"WebPage","@id":"https:\/\/www.inverseteams.com\/fr\/produit\/trifonction-longue-distance-2-pieces-polka-femme\/","url":"https:\/\/www.inverseteams.com\/fr\/produit\/trifonction-longue-distance-2-pieces-polka-femme\/","name":"Trifonction longue distance 2 pi\u00e8ces POLKA + NICK (FEMME)","isPartOf":{"@id":"https:\/\/www.inverseteams.com\/fr\/#website"},"primaryImageOfPage":{"@id":"https:\/\/www.inverseteams.com\/fr\/produit\/trifonction-longue-distance-2-pieces-polka-femme\/#primaryimage"},"image":{"@id":"https:\/\/www.inverseteams.com\/fr\/produit\/trifonction-longue-distance-2-pieces-polka-femme\/#primaryimage"},"thumbnailUrl":"https:\/\/www.inverseteams.com\/wp-content\/uploads\/TRITRAJE-LARGA-DISTANCIA-MUJER-POLKA-1.jpg","datePublished":"2024-10-09T08:52:44+00:00","dateModified":"2024-11-15T13:10:28+00:00","description":"Trifonction triathlon longue distance 2 pi\u00e8ces personnalis\u00e9e. Avec fermeture \u00e9clair int\u00e9grale qui permet d'ouvrir compl\u00e8tement la pi\u00e8ce.","breadcrumb":{"@id":"https:\/\/www.inverseteams.com\/fr\/produit\/trifonction-longue-distance-2-pieces-polka-femme\/#breadcrumb"},"inLanguage":"fr-FR","potentialAction":[{"@type":"ReadAction","target":["https:\/\/www.inverseteams.com\/fr\/produit\/trifonction-longue-distance-2-pieces-polka-femme\/"]}]},{"@type":"ImageObject","inLanguage":"fr-FR","@id":"https:\/\/www.inverseteams.com\/fr\/produit\/trifonction-longue-distance-2-pieces-polka-femme\/#primaryimage","url":"https:\/\/www.inverseteams.com\/wp-content\/uploads\/TRITRAJE-LARGA-DISTANCIA-MUJER-POLKA-1.jpg","contentUrl":"https:\/\/www.inverseteams.com\/wp-content\/uploads\/TRITRAJE-LARGA-DISTANCIA-MUJER-POLKA-1.jpg","width":1500,"height":1612,"caption":"TRIFONCTION LONGUE DISTANCE FEMME POLKA"},{"@type":"BreadcrumbList","@id":"https:\/\/www.inverseteams.com\/fr\/produit\/trifonction-longue-distance-2-pieces-polka-femme\/#breadcrumb","itemListElement":[{"@type":"ListItem","position":1,"name":"Portada","item":"https:\/\/www.inverseteams.com\/fr\/pagina-principal\/"},{"@type":"ListItem","position":2,"name":"Panier","item":"https:\/\/www.inverseteams.com\/fr\/panier\/"},{"@type":"ListItem","position":3,"name":"Trifonction longue distance 2 pi\u00e8ces POLKA + NICK (FEMME)"}]},{"@type":"WebSite","@id":"https:\/\/www.inverseteams.com\/fr\/#website","url":"https:\/\/www.inverseteams.com\/fr\/","name":"Inverseteams","description":"Tu marca de ropa deportiva personalizada","publisher":{"@id":"https:\/\/www.inverseteams.com\/fr\/#organization"},"potentialAction":[{"@type":"SearchAction","target":{"@type":"EntryPoint","urlTemplate":"https:\/\/www.inverseteams.com\/fr\/?s={search_term_string}"},"query-input":{"@type":"PropertyValueSpecification","valueRequired":true,"valueName":"search_term_string"}}],"inLanguage":"fr-FR"},{"@type":"Organization","@id":"https:\/\/www.inverseteams.com\/fr\/#organization","name":"Inverse Teams","url":"https:\/\/www.inverseteams.com\/fr\/","logo":{"@type":"ImageObject","inLanguage":"fr-FR","@id":"https:\/\/www.inverseteams.com\/fr\/#\/schema\/logo\/image\/","url":"https:\/\/www.inverseteams.com\/wp-content\/uploads\/2021\/03\/logo-inverse-teams.png","contentUrl":"https:\/\/www.inverseteams.com\/wp-content\/uploads\/2021\/03\/logo-inverse-teams.png","width":294,"height":99,"caption":"Inverse Teams"},"image":{"@id":"https:\/\/www.inverseteams.com\/fr\/#\/schema\/logo\/image\/"},"sameAs":["https:\/\/www.facebook.com\/inverseteams","http:\/\/instagram.com\/inverseteams","https:\/\/www.linkedin.com\/company\/inverse-cirosport-s-l-?trk=job_view_topcard_company_name","http:\/\/www.pinterest.com\/inverseteams\/","http:\/\/www.youtube.com\/user\/inverseteams?feature=watch"]}]}},"_links":{"self":[{"href":"https:\/\/www.inverseteams.com\/fr\/wp-json\/wp\/v2\/product\/218544","targetHints":{"allow":["GET"]}}],"collection":[{"href":"https:\/\/www.inverseteams.com\/fr\/wp-json\/wp\/v2\/product"}],"about":[{"href":"https:\/\/www.inverseteams.com\/fr\/wp-json\/wp\/v2\/types\/product"}],"replies":[{"embeddable":true,"href":"https:\/\/www.inverseteams.com\/fr\/wp-json\/wp\/v2\/comments?post=218544"}],"wp:featuredmedia":[{"embeddable":true,"href":"https:\/\/www.inverseteams.com\/fr\/wp-json\/wp\/v2\/media\/223068"}],"wp:attachment":[{"href":"https:\/\/www.inverseteams.com\/fr\/wp-json\/wp\/v2\/media?parent=218544"}],"wp:term":[{"taxonomy":"product_brand","embeddable":true,"href":"https:\/\/www.inverseteams.com\/fr\/wp-json\/wp\/v2\/product_brand?post=218544"},{"taxonomy":"product_cat","embeddable":true,"href":"https:\/\/www.inverseteams.com\/fr\/wp-json\/wp\/v2\/product_cat?post=218544"},{"taxonomy":"product_tag","embeddable":true,"href":"https:\/\/www.inverseteams.com\/fr\/wp-json\/wp\/v2\/product_tag?post=218544"},{"taxonomy":"custom_category","embeddable":true,"href":"https:\/\/www.inverseteams.com\/fr\/wp-json\/wp\/v2\/custom_category?post=218544"},{"taxonomy":"range","embeddable":true,"href":"https:\/\/www.inverseteams.com\/fr\/wp-json\/wp\/v2\/range?post=218544"}],"curies":[{"name":"wp","href":"https:\/\/api.w.org\/{rel}","templated":true}]}}