{"id":210545,"date":"2024-07-29T14:35:26","date_gmt":"2024-07-29T14:43:17","guid":{"rendered":"https:\/\/www.inverseteams.com\/product\/bandeau-oda-nairobi\/"},"modified":"2025-05-21T00:01:57","modified_gmt":"2025-05-21T00:01:57","slug":"bandeau-oda-nairobi","status":"publish","type":"product","link":"https:\/\/www.inverseteams.com\/fr\/produit\/bandeau-oda-nairobi\/","title":{"rendered":"Bandeau ODA NAIROBI"},"content":{"rendered":"<p>Bande thermique id\u00e9ale pour vous prot\u00e9ger des basses temp\u00e9ratures. Il est parfait pour courir en hiver ou \u00e0 porter sous votre casque.<br \/>\nIl est fabriqu\u00e9 avec le tissu SUPERROUBAIX, qui se caract\u00e9rise par sa chaleur et sa bonne \u00e9lasticit\u00e9.<br \/>\nLe passepoil \u00e9lastique lui permet de tr\u00e8s bien s&rsquo;adapter \u00e0 la forme de la t\u00eate et l&#8217;emp\u00eache de bouger pendant l&rsquo;exercice.<\/p>\n","protected":false},"excerpt":{"rendered":"<p>Bande thermique id\u00e9ale pour vous prot\u00e9ger des basses temp\u00e9ratures. Il est parfait pour courir en hiver ou \u00e0 porter sous votre casque.<br \/>\nIl est fabriqu\u00e9 avec le tissu SUPERROUBAIX, qui se caract\u00e9rise par sa chaleur et sa bonne \u00e9lasticit\u00e9.<br \/>\nLe passepoil \u00e9lastique lui permet de tr\u00e8s bien s&rsquo;adapter \u00e0 la forme de la t\u00eate et l&#8217;emp\u00eache de bouger pendant l&rsquo;exercice.<\/p>\n","protected":false},"featured_media":208913,"comment_status":"closed","ping_status":"closed","template":"","meta":{"_acf_changed":false},"product_brand":[],"product_cat":[3230,3298,7177],"product_tag":[],"custom_category":[],"range":[],"class_list":{"0":"post-210545","1":"product","2":"type-product","3":"status-publish","4":"has-post-thumbnail","6":"product_cat-cyclisme-fr","7":"product_cat-accessoires-fr","8":"product_cat-b2b-fr","9":"pa_climatologia-froid","10":"pa_deporte-accessoires","11":"pa_genero-homme","12":"pa_genero-femme","13":"pa_genero-infantile-fr","14":"pa_talla-unique","15":"pa_tipo-de-prenda-bandeau","17":"first","18":"outofstock","19":"taxable","20":"shipping-taxable","21":"purchasable","22":"product-type-simple"},"acf":[],"yoast_head":"<!-- This site is optimized with the Yoast SEO plugin v27.5 - https:\/\/yoast.com\/product\/yoast-seo-wordpress\/ -->\n<title>Bandeau ODA NAIROBI<\/title>\n<meta name=\"description\" content=\"Bande thermique id\u00e9ale pour vous prot\u00e9ger des basses temp\u00e9ratures. Il est parfait pour courir en hiver ou \u00e0 porter sous votre casque. Il est fabriqu\u00e9 avec le tissu SUPERROUBAIX, qui se caract\u00e9rise par sa chaleur et sa bonne \u00e9lasticit\u00e9. Le passepoil \u00e9lastique lui permet de tr\u00e8s bien s&#039;adapter \u00e0 la forme de la t\u00eate et l&#039;emp\u00eache de bouger pendant l&#039;exercice.\" \/>\n<meta name=\"robots\" content=\"index, follow, max-snippet:-1, max-image-preview:large, max-video-preview:-1\" \/>\n<link rel=\"canonical\" href=\"https:\/\/www.inverseteams.com\/fr\/produit\/bandeau-oda-nairobi\/\" \/>\n<meta property=\"og:locale\" content=\"fr_FR\" \/>\n<meta property=\"og:type\" content=\"article\" \/>\n<meta property=\"og:title\" content=\"Bandeau ODA NAIROBI\" \/>\n<meta property=\"og:description\" content=\"Bande thermique id\u00e9ale pour vous prot\u00e9ger des basses temp\u00e9ratures. Il est parfait pour courir en hiver ou \u00e0 porter sous votre casque. Il est fabriqu\u00e9 avec le tissu SUPERROUBAIX, qui se caract\u00e9rise par sa chaleur et sa bonne \u00e9lasticit\u00e9. Le passepoil \u00e9lastique lui permet de tr\u00e8s bien s&#039;adapter \u00e0 la forme de la t\u00eate et l&#039;emp\u00eache de bouger pendant l&#039;exercice.\" \/>\n<meta property=\"og:url\" content=\"https:\/\/www.inverseteams.com\/fr\/produit\/bandeau-oda-nairobi\/\" \/>\n<meta property=\"og:site_name\" content=\"Inverseteams\" \/>\n<meta property=\"article:publisher\" content=\"https:\/\/www.facebook.com\/inverseteams\" \/>\n<meta property=\"article:modified_time\" content=\"2025-05-21T00:01:57+00:00\" \/>\n<meta property=\"og:image\" content=\"https:\/\/www.inverseteams.com\/wp-content\/uploads\/OREJERA-PURE-ODA-NAIROBI-1.jpg\" \/>\n\t<meta property=\"og:image:width\" content=\"1500\" \/>\n\t<meta property=\"og:image:height\" content=\"1612\" \/>\n\t<meta property=\"og:image:type\" content=\"image\/jpeg\" \/>\n<meta name=\"twitter:card\" content=\"summary_large_image\" \/>\n<meta name=\"twitter:label1\" content=\"Dur\u00e9e de lecture estim\u00e9e\" \/>\n\t<meta name=\"twitter:data1\" content=\"1 minute\" \/>\n<script type=\"application\/ld+json\" class=\"yoast-schema-graph\">{\"@context\":\"https:\\\/\\\/schema.org\",\"@graph\":[{\"@type\":\"WebPage\",\"@id\":\"https:\\\/\\\/www.inverseteams.com\\\/fr\\\/produit\\\/bandeau-oda-nairobi\\\/\",\"url\":\"https:\\\/\\\/www.inverseteams.com\\\/fr\\\/produit\\\/bandeau-oda-nairobi\\\/\",\"name\":\"Bandeau ODA NAIROBI\",\"isPartOf\":{\"@id\":\"https:\\\/\\\/www.inverseteams.com\\\/fr\\\/#website\"},\"primaryImageOfPage\":{\"@id\":\"https:\\\/\\\/www.inverseteams.com\\\/fr\\\/produit\\\/bandeau-oda-nairobi\\\/#primaryimage\"},\"image\":{\"@id\":\"https:\\\/\\\/www.inverseteams.com\\\/fr\\\/produit\\\/bandeau-oda-nairobi\\\/#primaryimage\"},\"thumbnailUrl\":\"https:\\\/\\\/www.inverseteams.com\\\/wp-content\\\/uploads\\\/OREJERA-PURE-ODA-NAIROBI-1.jpg\",\"datePublished\":\"2024-07-29T14:43:17+00:00\",\"dateModified\":\"2025-05-21T00:01:57+00:00\",\"description\":\"Bande thermique id\u00e9ale pour vous prot\u00e9ger des basses temp\u00e9ratures. Il est parfait pour courir en hiver ou \u00e0 porter sous votre casque. Il est fabriqu\u00e9 avec le tissu SUPERROUBAIX, qui se caract\u00e9rise par sa chaleur et sa bonne \u00e9lasticit\u00e9. Le passepoil \u00e9lastique lui permet de tr\u00e8s bien s'adapter \u00e0 la forme de la t\u00eate et l'emp\u00eache de bouger pendant l'exercice.\",\"breadcrumb\":{\"@id\":\"https:\\\/\\\/www.inverseteams.com\\\/fr\\\/produit\\\/bandeau-oda-nairobi\\\/#breadcrumb\"},\"inLanguage\":\"fr-FR\",\"potentialAction\":[{\"@type\":\"ReadAction\",\"target\":[\"https:\\\/\\\/www.inverseteams.com\\\/fr\\\/produit\\\/bandeau-oda-nairobi\\\/\"]}]},{\"@type\":\"ImageObject\",\"inLanguage\":\"fr-FR\",\"@id\":\"https:\\\/\\\/www.inverseteams.com\\\/fr\\\/produit\\\/bandeau-oda-nairobi\\\/#primaryimage\",\"url\":\"https:\\\/\\\/www.inverseteams.com\\\/wp-content\\\/uploads\\\/OREJERA-PURE-ODA-NAIROBI-1.jpg\",\"contentUrl\":\"https:\\\/\\\/www.inverseteams.com\\\/wp-content\\\/uploads\\\/OREJERA-PURE-ODA-NAIROBI-1.jpg\",\"width\":1500,\"height\":1612,\"caption\":\"Bandeau ODA NAIROBI\"},{\"@type\":\"BreadcrumbList\",\"@id\":\"https:\\\/\\\/www.inverseteams.com\\\/fr\\\/produit\\\/bandeau-oda-nairobi\\\/#breadcrumb\",\"itemListElement\":[{\"@type\":\"ListItem\",\"position\":1,\"name\":\"Portada\",\"item\":\"https:\\\/\\\/www.inverseteams.com\\\/fr\\\/pagina-principal\\\/\"},{\"@type\":\"ListItem\",\"position\":2,\"name\":\"Panier\",\"item\":\"https:\\\/\\\/www.inverseteams.com\\\/fr\\\/panier\\\/\"},{\"@type\":\"ListItem\",\"position\":3,\"name\":\"Bandeau ODA NAIROBI\"}]},{\"@type\":\"WebSite\",\"@id\":\"https:\\\/\\\/www.inverseteams.com\\\/fr\\\/#website\",\"url\":\"https:\\\/\\\/www.inverseteams.com\\\/fr\\\/\",\"name\":\"Inverseteams\",\"description\":\"Tu marca de ropa deportiva personalizada\",\"publisher\":{\"@id\":\"https:\\\/\\\/www.inverseteams.com\\\/fr\\\/#organization\"},\"potentialAction\":[{\"@type\":\"SearchAction\",\"target\":{\"@type\":\"EntryPoint\",\"urlTemplate\":\"https:\\\/\\\/www.inverseteams.com\\\/fr\\\/?s={search_term_string}\"},\"query-input\":{\"@type\":\"PropertyValueSpecification\",\"valueRequired\":true,\"valueName\":\"search_term_string\"}}],\"inLanguage\":\"fr-FR\"},{\"@type\":\"Organization\",\"@id\":\"https:\\\/\\\/www.inverseteams.com\\\/fr\\\/#organization\",\"name\":\"Inverse Teams\",\"url\":\"https:\\\/\\\/www.inverseteams.com\\\/fr\\\/\",\"logo\":{\"@type\":\"ImageObject\",\"inLanguage\":\"fr-FR\",\"@id\":\"https:\\\/\\\/www.inverseteams.com\\\/fr\\\/#\\\/schema\\\/logo\\\/image\\\/\",\"url\":\"https:\\\/\\\/www.inverseteams.com\\\/wp-content\\\/uploads\\\/2021\\\/03\\\/logo-inverse-teams.png\",\"contentUrl\":\"https:\\\/\\\/www.inverseteams.com\\\/wp-content\\\/uploads\\\/2021\\\/03\\\/logo-inverse-teams.png\",\"width\":294,\"height\":99,\"caption\":\"Inverse Teams\"},\"image\":{\"@id\":\"https:\\\/\\\/www.inverseteams.com\\\/fr\\\/#\\\/schema\\\/logo\\\/image\\\/\"},\"sameAs\":[\"https:\\\/\\\/www.facebook.com\\\/inverseteams\",\"http:\\\/\\\/instagram.com\\\/inverseteams\",\"https:\\\/\\\/www.linkedin.com\\\/company\\\/inverse-cirosport-s-l-?trk=job_view_topcard_company_name\",\"http:\\\/\\\/www.pinterest.com\\\/inverseteams\\\/\",\"http:\\\/\\\/www.youtube.com\\\/user\\\/inverseteams?feature=watch\"]}]}<\/script>\n<!-- \/ Yoast SEO plugin. -->","yoast_head_json":{"title":"Bandeau ODA NAIROBI","description":"Bande thermique id\u00e9ale pour vous prot\u00e9ger des basses temp\u00e9ratures. Il est parfait pour courir en hiver ou \u00e0 porter sous votre casque. Il est fabriqu\u00e9 avec le tissu SUPERROUBAIX, qui se caract\u00e9rise par sa chaleur et sa bonne \u00e9lasticit\u00e9. Le passepoil \u00e9lastique lui permet de tr\u00e8s bien s'adapter \u00e0 la forme de la t\u00eate et l'emp\u00eache de bouger pendant l'exercice.","robots":{"index":"index","follow":"follow","max-snippet":"max-snippet:-1","max-image-preview":"max-image-preview:large","max-video-preview":"max-video-preview:-1"},"canonical":"https:\/\/www.inverseteams.com\/fr\/produit\/bandeau-oda-nairobi\/","og_locale":"fr_FR","og_type":"article","og_title":"Bandeau ODA NAIROBI","og_description":"Bande thermique id\u00e9ale pour vous prot\u00e9ger des basses temp\u00e9ratures. Il est parfait pour courir en hiver ou \u00e0 porter sous votre casque. Il est fabriqu\u00e9 avec le tissu SUPERROUBAIX, qui se caract\u00e9rise par sa chaleur et sa bonne \u00e9lasticit\u00e9. Le passepoil \u00e9lastique lui permet de tr\u00e8s bien s'adapter \u00e0 la forme de la t\u00eate et l'emp\u00eache de bouger pendant l'exercice.","og_url":"https:\/\/www.inverseteams.com\/fr\/produit\/bandeau-oda-nairobi\/","og_site_name":"Inverseteams","article_publisher":"https:\/\/www.facebook.com\/inverseteams","article_modified_time":"2025-05-21T00:01:57+00:00","og_image":[{"width":1500,"height":1612,"url":"https:\/\/www.inverseteams.com\/wp-content\/uploads\/OREJERA-PURE-ODA-NAIROBI-1.jpg","type":"image\/jpeg"}],"twitter_card":"summary_large_image","twitter_misc":{"Dur\u00e9e de lecture estim\u00e9e":"1 minute"},"schema":{"@context":"https:\/\/schema.org","@graph":[{"@type":"WebPage","@id":"https:\/\/www.inverseteams.com\/fr\/produit\/bandeau-oda-nairobi\/","url":"https:\/\/www.inverseteams.com\/fr\/produit\/bandeau-oda-nairobi\/","name":"Bandeau ODA NAIROBI","isPartOf":{"@id":"https:\/\/www.inverseteams.com\/fr\/#website"},"primaryImageOfPage":{"@id":"https:\/\/www.inverseteams.com\/fr\/produit\/bandeau-oda-nairobi\/#primaryimage"},"image":{"@id":"https:\/\/www.inverseteams.com\/fr\/produit\/bandeau-oda-nairobi\/#primaryimage"},"thumbnailUrl":"https:\/\/www.inverseteams.com\/wp-content\/uploads\/OREJERA-PURE-ODA-NAIROBI-1.jpg","datePublished":"2024-07-29T14:43:17+00:00","dateModified":"2025-05-21T00:01:57+00:00","description":"Bande thermique id\u00e9ale pour vous prot\u00e9ger des basses temp\u00e9ratures. Il est parfait pour courir en hiver ou \u00e0 porter sous votre casque. Il est fabriqu\u00e9 avec le tissu SUPERROUBAIX, qui se caract\u00e9rise par sa chaleur et sa bonne \u00e9lasticit\u00e9. Le passepoil \u00e9lastique lui permet de tr\u00e8s bien s'adapter \u00e0 la forme de la t\u00eate et l'emp\u00eache de bouger pendant l'exercice.","breadcrumb":{"@id":"https:\/\/www.inverseteams.com\/fr\/produit\/bandeau-oda-nairobi\/#breadcrumb"},"inLanguage":"fr-FR","potentialAction":[{"@type":"ReadAction","target":["https:\/\/www.inverseteams.com\/fr\/produit\/bandeau-oda-nairobi\/"]}]},{"@type":"ImageObject","inLanguage":"fr-FR","@id":"https:\/\/www.inverseteams.com\/fr\/produit\/bandeau-oda-nairobi\/#primaryimage","url":"https:\/\/www.inverseteams.com\/wp-content\/uploads\/OREJERA-PURE-ODA-NAIROBI-1.jpg","contentUrl":"https:\/\/www.inverseteams.com\/wp-content\/uploads\/OREJERA-PURE-ODA-NAIROBI-1.jpg","width":1500,"height":1612,"caption":"Bandeau ODA NAIROBI"},{"@type":"BreadcrumbList","@id":"https:\/\/www.inverseteams.com\/fr\/produit\/bandeau-oda-nairobi\/#breadcrumb","itemListElement":[{"@type":"ListItem","position":1,"name":"Portada","item":"https:\/\/www.inverseteams.com\/fr\/pagina-principal\/"},{"@type":"ListItem","position":2,"name":"Panier","item":"https:\/\/www.inverseteams.com\/fr\/panier\/"},{"@type":"ListItem","position":3,"name":"Bandeau ODA NAIROBI"}]},{"@type":"WebSite","@id":"https:\/\/www.inverseteams.com\/fr\/#website","url":"https:\/\/www.inverseteams.com\/fr\/","name":"Inverseteams","description":"Tu marca de ropa deportiva personalizada","publisher":{"@id":"https:\/\/www.inverseteams.com\/fr\/#organization"},"potentialAction":[{"@type":"SearchAction","target":{"@type":"EntryPoint","urlTemplate":"https:\/\/www.inverseteams.com\/fr\/?s={search_term_string}"},"query-input":{"@type":"PropertyValueSpecification","valueRequired":true,"valueName":"search_term_string"}}],"inLanguage":"fr-FR"},{"@type":"Organization","@id":"https:\/\/www.inverseteams.com\/fr\/#organization","name":"Inverse Teams","url":"https:\/\/www.inverseteams.com\/fr\/","logo":{"@type":"ImageObject","inLanguage":"fr-FR","@id":"https:\/\/www.inverseteams.com\/fr\/#\/schema\/logo\/image\/","url":"https:\/\/www.inverseteams.com\/wp-content\/uploads\/2021\/03\/logo-inverse-teams.png","contentUrl":"https:\/\/www.inverseteams.com\/wp-content\/uploads\/2021\/03\/logo-inverse-teams.png","width":294,"height":99,"caption":"Inverse Teams"},"image":{"@id":"https:\/\/www.inverseteams.com\/fr\/#\/schema\/logo\/image\/"},"sameAs":["https:\/\/www.facebook.com\/inverseteams","http:\/\/instagram.com\/inverseteams","https:\/\/www.linkedin.com\/company\/inverse-cirosport-s-l-?trk=job_view_topcard_company_name","http:\/\/www.pinterest.com\/inverseteams\/","http:\/\/www.youtube.com\/user\/inverseteams?feature=watch"]}]}},"_links":{"self":[{"href":"https:\/\/www.inverseteams.com\/fr\/wp-json\/wp\/v2\/product\/210545","targetHints":{"allow":["GET"]}}],"collection":[{"href":"https:\/\/www.inverseteams.com\/fr\/wp-json\/wp\/v2\/product"}],"about":[{"href":"https:\/\/www.inverseteams.com\/fr\/wp-json\/wp\/v2\/types\/product"}],"replies":[{"embeddable":true,"href":"https:\/\/www.inverseteams.com\/fr\/wp-json\/wp\/v2\/comments?post=210545"}],"wp:featuredmedia":[{"embeddable":true,"href":"https:\/\/www.inverseteams.com\/fr\/wp-json\/wp\/v2\/media\/208913"}],"wp:attachment":[{"href":"https:\/\/www.inverseteams.com\/fr\/wp-json\/wp\/v2\/media?parent=210545"}],"wp:term":[{"taxonomy":"product_brand","embeddable":true,"href":"https:\/\/www.inverseteams.com\/fr\/wp-json\/wp\/v2\/product_brand?post=210545"},{"taxonomy":"product_cat","embeddable":true,"href":"https:\/\/www.inverseteams.com\/fr\/wp-json\/wp\/v2\/product_cat?post=210545"},{"taxonomy":"product_tag","embeddable":true,"href":"https:\/\/www.inverseteams.com\/fr\/wp-json\/wp\/v2\/product_tag?post=210545"},{"taxonomy":"custom_category","embeddable":true,"href":"https:\/\/www.inverseteams.com\/fr\/wp-json\/wp\/v2\/custom_category?post=210545"},{"taxonomy":"range","embeddable":true,"href":"https:\/\/www.inverseteams.com\/fr\/wp-json\/wp\/v2\/range?post=210545"}],"curies":[{"name":"wp","href":"https:\/\/api.w.org\/{rel}","templated":true}]}}