{"id":209537,"date":"2024-07-26T13:06:36","date_gmt":"2024-07-26T13:06:36","guid":{"rendered":"https:\/\/www.inverseteams.com\/?post_type=product&#038;p=209537"},"modified":"2024-09-19T12:51:47","modified_gmt":"2024-09-19T12:51:47","slug":"maillot-symbiosis-vanir-nairobi-unisex","status":"publish","type":"product","link":"https:\/\/www.inverseteams.com\/fr\/produit\/maillot-symbiosis-vanir-nairobi-unisex\/","title":{"rendered":"Maillot SYMBIOSIS VANIR NAIROBI (UNISEX)"},"content":{"rendered":"<p>Le nouveau maillot SYMBIOSIS est fabriqu\u00e9 avec des tissus de pointe avec au moins 70 % d&rsquo;origine recycl\u00e9e.<br \/>\nTeint avec le proc\u00e9d\u00e9 Naturdyes\u00ae Technology. Tous les produits entrant dans la teinture sont 100% naturels, d&rsquo;origine v\u00e9g\u00e9tale et min\u00e9rale. Ils ne g\u00e9n\u00e8rent aucun d\u00e9chet toxique. Cette technique consomme 70 % d&rsquo;eau en moins qu&rsquo;un proc\u00e9d\u00e9 conventionnel. De plus, en teintant \u00e0 basse temp\u00e9rature, nous obtenons une plus grande efficacit\u00e9 \u00e9nerg\u00e9tique et r\u00e9duisons notre empreinte carbone.<br \/>\nLes tissus ont \u00e9t\u00e9 s\u00e9lectionn\u00e9s pour leur toucher particuli\u00e8rement agr\u00e9able, leur l\u00e9g\u00e8ret\u00e9 et leur \u00e9lasticit\u00e9. Ils s&rsquo;adaptent tr\u00e8s bien au corps et \u00e0 toutes les positions et mouvements. L&rsquo;int\u00e9rieur est chaud, mais laisse s&rsquo;\u00e9chapper la transpiration. La sensation de confort est extraordinaire.<br \/>\nSon col ergonomique s&rsquo;adapte parfaitement et emp\u00eache l&rsquo;entr\u00e9e d&rsquo;air. Il dispose d&rsquo;une fermeture \u00e9clair int\u00e9gr\u00e9e avec syst\u00e8me anti-traction. Dans la zone arri\u00e8re de la taille, pour que le maillot soit bien enroul\u00e9 autour du corps, il comporte une bande \u00e9lastique avec un grip en silicone \u00e0 l&rsquo;int\u00e9rieur et dans la zone avant une bordure \u00e9lastique que vous ne remarquerez pas tout au long de l&rsquo;exercice.<br \/>\nDans la zone lombaire, il int\u00e8gre 3 poches doubles. Les int\u00e9rieurs int\u00e8grent le syst\u00e8me de s\u00e9curit\u00e9 ISP et les ext\u00e9rieurs sont \u00e9lastiques et ont une adh\u00e9rence int\u00e9rieure.<\/p>\n","protected":false},"excerpt":{"rendered":"<p>Le nouveau maillot SYMBIOSIS est fabriqu\u00e9 avec des tissus de pointe avec au moins 70 % d&rsquo;origine recycl\u00e9e.<br \/>\nTeint avec le proc\u00e9d\u00e9 Naturdyes\u00ae Technology. Tous les produits entrant dans la teinture sont 100% naturels, d&rsquo;origine v\u00e9g\u00e9tale et min\u00e9rale. Ils ne g\u00e9n\u00e8rent aucun d\u00e9chet toxique. Cette technique consomme 70 % d&rsquo;eau en moins qu&rsquo;un proc\u00e9d\u00e9 conventionnel. De plus, en teintant \u00e0 basse temp\u00e9rature, nous obtenons une plus grande efficacit\u00e9 \u00e9nerg\u00e9tique et r\u00e9duisons notre empreinte carbone.<br \/>\nLes tissus ont \u00e9t\u00e9 s\u00e9lectionn\u00e9s pour leur toucher particuli\u00e8rement agr\u00e9able, leur l\u00e9g\u00e8ret\u00e9 et leur \u00e9lasticit\u00e9. Ils s&rsquo;adaptent tr\u00e8s bien au corps et \u00e0 toutes les positions et mouvements. L&rsquo;int\u00e9rieur est chaud, mais laisse s&rsquo;\u00e9chapper la transpiration. La sensation de confort est extraordinaire.<br \/>\nSon col ergonomique s&rsquo;adapte parfaitement et emp\u00eache l&rsquo;entr\u00e9e d&rsquo;air. Il dispose d&rsquo;une fermeture \u00e9clair int\u00e9gr\u00e9e avec syst\u00e8me anti-traction. Dans la zone arri\u00e8re de la taille, pour que le maillot soit bien enroul\u00e9 autour du corps, il comporte une bande \u00e9lastique avec un grip en silicone \u00e0 l&rsquo;int\u00e9rieur et dans la zone avant une bordure \u00e9lastique que vous ne remarquerez pas tout au long de l&rsquo;exercice.<br \/>\nDans la zone lombaire, il int\u00e8gre 3 poches doubles. Les int\u00e9rieurs int\u00e8grent le syst\u00e8me de s\u00e9curit\u00e9 ISP et les ext\u00e9rieurs sont \u00e9lastiques et ont une adh\u00e9rence int\u00e9rieure.<\/p>\n","protected":false},"featured_media":209003,"comment_status":"closed","ping_status":"closed","template":"","meta":{"_acf_changed":false},"product_brand":[],"product_cat":[9949,3240,7177],"product_tag":[],"custom_category":[],"range":[],"class_list":{"0":"post-209537","1":"product","2":"type-product","3":"status-publish","4":"has-post-thumbnail","6":"product_cat-gravel-fr","7":"product_cat-maillot-cycliste","8":"product_cat-b2b-fr","9":"pa_climatologia-froid","10":"pa_deporte-gravel-fr","11":"pa_deporte-cyclisme","12":"pa_genero-femme","13":"pa_genero-homme","14":"pa_patronaje-fit-fr","15":"pa_talla-l-fr","16":"pa_talla-m-fr","17":"pa_talla-s-fr","18":"pa_talla-xl-fr","19":"pa_talla-xs-fr","20":"pa_talla-xxl-fr","21":"pa_tipo-de-prenda-maillot-manche-longue","23":"first","24":"outofstock","25":"taxable","26":"shipping-taxable","27":"purchasable","28":"product-type-variable","29":"has-default-attributes"},"acf":[],"yoast_head":"<!-- This site is optimized with the Yoast SEO plugin v27.3 - https:\/\/yoast.com\/product\/yoast-seo-wordpress\/ -->\n<title>Maillot SYMBIOSIS VANIR NAIROBI (UNISEX)<\/title>\n<meta name=\"description\" content=\"Le nouveau maillot SYMBIOSIS est fabriqu\u00e9 avec des tissus de pointe avec au moins 70 % d&#039;origine recycl\u00e9e. Teint avec le proc\u00e9d\u00e9 Naturdyes\u00ae Technology. Tous les produits entrant dans la teinture sont 100% naturels, d&#039;origine v\u00e9g\u00e9tale et min\u00e9rale. Ils ne g\u00e9n\u00e8rent aucun d\u00e9chet toxique. Cette technique consomme 70 % d&#039;eau en moins qu&#039;un proc\u00e9d\u00e9 conventionnel. De plus, en teintant \u00e0 basse temp\u00e9rature, nous obtenons une plus grande efficacit\u00e9 \u00e9nerg\u00e9tique et r\u00e9duisons notre empreinte carbone. Les tissus ont \u00e9t\u00e9 s\u00e9lectionn\u00e9s pour leur toucher particuli\u00e8rement agr\u00e9able, leur l\u00e9g\u00e8ret\u00e9 et leur \u00e9lasticit\u00e9. Ils s&#039;adaptent tr\u00e8s bien au corps et \u00e0 toutes les positions et mouvements. L&#039;int\u00e9rieur est chaud, mais laisse s&#039;\u00e9chapper la transpiration. La sensation de confort est extraordinaire. Son col ergonomique s&#039;adapte parfaitement et emp\u00eache l&#039;entr\u00e9e d&#039;air. Il dispose d&#039;une fermeture \u00e9clair int\u00e9gr\u00e9e avec syst\u00e8me anti-traction. Dans la zone arri\u00e8re de la taille, pour que le maillot soit bien enroul\u00e9 autour du corps, il comporte une bande \u00e9lastique avec un grip en silicone \u00e0 l&#039;int\u00e9rieur et dans la zone avant une bordure \u00e9lastique que vous ne remarquerez pas tout au long de l&#039;exercice. Dans la zone lombaire, il int\u00e8gre 3 poches doubles. Les int\u00e9rieurs int\u00e8grent le syst\u00e8me de s\u00e9curit\u00e9 ISP et les ext\u00e9rieurs sont \u00e9lastiques et ont une adh\u00e9rence int\u00e9rieure.\" \/>\n<meta name=\"robots\" content=\"index, follow, max-snippet:-1, max-image-preview:large, max-video-preview:-1\" \/>\n<link rel=\"canonical\" href=\"https:\/\/www.inverseteams.com\/fr\/produit\/maillot-symbiosis-vanir-nairobi-unisex\/\" \/>\n<meta property=\"og:locale\" content=\"fr_FR\" \/>\n<meta property=\"og:type\" content=\"article\" \/>\n<meta property=\"og:title\" content=\"Maillot SYMBIOSIS VANIR NAIROBI (UNISEX)\" \/>\n<meta property=\"og:description\" content=\"Le nouveau maillot SYMBIOSIS est fabriqu\u00e9 avec des tissus de pointe avec au moins 70 % d&#039;origine recycl\u00e9e. Teint avec le proc\u00e9d\u00e9 Naturdyes\u00ae Technology. Tous les produits entrant dans la teinture sont 100% naturels, d&#039;origine v\u00e9g\u00e9tale et min\u00e9rale. Ils ne g\u00e9n\u00e8rent aucun d\u00e9chet toxique. Cette technique consomme 70 % d&#039;eau en moins qu&#039;un proc\u00e9d\u00e9 conventionnel. De plus, en teintant \u00e0 basse temp\u00e9rature, nous obtenons une plus grande efficacit\u00e9 \u00e9nerg\u00e9tique et r\u00e9duisons notre empreinte carbone. Les tissus ont \u00e9t\u00e9 s\u00e9lectionn\u00e9s pour leur toucher particuli\u00e8rement agr\u00e9able, leur l\u00e9g\u00e8ret\u00e9 et leur \u00e9lasticit\u00e9. Ils s&#039;adaptent tr\u00e8s bien au corps et \u00e0 toutes les positions et mouvements. L&#039;int\u00e9rieur est chaud, mais laisse s&#039;\u00e9chapper la transpiration. La sensation de confort est extraordinaire. Son col ergonomique s&#039;adapte parfaitement et emp\u00eache l&#039;entr\u00e9e d&#039;air. Il dispose d&#039;une fermeture \u00e9clair int\u00e9gr\u00e9e avec syst\u00e8me anti-traction. Dans la zone arri\u00e8re de la taille, pour que le maillot soit bien enroul\u00e9 autour du corps, il comporte une bande \u00e9lastique avec un grip en silicone \u00e0 l&#039;int\u00e9rieur et dans la zone avant une bordure \u00e9lastique que vous ne remarquerez pas tout au long de l&#039;exercice. Dans la zone lombaire, il int\u00e8gre 3 poches doubles. Les int\u00e9rieurs int\u00e8grent le syst\u00e8me de s\u00e9curit\u00e9 ISP et les ext\u00e9rieurs sont \u00e9lastiques et ont une adh\u00e9rence int\u00e9rieure.\" \/>\n<meta property=\"og:url\" content=\"https:\/\/www.inverseteams.com\/fr\/produit\/maillot-symbiosis-vanir-nairobi-unisex\/\" \/>\n<meta property=\"og:site_name\" content=\"Inverseteams\" \/>\n<meta property=\"article:publisher\" content=\"https:\/\/www.facebook.com\/inverseteams\" \/>\n<meta property=\"article:modified_time\" content=\"2024-09-19T12:51:47+00:00\" \/>\n<meta property=\"og:image\" content=\"https:\/\/www.inverseteams.com\/wp-content\/uploads\/MAILLOT-INVIERNO-RECICLADO-SYMBIOSIS-NAIROBI-1.jpg\" \/>\n\t<meta property=\"og:image:width\" content=\"1500\" \/>\n\t<meta property=\"og:image:height\" content=\"1612\" \/>\n\t<meta property=\"og:image:type\" content=\"image\/jpeg\" \/>\n<meta name=\"twitter:card\" content=\"summary_large_image\" \/>\n<meta name=\"twitter:label1\" content=\"Dur\u00e9e de lecture estim\u00e9e\" \/>\n\t<meta name=\"twitter:data1\" content=\"2 minutes\" \/>\n<script type=\"application\/ld+json\" class=\"yoast-schema-graph\">{\"@context\":\"https:\\\/\\\/schema.org\",\"@graph\":[{\"@type\":\"WebPage\",\"@id\":\"https:\\\/\\\/www.inverseteams.com\\\/fr\\\/produit\\\/maillot-symbiosis-vanir-nairobi-unisex\\\/\",\"url\":\"https:\\\/\\\/www.inverseteams.com\\\/fr\\\/produit\\\/maillot-symbiosis-vanir-nairobi-unisex\\\/\",\"name\":\"Maillot SYMBIOSIS VANIR NAIROBI (UNISEX)\",\"isPartOf\":{\"@id\":\"https:\\\/\\\/www.inverseteams.com\\\/fr\\\/#website\"},\"primaryImageOfPage\":{\"@id\":\"https:\\\/\\\/www.inverseteams.com\\\/fr\\\/produit\\\/maillot-symbiosis-vanir-nairobi-unisex\\\/#primaryimage\"},\"image\":{\"@id\":\"https:\\\/\\\/www.inverseteams.com\\\/fr\\\/produit\\\/maillot-symbiosis-vanir-nairobi-unisex\\\/#primaryimage\"},\"thumbnailUrl\":\"https:\\\/\\\/www.inverseteams.com\\\/wp-content\\\/uploads\\\/MAILLOT-INVIERNO-RECICLADO-SYMBIOSIS-NAIROBI-1.jpg\",\"datePublished\":\"2024-07-26T13:06:36+00:00\",\"dateModified\":\"2024-09-19T12:51:47+00:00\",\"description\":\"Le nouveau maillot SYMBIOSIS est fabriqu\u00e9 avec des tissus de pointe avec au moins 70 % d'origine recycl\u00e9e. Teint avec le proc\u00e9d\u00e9 Naturdyes\u00ae Technology. Tous les produits entrant dans la teinture sont 100% naturels, d'origine v\u00e9g\u00e9tale et min\u00e9rale. Ils ne g\u00e9n\u00e8rent aucun d\u00e9chet toxique. Cette technique consomme 70 % d'eau en moins qu'un proc\u00e9d\u00e9 conventionnel. De plus, en teintant \u00e0 basse temp\u00e9rature, nous obtenons une plus grande efficacit\u00e9 \u00e9nerg\u00e9tique et r\u00e9duisons notre empreinte carbone. Les tissus ont \u00e9t\u00e9 s\u00e9lectionn\u00e9s pour leur toucher particuli\u00e8rement agr\u00e9able, leur l\u00e9g\u00e8ret\u00e9 et leur \u00e9lasticit\u00e9. Ils s'adaptent tr\u00e8s bien au corps et \u00e0 toutes les positions et mouvements. L'int\u00e9rieur est chaud, mais laisse s'\u00e9chapper la transpiration. La sensation de confort est extraordinaire. Son col ergonomique s'adapte parfaitement et emp\u00eache l'entr\u00e9e d'air. Il dispose d'une fermeture \u00e9clair int\u00e9gr\u00e9e avec syst\u00e8me anti-traction. Dans la zone arri\u00e8re de la taille, pour que le maillot soit bien enroul\u00e9 autour du corps, il comporte une bande \u00e9lastique avec un grip en silicone \u00e0 l'int\u00e9rieur et dans la zone avant une bordure \u00e9lastique que vous ne remarquerez pas tout au long de l'exercice. Dans la zone lombaire, il int\u00e8gre 3 poches doubles. Les int\u00e9rieurs int\u00e8grent le syst\u00e8me de s\u00e9curit\u00e9 ISP et les ext\u00e9rieurs sont \u00e9lastiques et ont une adh\u00e9rence int\u00e9rieure.\",\"breadcrumb\":{\"@id\":\"https:\\\/\\\/www.inverseteams.com\\\/fr\\\/produit\\\/maillot-symbiosis-vanir-nairobi-unisex\\\/#breadcrumb\"},\"inLanguage\":\"fr-FR\",\"potentialAction\":[{\"@type\":\"ReadAction\",\"target\":[\"https:\\\/\\\/www.inverseteams.com\\\/fr\\\/produit\\\/maillot-symbiosis-vanir-nairobi-unisex\\\/\"]}]},{\"@type\":\"ImageObject\",\"inLanguage\":\"fr-FR\",\"@id\":\"https:\\\/\\\/www.inverseteams.com\\\/fr\\\/produit\\\/maillot-symbiosis-vanir-nairobi-unisex\\\/#primaryimage\",\"url\":\"https:\\\/\\\/www.inverseteams.com\\\/wp-content\\\/uploads\\\/MAILLOT-INVIERNO-RECICLADO-SYMBIOSIS-NAIROBI-1.jpg\",\"contentUrl\":\"https:\\\/\\\/www.inverseteams.com\\\/wp-content\\\/uploads\\\/MAILLOT-INVIERNO-RECICLADO-SYMBIOSIS-NAIROBI-1.jpg\",\"width\":1500,\"height\":1612,\"caption\":\"Maillot cyclisme ecofriendly SYMBIOSIS VANIR NAIROBI\"},{\"@type\":\"BreadcrumbList\",\"@id\":\"https:\\\/\\\/www.inverseteams.com\\\/fr\\\/produit\\\/maillot-symbiosis-vanir-nairobi-unisex\\\/#breadcrumb\",\"itemListElement\":[{\"@type\":\"ListItem\",\"position\":1,\"name\":\"Portada\",\"item\":\"https:\\\/\\\/www.inverseteams.com\\\/fr\\\/pagina-principal\\\/\"},{\"@type\":\"ListItem\",\"position\":2,\"name\":\"Panier\",\"item\":\"https:\\\/\\\/www.inverseteams.com\\\/fr\\\/panier\\\/\"},{\"@type\":\"ListItem\",\"position\":3,\"name\":\"Maillot SYMBIOSIS VANIR NAIROBI (UNISEX)\"}]},{\"@type\":\"WebSite\",\"@id\":\"https:\\\/\\\/www.inverseteams.com\\\/fr\\\/#website\",\"url\":\"https:\\\/\\\/www.inverseteams.com\\\/fr\\\/\",\"name\":\"Inverseteams\",\"description\":\"Tu marca de ropa deportiva personalizada\",\"publisher\":{\"@id\":\"https:\\\/\\\/www.inverseteams.com\\\/fr\\\/#organization\"},\"potentialAction\":[{\"@type\":\"SearchAction\",\"target\":{\"@type\":\"EntryPoint\",\"urlTemplate\":\"https:\\\/\\\/www.inverseteams.com\\\/fr\\\/?s={search_term_string}\"},\"query-input\":{\"@type\":\"PropertyValueSpecification\",\"valueRequired\":true,\"valueName\":\"search_term_string\"}}],\"inLanguage\":\"fr-FR\"},{\"@type\":\"Organization\",\"@id\":\"https:\\\/\\\/www.inverseteams.com\\\/fr\\\/#organization\",\"name\":\"Inverse Teams\",\"url\":\"https:\\\/\\\/www.inverseteams.com\\\/fr\\\/\",\"logo\":{\"@type\":\"ImageObject\",\"inLanguage\":\"fr-FR\",\"@id\":\"https:\\\/\\\/www.inverseteams.com\\\/fr\\\/#\\\/schema\\\/logo\\\/image\\\/\",\"url\":\"http:\\\/\\\/www.inverseteams.com\\\/wp-content\\\/uploads\\\/2021\\\/03\\\/logo-inverse-teams.png\",\"contentUrl\":\"http:\\\/\\\/www.inverseteams.com\\\/wp-content\\\/uploads\\\/2021\\\/03\\\/logo-inverse-teams.png\",\"width\":294,\"height\":99,\"caption\":\"Inverse Teams\"},\"image\":{\"@id\":\"https:\\\/\\\/www.inverseteams.com\\\/fr\\\/#\\\/schema\\\/logo\\\/image\\\/\"},\"sameAs\":[\"https:\\\/\\\/www.facebook.com\\\/inverseteams\",\"http:\\\/\\\/instagram.com\\\/inverseteams\",\"https:\\\/\\\/www.linkedin.com\\\/company\\\/inverse-cirosport-s-l-?trk=job_view_topcard_company_name\",\"http:\\\/\\\/www.pinterest.com\\\/inverseteams\\\/\",\"http:\\\/\\\/www.youtube.com\\\/user\\\/inverseteams?feature=watch\"]}]}<\/script>\n<!-- \/ Yoast SEO plugin. -->","yoast_head_json":{"title":"Maillot SYMBIOSIS VANIR NAIROBI (UNISEX)","description":"Le nouveau maillot SYMBIOSIS est fabriqu\u00e9 avec des tissus de pointe avec au moins 70 % d'origine recycl\u00e9e. Teint avec le proc\u00e9d\u00e9 Naturdyes\u00ae Technology. Tous les produits entrant dans la teinture sont 100% naturels, d'origine v\u00e9g\u00e9tale et min\u00e9rale. Ils ne g\u00e9n\u00e8rent aucun d\u00e9chet toxique. Cette technique consomme 70 % d'eau en moins qu'un proc\u00e9d\u00e9 conventionnel. De plus, en teintant \u00e0 basse temp\u00e9rature, nous obtenons une plus grande efficacit\u00e9 \u00e9nerg\u00e9tique et r\u00e9duisons notre empreinte carbone. Les tissus ont \u00e9t\u00e9 s\u00e9lectionn\u00e9s pour leur toucher particuli\u00e8rement agr\u00e9able, leur l\u00e9g\u00e8ret\u00e9 et leur \u00e9lasticit\u00e9. Ils s'adaptent tr\u00e8s bien au corps et \u00e0 toutes les positions et mouvements. L'int\u00e9rieur est chaud, mais laisse s'\u00e9chapper la transpiration. La sensation de confort est extraordinaire. Son col ergonomique s'adapte parfaitement et emp\u00eache l'entr\u00e9e d'air. Il dispose d'une fermeture \u00e9clair int\u00e9gr\u00e9e avec syst\u00e8me anti-traction. Dans la zone arri\u00e8re de la taille, pour que le maillot soit bien enroul\u00e9 autour du corps, il comporte une bande \u00e9lastique avec un grip en silicone \u00e0 l'int\u00e9rieur et dans la zone avant une bordure \u00e9lastique que vous ne remarquerez pas tout au long de l'exercice. Dans la zone lombaire, il int\u00e8gre 3 poches doubles. Les int\u00e9rieurs int\u00e8grent le syst\u00e8me de s\u00e9curit\u00e9 ISP et les ext\u00e9rieurs sont \u00e9lastiques et ont une adh\u00e9rence int\u00e9rieure.","robots":{"index":"index","follow":"follow","max-snippet":"max-snippet:-1","max-image-preview":"max-image-preview:large","max-video-preview":"max-video-preview:-1"},"canonical":"https:\/\/www.inverseteams.com\/fr\/produit\/maillot-symbiosis-vanir-nairobi-unisex\/","og_locale":"fr_FR","og_type":"article","og_title":"Maillot SYMBIOSIS VANIR NAIROBI (UNISEX)","og_description":"Le nouveau maillot SYMBIOSIS est fabriqu\u00e9 avec des tissus de pointe avec au moins 70 % d'origine recycl\u00e9e. Teint avec le proc\u00e9d\u00e9 Naturdyes\u00ae Technology. Tous les produits entrant dans la teinture sont 100% naturels, d'origine v\u00e9g\u00e9tale et min\u00e9rale. Ils ne g\u00e9n\u00e8rent aucun d\u00e9chet toxique. Cette technique consomme 70 % d'eau en moins qu'un proc\u00e9d\u00e9 conventionnel. De plus, en teintant \u00e0 basse temp\u00e9rature, nous obtenons une plus grande efficacit\u00e9 \u00e9nerg\u00e9tique et r\u00e9duisons notre empreinte carbone. Les tissus ont \u00e9t\u00e9 s\u00e9lectionn\u00e9s pour leur toucher particuli\u00e8rement agr\u00e9able, leur l\u00e9g\u00e8ret\u00e9 et leur \u00e9lasticit\u00e9. Ils s'adaptent tr\u00e8s bien au corps et \u00e0 toutes les positions et mouvements. L'int\u00e9rieur est chaud, mais laisse s'\u00e9chapper la transpiration. La sensation de confort est extraordinaire. Son col ergonomique s'adapte parfaitement et emp\u00eache l'entr\u00e9e d'air. Il dispose d'une fermeture \u00e9clair int\u00e9gr\u00e9e avec syst\u00e8me anti-traction. Dans la zone arri\u00e8re de la taille, pour que le maillot soit bien enroul\u00e9 autour du corps, il comporte une bande \u00e9lastique avec un grip en silicone \u00e0 l'int\u00e9rieur et dans la zone avant une bordure \u00e9lastique que vous ne remarquerez pas tout au long de l'exercice. Dans la zone lombaire, il int\u00e8gre 3 poches doubles. Les int\u00e9rieurs int\u00e8grent le syst\u00e8me de s\u00e9curit\u00e9 ISP et les ext\u00e9rieurs sont \u00e9lastiques et ont une adh\u00e9rence int\u00e9rieure.","og_url":"https:\/\/www.inverseteams.com\/fr\/produit\/maillot-symbiosis-vanir-nairobi-unisex\/","og_site_name":"Inverseteams","article_publisher":"https:\/\/www.facebook.com\/inverseteams","article_modified_time":"2024-09-19T12:51:47+00:00","og_image":[{"width":1500,"height":1612,"url":"https:\/\/www.inverseteams.com\/wp-content\/uploads\/MAILLOT-INVIERNO-RECICLADO-SYMBIOSIS-NAIROBI-1.jpg","type":"image\/jpeg"}],"twitter_card":"summary_large_image","twitter_misc":{"Dur\u00e9e de lecture estim\u00e9e":"2 minutes"},"schema":{"@context":"https:\/\/schema.org","@graph":[{"@type":"WebPage","@id":"https:\/\/www.inverseteams.com\/fr\/produit\/maillot-symbiosis-vanir-nairobi-unisex\/","url":"https:\/\/www.inverseteams.com\/fr\/produit\/maillot-symbiosis-vanir-nairobi-unisex\/","name":"Maillot SYMBIOSIS VANIR NAIROBI (UNISEX)","isPartOf":{"@id":"https:\/\/www.inverseteams.com\/fr\/#website"},"primaryImageOfPage":{"@id":"https:\/\/www.inverseteams.com\/fr\/produit\/maillot-symbiosis-vanir-nairobi-unisex\/#primaryimage"},"image":{"@id":"https:\/\/www.inverseteams.com\/fr\/produit\/maillot-symbiosis-vanir-nairobi-unisex\/#primaryimage"},"thumbnailUrl":"https:\/\/www.inverseteams.com\/wp-content\/uploads\/MAILLOT-INVIERNO-RECICLADO-SYMBIOSIS-NAIROBI-1.jpg","datePublished":"2024-07-26T13:06:36+00:00","dateModified":"2024-09-19T12:51:47+00:00","description":"Le nouveau maillot SYMBIOSIS est fabriqu\u00e9 avec des tissus de pointe avec au moins 70 % d'origine recycl\u00e9e. Teint avec le proc\u00e9d\u00e9 Naturdyes\u00ae Technology. Tous les produits entrant dans la teinture sont 100% naturels, d'origine v\u00e9g\u00e9tale et min\u00e9rale. Ils ne g\u00e9n\u00e8rent aucun d\u00e9chet toxique. Cette technique consomme 70 % d'eau en moins qu'un proc\u00e9d\u00e9 conventionnel. De plus, en teintant \u00e0 basse temp\u00e9rature, nous obtenons une plus grande efficacit\u00e9 \u00e9nerg\u00e9tique et r\u00e9duisons notre empreinte carbone. Les tissus ont \u00e9t\u00e9 s\u00e9lectionn\u00e9s pour leur toucher particuli\u00e8rement agr\u00e9able, leur l\u00e9g\u00e8ret\u00e9 et leur \u00e9lasticit\u00e9. Ils s'adaptent tr\u00e8s bien au corps et \u00e0 toutes les positions et mouvements. L'int\u00e9rieur est chaud, mais laisse s'\u00e9chapper la transpiration. La sensation de confort est extraordinaire. Son col ergonomique s'adapte parfaitement et emp\u00eache l'entr\u00e9e d'air. Il dispose d'une fermeture \u00e9clair int\u00e9gr\u00e9e avec syst\u00e8me anti-traction. Dans la zone arri\u00e8re de la taille, pour que le maillot soit bien enroul\u00e9 autour du corps, il comporte une bande \u00e9lastique avec un grip en silicone \u00e0 l'int\u00e9rieur et dans la zone avant une bordure \u00e9lastique que vous ne remarquerez pas tout au long de l'exercice. Dans la zone lombaire, il int\u00e8gre 3 poches doubles. Les int\u00e9rieurs int\u00e8grent le syst\u00e8me de s\u00e9curit\u00e9 ISP et les ext\u00e9rieurs sont \u00e9lastiques et ont une adh\u00e9rence int\u00e9rieure.","breadcrumb":{"@id":"https:\/\/www.inverseteams.com\/fr\/produit\/maillot-symbiosis-vanir-nairobi-unisex\/#breadcrumb"},"inLanguage":"fr-FR","potentialAction":[{"@type":"ReadAction","target":["https:\/\/www.inverseteams.com\/fr\/produit\/maillot-symbiosis-vanir-nairobi-unisex\/"]}]},{"@type":"ImageObject","inLanguage":"fr-FR","@id":"https:\/\/www.inverseteams.com\/fr\/produit\/maillot-symbiosis-vanir-nairobi-unisex\/#primaryimage","url":"https:\/\/www.inverseteams.com\/wp-content\/uploads\/MAILLOT-INVIERNO-RECICLADO-SYMBIOSIS-NAIROBI-1.jpg","contentUrl":"https:\/\/www.inverseteams.com\/wp-content\/uploads\/MAILLOT-INVIERNO-RECICLADO-SYMBIOSIS-NAIROBI-1.jpg","width":1500,"height":1612,"caption":"Maillot cyclisme ecofriendly SYMBIOSIS VANIR NAIROBI"},{"@type":"BreadcrumbList","@id":"https:\/\/www.inverseteams.com\/fr\/produit\/maillot-symbiosis-vanir-nairobi-unisex\/#breadcrumb","itemListElement":[{"@type":"ListItem","position":1,"name":"Portada","item":"https:\/\/www.inverseteams.com\/fr\/pagina-principal\/"},{"@type":"ListItem","position":2,"name":"Panier","item":"https:\/\/www.inverseteams.com\/fr\/panier\/"},{"@type":"ListItem","position":3,"name":"Maillot SYMBIOSIS VANIR NAIROBI (UNISEX)"}]},{"@type":"WebSite","@id":"https:\/\/www.inverseteams.com\/fr\/#website","url":"https:\/\/www.inverseteams.com\/fr\/","name":"Inverseteams","description":"Tu marca de ropa deportiva personalizada","publisher":{"@id":"https:\/\/www.inverseteams.com\/fr\/#organization"},"potentialAction":[{"@type":"SearchAction","target":{"@type":"EntryPoint","urlTemplate":"https:\/\/www.inverseteams.com\/fr\/?s={search_term_string}"},"query-input":{"@type":"PropertyValueSpecification","valueRequired":true,"valueName":"search_term_string"}}],"inLanguage":"fr-FR"},{"@type":"Organization","@id":"https:\/\/www.inverseteams.com\/fr\/#organization","name":"Inverse Teams","url":"https:\/\/www.inverseteams.com\/fr\/","logo":{"@type":"ImageObject","inLanguage":"fr-FR","@id":"https:\/\/www.inverseteams.com\/fr\/#\/schema\/logo\/image\/","url":"https:\/\/www.inverseteams.com\/wp-content\/uploads\/2021\/03\/logo-inverse-teams.png","contentUrl":"https:\/\/www.inverseteams.com\/wp-content\/uploads\/2021\/03\/logo-inverse-teams.png","width":294,"height":99,"caption":"Inverse Teams"},"image":{"@id":"https:\/\/www.inverseteams.com\/fr\/#\/schema\/logo\/image\/"},"sameAs":["https:\/\/www.facebook.com\/inverseteams","http:\/\/instagram.com\/inverseteams","https:\/\/www.linkedin.com\/company\/inverse-cirosport-s-l-?trk=job_view_topcard_company_name","http:\/\/www.pinterest.com\/inverseteams\/","http:\/\/www.youtube.com\/user\/inverseteams?feature=watch"]}]}},"_links":{"self":[{"href":"https:\/\/www.inverseteams.com\/fr\/wp-json\/wp\/v2\/product\/209537","targetHints":{"allow":["GET"]}}],"collection":[{"href":"https:\/\/www.inverseteams.com\/fr\/wp-json\/wp\/v2\/product"}],"about":[{"href":"https:\/\/www.inverseteams.com\/fr\/wp-json\/wp\/v2\/types\/product"}],"replies":[{"embeddable":true,"href":"https:\/\/www.inverseteams.com\/fr\/wp-json\/wp\/v2\/comments?post=209537"}],"wp:featuredmedia":[{"embeddable":true,"href":"https:\/\/www.inverseteams.com\/fr\/wp-json\/wp\/v2\/media\/209003"}],"wp:attachment":[{"href":"https:\/\/www.inverseteams.com\/fr\/wp-json\/wp\/v2\/media?parent=209537"}],"wp:term":[{"taxonomy":"product_brand","embeddable":true,"href":"https:\/\/www.inverseteams.com\/fr\/wp-json\/wp\/v2\/product_brand?post=209537"},{"taxonomy":"product_cat","embeddable":true,"href":"https:\/\/www.inverseteams.com\/fr\/wp-json\/wp\/v2\/product_cat?post=209537"},{"taxonomy":"product_tag","embeddable":true,"href":"https:\/\/www.inverseteams.com\/fr\/wp-json\/wp\/v2\/product_tag?post=209537"},{"taxonomy":"custom_category","embeddable":true,"href":"https:\/\/www.inverseteams.com\/fr\/wp-json\/wp\/v2\/custom_category?post=209537"},{"taxonomy":"range","embeddable":true,"href":"https:\/\/www.inverseteams.com\/fr\/wp-json\/wp\/v2\/range?post=209537"}],"curies":[{"name":"wp","href":"https:\/\/api.w.org\/{rel}","templated":true}]}}