{"id":209523,"date":"2024-07-26T12:50:35","date_gmt":"2024-07-26T12:50:35","guid":{"rendered":"https:\/\/www.inverseteams.com\/?post_type=product&#038;p=209523"},"modified":"2025-10-02T00:01:51","modified_gmt":"2025-10-02T00:01:51","slug":"collant-velo-pure-kendra-antracita-femme","status":"publish","type":"product","link":"https:\/\/www.inverseteams.com\/fr\/produit\/collant-velo-pure-kendra-antracita-femme\/","title":{"rendered":"Collant v\u00e9lo PURE KENDRA ANTRACITA (FEMME)"},"content":{"rendered":"<p>L&rsquo;\u00e9volution du collant haut de gamme pour femme se distingue par sa bretelle int\u00e9grale innovante qui facilite l&rsquo;action d\u2019enlever le collant sans avoir besoin d\u2019enlever le maillot d\u2019abord. Ce nouveau syst\u00e8me d\u00e9velopp\u00e9 par Inverse s&rsquo;appelle FLEXYGO et a \u00e9t\u00e9 test\u00e9 par de nombreux cyclistes. Il s&rsquo;adapte parfaitement \u00e0 la position du cycliste, maintient le pantalon de cyclisme sans provoquer de g\u00eane et permet d&rsquo;aller aux toilettes rapidement et confortablement.<br \/>\nLe collant de cyclisme est id\u00e9al pour lutter contre le froid et profiter du v\u00e9lo pendant l\u2019hiver. Le tissu SUPERROUBAIX qui le compose retient la chaleur corporelle et maintient la compression musculaire n\u00e9cessaire pour retarder la fatigue. Son \u00e9lasticit\u00e9 vous permettra une grande libert\u00e9 de mouvement. Les panneaux du pantalon de cyclisme sont con\u00e7us pour s\u2019adapter parfaitement aux diff\u00e9rentes positions de p\u00e9dalage. Vous ne remarquerez aucun inconfort.<br \/>\n\u00c0 l\u2019extr\u00e9mit\u00e9 des jambes, il a une bande \u00e9lastique avec un grip en silicone hypoallerg\u00e9nique \u00e0 l\u2019int\u00e9rieur. Cela maintient le v\u00eatement bien attach\u00e9 \u00e0 la jambe. Dans la zone arri\u00e8re, il a un d\u00e9tail r\u00e9fl\u00e9chissant qui augmentera votre s\u00e9curit\u00e9 car il refl\u00e9tera la lumi\u00e8re des v\u00e9hicules.<br \/>\n\u00c9quip\u00e9 du fond ECOLOGICAL NICE par interface \u00e9lastique compos\u00e9 de 3 densit\u00e9s qui s\u2019adaptera \u00e0 votre anatomie et \u00e0 votre style de p\u00e9dalage.<\/p>\n","protected":false},"excerpt":{"rendered":"<p>L&rsquo;\u00e9volution du collant haut de gamme pour femme se distingue par sa bretelle int\u00e9grale innovante qui facilite l&rsquo;action d\u2019enlever le collant sans avoir besoin d\u2019enlever le maillot d\u2019abord. Ce nouveau syst\u00e8me d\u00e9velopp\u00e9 par Inverse s&rsquo;appelle FLEXYGO et a \u00e9t\u00e9 test\u00e9 par de nombreux cyclistes. Il s&rsquo;adapte parfaitement \u00e0 la position du cycliste, maintient le pantalon de cyclisme sans provoquer de g\u00eane et permet d&rsquo;aller aux toilettes rapidement et confortablement.<br \/>\nLe collant de cyclisme est id\u00e9al pour lutter contre le froid et profiter du v\u00e9lo pendant l\u2019hiver. Le tissu SUPERROUBAIX qui le compose retient la chaleur corporelle et maintient la compression musculaire n\u00e9cessaire pour retarder la fatigue. Son \u00e9lasticit\u00e9 vous permettra une grande libert\u00e9 de mouvement. Les panneaux du pantalon de cyclisme sont con\u00e7us pour s\u2019adapter parfaitement aux diff\u00e9rentes positions de p\u00e9dalage. Vous ne remarquerez aucun inconfort.<br \/>\n\u00c0 l\u2019extr\u00e9mit\u00e9 des jambes, il a une bande \u00e9lastique avec un grip en silicone hypoallerg\u00e9nique \u00e0 l\u2019int\u00e9rieur. Cela maintient le v\u00eatement bien attach\u00e9 \u00e0 la jambe. Dans la zone arri\u00e8re, il a un d\u00e9tail r\u00e9fl\u00e9chissant qui augmentera votre s\u00e9curit\u00e9 car il refl\u00e9tera la lumi\u00e8re des v\u00e9hicules.<br \/>\n\u00c9quip\u00e9 du fond ECOLOGICAL NICE par interface \u00e9lastique compos\u00e9 de 3 densit\u00e9s qui s\u2019adaptera \u00e0 votre anatomie et \u00e0 votre style de p\u00e9dalage.<\/p>\n","protected":false},"featured_media":208344,"comment_status":"closed","ping_status":"closed","template":"","meta":{"_acf_changed":false},"product_brand":[],"product_cat":[3248,3252,7177],"product_tag":[],"custom_category":[],"range":[],"class_list":{"0":"post-209523","1":"product","2":"type-product","3":"status-publish","4":"has-post-thumbnail","6":"product_cat-cuissard-cyclisme-fr","7":"product_cat-pantalon-ciclista-fr","8":"product_cat-b2b-fr","9":"pa_climatologia-froid","10":"pa_deporte-cyclisme","11":"pa_genero-femme","12":"pa_patronaje-fit-fr","13":"pa_talla-l-fr","14":"pa_talla-m-fr","15":"pa_talla-s-fr","16":"pa_talla-xl-fr","17":"pa_talla-xs-fr","19":"first","20":"instock","21":"taxable","22":"shipping-taxable","23":"purchasable","24":"product-type-variable","25":"has-default-attributes"},"acf":[],"yoast_head":"<!-- This site is optimized with the Yoast SEO plugin v27.3 - https:\/\/yoast.com\/product\/yoast-seo-wordpress\/ -->\n<title>Collant v\u00e9lo PURE KENDRA ANTRACITA (FEMME)<\/title>\n<meta name=\"description\" content=\"L&#039;\u00e9volution du collant haut de gamme pour femme se distingue par sa bretelle int\u00e9grale innovante qui facilite l&#039;action d\u2019enlever le collant sans avoir besoin d\u2019enlever le maillot d\u2019abord. Ce nouveau syst\u00e8me d\u00e9velopp\u00e9 par Inverse s&#039;appelle FLEXYGO et a \u00e9t\u00e9 test\u00e9 par de nombreux cyclistes. Il s&#039;adapte parfaitement \u00e0 la position du cycliste, maintient le pantalon de cyclisme sans provoquer de g\u00eane et permet d&#039;aller aux toilettes rapidement et confortablement. Le collant de cyclisme est id\u00e9al pour lutter contre le froid et profiter du v\u00e9lo pendant l\u2019hiver. Le tissu SUPERROUBAIX qui le compose retient la chaleur corporelle et maintient la compression musculaire n\u00e9cessaire pour retarder la fatigue. Son \u00e9lasticit\u00e9 vous permettra une grande libert\u00e9 de mouvement. Les panneaux du pantalon de cyclisme sont con\u00e7us pour s\u2019adapter parfaitement aux diff\u00e9rentes positions de p\u00e9dalage. Vous ne remarquerez aucun inconfort. \u00c0 l\u2019extr\u00e9mit\u00e9 des jambes, il a une bande \u00e9lastique avec un grip en silicone hypoallerg\u00e9nique \u00e0 l\u2019int\u00e9rieur. Cela maintient le v\u00eatement bien attach\u00e9 \u00e0 la jambe. Dans la zone arri\u00e8re, il a un d\u00e9tail r\u00e9fl\u00e9chissant qui augmentera votre s\u00e9curit\u00e9 car il refl\u00e9tera la lumi\u00e8re des v\u00e9hicules. \u00c9quip\u00e9 du fond ECOLOGICAL NICE par interface \u00e9lastique compos\u00e9 de 3 densit\u00e9s qui s\u2019adaptera \u00e0 votre anatomie et \u00e0 votre style de p\u00e9dalage.\" \/>\n<meta name=\"robots\" content=\"index, follow, max-snippet:-1, max-image-preview:large, max-video-preview:-1\" \/>\n<link rel=\"canonical\" href=\"https:\/\/www.inverseteams.com\/fr\/produit\/collant-velo-pure-kendra-antracita-femme\/\" \/>\n<meta property=\"og:locale\" content=\"fr_FR\" \/>\n<meta property=\"og:type\" content=\"article\" \/>\n<meta property=\"og:title\" content=\"Collant v\u00e9lo PURE KENDRA ANTRACITA (FEMME)\" \/>\n<meta property=\"og:description\" content=\"L&#039;\u00e9volution du collant haut de gamme pour femme se distingue par sa bretelle int\u00e9grale innovante qui facilite l&#039;action d\u2019enlever le collant sans avoir besoin d\u2019enlever le maillot d\u2019abord. Ce nouveau syst\u00e8me d\u00e9velopp\u00e9 par Inverse s&#039;appelle FLEXYGO et a \u00e9t\u00e9 test\u00e9 par de nombreux cyclistes. Il s&#039;adapte parfaitement \u00e0 la position du cycliste, maintient le pantalon de cyclisme sans provoquer de g\u00eane et permet d&#039;aller aux toilettes rapidement et confortablement. Le collant de cyclisme est id\u00e9al pour lutter contre le froid et profiter du v\u00e9lo pendant l\u2019hiver. Le tissu SUPERROUBAIX qui le compose retient la chaleur corporelle et maintient la compression musculaire n\u00e9cessaire pour retarder la fatigue. Son \u00e9lasticit\u00e9 vous permettra une grande libert\u00e9 de mouvement. Les panneaux du pantalon de cyclisme sont con\u00e7us pour s\u2019adapter parfaitement aux diff\u00e9rentes positions de p\u00e9dalage. Vous ne remarquerez aucun inconfort. \u00c0 l\u2019extr\u00e9mit\u00e9 des jambes, il a une bande \u00e9lastique avec un grip en silicone hypoallerg\u00e9nique \u00e0 l\u2019int\u00e9rieur. Cela maintient le v\u00eatement bien attach\u00e9 \u00e0 la jambe. Dans la zone arri\u00e8re, il a un d\u00e9tail r\u00e9fl\u00e9chissant qui augmentera votre s\u00e9curit\u00e9 car il refl\u00e9tera la lumi\u00e8re des v\u00e9hicules. \u00c9quip\u00e9 du fond ECOLOGICAL NICE par interface \u00e9lastique compos\u00e9 de 3 densit\u00e9s qui s\u2019adaptera \u00e0 votre anatomie et \u00e0 votre style de p\u00e9dalage.\" \/>\n<meta property=\"og:url\" content=\"https:\/\/www.inverseteams.com\/fr\/produit\/collant-velo-pure-kendra-antracita-femme\/\" \/>\n<meta property=\"og:site_name\" content=\"Inverseteams\" \/>\n<meta property=\"article:publisher\" content=\"https:\/\/www.facebook.com\/inverseteams\" \/>\n<meta property=\"article:modified_time\" content=\"2025-10-02T00:01:51+00:00\" \/>\n<meta property=\"og:image\" content=\"https:\/\/www.inverseteams.com\/wp-content\/uploads\/CULOTTE-CICLISMO-MUJER-PURE-KENDRA-ANTRACITA-1-ESP.jpg\" \/>\n\t<meta property=\"og:image:width\" content=\"1500\" \/>\n\t<meta property=\"og:image:height\" content=\"1612\" \/>\n\t<meta property=\"og:image:type\" content=\"image\/jpeg\" \/>\n<meta name=\"twitter:card\" content=\"summary_large_image\" \/>\n<meta name=\"twitter:label1\" content=\"Dur\u00e9e de lecture estim\u00e9e\" \/>\n\t<meta name=\"twitter:data1\" content=\"2 minutes\" \/>\n<script type=\"application\/ld+json\" class=\"yoast-schema-graph\">{\"@context\":\"https:\\\/\\\/schema.org\",\"@graph\":[{\"@type\":\"WebPage\",\"@id\":\"https:\\\/\\\/www.inverseteams.com\\\/fr\\\/produit\\\/collant-velo-pure-kendra-antracita-femme\\\/\",\"url\":\"https:\\\/\\\/www.inverseteams.com\\\/fr\\\/produit\\\/collant-velo-pure-kendra-antracita-femme\\\/\",\"name\":\"Collant v\u00e9lo PURE KENDRA ANTRACITA (FEMME)\",\"isPartOf\":{\"@id\":\"https:\\\/\\\/www.inverseteams.com\\\/fr\\\/#website\"},\"primaryImageOfPage\":{\"@id\":\"https:\\\/\\\/www.inverseteams.com\\\/fr\\\/produit\\\/collant-velo-pure-kendra-antracita-femme\\\/#primaryimage\"},\"image\":{\"@id\":\"https:\\\/\\\/www.inverseteams.com\\\/fr\\\/produit\\\/collant-velo-pure-kendra-antracita-femme\\\/#primaryimage\"},\"thumbnailUrl\":\"https:\\\/\\\/www.inverseteams.com\\\/wp-content\\\/uploads\\\/CULOTTE-CICLISMO-MUJER-PURE-KENDRA-ANTRACITA-1-ESP.jpg\",\"datePublished\":\"2024-07-26T12:50:35+00:00\",\"dateModified\":\"2025-10-02T00:01:51+00:00\",\"description\":\"L'\u00e9volution du collant haut de gamme pour femme se distingue par sa bretelle int\u00e9grale innovante qui facilite l'action d\u2019enlever le collant sans avoir besoin d\u2019enlever le maillot d\u2019abord. Ce nouveau syst\u00e8me d\u00e9velopp\u00e9 par Inverse s'appelle FLEXYGO et a \u00e9t\u00e9 test\u00e9 par de nombreux cyclistes. Il s'adapte parfaitement \u00e0 la position du cycliste, maintient le pantalon de cyclisme sans provoquer de g\u00eane et permet d'aller aux toilettes rapidement et confortablement. Le collant de cyclisme est id\u00e9al pour lutter contre le froid et profiter du v\u00e9lo pendant l\u2019hiver. Le tissu SUPERROUBAIX qui le compose retient la chaleur corporelle et maintient la compression musculaire n\u00e9cessaire pour retarder la fatigue. Son \u00e9lasticit\u00e9 vous permettra une grande libert\u00e9 de mouvement. Les panneaux du pantalon de cyclisme sont con\u00e7us pour s\u2019adapter parfaitement aux diff\u00e9rentes positions de p\u00e9dalage. Vous ne remarquerez aucun inconfort. \u00c0 l\u2019extr\u00e9mit\u00e9 des jambes, il a une bande \u00e9lastique avec un grip en silicone hypoallerg\u00e9nique \u00e0 l\u2019int\u00e9rieur. Cela maintient le v\u00eatement bien attach\u00e9 \u00e0 la jambe. Dans la zone arri\u00e8re, il a un d\u00e9tail r\u00e9fl\u00e9chissant qui augmentera votre s\u00e9curit\u00e9 car il refl\u00e9tera la lumi\u00e8re des v\u00e9hicules. \u00c9quip\u00e9 du fond ECOLOGICAL NICE par interface \u00e9lastique compos\u00e9 de 3 densit\u00e9s qui s\u2019adaptera \u00e0 votre anatomie et \u00e0 votre style de p\u00e9dalage.\",\"breadcrumb\":{\"@id\":\"https:\\\/\\\/www.inverseteams.com\\\/fr\\\/produit\\\/collant-velo-pure-kendra-antracita-femme\\\/#breadcrumb\"},\"inLanguage\":\"fr-FR\",\"potentialAction\":[{\"@type\":\"ReadAction\",\"target\":[\"https:\\\/\\\/www.inverseteams.com\\\/fr\\\/produit\\\/collant-velo-pure-kendra-antracita-femme\\\/\"]}]},{\"@type\":\"ImageObject\",\"inLanguage\":\"fr-FR\",\"@id\":\"https:\\\/\\\/www.inverseteams.com\\\/fr\\\/produit\\\/collant-velo-pure-kendra-antracita-femme\\\/#primaryimage\",\"url\":\"https:\\\/\\\/www.inverseteams.com\\\/wp-content\\\/uploads\\\/CULOTTE-CICLISMO-MUJER-PURE-KENDRA-ANTRACITA-1-ESP.jpg\",\"contentUrl\":\"https:\\\/\\\/www.inverseteams.com\\\/wp-content\\\/uploads\\\/CULOTTE-CICLISMO-MUJER-PURE-KENDRA-ANTRACITA-1-ESP.jpg\",\"width\":1500,\"height\":1612},{\"@type\":\"BreadcrumbList\",\"@id\":\"https:\\\/\\\/www.inverseteams.com\\\/fr\\\/produit\\\/collant-velo-pure-kendra-antracita-femme\\\/#breadcrumb\",\"itemListElement\":[{\"@type\":\"ListItem\",\"position\":1,\"name\":\"Portada\",\"item\":\"https:\\\/\\\/www.inverseteams.com\\\/fr\\\/pagina-principal\\\/\"},{\"@type\":\"ListItem\",\"position\":2,\"name\":\"Panier\",\"item\":\"https:\\\/\\\/www.inverseteams.com\\\/fr\\\/panier\\\/\"},{\"@type\":\"ListItem\",\"position\":3,\"name\":\"Collant v\u00e9lo PURE KENDRA ANTRACITA (FEMME)\"}]},{\"@type\":\"WebSite\",\"@id\":\"https:\\\/\\\/www.inverseteams.com\\\/fr\\\/#website\",\"url\":\"https:\\\/\\\/www.inverseteams.com\\\/fr\\\/\",\"name\":\"Inverseteams\",\"description\":\"Tu marca de ropa deportiva personalizada\",\"publisher\":{\"@id\":\"https:\\\/\\\/www.inverseteams.com\\\/fr\\\/#organization\"},\"potentialAction\":[{\"@type\":\"SearchAction\",\"target\":{\"@type\":\"EntryPoint\",\"urlTemplate\":\"https:\\\/\\\/www.inverseteams.com\\\/fr\\\/?s={search_term_string}\"},\"query-input\":{\"@type\":\"PropertyValueSpecification\",\"valueRequired\":true,\"valueName\":\"search_term_string\"}}],\"inLanguage\":\"fr-FR\"},{\"@type\":\"Organization\",\"@id\":\"https:\\\/\\\/www.inverseteams.com\\\/fr\\\/#organization\",\"name\":\"Inverse Teams\",\"url\":\"https:\\\/\\\/www.inverseteams.com\\\/fr\\\/\",\"logo\":{\"@type\":\"ImageObject\",\"inLanguage\":\"fr-FR\",\"@id\":\"https:\\\/\\\/www.inverseteams.com\\\/fr\\\/#\\\/schema\\\/logo\\\/image\\\/\",\"url\":\"http:\\\/\\\/www.inverseteams.com\\\/wp-content\\\/uploads\\\/2021\\\/03\\\/logo-inverse-teams.png\",\"contentUrl\":\"http:\\\/\\\/www.inverseteams.com\\\/wp-content\\\/uploads\\\/2021\\\/03\\\/logo-inverse-teams.png\",\"width\":294,\"height\":99,\"caption\":\"Inverse Teams\"},\"image\":{\"@id\":\"https:\\\/\\\/www.inverseteams.com\\\/fr\\\/#\\\/schema\\\/logo\\\/image\\\/\"},\"sameAs\":[\"https:\\\/\\\/www.facebook.com\\\/inverseteams\",\"http:\\\/\\\/instagram.com\\\/inverseteams\",\"https:\\\/\\\/www.linkedin.com\\\/company\\\/inverse-cirosport-s-l-?trk=job_view_topcard_company_name\",\"http:\\\/\\\/www.pinterest.com\\\/inverseteams\\\/\",\"http:\\\/\\\/www.youtube.com\\\/user\\\/inverseteams?feature=watch\"]}]}<\/script>\n<!-- \/ Yoast SEO plugin. -->","yoast_head_json":{"title":"Collant v\u00e9lo PURE KENDRA ANTRACITA (FEMME)","description":"L'\u00e9volution du collant haut de gamme pour femme se distingue par sa bretelle int\u00e9grale innovante qui facilite l'action d\u2019enlever le collant sans avoir besoin d\u2019enlever le maillot d\u2019abord. Ce nouveau syst\u00e8me d\u00e9velopp\u00e9 par Inverse s'appelle FLEXYGO et a \u00e9t\u00e9 test\u00e9 par de nombreux cyclistes. Il s'adapte parfaitement \u00e0 la position du cycliste, maintient le pantalon de cyclisme sans provoquer de g\u00eane et permet d'aller aux toilettes rapidement et confortablement. Le collant de cyclisme est id\u00e9al pour lutter contre le froid et profiter du v\u00e9lo pendant l\u2019hiver. Le tissu SUPERROUBAIX qui le compose retient la chaleur corporelle et maintient la compression musculaire n\u00e9cessaire pour retarder la fatigue. Son \u00e9lasticit\u00e9 vous permettra une grande libert\u00e9 de mouvement. Les panneaux du pantalon de cyclisme sont con\u00e7us pour s\u2019adapter parfaitement aux diff\u00e9rentes positions de p\u00e9dalage. Vous ne remarquerez aucun inconfort. \u00c0 l\u2019extr\u00e9mit\u00e9 des jambes, il a une bande \u00e9lastique avec un grip en silicone hypoallerg\u00e9nique \u00e0 l\u2019int\u00e9rieur. Cela maintient le v\u00eatement bien attach\u00e9 \u00e0 la jambe. Dans la zone arri\u00e8re, il a un d\u00e9tail r\u00e9fl\u00e9chissant qui augmentera votre s\u00e9curit\u00e9 car il refl\u00e9tera la lumi\u00e8re des v\u00e9hicules. \u00c9quip\u00e9 du fond ECOLOGICAL NICE par interface \u00e9lastique compos\u00e9 de 3 densit\u00e9s qui s\u2019adaptera \u00e0 votre anatomie et \u00e0 votre style de p\u00e9dalage.","robots":{"index":"index","follow":"follow","max-snippet":"max-snippet:-1","max-image-preview":"max-image-preview:large","max-video-preview":"max-video-preview:-1"},"canonical":"https:\/\/www.inverseteams.com\/fr\/produit\/collant-velo-pure-kendra-antracita-femme\/","og_locale":"fr_FR","og_type":"article","og_title":"Collant v\u00e9lo PURE KENDRA ANTRACITA (FEMME)","og_description":"L'\u00e9volution du collant haut de gamme pour femme se distingue par sa bretelle int\u00e9grale innovante qui facilite l'action d\u2019enlever le collant sans avoir besoin d\u2019enlever le maillot d\u2019abord. Ce nouveau syst\u00e8me d\u00e9velopp\u00e9 par Inverse s'appelle FLEXYGO et a \u00e9t\u00e9 test\u00e9 par de nombreux cyclistes. Il s'adapte parfaitement \u00e0 la position du cycliste, maintient le pantalon de cyclisme sans provoquer de g\u00eane et permet d'aller aux toilettes rapidement et confortablement. Le collant de cyclisme est id\u00e9al pour lutter contre le froid et profiter du v\u00e9lo pendant l\u2019hiver. Le tissu SUPERROUBAIX qui le compose retient la chaleur corporelle et maintient la compression musculaire n\u00e9cessaire pour retarder la fatigue. Son \u00e9lasticit\u00e9 vous permettra une grande libert\u00e9 de mouvement. Les panneaux du pantalon de cyclisme sont con\u00e7us pour s\u2019adapter parfaitement aux diff\u00e9rentes positions de p\u00e9dalage. Vous ne remarquerez aucun inconfort. \u00c0 l\u2019extr\u00e9mit\u00e9 des jambes, il a une bande \u00e9lastique avec un grip en silicone hypoallerg\u00e9nique \u00e0 l\u2019int\u00e9rieur. Cela maintient le v\u00eatement bien attach\u00e9 \u00e0 la jambe. Dans la zone arri\u00e8re, il a un d\u00e9tail r\u00e9fl\u00e9chissant qui augmentera votre s\u00e9curit\u00e9 car il refl\u00e9tera la lumi\u00e8re des v\u00e9hicules. \u00c9quip\u00e9 du fond ECOLOGICAL NICE par interface \u00e9lastique compos\u00e9 de 3 densit\u00e9s qui s\u2019adaptera \u00e0 votre anatomie et \u00e0 votre style de p\u00e9dalage.","og_url":"https:\/\/www.inverseteams.com\/fr\/produit\/collant-velo-pure-kendra-antracita-femme\/","og_site_name":"Inverseteams","article_publisher":"https:\/\/www.facebook.com\/inverseteams","article_modified_time":"2025-10-02T00:01:51+00:00","og_image":[{"width":1500,"height":1612,"url":"https:\/\/www.inverseteams.com\/wp-content\/uploads\/CULOTTE-CICLISMO-MUJER-PURE-KENDRA-ANTRACITA-1-ESP.jpg","type":"image\/jpeg"}],"twitter_card":"summary_large_image","twitter_misc":{"Dur\u00e9e de lecture estim\u00e9e":"2 minutes"},"schema":{"@context":"https:\/\/schema.org","@graph":[{"@type":"WebPage","@id":"https:\/\/www.inverseteams.com\/fr\/produit\/collant-velo-pure-kendra-antracita-femme\/","url":"https:\/\/www.inverseteams.com\/fr\/produit\/collant-velo-pure-kendra-antracita-femme\/","name":"Collant v\u00e9lo PURE KENDRA ANTRACITA (FEMME)","isPartOf":{"@id":"https:\/\/www.inverseteams.com\/fr\/#website"},"primaryImageOfPage":{"@id":"https:\/\/www.inverseteams.com\/fr\/produit\/collant-velo-pure-kendra-antracita-femme\/#primaryimage"},"image":{"@id":"https:\/\/www.inverseteams.com\/fr\/produit\/collant-velo-pure-kendra-antracita-femme\/#primaryimage"},"thumbnailUrl":"https:\/\/www.inverseteams.com\/wp-content\/uploads\/CULOTTE-CICLISMO-MUJER-PURE-KENDRA-ANTRACITA-1-ESP.jpg","datePublished":"2024-07-26T12:50:35+00:00","dateModified":"2025-10-02T00:01:51+00:00","description":"L'\u00e9volution du collant haut de gamme pour femme se distingue par sa bretelle int\u00e9grale innovante qui facilite l'action d\u2019enlever le collant sans avoir besoin d\u2019enlever le maillot d\u2019abord. Ce nouveau syst\u00e8me d\u00e9velopp\u00e9 par Inverse s'appelle FLEXYGO et a \u00e9t\u00e9 test\u00e9 par de nombreux cyclistes. Il s'adapte parfaitement \u00e0 la position du cycliste, maintient le pantalon de cyclisme sans provoquer de g\u00eane et permet d'aller aux toilettes rapidement et confortablement. Le collant de cyclisme est id\u00e9al pour lutter contre le froid et profiter du v\u00e9lo pendant l\u2019hiver. Le tissu SUPERROUBAIX qui le compose retient la chaleur corporelle et maintient la compression musculaire n\u00e9cessaire pour retarder la fatigue. Son \u00e9lasticit\u00e9 vous permettra une grande libert\u00e9 de mouvement. Les panneaux du pantalon de cyclisme sont con\u00e7us pour s\u2019adapter parfaitement aux diff\u00e9rentes positions de p\u00e9dalage. Vous ne remarquerez aucun inconfort. \u00c0 l\u2019extr\u00e9mit\u00e9 des jambes, il a une bande \u00e9lastique avec un grip en silicone hypoallerg\u00e9nique \u00e0 l\u2019int\u00e9rieur. Cela maintient le v\u00eatement bien attach\u00e9 \u00e0 la jambe. Dans la zone arri\u00e8re, il a un d\u00e9tail r\u00e9fl\u00e9chissant qui augmentera votre s\u00e9curit\u00e9 car il refl\u00e9tera la lumi\u00e8re des v\u00e9hicules. \u00c9quip\u00e9 du fond ECOLOGICAL NICE par interface \u00e9lastique compos\u00e9 de 3 densit\u00e9s qui s\u2019adaptera \u00e0 votre anatomie et \u00e0 votre style de p\u00e9dalage.","breadcrumb":{"@id":"https:\/\/www.inverseteams.com\/fr\/produit\/collant-velo-pure-kendra-antracita-femme\/#breadcrumb"},"inLanguage":"fr-FR","potentialAction":[{"@type":"ReadAction","target":["https:\/\/www.inverseteams.com\/fr\/produit\/collant-velo-pure-kendra-antracita-femme\/"]}]},{"@type":"ImageObject","inLanguage":"fr-FR","@id":"https:\/\/www.inverseteams.com\/fr\/produit\/collant-velo-pure-kendra-antracita-femme\/#primaryimage","url":"https:\/\/www.inverseteams.com\/wp-content\/uploads\/CULOTTE-CICLISMO-MUJER-PURE-KENDRA-ANTRACITA-1-ESP.jpg","contentUrl":"https:\/\/www.inverseteams.com\/wp-content\/uploads\/CULOTTE-CICLISMO-MUJER-PURE-KENDRA-ANTRACITA-1-ESP.jpg","width":1500,"height":1612},{"@type":"BreadcrumbList","@id":"https:\/\/www.inverseteams.com\/fr\/produit\/collant-velo-pure-kendra-antracita-femme\/#breadcrumb","itemListElement":[{"@type":"ListItem","position":1,"name":"Portada","item":"https:\/\/www.inverseteams.com\/fr\/pagina-principal\/"},{"@type":"ListItem","position":2,"name":"Panier","item":"https:\/\/www.inverseteams.com\/fr\/panier\/"},{"@type":"ListItem","position":3,"name":"Collant v\u00e9lo PURE KENDRA ANTRACITA (FEMME)"}]},{"@type":"WebSite","@id":"https:\/\/www.inverseteams.com\/fr\/#website","url":"https:\/\/www.inverseteams.com\/fr\/","name":"Inverseteams","description":"Tu marca de ropa deportiva personalizada","publisher":{"@id":"https:\/\/www.inverseteams.com\/fr\/#organization"},"potentialAction":[{"@type":"SearchAction","target":{"@type":"EntryPoint","urlTemplate":"https:\/\/www.inverseteams.com\/fr\/?s={search_term_string}"},"query-input":{"@type":"PropertyValueSpecification","valueRequired":true,"valueName":"search_term_string"}}],"inLanguage":"fr-FR"},{"@type":"Organization","@id":"https:\/\/www.inverseteams.com\/fr\/#organization","name":"Inverse Teams","url":"https:\/\/www.inverseteams.com\/fr\/","logo":{"@type":"ImageObject","inLanguage":"fr-FR","@id":"https:\/\/www.inverseteams.com\/fr\/#\/schema\/logo\/image\/","url":"https:\/\/www.inverseteams.com\/wp-content\/uploads\/2021\/03\/logo-inverse-teams.png","contentUrl":"https:\/\/www.inverseteams.com\/wp-content\/uploads\/2021\/03\/logo-inverse-teams.png","width":294,"height":99,"caption":"Inverse Teams"},"image":{"@id":"https:\/\/www.inverseteams.com\/fr\/#\/schema\/logo\/image\/"},"sameAs":["https:\/\/www.facebook.com\/inverseteams","http:\/\/instagram.com\/inverseteams","https:\/\/www.linkedin.com\/company\/inverse-cirosport-s-l-?trk=job_view_topcard_company_name","http:\/\/www.pinterest.com\/inverseteams\/","http:\/\/www.youtube.com\/user\/inverseteams?feature=watch"]}]}},"_links":{"self":[{"href":"https:\/\/www.inverseteams.com\/fr\/wp-json\/wp\/v2\/product\/209523","targetHints":{"allow":["GET"]}}],"collection":[{"href":"https:\/\/www.inverseteams.com\/fr\/wp-json\/wp\/v2\/product"}],"about":[{"href":"https:\/\/www.inverseteams.com\/fr\/wp-json\/wp\/v2\/types\/product"}],"replies":[{"embeddable":true,"href":"https:\/\/www.inverseteams.com\/fr\/wp-json\/wp\/v2\/comments?post=209523"}],"wp:featuredmedia":[{"embeddable":true,"href":"https:\/\/www.inverseteams.com\/fr\/wp-json\/wp\/v2\/media\/208344"}],"wp:attachment":[{"href":"https:\/\/www.inverseteams.com\/fr\/wp-json\/wp\/v2\/media?parent=209523"}],"wp:term":[{"taxonomy":"product_brand","embeddable":true,"href":"https:\/\/www.inverseteams.com\/fr\/wp-json\/wp\/v2\/product_brand?post=209523"},{"taxonomy":"product_cat","embeddable":true,"href":"https:\/\/www.inverseteams.com\/fr\/wp-json\/wp\/v2\/product_cat?post=209523"},{"taxonomy":"product_tag","embeddable":true,"href":"https:\/\/www.inverseteams.com\/fr\/wp-json\/wp\/v2\/product_tag?post=209523"},{"taxonomy":"custom_category","embeddable":true,"href":"https:\/\/www.inverseteams.com\/fr\/wp-json\/wp\/v2\/custom_category?post=209523"},{"taxonomy":"range","embeddable":true,"href":"https:\/\/www.inverseteams.com\/fr\/wp-json\/wp\/v2\/range?post=209523"}],"curies":[{"name":"wp","href":"https:\/\/api.w.org\/{rel}","templated":true}]}}