{"id":209521,"date":"2024-07-26T12:47:47","date_gmt":"2024-07-26T12:47:47","guid":{"rendered":"https:\/\/www.inverseteams.com\/?post_type=product&#038;p=209521"},"modified":"2025-10-02T00:01:50","modified_gmt":"2025-10-02T00:01:50","slug":"collant-velo-pure-neko-nairobi-homme","status":"publish","type":"product","link":"https:\/\/www.inverseteams.com\/fr\/produit\/collant-velo-pure-neko-nairobi-homme\/","title":{"rendered":"Collant v\u00e9lo PURE NEKO NAIROBI (HOMME)"},"content":{"rendered":"<p>Extraordinaire collant de cyclisme haut de gamme extraordinaire id\u00e9al pour lutter contre le froid et profiter du v\u00e9lo pendant l\u2019hiver. Le tissu SUPERROUBAIX qui le compose retient la chaleur corporelle et maintient la compression musculaire n\u00e9cessaire pour retarder la fatigue. Son \u00e9lasticit\u00e9 vous permettra une grande libert\u00e9 de mouvement. Les panneaux du pantalon de cyclisme sont con\u00e7us pour s\u2019adapter parfaitement aux diff\u00e9rentes positions de p\u00e9dalage. Vous ne remarquerez aucun inconfort.<br \/>\nLes sangles en mousse avec renfort arri\u00e8re r\u00e9partissent correctement le poids pour \u00e9viter les blessures et ainsi vous permettre de faire du v\u00e9lo pendant des heures.<br \/>\n\u00c0 l\u2019extr\u00e9mit\u00e9 des jambes, il a une bande \u00e9lastique avec un grip en silicone hypoallerg\u00e9nique \u00e0 l\u2019int\u00e9rieur. Cela maintient le v\u00eatement bien attach\u00e9 \u00e0 la jambe. Dans la zone arri\u00e8re, il a un d\u00e9tail r\u00e9fl\u00e9chissant qui augmentera votre s\u00e9curit\u00e9 car il refl\u00e9tera la lumi\u00e8re des v\u00e9hicules.<br \/>\n\u00c9quip\u00e9 du fond ECOLOGICAL NICE par interface \u00e9lastique compos\u00e9 de 3 densit\u00e9s qui s\u2019adaptera \u00e0 votre anatomie et \u00e0 votre style de p\u00e9dalage.<\/p>\n","protected":false},"excerpt":{"rendered":"<p>Extraordinaire collant de cyclisme haut de gamme extraordinaire id\u00e9al pour lutter contre le froid et profiter du v\u00e9lo pendant l\u2019hiver. Le tissu SUPERROUBAIX qui le compose retient la chaleur corporelle et maintient la compression musculaire n\u00e9cessaire pour retarder la fatigue. Son \u00e9lasticit\u00e9 vous permettra une grande libert\u00e9 de mouvement. Les panneaux du pantalon de cyclisme sont con\u00e7us pour s\u2019adapter parfaitement aux diff\u00e9rentes positions de p\u00e9dalage. Vous ne remarquerez aucun inconfort.<br \/>\nLes sangles en mousse avec renfort arri\u00e8re r\u00e9partissent correctement le poids pour \u00e9viter les blessures et ainsi vous permettre de faire du v\u00e9lo pendant des heures.<br \/>\n\u00c0 l\u2019extr\u00e9mit\u00e9 des jambes, il a une bande \u00e9lastique avec un grip en silicone hypoallerg\u00e9nique \u00e0 l\u2019int\u00e9rieur. Cela maintient le v\u00eatement bien attach\u00e9 \u00e0 la jambe. Dans la zone arri\u00e8re, il a un d\u00e9tail r\u00e9fl\u00e9chissant qui augmentera votre s\u00e9curit\u00e9 car il refl\u00e9tera la lumi\u00e8re des v\u00e9hicules.<br \/>\n\u00c9quip\u00e9 du fond ECOLOGICAL NICE par interface \u00e9lastique compos\u00e9 de 3 densit\u00e9s qui s\u2019adaptera \u00e0 votre anatomie et \u00e0 votre style de p\u00e9dalage.<\/p>\n","protected":false},"featured_media":207339,"comment_status":"closed","ping_status":"closed","template":"","meta":{"_acf_changed":false},"product_brand":[],"product_cat":[3248,3252,7177],"product_tag":[],"custom_category":[],"range":[],"class_list":{"0":"post-209521","1":"product","2":"type-product","3":"status-publish","4":"has-post-thumbnail","6":"product_cat-cuissard-cyclisme-fr","7":"product_cat-pantalon-ciclista-fr","8":"product_cat-b2b-fr","9":"pa_climatologia-froid","10":"pa_deporte-cyclisme","11":"pa_genero-homme","12":"pa_patronaje-fit-fr","13":"pa_talla-l-fr","14":"pa_talla-m-fr","15":"pa_talla-s-fr","16":"pa_talla-xl-fr","17":"pa_talla-xxl-fr","19":"first","20":"instock","21":"taxable","22":"shipping-taxable","23":"purchasable","24":"product-type-variable","25":"has-default-attributes"},"acf":[],"yoast_head":"<!-- This site is optimized with the Yoast SEO plugin v27.2 - https:\/\/yoast.com\/product\/yoast-seo-wordpress\/ -->\n<title>Collant v\u00e9lo PURE NEKO NAIROBI (HOMME)<\/title>\n<meta name=\"description\" content=\"Extraordinaire collant de cyclisme haut de gamme extraordinaire id\u00e9al pour lutter contre le froid et profiter du v\u00e9lo pendant l\u2019hiver. Le tissu SUPERROUBAIX qui le compose retient la chaleur corporelle et maintient la compression musculaire n\u00e9cessaire pour retarder la fatigue. Son \u00e9lasticit\u00e9 vous permettra une grande libert\u00e9 de mouvement. Les panneaux du pantalon de cyclisme sont con\u00e7us pour s\u2019adapter parfaitement aux diff\u00e9rentes positions de p\u00e9dalage. Vous ne remarquerez aucun inconfort. Les sangles en mousse avec renfort arri\u00e8re r\u00e9partissent correctement le poids pour \u00e9viter les blessures et ainsi vous permettre de faire du v\u00e9lo pendant des heures. \u00c0 l\u2019extr\u00e9mit\u00e9 des jambes, il a une bande \u00e9lastique avec un grip en silicone hypoallerg\u00e9nique \u00e0 l\u2019int\u00e9rieur. Cela maintient le v\u00eatement bien attach\u00e9 \u00e0 la jambe. Dans la zone arri\u00e8re, il a un d\u00e9tail r\u00e9fl\u00e9chissant qui augmentera votre s\u00e9curit\u00e9 car il refl\u00e9tera la lumi\u00e8re des v\u00e9hicules. \u00c9quip\u00e9 du fond ECOLOGICAL NICE par interface \u00e9lastique compos\u00e9 de 3 densit\u00e9s qui s\u2019adaptera \u00e0 votre anatomie et \u00e0 votre style de p\u00e9dalage.\" \/>\n<meta name=\"robots\" content=\"index, follow, max-snippet:-1, max-image-preview:large, max-video-preview:-1\" \/>\n<link rel=\"canonical\" href=\"https:\/\/www.inverseteams.com\/fr\/produit\/collant-velo-pure-neko-nairobi-homme\/\" \/>\n<meta property=\"og:locale\" content=\"fr_FR\" \/>\n<meta property=\"og:type\" content=\"article\" \/>\n<meta property=\"og:title\" content=\"Collant v\u00e9lo PURE NEKO NAIROBI (HOMME)\" \/>\n<meta property=\"og:description\" content=\"Extraordinaire collant de cyclisme haut de gamme extraordinaire id\u00e9al pour lutter contre le froid et profiter du v\u00e9lo pendant l\u2019hiver. Le tissu SUPERROUBAIX qui le compose retient la chaleur corporelle et maintient la compression musculaire n\u00e9cessaire pour retarder la fatigue. Son \u00e9lasticit\u00e9 vous permettra une grande libert\u00e9 de mouvement. Les panneaux du pantalon de cyclisme sont con\u00e7us pour s\u2019adapter parfaitement aux diff\u00e9rentes positions de p\u00e9dalage. Vous ne remarquerez aucun inconfort. Les sangles en mousse avec renfort arri\u00e8re r\u00e9partissent correctement le poids pour \u00e9viter les blessures et ainsi vous permettre de faire du v\u00e9lo pendant des heures. \u00c0 l\u2019extr\u00e9mit\u00e9 des jambes, il a une bande \u00e9lastique avec un grip en silicone hypoallerg\u00e9nique \u00e0 l\u2019int\u00e9rieur. Cela maintient le v\u00eatement bien attach\u00e9 \u00e0 la jambe. Dans la zone arri\u00e8re, il a un d\u00e9tail r\u00e9fl\u00e9chissant qui augmentera votre s\u00e9curit\u00e9 car il refl\u00e9tera la lumi\u00e8re des v\u00e9hicules. \u00c9quip\u00e9 du fond ECOLOGICAL NICE par interface \u00e9lastique compos\u00e9 de 3 densit\u00e9s qui s\u2019adaptera \u00e0 votre anatomie et \u00e0 votre style de p\u00e9dalage.\" \/>\n<meta property=\"og:url\" content=\"https:\/\/www.inverseteams.com\/fr\/produit\/collant-velo-pure-neko-nairobi-homme\/\" \/>\n<meta property=\"og:site_name\" content=\"Inverseteams\" \/>\n<meta property=\"article:publisher\" content=\"https:\/\/www.facebook.com\/inverseteams\" \/>\n<meta property=\"article:modified_time\" content=\"2025-10-02T00:01:50+00:00\" \/>\n<meta property=\"og:image\" content=\"https:\/\/www.inverseteams.com\/wp-content\/uploads\/CULOTTE-LARGO-CICLISMO-HOMBRE-PURE-NEKO-NAIROBI-1.jpg\" \/>\n\t<meta property=\"og:image:width\" content=\"1500\" \/>\n\t<meta property=\"og:image:height\" content=\"1612\" \/>\n\t<meta property=\"og:image:type\" content=\"image\/jpeg\" \/>\n<meta name=\"twitter:card\" content=\"summary_large_image\" \/>\n<meta name=\"twitter:label1\" content=\"Dur\u00e9e de lecture estim\u00e9e\" \/>\n\t<meta name=\"twitter:data1\" content=\"1 minute\" \/>\n<script type=\"application\/ld+json\" class=\"yoast-schema-graph\">{\"@context\":\"https:\/\/schema.org\",\"@graph\":[{\"@type\":\"WebPage\",\"@id\":\"https:\/\/www.inverseteams.com\/fr\/produit\/collant-velo-pure-neko-nairobi-homme\/\",\"url\":\"https:\/\/www.inverseteams.com\/fr\/produit\/collant-velo-pure-neko-nairobi-homme\/\",\"name\":\"Collant v\u00e9lo PURE NEKO NAIROBI (HOMME)\",\"isPartOf\":{\"@id\":\"https:\/\/www.inverseteams.com\/fr\/#website\"},\"primaryImageOfPage\":{\"@id\":\"https:\/\/www.inverseteams.com\/fr\/produit\/collant-velo-pure-neko-nairobi-homme\/#primaryimage\"},\"image\":{\"@id\":\"https:\/\/www.inverseteams.com\/fr\/produit\/collant-velo-pure-neko-nairobi-homme\/#primaryimage\"},\"thumbnailUrl\":\"https:\/\/www.inverseteams.com\/wp-content\/uploads\/CULOTTE-LARGO-CICLISMO-HOMBRE-PURE-NEKO-NAIROBI-1.jpg\",\"datePublished\":\"2024-07-26T12:47:47+00:00\",\"dateModified\":\"2025-10-02T00:01:50+00:00\",\"description\":\"Extraordinaire collant de cyclisme haut de gamme extraordinaire id\u00e9al pour lutter contre le froid et profiter du v\u00e9lo pendant l\u2019hiver. Le tissu SUPERROUBAIX qui le compose retient la chaleur corporelle et maintient la compression musculaire n\u00e9cessaire pour retarder la fatigue. Son \u00e9lasticit\u00e9 vous permettra une grande libert\u00e9 de mouvement. Les panneaux du pantalon de cyclisme sont con\u00e7us pour s\u2019adapter parfaitement aux diff\u00e9rentes positions de p\u00e9dalage. Vous ne remarquerez aucun inconfort. Les sangles en mousse avec renfort arri\u00e8re r\u00e9partissent correctement le poids pour \u00e9viter les blessures et ainsi vous permettre de faire du v\u00e9lo pendant des heures. \u00c0 l\u2019extr\u00e9mit\u00e9 des jambes, il a une bande \u00e9lastique avec un grip en silicone hypoallerg\u00e9nique \u00e0 l\u2019int\u00e9rieur. Cela maintient le v\u00eatement bien attach\u00e9 \u00e0 la jambe. Dans la zone arri\u00e8re, il a un d\u00e9tail r\u00e9fl\u00e9chissant qui augmentera votre s\u00e9curit\u00e9 car il refl\u00e9tera la lumi\u00e8re des v\u00e9hicules. \u00c9quip\u00e9 du fond ECOLOGICAL NICE par interface \u00e9lastique compos\u00e9 de 3 densit\u00e9s qui s\u2019adaptera \u00e0 votre anatomie et \u00e0 votre style de p\u00e9dalage.\",\"breadcrumb\":{\"@id\":\"https:\/\/www.inverseteams.com\/fr\/produit\/collant-velo-pure-neko-nairobi-homme\/#breadcrumb\"},\"inLanguage\":\"fr-FR\",\"potentialAction\":[{\"@type\":\"ReadAction\",\"target\":[\"https:\/\/www.inverseteams.com\/fr\/produit\/collant-velo-pure-neko-nairobi-homme\/\"]}]},{\"@type\":\"ImageObject\",\"inLanguage\":\"fr-FR\",\"@id\":\"https:\/\/www.inverseteams.com\/fr\/produit\/collant-velo-pure-neko-nairobi-homme\/#primaryimage\",\"url\":\"https:\/\/www.inverseteams.com\/wp-content\/uploads\/CULOTTE-LARGO-CICLISMO-HOMBRE-PURE-NEKO-NAIROBI-1.jpg\",\"contentUrl\":\"https:\/\/www.inverseteams.com\/wp-content\/uploads\/CULOTTE-LARGO-CICLISMO-HOMBRE-PURE-NEKO-NAIROBI-1.jpg\",\"width\":1500,\"height\":1612,\"caption\":\"Collant v\u00e9lo PURE NEKO NAIROBI\"},{\"@type\":\"BreadcrumbList\",\"@id\":\"https:\/\/www.inverseteams.com\/fr\/produit\/collant-velo-pure-neko-nairobi-homme\/#breadcrumb\",\"itemListElement\":[{\"@type\":\"ListItem\",\"position\":1,\"name\":\"Portada\",\"item\":\"https:\/\/www.inverseteams.com\/fr\/pagina-principal\/\"},{\"@type\":\"ListItem\",\"position\":2,\"name\":\"Panier\",\"item\":\"https:\/\/www.inverseteams.com\/fr\/panier\/\"},{\"@type\":\"ListItem\",\"position\":3,\"name\":\"Collant v\u00e9lo PURE NEKO NAIROBI (HOMME)\"}]},{\"@type\":\"WebSite\",\"@id\":\"https:\/\/www.inverseteams.com\/fr\/#website\",\"url\":\"https:\/\/www.inverseteams.com\/fr\/\",\"name\":\"Inverseteams\",\"description\":\"Tu marca de ropa deportiva personalizada\",\"publisher\":{\"@id\":\"https:\/\/www.inverseteams.com\/fr\/#organization\"},\"potentialAction\":[{\"@type\":\"SearchAction\",\"target\":{\"@type\":\"EntryPoint\",\"urlTemplate\":\"https:\/\/www.inverseteams.com\/fr\/?s={search_term_string}\"},\"query-input\":{\"@type\":\"PropertyValueSpecification\",\"valueRequired\":true,\"valueName\":\"search_term_string\"}}],\"inLanguage\":\"fr-FR\"},{\"@type\":\"Organization\",\"@id\":\"https:\/\/www.inverseteams.com\/fr\/#organization\",\"name\":\"Inverse Teams\",\"url\":\"https:\/\/www.inverseteams.com\/fr\/\",\"logo\":{\"@type\":\"ImageObject\",\"inLanguage\":\"fr-FR\",\"@id\":\"https:\/\/www.inverseteams.com\/fr\/#\/schema\/logo\/image\/\",\"url\":\"https:\/\/www.inverseteams.com\/wp-content\/uploads\/2021\/03\/logo-inverse-teams.png\",\"contentUrl\":\"https:\/\/www.inverseteams.com\/wp-content\/uploads\/2021\/03\/logo-inverse-teams.png\",\"width\":294,\"height\":99,\"caption\":\"Inverse Teams\"},\"image\":{\"@id\":\"https:\/\/www.inverseteams.com\/fr\/#\/schema\/logo\/image\/\"},\"sameAs\":[\"https:\/\/www.facebook.com\/inverseteams\",\"http:\/\/instagram.com\/inverseteams\",\"https:\/\/www.linkedin.com\/company\/inverse-cirosport-s-l-?trk=job_view_topcard_company_name\",\"http:\/\/www.pinterest.com\/inverseteams\/\",\"http:\/\/www.youtube.com\/user\/inverseteams?feature=watch\"]}]}<\/script>\n<!-- \/ Yoast SEO plugin. -->","yoast_head_json":{"title":"Collant v\u00e9lo PURE NEKO NAIROBI (HOMME)","description":"Extraordinaire collant de cyclisme haut de gamme extraordinaire id\u00e9al pour lutter contre le froid et profiter du v\u00e9lo pendant l\u2019hiver. Le tissu SUPERROUBAIX qui le compose retient la chaleur corporelle et maintient la compression musculaire n\u00e9cessaire pour retarder la fatigue. Son \u00e9lasticit\u00e9 vous permettra une grande libert\u00e9 de mouvement. Les panneaux du pantalon de cyclisme sont con\u00e7us pour s\u2019adapter parfaitement aux diff\u00e9rentes positions de p\u00e9dalage. Vous ne remarquerez aucun inconfort. Les sangles en mousse avec renfort arri\u00e8re r\u00e9partissent correctement le poids pour \u00e9viter les blessures et ainsi vous permettre de faire du v\u00e9lo pendant des heures. \u00c0 l\u2019extr\u00e9mit\u00e9 des jambes, il a une bande \u00e9lastique avec un grip en silicone hypoallerg\u00e9nique \u00e0 l\u2019int\u00e9rieur. Cela maintient le v\u00eatement bien attach\u00e9 \u00e0 la jambe. Dans la zone arri\u00e8re, il a un d\u00e9tail r\u00e9fl\u00e9chissant qui augmentera votre s\u00e9curit\u00e9 car il refl\u00e9tera la lumi\u00e8re des v\u00e9hicules. \u00c9quip\u00e9 du fond ECOLOGICAL NICE par interface \u00e9lastique compos\u00e9 de 3 densit\u00e9s qui s\u2019adaptera \u00e0 votre anatomie et \u00e0 votre style de p\u00e9dalage.","robots":{"index":"index","follow":"follow","max-snippet":"max-snippet:-1","max-image-preview":"max-image-preview:large","max-video-preview":"max-video-preview:-1"},"canonical":"https:\/\/www.inverseteams.com\/fr\/produit\/collant-velo-pure-neko-nairobi-homme\/","og_locale":"fr_FR","og_type":"article","og_title":"Collant v\u00e9lo PURE NEKO NAIROBI (HOMME)","og_description":"Extraordinaire collant de cyclisme haut de gamme extraordinaire id\u00e9al pour lutter contre le froid et profiter du v\u00e9lo pendant l\u2019hiver. Le tissu SUPERROUBAIX qui le compose retient la chaleur corporelle et maintient la compression musculaire n\u00e9cessaire pour retarder la fatigue. Son \u00e9lasticit\u00e9 vous permettra une grande libert\u00e9 de mouvement. Les panneaux du pantalon de cyclisme sont con\u00e7us pour s\u2019adapter parfaitement aux diff\u00e9rentes positions de p\u00e9dalage. Vous ne remarquerez aucun inconfort. Les sangles en mousse avec renfort arri\u00e8re r\u00e9partissent correctement le poids pour \u00e9viter les blessures et ainsi vous permettre de faire du v\u00e9lo pendant des heures. \u00c0 l\u2019extr\u00e9mit\u00e9 des jambes, il a une bande \u00e9lastique avec un grip en silicone hypoallerg\u00e9nique \u00e0 l\u2019int\u00e9rieur. Cela maintient le v\u00eatement bien attach\u00e9 \u00e0 la jambe. Dans la zone arri\u00e8re, il a un d\u00e9tail r\u00e9fl\u00e9chissant qui augmentera votre s\u00e9curit\u00e9 car il refl\u00e9tera la lumi\u00e8re des v\u00e9hicules. \u00c9quip\u00e9 du fond ECOLOGICAL NICE par interface \u00e9lastique compos\u00e9 de 3 densit\u00e9s qui s\u2019adaptera \u00e0 votre anatomie et \u00e0 votre style de p\u00e9dalage.","og_url":"https:\/\/www.inverseteams.com\/fr\/produit\/collant-velo-pure-neko-nairobi-homme\/","og_site_name":"Inverseteams","article_publisher":"https:\/\/www.facebook.com\/inverseteams","article_modified_time":"2025-10-02T00:01:50+00:00","og_image":[{"width":1500,"height":1612,"url":"https:\/\/www.inverseteams.com\/wp-content\/uploads\/CULOTTE-LARGO-CICLISMO-HOMBRE-PURE-NEKO-NAIROBI-1.jpg","type":"image\/jpeg"}],"twitter_card":"summary_large_image","twitter_misc":{"Dur\u00e9e de lecture estim\u00e9e":"1 minute"},"schema":{"@context":"https:\/\/schema.org","@graph":[{"@type":"WebPage","@id":"https:\/\/www.inverseteams.com\/fr\/produit\/collant-velo-pure-neko-nairobi-homme\/","url":"https:\/\/www.inverseteams.com\/fr\/produit\/collant-velo-pure-neko-nairobi-homme\/","name":"Collant v\u00e9lo PURE NEKO NAIROBI (HOMME)","isPartOf":{"@id":"https:\/\/www.inverseteams.com\/fr\/#website"},"primaryImageOfPage":{"@id":"https:\/\/www.inverseteams.com\/fr\/produit\/collant-velo-pure-neko-nairobi-homme\/#primaryimage"},"image":{"@id":"https:\/\/www.inverseteams.com\/fr\/produit\/collant-velo-pure-neko-nairobi-homme\/#primaryimage"},"thumbnailUrl":"https:\/\/www.inverseteams.com\/wp-content\/uploads\/CULOTTE-LARGO-CICLISMO-HOMBRE-PURE-NEKO-NAIROBI-1.jpg","datePublished":"2024-07-26T12:47:47+00:00","dateModified":"2025-10-02T00:01:50+00:00","description":"Extraordinaire collant de cyclisme haut de gamme extraordinaire id\u00e9al pour lutter contre le froid et profiter du v\u00e9lo pendant l\u2019hiver. Le tissu SUPERROUBAIX qui le compose retient la chaleur corporelle et maintient la compression musculaire n\u00e9cessaire pour retarder la fatigue. Son \u00e9lasticit\u00e9 vous permettra une grande libert\u00e9 de mouvement. Les panneaux du pantalon de cyclisme sont con\u00e7us pour s\u2019adapter parfaitement aux diff\u00e9rentes positions de p\u00e9dalage. Vous ne remarquerez aucun inconfort. Les sangles en mousse avec renfort arri\u00e8re r\u00e9partissent correctement le poids pour \u00e9viter les blessures et ainsi vous permettre de faire du v\u00e9lo pendant des heures. \u00c0 l\u2019extr\u00e9mit\u00e9 des jambes, il a une bande \u00e9lastique avec un grip en silicone hypoallerg\u00e9nique \u00e0 l\u2019int\u00e9rieur. Cela maintient le v\u00eatement bien attach\u00e9 \u00e0 la jambe. Dans la zone arri\u00e8re, il a un d\u00e9tail r\u00e9fl\u00e9chissant qui augmentera votre s\u00e9curit\u00e9 car il refl\u00e9tera la lumi\u00e8re des v\u00e9hicules. \u00c9quip\u00e9 du fond ECOLOGICAL NICE par interface \u00e9lastique compos\u00e9 de 3 densit\u00e9s qui s\u2019adaptera \u00e0 votre anatomie et \u00e0 votre style de p\u00e9dalage.","breadcrumb":{"@id":"https:\/\/www.inverseteams.com\/fr\/produit\/collant-velo-pure-neko-nairobi-homme\/#breadcrumb"},"inLanguage":"fr-FR","potentialAction":[{"@type":"ReadAction","target":["https:\/\/www.inverseteams.com\/fr\/produit\/collant-velo-pure-neko-nairobi-homme\/"]}]},{"@type":"ImageObject","inLanguage":"fr-FR","@id":"https:\/\/www.inverseteams.com\/fr\/produit\/collant-velo-pure-neko-nairobi-homme\/#primaryimage","url":"https:\/\/www.inverseteams.com\/wp-content\/uploads\/CULOTTE-LARGO-CICLISMO-HOMBRE-PURE-NEKO-NAIROBI-1.jpg","contentUrl":"https:\/\/www.inverseteams.com\/wp-content\/uploads\/CULOTTE-LARGO-CICLISMO-HOMBRE-PURE-NEKO-NAIROBI-1.jpg","width":1500,"height":1612,"caption":"Collant v\u00e9lo PURE NEKO NAIROBI"},{"@type":"BreadcrumbList","@id":"https:\/\/www.inverseteams.com\/fr\/produit\/collant-velo-pure-neko-nairobi-homme\/#breadcrumb","itemListElement":[{"@type":"ListItem","position":1,"name":"Portada","item":"https:\/\/www.inverseteams.com\/fr\/pagina-principal\/"},{"@type":"ListItem","position":2,"name":"Panier","item":"https:\/\/www.inverseteams.com\/fr\/panier\/"},{"@type":"ListItem","position":3,"name":"Collant v\u00e9lo PURE NEKO NAIROBI (HOMME)"}]},{"@type":"WebSite","@id":"https:\/\/www.inverseteams.com\/fr\/#website","url":"https:\/\/www.inverseteams.com\/fr\/","name":"Inverseteams","description":"Tu marca de ropa deportiva personalizada","publisher":{"@id":"https:\/\/www.inverseteams.com\/fr\/#organization"},"potentialAction":[{"@type":"SearchAction","target":{"@type":"EntryPoint","urlTemplate":"https:\/\/www.inverseteams.com\/fr\/?s={search_term_string}"},"query-input":{"@type":"PropertyValueSpecification","valueRequired":true,"valueName":"search_term_string"}}],"inLanguage":"fr-FR"},{"@type":"Organization","@id":"https:\/\/www.inverseteams.com\/fr\/#organization","name":"Inverse Teams","url":"https:\/\/www.inverseteams.com\/fr\/","logo":{"@type":"ImageObject","inLanguage":"fr-FR","@id":"https:\/\/www.inverseteams.com\/fr\/#\/schema\/logo\/image\/","url":"https:\/\/www.inverseteams.com\/wp-content\/uploads\/2021\/03\/logo-inverse-teams.png","contentUrl":"https:\/\/www.inverseteams.com\/wp-content\/uploads\/2021\/03\/logo-inverse-teams.png","width":294,"height":99,"caption":"Inverse Teams"},"image":{"@id":"https:\/\/www.inverseteams.com\/fr\/#\/schema\/logo\/image\/"},"sameAs":["https:\/\/www.facebook.com\/inverseteams","http:\/\/instagram.com\/inverseteams","https:\/\/www.linkedin.com\/company\/inverse-cirosport-s-l-?trk=job_view_topcard_company_name","http:\/\/www.pinterest.com\/inverseteams\/","http:\/\/www.youtube.com\/user\/inverseteams?feature=watch"]}]}},"_links":{"self":[{"href":"https:\/\/www.inverseteams.com\/fr\/wp-json\/wp\/v2\/product\/209521","targetHints":{"allow":["GET"]}}],"collection":[{"href":"https:\/\/www.inverseteams.com\/fr\/wp-json\/wp\/v2\/product"}],"about":[{"href":"https:\/\/www.inverseteams.com\/fr\/wp-json\/wp\/v2\/types\/product"}],"replies":[{"embeddable":true,"href":"https:\/\/www.inverseteams.com\/fr\/wp-json\/wp\/v2\/comments?post=209521"}],"wp:featuredmedia":[{"embeddable":true,"href":"https:\/\/www.inverseteams.com\/fr\/wp-json\/wp\/v2\/media\/207339"}],"wp:attachment":[{"href":"https:\/\/www.inverseteams.com\/fr\/wp-json\/wp\/v2\/media?parent=209521"}],"wp:term":[{"taxonomy":"product_brand","embeddable":true,"href":"https:\/\/www.inverseteams.com\/fr\/wp-json\/wp\/v2\/product_brand?post=209521"},{"taxonomy":"product_cat","embeddable":true,"href":"https:\/\/www.inverseteams.com\/fr\/wp-json\/wp\/v2\/product_cat?post=209521"},{"taxonomy":"product_tag","embeddable":true,"href":"https:\/\/www.inverseteams.com\/fr\/wp-json\/wp\/v2\/product_tag?post=209521"},{"taxonomy":"custom_category","embeddable":true,"href":"https:\/\/www.inverseteams.com\/fr\/wp-json\/wp\/v2\/custom_category?post=209521"},{"taxonomy":"range","embeddable":true,"href":"https:\/\/www.inverseteams.com\/fr\/wp-json\/wp\/v2\/range?post=209521"}],"curies":[{"name":"wp","href":"https:\/\/api.w.org\/{rel}","templated":true}]}}