{"id":209508,"date":"2024-07-26T12:26:54","date_gmt":"2024-07-26T12:26:54","guid":{"rendered":"https:\/\/www.inverseteams.com\/?post_type=product&#038;p=209508"},"modified":"2026-01-31T09:03:03","modified_gmt":"2026-01-31T08:03:03","slug":"impermeable-cycliste-reversible-2way-tierra-black-unisex","status":"publish","type":"product","link":"https:\/\/www.inverseteams.com\/fr\/produit\/impermeable-cycliste-reversible-2way-tierra-black-unisex\/","title":{"rendered":"Imperm\u00e9able cycliste r\u00e9versible 2WAY TIERRA\/BLACK (UNISEX)"},"content":{"rendered":"<p>Imperm\u00e9able r\u00e9versible r\u00e9volutionnaire con\u00e7u avec un patronnage original et innovant qui vous permettra d&rsquo;avoir deux v\u00eatements en un et de pouvoir le combiner avec tous vos cuissards.<br \/>\nGr\u00e2ce \u00e0 son tissu \u00e0 membrane bidirectionnelle, ses propri\u00e9t\u00e9s sont les m\u00eames des deux c\u00f4t\u00e9s. Il est tr\u00e8s l\u00e9ger, coupe-vent et imperm\u00e9able. Id\u00e9al pour les descentes et les jours de temps variable.<br \/>\n\u00c9tant si fin et l\u00e9ger, vous pouvez facilement le garder dans la poche de votre maillot lorsque vous n\u2019en avez pas besoin. Il poss\u00e8de une fermeture \u00e9clair int\u00e9grale avec un syst\u00e8me anti-pull qui vous permettra de r\u00e9guler la ventilation pendant l\u2019exercice.<br \/>\nDes deux c\u00f4t\u00e9s de la zone lombaire, il int\u00e8gre 3 poches de grande capacit\u00e9. D&rsquo;un c\u00f4t\u00e9 les poches ont un rabat qui les prot\u00e9gera de la pluie.<br \/>\n\u00c0 la taille, il a une bande \u00e9lastique avec un grip en silicone antid\u00e9rapante \u00e0 l\u2019int\u00e9rieur pour garder le maillot bien ajust\u00e9 contre le corps. Profitez du v\u00e9lo sans soucis.<\/p>\n","protected":false},"excerpt":{"rendered":"<p>Imperm\u00e9able r\u00e9versible r\u00e9volutionnaire con\u00e7u avec un patronnage original et innovant qui vous permettra d&rsquo;avoir deux v\u00eatements en un et de pouvoir le combiner avec tous vos cuissards.<br \/>\nGr\u00e2ce \u00e0 son tissu \u00e0 membrane bidirectionnelle, ses propri\u00e9t\u00e9s sont les m\u00eames des deux c\u00f4t\u00e9s. Il est tr\u00e8s l\u00e9ger, coupe-vent et imperm\u00e9able. Id\u00e9al pour les descentes et les jours de temps variable.<br \/>\n\u00c9tant si fin et l\u00e9ger, vous pouvez facilement le garder dans la poche de votre maillot lorsque vous n\u2019en avez pas besoin. Il poss\u00e8de une fermeture \u00e9clair int\u00e9grale avec un syst\u00e8me anti-pull qui vous permettra de r\u00e9guler la ventilation pendant l\u2019exercice.<br \/>\nDes deux c\u00f4t\u00e9s de la zone lombaire, il int\u00e8gre 3 poches de grande capacit\u00e9. D&rsquo;un c\u00f4t\u00e9 les poches ont un rabat qui les prot\u00e9gera de la pluie.<br \/>\n\u00c0 la taille, il a une bande \u00e9lastique avec un grip en silicone antid\u00e9rapante \u00e0 l\u2019int\u00e9rieur pour garder le maillot bien ajust\u00e9 contre le corps. Profitez du v\u00e9lo sans soucis.<\/p>\n","protected":false},"featured_media":209043,"comment_status":"closed","ping_status":"closed","template":"","meta":{"_acf_changed":false},"product_brand":[],"product_cat":[9949,3235,7177],"product_tag":[],"custom_category":[],"range":[],"class_list":{"0":"post-209508","1":"product","2":"type-product","3":"status-publish","4":"has-post-thumbnail","6":"product_cat-gravel-fr","7":"product_cat-veste-velo-fr","8":"product_cat-b2b-fr","9":"pa_climatologia-vent-fr","10":"pa_climatologia-pluie","11":"pa_climatologia-temperature-chaude","12":"pa_deporte-cyclisme","13":"pa_deporte-gravel-fr","14":"pa_genero-homme","15":"pa_genero-femme","16":"pa_patronaje-regular-fr","17":"pa_talla-xs-fr","18":"pa_talla-l-fr","19":"pa_talla-m-fr","20":"pa_talla-s-fr","21":"pa_talla-xl-fr","22":"pa_tipo-de-prenda-impermeable-fr","24":"first","25":"instock","26":"taxable","27":"shipping-taxable","28":"purchasable","29":"product-type-variable","30":"has-default-attributes"},"acf":[],"yoast_head":"<!-- This site is optimized with the Yoast SEO plugin v27.3 - https:\/\/yoast.com\/product\/yoast-seo-wordpress\/ -->\n<title>Imperm\u00e9able cycliste r\u00e9versible 2WAY TIERRA\/BLACK (UNISEX)<\/title>\n<meta name=\"description\" content=\"Imperm\u00e9able r\u00e9versible r\u00e9volutionnaire con\u00e7u avec un patronnage original et innovant qui vous permettra d&#039;avoir deux v\u00eatements en un et de pouvoir le combiner avec tous vos cuissards. Gr\u00e2ce \u00e0 son tissu \u00e0 membrane bidirectionnelle, ses propri\u00e9t\u00e9s sont les m\u00eames des deux c\u00f4t\u00e9s. Il est tr\u00e8s l\u00e9ger, coupe-vent et imperm\u00e9able. Id\u00e9al pour les descentes et les jours de temps variable. \u00c9tant si fin et l\u00e9ger, vous pouvez facilement le garder dans la poche de votre maillot lorsque vous n\u2019en avez pas besoin. Il poss\u00e8de une fermeture \u00e9clair int\u00e9grale avec un syst\u00e8me anti-pull qui vous permettra de r\u00e9guler la ventilation pendant l\u2019exercice. Des deux c\u00f4t\u00e9s de la zone lombaire, il int\u00e8gre 3 poches de grande capacit\u00e9. D&#039;un c\u00f4t\u00e9 les poches ont un rabat qui les prot\u00e9gera de la pluie. \u00c0 la taille, il a une bande \u00e9lastique avec un grip en silicone antid\u00e9rapante \u00e0 l\u2019int\u00e9rieur pour garder le maillot bien ajust\u00e9 contre le corps. Profitez du v\u00e9lo sans soucis.\" \/>\n<meta name=\"robots\" content=\"index, follow, max-snippet:-1, max-image-preview:large, max-video-preview:-1\" \/>\n<link rel=\"canonical\" href=\"https:\/\/www.inverseteams.com\/fr\/produit\/impermeable-cycliste-reversible-2way-tierra-black-unisex\/\" \/>\n<meta property=\"og:locale\" content=\"fr_FR\" \/>\n<meta property=\"og:type\" content=\"article\" \/>\n<meta property=\"og:title\" content=\"Imperm\u00e9able cycliste r\u00e9versible 2WAY TIERRA\/BLACK (UNISEX)\" \/>\n<meta property=\"og:description\" content=\"Imperm\u00e9able r\u00e9versible r\u00e9volutionnaire con\u00e7u avec un patronnage original et innovant qui vous permettra d&#039;avoir deux v\u00eatements en un et de pouvoir le combiner avec tous vos cuissards. Gr\u00e2ce \u00e0 son tissu \u00e0 membrane bidirectionnelle, ses propri\u00e9t\u00e9s sont les m\u00eames des deux c\u00f4t\u00e9s. Il est tr\u00e8s l\u00e9ger, coupe-vent et imperm\u00e9able. Id\u00e9al pour les descentes et les jours de temps variable. \u00c9tant si fin et l\u00e9ger, vous pouvez facilement le garder dans la poche de votre maillot lorsque vous n\u2019en avez pas besoin. Il poss\u00e8de une fermeture \u00e9clair int\u00e9grale avec un syst\u00e8me anti-pull qui vous permettra de r\u00e9guler la ventilation pendant l\u2019exercice. Des deux c\u00f4t\u00e9s de la zone lombaire, il int\u00e8gre 3 poches de grande capacit\u00e9. D&#039;un c\u00f4t\u00e9 les poches ont un rabat qui les prot\u00e9gera de la pluie. \u00c0 la taille, il a une bande \u00e9lastique avec un grip en silicone antid\u00e9rapante \u00e0 l\u2019int\u00e9rieur pour garder le maillot bien ajust\u00e9 contre le corps. Profitez du v\u00e9lo sans soucis.\" \/>\n<meta property=\"og:url\" content=\"https:\/\/www.inverseteams.com\/fr\/produit\/impermeable-cycliste-reversible-2way-tierra-black-unisex\/\" \/>\n<meta property=\"og:site_name\" content=\"Inverseteams\" \/>\n<meta property=\"article:publisher\" content=\"https:\/\/www.facebook.com\/inverseteams\" \/>\n<meta property=\"article:modified_time\" content=\"2026-01-31T08:03:03+00:00\" \/>\n<meta property=\"og:image\" content=\"https:\/\/www.inverseteams.com\/wp-content\/uploads\/IMPERMEABLE-CICLISMO-REVERSIBLE-2WAY-1.jpg\" \/>\n\t<meta property=\"og:image:width\" content=\"1500\" \/>\n\t<meta property=\"og:image:height\" content=\"1612\" \/>\n\t<meta property=\"og:image:type\" content=\"image\/jpeg\" \/>\n<meta name=\"twitter:card\" content=\"summary_large_image\" \/>\n<meta name=\"twitter:label1\" content=\"Dur\u00e9e de lecture estim\u00e9e\" \/>\n\t<meta name=\"twitter:data1\" content=\"1 minute\" \/>\n<script type=\"application\/ld+json\" class=\"yoast-schema-graph\">{\"@context\":\"https:\\\/\\\/schema.org\",\"@graph\":[{\"@type\":\"WebPage\",\"@id\":\"https:\\\/\\\/www.inverseteams.com\\\/fr\\\/produit\\\/impermeable-cycliste-reversible-2way-tierra-black-unisex\\\/\",\"url\":\"https:\\\/\\\/www.inverseteams.com\\\/fr\\\/produit\\\/impermeable-cycliste-reversible-2way-tierra-black-unisex\\\/\",\"name\":\"Imperm\u00e9able cycliste r\u00e9versible 2WAY TIERRA\\\/BLACK (UNISEX)\",\"isPartOf\":{\"@id\":\"https:\\\/\\\/www.inverseteams.com\\\/fr\\\/#website\"},\"primaryImageOfPage\":{\"@id\":\"https:\\\/\\\/www.inverseteams.com\\\/fr\\\/produit\\\/impermeable-cycliste-reversible-2way-tierra-black-unisex\\\/#primaryimage\"},\"image\":{\"@id\":\"https:\\\/\\\/www.inverseteams.com\\\/fr\\\/produit\\\/impermeable-cycliste-reversible-2way-tierra-black-unisex\\\/#primaryimage\"},\"thumbnailUrl\":\"https:\\\/\\\/www.inverseteams.com\\\/wp-content\\\/uploads\\\/IMPERMEABLE-CICLISMO-REVERSIBLE-2WAY-1.jpg\",\"datePublished\":\"2024-07-26T12:26:54+00:00\",\"dateModified\":\"2026-01-31T08:03:03+00:00\",\"description\":\"Imperm\u00e9able r\u00e9versible r\u00e9volutionnaire con\u00e7u avec un patronnage original et innovant qui vous permettra d'avoir deux v\u00eatements en un et de pouvoir le combiner avec tous vos cuissards. Gr\u00e2ce \u00e0 son tissu \u00e0 membrane bidirectionnelle, ses propri\u00e9t\u00e9s sont les m\u00eames des deux c\u00f4t\u00e9s. Il est tr\u00e8s l\u00e9ger, coupe-vent et imperm\u00e9able. Id\u00e9al pour les descentes et les jours de temps variable. \u00c9tant si fin et l\u00e9ger, vous pouvez facilement le garder dans la poche de votre maillot lorsque vous n\u2019en avez pas besoin. Il poss\u00e8de une fermeture \u00e9clair int\u00e9grale avec un syst\u00e8me anti-pull qui vous permettra de r\u00e9guler la ventilation pendant l\u2019exercice. Des deux c\u00f4t\u00e9s de la zone lombaire, il int\u00e8gre 3 poches de grande capacit\u00e9. D'un c\u00f4t\u00e9 les poches ont un rabat qui les prot\u00e9gera de la pluie. \u00c0 la taille, il a une bande \u00e9lastique avec un grip en silicone antid\u00e9rapante \u00e0 l\u2019int\u00e9rieur pour garder le maillot bien ajust\u00e9 contre le corps. Profitez du v\u00e9lo sans soucis.\",\"breadcrumb\":{\"@id\":\"https:\\\/\\\/www.inverseteams.com\\\/fr\\\/produit\\\/impermeable-cycliste-reversible-2way-tierra-black-unisex\\\/#breadcrumb\"},\"inLanguage\":\"fr-FR\",\"potentialAction\":[{\"@type\":\"ReadAction\",\"target\":[\"https:\\\/\\\/www.inverseteams.com\\\/fr\\\/produit\\\/impermeable-cycliste-reversible-2way-tierra-black-unisex\\\/\"]}]},{\"@type\":\"ImageObject\",\"inLanguage\":\"fr-FR\",\"@id\":\"https:\\\/\\\/www.inverseteams.com\\\/fr\\\/produit\\\/impermeable-cycliste-reversible-2way-tierra-black-unisex\\\/#primaryimage\",\"url\":\"https:\\\/\\\/www.inverseteams.com\\\/wp-content\\\/uploads\\\/IMPERMEABLE-CICLISMO-REVERSIBLE-2WAY-1.jpg\",\"contentUrl\":\"https:\\\/\\\/www.inverseteams.com\\\/wp-content\\\/uploads\\\/IMPERMEABLE-CICLISMO-REVERSIBLE-2WAY-1.jpg\",\"width\":1500,\"height\":1612,\"caption\":\"Imperm\u00e9able cycliste r\u00e9versible 2WAY TIERRA\\\/BLACK\"},{\"@type\":\"BreadcrumbList\",\"@id\":\"https:\\\/\\\/www.inverseteams.com\\\/fr\\\/produit\\\/impermeable-cycliste-reversible-2way-tierra-black-unisex\\\/#breadcrumb\",\"itemListElement\":[{\"@type\":\"ListItem\",\"position\":1,\"name\":\"Portada\",\"item\":\"https:\\\/\\\/www.inverseteams.com\\\/fr\\\/pagina-principal\\\/\"},{\"@type\":\"ListItem\",\"position\":2,\"name\":\"Panier\",\"item\":\"https:\\\/\\\/www.inverseteams.com\\\/fr\\\/panier\\\/\"},{\"@type\":\"ListItem\",\"position\":3,\"name\":\"Imperm\u00e9able cycliste r\u00e9versible 2WAY TIERRA\\\/BLACK (UNISEX)\"}]},{\"@type\":\"WebSite\",\"@id\":\"https:\\\/\\\/www.inverseteams.com\\\/fr\\\/#website\",\"url\":\"https:\\\/\\\/www.inverseteams.com\\\/fr\\\/\",\"name\":\"Inverseteams\",\"description\":\"Tu marca de ropa deportiva personalizada\",\"publisher\":{\"@id\":\"https:\\\/\\\/www.inverseteams.com\\\/fr\\\/#organization\"},\"potentialAction\":[{\"@type\":\"SearchAction\",\"target\":{\"@type\":\"EntryPoint\",\"urlTemplate\":\"https:\\\/\\\/www.inverseteams.com\\\/fr\\\/?s={search_term_string}\"},\"query-input\":{\"@type\":\"PropertyValueSpecification\",\"valueRequired\":true,\"valueName\":\"search_term_string\"}}],\"inLanguage\":\"fr-FR\"},{\"@type\":\"Organization\",\"@id\":\"https:\\\/\\\/www.inverseteams.com\\\/fr\\\/#organization\",\"name\":\"Inverse Teams\",\"url\":\"https:\\\/\\\/www.inverseteams.com\\\/fr\\\/\",\"logo\":{\"@type\":\"ImageObject\",\"inLanguage\":\"fr-FR\",\"@id\":\"https:\\\/\\\/www.inverseteams.com\\\/fr\\\/#\\\/schema\\\/logo\\\/image\\\/\",\"url\":\"http:\\\/\\\/www.inverseteams.com\\\/wp-content\\\/uploads\\\/2021\\\/03\\\/logo-inverse-teams.png\",\"contentUrl\":\"http:\\\/\\\/www.inverseteams.com\\\/wp-content\\\/uploads\\\/2021\\\/03\\\/logo-inverse-teams.png\",\"width\":294,\"height\":99,\"caption\":\"Inverse Teams\"},\"image\":{\"@id\":\"https:\\\/\\\/www.inverseteams.com\\\/fr\\\/#\\\/schema\\\/logo\\\/image\\\/\"},\"sameAs\":[\"https:\\\/\\\/www.facebook.com\\\/inverseteams\",\"http:\\\/\\\/instagram.com\\\/inverseteams\",\"https:\\\/\\\/www.linkedin.com\\\/company\\\/inverse-cirosport-s-l-?trk=job_view_topcard_company_name\",\"http:\\\/\\\/www.pinterest.com\\\/inverseteams\\\/\",\"http:\\\/\\\/www.youtube.com\\\/user\\\/inverseteams?feature=watch\"]}]}<\/script>\n<!-- \/ Yoast SEO plugin. -->","yoast_head_json":{"title":"Imperm\u00e9able cycliste r\u00e9versible 2WAY TIERRA\/BLACK (UNISEX)","description":"Imperm\u00e9able r\u00e9versible r\u00e9volutionnaire con\u00e7u avec un patronnage original et innovant qui vous permettra d'avoir deux v\u00eatements en un et de pouvoir le combiner avec tous vos cuissards. Gr\u00e2ce \u00e0 son tissu \u00e0 membrane bidirectionnelle, ses propri\u00e9t\u00e9s sont les m\u00eames des deux c\u00f4t\u00e9s. Il est tr\u00e8s l\u00e9ger, coupe-vent et imperm\u00e9able. Id\u00e9al pour les descentes et les jours de temps variable. \u00c9tant si fin et l\u00e9ger, vous pouvez facilement le garder dans la poche de votre maillot lorsque vous n\u2019en avez pas besoin. Il poss\u00e8de une fermeture \u00e9clair int\u00e9grale avec un syst\u00e8me anti-pull qui vous permettra de r\u00e9guler la ventilation pendant l\u2019exercice. Des deux c\u00f4t\u00e9s de la zone lombaire, il int\u00e8gre 3 poches de grande capacit\u00e9. D'un c\u00f4t\u00e9 les poches ont un rabat qui les prot\u00e9gera de la pluie. \u00c0 la taille, il a une bande \u00e9lastique avec un grip en silicone antid\u00e9rapante \u00e0 l\u2019int\u00e9rieur pour garder le maillot bien ajust\u00e9 contre le corps. Profitez du v\u00e9lo sans soucis.","robots":{"index":"index","follow":"follow","max-snippet":"max-snippet:-1","max-image-preview":"max-image-preview:large","max-video-preview":"max-video-preview:-1"},"canonical":"https:\/\/www.inverseteams.com\/fr\/produit\/impermeable-cycliste-reversible-2way-tierra-black-unisex\/","og_locale":"fr_FR","og_type":"article","og_title":"Imperm\u00e9able cycliste r\u00e9versible 2WAY TIERRA\/BLACK (UNISEX)","og_description":"Imperm\u00e9able r\u00e9versible r\u00e9volutionnaire con\u00e7u avec un patronnage original et innovant qui vous permettra d'avoir deux v\u00eatements en un et de pouvoir le combiner avec tous vos cuissards. Gr\u00e2ce \u00e0 son tissu \u00e0 membrane bidirectionnelle, ses propri\u00e9t\u00e9s sont les m\u00eames des deux c\u00f4t\u00e9s. Il est tr\u00e8s l\u00e9ger, coupe-vent et imperm\u00e9able. Id\u00e9al pour les descentes et les jours de temps variable. \u00c9tant si fin et l\u00e9ger, vous pouvez facilement le garder dans la poche de votre maillot lorsque vous n\u2019en avez pas besoin. Il poss\u00e8de une fermeture \u00e9clair int\u00e9grale avec un syst\u00e8me anti-pull qui vous permettra de r\u00e9guler la ventilation pendant l\u2019exercice. Des deux c\u00f4t\u00e9s de la zone lombaire, il int\u00e8gre 3 poches de grande capacit\u00e9. D'un c\u00f4t\u00e9 les poches ont un rabat qui les prot\u00e9gera de la pluie. \u00c0 la taille, il a une bande \u00e9lastique avec un grip en silicone antid\u00e9rapante \u00e0 l\u2019int\u00e9rieur pour garder le maillot bien ajust\u00e9 contre le corps. Profitez du v\u00e9lo sans soucis.","og_url":"https:\/\/www.inverseteams.com\/fr\/produit\/impermeable-cycliste-reversible-2way-tierra-black-unisex\/","og_site_name":"Inverseteams","article_publisher":"https:\/\/www.facebook.com\/inverseteams","article_modified_time":"2026-01-31T08:03:03+00:00","og_image":[{"width":1500,"height":1612,"url":"https:\/\/www.inverseteams.com\/wp-content\/uploads\/IMPERMEABLE-CICLISMO-REVERSIBLE-2WAY-1.jpg","type":"image\/jpeg"}],"twitter_card":"summary_large_image","twitter_misc":{"Dur\u00e9e de lecture estim\u00e9e":"1 minute"},"schema":{"@context":"https:\/\/schema.org","@graph":[{"@type":"WebPage","@id":"https:\/\/www.inverseteams.com\/fr\/produit\/impermeable-cycliste-reversible-2way-tierra-black-unisex\/","url":"https:\/\/www.inverseteams.com\/fr\/produit\/impermeable-cycliste-reversible-2way-tierra-black-unisex\/","name":"Imperm\u00e9able cycliste r\u00e9versible 2WAY TIERRA\/BLACK (UNISEX)","isPartOf":{"@id":"https:\/\/www.inverseteams.com\/fr\/#website"},"primaryImageOfPage":{"@id":"https:\/\/www.inverseteams.com\/fr\/produit\/impermeable-cycliste-reversible-2way-tierra-black-unisex\/#primaryimage"},"image":{"@id":"https:\/\/www.inverseteams.com\/fr\/produit\/impermeable-cycliste-reversible-2way-tierra-black-unisex\/#primaryimage"},"thumbnailUrl":"https:\/\/www.inverseteams.com\/wp-content\/uploads\/IMPERMEABLE-CICLISMO-REVERSIBLE-2WAY-1.jpg","datePublished":"2024-07-26T12:26:54+00:00","dateModified":"2026-01-31T08:03:03+00:00","description":"Imperm\u00e9able r\u00e9versible r\u00e9volutionnaire con\u00e7u avec un patronnage original et innovant qui vous permettra d'avoir deux v\u00eatements en un et de pouvoir le combiner avec tous vos cuissards. Gr\u00e2ce \u00e0 son tissu \u00e0 membrane bidirectionnelle, ses propri\u00e9t\u00e9s sont les m\u00eames des deux c\u00f4t\u00e9s. Il est tr\u00e8s l\u00e9ger, coupe-vent et imperm\u00e9able. Id\u00e9al pour les descentes et les jours de temps variable. \u00c9tant si fin et l\u00e9ger, vous pouvez facilement le garder dans la poche de votre maillot lorsque vous n\u2019en avez pas besoin. Il poss\u00e8de une fermeture \u00e9clair int\u00e9grale avec un syst\u00e8me anti-pull qui vous permettra de r\u00e9guler la ventilation pendant l\u2019exercice. Des deux c\u00f4t\u00e9s de la zone lombaire, il int\u00e8gre 3 poches de grande capacit\u00e9. D'un c\u00f4t\u00e9 les poches ont un rabat qui les prot\u00e9gera de la pluie. \u00c0 la taille, il a une bande \u00e9lastique avec un grip en silicone antid\u00e9rapante \u00e0 l\u2019int\u00e9rieur pour garder le maillot bien ajust\u00e9 contre le corps. Profitez du v\u00e9lo sans soucis.","breadcrumb":{"@id":"https:\/\/www.inverseteams.com\/fr\/produit\/impermeable-cycliste-reversible-2way-tierra-black-unisex\/#breadcrumb"},"inLanguage":"fr-FR","potentialAction":[{"@type":"ReadAction","target":["https:\/\/www.inverseteams.com\/fr\/produit\/impermeable-cycliste-reversible-2way-tierra-black-unisex\/"]}]},{"@type":"ImageObject","inLanguage":"fr-FR","@id":"https:\/\/www.inverseteams.com\/fr\/produit\/impermeable-cycliste-reversible-2way-tierra-black-unisex\/#primaryimage","url":"https:\/\/www.inverseteams.com\/wp-content\/uploads\/IMPERMEABLE-CICLISMO-REVERSIBLE-2WAY-1.jpg","contentUrl":"https:\/\/www.inverseteams.com\/wp-content\/uploads\/IMPERMEABLE-CICLISMO-REVERSIBLE-2WAY-1.jpg","width":1500,"height":1612,"caption":"Imperm\u00e9able cycliste r\u00e9versible 2WAY TIERRA\/BLACK"},{"@type":"BreadcrumbList","@id":"https:\/\/www.inverseteams.com\/fr\/produit\/impermeable-cycliste-reversible-2way-tierra-black-unisex\/#breadcrumb","itemListElement":[{"@type":"ListItem","position":1,"name":"Portada","item":"https:\/\/www.inverseteams.com\/fr\/pagina-principal\/"},{"@type":"ListItem","position":2,"name":"Panier","item":"https:\/\/www.inverseteams.com\/fr\/panier\/"},{"@type":"ListItem","position":3,"name":"Imperm\u00e9able cycliste r\u00e9versible 2WAY TIERRA\/BLACK (UNISEX)"}]},{"@type":"WebSite","@id":"https:\/\/www.inverseteams.com\/fr\/#website","url":"https:\/\/www.inverseteams.com\/fr\/","name":"Inverseteams","description":"Tu marca de ropa deportiva personalizada","publisher":{"@id":"https:\/\/www.inverseteams.com\/fr\/#organization"},"potentialAction":[{"@type":"SearchAction","target":{"@type":"EntryPoint","urlTemplate":"https:\/\/www.inverseteams.com\/fr\/?s={search_term_string}"},"query-input":{"@type":"PropertyValueSpecification","valueRequired":true,"valueName":"search_term_string"}}],"inLanguage":"fr-FR"},{"@type":"Organization","@id":"https:\/\/www.inverseteams.com\/fr\/#organization","name":"Inverse Teams","url":"https:\/\/www.inverseteams.com\/fr\/","logo":{"@type":"ImageObject","inLanguage":"fr-FR","@id":"https:\/\/www.inverseteams.com\/fr\/#\/schema\/logo\/image\/","url":"https:\/\/www.inverseteams.com\/wp-content\/uploads\/2021\/03\/logo-inverse-teams.png","contentUrl":"https:\/\/www.inverseteams.com\/wp-content\/uploads\/2021\/03\/logo-inverse-teams.png","width":294,"height":99,"caption":"Inverse Teams"},"image":{"@id":"https:\/\/www.inverseteams.com\/fr\/#\/schema\/logo\/image\/"},"sameAs":["https:\/\/www.facebook.com\/inverseteams","http:\/\/instagram.com\/inverseteams","https:\/\/www.linkedin.com\/company\/inverse-cirosport-s-l-?trk=job_view_topcard_company_name","http:\/\/www.pinterest.com\/inverseteams\/","http:\/\/www.youtube.com\/user\/inverseteams?feature=watch"]}]}},"_links":{"self":[{"href":"https:\/\/www.inverseteams.com\/fr\/wp-json\/wp\/v2\/product\/209508","targetHints":{"allow":["GET"]}}],"collection":[{"href":"https:\/\/www.inverseteams.com\/fr\/wp-json\/wp\/v2\/product"}],"about":[{"href":"https:\/\/www.inverseteams.com\/fr\/wp-json\/wp\/v2\/types\/product"}],"replies":[{"embeddable":true,"href":"https:\/\/www.inverseteams.com\/fr\/wp-json\/wp\/v2\/comments?post=209508"}],"wp:featuredmedia":[{"embeddable":true,"href":"https:\/\/www.inverseteams.com\/fr\/wp-json\/wp\/v2\/media\/209043"}],"wp:attachment":[{"href":"https:\/\/www.inverseteams.com\/fr\/wp-json\/wp\/v2\/media?parent=209508"}],"wp:term":[{"taxonomy":"product_brand","embeddable":true,"href":"https:\/\/www.inverseteams.com\/fr\/wp-json\/wp\/v2\/product_brand?post=209508"},{"taxonomy":"product_cat","embeddable":true,"href":"https:\/\/www.inverseteams.com\/fr\/wp-json\/wp\/v2\/product_cat?post=209508"},{"taxonomy":"product_tag","embeddable":true,"href":"https:\/\/www.inverseteams.com\/fr\/wp-json\/wp\/v2\/product_tag?post=209508"},{"taxonomy":"custom_category","embeddable":true,"href":"https:\/\/www.inverseteams.com\/fr\/wp-json\/wp\/v2\/custom_category?post=209508"},{"taxonomy":"range","embeddable":true,"href":"https:\/\/www.inverseteams.com\/fr\/wp-json\/wp\/v2\/range?post=209508"}],"curies":[{"name":"wp","href":"https:\/\/api.w.org\/{rel}","templated":true}]}}