{"id":209491,"date":"2024-07-26T12:00:41","date_gmt":"2024-07-26T14:39:07","guid":{"rendered":"https:\/\/www.inverseteams.com\/?post_type=product&#038;p=209491"},"modified":"2024-09-19T13:03:51","modified_gmt":"2024-09-19T13:03:51","slug":"maillot-cycliste-manche-longue-sublim-stone-homme","status":"publish","type":"product","link":"https:\/\/www.inverseteams.com\/fr\/produit\/maillot-cycliste-manche-longue-sublim-stone-homme\/","title":{"rendered":"Maillot cycliste manche longue SUBLIM STONE (HOMME)"},"content":{"rendered":"<p>Comme nouveaut\u00e9 par rapport aux \u00e9ditions pr\u00e9c\u00e9dentes, il poss\u00e8de une zone \u00e9lastique \u00e0 l&rsquo;int\u00e9rieur des manches qui am\u00e9liore l&rsquo;adaptation du maillot au corps.<br \/>\nLe tissu int\u00e9rieur est doux et agr\u00e9able. Fournit une sensation thermique et de la chaleur pour les jours les plus froids. Il est associ\u00e9 \u00e0 un tissu plus respirant sur les panneaux lat\u00e9raux et sur le dos qui emp\u00eachent la sueur de s&rsquo;accumuler. Vous aurez une sensation de confort total.<br \/>\nLes manches mont\u00e9es sont fabriqu\u00e9s avec des coutures plates pour \u00e9viter les frottements. Le col est fait d&rsquo;un tissu doux et respirant et \u00e0 l&rsquo;int\u00e9rieur il a une bande anti-friction plate. Dans la zone lombaire, il int\u00e8gre 3 poches avec le nouveau syst\u00e8me ISP Security \u2013 Inverse Safe Pocket \u2013 o\u00f9 vous pouvez ranger n&rsquo;importe quel objet sans craindre de le perdre. Il a \u00e9galement plusieurs d\u00e9tails r\u00e9fl\u00e9chissants pour augmenter votre s\u00e9curit\u00e9 sur la route.<\/p>\n","protected":false},"excerpt":{"rendered":"<p>Comme nouveaut\u00e9 par rapport aux \u00e9ditions pr\u00e9c\u00e9dentes, il poss\u00e8de une zone \u00e9lastique \u00e0 l&rsquo;int\u00e9rieur des manches qui am\u00e9liore l&rsquo;adaptation du maillot au corps.<br \/>\nLe tissu int\u00e9rieur est doux et agr\u00e9able. Fournit une sensation thermique et de la chaleur pour les jours les plus froids. Il est associ\u00e9 \u00e0 un tissu plus respirant sur les panneaux lat\u00e9raux et sur le dos qui emp\u00eachent la sueur de s&rsquo;accumuler. Vous aurez une sensation de confort total.<br \/>\nLes manches mont\u00e9es sont fabriqu\u00e9s avec des coutures plates pour \u00e9viter les frottements. Le col est fait d&rsquo;un tissu doux et respirant et \u00e0 l&rsquo;int\u00e9rieur il a une bande anti-friction plate. Dans la zone lombaire, il int\u00e8gre 3 poches avec le nouveau syst\u00e8me ISP Security \u2013 Inverse Safe Pocket \u2013 o\u00f9 vous pouvez ranger n&rsquo;importe quel objet sans craindre de le perdre. Il a \u00e9galement plusieurs d\u00e9tails r\u00e9fl\u00e9chissants pour augmenter votre s\u00e9curit\u00e9 sur la route.<\/p>\n","protected":false},"featured_media":217178,"comment_status":"closed","ping_status":"closed","template":"","meta":{"_acf_changed":false},"product_brand":[],"product_cat":[3240,7177],"product_tag":[],"custom_category":[],"range":[],"class_list":{"0":"post-209491","1":"product","2":"type-product","3":"status-publish","4":"has-post-thumbnail","6":"product_cat-maillot-cycliste","7":"product_cat-b2b-fr","8":"pa_climatologia-froid","9":"pa_deporte-cyclisme","10":"pa_deporte-gravel-fr","11":"pa_genero-homme","12":"pa_patronaje-fit-fr","13":"pa_talla-l-fr","14":"pa_talla-m-fr","15":"pa_talla-s-fr","16":"pa_talla-xl-fr","17":"pa_talla-xxl-fr","18":"pa_tipo-de-prenda-maillot-manche-longue","20":"first","21":"outofstock","22":"taxable","23":"shipping-taxable","24":"purchasable","25":"product-type-variable","26":"has-default-attributes"},"acf":[],"yoast_head":"<!-- This site is optimized with the Yoast SEO plugin v27.3 - https:\/\/yoast.com\/product\/yoast-seo-wordpress\/ -->\n<title>Maillot cycliste manche longue SUBLIM STONE (HOMME)<\/title>\n<meta name=\"description\" content=\"Comme nouveaut\u00e9 par rapport aux \u00e9ditions pr\u00e9c\u00e9dentes, il poss\u00e8de une zone \u00e9lastique \u00e0 l&#039;int\u00e9rieur des manches qui am\u00e9liore l&#039;adaptation du maillot au corps. Le tissu int\u00e9rieur est doux et agr\u00e9able. Fournit une sensation thermique et de la chaleur pour les jours les plus froids. Il est associ\u00e9 \u00e0 un tissu plus respirant sur les panneaux lat\u00e9raux et sur le dos qui emp\u00eachent la sueur de s&#039;accumuler. Vous aurez une sensation de confort total. Les manches mont\u00e9es sont fabriqu\u00e9s avec des coutures plates pour \u00e9viter les frottements. Le col est fait d&#039;un tissu doux et respirant et \u00e0 l&#039;int\u00e9rieur il a une bande anti-friction plate. Dans la zone lombaire, il int\u00e8gre 3 poches avec le nouveau syst\u00e8me ISP Security \u2013 Inverse Safe Pocket \u2013 o\u00f9 vous pouvez ranger n&#039;importe quel objet sans craindre de le perdre. Il a \u00e9galement plusieurs d\u00e9tails r\u00e9fl\u00e9chissants pour augmenter votre s\u00e9curit\u00e9 sur la route.\" \/>\n<meta name=\"robots\" content=\"index, follow, max-snippet:-1, max-image-preview:large, max-video-preview:-1\" \/>\n<link rel=\"canonical\" href=\"https:\/\/www.inverseteams.com\/fr\/produit\/maillot-cycliste-manche-longue-sublim-stone-homme\/\" \/>\n<meta property=\"og:locale\" content=\"fr_FR\" \/>\n<meta property=\"og:type\" content=\"article\" \/>\n<meta property=\"og:title\" content=\"Maillot cycliste manche longue SUBLIM STONE (HOMME)\" \/>\n<meta property=\"og:description\" content=\"Comme nouveaut\u00e9 par rapport aux \u00e9ditions pr\u00e9c\u00e9dentes, il poss\u00e8de une zone \u00e9lastique \u00e0 l&#039;int\u00e9rieur des manches qui am\u00e9liore l&#039;adaptation du maillot au corps. Le tissu int\u00e9rieur est doux et agr\u00e9able. Fournit une sensation thermique et de la chaleur pour les jours les plus froids. Il est associ\u00e9 \u00e0 un tissu plus respirant sur les panneaux lat\u00e9raux et sur le dos qui emp\u00eachent la sueur de s&#039;accumuler. Vous aurez une sensation de confort total. Les manches mont\u00e9es sont fabriqu\u00e9s avec des coutures plates pour \u00e9viter les frottements. Le col est fait d&#039;un tissu doux et respirant et \u00e0 l&#039;int\u00e9rieur il a une bande anti-friction plate. Dans la zone lombaire, il int\u00e8gre 3 poches avec le nouveau syst\u00e8me ISP Security \u2013 Inverse Safe Pocket \u2013 o\u00f9 vous pouvez ranger n&#039;importe quel objet sans craindre de le perdre. Il a \u00e9galement plusieurs d\u00e9tails r\u00e9fl\u00e9chissants pour augmenter votre s\u00e9curit\u00e9 sur la route.\" \/>\n<meta property=\"og:url\" content=\"https:\/\/www.inverseteams.com\/fr\/produit\/maillot-cycliste-manche-longue-sublim-stone-homme\/\" \/>\n<meta property=\"og:site_name\" content=\"Inverseteams\" \/>\n<meta property=\"article:publisher\" content=\"https:\/\/www.facebook.com\/inverseteams\" \/>\n<meta property=\"article:modified_time\" content=\"2024-09-19T13:03:51+00:00\" \/>\n<meta property=\"og:image\" content=\"https:\/\/www.inverseteams.com\/wp-content\/uploads\/MAILLOT-CICLISMO-MANGA-LARGA-SUBLIM-SLIM-STONE-1-1.jpg\" \/>\n\t<meta property=\"og:image:width\" content=\"1500\" \/>\n\t<meta property=\"og:image:height\" content=\"1612\" \/>\n\t<meta property=\"og:image:type\" content=\"image\/jpeg\" \/>\n<meta name=\"twitter:card\" content=\"summary_large_image\" \/>\n<meta name=\"twitter:label1\" content=\"Dur\u00e9e de lecture estim\u00e9e\" \/>\n\t<meta name=\"twitter:data1\" content=\"1 minute\" \/>\n<script type=\"application\/ld+json\" class=\"yoast-schema-graph\">{\"@context\":\"https:\\\/\\\/schema.org\",\"@graph\":[{\"@type\":\"WebPage\",\"@id\":\"https:\\\/\\\/www.inverseteams.com\\\/fr\\\/produit\\\/maillot-cycliste-manche-longue-sublim-stone-homme\\\/\",\"url\":\"https:\\\/\\\/www.inverseteams.com\\\/fr\\\/produit\\\/maillot-cycliste-manche-longue-sublim-stone-homme\\\/\",\"name\":\"Maillot cycliste manche longue SUBLIM STONE (HOMME)\",\"isPartOf\":{\"@id\":\"https:\\\/\\\/www.inverseteams.com\\\/fr\\\/#website\"},\"primaryImageOfPage\":{\"@id\":\"https:\\\/\\\/www.inverseteams.com\\\/fr\\\/produit\\\/maillot-cycliste-manche-longue-sublim-stone-homme\\\/#primaryimage\"},\"image\":{\"@id\":\"https:\\\/\\\/www.inverseteams.com\\\/fr\\\/produit\\\/maillot-cycliste-manche-longue-sublim-stone-homme\\\/#primaryimage\"},\"thumbnailUrl\":\"https:\\\/\\\/www.inverseteams.com\\\/wp-content\\\/uploads\\\/MAILLOT-CICLISMO-MANGA-LARGA-SUBLIM-SLIM-STONE-1-1.jpg\",\"datePublished\":\"2024-07-26T14:39:07+00:00\",\"dateModified\":\"2024-09-19T13:03:51+00:00\",\"description\":\"Comme nouveaut\u00e9 par rapport aux \u00e9ditions pr\u00e9c\u00e9dentes, il poss\u00e8de une zone \u00e9lastique \u00e0 l'int\u00e9rieur des manches qui am\u00e9liore l'adaptation du maillot au corps. Le tissu int\u00e9rieur est doux et agr\u00e9able. Fournit une sensation thermique et de la chaleur pour les jours les plus froids. Il est associ\u00e9 \u00e0 un tissu plus respirant sur les panneaux lat\u00e9raux et sur le dos qui emp\u00eachent la sueur de s'accumuler. Vous aurez une sensation de confort total. Les manches mont\u00e9es sont fabriqu\u00e9s avec des coutures plates pour \u00e9viter les frottements. Le col est fait d'un tissu doux et respirant et \u00e0 l'int\u00e9rieur il a une bande anti-friction plate. Dans la zone lombaire, il int\u00e8gre 3 poches avec le nouveau syst\u00e8me ISP Security \u2013 Inverse Safe Pocket \u2013 o\u00f9 vous pouvez ranger n'importe quel objet sans craindre de le perdre. Il a \u00e9galement plusieurs d\u00e9tails r\u00e9fl\u00e9chissants pour augmenter votre s\u00e9curit\u00e9 sur la route.\",\"breadcrumb\":{\"@id\":\"https:\\\/\\\/www.inverseteams.com\\\/fr\\\/produit\\\/maillot-cycliste-manche-longue-sublim-stone-homme\\\/#breadcrumb\"},\"inLanguage\":\"fr-FR\",\"potentialAction\":[{\"@type\":\"ReadAction\",\"target\":[\"https:\\\/\\\/www.inverseteams.com\\\/fr\\\/produit\\\/maillot-cycliste-manche-longue-sublim-stone-homme\\\/\"]}]},{\"@type\":\"ImageObject\",\"inLanguage\":\"fr-FR\",\"@id\":\"https:\\\/\\\/www.inverseteams.com\\\/fr\\\/produit\\\/maillot-cycliste-manche-longue-sublim-stone-homme\\\/#primaryimage\",\"url\":\"https:\\\/\\\/www.inverseteams.com\\\/wp-content\\\/uploads\\\/MAILLOT-CICLISMO-MANGA-LARGA-SUBLIM-SLIM-STONE-1-1.jpg\",\"contentUrl\":\"https:\\\/\\\/www.inverseteams.com\\\/wp-content\\\/uploads\\\/MAILLOT-CICLISMO-MANGA-LARGA-SUBLIM-SLIM-STONE-1-1.jpg\",\"width\":1500,\"height\":1612,\"caption\":\"MAILLOT CICLISTA MANGA LARGA INVERSE\"},{\"@type\":\"BreadcrumbList\",\"@id\":\"https:\\\/\\\/www.inverseteams.com\\\/fr\\\/produit\\\/maillot-cycliste-manche-longue-sublim-stone-homme\\\/#breadcrumb\",\"itemListElement\":[{\"@type\":\"ListItem\",\"position\":1,\"name\":\"Portada\",\"item\":\"https:\\\/\\\/www.inverseteams.com\\\/fr\\\/pagina-principal\\\/\"},{\"@type\":\"ListItem\",\"position\":2,\"name\":\"Panier\",\"item\":\"https:\\\/\\\/www.inverseteams.com\\\/fr\\\/panier\\\/\"},{\"@type\":\"ListItem\",\"position\":3,\"name\":\"Maillot cycliste manche longue SUBLIM STONE (HOMME)\"}]},{\"@type\":\"WebSite\",\"@id\":\"https:\\\/\\\/www.inverseteams.com\\\/fr\\\/#website\",\"url\":\"https:\\\/\\\/www.inverseteams.com\\\/fr\\\/\",\"name\":\"Inverseteams\",\"description\":\"Tu marca de ropa deportiva personalizada\",\"publisher\":{\"@id\":\"https:\\\/\\\/www.inverseteams.com\\\/fr\\\/#organization\"},\"potentialAction\":[{\"@type\":\"SearchAction\",\"target\":{\"@type\":\"EntryPoint\",\"urlTemplate\":\"https:\\\/\\\/www.inverseteams.com\\\/fr\\\/?s={search_term_string}\"},\"query-input\":{\"@type\":\"PropertyValueSpecification\",\"valueRequired\":true,\"valueName\":\"search_term_string\"}}],\"inLanguage\":\"fr-FR\"},{\"@type\":\"Organization\",\"@id\":\"https:\\\/\\\/www.inverseteams.com\\\/fr\\\/#organization\",\"name\":\"Inverse Teams\",\"url\":\"https:\\\/\\\/www.inverseteams.com\\\/fr\\\/\",\"logo\":{\"@type\":\"ImageObject\",\"inLanguage\":\"fr-FR\",\"@id\":\"https:\\\/\\\/www.inverseteams.com\\\/fr\\\/#\\\/schema\\\/logo\\\/image\\\/\",\"url\":\"http:\\\/\\\/www.inverseteams.com\\\/wp-content\\\/uploads\\\/2021\\\/03\\\/logo-inverse-teams.png\",\"contentUrl\":\"http:\\\/\\\/www.inverseteams.com\\\/wp-content\\\/uploads\\\/2021\\\/03\\\/logo-inverse-teams.png\",\"width\":294,\"height\":99,\"caption\":\"Inverse Teams\"},\"image\":{\"@id\":\"https:\\\/\\\/www.inverseteams.com\\\/fr\\\/#\\\/schema\\\/logo\\\/image\\\/\"},\"sameAs\":[\"https:\\\/\\\/www.facebook.com\\\/inverseteams\",\"http:\\\/\\\/instagram.com\\\/inverseteams\",\"https:\\\/\\\/www.linkedin.com\\\/company\\\/inverse-cirosport-s-l-?trk=job_view_topcard_company_name\",\"http:\\\/\\\/www.pinterest.com\\\/inverseteams\\\/\",\"http:\\\/\\\/www.youtube.com\\\/user\\\/inverseteams?feature=watch\"]}]}<\/script>\n<!-- \/ Yoast SEO plugin. -->","yoast_head_json":{"title":"Maillot cycliste manche longue SUBLIM STONE (HOMME)","description":"Comme nouveaut\u00e9 par rapport aux \u00e9ditions pr\u00e9c\u00e9dentes, il poss\u00e8de une zone \u00e9lastique \u00e0 l'int\u00e9rieur des manches qui am\u00e9liore l'adaptation du maillot au corps. Le tissu int\u00e9rieur est doux et agr\u00e9able. Fournit une sensation thermique et de la chaleur pour les jours les plus froids. Il est associ\u00e9 \u00e0 un tissu plus respirant sur les panneaux lat\u00e9raux et sur le dos qui emp\u00eachent la sueur de s'accumuler. Vous aurez une sensation de confort total. Les manches mont\u00e9es sont fabriqu\u00e9s avec des coutures plates pour \u00e9viter les frottements. Le col est fait d'un tissu doux et respirant et \u00e0 l'int\u00e9rieur il a une bande anti-friction plate. Dans la zone lombaire, il int\u00e8gre 3 poches avec le nouveau syst\u00e8me ISP Security \u2013 Inverse Safe Pocket \u2013 o\u00f9 vous pouvez ranger n'importe quel objet sans craindre de le perdre. Il a \u00e9galement plusieurs d\u00e9tails r\u00e9fl\u00e9chissants pour augmenter votre s\u00e9curit\u00e9 sur la route.","robots":{"index":"index","follow":"follow","max-snippet":"max-snippet:-1","max-image-preview":"max-image-preview:large","max-video-preview":"max-video-preview:-1"},"canonical":"https:\/\/www.inverseteams.com\/fr\/produit\/maillot-cycliste-manche-longue-sublim-stone-homme\/","og_locale":"fr_FR","og_type":"article","og_title":"Maillot cycliste manche longue SUBLIM STONE (HOMME)","og_description":"Comme nouveaut\u00e9 par rapport aux \u00e9ditions pr\u00e9c\u00e9dentes, il poss\u00e8de une zone \u00e9lastique \u00e0 l'int\u00e9rieur des manches qui am\u00e9liore l'adaptation du maillot au corps. Le tissu int\u00e9rieur est doux et agr\u00e9able. Fournit une sensation thermique et de la chaleur pour les jours les plus froids. Il est associ\u00e9 \u00e0 un tissu plus respirant sur les panneaux lat\u00e9raux et sur le dos qui emp\u00eachent la sueur de s'accumuler. Vous aurez une sensation de confort total. Les manches mont\u00e9es sont fabriqu\u00e9s avec des coutures plates pour \u00e9viter les frottements. Le col est fait d'un tissu doux et respirant et \u00e0 l'int\u00e9rieur il a une bande anti-friction plate. Dans la zone lombaire, il int\u00e8gre 3 poches avec le nouveau syst\u00e8me ISP Security \u2013 Inverse Safe Pocket \u2013 o\u00f9 vous pouvez ranger n'importe quel objet sans craindre de le perdre. Il a \u00e9galement plusieurs d\u00e9tails r\u00e9fl\u00e9chissants pour augmenter votre s\u00e9curit\u00e9 sur la route.","og_url":"https:\/\/www.inverseteams.com\/fr\/produit\/maillot-cycliste-manche-longue-sublim-stone-homme\/","og_site_name":"Inverseteams","article_publisher":"https:\/\/www.facebook.com\/inverseteams","article_modified_time":"2024-09-19T13:03:51+00:00","og_image":[{"width":1500,"height":1612,"url":"https:\/\/www.inverseteams.com\/wp-content\/uploads\/MAILLOT-CICLISMO-MANGA-LARGA-SUBLIM-SLIM-STONE-1-1.jpg","type":"image\/jpeg"}],"twitter_card":"summary_large_image","twitter_misc":{"Dur\u00e9e de lecture estim\u00e9e":"1 minute"},"schema":{"@context":"https:\/\/schema.org","@graph":[{"@type":"WebPage","@id":"https:\/\/www.inverseteams.com\/fr\/produit\/maillot-cycliste-manche-longue-sublim-stone-homme\/","url":"https:\/\/www.inverseteams.com\/fr\/produit\/maillot-cycliste-manche-longue-sublim-stone-homme\/","name":"Maillot cycliste manche longue SUBLIM STONE (HOMME)","isPartOf":{"@id":"https:\/\/www.inverseteams.com\/fr\/#website"},"primaryImageOfPage":{"@id":"https:\/\/www.inverseteams.com\/fr\/produit\/maillot-cycliste-manche-longue-sublim-stone-homme\/#primaryimage"},"image":{"@id":"https:\/\/www.inverseteams.com\/fr\/produit\/maillot-cycliste-manche-longue-sublim-stone-homme\/#primaryimage"},"thumbnailUrl":"https:\/\/www.inverseteams.com\/wp-content\/uploads\/MAILLOT-CICLISMO-MANGA-LARGA-SUBLIM-SLIM-STONE-1-1.jpg","datePublished":"2024-07-26T14:39:07+00:00","dateModified":"2024-09-19T13:03:51+00:00","description":"Comme nouveaut\u00e9 par rapport aux \u00e9ditions pr\u00e9c\u00e9dentes, il poss\u00e8de une zone \u00e9lastique \u00e0 l'int\u00e9rieur des manches qui am\u00e9liore l'adaptation du maillot au corps. Le tissu int\u00e9rieur est doux et agr\u00e9able. Fournit une sensation thermique et de la chaleur pour les jours les plus froids. Il est associ\u00e9 \u00e0 un tissu plus respirant sur les panneaux lat\u00e9raux et sur le dos qui emp\u00eachent la sueur de s'accumuler. Vous aurez une sensation de confort total. Les manches mont\u00e9es sont fabriqu\u00e9s avec des coutures plates pour \u00e9viter les frottements. Le col est fait d'un tissu doux et respirant et \u00e0 l'int\u00e9rieur il a une bande anti-friction plate. Dans la zone lombaire, il int\u00e8gre 3 poches avec le nouveau syst\u00e8me ISP Security \u2013 Inverse Safe Pocket \u2013 o\u00f9 vous pouvez ranger n'importe quel objet sans craindre de le perdre. Il a \u00e9galement plusieurs d\u00e9tails r\u00e9fl\u00e9chissants pour augmenter votre s\u00e9curit\u00e9 sur la route.","breadcrumb":{"@id":"https:\/\/www.inverseteams.com\/fr\/produit\/maillot-cycliste-manche-longue-sublim-stone-homme\/#breadcrumb"},"inLanguage":"fr-FR","potentialAction":[{"@type":"ReadAction","target":["https:\/\/www.inverseteams.com\/fr\/produit\/maillot-cycliste-manche-longue-sublim-stone-homme\/"]}]},{"@type":"ImageObject","inLanguage":"fr-FR","@id":"https:\/\/www.inverseteams.com\/fr\/produit\/maillot-cycliste-manche-longue-sublim-stone-homme\/#primaryimage","url":"https:\/\/www.inverseteams.com\/wp-content\/uploads\/MAILLOT-CICLISMO-MANGA-LARGA-SUBLIM-SLIM-STONE-1-1.jpg","contentUrl":"https:\/\/www.inverseteams.com\/wp-content\/uploads\/MAILLOT-CICLISMO-MANGA-LARGA-SUBLIM-SLIM-STONE-1-1.jpg","width":1500,"height":1612,"caption":"MAILLOT CICLISTA MANGA LARGA INVERSE"},{"@type":"BreadcrumbList","@id":"https:\/\/www.inverseteams.com\/fr\/produit\/maillot-cycliste-manche-longue-sublim-stone-homme\/#breadcrumb","itemListElement":[{"@type":"ListItem","position":1,"name":"Portada","item":"https:\/\/www.inverseteams.com\/fr\/pagina-principal\/"},{"@type":"ListItem","position":2,"name":"Panier","item":"https:\/\/www.inverseteams.com\/fr\/panier\/"},{"@type":"ListItem","position":3,"name":"Maillot cycliste manche longue SUBLIM STONE (HOMME)"}]},{"@type":"WebSite","@id":"https:\/\/www.inverseteams.com\/fr\/#website","url":"https:\/\/www.inverseteams.com\/fr\/","name":"Inverseteams","description":"Tu marca de ropa deportiva personalizada","publisher":{"@id":"https:\/\/www.inverseteams.com\/fr\/#organization"},"potentialAction":[{"@type":"SearchAction","target":{"@type":"EntryPoint","urlTemplate":"https:\/\/www.inverseteams.com\/fr\/?s={search_term_string}"},"query-input":{"@type":"PropertyValueSpecification","valueRequired":true,"valueName":"search_term_string"}}],"inLanguage":"fr-FR"},{"@type":"Organization","@id":"https:\/\/www.inverseteams.com\/fr\/#organization","name":"Inverse Teams","url":"https:\/\/www.inverseteams.com\/fr\/","logo":{"@type":"ImageObject","inLanguage":"fr-FR","@id":"https:\/\/www.inverseteams.com\/fr\/#\/schema\/logo\/image\/","url":"https:\/\/www.inverseteams.com\/wp-content\/uploads\/2021\/03\/logo-inverse-teams.png","contentUrl":"https:\/\/www.inverseteams.com\/wp-content\/uploads\/2021\/03\/logo-inverse-teams.png","width":294,"height":99,"caption":"Inverse Teams"},"image":{"@id":"https:\/\/www.inverseteams.com\/fr\/#\/schema\/logo\/image\/"},"sameAs":["https:\/\/www.facebook.com\/inverseteams","http:\/\/instagram.com\/inverseteams","https:\/\/www.linkedin.com\/company\/inverse-cirosport-s-l-?trk=job_view_topcard_company_name","http:\/\/www.pinterest.com\/inverseteams\/","http:\/\/www.youtube.com\/user\/inverseteams?feature=watch"]}]}},"_links":{"self":[{"href":"https:\/\/www.inverseteams.com\/fr\/wp-json\/wp\/v2\/product\/209491","targetHints":{"allow":["GET"]}}],"collection":[{"href":"https:\/\/www.inverseteams.com\/fr\/wp-json\/wp\/v2\/product"}],"about":[{"href":"https:\/\/www.inverseteams.com\/fr\/wp-json\/wp\/v2\/types\/product"}],"replies":[{"embeddable":true,"href":"https:\/\/www.inverseteams.com\/fr\/wp-json\/wp\/v2\/comments?post=209491"}],"wp:featuredmedia":[{"embeddable":true,"href":"https:\/\/www.inverseteams.com\/fr\/wp-json\/wp\/v2\/media\/217178"}],"wp:attachment":[{"href":"https:\/\/www.inverseteams.com\/fr\/wp-json\/wp\/v2\/media?parent=209491"}],"wp:term":[{"taxonomy":"product_brand","embeddable":true,"href":"https:\/\/www.inverseteams.com\/fr\/wp-json\/wp\/v2\/product_brand?post=209491"},{"taxonomy":"product_cat","embeddable":true,"href":"https:\/\/www.inverseteams.com\/fr\/wp-json\/wp\/v2\/product_cat?post=209491"},{"taxonomy":"product_tag","embeddable":true,"href":"https:\/\/www.inverseteams.com\/fr\/wp-json\/wp\/v2\/product_tag?post=209491"},{"taxonomy":"custom_category","embeddable":true,"href":"https:\/\/www.inverseteams.com\/fr\/wp-json\/wp\/v2\/custom_category?post=209491"},{"taxonomy":"range","embeddable":true,"href":"https:\/\/www.inverseteams.com\/fr\/wp-json\/wp\/v2\/range?post=209491"}],"curies":[{"name":"wp","href":"https:\/\/api.w.org\/{rel}","templated":true}]}}