{"id":191326,"date":"2024-03-12T14:33:09","date_gmt":"2024-03-12T14:33:39","guid":{"rendered":"https:\/\/www.inverseteams.com\/?post_type=product&#038;p=191326"},"modified":"2024-09-12T10:39:39","modified_gmt":"2024-09-12T10:39:39","slug":"trifonction-manche-courte-dos-ouvert-marble-nick","status":"publish","type":"product","link":"https:\/\/www.inverseteams.com\/fr\/produit\/trifonction-manche-courte-dos-ouvert-marble-nick\/","title":{"rendered":"Trifonction manche courte dos ouvert MARBLE + NICK (FEMME)"},"content":{"rendered":"<p><strong>Produit personnalis\u00e9. Aucune modification ou remboursement n&rsquo;est autoris\u00e9 &#8211; Livraison en 7 jours.<\/strong><\/p>\n<p>Son traitement d\u00e9perlant du tissu repousse l&rsquo;eau et am\u00e9liore la glisse pendant la natation, il permet un s\u00e9chage rapide du v\u00eatement lors des transitions. Cette propri\u00e9t\u00e9 est id\u00e9ale pour les \u00e9preuves o\u00f9 le n\u00e9opr\u00e8ne n&rsquo;est pas utilis\u00e9.<br \/>\nIl s\u2019agit d\u2019une trifonction parfaite pour les tests les plus exigeants. L\u2019\u00e9lasticit\u00e9 et la l\u00e9g\u00e8ret\u00e9 de son tissu vous permettront une totale libert\u00e9 de mouvement et un grand confort pendant les diff\u00e9rentes \u00e9tapes du triathlon.<br \/>\nLe cou et les bretelles sont finis avec un surfilage Evolution. Ce surfilage est fin et lisse pour \u00e9viter toute friction. Il est aussi \u00e9lastique pour bien s\u2019ajuster au corps et emp\u00eacher l\u2019eau d\u2019entrer pendant la natation ou l\u2019air pendant le v\u00e9lo.<br \/>\nLes manches de la trifonction sont essentielles pour prot\u00e9ger les \u00e9paules du soleil. \u00c0 l\u2019int\u00e9rieur elles contiennent un grip en silicone hypoallerg\u00e9nique, qui permet une attache ferme au bras et augmente l\u2019a\u00e9rodynamisme.<br \/>\n\u00c0 l\u2019extr\u00e9mit\u00e9 des jambes, cette trifonction a une bande \u00e9lastique micro-perfor\u00e9e recouverte \u00e0 l\u2019int\u00e9rieur d\u2019un grip en silicone hypoallerg\u00e9nique. Cela maintient la pi\u00e8ce solidement attach\u00e9e \u00e0 la jambe et mod\u00e8re la transpiration<br \/>\nToutes les pi\u00e8ces qui composent ce v\u00eatement sont con\u00e7ues pour s\u2019adapter aux diff\u00e9rentes positions du triathlon sans opposer r\u00e9sistance. Elles sont cousues avec des coutures plates super r\u00e9sistantes qui participent d\u2019un design tr\u00e8s attrayant.<\/p>\n","protected":false},"excerpt":{"rendered":"<p><strong>Produit personnalis\u00e9. Aucune modification ou remboursement n&rsquo;est autoris\u00e9 &#8211; Livraison en 7 jours.<\/strong><\/p>\n<p>Son traitement d\u00e9perlant du tissu repousse l&rsquo;eau et am\u00e9liore la glisse pendant la natation, il permet un s\u00e9chage rapide du v\u00eatement lors des transitions. Cette propri\u00e9t\u00e9 est id\u00e9ale pour les \u00e9preuves o\u00f9 le n\u00e9opr\u00e8ne n&rsquo;est pas utilis\u00e9.<br \/>\nIl s\u2019agit d\u2019une trifonction parfaite pour les tests les plus exigeants. L\u2019\u00e9lasticit\u00e9 et la l\u00e9g\u00e8ret\u00e9 de son tissu vous permettront une totale libert\u00e9 de mouvement et un grand confort pendant les diff\u00e9rentes \u00e9tapes du triathlon.<br \/>\nLe cou et les bretelles sont finis avec un surfilage Evolution. Ce surfilage est fin et lisse pour \u00e9viter toute friction. Il est aussi \u00e9lastique pour bien s\u2019ajuster au corps et emp\u00eacher l\u2019eau d\u2019entrer pendant la natation ou l\u2019air pendant le v\u00e9lo.<br \/>\nLes manches de la trifonction sont essentielles pour prot\u00e9ger les \u00e9paules du soleil. \u00c0 l\u2019int\u00e9rieur elles contiennent un grip en silicone hypoallerg\u00e9nique, qui permet une attache ferme au bras et augmente l\u2019a\u00e9rodynamisme.<br \/>\n\u00c0 l\u2019extr\u00e9mit\u00e9 des jambes, cette trifonction a une bande \u00e9lastique micro-perfor\u00e9e recouverte \u00e0 l\u2019int\u00e9rieur d\u2019un grip en silicone hypoallerg\u00e9nique. Cela maintient la pi\u00e8ce solidement attach\u00e9e \u00e0 la jambe et mod\u00e8re la transpiration<br \/>\nToutes les pi\u00e8ces qui composent ce v\u00eatement sont con\u00e7ues pour s\u2019adapter aux diff\u00e9rentes positions du triathlon sans opposer r\u00e9sistance. Elles sont cousues avec des coutures plates super r\u00e9sistantes qui participent d\u2019un design tr\u00e8s attrayant.<\/p>\n","protected":false},"featured_media":194092,"comment_status":"closed","ping_status":"closed","template":"","meta":{"_acf_changed":false},"product_brand":[],"product_cat":[3261,3256],"product_tag":[],"custom_category":[],"range":[],"class_list":{"0":"post-191326","1":"product","2":"type-product","3":"status-publish","4":"has-post-thumbnail","6":"product_cat-combinaison-triathlon","7":"product_cat-triathlon-fr","8":"pa_climatologia-chaud","9":"pa_deporte-triathlon-fr","10":"pa_genero-femme","11":"pa_patronaje-fit-fr","12":"pa_talla-xs-fr","13":"pa_talla-xxl-fr","14":"pa_talla-xxxl-fr","15":"pa_talla-l-fr","16":"pa_talla-m-fr","17":"pa_talla-s-fr","18":"pa_talla-xl-fr","19":"pa_tipo-de-prenda-trifonction-fr","21":"first","22":"instock","23":"taxable","24":"shipping-taxable","25":"purchasable","26":"product-type-variable"},"acf":[],"yoast_head":"<!-- This site is optimized with the Yoast SEO plugin v27.3 - https:\/\/yoast.com\/product\/yoast-seo-wordpress\/ -->\n<title>Trifonction manche courte dos ouvert MARBLE + NICK<\/title>\n<meta name=\"description\" content=\"Produit personnalis\u00e9. Aucune modification ou remboursement n&#039;est autoris\u00e9 - Livraison en 7 jours.  Son traitement d\u00e9perlant du tissu repousse l&#039;eau et am\u00e9liore la glisse pendant la natation, il permet un s\u00e9chage rapide du v\u00eatement lors des transitions. Cette propri\u00e9t\u00e9 est id\u00e9ale pour les \u00e9preuves o\u00f9 le n\u00e9opr\u00e8ne n&#039;est pas utilis\u00e9. Il s\u2019agit d\u2019une trifonction parfaite pour les tests les plus exigeants. L\u2019\u00e9lasticit\u00e9 et la l\u00e9g\u00e8ret\u00e9 de son tissu vous permettront une totale libert\u00e9 de mouvement et un grand confort pendant les diff\u00e9rentes \u00e9tapes du triathlon. Le cou et les bretelles sont finis avec un surfilage Evolution. Ce surfilage est fin et lisse pour \u00e9viter toute friction. Il est aussi \u00e9lastique pour bien s\u2019ajuster au corps et emp\u00eacher l\u2019eau d\u2019entrer pendant la natation ou l\u2019air pendant le v\u00e9lo. Les manches de la trifonction sont essentielles pour prot\u00e9ger les \u00e9paules du soleil. \u00c0 l\u2019int\u00e9rieur elles contiennent un grip en silicone hypoallerg\u00e9nique, qui permet une attache ferme au bras et augmente l\u2019a\u00e9rodynamisme. \u00c0 l\u2019extr\u00e9mit\u00e9 des jambes, cette trifonction a une bande \u00e9lastique micro-perfor\u00e9e recouverte \u00e0 l\u2019int\u00e9rieur d\u2019un grip en silicone hypoallerg\u00e9nique. Cela maintient la pi\u00e8ce solidement attach\u00e9e \u00e0 la jambe et mod\u00e8re la transpiration Toutes les pi\u00e8ces qui composent ce v\u00eatement sont con\u00e7ues pour s\u2019adapter aux diff\u00e9rentes positions du triathlon sans opposer r\u00e9sistance. Elles sont cousues avec des coutures plates super r\u00e9sistantes qui participent d\u2019un design tr\u00e8s attrayant.\" \/>\n<meta name=\"robots\" content=\"index, follow, max-snippet:-1, max-image-preview:large, max-video-preview:-1\" \/>\n<link rel=\"canonical\" href=\"https:\/\/www.inverseteams.com\/fr\/produit\/trifonction-manche-courte-dos-ouvert-marble-nick\/\" \/>\n<meta property=\"og:locale\" content=\"fr_FR\" \/>\n<meta property=\"og:type\" content=\"article\" \/>\n<meta property=\"og:title\" content=\"Trifonction manche courte dos ouvert MARBLE + NICK\" \/>\n<meta property=\"og:description\" content=\"Produit personnalis\u00e9. Aucune modification ou remboursement n&#039;est autoris\u00e9 - Livraison en 7 jours.  Son traitement d\u00e9perlant du tissu repousse l&#039;eau et am\u00e9liore la glisse pendant la natation, il permet un s\u00e9chage rapide du v\u00eatement lors des transitions. Cette propri\u00e9t\u00e9 est id\u00e9ale pour les \u00e9preuves o\u00f9 le n\u00e9opr\u00e8ne n&#039;est pas utilis\u00e9. Il s\u2019agit d\u2019une trifonction parfaite pour les tests les plus exigeants. L\u2019\u00e9lasticit\u00e9 et la l\u00e9g\u00e8ret\u00e9 de son tissu vous permettront une totale libert\u00e9 de mouvement et un grand confort pendant les diff\u00e9rentes \u00e9tapes du triathlon. Le cou et les bretelles sont finis avec un surfilage Evolution. Ce surfilage est fin et lisse pour \u00e9viter toute friction. Il est aussi \u00e9lastique pour bien s\u2019ajuster au corps et emp\u00eacher l\u2019eau d\u2019entrer pendant la natation ou l\u2019air pendant le v\u00e9lo. Les manches de la trifonction sont essentielles pour prot\u00e9ger les \u00e9paules du soleil. \u00c0 l\u2019int\u00e9rieur elles contiennent un grip en silicone hypoallerg\u00e9nique, qui permet une attache ferme au bras et augmente l\u2019a\u00e9rodynamisme. \u00c0 l\u2019extr\u00e9mit\u00e9 des jambes, cette trifonction a une bande \u00e9lastique micro-perfor\u00e9e recouverte \u00e0 l\u2019int\u00e9rieur d\u2019un grip en silicone hypoallerg\u00e9nique. Cela maintient la pi\u00e8ce solidement attach\u00e9e \u00e0 la jambe et mod\u00e8re la transpiration Toutes les pi\u00e8ces qui composent ce v\u00eatement sont con\u00e7ues pour s\u2019adapter aux diff\u00e9rentes positions du triathlon sans opposer r\u00e9sistance. Elles sont cousues avec des coutures plates super r\u00e9sistantes qui participent d\u2019un design tr\u00e8s attrayant.\" \/>\n<meta property=\"og:url\" content=\"https:\/\/www.inverseteams.com\/fr\/produit\/trifonction-manche-courte-dos-ouvert-marble-nick\/\" \/>\n<meta property=\"og:site_name\" content=\"Inverseteams\" \/>\n<meta property=\"article:publisher\" content=\"https:\/\/www.facebook.com\/inverseteams\" \/>\n<meta property=\"article:modified_time\" content=\"2024-09-12T10:39:39+00:00\" \/>\n<meta property=\"og:image\" content=\"https:\/\/www.inverseteams.com\/wp-content\/uploads\/TRIMONO-MC-MUJER-MARBLE-1.jpg\" \/>\n\t<meta property=\"og:image:width\" content=\"1500\" \/>\n\t<meta property=\"og:image:height\" content=\"1612\" \/>\n\t<meta property=\"og:image:type\" content=\"image\/jpeg\" \/>\n<meta name=\"twitter:card\" content=\"summary_large_image\" \/>\n<meta name=\"twitter:label1\" content=\"Dur\u00e9e de lecture estim\u00e9e\" \/>\n\t<meta name=\"twitter:data1\" content=\"2 minutes\" \/>\n<script type=\"application\/ld+json\" class=\"yoast-schema-graph\">{\"@context\":\"https:\\\/\\\/schema.org\",\"@graph\":[{\"@type\":\"WebPage\",\"@id\":\"https:\\\/\\\/www.inverseteams.com\\\/fr\\\/produit\\\/trifonction-manche-courte-dos-ouvert-marble-nick\\\/\",\"url\":\"https:\\\/\\\/www.inverseteams.com\\\/fr\\\/produit\\\/trifonction-manche-courte-dos-ouvert-marble-nick\\\/\",\"name\":\"Trifonction manche courte dos ouvert MARBLE + NICK\",\"isPartOf\":{\"@id\":\"https:\\\/\\\/www.inverseteams.com\\\/fr\\\/#website\"},\"primaryImageOfPage\":{\"@id\":\"https:\\\/\\\/www.inverseteams.com\\\/fr\\\/produit\\\/trifonction-manche-courte-dos-ouvert-marble-nick\\\/#primaryimage\"},\"image\":{\"@id\":\"https:\\\/\\\/www.inverseteams.com\\\/fr\\\/produit\\\/trifonction-manche-courte-dos-ouvert-marble-nick\\\/#primaryimage\"},\"thumbnailUrl\":\"https:\\\/\\\/www.inverseteams.com\\\/wp-content\\\/uploads\\\/TRIMONO-MC-MUJER-MARBLE-1.jpg\",\"datePublished\":\"2024-03-12T14:33:39+00:00\",\"dateModified\":\"2024-09-12T10:39:39+00:00\",\"description\":\"Produit personnalis\u00e9. Aucune modification ou remboursement n'est autoris\u00e9 - Livraison en 7 jours. Son traitement d\u00e9perlant du tissu repousse l'eau et am\u00e9liore la glisse pendant la natation, il permet un s\u00e9chage rapide du v\u00eatement lors des transitions. Cette propri\u00e9t\u00e9 est id\u00e9ale pour les \u00e9preuves o\u00f9 le n\u00e9opr\u00e8ne n'est pas utilis\u00e9. Il s\u2019agit d\u2019une trifonction parfaite pour les tests les plus exigeants. L\u2019\u00e9lasticit\u00e9 et la l\u00e9g\u00e8ret\u00e9 de son tissu vous permettront une totale libert\u00e9 de mouvement et un grand confort pendant les diff\u00e9rentes \u00e9tapes du triathlon. Le cou et les bretelles sont finis avec un surfilage Evolution. Ce surfilage est fin et lisse pour \u00e9viter toute friction. Il est aussi \u00e9lastique pour bien s\u2019ajuster au corps et emp\u00eacher l\u2019eau d\u2019entrer pendant la natation ou l\u2019air pendant le v\u00e9lo. Les manches de la trifonction sont essentielles pour prot\u00e9ger les \u00e9paules du soleil. \u00c0 l\u2019int\u00e9rieur elles contiennent un grip en silicone hypoallerg\u00e9nique, qui permet une attache ferme au bras et augmente l\u2019a\u00e9rodynamisme. \u00c0 l\u2019extr\u00e9mit\u00e9 des jambes, cette trifonction a une bande \u00e9lastique micro-perfor\u00e9e recouverte \u00e0 l\u2019int\u00e9rieur d\u2019un grip en silicone hypoallerg\u00e9nique. Cela maintient la pi\u00e8ce solidement attach\u00e9e \u00e0 la jambe et mod\u00e8re la transpiration Toutes les pi\u00e8ces qui composent ce v\u00eatement sont con\u00e7ues pour s\u2019adapter aux diff\u00e9rentes positions du triathlon sans opposer r\u00e9sistance. Elles sont cousues avec des coutures plates super r\u00e9sistantes qui participent d\u2019un design tr\u00e8s attrayant.\",\"breadcrumb\":{\"@id\":\"https:\\\/\\\/www.inverseteams.com\\\/fr\\\/produit\\\/trifonction-manche-courte-dos-ouvert-marble-nick\\\/#breadcrumb\"},\"inLanguage\":\"fr-FR\",\"potentialAction\":[{\"@type\":\"ReadAction\",\"target\":[\"https:\\\/\\\/www.inverseteams.com\\\/fr\\\/produit\\\/trifonction-manche-courte-dos-ouvert-marble-nick\\\/\"]}]},{\"@type\":\"ImageObject\",\"inLanguage\":\"fr-FR\",\"@id\":\"https:\\\/\\\/www.inverseteams.com\\\/fr\\\/produit\\\/trifonction-manche-courte-dos-ouvert-marble-nick\\\/#primaryimage\",\"url\":\"https:\\\/\\\/www.inverseteams.com\\\/wp-content\\\/uploads\\\/TRIMONO-MC-MUJER-MARBLE-1.jpg\",\"contentUrl\":\"https:\\\/\\\/www.inverseteams.com\\\/wp-content\\\/uploads\\\/TRIMONO-MC-MUJER-MARBLE-1.jpg\",\"width\":1500,\"height\":1612},{\"@type\":\"BreadcrumbList\",\"@id\":\"https:\\\/\\\/www.inverseteams.com\\\/fr\\\/produit\\\/trifonction-manche-courte-dos-ouvert-marble-nick\\\/#breadcrumb\",\"itemListElement\":[{\"@type\":\"ListItem\",\"position\":1,\"name\":\"Portada\",\"item\":\"https:\\\/\\\/www.inverseteams.com\\\/fr\\\/pagina-principal\\\/\"},{\"@type\":\"ListItem\",\"position\":2,\"name\":\"Panier\",\"item\":\"https:\\\/\\\/www.inverseteams.com\\\/fr\\\/panier\\\/\"},{\"@type\":\"ListItem\",\"position\":3,\"name\":\"Trifonction manche courte dos ouvert MARBLE + NICK (FEMME)\"}]},{\"@type\":\"WebSite\",\"@id\":\"https:\\\/\\\/www.inverseteams.com\\\/fr\\\/#website\",\"url\":\"https:\\\/\\\/www.inverseteams.com\\\/fr\\\/\",\"name\":\"Inverseteams\",\"description\":\"Tu marca de ropa deportiva personalizada\",\"publisher\":{\"@id\":\"https:\\\/\\\/www.inverseteams.com\\\/fr\\\/#organization\"},\"potentialAction\":[{\"@type\":\"SearchAction\",\"target\":{\"@type\":\"EntryPoint\",\"urlTemplate\":\"https:\\\/\\\/www.inverseteams.com\\\/fr\\\/?s={search_term_string}\"},\"query-input\":{\"@type\":\"PropertyValueSpecification\",\"valueRequired\":true,\"valueName\":\"search_term_string\"}}],\"inLanguage\":\"fr-FR\"},{\"@type\":\"Organization\",\"@id\":\"https:\\\/\\\/www.inverseteams.com\\\/fr\\\/#organization\",\"name\":\"Inverse Teams\",\"url\":\"https:\\\/\\\/www.inverseteams.com\\\/fr\\\/\",\"logo\":{\"@type\":\"ImageObject\",\"inLanguage\":\"fr-FR\",\"@id\":\"https:\\\/\\\/www.inverseteams.com\\\/fr\\\/#\\\/schema\\\/logo\\\/image\\\/\",\"url\":\"http:\\\/\\\/www.inverseteams.com\\\/wp-content\\\/uploads\\\/2021\\\/03\\\/logo-inverse-teams.png\",\"contentUrl\":\"http:\\\/\\\/www.inverseteams.com\\\/wp-content\\\/uploads\\\/2021\\\/03\\\/logo-inverse-teams.png\",\"width\":294,\"height\":99,\"caption\":\"Inverse Teams\"},\"image\":{\"@id\":\"https:\\\/\\\/www.inverseteams.com\\\/fr\\\/#\\\/schema\\\/logo\\\/image\\\/\"},\"sameAs\":[\"https:\\\/\\\/www.facebook.com\\\/inverseteams\",\"http:\\\/\\\/instagram.com\\\/inverseteams\",\"https:\\\/\\\/www.linkedin.com\\\/company\\\/inverse-cirosport-s-l-?trk=job_view_topcard_company_name\",\"http:\\\/\\\/www.pinterest.com\\\/inverseteams\\\/\",\"http:\\\/\\\/www.youtube.com\\\/user\\\/inverseteams?feature=watch\"]}]}<\/script>\n<!-- \/ Yoast SEO plugin. -->","yoast_head_json":{"title":"Trifonction manche courte dos ouvert MARBLE + NICK","description":"Produit personnalis\u00e9. Aucune modification ou remboursement n'est autoris\u00e9 - Livraison en 7 jours.  Son traitement d\u00e9perlant du tissu repousse l'eau et am\u00e9liore la glisse pendant la natation, il permet un s\u00e9chage rapide du v\u00eatement lors des transitions. Cette propri\u00e9t\u00e9 est id\u00e9ale pour les \u00e9preuves o\u00f9 le n\u00e9opr\u00e8ne n'est pas utilis\u00e9. Il s\u2019agit d\u2019une trifonction parfaite pour les tests les plus exigeants. L\u2019\u00e9lasticit\u00e9 et la l\u00e9g\u00e8ret\u00e9 de son tissu vous permettront une totale libert\u00e9 de mouvement et un grand confort pendant les diff\u00e9rentes \u00e9tapes du triathlon. Le cou et les bretelles sont finis avec un surfilage Evolution. Ce surfilage est fin et lisse pour \u00e9viter toute friction. Il est aussi \u00e9lastique pour bien s\u2019ajuster au corps et emp\u00eacher l\u2019eau d\u2019entrer pendant la natation ou l\u2019air pendant le v\u00e9lo. Les manches de la trifonction sont essentielles pour prot\u00e9ger les \u00e9paules du soleil. \u00c0 l\u2019int\u00e9rieur elles contiennent un grip en silicone hypoallerg\u00e9nique, qui permet une attache ferme au bras et augmente l\u2019a\u00e9rodynamisme. \u00c0 l\u2019extr\u00e9mit\u00e9 des jambes, cette trifonction a une bande \u00e9lastique micro-perfor\u00e9e recouverte \u00e0 l\u2019int\u00e9rieur d\u2019un grip en silicone hypoallerg\u00e9nique. Cela maintient la pi\u00e8ce solidement attach\u00e9e \u00e0 la jambe et mod\u00e8re la transpiration Toutes les pi\u00e8ces qui composent ce v\u00eatement sont con\u00e7ues pour s\u2019adapter aux diff\u00e9rentes positions du triathlon sans opposer r\u00e9sistance. Elles sont cousues avec des coutures plates super r\u00e9sistantes qui participent d\u2019un design tr\u00e8s attrayant.","robots":{"index":"index","follow":"follow","max-snippet":"max-snippet:-1","max-image-preview":"max-image-preview:large","max-video-preview":"max-video-preview:-1"},"canonical":"https:\/\/www.inverseteams.com\/fr\/produit\/trifonction-manche-courte-dos-ouvert-marble-nick\/","og_locale":"fr_FR","og_type":"article","og_title":"Trifonction manche courte dos ouvert MARBLE + NICK","og_description":"Produit personnalis\u00e9. Aucune modification ou remboursement n'est autoris\u00e9 - Livraison en 7 jours.  Son traitement d\u00e9perlant du tissu repousse l'eau et am\u00e9liore la glisse pendant la natation, il permet un s\u00e9chage rapide du v\u00eatement lors des transitions. Cette propri\u00e9t\u00e9 est id\u00e9ale pour les \u00e9preuves o\u00f9 le n\u00e9opr\u00e8ne n'est pas utilis\u00e9. Il s\u2019agit d\u2019une trifonction parfaite pour les tests les plus exigeants. L\u2019\u00e9lasticit\u00e9 et la l\u00e9g\u00e8ret\u00e9 de son tissu vous permettront une totale libert\u00e9 de mouvement et un grand confort pendant les diff\u00e9rentes \u00e9tapes du triathlon. Le cou et les bretelles sont finis avec un surfilage Evolution. Ce surfilage est fin et lisse pour \u00e9viter toute friction. Il est aussi \u00e9lastique pour bien s\u2019ajuster au corps et emp\u00eacher l\u2019eau d\u2019entrer pendant la natation ou l\u2019air pendant le v\u00e9lo. Les manches de la trifonction sont essentielles pour prot\u00e9ger les \u00e9paules du soleil. \u00c0 l\u2019int\u00e9rieur elles contiennent un grip en silicone hypoallerg\u00e9nique, qui permet une attache ferme au bras et augmente l\u2019a\u00e9rodynamisme. \u00c0 l\u2019extr\u00e9mit\u00e9 des jambes, cette trifonction a une bande \u00e9lastique micro-perfor\u00e9e recouverte \u00e0 l\u2019int\u00e9rieur d\u2019un grip en silicone hypoallerg\u00e9nique. Cela maintient la pi\u00e8ce solidement attach\u00e9e \u00e0 la jambe et mod\u00e8re la transpiration Toutes les pi\u00e8ces qui composent ce v\u00eatement sont con\u00e7ues pour s\u2019adapter aux diff\u00e9rentes positions du triathlon sans opposer r\u00e9sistance. Elles sont cousues avec des coutures plates super r\u00e9sistantes qui participent d\u2019un design tr\u00e8s attrayant.","og_url":"https:\/\/www.inverseteams.com\/fr\/produit\/trifonction-manche-courte-dos-ouvert-marble-nick\/","og_site_name":"Inverseteams","article_publisher":"https:\/\/www.facebook.com\/inverseteams","article_modified_time":"2024-09-12T10:39:39+00:00","og_image":[{"width":1500,"height":1612,"url":"https:\/\/www.inverseteams.com\/wp-content\/uploads\/TRIMONO-MC-MUJER-MARBLE-1.jpg","type":"image\/jpeg"}],"twitter_card":"summary_large_image","twitter_misc":{"Dur\u00e9e de lecture estim\u00e9e":"2 minutes"},"schema":{"@context":"https:\/\/schema.org","@graph":[{"@type":"WebPage","@id":"https:\/\/www.inverseteams.com\/fr\/produit\/trifonction-manche-courte-dos-ouvert-marble-nick\/","url":"https:\/\/www.inverseteams.com\/fr\/produit\/trifonction-manche-courte-dos-ouvert-marble-nick\/","name":"Trifonction manche courte dos ouvert MARBLE + NICK","isPartOf":{"@id":"https:\/\/www.inverseteams.com\/fr\/#website"},"primaryImageOfPage":{"@id":"https:\/\/www.inverseteams.com\/fr\/produit\/trifonction-manche-courte-dos-ouvert-marble-nick\/#primaryimage"},"image":{"@id":"https:\/\/www.inverseteams.com\/fr\/produit\/trifonction-manche-courte-dos-ouvert-marble-nick\/#primaryimage"},"thumbnailUrl":"https:\/\/www.inverseteams.com\/wp-content\/uploads\/TRIMONO-MC-MUJER-MARBLE-1.jpg","datePublished":"2024-03-12T14:33:39+00:00","dateModified":"2024-09-12T10:39:39+00:00","description":"Produit personnalis\u00e9. Aucune modification ou remboursement n'est autoris\u00e9 - Livraison en 7 jours. Son traitement d\u00e9perlant du tissu repousse l'eau et am\u00e9liore la glisse pendant la natation, il permet un s\u00e9chage rapide du v\u00eatement lors des transitions. Cette propri\u00e9t\u00e9 est id\u00e9ale pour les \u00e9preuves o\u00f9 le n\u00e9opr\u00e8ne n'est pas utilis\u00e9. Il s\u2019agit d\u2019une trifonction parfaite pour les tests les plus exigeants. L\u2019\u00e9lasticit\u00e9 et la l\u00e9g\u00e8ret\u00e9 de son tissu vous permettront une totale libert\u00e9 de mouvement et un grand confort pendant les diff\u00e9rentes \u00e9tapes du triathlon. Le cou et les bretelles sont finis avec un surfilage Evolution. Ce surfilage est fin et lisse pour \u00e9viter toute friction. Il est aussi \u00e9lastique pour bien s\u2019ajuster au corps et emp\u00eacher l\u2019eau d\u2019entrer pendant la natation ou l\u2019air pendant le v\u00e9lo. Les manches de la trifonction sont essentielles pour prot\u00e9ger les \u00e9paules du soleil. \u00c0 l\u2019int\u00e9rieur elles contiennent un grip en silicone hypoallerg\u00e9nique, qui permet une attache ferme au bras et augmente l\u2019a\u00e9rodynamisme. \u00c0 l\u2019extr\u00e9mit\u00e9 des jambes, cette trifonction a une bande \u00e9lastique micro-perfor\u00e9e recouverte \u00e0 l\u2019int\u00e9rieur d\u2019un grip en silicone hypoallerg\u00e9nique. Cela maintient la pi\u00e8ce solidement attach\u00e9e \u00e0 la jambe et mod\u00e8re la transpiration Toutes les pi\u00e8ces qui composent ce v\u00eatement sont con\u00e7ues pour s\u2019adapter aux diff\u00e9rentes positions du triathlon sans opposer r\u00e9sistance. Elles sont cousues avec des coutures plates super r\u00e9sistantes qui participent d\u2019un design tr\u00e8s attrayant.","breadcrumb":{"@id":"https:\/\/www.inverseteams.com\/fr\/produit\/trifonction-manche-courte-dos-ouvert-marble-nick\/#breadcrumb"},"inLanguage":"fr-FR","potentialAction":[{"@type":"ReadAction","target":["https:\/\/www.inverseteams.com\/fr\/produit\/trifonction-manche-courte-dos-ouvert-marble-nick\/"]}]},{"@type":"ImageObject","inLanguage":"fr-FR","@id":"https:\/\/www.inverseteams.com\/fr\/produit\/trifonction-manche-courte-dos-ouvert-marble-nick\/#primaryimage","url":"https:\/\/www.inverseteams.com\/wp-content\/uploads\/TRIMONO-MC-MUJER-MARBLE-1.jpg","contentUrl":"https:\/\/www.inverseteams.com\/wp-content\/uploads\/TRIMONO-MC-MUJER-MARBLE-1.jpg","width":1500,"height":1612},{"@type":"BreadcrumbList","@id":"https:\/\/www.inverseteams.com\/fr\/produit\/trifonction-manche-courte-dos-ouvert-marble-nick\/#breadcrumb","itemListElement":[{"@type":"ListItem","position":1,"name":"Portada","item":"https:\/\/www.inverseteams.com\/fr\/pagina-principal\/"},{"@type":"ListItem","position":2,"name":"Panier","item":"https:\/\/www.inverseteams.com\/fr\/panier\/"},{"@type":"ListItem","position":3,"name":"Trifonction manche courte dos ouvert MARBLE + NICK (FEMME)"}]},{"@type":"WebSite","@id":"https:\/\/www.inverseteams.com\/fr\/#website","url":"https:\/\/www.inverseteams.com\/fr\/","name":"Inverseteams","description":"Tu marca de ropa deportiva personalizada","publisher":{"@id":"https:\/\/www.inverseteams.com\/fr\/#organization"},"potentialAction":[{"@type":"SearchAction","target":{"@type":"EntryPoint","urlTemplate":"https:\/\/www.inverseteams.com\/fr\/?s={search_term_string}"},"query-input":{"@type":"PropertyValueSpecification","valueRequired":true,"valueName":"search_term_string"}}],"inLanguage":"fr-FR"},{"@type":"Organization","@id":"https:\/\/www.inverseteams.com\/fr\/#organization","name":"Inverse Teams","url":"https:\/\/www.inverseteams.com\/fr\/","logo":{"@type":"ImageObject","inLanguage":"fr-FR","@id":"https:\/\/www.inverseteams.com\/fr\/#\/schema\/logo\/image\/","url":"https:\/\/www.inverseteams.com\/wp-content\/uploads\/2021\/03\/logo-inverse-teams.png","contentUrl":"https:\/\/www.inverseteams.com\/wp-content\/uploads\/2021\/03\/logo-inverse-teams.png","width":294,"height":99,"caption":"Inverse Teams"},"image":{"@id":"https:\/\/www.inverseteams.com\/fr\/#\/schema\/logo\/image\/"},"sameAs":["https:\/\/www.facebook.com\/inverseteams","http:\/\/instagram.com\/inverseteams","https:\/\/www.linkedin.com\/company\/inverse-cirosport-s-l-?trk=job_view_topcard_company_name","http:\/\/www.pinterest.com\/inverseteams\/","http:\/\/www.youtube.com\/user\/inverseteams?feature=watch"]}]}},"_links":{"self":[{"href":"https:\/\/www.inverseteams.com\/fr\/wp-json\/wp\/v2\/product\/191326","targetHints":{"allow":["GET"]}}],"collection":[{"href":"https:\/\/www.inverseteams.com\/fr\/wp-json\/wp\/v2\/product"}],"about":[{"href":"https:\/\/www.inverseteams.com\/fr\/wp-json\/wp\/v2\/types\/product"}],"replies":[{"embeddable":true,"href":"https:\/\/www.inverseteams.com\/fr\/wp-json\/wp\/v2\/comments?post=191326"}],"wp:featuredmedia":[{"embeddable":true,"href":"https:\/\/www.inverseteams.com\/fr\/wp-json\/wp\/v2\/media\/194092"}],"wp:attachment":[{"href":"https:\/\/www.inverseteams.com\/fr\/wp-json\/wp\/v2\/media?parent=191326"}],"wp:term":[{"taxonomy":"product_brand","embeddable":true,"href":"https:\/\/www.inverseteams.com\/fr\/wp-json\/wp\/v2\/product_brand?post=191326"},{"taxonomy":"product_cat","embeddable":true,"href":"https:\/\/www.inverseteams.com\/fr\/wp-json\/wp\/v2\/product_cat?post=191326"},{"taxonomy":"product_tag","embeddable":true,"href":"https:\/\/www.inverseteams.com\/fr\/wp-json\/wp\/v2\/product_tag?post=191326"},{"taxonomy":"custom_category","embeddable":true,"href":"https:\/\/www.inverseteams.com\/fr\/wp-json\/wp\/v2\/custom_category?post=191326"},{"taxonomy":"range","embeddable":true,"href":"https:\/\/www.inverseteams.com\/fr\/wp-json\/wp\/v2\/range?post=191326"}],"curies":[{"name":"wp","href":"https:\/\/api.w.org\/{rel}","templated":true}]}}