{"id":191053,"date":"2024-03-12T11:59:24","date_gmt":"2024-03-12T11:59:53","guid":{"rendered":"https:\/\/www.inverseteams.com\/?post_type=product&#038;p=191053"},"modified":"2024-09-12T10:39:53","modified_gmt":"2024-09-12T10:39:53","slug":"combinaison-triathlon-manche-courte-metrik-nick","status":"publish","type":"product","link":"https:\/\/www.inverseteams.com\/fr\/produit\/combinaison-triathlon-manche-courte-metrik-nick\/","title":{"rendered":"Combinaison triathlon manche courte METRIK + NICK (HOMME)"},"content":{"rendered":"<p><strong>Produit personnalis\u00e9. Aucune modification ou remboursement n&rsquo;est autoris\u00e9 &#8211; Livraison en 7 jours.<\/strong><\/p>\n<p>Son traitement en T\u00e9flon repousse l&rsquo;eau et am\u00e9liore la glisse pendant la natation, il permet un s\u00e9chage rapide du v\u00eatement lors des transitions. Cette propri\u00e9t\u00e9 est id\u00e9ale pour les \u00e9preuves o\u00f9 le n\u00e9opr\u00e8ne n&rsquo;est pas utilis\u00e9.<br \/>\nIl s\u2019agit d\u2019une trifonction parfaite pour les tests les plus exigeants. L\u2019\u00e9lasticit\u00e9 et la l\u00e9g\u00e8ret\u00e9 de son tissu vous permettront une totale libert\u00e9 de mouvement et un grand confort pendant les diff\u00e9rentes \u00e9tapes du triathlon.<br \/>\nLe cou et les bretelles sont finis avec un surfilage Evolution. Ce surfilage est fin et lisse pour \u00e9viter toute friction. Il est aussi \u00e9lastique pour bien s\u2019ajuster au corps et emp\u00eacher l\u2019eau d\u2019entrer pendant la natation ou l\u2019air pendant le v\u00e9lo.<br \/>\nLes manches de la combinaison triathlon sont essentielles pour prot\u00e9ger les \u00e9paules du soleil. \u00c0 l\u2019int\u00e9rieur elles contiennent un grip en silicone hypoallerg\u00e9nique, qui permet une attache ferme au bras et augmente l\u2019a\u00e9rodynamisme.<br \/>\nLa fermeture \u00e9clair est \u00e9lastique pour s\u2019adapter \u00e0 toutes les positions sans \u00eatre inconfortable. La zone lombaire incorpore une poche \u00e9lastique en grille qui expulse rapidement l\u2019eau. Elle est tr\u00e8s utile pour stocker les barres nutritionnelles.<br \/>\n\u00c0 l\u2019extr\u00e9mit\u00e9 des jambes, cette trifonction a une bande \u00e9lastique micro-perfor\u00e9e recouverte \u00e0 l\u2019int\u00e9rieur d\u2019un grip en silicone hypoallerg\u00e9nique. Cela maintient la pi\u00e8ce solidement attach\u00e9e \u00e0 la jambe et mod\u00e8re la transpiration<br \/>\nToutes les pi\u00e8ces qui composent ce v\u00eatement sont con\u00e7ues pour s\u2019adapter aux diff\u00e9rentes positions du triathlon sans opposer r\u00e9sistance. Elles sont cousues avec des coutures plates super r\u00e9sistantes qui participent d\u2019un design tr\u00e8s attrayant.<\/p>\n","protected":false},"excerpt":{"rendered":"<p><strong>Produit personnalis\u00e9. Aucune modification ou remboursement n&rsquo;est autoris\u00e9 &#8211; Livraison en 7 jours.<\/strong><\/p>\n<p>Son traitement en T\u00e9flon repousse l&rsquo;eau et am\u00e9liore la glisse pendant la natation, il permet un s\u00e9chage rapide du v\u00eatement lors des transitions. Cette propri\u00e9t\u00e9 est id\u00e9ale pour les \u00e9preuves o\u00f9 le n\u00e9opr\u00e8ne n&rsquo;est pas utilis\u00e9.<br \/>\nIl s\u2019agit d\u2019une trifonction parfaite pour les tests les plus exigeants. L\u2019\u00e9lasticit\u00e9 et la l\u00e9g\u00e8ret\u00e9 de son tissu vous permettront une totale libert\u00e9 de mouvement et un grand confort pendant les diff\u00e9rentes \u00e9tapes du triathlon.<br \/>\nLe cou et les bretelles sont finis avec un surfilage Evolution. Ce surfilage est fin et lisse pour \u00e9viter toute friction. Il est aussi \u00e9lastique pour bien s\u2019ajuster au corps et emp\u00eacher l\u2019eau d\u2019entrer pendant la natation ou l\u2019air pendant le v\u00e9lo.<br \/>\nLes manches de la combinaison triathlon sont essentielles pour prot\u00e9ger les \u00e9paules du soleil. \u00c0 l\u2019int\u00e9rieur elles contiennent un grip en silicone hypoallerg\u00e9nique, qui permet une attache ferme au bras et augmente l\u2019a\u00e9rodynamisme.<br \/>\nLa fermeture \u00e9clair est \u00e9lastique pour s\u2019adapter \u00e0 toutes les positions sans \u00eatre inconfortable. La zone lombaire incorpore une poche \u00e9lastique en grille qui expulse rapidement l\u2019eau. Elle est tr\u00e8s utile pour stocker les barres nutritionnelles.<br \/>\n\u00c0 l\u2019extr\u00e9mit\u00e9 des jambes, cette trifonction a une bande \u00e9lastique micro-perfor\u00e9e recouverte \u00e0 l\u2019int\u00e9rieur d\u2019un grip en silicone hypoallerg\u00e9nique. Cela maintient la pi\u00e8ce solidement attach\u00e9e \u00e0 la jambe et mod\u00e8re la transpiration<br \/>\nToutes les pi\u00e8ces qui composent ce v\u00eatement sont con\u00e7ues pour s\u2019adapter aux diff\u00e9rentes positions du triathlon sans opposer r\u00e9sistance. Elles sont cousues avec des coutures plates super r\u00e9sistantes qui participent d\u2019un design tr\u00e8s attrayant.<\/p>\n","protected":false},"featured_media":193887,"comment_status":"closed","ping_status":"closed","template":"","meta":{"_acf_changed":false},"product_brand":[],"product_cat":[3261,3256],"product_tag":[],"custom_category":[],"range":[],"class_list":{"0":"post-191053","1":"product","2":"type-product","3":"status-publish","4":"has-post-thumbnail","6":"product_cat-combinaison-triathlon","7":"product_cat-triathlon-fr","8":"pa_climatologia-chaud","9":"pa_deporte-triathlon-fr","10":"pa_genero-homme","11":"pa_patronaje-fit-fr","12":"pa_talla-xxl-fr","13":"pa_talla-xxxl-fr","14":"pa_talla-l-fr","15":"pa_talla-m-fr","16":"pa_talla-s-fr","17":"pa_talla-xl-fr","18":"pa_talla-xs-fr","19":"pa_tipo-de-prenda-trifonction-fr","21":"first","22":"outofstock","23":"taxable","24":"shipping-taxable","25":"purchasable","26":"product-type-variable"},"acf":[],"yoast_head":"<!-- This site is optimized with the Yoast SEO plugin v27.3 - https:\/\/yoast.com\/product\/yoast-seo-wordpress\/ -->\n<title>Combinaison triathlon manche courte METRIK + NICK<\/title>\n<meta name=\"description\" content=\"Combinaison triathlon manche courte personnalis\u00e9e. Repousse l&#039;eau \u00e0 la baignade et s\u00e8che rapidement pendant la transition. Demandez un budget !\" \/>\n<meta name=\"robots\" content=\"index, follow, max-snippet:-1, max-image-preview:large, max-video-preview:-1\" \/>\n<link rel=\"canonical\" href=\"https:\/\/www.inverseteams.com\/fr\/produit\/combinaison-triathlon-manche-courte-metrik-nick\/\" \/>\n<meta property=\"og:locale\" content=\"fr_FR\" \/>\n<meta property=\"og:type\" content=\"article\" \/>\n<meta property=\"og:title\" content=\"Combinaison triathlon manche courte personnalis\u00e9e AQUA\" \/>\n<meta property=\"og:description\" content=\"Combinaison triathlon manche courte personnalis\u00e9e. Repousse l&#039;eau \u00e0 la baignade et s\u00e8che rapidement pendant la transition. Demandez un budget !\" \/>\n<meta property=\"og:url\" content=\"https:\/\/www.inverseteams.com\/fr\/produit\/combinaison-triathlon-manche-courte-metrik-nick\/\" \/>\n<meta property=\"og:site_name\" content=\"Inverseteams\" \/>\n<meta property=\"article:publisher\" content=\"https:\/\/www.facebook.com\/inverseteams\" \/>\n<meta property=\"article:modified_time\" content=\"2024-09-12T10:39:53+00:00\" \/>\n<meta property=\"og:image\" content=\"https:\/\/www.inverseteams.com\/wp-content\/uploads\/TRIMONO-MC-METRIK-1.jpg\" \/>\n\t<meta property=\"og:image:width\" content=\"1500\" \/>\n\t<meta property=\"og:image:height\" content=\"1612\" \/>\n\t<meta property=\"og:image:type\" content=\"image\/jpeg\" \/>\n<meta name=\"twitter:card\" content=\"summary_large_image\" \/>\n<meta name=\"twitter:label1\" content=\"Dur\u00e9e de lecture estim\u00e9e\" \/>\n\t<meta name=\"twitter:data1\" content=\"2 minutes\" \/>\n<script type=\"application\/ld+json\" class=\"yoast-schema-graph\">{\"@context\":\"https:\\\/\\\/schema.org\",\"@graph\":[{\"@type\":\"WebPage\",\"@id\":\"https:\\\/\\\/www.inverseteams.com\\\/fr\\\/produit\\\/combinaison-triathlon-manche-courte-metrik-nick\\\/\",\"url\":\"https:\\\/\\\/www.inverseteams.com\\\/fr\\\/produit\\\/combinaison-triathlon-manche-courte-metrik-nick\\\/\",\"name\":\"Combinaison triathlon manche courte METRIK + NICK\",\"isPartOf\":{\"@id\":\"https:\\\/\\\/www.inverseteams.com\\\/fr\\\/#website\"},\"primaryImageOfPage\":{\"@id\":\"https:\\\/\\\/www.inverseteams.com\\\/fr\\\/produit\\\/combinaison-triathlon-manche-courte-metrik-nick\\\/#primaryimage\"},\"image\":{\"@id\":\"https:\\\/\\\/www.inverseteams.com\\\/fr\\\/produit\\\/combinaison-triathlon-manche-courte-metrik-nick\\\/#primaryimage\"},\"thumbnailUrl\":\"https:\\\/\\\/www.inverseteams.com\\\/wp-content\\\/uploads\\\/TRIMONO-MC-METRIK-1.jpg\",\"datePublished\":\"2024-03-12T11:59:53+00:00\",\"dateModified\":\"2024-09-12T10:39:53+00:00\",\"description\":\"Combinaison triathlon manche courte personnalis\u00e9e. Repousse l'eau \u00e0 la baignade et s\u00e8che rapidement pendant la transition. Demandez un budget !\",\"breadcrumb\":{\"@id\":\"https:\\\/\\\/www.inverseteams.com\\\/fr\\\/produit\\\/combinaison-triathlon-manche-courte-metrik-nick\\\/#breadcrumb\"},\"inLanguage\":\"fr-FR\",\"potentialAction\":[{\"@type\":\"ReadAction\",\"target\":[\"https:\\\/\\\/www.inverseteams.com\\\/fr\\\/produit\\\/combinaison-triathlon-manche-courte-metrik-nick\\\/\"]}]},{\"@type\":\"ImageObject\",\"inLanguage\":\"fr-FR\",\"@id\":\"https:\\\/\\\/www.inverseteams.com\\\/fr\\\/produit\\\/combinaison-triathlon-manche-courte-metrik-nick\\\/#primaryimage\",\"url\":\"https:\\\/\\\/www.inverseteams.com\\\/wp-content\\\/uploads\\\/TRIMONO-MC-METRIK-1.jpg\",\"contentUrl\":\"https:\\\/\\\/www.inverseteams.com\\\/wp-content\\\/uploads\\\/TRIMONO-MC-METRIK-1.jpg\",\"width\":1500,\"height\":1612},{\"@type\":\"BreadcrumbList\",\"@id\":\"https:\\\/\\\/www.inverseteams.com\\\/fr\\\/produit\\\/combinaison-triathlon-manche-courte-metrik-nick\\\/#breadcrumb\",\"itemListElement\":[{\"@type\":\"ListItem\",\"position\":1,\"name\":\"Portada\",\"item\":\"https:\\\/\\\/www.inverseteams.com\\\/fr\\\/pagina-principal\\\/\"},{\"@type\":\"ListItem\",\"position\":2,\"name\":\"Panier\",\"item\":\"https:\\\/\\\/www.inverseteams.com\\\/fr\\\/panier\\\/\"},{\"@type\":\"ListItem\",\"position\":3,\"name\":\"Combinaison triathlon manche courte METRIK + NICK (HOMME)\"}]},{\"@type\":\"WebSite\",\"@id\":\"https:\\\/\\\/www.inverseteams.com\\\/fr\\\/#website\",\"url\":\"https:\\\/\\\/www.inverseteams.com\\\/fr\\\/\",\"name\":\"Inverseteams\",\"description\":\"Tu marca de ropa deportiva personalizada\",\"publisher\":{\"@id\":\"https:\\\/\\\/www.inverseteams.com\\\/fr\\\/#organization\"},\"potentialAction\":[{\"@type\":\"SearchAction\",\"target\":{\"@type\":\"EntryPoint\",\"urlTemplate\":\"https:\\\/\\\/www.inverseteams.com\\\/fr\\\/?s={search_term_string}\"},\"query-input\":{\"@type\":\"PropertyValueSpecification\",\"valueRequired\":true,\"valueName\":\"search_term_string\"}}],\"inLanguage\":\"fr-FR\"},{\"@type\":\"Organization\",\"@id\":\"https:\\\/\\\/www.inverseteams.com\\\/fr\\\/#organization\",\"name\":\"Inverse Teams\",\"url\":\"https:\\\/\\\/www.inverseteams.com\\\/fr\\\/\",\"logo\":{\"@type\":\"ImageObject\",\"inLanguage\":\"fr-FR\",\"@id\":\"https:\\\/\\\/www.inverseteams.com\\\/fr\\\/#\\\/schema\\\/logo\\\/image\\\/\",\"url\":\"http:\\\/\\\/www.inverseteams.com\\\/wp-content\\\/uploads\\\/2021\\\/03\\\/logo-inverse-teams.png\",\"contentUrl\":\"http:\\\/\\\/www.inverseteams.com\\\/wp-content\\\/uploads\\\/2021\\\/03\\\/logo-inverse-teams.png\",\"width\":294,\"height\":99,\"caption\":\"Inverse Teams\"},\"image\":{\"@id\":\"https:\\\/\\\/www.inverseteams.com\\\/fr\\\/#\\\/schema\\\/logo\\\/image\\\/\"},\"sameAs\":[\"https:\\\/\\\/www.facebook.com\\\/inverseteams\",\"http:\\\/\\\/instagram.com\\\/inverseteams\",\"https:\\\/\\\/www.linkedin.com\\\/company\\\/inverse-cirosport-s-l-?trk=job_view_topcard_company_name\",\"http:\\\/\\\/www.pinterest.com\\\/inverseteams\\\/\",\"http:\\\/\\\/www.youtube.com\\\/user\\\/inverseteams?feature=watch\"]}]}<\/script>\n<!-- \/ Yoast SEO plugin. -->","yoast_head_json":{"title":"Combinaison triathlon manche courte METRIK + NICK","description":"Combinaison triathlon manche courte personnalis\u00e9e. Repousse l'eau \u00e0 la baignade et s\u00e8che rapidement pendant la transition. Demandez un budget !","robots":{"index":"index","follow":"follow","max-snippet":"max-snippet:-1","max-image-preview":"max-image-preview:large","max-video-preview":"max-video-preview:-1"},"canonical":"https:\/\/www.inverseteams.com\/fr\/produit\/combinaison-triathlon-manche-courte-metrik-nick\/","og_locale":"fr_FR","og_type":"article","og_title":"Combinaison triathlon manche courte personnalis\u00e9e AQUA","og_description":"Combinaison triathlon manche courte personnalis\u00e9e. Repousse l'eau \u00e0 la baignade et s\u00e8che rapidement pendant la transition. Demandez un budget !","og_url":"https:\/\/www.inverseteams.com\/fr\/produit\/combinaison-triathlon-manche-courte-metrik-nick\/","og_site_name":"Inverseteams","article_publisher":"https:\/\/www.facebook.com\/inverseteams","article_modified_time":"2024-09-12T10:39:53+00:00","og_image":[{"width":1500,"height":1612,"url":"https:\/\/www.inverseteams.com\/wp-content\/uploads\/TRIMONO-MC-METRIK-1.jpg","type":"image\/jpeg"}],"twitter_card":"summary_large_image","twitter_misc":{"Dur\u00e9e de lecture estim\u00e9e":"2 minutes"},"schema":{"@context":"https:\/\/schema.org","@graph":[{"@type":"WebPage","@id":"https:\/\/www.inverseteams.com\/fr\/produit\/combinaison-triathlon-manche-courte-metrik-nick\/","url":"https:\/\/www.inverseteams.com\/fr\/produit\/combinaison-triathlon-manche-courte-metrik-nick\/","name":"Combinaison triathlon manche courte METRIK + NICK","isPartOf":{"@id":"https:\/\/www.inverseteams.com\/fr\/#website"},"primaryImageOfPage":{"@id":"https:\/\/www.inverseteams.com\/fr\/produit\/combinaison-triathlon-manche-courte-metrik-nick\/#primaryimage"},"image":{"@id":"https:\/\/www.inverseteams.com\/fr\/produit\/combinaison-triathlon-manche-courte-metrik-nick\/#primaryimage"},"thumbnailUrl":"https:\/\/www.inverseteams.com\/wp-content\/uploads\/TRIMONO-MC-METRIK-1.jpg","datePublished":"2024-03-12T11:59:53+00:00","dateModified":"2024-09-12T10:39:53+00:00","description":"Combinaison triathlon manche courte personnalis\u00e9e. Repousse l'eau \u00e0 la baignade et s\u00e8che rapidement pendant la transition. Demandez un budget !","breadcrumb":{"@id":"https:\/\/www.inverseteams.com\/fr\/produit\/combinaison-triathlon-manche-courte-metrik-nick\/#breadcrumb"},"inLanguage":"fr-FR","potentialAction":[{"@type":"ReadAction","target":["https:\/\/www.inverseteams.com\/fr\/produit\/combinaison-triathlon-manche-courte-metrik-nick\/"]}]},{"@type":"ImageObject","inLanguage":"fr-FR","@id":"https:\/\/www.inverseteams.com\/fr\/produit\/combinaison-triathlon-manche-courte-metrik-nick\/#primaryimage","url":"https:\/\/www.inverseteams.com\/wp-content\/uploads\/TRIMONO-MC-METRIK-1.jpg","contentUrl":"https:\/\/www.inverseteams.com\/wp-content\/uploads\/TRIMONO-MC-METRIK-1.jpg","width":1500,"height":1612},{"@type":"BreadcrumbList","@id":"https:\/\/www.inverseteams.com\/fr\/produit\/combinaison-triathlon-manche-courte-metrik-nick\/#breadcrumb","itemListElement":[{"@type":"ListItem","position":1,"name":"Portada","item":"https:\/\/www.inverseteams.com\/fr\/pagina-principal\/"},{"@type":"ListItem","position":2,"name":"Panier","item":"https:\/\/www.inverseteams.com\/fr\/panier\/"},{"@type":"ListItem","position":3,"name":"Combinaison triathlon manche courte METRIK + NICK (HOMME)"}]},{"@type":"WebSite","@id":"https:\/\/www.inverseteams.com\/fr\/#website","url":"https:\/\/www.inverseteams.com\/fr\/","name":"Inverseteams","description":"Tu marca de ropa deportiva personalizada","publisher":{"@id":"https:\/\/www.inverseteams.com\/fr\/#organization"},"potentialAction":[{"@type":"SearchAction","target":{"@type":"EntryPoint","urlTemplate":"https:\/\/www.inverseteams.com\/fr\/?s={search_term_string}"},"query-input":{"@type":"PropertyValueSpecification","valueRequired":true,"valueName":"search_term_string"}}],"inLanguage":"fr-FR"},{"@type":"Organization","@id":"https:\/\/www.inverseteams.com\/fr\/#organization","name":"Inverse Teams","url":"https:\/\/www.inverseteams.com\/fr\/","logo":{"@type":"ImageObject","inLanguage":"fr-FR","@id":"https:\/\/www.inverseteams.com\/fr\/#\/schema\/logo\/image\/","url":"https:\/\/www.inverseteams.com\/wp-content\/uploads\/2021\/03\/logo-inverse-teams.png","contentUrl":"https:\/\/www.inverseteams.com\/wp-content\/uploads\/2021\/03\/logo-inverse-teams.png","width":294,"height":99,"caption":"Inverse Teams"},"image":{"@id":"https:\/\/www.inverseteams.com\/fr\/#\/schema\/logo\/image\/"},"sameAs":["https:\/\/www.facebook.com\/inverseteams","http:\/\/instagram.com\/inverseteams","https:\/\/www.linkedin.com\/company\/inverse-cirosport-s-l-?trk=job_view_topcard_company_name","http:\/\/www.pinterest.com\/inverseteams\/","http:\/\/www.youtube.com\/user\/inverseteams?feature=watch"]}]}},"_links":{"self":[{"href":"https:\/\/www.inverseteams.com\/fr\/wp-json\/wp\/v2\/product\/191053","targetHints":{"allow":["GET"]}}],"collection":[{"href":"https:\/\/www.inverseteams.com\/fr\/wp-json\/wp\/v2\/product"}],"about":[{"href":"https:\/\/www.inverseteams.com\/fr\/wp-json\/wp\/v2\/types\/product"}],"replies":[{"embeddable":true,"href":"https:\/\/www.inverseteams.com\/fr\/wp-json\/wp\/v2\/comments?post=191053"}],"wp:featuredmedia":[{"embeddable":true,"href":"https:\/\/www.inverseteams.com\/fr\/wp-json\/wp\/v2\/media\/193887"}],"wp:attachment":[{"href":"https:\/\/www.inverseteams.com\/fr\/wp-json\/wp\/v2\/media?parent=191053"}],"wp:term":[{"taxonomy":"product_brand","embeddable":true,"href":"https:\/\/www.inverseteams.com\/fr\/wp-json\/wp\/v2\/product_brand?post=191053"},{"taxonomy":"product_cat","embeddable":true,"href":"https:\/\/www.inverseteams.com\/fr\/wp-json\/wp\/v2\/product_cat?post=191053"},{"taxonomy":"product_tag","embeddable":true,"href":"https:\/\/www.inverseteams.com\/fr\/wp-json\/wp\/v2\/product_tag?post=191053"},{"taxonomy":"custom_category","embeddable":true,"href":"https:\/\/www.inverseteams.com\/fr\/wp-json\/wp\/v2\/custom_category?post=191053"},{"taxonomy":"range","embeddable":true,"href":"https:\/\/www.inverseteams.com\/fr\/wp-json\/wp\/v2\/range?post=191053"}],"curies":[{"name":"wp","href":"https:\/\/api.w.org\/{rel}","templated":true}]}}