{"id":189360,"date":"2024-02-29T19:25:35","date_gmt":"2024-02-29T19:25:35","guid":{"rendered":"https:\/\/www.inverseteams.com\/?post_type=product&#038;p=189360"},"modified":"2024-06-04T00:01:37","modified_gmt":"2024-06-04T00:01:37","slug":"maillot-symbiosis-gea-clay-unisex","status":"publish","type":"product","link":"https:\/\/www.inverseteams.com\/fr\/produit\/maillot-symbiosis-gea-clay-unisex\/","title":{"rendered":"Maillot SYMBIOSIS GEA CLAY (UNISEX)"},"content":{"rendered":"<p>Teint avec le proc\u00e9d\u00e9 Naturdyes\u00ae Technology. Tous les produits entrant dans la teinture sont 100% naturels, d&rsquo;origine v\u00e9g\u00e9tale et min\u00e9rale. Ils ne g\u00e9n\u00e8rent aucun d\u00e9chet toxique. Cette technique consomme 70 % d&rsquo;eau en moins qu&rsquo;un proc\u00e9d\u00e9 conventionnel. De plus, en teintant \u00e0 basse temp\u00e9rature, nous obtenons une plus grande efficacit\u00e9 \u00e9nerg\u00e9tique et r\u00e9duisons notre empreinte carbone.<br \/>\nMaillot de cyclisme ultral\u00e9ger fabriqu\u00e9 avec le tissu AIRFLOW qui se caract\u00e9rise par sa structure ouverte et pour \u00eatre extr\u00eamement respirant. Vous expulserez rapidement la transpiration et votre peau sera fra\u00eeche et s\u00e8che pour que vous puissiez donner le meilleur de vous-m\u00eame.<br \/>\nLe col rond et \u00e9lastique s&rsquo;adapte \u00e0 toutes les positions et permet de s&rsquo;entra\u00eener pendant des heures sans aucune g\u00eane. Au niveau de la taille, pour que le maillot entoure bien le corps, il est dot\u00e9 d&rsquo;une bande de silicone \u00e0 l&rsquo;int\u00e9rieur.<br \/>\nDans la zone lombaire, il int\u00e8gre 3 poches arri\u00e8re avec le syst\u00e8me de s\u00e9curit\u00e9 ISP. De plus, il dispose \u00e9galement d&rsquo;une poche zipp\u00e9e pour ranger vos objets de valeur en toute s\u00e9curit\u00e9.<\/p>\n","protected":false},"excerpt":{"rendered":"<p>Teint avec le proc\u00e9d\u00e9 Naturdyes\u00ae Technology. Tous les produits entrant dans la teinture sont 100% naturels, d&rsquo;origine v\u00e9g\u00e9tale et min\u00e9rale. Ils ne g\u00e9n\u00e8rent aucun d\u00e9chet toxique. Cette technique consomme 70 % d&rsquo;eau en moins qu&rsquo;un proc\u00e9d\u00e9 conventionnel. De plus, en teintant \u00e0 basse temp\u00e9rature, nous obtenons une plus grande efficacit\u00e9 \u00e9nerg\u00e9tique et r\u00e9duisons notre empreinte carbone.<br \/>\nMaillot de cyclisme ultral\u00e9ger fabriqu\u00e9 avec le tissu AIRFLOW qui se caract\u00e9rise par sa structure ouverte et pour \u00eatre extr\u00eamement respirant. Vous expulserez rapidement la transpiration et votre peau sera fra\u00eeche et s\u00e8che pour que vous puissiez donner le meilleur de vous-m\u00eame.<br \/>\nLe col rond et \u00e9lastique s&rsquo;adapte \u00e0 toutes les positions et permet de s&rsquo;entra\u00eener pendant des heures sans aucune g\u00eane. Au niveau de la taille, pour que le maillot entoure bien le corps, il est dot\u00e9 d&rsquo;une bande de silicone \u00e0 l&rsquo;int\u00e9rieur.<br \/>\nDans la zone lombaire, il int\u00e8gre 3 poches arri\u00e8re avec le syst\u00e8me de s\u00e9curit\u00e9 ISP. De plus, il dispose \u00e9galement d&rsquo;une poche zipp\u00e9e pour ranger vos objets de valeur en toute s\u00e9curit\u00e9.<\/p>\n","protected":false},"featured_media":188660,"comment_status":"closed","ping_status":"closed","template":"","meta":{"_acf_changed":false},"product_brand":[],"product_cat":[3230,3240,9949,7177],"product_tag":[],"custom_category":[],"range":[],"class_list":{"0":"post-189360","1":"product","2":"type-product","3":"status-publish","4":"has-post-thumbnail","6":"product_cat-cyclisme-fr","7":"product_cat-maillot-cycliste","8":"product_cat-gravel-fr","9":"product_cat-b2b-fr","10":"pa_climatologia-chaud","11":"pa_deporte-cyclisme","12":"pa_deporte-gravel-fr","13":"pa_genero-homme","14":"pa_genero-femme","15":"pa_patronaje-regular-fr","16":"pa_talla-xxl-fr","17":"pa_talla-l-fr","18":"pa_talla-m-fr","19":"pa_talla-s-fr","20":"pa_talla-xl-fr","21":"pa_talla-xs-fr","22":"pa_tipo-de-prenda-maillot-manche-courte","24":"first","25":"instock","26":"taxable","27":"shipping-taxable","28":"purchasable","29":"product-type-variable","30":"has-default-attributes"},"acf":[],"yoast_head":"<!-- This site is optimized with the Yoast SEO plugin v27.3 - https:\/\/yoast.com\/product\/yoast-seo-wordpress\/ -->\n<title>Maillot SYMBIOSIS GEA CLAY (UNISEX)<\/title>\n<meta name=\"description\" content=\"Teint avec le proc\u00e9d\u00e9 Naturdyes\u00ae Technology. Tous les produits entrant dans la teinture sont 100% naturels, d&#039;origine v\u00e9g\u00e9tale et min\u00e9rale. Ils ne g\u00e9n\u00e8rent aucun d\u00e9chet toxique. Cette technique consomme 70 % d&#039;eau en moins qu&#039;un proc\u00e9d\u00e9 conventionnel. De plus, en teintant \u00e0 basse temp\u00e9rature, nous obtenons une plus grande efficacit\u00e9 \u00e9nerg\u00e9tique et r\u00e9duisons notre empreinte carbone. Maillot de cyclisme ultral\u00e9ger fabriqu\u00e9 avec le tissu AIRFLOW qui se caract\u00e9rise par sa structure ouverte et pour \u00eatre extr\u00eamement respirant. Vous expulserez rapidement la transpiration et votre peau sera fra\u00eeche et s\u00e8che pour que vous puissiez donner le meilleur de vous-m\u00eame. Le col rond et \u00e9lastique s&#039;adapte \u00e0 toutes les positions et permet de s&#039;entra\u00eener pendant des heures sans aucune g\u00eane. Au niveau de la taille, pour que le maillot entoure bien le corps, il est dot\u00e9 d&#039;une bande de silicone \u00e0 l&#039;int\u00e9rieur. Dans la zone lombaire, il int\u00e8gre 3 poches arri\u00e8re avec le syst\u00e8me de s\u00e9curit\u00e9 ISP. De plus, il dispose \u00e9galement d&#039;une poche zipp\u00e9e pour ranger vos objets de valeur en toute s\u00e9curit\u00e9.\" \/>\n<meta name=\"robots\" content=\"index, follow, max-snippet:-1, max-image-preview:large, max-video-preview:-1\" \/>\n<link rel=\"canonical\" href=\"https:\/\/www.inverseteams.com\/fr\/produit\/maillot-symbiosis-gea-clay-unisex\/\" \/>\n<meta property=\"og:locale\" content=\"fr_FR\" \/>\n<meta property=\"og:type\" content=\"article\" \/>\n<meta property=\"og:title\" content=\"Maillot SYMBIOSIS GEA CLAY (UNISEX)\" \/>\n<meta property=\"og:description\" content=\"Teint avec le proc\u00e9d\u00e9 Naturdyes\u00ae Technology. Tous les produits entrant dans la teinture sont 100% naturels, d&#039;origine v\u00e9g\u00e9tale et min\u00e9rale. Ils ne g\u00e9n\u00e8rent aucun d\u00e9chet toxique. Cette technique consomme 70 % d&#039;eau en moins qu&#039;un proc\u00e9d\u00e9 conventionnel. De plus, en teintant \u00e0 basse temp\u00e9rature, nous obtenons une plus grande efficacit\u00e9 \u00e9nerg\u00e9tique et r\u00e9duisons notre empreinte carbone. Maillot de cyclisme ultral\u00e9ger fabriqu\u00e9 avec le tissu AIRFLOW qui se caract\u00e9rise par sa structure ouverte et pour \u00eatre extr\u00eamement respirant. Vous expulserez rapidement la transpiration et votre peau sera fra\u00eeche et s\u00e8che pour que vous puissiez donner le meilleur de vous-m\u00eame. Le col rond et \u00e9lastique s&#039;adapte \u00e0 toutes les positions et permet de s&#039;entra\u00eener pendant des heures sans aucune g\u00eane. Au niveau de la taille, pour que le maillot entoure bien le corps, il est dot\u00e9 d&#039;une bande de silicone \u00e0 l&#039;int\u00e9rieur. Dans la zone lombaire, il int\u00e8gre 3 poches arri\u00e8re avec le syst\u00e8me de s\u00e9curit\u00e9 ISP. De plus, il dispose \u00e9galement d&#039;une poche zipp\u00e9e pour ranger vos objets de valeur en toute s\u00e9curit\u00e9.\" \/>\n<meta property=\"og:url\" content=\"https:\/\/www.inverseteams.com\/fr\/produit\/maillot-symbiosis-gea-clay-unisex\/\" \/>\n<meta property=\"og:site_name\" content=\"Inverseteams\" \/>\n<meta property=\"article:publisher\" content=\"https:\/\/www.facebook.com\/inverseteams\" \/>\n<meta property=\"article:modified_time\" content=\"2024-06-04T00:01:37+00:00\" \/>\n<meta property=\"og:image\" content=\"https:\/\/www.inverseteams.com\/wp-content\/uploads\/MAILLOT-ECOFRIENDLY-SYMBIOSIS-GEA-CLAY-1.jpg\" \/>\n\t<meta property=\"og:image:width\" content=\"1500\" \/>\n\t<meta property=\"og:image:height\" content=\"1612\" \/>\n\t<meta property=\"og:image:type\" content=\"image\/jpeg\" \/>\n<meta name=\"twitter:card\" content=\"summary_large_image\" \/>\n<meta name=\"twitter:label1\" content=\"Dur\u00e9e de lecture estim\u00e9e\" \/>\n\t<meta name=\"twitter:data1\" content=\"1 minute\" \/>\n<script type=\"application\/ld+json\" class=\"yoast-schema-graph\">{\"@context\":\"https:\\\/\\\/schema.org\",\"@graph\":[{\"@type\":\"WebPage\",\"@id\":\"https:\\\/\\\/www.inverseteams.com\\\/fr\\\/produit\\\/maillot-symbiosis-gea-clay-unisex\\\/\",\"url\":\"https:\\\/\\\/www.inverseteams.com\\\/fr\\\/produit\\\/maillot-symbiosis-gea-clay-unisex\\\/\",\"name\":\"Maillot SYMBIOSIS GEA CLAY (UNISEX)\",\"isPartOf\":{\"@id\":\"https:\\\/\\\/www.inverseteams.com\\\/fr\\\/#website\"},\"primaryImageOfPage\":{\"@id\":\"https:\\\/\\\/www.inverseteams.com\\\/fr\\\/produit\\\/maillot-symbiosis-gea-clay-unisex\\\/#primaryimage\"},\"image\":{\"@id\":\"https:\\\/\\\/www.inverseteams.com\\\/fr\\\/produit\\\/maillot-symbiosis-gea-clay-unisex\\\/#primaryimage\"},\"thumbnailUrl\":\"https:\\\/\\\/www.inverseteams.com\\\/wp-content\\\/uploads\\\/MAILLOT-ECOFRIENDLY-SYMBIOSIS-GEA-CLAY-1.jpg\",\"datePublished\":\"2024-02-29T19:25:35+00:00\",\"dateModified\":\"2024-06-04T00:01:37+00:00\",\"description\":\"Teint avec le proc\u00e9d\u00e9 Naturdyes\u00ae Technology. Tous les produits entrant dans la teinture sont 100% naturels, d'origine v\u00e9g\u00e9tale et min\u00e9rale. Ils ne g\u00e9n\u00e8rent aucun d\u00e9chet toxique. Cette technique consomme 70 % d'eau en moins qu'un proc\u00e9d\u00e9 conventionnel. De plus, en teintant \u00e0 basse temp\u00e9rature, nous obtenons une plus grande efficacit\u00e9 \u00e9nerg\u00e9tique et r\u00e9duisons notre empreinte carbone. Maillot de cyclisme ultral\u00e9ger fabriqu\u00e9 avec le tissu AIRFLOW qui se caract\u00e9rise par sa structure ouverte et pour \u00eatre extr\u00eamement respirant. Vous expulserez rapidement la transpiration et votre peau sera fra\u00eeche et s\u00e8che pour que vous puissiez donner le meilleur de vous-m\u00eame. Le col rond et \u00e9lastique s'adapte \u00e0 toutes les positions et permet de s'entra\u00eener pendant des heures sans aucune g\u00eane. Au niveau de la taille, pour que le maillot entoure bien le corps, il est dot\u00e9 d'une bande de silicone \u00e0 l'int\u00e9rieur. Dans la zone lombaire, il int\u00e8gre 3 poches arri\u00e8re avec le syst\u00e8me de s\u00e9curit\u00e9 ISP. De plus, il dispose \u00e9galement d'une poche zipp\u00e9e pour ranger vos objets de valeur en toute s\u00e9curit\u00e9.\",\"breadcrumb\":{\"@id\":\"https:\\\/\\\/www.inverseteams.com\\\/fr\\\/produit\\\/maillot-symbiosis-gea-clay-unisex\\\/#breadcrumb\"},\"inLanguage\":\"fr-FR\",\"potentialAction\":[{\"@type\":\"ReadAction\",\"target\":[\"https:\\\/\\\/www.inverseteams.com\\\/fr\\\/produit\\\/maillot-symbiosis-gea-clay-unisex\\\/\"]}]},{\"@type\":\"ImageObject\",\"inLanguage\":\"fr-FR\",\"@id\":\"https:\\\/\\\/www.inverseteams.com\\\/fr\\\/produit\\\/maillot-symbiosis-gea-clay-unisex\\\/#primaryimage\",\"url\":\"https:\\\/\\\/www.inverseteams.com\\\/wp-content\\\/uploads\\\/MAILLOT-ECOFRIENDLY-SYMBIOSIS-GEA-CLAY-1.jpg\",\"contentUrl\":\"https:\\\/\\\/www.inverseteams.com\\\/wp-content\\\/uploads\\\/MAILLOT-ECOFRIENDLY-SYMBIOSIS-GEA-CLAY-1.jpg\",\"width\":1500,\"height\":1612,\"caption\":\"Maillot SYMBIOSIS GEA CLAY\"},{\"@type\":\"BreadcrumbList\",\"@id\":\"https:\\\/\\\/www.inverseteams.com\\\/fr\\\/produit\\\/maillot-symbiosis-gea-clay-unisex\\\/#breadcrumb\",\"itemListElement\":[{\"@type\":\"ListItem\",\"position\":1,\"name\":\"Portada\",\"item\":\"https:\\\/\\\/www.inverseteams.com\\\/fr\\\/pagina-principal\\\/\"},{\"@type\":\"ListItem\",\"position\":2,\"name\":\"Panier\",\"item\":\"https:\\\/\\\/www.inverseteams.com\\\/fr\\\/panier\\\/\"},{\"@type\":\"ListItem\",\"position\":3,\"name\":\"Maillot SYMBIOSIS GEA CLAY (UNISEX)\"}]},{\"@type\":\"WebSite\",\"@id\":\"https:\\\/\\\/www.inverseteams.com\\\/fr\\\/#website\",\"url\":\"https:\\\/\\\/www.inverseteams.com\\\/fr\\\/\",\"name\":\"Inverseteams\",\"description\":\"Tu marca de ropa deportiva personalizada\",\"publisher\":{\"@id\":\"https:\\\/\\\/www.inverseteams.com\\\/fr\\\/#organization\"},\"potentialAction\":[{\"@type\":\"SearchAction\",\"target\":{\"@type\":\"EntryPoint\",\"urlTemplate\":\"https:\\\/\\\/www.inverseteams.com\\\/fr\\\/?s={search_term_string}\"},\"query-input\":{\"@type\":\"PropertyValueSpecification\",\"valueRequired\":true,\"valueName\":\"search_term_string\"}}],\"inLanguage\":\"fr-FR\"},{\"@type\":\"Organization\",\"@id\":\"https:\\\/\\\/www.inverseteams.com\\\/fr\\\/#organization\",\"name\":\"Inverse Teams\",\"url\":\"https:\\\/\\\/www.inverseteams.com\\\/fr\\\/\",\"logo\":{\"@type\":\"ImageObject\",\"inLanguage\":\"fr-FR\",\"@id\":\"https:\\\/\\\/www.inverseteams.com\\\/fr\\\/#\\\/schema\\\/logo\\\/image\\\/\",\"url\":\"https:\\\/\\\/www.inverseteams.com\\\/wp-content\\\/uploads\\\/2021\\\/03\\\/logo-inverse-teams.png\",\"contentUrl\":\"https:\\\/\\\/www.inverseteams.com\\\/wp-content\\\/uploads\\\/2021\\\/03\\\/logo-inverse-teams.png\",\"width\":294,\"height\":99,\"caption\":\"Inverse Teams\"},\"image\":{\"@id\":\"https:\\\/\\\/www.inverseteams.com\\\/fr\\\/#\\\/schema\\\/logo\\\/image\\\/\"},\"sameAs\":[\"https:\\\/\\\/www.facebook.com\\\/inverseteams\",\"http:\\\/\\\/instagram.com\\\/inverseteams\",\"https:\\\/\\\/www.linkedin.com\\\/company\\\/inverse-cirosport-s-l-?trk=job_view_topcard_company_name\",\"http:\\\/\\\/www.pinterest.com\\\/inverseteams\\\/\",\"http:\\\/\\\/www.youtube.com\\\/user\\\/inverseteams?feature=watch\"]}]}<\/script>\n<!-- \/ Yoast SEO plugin. -->","yoast_head_json":{"title":"Maillot SYMBIOSIS GEA CLAY (UNISEX)","description":"Teint avec le proc\u00e9d\u00e9 Naturdyes\u00ae Technology. Tous les produits entrant dans la teinture sont 100% naturels, d'origine v\u00e9g\u00e9tale et min\u00e9rale. Ils ne g\u00e9n\u00e8rent aucun d\u00e9chet toxique. Cette technique consomme 70 % d'eau en moins qu'un proc\u00e9d\u00e9 conventionnel. De plus, en teintant \u00e0 basse temp\u00e9rature, nous obtenons une plus grande efficacit\u00e9 \u00e9nerg\u00e9tique et r\u00e9duisons notre empreinte carbone. Maillot de cyclisme ultral\u00e9ger fabriqu\u00e9 avec le tissu AIRFLOW qui se caract\u00e9rise par sa structure ouverte et pour \u00eatre extr\u00eamement respirant. Vous expulserez rapidement la transpiration et votre peau sera fra\u00eeche et s\u00e8che pour que vous puissiez donner le meilleur de vous-m\u00eame. Le col rond et \u00e9lastique s'adapte \u00e0 toutes les positions et permet de s'entra\u00eener pendant des heures sans aucune g\u00eane. Au niveau de la taille, pour que le maillot entoure bien le corps, il est dot\u00e9 d'une bande de silicone \u00e0 l'int\u00e9rieur. Dans la zone lombaire, il int\u00e8gre 3 poches arri\u00e8re avec le syst\u00e8me de s\u00e9curit\u00e9 ISP. De plus, il dispose \u00e9galement d'une poche zipp\u00e9e pour ranger vos objets de valeur en toute s\u00e9curit\u00e9.","robots":{"index":"index","follow":"follow","max-snippet":"max-snippet:-1","max-image-preview":"max-image-preview:large","max-video-preview":"max-video-preview:-1"},"canonical":"https:\/\/www.inverseteams.com\/fr\/produit\/maillot-symbiosis-gea-clay-unisex\/","og_locale":"fr_FR","og_type":"article","og_title":"Maillot SYMBIOSIS GEA CLAY (UNISEX)","og_description":"Teint avec le proc\u00e9d\u00e9 Naturdyes\u00ae Technology. Tous les produits entrant dans la teinture sont 100% naturels, d'origine v\u00e9g\u00e9tale et min\u00e9rale. Ils ne g\u00e9n\u00e8rent aucun d\u00e9chet toxique. Cette technique consomme 70 % d'eau en moins qu'un proc\u00e9d\u00e9 conventionnel. De plus, en teintant \u00e0 basse temp\u00e9rature, nous obtenons une plus grande efficacit\u00e9 \u00e9nerg\u00e9tique et r\u00e9duisons notre empreinte carbone. Maillot de cyclisme ultral\u00e9ger fabriqu\u00e9 avec le tissu AIRFLOW qui se caract\u00e9rise par sa structure ouverte et pour \u00eatre extr\u00eamement respirant. Vous expulserez rapidement la transpiration et votre peau sera fra\u00eeche et s\u00e8che pour que vous puissiez donner le meilleur de vous-m\u00eame. Le col rond et \u00e9lastique s'adapte \u00e0 toutes les positions et permet de s'entra\u00eener pendant des heures sans aucune g\u00eane. Au niveau de la taille, pour que le maillot entoure bien le corps, il est dot\u00e9 d'une bande de silicone \u00e0 l'int\u00e9rieur. Dans la zone lombaire, il int\u00e8gre 3 poches arri\u00e8re avec le syst\u00e8me de s\u00e9curit\u00e9 ISP. De plus, il dispose \u00e9galement d'une poche zipp\u00e9e pour ranger vos objets de valeur en toute s\u00e9curit\u00e9.","og_url":"https:\/\/www.inverseteams.com\/fr\/produit\/maillot-symbiosis-gea-clay-unisex\/","og_site_name":"Inverseteams","article_publisher":"https:\/\/www.facebook.com\/inverseteams","article_modified_time":"2024-06-04T00:01:37+00:00","og_image":[{"width":1500,"height":1612,"url":"https:\/\/www.inverseteams.com\/wp-content\/uploads\/MAILLOT-ECOFRIENDLY-SYMBIOSIS-GEA-CLAY-1.jpg","type":"image\/jpeg"}],"twitter_card":"summary_large_image","twitter_misc":{"Dur\u00e9e de lecture estim\u00e9e":"1 minute"},"schema":{"@context":"https:\/\/schema.org","@graph":[{"@type":"WebPage","@id":"https:\/\/www.inverseteams.com\/fr\/produit\/maillot-symbiosis-gea-clay-unisex\/","url":"https:\/\/www.inverseteams.com\/fr\/produit\/maillot-symbiosis-gea-clay-unisex\/","name":"Maillot SYMBIOSIS GEA CLAY (UNISEX)","isPartOf":{"@id":"https:\/\/www.inverseteams.com\/fr\/#website"},"primaryImageOfPage":{"@id":"https:\/\/www.inverseteams.com\/fr\/produit\/maillot-symbiosis-gea-clay-unisex\/#primaryimage"},"image":{"@id":"https:\/\/www.inverseteams.com\/fr\/produit\/maillot-symbiosis-gea-clay-unisex\/#primaryimage"},"thumbnailUrl":"https:\/\/www.inverseteams.com\/wp-content\/uploads\/MAILLOT-ECOFRIENDLY-SYMBIOSIS-GEA-CLAY-1.jpg","datePublished":"2024-02-29T19:25:35+00:00","dateModified":"2024-06-04T00:01:37+00:00","description":"Teint avec le proc\u00e9d\u00e9 Naturdyes\u00ae Technology. Tous les produits entrant dans la teinture sont 100% naturels, d'origine v\u00e9g\u00e9tale et min\u00e9rale. Ils ne g\u00e9n\u00e8rent aucun d\u00e9chet toxique. Cette technique consomme 70 % d'eau en moins qu'un proc\u00e9d\u00e9 conventionnel. De plus, en teintant \u00e0 basse temp\u00e9rature, nous obtenons une plus grande efficacit\u00e9 \u00e9nerg\u00e9tique et r\u00e9duisons notre empreinte carbone. Maillot de cyclisme ultral\u00e9ger fabriqu\u00e9 avec le tissu AIRFLOW qui se caract\u00e9rise par sa structure ouverte et pour \u00eatre extr\u00eamement respirant. Vous expulserez rapidement la transpiration et votre peau sera fra\u00eeche et s\u00e8che pour que vous puissiez donner le meilleur de vous-m\u00eame. Le col rond et \u00e9lastique s'adapte \u00e0 toutes les positions et permet de s'entra\u00eener pendant des heures sans aucune g\u00eane. Au niveau de la taille, pour que le maillot entoure bien le corps, il est dot\u00e9 d'une bande de silicone \u00e0 l'int\u00e9rieur. Dans la zone lombaire, il int\u00e8gre 3 poches arri\u00e8re avec le syst\u00e8me de s\u00e9curit\u00e9 ISP. De plus, il dispose \u00e9galement d'une poche zipp\u00e9e pour ranger vos objets de valeur en toute s\u00e9curit\u00e9.","breadcrumb":{"@id":"https:\/\/www.inverseteams.com\/fr\/produit\/maillot-symbiosis-gea-clay-unisex\/#breadcrumb"},"inLanguage":"fr-FR","potentialAction":[{"@type":"ReadAction","target":["https:\/\/www.inverseteams.com\/fr\/produit\/maillot-symbiosis-gea-clay-unisex\/"]}]},{"@type":"ImageObject","inLanguage":"fr-FR","@id":"https:\/\/www.inverseteams.com\/fr\/produit\/maillot-symbiosis-gea-clay-unisex\/#primaryimage","url":"https:\/\/www.inverseteams.com\/wp-content\/uploads\/MAILLOT-ECOFRIENDLY-SYMBIOSIS-GEA-CLAY-1.jpg","contentUrl":"https:\/\/www.inverseteams.com\/wp-content\/uploads\/MAILLOT-ECOFRIENDLY-SYMBIOSIS-GEA-CLAY-1.jpg","width":1500,"height":1612,"caption":"Maillot SYMBIOSIS GEA CLAY"},{"@type":"BreadcrumbList","@id":"https:\/\/www.inverseteams.com\/fr\/produit\/maillot-symbiosis-gea-clay-unisex\/#breadcrumb","itemListElement":[{"@type":"ListItem","position":1,"name":"Portada","item":"https:\/\/www.inverseteams.com\/fr\/pagina-principal\/"},{"@type":"ListItem","position":2,"name":"Panier","item":"https:\/\/www.inverseteams.com\/fr\/panier\/"},{"@type":"ListItem","position":3,"name":"Maillot SYMBIOSIS GEA CLAY (UNISEX)"}]},{"@type":"WebSite","@id":"https:\/\/www.inverseteams.com\/fr\/#website","url":"https:\/\/www.inverseteams.com\/fr\/","name":"Inverseteams","description":"Tu marca de ropa deportiva personalizada","publisher":{"@id":"https:\/\/www.inverseteams.com\/fr\/#organization"},"potentialAction":[{"@type":"SearchAction","target":{"@type":"EntryPoint","urlTemplate":"https:\/\/www.inverseteams.com\/fr\/?s={search_term_string}"},"query-input":{"@type":"PropertyValueSpecification","valueRequired":true,"valueName":"search_term_string"}}],"inLanguage":"fr-FR"},{"@type":"Organization","@id":"https:\/\/www.inverseteams.com\/fr\/#organization","name":"Inverse Teams","url":"https:\/\/www.inverseteams.com\/fr\/","logo":{"@type":"ImageObject","inLanguage":"fr-FR","@id":"https:\/\/www.inverseteams.com\/fr\/#\/schema\/logo\/image\/","url":"https:\/\/www.inverseteams.com\/wp-content\/uploads\/2021\/03\/logo-inverse-teams.png","contentUrl":"https:\/\/www.inverseteams.com\/wp-content\/uploads\/2021\/03\/logo-inverse-teams.png","width":294,"height":99,"caption":"Inverse Teams"},"image":{"@id":"https:\/\/www.inverseteams.com\/fr\/#\/schema\/logo\/image\/"},"sameAs":["https:\/\/www.facebook.com\/inverseteams","http:\/\/instagram.com\/inverseteams","https:\/\/www.linkedin.com\/company\/inverse-cirosport-s-l-?trk=job_view_topcard_company_name","http:\/\/www.pinterest.com\/inverseteams\/","http:\/\/www.youtube.com\/user\/inverseteams?feature=watch"]}]}},"_links":{"self":[{"href":"https:\/\/www.inverseteams.com\/fr\/wp-json\/wp\/v2\/product\/189360","targetHints":{"allow":["GET"]}}],"collection":[{"href":"https:\/\/www.inverseteams.com\/fr\/wp-json\/wp\/v2\/product"}],"about":[{"href":"https:\/\/www.inverseteams.com\/fr\/wp-json\/wp\/v2\/types\/product"}],"replies":[{"embeddable":true,"href":"https:\/\/www.inverseteams.com\/fr\/wp-json\/wp\/v2\/comments?post=189360"}],"wp:featuredmedia":[{"embeddable":true,"href":"https:\/\/www.inverseteams.com\/fr\/wp-json\/wp\/v2\/media\/188660"}],"wp:attachment":[{"href":"https:\/\/www.inverseteams.com\/fr\/wp-json\/wp\/v2\/media?parent=189360"}],"wp:term":[{"taxonomy":"product_brand","embeddable":true,"href":"https:\/\/www.inverseteams.com\/fr\/wp-json\/wp\/v2\/product_brand?post=189360"},{"taxonomy":"product_cat","embeddable":true,"href":"https:\/\/www.inverseteams.com\/fr\/wp-json\/wp\/v2\/product_cat?post=189360"},{"taxonomy":"product_tag","embeddable":true,"href":"https:\/\/www.inverseteams.com\/fr\/wp-json\/wp\/v2\/product_tag?post=189360"},{"taxonomy":"custom_category","embeddable":true,"href":"https:\/\/www.inverseteams.com\/fr\/wp-json\/wp\/v2\/custom_category?post=189360"},{"taxonomy":"range","embeddable":true,"href":"https:\/\/www.inverseteams.com\/fr\/wp-json\/wp\/v2\/range?post=189360"}],"curies":[{"name":"wp","href":"https:\/\/api.w.org\/{rel}","templated":true}]}}