{"id":188272,"date":"2024-02-27T10:05:17","date_gmt":"2024-02-27T10:05:17","guid":{"rendered":"https:\/\/www.inverseteams.com\/?post_type=product&#038;p=188272"},"modified":"2026-03-15T09:55:45","modified_gmt":"2026-03-15T08:55:45","slug":"cuissard-velo-pure-homme","status":"publish","type":"product","link":"https:\/\/www.inverseteams.com\/fr\/produit\/cuissard-velo-pure-homme\/","title":{"rendered":"Cuissard v\u00e9lo PURE (HOMME)"},"content":{"rendered":"<p data-start=\"3963\" data-end=\"4295\">Ce cuissard v\u00e9lo homme haut de gamme associe des mat\u00e9riaux de qualit\u00e9 sup\u00e9rieure, une coupe ergonomique et une technologie avanc\u00e9e afin d\u2019offrir confort, stabilit\u00e9 et performance m\u00eame lors des sorties les plus exigeantes.<br \/>\nLes panneaux lat\u00e9raux et la partie lombaire sont fabriqu\u00e9s avec un <strong data-start=\"4368\" data-end=\"4405\">tissu compressif l\u00e9ger et compact, qui soutient les muscles pendant le p\u00e9dalage et favorise le retour veineux<\/strong>. Cet effet de compression aide \u00e0 r\u00e9duire la fatigue musculaire lors des longues sorties.<br \/>\nPens\u00e9 pour les <strong data-start=\"4587\" data-end=\"4644\">entra\u00eenements intensifs et le cyclisme de performance<\/strong>, le cuissard est \u00e9quip\u00e9 d\u2019une <strong data-start=\"4675\" data-end=\"4710\">peau de chamois longue distance<\/strong>, con\u00e7ue pour offrir un confort optimal pendant <strong data-start=\"4758\" data-end=\"4793\">des sorties de plus de 7 heures<\/strong>.<br \/>\nLes <strong data-start=\"4800\" data-end=\"4830\">bretelles en polypropyl\u00e8ne<\/strong> sont con\u00e7ues en deux zones pour am\u00e9liorer la stabilit\u00e9 et le confort. La partie lombaire, plus renforc\u00e9e, assure un meilleur maintien du cuissard, tandis que la partie avant, plus l\u00e9g\u00e8re et respirante, \u00e9vite les frottements.<br \/>\nLes bas de jambes disposent d\u2019un <strong data-start=\"5098\" data-end=\"5151\">ourlet \u00e0 coupe laser avec grip silicone int\u00e9rieur<\/strong>, garantissant un maintien parfait et \u00e9vitant les d\u00e9placements pendant le p\u00e9dalage.<br \/>\nPour am\u00e9liorer la s\u00e9curit\u00e9 sur la route, le cuissard int\u00e8gre <strong data-start=\"5297\" data-end=\"5327\">des d\u00e9tails r\u00e9fl\u00e9chissants<\/strong>, qui augmentent la visibilit\u00e9 lorsque la luminosit\u00e9 est faible.<br \/>\n<strong>Ce cuissard cyclisme homme premium est con\u00e7u pour offrir confort, compression musculaire et performance sur les longues distances, id\u00e9al pour le cyclisme sur route, l\u2019entra\u00eenement intensif et la comp\u00e9tition.<\/strong><\/p>\n","protected":false},"excerpt":{"rendered":"<p>Ce cuissard v\u00e9lo homme haut de gamme associe des mat\u00e9riaux de qualit\u00e9 sup\u00e9rieure, une coupe ergonomique et une technologie avanc\u00e9e afin d\u2019offrir confort, stabilit\u00e9 et performance m\u00eame lors des sorties les plus exigeantes.<br \/>\nLes panneaux lat\u00e9raux et la partie lombaire sont fabriqu\u00e9s avec un <strong data-start=\"4368\" data-end=\"4405\">tissu compressif l\u00e9ger et compact, qui soutient les muscles pendant le p\u00e9dalage et favorise le retour veineux<\/strong>. Cet effet de compression aide \u00e0 r\u00e9duire la fatigue musculaire lors des longues sorties.<br \/>\nPens\u00e9 pour les <strong data-start=\"4587\" data-end=\"4644\">entra\u00eenements intensifs et le cyclisme de performance<\/strong>, le cuissard est \u00e9quip\u00e9 d\u2019une <strong data-start=\"4675\" data-end=\"4710\">peau de chamois longue distance<\/strong>, con\u00e7ue pour offrir un confort optimal pendant <strong data-start=\"4758\" data-end=\"4793\">des sorties de plus de 7 heures<\/strong>.<br \/>\nLes <strong data-start=\"4800\" data-end=\"4830\">bretelles en polypropyl\u00e8ne<\/strong> sont con\u00e7ues en deux zones pour am\u00e9liorer la stabilit\u00e9 et le confort. La partie lombaire, plus renforc\u00e9e, assure un meilleur maintien du cuissard, tandis que la partie avant, plus l\u00e9g\u00e8re et respirante, \u00e9vite les frottements.<br \/>\nLes bas de jambes disposent d\u2019un <strong data-start=\"5098\" data-end=\"5151\">ourlet \u00e0 coupe laser avec grip silicone int\u00e9rieur<\/strong>, garantissant un maintien parfait et \u00e9vitant les d\u00e9placements pendant le p\u00e9dalage.<br \/>\nPour am\u00e9liorer la s\u00e9curit\u00e9 sur la route, le cuissard int\u00e8gre <strong data-start=\"5297\" data-end=\"5327\">des d\u00e9tails r\u00e9fl\u00e9chissants<\/strong>, qui augmentent la visibilit\u00e9 lorsque la luminosit\u00e9 est faible.<br \/>\n<strong>Ce cuissard cyclisme homme premium est con\u00e7u pour offrir confort, compression musculaire et performance sur les longues distances, id\u00e9al pour le cyclisme sur route, l\u2019entra\u00eenement intensif et la comp\u00e9tition.<\/strong><\/p>\n","protected":false},"featured_media":280156,"comment_status":"closed","ping_status":"closed","template":"","meta":{"_acf_changed":false},"product_brand":[],"product_cat":[3230,9949,3248,7177],"product_tag":[],"custom_category":[],"range":[],"class_list":{"0":"post-188272","1":"product","2":"type-product","3":"status-publish","4":"has-post-thumbnail","6":"product_cat-cyclisme-fr","7":"product_cat-gravel-fr","8":"product_cat-cuissard-cyclisme-fr","9":"product_cat-b2b-fr","10":"pa_climatologia-temperature-chaude","11":"pa_climatologia-chaud","12":"pa_deporte-cyclisme","13":"pa_deporte-gravel-fr","14":"pa_genero-homme","15":"pa_patronaje-fit-fr","16":"pa_talla-l-fr","17":"pa_talla-m-fr","18":"pa_talla-s-fr","19":"pa_talla-xl-fr","20":"pa_talla-xxl-fr","21":"pa_tipo-de-prenda-cuissard-velo-fr","23":"first","24":"instock","25":"featured","26":"taxable","27":"shipping-taxable","28":"purchasable","29":"product-type-variable","30":"has-default-attributes"},"acf":[],"yoast_head":"<!-- This site is optimized with the Yoast SEO plugin v27.3 - https:\/\/yoast.com\/product\/yoast-seo-wordpress\/ -->\n<title>Cuissard v\u00e9lo PURE (UNISEX)<\/title>\n<meta name=\"description\" content=\"Ce cuissard v\u00e9lo homme haut de gamme associe des mat\u00e9riaux de qualit\u00e9 sup\u00e9rieure, une coupe ergonomique et une technologie avanc\u00e9e afin d\u2019offrir confort, stabilit\u00e9 et performance m\u00eame lors des sorties les plus exigeantes. Les panneaux lat\u00e9raux et la partie lombaire sont fabriqu\u00e9s avec un tissu compressif l\u00e9ger et compact, qui soutient les muscles pendant le p\u00e9dalage et favorise le retour veineux. Cet effet de compression aide \u00e0 r\u00e9duire la fatigue musculaire lors des longues sorties. Pens\u00e9 pour les entra\u00eenements intensifs et le cyclisme de performance, le cuissard est \u00e9quip\u00e9 d\u2019une peau de chamois longue distance, con\u00e7ue pour offrir un confort optimal pendant des sorties de plus de 7 heures. Les bretelles en polypropyl\u00e8ne sont con\u00e7ues en deux zones pour am\u00e9liorer la stabilit\u00e9 et le confort. La partie lombaire, plus renforc\u00e9e, assure un meilleur maintien du cuissard, tandis que la partie avant, plus l\u00e9g\u00e8re et respirante, \u00e9vite les frottements. Les bas de jambes disposent d\u2019un ourlet \u00e0 coupe laser avec grip silicone int\u00e9rieur, garantissant un maintien parfait et \u00e9vitant les d\u00e9placements pendant le p\u00e9dalage. Pour am\u00e9liorer la s\u00e9curit\u00e9 sur la route, le cuissard int\u00e8gre des d\u00e9tails r\u00e9fl\u00e9chissants, qui augmentent la visibilit\u00e9 lorsque la luminosit\u00e9 est faible. Ce cuissard cyclisme homme premium est con\u00e7u pour offrir confort, compression musculaire et performance sur les longues distances, id\u00e9al pour le cyclisme sur route, l\u2019entra\u00eenement intensif et la comp\u00e9tition.\" \/>\n<meta name=\"robots\" content=\"index, follow, max-snippet:-1, max-image-preview:large, max-video-preview:-1\" \/>\n<link rel=\"canonical\" href=\"https:\/\/www.inverseteams.com\/fr\/produit\/cuissard-velo-pure-homme\/\" \/>\n<meta property=\"og:locale\" content=\"fr_FR\" \/>\n<meta property=\"og:type\" content=\"article\" \/>\n<meta property=\"og:title\" content=\"Cuissard v\u00e9lo PURE (UNISEX)\" \/>\n<meta property=\"og:description\" content=\"Ce cuissard v\u00e9lo homme haut de gamme associe des mat\u00e9riaux de qualit\u00e9 sup\u00e9rieure, une coupe ergonomique et une technologie avanc\u00e9e afin d\u2019offrir confort, stabilit\u00e9 et performance m\u00eame lors des sorties les plus exigeantes. Les panneaux lat\u00e9raux et la partie lombaire sont fabriqu\u00e9s avec un tissu compressif l\u00e9ger et compact, qui soutient les muscles pendant le p\u00e9dalage et favorise le retour veineux. Cet effet de compression aide \u00e0 r\u00e9duire la fatigue musculaire lors des longues sorties. Pens\u00e9 pour les entra\u00eenements intensifs et le cyclisme de performance, le cuissard est \u00e9quip\u00e9 d\u2019une peau de chamois longue distance, con\u00e7ue pour offrir un confort optimal pendant des sorties de plus de 7 heures. Les bretelles en polypropyl\u00e8ne sont con\u00e7ues en deux zones pour am\u00e9liorer la stabilit\u00e9 et le confort. La partie lombaire, plus renforc\u00e9e, assure un meilleur maintien du cuissard, tandis que la partie avant, plus l\u00e9g\u00e8re et respirante, \u00e9vite les frottements. Les bas de jambes disposent d\u2019un ourlet \u00e0 coupe laser avec grip silicone int\u00e9rieur, garantissant un maintien parfait et \u00e9vitant les d\u00e9placements pendant le p\u00e9dalage. Pour am\u00e9liorer la s\u00e9curit\u00e9 sur la route, le cuissard int\u00e8gre des d\u00e9tails r\u00e9fl\u00e9chissants, qui augmentent la visibilit\u00e9 lorsque la luminosit\u00e9 est faible. Ce cuissard cyclisme homme premium est con\u00e7u pour offrir confort, compression musculaire et performance sur les longues distances, id\u00e9al pour le cyclisme sur route, l\u2019entra\u00eenement intensif et la comp\u00e9tition.\" \/>\n<meta property=\"og:url\" content=\"https:\/\/www.inverseteams.com\/fr\/produit\/cuissard-velo-pure-homme\/\" \/>\n<meta property=\"og:site_name\" content=\"Inverseteams\" \/>\n<meta property=\"article:publisher\" content=\"https:\/\/www.facebook.com\/inverseteams\" \/>\n<meta property=\"article:modified_time\" content=\"2026-03-15T08:55:45+00:00\" \/>\n<meta property=\"og:image\" content=\"https:\/\/www.inverseteams.com\/wp-content\/uploads\/INVERSE-CICLISMO-HOMBRE-CULOTTE-PURE-BLACK-001.jpg\" \/>\n\t<meta property=\"og:image:width\" content=\"1500\" \/>\n\t<meta property=\"og:image:height\" content=\"1612\" \/>\n\t<meta property=\"og:image:type\" content=\"image\/jpeg\" \/>\n<meta name=\"twitter:card\" content=\"summary_large_image\" \/>\n<meta name=\"twitter:label1\" content=\"Dur\u00e9e de lecture estim\u00e9e\" \/>\n\t<meta name=\"twitter:data1\" content=\"2 minutes\" \/>\n<script type=\"application\/ld+json\" class=\"yoast-schema-graph\">{\"@context\":\"https:\\\/\\\/schema.org\",\"@graph\":[{\"@type\":\"WebPage\",\"@id\":\"https:\\\/\\\/www.inverseteams.com\\\/fr\\\/produit\\\/cuissard-velo-pure-homme\\\/\",\"url\":\"https:\\\/\\\/www.inverseteams.com\\\/fr\\\/produit\\\/cuissard-velo-pure-homme\\\/\",\"name\":\"Cuissard v\u00e9lo PURE (UNISEX)\",\"isPartOf\":{\"@id\":\"https:\\\/\\\/www.inverseteams.com\\\/fr\\\/#website\"},\"primaryImageOfPage\":{\"@id\":\"https:\\\/\\\/www.inverseteams.com\\\/fr\\\/produit\\\/cuissard-velo-pure-homme\\\/#primaryimage\"},\"image\":{\"@id\":\"https:\\\/\\\/www.inverseteams.com\\\/fr\\\/produit\\\/cuissard-velo-pure-homme\\\/#primaryimage\"},\"thumbnailUrl\":\"https:\\\/\\\/www.inverseteams.com\\\/wp-content\\\/uploads\\\/INVERSE-CICLISMO-HOMBRE-CULOTTE-PURE-BLACK-001.jpg\",\"datePublished\":\"2024-02-27T10:05:17+00:00\",\"dateModified\":\"2026-03-15T08:55:45+00:00\",\"description\":\"Ce cuissard v\u00e9lo homme haut de gamme associe des mat\u00e9riaux de qualit\u00e9 sup\u00e9rieure, une coupe ergonomique et une technologie avanc\u00e9e afin d\u2019offrir confort, stabilit\u00e9 et performance m\u00eame lors des sorties les plus exigeantes. Les panneaux lat\u00e9raux et la partie lombaire sont fabriqu\u00e9s avec un tissu compressif l\u00e9ger et compact, qui soutient les muscles pendant le p\u00e9dalage et favorise le retour veineux. Cet effet de compression aide \u00e0 r\u00e9duire la fatigue musculaire lors des longues sorties. Pens\u00e9 pour les entra\u00eenements intensifs et le cyclisme de performance, le cuissard est \u00e9quip\u00e9 d\u2019une peau de chamois longue distance, con\u00e7ue pour offrir un confort optimal pendant des sorties de plus de 7 heures. Les bretelles en polypropyl\u00e8ne sont con\u00e7ues en deux zones pour am\u00e9liorer la stabilit\u00e9 et le confort. La partie lombaire, plus renforc\u00e9e, assure un meilleur maintien du cuissard, tandis que la partie avant, plus l\u00e9g\u00e8re et respirante, \u00e9vite les frottements. Les bas de jambes disposent d\u2019un ourlet \u00e0 coupe laser avec grip silicone int\u00e9rieur, garantissant un maintien parfait et \u00e9vitant les d\u00e9placements pendant le p\u00e9dalage. Pour am\u00e9liorer la s\u00e9curit\u00e9 sur la route, le cuissard int\u00e8gre des d\u00e9tails r\u00e9fl\u00e9chissants, qui augmentent la visibilit\u00e9 lorsque la luminosit\u00e9 est faible. Ce cuissard cyclisme homme premium est con\u00e7u pour offrir confort, compression musculaire et performance sur les longues distances, id\u00e9al pour le cyclisme sur route, l\u2019entra\u00eenement intensif et la comp\u00e9tition.\",\"breadcrumb\":{\"@id\":\"https:\\\/\\\/www.inverseteams.com\\\/fr\\\/produit\\\/cuissard-velo-pure-homme\\\/#breadcrumb\"},\"inLanguage\":\"fr-FR\",\"potentialAction\":[{\"@type\":\"ReadAction\",\"target\":[\"https:\\\/\\\/www.inverseteams.com\\\/fr\\\/produit\\\/cuissard-velo-pure-homme\\\/\"]}]},{\"@type\":\"ImageObject\",\"inLanguage\":\"fr-FR\",\"@id\":\"https:\\\/\\\/www.inverseteams.com\\\/fr\\\/produit\\\/cuissard-velo-pure-homme\\\/#primaryimage\",\"url\":\"https:\\\/\\\/www.inverseteams.com\\\/wp-content\\\/uploads\\\/INVERSE-CICLISMO-HOMBRE-CULOTTE-PURE-BLACK-001.jpg\",\"contentUrl\":\"https:\\\/\\\/www.inverseteams.com\\\/wp-content\\\/uploads\\\/INVERSE-CICLISMO-HOMBRE-CULOTTE-PURE-BLACK-001.jpg\",\"width\":1500,\"height\":1612},{\"@type\":\"BreadcrumbList\",\"@id\":\"https:\\\/\\\/www.inverseteams.com\\\/fr\\\/produit\\\/cuissard-velo-pure-homme\\\/#breadcrumb\",\"itemListElement\":[{\"@type\":\"ListItem\",\"position\":1,\"name\":\"Portada\",\"item\":\"https:\\\/\\\/www.inverseteams.com\\\/fr\\\/pagina-principal\\\/\"},{\"@type\":\"ListItem\",\"position\":2,\"name\":\"Panier\",\"item\":\"https:\\\/\\\/www.inverseteams.com\\\/fr\\\/panier\\\/\"},{\"@type\":\"ListItem\",\"position\":3,\"name\":\"Cuissard v\u00e9lo PURE (HOMME)\"}]},{\"@type\":\"WebSite\",\"@id\":\"https:\\\/\\\/www.inverseteams.com\\\/fr\\\/#website\",\"url\":\"https:\\\/\\\/www.inverseteams.com\\\/fr\\\/\",\"name\":\"Inverseteams\",\"description\":\"Tu marca de ropa deportiva personalizada\",\"publisher\":{\"@id\":\"https:\\\/\\\/www.inverseteams.com\\\/fr\\\/#organization\"},\"potentialAction\":[{\"@type\":\"SearchAction\",\"target\":{\"@type\":\"EntryPoint\",\"urlTemplate\":\"https:\\\/\\\/www.inverseteams.com\\\/fr\\\/?s={search_term_string}\"},\"query-input\":{\"@type\":\"PropertyValueSpecification\",\"valueRequired\":true,\"valueName\":\"search_term_string\"}}],\"inLanguage\":\"fr-FR\"},{\"@type\":\"Organization\",\"@id\":\"https:\\\/\\\/www.inverseteams.com\\\/fr\\\/#organization\",\"name\":\"Inverse Teams\",\"url\":\"https:\\\/\\\/www.inverseteams.com\\\/fr\\\/\",\"logo\":{\"@type\":\"ImageObject\",\"inLanguage\":\"fr-FR\",\"@id\":\"https:\\\/\\\/www.inverseteams.com\\\/fr\\\/#\\\/schema\\\/logo\\\/image\\\/\",\"url\":\"https:\\\/\\\/www.inverseteams.com\\\/wp-content\\\/uploads\\\/2021\\\/03\\\/logo-inverse-teams.png\",\"contentUrl\":\"https:\\\/\\\/www.inverseteams.com\\\/wp-content\\\/uploads\\\/2021\\\/03\\\/logo-inverse-teams.png\",\"width\":294,\"height\":99,\"caption\":\"Inverse Teams\"},\"image\":{\"@id\":\"https:\\\/\\\/www.inverseteams.com\\\/fr\\\/#\\\/schema\\\/logo\\\/image\\\/\"},\"sameAs\":[\"https:\\\/\\\/www.facebook.com\\\/inverseteams\",\"http:\\\/\\\/instagram.com\\\/inverseteams\",\"https:\\\/\\\/www.linkedin.com\\\/company\\\/inverse-cirosport-s-l-?trk=job_view_topcard_company_name\",\"http:\\\/\\\/www.pinterest.com\\\/inverseteams\\\/\",\"http:\\\/\\\/www.youtube.com\\\/user\\\/inverseteams?feature=watch\"]}]}<\/script>\n<!-- \/ Yoast SEO plugin. -->","yoast_head_json":{"title":"Cuissard v\u00e9lo PURE (UNISEX)","description":"Ce cuissard v\u00e9lo homme haut de gamme associe des mat\u00e9riaux de qualit\u00e9 sup\u00e9rieure, une coupe ergonomique et une technologie avanc\u00e9e afin d\u2019offrir confort, stabilit\u00e9 et performance m\u00eame lors des sorties les plus exigeantes. Les panneaux lat\u00e9raux et la partie lombaire sont fabriqu\u00e9s avec un tissu compressif l\u00e9ger et compact, qui soutient les muscles pendant le p\u00e9dalage et favorise le retour veineux. Cet effet de compression aide \u00e0 r\u00e9duire la fatigue musculaire lors des longues sorties. Pens\u00e9 pour les entra\u00eenements intensifs et le cyclisme de performance, le cuissard est \u00e9quip\u00e9 d\u2019une peau de chamois longue distance, con\u00e7ue pour offrir un confort optimal pendant des sorties de plus de 7 heures. Les bretelles en polypropyl\u00e8ne sont con\u00e7ues en deux zones pour am\u00e9liorer la stabilit\u00e9 et le confort. La partie lombaire, plus renforc\u00e9e, assure un meilleur maintien du cuissard, tandis que la partie avant, plus l\u00e9g\u00e8re et respirante, \u00e9vite les frottements. Les bas de jambes disposent d\u2019un ourlet \u00e0 coupe laser avec grip silicone int\u00e9rieur, garantissant un maintien parfait et \u00e9vitant les d\u00e9placements pendant le p\u00e9dalage. Pour am\u00e9liorer la s\u00e9curit\u00e9 sur la route, le cuissard int\u00e8gre des d\u00e9tails r\u00e9fl\u00e9chissants, qui augmentent la visibilit\u00e9 lorsque la luminosit\u00e9 est faible. Ce cuissard cyclisme homme premium est con\u00e7u pour offrir confort, compression musculaire et performance sur les longues distances, id\u00e9al pour le cyclisme sur route, l\u2019entra\u00eenement intensif et la comp\u00e9tition.","robots":{"index":"index","follow":"follow","max-snippet":"max-snippet:-1","max-image-preview":"max-image-preview:large","max-video-preview":"max-video-preview:-1"},"canonical":"https:\/\/www.inverseteams.com\/fr\/produit\/cuissard-velo-pure-homme\/","og_locale":"fr_FR","og_type":"article","og_title":"Cuissard v\u00e9lo PURE (UNISEX)","og_description":"Ce cuissard v\u00e9lo homme haut de gamme associe des mat\u00e9riaux de qualit\u00e9 sup\u00e9rieure, une coupe ergonomique et une technologie avanc\u00e9e afin d\u2019offrir confort, stabilit\u00e9 et performance m\u00eame lors des sorties les plus exigeantes. Les panneaux lat\u00e9raux et la partie lombaire sont fabriqu\u00e9s avec un tissu compressif l\u00e9ger et compact, qui soutient les muscles pendant le p\u00e9dalage et favorise le retour veineux. Cet effet de compression aide \u00e0 r\u00e9duire la fatigue musculaire lors des longues sorties. Pens\u00e9 pour les entra\u00eenements intensifs et le cyclisme de performance, le cuissard est \u00e9quip\u00e9 d\u2019une peau de chamois longue distance, con\u00e7ue pour offrir un confort optimal pendant des sorties de plus de 7 heures. Les bretelles en polypropyl\u00e8ne sont con\u00e7ues en deux zones pour am\u00e9liorer la stabilit\u00e9 et le confort. La partie lombaire, plus renforc\u00e9e, assure un meilleur maintien du cuissard, tandis que la partie avant, plus l\u00e9g\u00e8re et respirante, \u00e9vite les frottements. Les bas de jambes disposent d\u2019un ourlet \u00e0 coupe laser avec grip silicone int\u00e9rieur, garantissant un maintien parfait et \u00e9vitant les d\u00e9placements pendant le p\u00e9dalage. Pour am\u00e9liorer la s\u00e9curit\u00e9 sur la route, le cuissard int\u00e8gre des d\u00e9tails r\u00e9fl\u00e9chissants, qui augmentent la visibilit\u00e9 lorsque la luminosit\u00e9 est faible. Ce cuissard cyclisme homme premium est con\u00e7u pour offrir confort, compression musculaire et performance sur les longues distances, id\u00e9al pour le cyclisme sur route, l\u2019entra\u00eenement intensif et la comp\u00e9tition.","og_url":"https:\/\/www.inverseteams.com\/fr\/produit\/cuissard-velo-pure-homme\/","og_site_name":"Inverseteams","article_publisher":"https:\/\/www.facebook.com\/inverseteams","article_modified_time":"2026-03-15T08:55:45+00:00","og_image":[{"width":1500,"height":1612,"url":"https:\/\/www.inverseteams.com\/wp-content\/uploads\/INVERSE-CICLISMO-HOMBRE-CULOTTE-PURE-BLACK-001.jpg","type":"image\/jpeg"}],"twitter_card":"summary_large_image","twitter_misc":{"Dur\u00e9e de lecture estim\u00e9e":"2 minutes"},"schema":{"@context":"https:\/\/schema.org","@graph":[{"@type":"WebPage","@id":"https:\/\/www.inverseteams.com\/fr\/produit\/cuissard-velo-pure-homme\/","url":"https:\/\/www.inverseteams.com\/fr\/produit\/cuissard-velo-pure-homme\/","name":"Cuissard v\u00e9lo PURE (UNISEX)","isPartOf":{"@id":"https:\/\/www.inverseteams.com\/fr\/#website"},"primaryImageOfPage":{"@id":"https:\/\/www.inverseteams.com\/fr\/produit\/cuissard-velo-pure-homme\/#primaryimage"},"image":{"@id":"https:\/\/www.inverseteams.com\/fr\/produit\/cuissard-velo-pure-homme\/#primaryimage"},"thumbnailUrl":"https:\/\/www.inverseteams.com\/wp-content\/uploads\/INVERSE-CICLISMO-HOMBRE-CULOTTE-PURE-BLACK-001.jpg","datePublished":"2024-02-27T10:05:17+00:00","dateModified":"2026-03-15T08:55:45+00:00","description":"Ce cuissard v\u00e9lo homme haut de gamme associe des mat\u00e9riaux de qualit\u00e9 sup\u00e9rieure, une coupe ergonomique et une technologie avanc\u00e9e afin d\u2019offrir confort, stabilit\u00e9 et performance m\u00eame lors des sorties les plus exigeantes. Les panneaux lat\u00e9raux et la partie lombaire sont fabriqu\u00e9s avec un tissu compressif l\u00e9ger et compact, qui soutient les muscles pendant le p\u00e9dalage et favorise le retour veineux. Cet effet de compression aide \u00e0 r\u00e9duire la fatigue musculaire lors des longues sorties. Pens\u00e9 pour les entra\u00eenements intensifs et le cyclisme de performance, le cuissard est \u00e9quip\u00e9 d\u2019une peau de chamois longue distance, con\u00e7ue pour offrir un confort optimal pendant des sorties de plus de 7 heures. Les bretelles en polypropyl\u00e8ne sont con\u00e7ues en deux zones pour am\u00e9liorer la stabilit\u00e9 et le confort. La partie lombaire, plus renforc\u00e9e, assure un meilleur maintien du cuissard, tandis que la partie avant, plus l\u00e9g\u00e8re et respirante, \u00e9vite les frottements. Les bas de jambes disposent d\u2019un ourlet \u00e0 coupe laser avec grip silicone int\u00e9rieur, garantissant un maintien parfait et \u00e9vitant les d\u00e9placements pendant le p\u00e9dalage. Pour am\u00e9liorer la s\u00e9curit\u00e9 sur la route, le cuissard int\u00e8gre des d\u00e9tails r\u00e9fl\u00e9chissants, qui augmentent la visibilit\u00e9 lorsque la luminosit\u00e9 est faible. Ce cuissard cyclisme homme premium est con\u00e7u pour offrir confort, compression musculaire et performance sur les longues distances, id\u00e9al pour le cyclisme sur route, l\u2019entra\u00eenement intensif et la comp\u00e9tition.","breadcrumb":{"@id":"https:\/\/www.inverseteams.com\/fr\/produit\/cuissard-velo-pure-homme\/#breadcrumb"},"inLanguage":"fr-FR","potentialAction":[{"@type":"ReadAction","target":["https:\/\/www.inverseteams.com\/fr\/produit\/cuissard-velo-pure-homme\/"]}]},{"@type":"ImageObject","inLanguage":"fr-FR","@id":"https:\/\/www.inverseteams.com\/fr\/produit\/cuissard-velo-pure-homme\/#primaryimage","url":"https:\/\/www.inverseteams.com\/wp-content\/uploads\/INVERSE-CICLISMO-HOMBRE-CULOTTE-PURE-BLACK-001.jpg","contentUrl":"https:\/\/www.inverseteams.com\/wp-content\/uploads\/INVERSE-CICLISMO-HOMBRE-CULOTTE-PURE-BLACK-001.jpg","width":1500,"height":1612},{"@type":"BreadcrumbList","@id":"https:\/\/www.inverseteams.com\/fr\/produit\/cuissard-velo-pure-homme\/#breadcrumb","itemListElement":[{"@type":"ListItem","position":1,"name":"Portada","item":"https:\/\/www.inverseteams.com\/fr\/pagina-principal\/"},{"@type":"ListItem","position":2,"name":"Panier","item":"https:\/\/www.inverseteams.com\/fr\/panier\/"},{"@type":"ListItem","position":3,"name":"Cuissard v\u00e9lo PURE (HOMME)"}]},{"@type":"WebSite","@id":"https:\/\/www.inverseteams.com\/fr\/#website","url":"https:\/\/www.inverseteams.com\/fr\/","name":"Inverseteams","description":"Tu marca de ropa deportiva personalizada","publisher":{"@id":"https:\/\/www.inverseteams.com\/fr\/#organization"},"potentialAction":[{"@type":"SearchAction","target":{"@type":"EntryPoint","urlTemplate":"https:\/\/www.inverseteams.com\/fr\/?s={search_term_string}"},"query-input":{"@type":"PropertyValueSpecification","valueRequired":true,"valueName":"search_term_string"}}],"inLanguage":"fr-FR"},{"@type":"Organization","@id":"https:\/\/www.inverseteams.com\/fr\/#organization","name":"Inverse Teams","url":"https:\/\/www.inverseteams.com\/fr\/","logo":{"@type":"ImageObject","inLanguage":"fr-FR","@id":"https:\/\/www.inverseteams.com\/fr\/#\/schema\/logo\/image\/","url":"https:\/\/www.inverseteams.com\/wp-content\/uploads\/2021\/03\/logo-inverse-teams.png","contentUrl":"https:\/\/www.inverseteams.com\/wp-content\/uploads\/2021\/03\/logo-inverse-teams.png","width":294,"height":99,"caption":"Inverse Teams"},"image":{"@id":"https:\/\/www.inverseteams.com\/fr\/#\/schema\/logo\/image\/"},"sameAs":["https:\/\/www.facebook.com\/inverseteams","http:\/\/instagram.com\/inverseteams","https:\/\/www.linkedin.com\/company\/inverse-cirosport-s-l-?trk=job_view_topcard_company_name","http:\/\/www.pinterest.com\/inverseteams\/","http:\/\/www.youtube.com\/user\/inverseteams?feature=watch"]}]}},"_links":{"self":[{"href":"https:\/\/www.inverseteams.com\/fr\/wp-json\/wp\/v2\/product\/188272","targetHints":{"allow":["GET"]}}],"collection":[{"href":"https:\/\/www.inverseteams.com\/fr\/wp-json\/wp\/v2\/product"}],"about":[{"href":"https:\/\/www.inverseteams.com\/fr\/wp-json\/wp\/v2\/types\/product"}],"replies":[{"embeddable":true,"href":"https:\/\/www.inverseteams.com\/fr\/wp-json\/wp\/v2\/comments?post=188272"}],"wp:featuredmedia":[{"embeddable":true,"href":"https:\/\/www.inverseteams.com\/fr\/wp-json\/wp\/v2\/media\/280156"}],"wp:attachment":[{"href":"https:\/\/www.inverseteams.com\/fr\/wp-json\/wp\/v2\/media?parent=188272"}],"wp:term":[{"taxonomy":"product_brand","embeddable":true,"href":"https:\/\/www.inverseteams.com\/fr\/wp-json\/wp\/v2\/product_brand?post=188272"},{"taxonomy":"product_cat","embeddable":true,"href":"https:\/\/www.inverseteams.com\/fr\/wp-json\/wp\/v2\/product_cat?post=188272"},{"taxonomy":"product_tag","embeddable":true,"href":"https:\/\/www.inverseteams.com\/fr\/wp-json\/wp\/v2\/product_tag?post=188272"},{"taxonomy":"custom_category","embeddable":true,"href":"https:\/\/www.inverseteams.com\/fr\/wp-json\/wp\/v2\/custom_category?post=188272"},{"taxonomy":"range","embeddable":true,"href":"https:\/\/www.inverseteams.com\/fr\/wp-json\/wp\/v2\/range?post=188272"}],"curies":[{"name":"wp","href":"https:\/\/api.w.org\/{rel}","templated":true}]}}