{"id":188265,"date":"2024-02-27T09:55:30","date_gmt":"2024-02-27T09:55:30","guid":{"rendered":"https:\/\/www.inverseteams.com\/?post_type=product&#038;p=188265"},"modified":"2024-06-04T00:01:40","modified_gmt":"2024-06-04T00:01:40","slug":"maillot-cyclisme-manche-courte-draco-grove-homme","status":"publish","type":"product","link":"https:\/\/www.inverseteams.com\/fr\/produit\/maillot-cyclisme-manche-courte-draco-grove-homme\/","title":{"rendered":"Maillot cyclisme manche courte DRACO GROVE (HOMME)"},"content":{"rendered":"<p>Ce maillot technique est id\u00e9al pour l\u2019entra\u00eenement et la comp\u00e9tition. Sa coupe tr\u00e8s cintr\u00e9e s\u2019ajuste \u00e0 votre corps et vous permet d\u2019optimiser vos efforts. L\u2019\u00e9lasticit\u00e9 et la structure de ses tissus garantissent une bonne p\u00e9n\u00e9tration dans l\u2019air et renforcent l\u2019a\u00e9rodynamisme de votre posture. \u00c0 la taille, il poss\u00e8de une bande \u00e9lastique avec un grip int\u00e9rieure.<br \/>\nDans la zone lombaire vous trouverez 3 poches incorporant le nouveau syst\u00e8me de s\u00e9curit\u00e9 ISP-Inverse Safe Pocket-, elles vous permettront de stocker un gilet ou des barres de c\u00e9r\u00e9ales sans crainte de les tomber. Une quatri\u00e8me poche zipp\u00e9e gardera vos objets de valeur. Profitez du v\u00e9lo sans soucis.<br \/>\nLa forme anatomique du col s\u2019adapte \u00e0 votre position sur le v\u00e9lo sans vous g\u00eaner, tout en emp\u00eachant les entr\u00e9es d\u2019air. La structure des fibres des tissus permet d\u2019\u00e9vacuer la sueur \u00e0 l\u2019ext\u00e9rieur pour maintenir votre peau s\u00e8che m\u00eame par temps tr\u00e8s chauds.Votre s\u00e9curit\u00e9 est tr\u00e8s importante pour nous. Pour cette raison, nous avons ajout\u00e9 des \u00e9l\u00e9ments r\u00e9fl\u00e9chissants sur les poches pour augmenter votre visibilit\u00e9 sur la route.<\/p>\n","protected":false},"excerpt":{"rendered":"<p>Ce maillot technique est id\u00e9al pour l\u2019entra\u00eenement et la comp\u00e9tition. Sa coupe tr\u00e8s cintr\u00e9e s\u2019ajuste \u00e0 votre corps et vous permet d\u2019optimiser vos efforts. L\u2019\u00e9lasticit\u00e9 et la structure de ses tissus garantissent une bonne p\u00e9n\u00e9tration dans l\u2019air et renforcent l\u2019a\u00e9rodynamisme de votre posture. \u00c0 la taille, il poss\u00e8de une bande \u00e9lastique avec un grip int\u00e9rieure.<br \/>\nDans la zone lombaire vous trouverez 3 poches incorporant le nouveau syst\u00e8me de s\u00e9curit\u00e9 ISP-Inverse Safe Pocket-, elles vous permettront de stocker un gilet ou des barres de c\u00e9r\u00e9ales sans crainte de les tomber. Une quatri\u00e8me poche zipp\u00e9e gardera vos objets de valeur. Profitez du v\u00e9lo sans soucis.<br \/>\nLa forme anatomique du col s\u2019adapte \u00e0 votre position sur le v\u00e9lo sans vous g\u00eaner, tout en emp\u00eachant les entr\u00e9es d\u2019air. La structure des fibres des tissus permet d\u2019\u00e9vacuer la sueur \u00e0 l\u2019ext\u00e9rieur pour maintenir votre peau s\u00e8che m\u00eame par temps tr\u00e8s chauds.Votre s\u00e9curit\u00e9 est tr\u00e8s importante pour nous. Pour cette raison, nous avons ajout\u00e9 des \u00e9l\u00e9ments r\u00e9fl\u00e9chissants sur les poches pour augmenter votre visibilit\u00e9 sur la route.<\/p>\n","protected":false},"featured_media":187844,"comment_status":"closed","ping_status":"closed","template":"","meta":{"_acf_changed":false},"product_brand":[],"product_cat":[3230,3240,7177],"product_tag":[],"custom_category":[],"range":[],"class_list":{"0":"post-188265","1":"product","2":"type-product","3":"status-publish","4":"has-post-thumbnail","6":"product_cat-cyclisme-fr","7":"product_cat-maillot-cycliste","8":"product_cat-b2b-fr","9":"pa_climatologia-chaud","10":"pa_deporte-cyclisme","11":"pa_genero-homme","12":"pa_patronaje-fit-fr","13":"pa_talla-l-fr","14":"pa_talla-m-fr","15":"pa_talla-s-fr","16":"pa_talla-xl-fr","17":"pa_talla-xxl-fr","18":"pa_tipo-de-prenda-maillot-manche-courte","20":"first","21":"instock","22":"taxable","23":"shipping-taxable","24":"purchasable","25":"product-type-variable","26":"has-default-attributes"},"acf":[],"yoast_head":"<!-- This site is optimized with the Yoast SEO plugin v27.3 - https:\/\/yoast.com\/product\/yoast-seo-wordpress\/ -->\n<title>Maillot cyclisme manche courte DRACO GROVE (HOMME)<\/title>\n<meta name=\"description\" content=\"Ce maillot technique est id\u00e9al pour l\u2019entra\u00eenement et la comp\u00e9tition. Sa coupe tr\u00e8s cintr\u00e9e s\u2019ajuste \u00e0 votre corps et vous permet d\u2019optimiser vos efforts. L\u2019\u00e9lasticit\u00e9 et la structure de ses tissus garantissent une bonne p\u00e9n\u00e9tration dans l\u2019air et renforcent l\u2019a\u00e9rodynamisme de votre posture. \u00c0 la taille, il poss\u00e8de une bande \u00e9lastique avec un grip int\u00e9rieure. Dans la zone lombaire vous trouverez 3 poches incorporant le nouveau syst\u00e8me de s\u00e9curit\u00e9 ISP-Inverse Safe Pocket-, elles vous permettront de stocker un gilet ou des barres de c\u00e9r\u00e9ales sans crainte de les tomber. Une quatri\u00e8me poche zipp\u00e9e gardera vos objets de valeur. Profitez du v\u00e9lo sans soucis. La forme anatomique du col s\u2019adapte \u00e0 votre position sur le v\u00e9lo sans vous g\u00eaner, tout en emp\u00eachant les entr\u00e9es d\u2019air. La structure des fibres des tissus permet d\u2019\u00e9vacuer la sueur \u00e0 l\u2019ext\u00e9rieur pour maintenir votre peau s\u00e8che m\u00eame par temps tr\u00e8s chauds.Votre s\u00e9curit\u00e9 est tr\u00e8s importante pour nous. Pour cette raison, nous avons ajout\u00e9 des \u00e9l\u00e9ments r\u00e9fl\u00e9chissants sur les poches pour augmenter votre visibilit\u00e9 sur la route.\" \/>\n<meta name=\"robots\" content=\"index, follow, max-snippet:-1, max-image-preview:large, max-video-preview:-1\" \/>\n<link rel=\"canonical\" href=\"https:\/\/www.inverseteams.com\/fr\/produit\/maillot-cyclisme-manche-courte-draco-grove-homme\/\" \/>\n<meta property=\"og:locale\" content=\"fr_FR\" \/>\n<meta property=\"og:type\" content=\"article\" \/>\n<meta property=\"og:title\" content=\"Maillot cyclisme manche courte DRACO GROVE (HOMME)\" \/>\n<meta property=\"og:description\" content=\"Ce maillot technique est id\u00e9al pour l\u2019entra\u00eenement et la comp\u00e9tition. Sa coupe tr\u00e8s cintr\u00e9e s\u2019ajuste \u00e0 votre corps et vous permet d\u2019optimiser vos efforts. L\u2019\u00e9lasticit\u00e9 et la structure de ses tissus garantissent une bonne p\u00e9n\u00e9tration dans l\u2019air et renforcent l\u2019a\u00e9rodynamisme de votre posture. \u00c0 la taille, il poss\u00e8de une bande \u00e9lastique avec un grip int\u00e9rieure. Dans la zone lombaire vous trouverez 3 poches incorporant le nouveau syst\u00e8me de s\u00e9curit\u00e9 ISP-Inverse Safe Pocket-, elles vous permettront de stocker un gilet ou des barres de c\u00e9r\u00e9ales sans crainte de les tomber. Une quatri\u00e8me poche zipp\u00e9e gardera vos objets de valeur. Profitez du v\u00e9lo sans soucis. La forme anatomique du col s\u2019adapte \u00e0 votre position sur le v\u00e9lo sans vous g\u00eaner, tout en emp\u00eachant les entr\u00e9es d\u2019air. La structure des fibres des tissus permet d\u2019\u00e9vacuer la sueur \u00e0 l\u2019ext\u00e9rieur pour maintenir votre peau s\u00e8che m\u00eame par temps tr\u00e8s chauds.Votre s\u00e9curit\u00e9 est tr\u00e8s importante pour nous. Pour cette raison, nous avons ajout\u00e9 des \u00e9l\u00e9ments r\u00e9fl\u00e9chissants sur les poches pour augmenter votre visibilit\u00e9 sur la route.\" \/>\n<meta property=\"og:url\" content=\"https:\/\/www.inverseteams.com\/fr\/produit\/maillot-cyclisme-manche-courte-draco-grove-homme\/\" \/>\n<meta property=\"og:site_name\" content=\"Inverseteams\" \/>\n<meta property=\"article:publisher\" content=\"https:\/\/www.facebook.com\/inverseteams\" \/>\n<meta property=\"article:modified_time\" content=\"2024-06-04T00:01:40+00:00\" \/>\n<meta property=\"og:image\" content=\"https:\/\/www.inverseteams.com\/wp-content\/uploads\/MAILLOT-CICLISMO-VERANO-DRACO-GROVE-1.jpg\" \/>\n\t<meta property=\"og:image:width\" content=\"1500\" \/>\n\t<meta property=\"og:image:height\" content=\"1612\" \/>\n\t<meta property=\"og:image:type\" content=\"image\/jpeg\" \/>\n<meta name=\"twitter:card\" content=\"summary_large_image\" \/>\n<meta name=\"twitter:label1\" content=\"Dur\u00e9e de lecture estim\u00e9e\" \/>\n\t<meta name=\"twitter:data1\" content=\"1 minute\" \/>\n<script type=\"application\/ld+json\" class=\"yoast-schema-graph\">{\"@context\":\"https:\\\/\\\/schema.org\",\"@graph\":[{\"@type\":\"WebPage\",\"@id\":\"https:\\\/\\\/www.inverseteams.com\\\/fr\\\/produit\\\/maillot-cyclisme-manche-courte-draco-grove-homme\\\/\",\"url\":\"https:\\\/\\\/www.inverseteams.com\\\/fr\\\/produit\\\/maillot-cyclisme-manche-courte-draco-grove-homme\\\/\",\"name\":\"Maillot cyclisme manche courte DRACO GROVE (HOMME)\",\"isPartOf\":{\"@id\":\"https:\\\/\\\/www.inverseteams.com\\\/fr\\\/#website\"},\"primaryImageOfPage\":{\"@id\":\"https:\\\/\\\/www.inverseteams.com\\\/fr\\\/produit\\\/maillot-cyclisme-manche-courte-draco-grove-homme\\\/#primaryimage\"},\"image\":{\"@id\":\"https:\\\/\\\/www.inverseteams.com\\\/fr\\\/produit\\\/maillot-cyclisme-manche-courte-draco-grove-homme\\\/#primaryimage\"},\"thumbnailUrl\":\"https:\\\/\\\/www.inverseteams.com\\\/wp-content\\\/uploads\\\/MAILLOT-CICLISMO-VERANO-DRACO-GROVE-1.jpg\",\"datePublished\":\"2024-02-27T09:55:30+00:00\",\"dateModified\":\"2024-06-04T00:01:40+00:00\",\"description\":\"Ce maillot technique est id\u00e9al pour l\u2019entra\u00eenement et la comp\u00e9tition. Sa coupe tr\u00e8s cintr\u00e9e s\u2019ajuste \u00e0 votre corps et vous permet d\u2019optimiser vos efforts. L\u2019\u00e9lasticit\u00e9 et la structure de ses tissus garantissent une bonne p\u00e9n\u00e9tration dans l\u2019air et renforcent l\u2019a\u00e9rodynamisme de votre posture. \u00c0 la taille, il poss\u00e8de une bande \u00e9lastique avec un grip int\u00e9rieure. Dans la zone lombaire vous trouverez 3 poches incorporant le nouveau syst\u00e8me de s\u00e9curit\u00e9 ISP-Inverse Safe Pocket-, elles vous permettront de stocker un gilet ou des barres de c\u00e9r\u00e9ales sans crainte de les tomber. Une quatri\u00e8me poche zipp\u00e9e gardera vos objets de valeur. Profitez du v\u00e9lo sans soucis. La forme anatomique du col s\u2019adapte \u00e0 votre position sur le v\u00e9lo sans vous g\u00eaner, tout en emp\u00eachant les entr\u00e9es d\u2019air. La structure des fibres des tissus permet d\u2019\u00e9vacuer la sueur \u00e0 l\u2019ext\u00e9rieur pour maintenir votre peau s\u00e8che m\u00eame par temps tr\u00e8s chauds.Votre s\u00e9curit\u00e9 est tr\u00e8s importante pour nous. Pour cette raison, nous avons ajout\u00e9 des \u00e9l\u00e9ments r\u00e9fl\u00e9chissants sur les poches pour augmenter votre visibilit\u00e9 sur la route.\",\"breadcrumb\":{\"@id\":\"https:\\\/\\\/www.inverseteams.com\\\/fr\\\/produit\\\/maillot-cyclisme-manche-courte-draco-grove-homme\\\/#breadcrumb\"},\"inLanguage\":\"fr-FR\",\"potentialAction\":[{\"@type\":\"ReadAction\",\"target\":[\"https:\\\/\\\/www.inverseteams.com\\\/fr\\\/produit\\\/maillot-cyclisme-manche-courte-draco-grove-homme\\\/\"]}]},{\"@type\":\"ImageObject\",\"inLanguage\":\"fr-FR\",\"@id\":\"https:\\\/\\\/www.inverseteams.com\\\/fr\\\/produit\\\/maillot-cyclisme-manche-courte-draco-grove-homme\\\/#primaryimage\",\"url\":\"https:\\\/\\\/www.inverseteams.com\\\/wp-content\\\/uploads\\\/MAILLOT-CICLISMO-VERANO-DRACO-GROVE-1.jpg\",\"contentUrl\":\"https:\\\/\\\/www.inverseteams.com\\\/wp-content\\\/uploads\\\/MAILLOT-CICLISMO-VERANO-DRACO-GROVE-1.jpg\",\"width\":1500,\"height\":1612,\"caption\":\"Maillot cyclisme manche courte DRACO GROVE\"},{\"@type\":\"BreadcrumbList\",\"@id\":\"https:\\\/\\\/www.inverseteams.com\\\/fr\\\/produit\\\/maillot-cyclisme-manche-courte-draco-grove-homme\\\/#breadcrumb\",\"itemListElement\":[{\"@type\":\"ListItem\",\"position\":1,\"name\":\"Portada\",\"item\":\"https:\\\/\\\/www.inverseteams.com\\\/fr\\\/pagina-principal\\\/\"},{\"@type\":\"ListItem\",\"position\":2,\"name\":\"Panier\",\"item\":\"https:\\\/\\\/www.inverseteams.com\\\/fr\\\/panier\\\/\"},{\"@type\":\"ListItem\",\"position\":3,\"name\":\"Maillot cyclisme manche courte DRACO GROVE (HOMME)\"}]},{\"@type\":\"WebSite\",\"@id\":\"https:\\\/\\\/www.inverseteams.com\\\/fr\\\/#website\",\"url\":\"https:\\\/\\\/www.inverseteams.com\\\/fr\\\/\",\"name\":\"Inverseteams\",\"description\":\"Tu marca de ropa deportiva personalizada\",\"publisher\":{\"@id\":\"https:\\\/\\\/www.inverseteams.com\\\/fr\\\/#organization\"},\"potentialAction\":[{\"@type\":\"SearchAction\",\"target\":{\"@type\":\"EntryPoint\",\"urlTemplate\":\"https:\\\/\\\/www.inverseteams.com\\\/fr\\\/?s={search_term_string}\"},\"query-input\":{\"@type\":\"PropertyValueSpecification\",\"valueRequired\":true,\"valueName\":\"search_term_string\"}}],\"inLanguage\":\"fr-FR\"},{\"@type\":\"Organization\",\"@id\":\"https:\\\/\\\/www.inverseteams.com\\\/fr\\\/#organization\",\"name\":\"Inverse Teams\",\"url\":\"https:\\\/\\\/www.inverseteams.com\\\/fr\\\/\",\"logo\":{\"@type\":\"ImageObject\",\"inLanguage\":\"fr-FR\",\"@id\":\"https:\\\/\\\/www.inverseteams.com\\\/fr\\\/#\\\/schema\\\/logo\\\/image\\\/\",\"url\":\"http:\\\/\\\/www.inverseteams.com\\\/wp-content\\\/uploads\\\/2021\\\/03\\\/logo-inverse-teams.png\",\"contentUrl\":\"http:\\\/\\\/www.inverseteams.com\\\/wp-content\\\/uploads\\\/2021\\\/03\\\/logo-inverse-teams.png\",\"width\":294,\"height\":99,\"caption\":\"Inverse Teams\"},\"image\":{\"@id\":\"https:\\\/\\\/www.inverseteams.com\\\/fr\\\/#\\\/schema\\\/logo\\\/image\\\/\"},\"sameAs\":[\"https:\\\/\\\/www.facebook.com\\\/inverseteams\",\"http:\\\/\\\/instagram.com\\\/inverseteams\",\"https:\\\/\\\/www.linkedin.com\\\/company\\\/inverse-cirosport-s-l-?trk=job_view_topcard_company_name\",\"http:\\\/\\\/www.pinterest.com\\\/inverseteams\\\/\",\"http:\\\/\\\/www.youtube.com\\\/user\\\/inverseteams?feature=watch\"]}]}<\/script>\n<!-- \/ Yoast SEO plugin. -->","yoast_head_json":{"title":"Maillot cyclisme manche courte DRACO GROVE (HOMME)","description":"Ce maillot technique est id\u00e9al pour l\u2019entra\u00eenement et la comp\u00e9tition. Sa coupe tr\u00e8s cintr\u00e9e s\u2019ajuste \u00e0 votre corps et vous permet d\u2019optimiser vos efforts. L\u2019\u00e9lasticit\u00e9 et la structure de ses tissus garantissent une bonne p\u00e9n\u00e9tration dans l\u2019air et renforcent l\u2019a\u00e9rodynamisme de votre posture. \u00c0 la taille, il poss\u00e8de une bande \u00e9lastique avec un grip int\u00e9rieure. Dans la zone lombaire vous trouverez 3 poches incorporant le nouveau syst\u00e8me de s\u00e9curit\u00e9 ISP-Inverse Safe Pocket-, elles vous permettront de stocker un gilet ou des barres de c\u00e9r\u00e9ales sans crainte de les tomber. Une quatri\u00e8me poche zipp\u00e9e gardera vos objets de valeur. Profitez du v\u00e9lo sans soucis. La forme anatomique du col s\u2019adapte \u00e0 votre position sur le v\u00e9lo sans vous g\u00eaner, tout en emp\u00eachant les entr\u00e9es d\u2019air. La structure des fibres des tissus permet d\u2019\u00e9vacuer la sueur \u00e0 l\u2019ext\u00e9rieur pour maintenir votre peau s\u00e8che m\u00eame par temps tr\u00e8s chauds.Votre s\u00e9curit\u00e9 est tr\u00e8s importante pour nous. Pour cette raison, nous avons ajout\u00e9 des \u00e9l\u00e9ments r\u00e9fl\u00e9chissants sur les poches pour augmenter votre visibilit\u00e9 sur la route.","robots":{"index":"index","follow":"follow","max-snippet":"max-snippet:-1","max-image-preview":"max-image-preview:large","max-video-preview":"max-video-preview:-1"},"canonical":"https:\/\/www.inverseteams.com\/fr\/produit\/maillot-cyclisme-manche-courte-draco-grove-homme\/","og_locale":"fr_FR","og_type":"article","og_title":"Maillot cyclisme manche courte DRACO GROVE (HOMME)","og_description":"Ce maillot technique est id\u00e9al pour l\u2019entra\u00eenement et la comp\u00e9tition. Sa coupe tr\u00e8s cintr\u00e9e s\u2019ajuste \u00e0 votre corps et vous permet d\u2019optimiser vos efforts. L\u2019\u00e9lasticit\u00e9 et la structure de ses tissus garantissent une bonne p\u00e9n\u00e9tration dans l\u2019air et renforcent l\u2019a\u00e9rodynamisme de votre posture. \u00c0 la taille, il poss\u00e8de une bande \u00e9lastique avec un grip int\u00e9rieure. Dans la zone lombaire vous trouverez 3 poches incorporant le nouveau syst\u00e8me de s\u00e9curit\u00e9 ISP-Inverse Safe Pocket-, elles vous permettront de stocker un gilet ou des barres de c\u00e9r\u00e9ales sans crainte de les tomber. Une quatri\u00e8me poche zipp\u00e9e gardera vos objets de valeur. Profitez du v\u00e9lo sans soucis. La forme anatomique du col s\u2019adapte \u00e0 votre position sur le v\u00e9lo sans vous g\u00eaner, tout en emp\u00eachant les entr\u00e9es d\u2019air. La structure des fibres des tissus permet d\u2019\u00e9vacuer la sueur \u00e0 l\u2019ext\u00e9rieur pour maintenir votre peau s\u00e8che m\u00eame par temps tr\u00e8s chauds.Votre s\u00e9curit\u00e9 est tr\u00e8s importante pour nous. Pour cette raison, nous avons ajout\u00e9 des \u00e9l\u00e9ments r\u00e9fl\u00e9chissants sur les poches pour augmenter votre visibilit\u00e9 sur la route.","og_url":"https:\/\/www.inverseteams.com\/fr\/produit\/maillot-cyclisme-manche-courte-draco-grove-homme\/","og_site_name":"Inverseteams","article_publisher":"https:\/\/www.facebook.com\/inverseteams","article_modified_time":"2024-06-04T00:01:40+00:00","og_image":[{"width":1500,"height":1612,"url":"https:\/\/www.inverseteams.com\/wp-content\/uploads\/MAILLOT-CICLISMO-VERANO-DRACO-GROVE-1.jpg","type":"image\/jpeg"}],"twitter_card":"summary_large_image","twitter_misc":{"Dur\u00e9e de lecture estim\u00e9e":"1 minute"},"schema":{"@context":"https:\/\/schema.org","@graph":[{"@type":"WebPage","@id":"https:\/\/www.inverseteams.com\/fr\/produit\/maillot-cyclisme-manche-courte-draco-grove-homme\/","url":"https:\/\/www.inverseteams.com\/fr\/produit\/maillot-cyclisme-manche-courte-draco-grove-homme\/","name":"Maillot cyclisme manche courte DRACO GROVE (HOMME)","isPartOf":{"@id":"https:\/\/www.inverseteams.com\/fr\/#website"},"primaryImageOfPage":{"@id":"https:\/\/www.inverseteams.com\/fr\/produit\/maillot-cyclisme-manche-courte-draco-grove-homme\/#primaryimage"},"image":{"@id":"https:\/\/www.inverseteams.com\/fr\/produit\/maillot-cyclisme-manche-courte-draco-grove-homme\/#primaryimage"},"thumbnailUrl":"https:\/\/www.inverseteams.com\/wp-content\/uploads\/MAILLOT-CICLISMO-VERANO-DRACO-GROVE-1.jpg","datePublished":"2024-02-27T09:55:30+00:00","dateModified":"2024-06-04T00:01:40+00:00","description":"Ce maillot technique est id\u00e9al pour l\u2019entra\u00eenement et la comp\u00e9tition. Sa coupe tr\u00e8s cintr\u00e9e s\u2019ajuste \u00e0 votre corps et vous permet d\u2019optimiser vos efforts. L\u2019\u00e9lasticit\u00e9 et la structure de ses tissus garantissent une bonne p\u00e9n\u00e9tration dans l\u2019air et renforcent l\u2019a\u00e9rodynamisme de votre posture. \u00c0 la taille, il poss\u00e8de une bande \u00e9lastique avec un grip int\u00e9rieure. Dans la zone lombaire vous trouverez 3 poches incorporant le nouveau syst\u00e8me de s\u00e9curit\u00e9 ISP-Inverse Safe Pocket-, elles vous permettront de stocker un gilet ou des barres de c\u00e9r\u00e9ales sans crainte de les tomber. Une quatri\u00e8me poche zipp\u00e9e gardera vos objets de valeur. Profitez du v\u00e9lo sans soucis. La forme anatomique du col s\u2019adapte \u00e0 votre position sur le v\u00e9lo sans vous g\u00eaner, tout en emp\u00eachant les entr\u00e9es d\u2019air. La structure des fibres des tissus permet d\u2019\u00e9vacuer la sueur \u00e0 l\u2019ext\u00e9rieur pour maintenir votre peau s\u00e8che m\u00eame par temps tr\u00e8s chauds.Votre s\u00e9curit\u00e9 est tr\u00e8s importante pour nous. Pour cette raison, nous avons ajout\u00e9 des \u00e9l\u00e9ments r\u00e9fl\u00e9chissants sur les poches pour augmenter votre visibilit\u00e9 sur la route.","breadcrumb":{"@id":"https:\/\/www.inverseteams.com\/fr\/produit\/maillot-cyclisme-manche-courte-draco-grove-homme\/#breadcrumb"},"inLanguage":"fr-FR","potentialAction":[{"@type":"ReadAction","target":["https:\/\/www.inverseteams.com\/fr\/produit\/maillot-cyclisme-manche-courte-draco-grove-homme\/"]}]},{"@type":"ImageObject","inLanguage":"fr-FR","@id":"https:\/\/www.inverseteams.com\/fr\/produit\/maillot-cyclisme-manche-courte-draco-grove-homme\/#primaryimage","url":"https:\/\/www.inverseteams.com\/wp-content\/uploads\/MAILLOT-CICLISMO-VERANO-DRACO-GROVE-1.jpg","contentUrl":"https:\/\/www.inverseteams.com\/wp-content\/uploads\/MAILLOT-CICLISMO-VERANO-DRACO-GROVE-1.jpg","width":1500,"height":1612,"caption":"Maillot cyclisme manche courte DRACO GROVE"},{"@type":"BreadcrumbList","@id":"https:\/\/www.inverseteams.com\/fr\/produit\/maillot-cyclisme-manche-courte-draco-grove-homme\/#breadcrumb","itemListElement":[{"@type":"ListItem","position":1,"name":"Portada","item":"https:\/\/www.inverseteams.com\/fr\/pagina-principal\/"},{"@type":"ListItem","position":2,"name":"Panier","item":"https:\/\/www.inverseteams.com\/fr\/panier\/"},{"@type":"ListItem","position":3,"name":"Maillot cyclisme manche courte DRACO GROVE (HOMME)"}]},{"@type":"WebSite","@id":"https:\/\/www.inverseteams.com\/fr\/#website","url":"https:\/\/www.inverseteams.com\/fr\/","name":"Inverseteams","description":"Tu marca de ropa deportiva personalizada","publisher":{"@id":"https:\/\/www.inverseteams.com\/fr\/#organization"},"potentialAction":[{"@type":"SearchAction","target":{"@type":"EntryPoint","urlTemplate":"https:\/\/www.inverseteams.com\/fr\/?s={search_term_string}"},"query-input":{"@type":"PropertyValueSpecification","valueRequired":true,"valueName":"search_term_string"}}],"inLanguage":"fr-FR"},{"@type":"Organization","@id":"https:\/\/www.inverseteams.com\/fr\/#organization","name":"Inverse Teams","url":"https:\/\/www.inverseteams.com\/fr\/","logo":{"@type":"ImageObject","inLanguage":"fr-FR","@id":"https:\/\/www.inverseteams.com\/fr\/#\/schema\/logo\/image\/","url":"https:\/\/www.inverseteams.com\/wp-content\/uploads\/2021\/03\/logo-inverse-teams.png","contentUrl":"https:\/\/www.inverseteams.com\/wp-content\/uploads\/2021\/03\/logo-inverse-teams.png","width":294,"height":99,"caption":"Inverse Teams"},"image":{"@id":"https:\/\/www.inverseteams.com\/fr\/#\/schema\/logo\/image\/"},"sameAs":["https:\/\/www.facebook.com\/inverseteams","http:\/\/instagram.com\/inverseteams","https:\/\/www.linkedin.com\/company\/inverse-cirosport-s-l-?trk=job_view_topcard_company_name","http:\/\/www.pinterest.com\/inverseteams\/","http:\/\/www.youtube.com\/user\/inverseteams?feature=watch"]}]}},"_links":{"self":[{"href":"https:\/\/www.inverseteams.com\/fr\/wp-json\/wp\/v2\/product\/188265","targetHints":{"allow":["GET"]}}],"collection":[{"href":"https:\/\/www.inverseteams.com\/fr\/wp-json\/wp\/v2\/product"}],"about":[{"href":"https:\/\/www.inverseteams.com\/fr\/wp-json\/wp\/v2\/types\/product"}],"replies":[{"embeddable":true,"href":"https:\/\/www.inverseteams.com\/fr\/wp-json\/wp\/v2\/comments?post=188265"}],"wp:featuredmedia":[{"embeddable":true,"href":"https:\/\/www.inverseteams.com\/fr\/wp-json\/wp\/v2\/media\/187844"}],"wp:attachment":[{"href":"https:\/\/www.inverseteams.com\/fr\/wp-json\/wp\/v2\/media?parent=188265"}],"wp:term":[{"taxonomy":"product_brand","embeddable":true,"href":"https:\/\/www.inverseteams.com\/fr\/wp-json\/wp\/v2\/product_brand?post=188265"},{"taxonomy":"product_cat","embeddable":true,"href":"https:\/\/www.inverseteams.com\/fr\/wp-json\/wp\/v2\/product_cat?post=188265"},{"taxonomy":"product_tag","embeddable":true,"href":"https:\/\/www.inverseteams.com\/fr\/wp-json\/wp\/v2\/product_tag?post=188265"},{"taxonomy":"custom_category","embeddable":true,"href":"https:\/\/www.inverseteams.com\/fr\/wp-json\/wp\/v2\/custom_category?post=188265"},{"taxonomy":"range","embeddable":true,"href":"https:\/\/www.inverseteams.com\/fr\/wp-json\/wp\/v2\/range?post=188265"}],"curies":[{"name":"wp","href":"https:\/\/api.w.org\/{rel}","templated":true}]}}