{"id":17372,"date":"2021-05-10T08:32:41","date_gmt":"2021-05-10T09:16:33","guid":{"rendered":"https:\/\/inverseteams.com\/?post_type=product&#038;p=17372"},"modified":"2023-10-02T12:31:02","modified_gmt":"2023-10-02T12:31:02","slug":"polo-personalise-trainning","status":"publish","type":"product","link":"https:\/\/www.inverseteams.com\/fr\/produit\/polo-personalise-trainning\/","title":{"rendered":"Polo personnalis\u00e9 TRAINNING"},"content":{"rendered":"<p>Ce polo tr\u00e8s l\u00e9ger est id\u00e9al pour les journ\u00e9es chaudes. La structure de son tissu technique permet d\u2019expulser facilement la sueur et de garder la peau s\u00e8che et fra\u00eeche. Sur la poitrine, il y a une ouverture de 3 boutons.<\/p>\n","protected":false},"excerpt":{"rendered":"<p>Ce polo tr\u00e8s l\u00e9ger est id\u00e9al pour les journ\u00e9es chaudes. La structure de son tissu technique permet d\u2019expulser facilement la sueur et de garder la peau s\u00e8che et fra\u00eeche. Sur la poitrine, il y a une ouverture de 3 boutons.<\/p>\n","protected":false},"featured_media":141047,"comment_status":"closed","ping_status":"closed","template":"","meta":{"_acf_changed":false},"product_brand":[],"product_cat":[8305],"product_tag":[],"custom_category":[3349,3364,3355],"range":[2512],"class_list":{"0":"post-17372","1":"product","2":"type-product","3":"status-publish","4":"has-post-thumbnail","6":"product_cat-uncategorized-fr","7":"pa_climatologia-chaud","8":"pa_deporte-casual-fr","9":"pa_genero-homme","10":"pa_genero-femme","11":"pa_genero-infantile-fr","12":"pa_patronaje-regular-fr","13":"pa_tipo-de-prenda-polo-fr","14":"custom_category-sport-fr","15":"custom_category-polo-casual-personnalise","16":"custom_category-vetements-casual-personnalises","17":"range-training-fr","19":"first","20":"instock","21":"product-type-custom"},"acf":[],"yoast_head":"<!-- This site is optimized with the Yoast SEO plugin v27.3 - https:\/\/yoast.com\/product\/yoast-seo-wordpress\/ -->\n<title>Polo personnalis\u00e9 TRAINNING<\/title>\n<meta name=\"description\" content=\"Polo personnalis\u00e9 TRAINING avec tissu technique tr\u00e8s l\u00e9ger et 3 boutons sur la poitrine. Id\u00e9al pour les journ\u00e9es chaudes.Livraison rapide Demandez un budget !\" \/>\n<meta name=\"robots\" content=\"index, follow, max-snippet:-1, max-image-preview:large, max-video-preview:-1\" \/>\n<link rel=\"canonical\" href=\"https:\/\/www.inverseteams.com\/fr\/produit\/polo-personalise-trainning\/\" \/>\n<meta property=\"og:locale\" content=\"fr_FR\" \/>\n<meta property=\"og:type\" content=\"article\" \/>\n<meta property=\"og:title\" content=\"Polo personnalis\u00e9 TRAINNING\" \/>\n<meta property=\"og:description\" content=\"Polo personnalis\u00e9 TRAINING avec tissu technique tr\u00e8s l\u00e9ger et 3 boutons sur la poitrine. Id\u00e9al pour les journ\u00e9es chaudes.Livraison rapide Demandez un budget !\" \/>\n<meta property=\"og:url\" content=\"https:\/\/www.inverseteams.com\/fr\/produit\/polo-personalise-trainning\/\" \/>\n<meta property=\"og:site_name\" content=\"Inverseteams\" \/>\n<meta property=\"article:publisher\" content=\"https:\/\/www.facebook.com\/inverseteams\" \/>\n<meta property=\"article:modified_time\" content=\"2023-10-02T12:31:02+00:00\" \/>\n<meta property=\"og:image\" content=\"https:\/\/www.inverseteams.com\/wp-content\/uploads\/POLO-TRAINING-1-5.jpg\" \/>\n\t<meta property=\"og:image:width\" content=\"3222\" \/>\n\t<meta property=\"og:image:height\" content=\"3462\" \/>\n\t<meta property=\"og:image:type\" content=\"image\/jpeg\" \/>\n<meta name=\"twitter:card\" content=\"summary_large_image\" \/>\n<meta name=\"twitter:label1\" content=\"Dur\u00e9e de lecture estim\u00e9e\" \/>\n\t<meta name=\"twitter:data1\" content=\"1 minute\" \/>\n<script type=\"application\/ld+json\" class=\"yoast-schema-graph\">{\"@context\":\"https:\\\/\\\/schema.org\",\"@graph\":[{\"@type\":\"WebPage\",\"@id\":\"https:\\\/\\\/www.inverseteams.com\\\/fr\\\/produit\\\/polo-personalise-trainning\\\/\",\"url\":\"https:\\\/\\\/www.inverseteams.com\\\/fr\\\/produit\\\/polo-personalise-trainning\\\/\",\"name\":\"Polo personnalis\u00e9 TRAINNING\",\"isPartOf\":{\"@id\":\"https:\\\/\\\/www.inverseteams.com\\\/fr\\\/#website\"},\"primaryImageOfPage\":{\"@id\":\"https:\\\/\\\/www.inverseteams.com\\\/fr\\\/produit\\\/polo-personalise-trainning\\\/#primaryimage\"},\"image\":{\"@id\":\"https:\\\/\\\/www.inverseteams.com\\\/fr\\\/produit\\\/polo-personalise-trainning\\\/#primaryimage\"},\"thumbnailUrl\":\"https:\\\/\\\/www.inverseteams.com\\\/wp-content\\\/uploads\\\/POLO-TRAINING-1-5.jpg\",\"datePublished\":\"2021-05-10T09:16:33+00:00\",\"dateModified\":\"2023-10-02T12:31:02+00:00\",\"description\":\"Polo personnalis\u00e9 TRAINING avec tissu technique tr\u00e8s l\u00e9ger et 3 boutons sur la poitrine. Id\u00e9al pour les journ\u00e9es chaudes.Livraison rapide Demandez un budget !\",\"breadcrumb\":{\"@id\":\"https:\\\/\\\/www.inverseteams.com\\\/fr\\\/produit\\\/polo-personalise-trainning\\\/#breadcrumb\"},\"inLanguage\":\"fr-FR\",\"potentialAction\":[{\"@type\":\"ReadAction\",\"target\":[\"https:\\\/\\\/www.inverseteams.com\\\/fr\\\/produit\\\/polo-personalise-trainning\\\/\"]}]},{\"@type\":\"ImageObject\",\"inLanguage\":\"fr-FR\",\"@id\":\"https:\\\/\\\/www.inverseteams.com\\\/fr\\\/produit\\\/polo-personalise-trainning\\\/#primaryimage\",\"url\":\"https:\\\/\\\/www.inverseteams.com\\\/wp-content\\\/uploads\\\/POLO-TRAINING-1-5.jpg\",\"contentUrl\":\"https:\\\/\\\/www.inverseteams.com\\\/wp-content\\\/uploads\\\/POLO-TRAINING-1-5.jpg\",\"width\":3222,\"height\":3462,\"caption\":\"POLO CLUB SUBLIMADO PERSONALIZADO\"},{\"@type\":\"BreadcrumbList\",\"@id\":\"https:\\\/\\\/www.inverseteams.com\\\/fr\\\/produit\\\/polo-personalise-trainning\\\/#breadcrumb\",\"itemListElement\":[{\"@type\":\"ListItem\",\"position\":1,\"name\":\"Portada\",\"item\":\"https:\\\/\\\/www.inverseteams.com\\\/fr\\\/pagina-principal\\\/\"},{\"@type\":\"ListItem\",\"position\":2,\"name\":\"Panier\",\"item\":\"https:\\\/\\\/www.inverseteams.com\\\/fr\\\/panier\\\/\"},{\"@type\":\"ListItem\",\"position\":3,\"name\":\"Polo personnalis\u00e9 TRAINNING\"}]},{\"@type\":\"WebSite\",\"@id\":\"https:\\\/\\\/www.inverseteams.com\\\/fr\\\/#website\",\"url\":\"https:\\\/\\\/www.inverseteams.com\\\/fr\\\/\",\"name\":\"Inverseteams\",\"description\":\"Tu marca de ropa deportiva personalizada\",\"publisher\":{\"@id\":\"https:\\\/\\\/www.inverseteams.com\\\/fr\\\/#organization\"},\"potentialAction\":[{\"@type\":\"SearchAction\",\"target\":{\"@type\":\"EntryPoint\",\"urlTemplate\":\"https:\\\/\\\/www.inverseteams.com\\\/fr\\\/?s={search_term_string}\"},\"query-input\":{\"@type\":\"PropertyValueSpecification\",\"valueRequired\":true,\"valueName\":\"search_term_string\"}}],\"inLanguage\":\"fr-FR\"},{\"@type\":\"Organization\",\"@id\":\"https:\\\/\\\/www.inverseteams.com\\\/fr\\\/#organization\",\"name\":\"Inverse Teams\",\"url\":\"https:\\\/\\\/www.inverseteams.com\\\/fr\\\/\",\"logo\":{\"@type\":\"ImageObject\",\"inLanguage\":\"fr-FR\",\"@id\":\"https:\\\/\\\/www.inverseteams.com\\\/fr\\\/#\\\/schema\\\/logo\\\/image\\\/\",\"url\":\"https:\\\/\\\/www.inverseteams.com\\\/wp-content\\\/uploads\\\/2021\\\/03\\\/logo-inverse-teams.png\",\"contentUrl\":\"https:\\\/\\\/www.inverseteams.com\\\/wp-content\\\/uploads\\\/2021\\\/03\\\/logo-inverse-teams.png\",\"width\":294,\"height\":99,\"caption\":\"Inverse Teams\"},\"image\":{\"@id\":\"https:\\\/\\\/www.inverseteams.com\\\/fr\\\/#\\\/schema\\\/logo\\\/image\\\/\"},\"sameAs\":[\"https:\\\/\\\/www.facebook.com\\\/inverseteams\",\"http:\\\/\\\/instagram.com\\\/inverseteams\",\"https:\\\/\\\/www.linkedin.com\\\/company\\\/inverse-cirosport-s-l-?trk=job_view_topcard_company_name\",\"http:\\\/\\\/www.pinterest.com\\\/inverseteams\\\/\",\"http:\\\/\\\/www.youtube.com\\\/user\\\/inverseteams?feature=watch\"]}]}<\/script>\n<!-- \/ Yoast SEO plugin. -->","yoast_head_json":{"title":"Polo personnalis\u00e9 TRAINNING","description":"Polo personnalis\u00e9 TRAINING avec tissu technique tr\u00e8s l\u00e9ger et 3 boutons sur la poitrine. Id\u00e9al pour les journ\u00e9es chaudes.Livraison rapide Demandez un budget !","robots":{"index":"index","follow":"follow","max-snippet":"max-snippet:-1","max-image-preview":"max-image-preview:large","max-video-preview":"max-video-preview:-1"},"canonical":"https:\/\/www.inverseteams.com\/fr\/produit\/polo-personalise-trainning\/","og_locale":"fr_FR","og_type":"article","og_title":"Polo personnalis\u00e9 TRAINNING","og_description":"Polo personnalis\u00e9 TRAINING avec tissu technique tr\u00e8s l\u00e9ger et 3 boutons sur la poitrine. Id\u00e9al pour les journ\u00e9es chaudes.Livraison rapide Demandez un budget !","og_url":"https:\/\/www.inverseteams.com\/fr\/produit\/polo-personalise-trainning\/","og_site_name":"Inverseteams","article_publisher":"https:\/\/www.facebook.com\/inverseteams","article_modified_time":"2023-10-02T12:31:02+00:00","og_image":[{"width":3222,"height":3462,"url":"https:\/\/www.inverseteams.com\/wp-content\/uploads\/POLO-TRAINING-1-5.jpg","type":"image\/jpeg"}],"twitter_card":"summary_large_image","twitter_misc":{"Dur\u00e9e de lecture estim\u00e9e":"1 minute"},"schema":{"@context":"https:\/\/schema.org","@graph":[{"@type":"WebPage","@id":"https:\/\/www.inverseteams.com\/fr\/produit\/polo-personalise-trainning\/","url":"https:\/\/www.inverseteams.com\/fr\/produit\/polo-personalise-trainning\/","name":"Polo personnalis\u00e9 TRAINNING","isPartOf":{"@id":"https:\/\/www.inverseteams.com\/fr\/#website"},"primaryImageOfPage":{"@id":"https:\/\/www.inverseteams.com\/fr\/produit\/polo-personalise-trainning\/#primaryimage"},"image":{"@id":"https:\/\/www.inverseteams.com\/fr\/produit\/polo-personalise-trainning\/#primaryimage"},"thumbnailUrl":"https:\/\/www.inverseteams.com\/wp-content\/uploads\/POLO-TRAINING-1-5.jpg","datePublished":"2021-05-10T09:16:33+00:00","dateModified":"2023-10-02T12:31:02+00:00","description":"Polo personnalis\u00e9 TRAINING avec tissu technique tr\u00e8s l\u00e9ger et 3 boutons sur la poitrine. Id\u00e9al pour les journ\u00e9es chaudes.Livraison rapide Demandez un budget !","breadcrumb":{"@id":"https:\/\/www.inverseteams.com\/fr\/produit\/polo-personalise-trainning\/#breadcrumb"},"inLanguage":"fr-FR","potentialAction":[{"@type":"ReadAction","target":["https:\/\/www.inverseteams.com\/fr\/produit\/polo-personalise-trainning\/"]}]},{"@type":"ImageObject","inLanguage":"fr-FR","@id":"https:\/\/www.inverseteams.com\/fr\/produit\/polo-personalise-trainning\/#primaryimage","url":"https:\/\/www.inverseteams.com\/wp-content\/uploads\/POLO-TRAINING-1-5.jpg","contentUrl":"https:\/\/www.inverseteams.com\/wp-content\/uploads\/POLO-TRAINING-1-5.jpg","width":3222,"height":3462,"caption":"POLO CLUB SUBLIMADO PERSONALIZADO"},{"@type":"BreadcrumbList","@id":"https:\/\/www.inverseteams.com\/fr\/produit\/polo-personalise-trainning\/#breadcrumb","itemListElement":[{"@type":"ListItem","position":1,"name":"Portada","item":"https:\/\/www.inverseteams.com\/fr\/pagina-principal\/"},{"@type":"ListItem","position":2,"name":"Panier","item":"https:\/\/www.inverseteams.com\/fr\/panier\/"},{"@type":"ListItem","position":3,"name":"Polo personnalis\u00e9 TRAINNING"}]},{"@type":"WebSite","@id":"https:\/\/www.inverseteams.com\/fr\/#website","url":"https:\/\/www.inverseteams.com\/fr\/","name":"Inverseteams","description":"Tu marca de ropa deportiva personalizada","publisher":{"@id":"https:\/\/www.inverseteams.com\/fr\/#organization"},"potentialAction":[{"@type":"SearchAction","target":{"@type":"EntryPoint","urlTemplate":"https:\/\/www.inverseteams.com\/fr\/?s={search_term_string}"},"query-input":{"@type":"PropertyValueSpecification","valueRequired":true,"valueName":"search_term_string"}}],"inLanguage":"fr-FR"},{"@type":"Organization","@id":"https:\/\/www.inverseteams.com\/fr\/#organization","name":"Inverse Teams","url":"https:\/\/www.inverseteams.com\/fr\/","logo":{"@type":"ImageObject","inLanguage":"fr-FR","@id":"https:\/\/www.inverseteams.com\/fr\/#\/schema\/logo\/image\/","url":"https:\/\/www.inverseteams.com\/wp-content\/uploads\/2021\/03\/logo-inverse-teams.png","contentUrl":"https:\/\/www.inverseteams.com\/wp-content\/uploads\/2021\/03\/logo-inverse-teams.png","width":294,"height":99,"caption":"Inverse Teams"},"image":{"@id":"https:\/\/www.inverseteams.com\/fr\/#\/schema\/logo\/image\/"},"sameAs":["https:\/\/www.facebook.com\/inverseteams","http:\/\/instagram.com\/inverseteams","https:\/\/www.linkedin.com\/company\/inverse-cirosport-s-l-?trk=job_view_topcard_company_name","http:\/\/www.pinterest.com\/inverseteams\/","http:\/\/www.youtube.com\/user\/inverseteams?feature=watch"]}]}},"_links":{"self":[{"href":"https:\/\/www.inverseteams.com\/fr\/wp-json\/wp\/v2\/product\/17372","targetHints":{"allow":["GET"]}}],"collection":[{"href":"https:\/\/www.inverseteams.com\/fr\/wp-json\/wp\/v2\/product"}],"about":[{"href":"https:\/\/www.inverseteams.com\/fr\/wp-json\/wp\/v2\/types\/product"}],"replies":[{"embeddable":true,"href":"https:\/\/www.inverseteams.com\/fr\/wp-json\/wp\/v2\/comments?post=17372"}],"wp:featuredmedia":[{"embeddable":true,"href":"https:\/\/www.inverseteams.com\/fr\/wp-json\/wp\/v2\/media\/141047"}],"wp:attachment":[{"href":"https:\/\/www.inverseteams.com\/fr\/wp-json\/wp\/v2\/media?parent=17372"}],"wp:term":[{"taxonomy":"product_brand","embeddable":true,"href":"https:\/\/www.inverseteams.com\/fr\/wp-json\/wp\/v2\/product_brand?post=17372"},{"taxonomy":"product_cat","embeddable":true,"href":"https:\/\/www.inverseteams.com\/fr\/wp-json\/wp\/v2\/product_cat?post=17372"},{"taxonomy":"product_tag","embeddable":true,"href":"https:\/\/www.inverseteams.com\/fr\/wp-json\/wp\/v2\/product_tag?post=17372"},{"taxonomy":"custom_category","embeddable":true,"href":"https:\/\/www.inverseteams.com\/fr\/wp-json\/wp\/v2\/custom_category?post=17372"},{"taxonomy":"range","embeddable":true,"href":"https:\/\/www.inverseteams.com\/fr\/wp-json\/wp\/v2\/range?post=17372"}],"curies":[{"name":"wp","href":"https:\/\/api.w.org\/{rel}","templated":true}]}}