{"id":17356,"date":"2021-05-10T08:32:20","date_gmt":"2021-05-10T09:16:14","guid":{"rendered":"https:\/\/inverseteams.com\/?post_type=product&#038;p=17356"},"modified":"2023-10-03T07:18:48","modified_gmt":"2023-10-03T07:18:48","slug":"tee-shirt-fitness-personnalise-workout","status":"publish","type":"product","link":"https:\/\/www.inverseteams.com\/fr\/produit\/tee-shirt-fitness-personnalise-workout\/","title":{"rendered":"Tee-shirt fitness personnalis\u00e9 WORK OUT"},"content":{"rendered":"<p>Design et technologie se combinent parfaitement dans ce tee-shirt fitness technique. Son patron, sa l\u00e9g\u00e8ret\u00e9 et sa douceur vous feront vous sentir tr\u00e8s \u00e0 l\u2019aise pendant les entra\u00eenements ou en comp\u00e9tition.<br \/>\nLe traitement Dual Comfort System permet de r\u00e9guler la temp\u00e9rature corporelle et d\u2019\u00e9viter la surchauffe de la peau. D\u2019autre part, la structure de ses fibres permet d\u2019\u00e9vacuer la sueur \u00e0 l\u2019ext\u00e9rieur pour maintenir votre peau s\u00e8che.<br \/>\nCe nouveau t-shirt de fitness vous aidera \u00e0 optimiser vos efforts et \u00e0 profiter pleinement du sport.<\/p>\n","protected":false},"excerpt":{"rendered":"<p>Design et technologie se combinent parfaitement dans ce tee-shirt fitness technique. Son patron, sa l\u00e9g\u00e8ret\u00e9 et sa douceur vous feront vous sentir tr\u00e8s \u00e0 l\u2019aise pendant les entra\u00eenements ou en comp\u00e9tition.<br \/>\nLe traitement Dual Comfort System permet de r\u00e9guler la temp\u00e9rature corporelle et d\u2019\u00e9viter la surchauffe de la peau. D\u2019autre part, la structure de ses fibres permet d\u2019\u00e9vacuer la sueur \u00e0 l\u2019ext\u00e9rieur pour maintenir votre peau s\u00e8che.<br \/>\nCe nouveau t-shirt de fitness vous aidera \u00e0 optimiser vos efforts et \u00e0 profiter pleinement du sport.<\/p>\n","protected":false},"featured_media":141143,"comment_status":"closed","ping_status":"closed","template":"","meta":{"_acf_changed":false},"product_brand":[],"product_cat":[8305],"product_tag":[],"custom_category":[3349,3439,3436],"range":[2510],"class_list":{"0":"post-17356","1":"product","2":"type-product","3":"status-publish","4":"has-post-thumbnail","6":"product_cat-uncategorized-fr","7":"pa_climatologia-chaud","8":"pa_deporte-fitness-fr","9":"pa_genero-homme","10":"pa_genero-femme","11":"pa_genero-infantile-fr","12":"pa_patronaje-regular-fr","13":"pa_tipo-de-prenda-t-shirt-fr","14":"custom_category-sport-fr","15":"custom_category-t-shirt-fitness-personnalise","16":"custom_category-vetements-fitness-personnalises","17":"range-work-out-fr","19":"first","20":"instock","21":"product-type-custom"},"acf":[],"yoast_head":"<!-- This site is optimized with the Yoast SEO plugin v27.3 - https:\/\/yoast.com\/product\/yoast-seo-wordpress\/ -->\n<title>Tee-shirt fitness personnalis\u00e9 WORK OUT<\/title>\n<meta name=\"description\" content=\"Tee-shirt fitness personnalis\u00e9e tr\u00e8s l\u00e9g\u00e8re, respirante et confortable, elle vous aidera \u00e0 optimiser vos efforts. Livraison sous 4 semaines Demandez un budget !\" \/>\n<meta name=\"robots\" content=\"index, follow, max-snippet:-1, max-image-preview:large, max-video-preview:-1\" \/>\n<link rel=\"canonical\" href=\"https:\/\/www.inverseteams.com\/fr\/produit\/tee-shirt-fitness-personnalise-workout\/\" \/>\n<meta property=\"og:locale\" content=\"fr_FR\" \/>\n<meta property=\"og:type\" content=\"article\" \/>\n<meta property=\"og:title\" content=\"Tee-shirt fitness personnalis\u00e9 WORK OUT\" \/>\n<meta property=\"og:description\" content=\"Tee-shirt fitness personnalis\u00e9e tr\u00e8s l\u00e9g\u00e8re, respirante et confortable, elle vous aidera \u00e0 optimiser vos efforts. Livraison sous 4 semaines Demandez un budget !\" \/>\n<meta property=\"og:url\" content=\"https:\/\/www.inverseteams.com\/fr\/produit\/tee-shirt-fitness-personnalise-workout\/\" \/>\n<meta property=\"og:site_name\" content=\"Inverseteams\" \/>\n<meta property=\"article:publisher\" content=\"https:\/\/www.facebook.com\/inverseteams\" \/>\n<meta property=\"article:modified_time\" content=\"2023-10-03T07:18:48+00:00\" \/>\n<meta property=\"og:image\" content=\"https:\/\/www.inverseteams.com\/wp-content\/uploads\/CAMISETA-MC-WORK-OUT-1.jpg\" \/>\n\t<meta property=\"og:image:width\" content=\"3222\" \/>\n\t<meta property=\"og:image:height\" content=\"3462\" \/>\n\t<meta property=\"og:image:type\" content=\"image\/jpeg\" \/>\n<meta name=\"twitter:card\" content=\"summary_large_image\" \/>\n<meta name=\"twitter:label1\" content=\"Dur\u00e9e de lecture estim\u00e9e\" \/>\n\t<meta name=\"twitter:data1\" content=\"1 minute\" \/>\n<script type=\"application\/ld+json\" class=\"yoast-schema-graph\">{\"@context\":\"https:\\\/\\\/schema.org\",\"@graph\":[{\"@type\":\"WebPage\",\"@id\":\"https:\\\/\\\/www.inverseteams.com\\\/fr\\\/produit\\\/tee-shirt-fitness-personnalise-workout\\\/\",\"url\":\"https:\\\/\\\/www.inverseteams.com\\\/fr\\\/produit\\\/tee-shirt-fitness-personnalise-workout\\\/\",\"name\":\"Tee-shirt fitness personnalis\u00e9 WORK OUT\",\"isPartOf\":{\"@id\":\"https:\\\/\\\/www.inverseteams.com\\\/fr\\\/#website\"},\"primaryImageOfPage\":{\"@id\":\"https:\\\/\\\/www.inverseteams.com\\\/fr\\\/produit\\\/tee-shirt-fitness-personnalise-workout\\\/#primaryimage\"},\"image\":{\"@id\":\"https:\\\/\\\/www.inverseteams.com\\\/fr\\\/produit\\\/tee-shirt-fitness-personnalise-workout\\\/#primaryimage\"},\"thumbnailUrl\":\"https:\\\/\\\/www.inverseteams.com\\\/wp-content\\\/uploads\\\/CAMISETA-MC-WORK-OUT-1.jpg\",\"datePublished\":\"2021-05-10T09:16:14+00:00\",\"dateModified\":\"2023-10-03T07:18:48+00:00\",\"description\":\"Tee-shirt fitness personnalis\u00e9e tr\u00e8s l\u00e9g\u00e8re, respirante et confortable, elle vous aidera \u00e0 optimiser vos efforts. Livraison sous 4 semaines Demandez un budget !\",\"breadcrumb\":{\"@id\":\"https:\\\/\\\/www.inverseteams.com\\\/fr\\\/produit\\\/tee-shirt-fitness-personnalise-workout\\\/#breadcrumb\"},\"inLanguage\":\"fr-FR\",\"potentialAction\":[{\"@type\":\"ReadAction\",\"target\":[\"https:\\\/\\\/www.inverseteams.com\\\/fr\\\/produit\\\/tee-shirt-fitness-personnalise-workout\\\/\"]}]},{\"@type\":\"ImageObject\",\"inLanguage\":\"fr-FR\",\"@id\":\"https:\\\/\\\/www.inverseteams.com\\\/fr\\\/produit\\\/tee-shirt-fitness-personnalise-workout\\\/#primaryimage\",\"url\":\"https:\\\/\\\/www.inverseteams.com\\\/wp-content\\\/uploads\\\/CAMISETA-MC-WORK-OUT-1.jpg\",\"contentUrl\":\"https:\\\/\\\/www.inverseteams.com\\\/wp-content\\\/uploads\\\/CAMISETA-MC-WORK-OUT-1.jpg\",\"width\":3222,\"height\":3462,\"caption\":\"camiseta manga corta fitness personalizada\"},{\"@type\":\"BreadcrumbList\",\"@id\":\"https:\\\/\\\/www.inverseteams.com\\\/fr\\\/produit\\\/tee-shirt-fitness-personnalise-workout\\\/#breadcrumb\",\"itemListElement\":[{\"@type\":\"ListItem\",\"position\":1,\"name\":\"Portada\",\"item\":\"https:\\\/\\\/www.inverseteams.com\\\/fr\\\/pagina-principal\\\/\"},{\"@type\":\"ListItem\",\"position\":2,\"name\":\"Panier\",\"item\":\"https:\\\/\\\/www.inverseteams.com\\\/fr\\\/panier\\\/\"},{\"@type\":\"ListItem\",\"position\":3,\"name\":\"Tee-shirt fitness personnalis\u00e9 WORK OUT\"}]},{\"@type\":\"WebSite\",\"@id\":\"https:\\\/\\\/www.inverseteams.com\\\/fr\\\/#website\",\"url\":\"https:\\\/\\\/www.inverseteams.com\\\/fr\\\/\",\"name\":\"Inverseteams\",\"description\":\"Tu marca de ropa deportiva personalizada\",\"publisher\":{\"@id\":\"https:\\\/\\\/www.inverseteams.com\\\/fr\\\/#organization\"},\"potentialAction\":[{\"@type\":\"SearchAction\",\"target\":{\"@type\":\"EntryPoint\",\"urlTemplate\":\"https:\\\/\\\/www.inverseteams.com\\\/fr\\\/?s={search_term_string}\"},\"query-input\":{\"@type\":\"PropertyValueSpecification\",\"valueRequired\":true,\"valueName\":\"search_term_string\"}}],\"inLanguage\":\"fr-FR\"},{\"@type\":\"Organization\",\"@id\":\"https:\\\/\\\/www.inverseteams.com\\\/fr\\\/#organization\",\"name\":\"Inverse Teams\",\"url\":\"https:\\\/\\\/www.inverseteams.com\\\/fr\\\/\",\"logo\":{\"@type\":\"ImageObject\",\"inLanguage\":\"fr-FR\",\"@id\":\"https:\\\/\\\/www.inverseteams.com\\\/fr\\\/#\\\/schema\\\/logo\\\/image\\\/\",\"url\":\"http:\\\/\\\/www.inverseteams.com\\\/wp-content\\\/uploads\\\/2021\\\/03\\\/logo-inverse-teams.png\",\"contentUrl\":\"http:\\\/\\\/www.inverseteams.com\\\/wp-content\\\/uploads\\\/2021\\\/03\\\/logo-inverse-teams.png\",\"width\":294,\"height\":99,\"caption\":\"Inverse Teams\"},\"image\":{\"@id\":\"https:\\\/\\\/www.inverseteams.com\\\/fr\\\/#\\\/schema\\\/logo\\\/image\\\/\"},\"sameAs\":[\"https:\\\/\\\/www.facebook.com\\\/inverseteams\",\"http:\\\/\\\/instagram.com\\\/inverseteams\",\"https:\\\/\\\/www.linkedin.com\\\/company\\\/inverse-cirosport-s-l-?trk=job_view_topcard_company_name\",\"http:\\\/\\\/www.pinterest.com\\\/inverseteams\\\/\",\"http:\\\/\\\/www.youtube.com\\\/user\\\/inverseteams?feature=watch\"]}]}<\/script>\n<!-- \/ Yoast SEO plugin. -->","yoast_head_json":{"title":"Tee-shirt fitness personnalis\u00e9 WORK OUT","description":"Tee-shirt fitness personnalis\u00e9e tr\u00e8s l\u00e9g\u00e8re, respirante et confortable, elle vous aidera \u00e0 optimiser vos efforts. Livraison sous 4 semaines Demandez un budget !","robots":{"index":"index","follow":"follow","max-snippet":"max-snippet:-1","max-image-preview":"max-image-preview:large","max-video-preview":"max-video-preview:-1"},"canonical":"https:\/\/www.inverseteams.com\/fr\/produit\/tee-shirt-fitness-personnalise-workout\/","og_locale":"fr_FR","og_type":"article","og_title":"Tee-shirt fitness personnalis\u00e9 WORK OUT","og_description":"Tee-shirt fitness personnalis\u00e9e tr\u00e8s l\u00e9g\u00e8re, respirante et confortable, elle vous aidera \u00e0 optimiser vos efforts. Livraison sous 4 semaines Demandez un budget !","og_url":"https:\/\/www.inverseteams.com\/fr\/produit\/tee-shirt-fitness-personnalise-workout\/","og_site_name":"Inverseteams","article_publisher":"https:\/\/www.facebook.com\/inverseteams","article_modified_time":"2023-10-03T07:18:48+00:00","og_image":[{"width":3222,"height":3462,"url":"https:\/\/www.inverseteams.com\/wp-content\/uploads\/CAMISETA-MC-WORK-OUT-1.jpg","type":"image\/jpeg"}],"twitter_card":"summary_large_image","twitter_misc":{"Dur\u00e9e de lecture estim\u00e9e":"1 minute"},"schema":{"@context":"https:\/\/schema.org","@graph":[{"@type":"WebPage","@id":"https:\/\/www.inverseteams.com\/fr\/produit\/tee-shirt-fitness-personnalise-workout\/","url":"https:\/\/www.inverseteams.com\/fr\/produit\/tee-shirt-fitness-personnalise-workout\/","name":"Tee-shirt fitness personnalis\u00e9 WORK OUT","isPartOf":{"@id":"https:\/\/www.inverseteams.com\/fr\/#website"},"primaryImageOfPage":{"@id":"https:\/\/www.inverseteams.com\/fr\/produit\/tee-shirt-fitness-personnalise-workout\/#primaryimage"},"image":{"@id":"https:\/\/www.inverseteams.com\/fr\/produit\/tee-shirt-fitness-personnalise-workout\/#primaryimage"},"thumbnailUrl":"https:\/\/www.inverseteams.com\/wp-content\/uploads\/CAMISETA-MC-WORK-OUT-1.jpg","datePublished":"2021-05-10T09:16:14+00:00","dateModified":"2023-10-03T07:18:48+00:00","description":"Tee-shirt fitness personnalis\u00e9e tr\u00e8s l\u00e9g\u00e8re, respirante et confortable, elle vous aidera \u00e0 optimiser vos efforts. Livraison sous 4 semaines Demandez un budget !","breadcrumb":{"@id":"https:\/\/www.inverseteams.com\/fr\/produit\/tee-shirt-fitness-personnalise-workout\/#breadcrumb"},"inLanguage":"fr-FR","potentialAction":[{"@type":"ReadAction","target":["https:\/\/www.inverseteams.com\/fr\/produit\/tee-shirt-fitness-personnalise-workout\/"]}]},{"@type":"ImageObject","inLanguage":"fr-FR","@id":"https:\/\/www.inverseteams.com\/fr\/produit\/tee-shirt-fitness-personnalise-workout\/#primaryimage","url":"https:\/\/www.inverseteams.com\/wp-content\/uploads\/CAMISETA-MC-WORK-OUT-1.jpg","contentUrl":"https:\/\/www.inverseteams.com\/wp-content\/uploads\/CAMISETA-MC-WORK-OUT-1.jpg","width":3222,"height":3462,"caption":"camiseta manga corta fitness personalizada"},{"@type":"BreadcrumbList","@id":"https:\/\/www.inverseteams.com\/fr\/produit\/tee-shirt-fitness-personnalise-workout\/#breadcrumb","itemListElement":[{"@type":"ListItem","position":1,"name":"Portada","item":"https:\/\/www.inverseteams.com\/fr\/pagina-principal\/"},{"@type":"ListItem","position":2,"name":"Panier","item":"https:\/\/www.inverseteams.com\/fr\/panier\/"},{"@type":"ListItem","position":3,"name":"Tee-shirt fitness personnalis\u00e9 WORK OUT"}]},{"@type":"WebSite","@id":"https:\/\/www.inverseteams.com\/fr\/#website","url":"https:\/\/www.inverseteams.com\/fr\/","name":"Inverseteams","description":"Tu marca de ropa deportiva personalizada","publisher":{"@id":"https:\/\/www.inverseteams.com\/fr\/#organization"},"potentialAction":[{"@type":"SearchAction","target":{"@type":"EntryPoint","urlTemplate":"https:\/\/www.inverseteams.com\/fr\/?s={search_term_string}"},"query-input":{"@type":"PropertyValueSpecification","valueRequired":true,"valueName":"search_term_string"}}],"inLanguage":"fr-FR"},{"@type":"Organization","@id":"https:\/\/www.inverseteams.com\/fr\/#organization","name":"Inverse Teams","url":"https:\/\/www.inverseteams.com\/fr\/","logo":{"@type":"ImageObject","inLanguage":"fr-FR","@id":"https:\/\/www.inverseteams.com\/fr\/#\/schema\/logo\/image\/","url":"https:\/\/www.inverseteams.com\/wp-content\/uploads\/2021\/03\/logo-inverse-teams.png","contentUrl":"https:\/\/www.inverseteams.com\/wp-content\/uploads\/2021\/03\/logo-inverse-teams.png","width":294,"height":99,"caption":"Inverse Teams"},"image":{"@id":"https:\/\/www.inverseteams.com\/fr\/#\/schema\/logo\/image\/"},"sameAs":["https:\/\/www.facebook.com\/inverseteams","http:\/\/instagram.com\/inverseteams","https:\/\/www.linkedin.com\/company\/inverse-cirosport-s-l-?trk=job_view_topcard_company_name","http:\/\/www.pinterest.com\/inverseteams\/","http:\/\/www.youtube.com\/user\/inverseteams?feature=watch"]}]}},"_links":{"self":[{"href":"https:\/\/www.inverseteams.com\/fr\/wp-json\/wp\/v2\/product\/17356","targetHints":{"allow":["GET"]}}],"collection":[{"href":"https:\/\/www.inverseteams.com\/fr\/wp-json\/wp\/v2\/product"}],"about":[{"href":"https:\/\/www.inverseteams.com\/fr\/wp-json\/wp\/v2\/types\/product"}],"replies":[{"embeddable":true,"href":"https:\/\/www.inverseteams.com\/fr\/wp-json\/wp\/v2\/comments?post=17356"}],"wp:featuredmedia":[{"embeddable":true,"href":"https:\/\/www.inverseteams.com\/fr\/wp-json\/wp\/v2\/media\/141143"}],"wp:attachment":[{"href":"https:\/\/www.inverseteams.com\/fr\/wp-json\/wp\/v2\/media?parent=17356"}],"wp:term":[{"taxonomy":"product_brand","embeddable":true,"href":"https:\/\/www.inverseteams.com\/fr\/wp-json\/wp\/v2\/product_brand?post=17356"},{"taxonomy":"product_cat","embeddable":true,"href":"https:\/\/www.inverseteams.com\/fr\/wp-json\/wp\/v2\/product_cat?post=17356"},{"taxonomy":"product_tag","embeddable":true,"href":"https:\/\/www.inverseteams.com\/fr\/wp-json\/wp\/v2\/product_tag?post=17356"},{"taxonomy":"custom_category","embeddable":true,"href":"https:\/\/www.inverseteams.com\/fr\/wp-json\/wp\/v2\/custom_category?post=17356"},{"taxonomy":"range","embeddable":true,"href":"https:\/\/www.inverseteams.com\/fr\/wp-json\/wp\/v2\/range?post=17356"}],"curies":[{"name":"wp","href":"https:\/\/api.w.org\/{rel}","templated":true}]}}