{"id":17352,"date":"2021-05-10T08:32:12","date_gmt":"2021-05-10T09:16:08","guid":{"rendered":"https:\/\/inverseteams.com\/?post_type=product&#038;p=17352"},"modified":"2024-02-13T14:13:18","modified_gmt":"2024-02-13T14:13:18","slug":"cuissard-crosstraining-personnalise-hard","status":"publish","type":"product","link":"https:\/\/www.inverseteams.com\/fr\/produit\/cuissard-crosstraining-personnalise-hard\/","title":{"rendered":"Cuissard crosstraining personnalis\u00e9 HARD"},"content":{"rendered":"<p>Avec le nouveau cuissard crosstraining HARD, vous atteindrez vos meilleures performances. Il se caract\u00e9rise par une bonne compression musculaire. Ce cuissard parvient \u00e0 garder l\u2019acide lactique sous contr\u00f4le, retarde la fatigue musculaire et aide \u00e0 oxyg\u00e9ner le sang.<br \/>\nAu bout des jambes, il a une bande \u00e9lastique micro-perfor\u00e9e recouverte \u00e0 l\u2019int\u00e9rieur d\u2019un grip en silicone hypoallerg\u00e9nique. Cela maintient la pi\u00e8ce solidement attach\u00e9e \u00e0 la jambe et mod\u00e8re la transpiration. \u00c0 l\u2019ext\u00e9rieur, des lignes r\u00e9fl\u00e9chissantes de 360\u00ba augmentent votre s\u00e9curit\u00e9 en r\u00e9fl\u00e9chissant les lumi\u00e8res des v\u00e9hicules.<br \/>\nDes deux c\u00f4t\u00e9s, il a une poche en grille o\u00f9 vous pouvez porter des barres nutritionnelles.<br \/>\nLes coutures plates qu\u2019il incorpore sont tr\u00e8s r\u00e9sistantes et \u00e9vitent tout frottement ou irritation de la peau. La bande \u00e9lastique de la taille s\u2019ajuste tr\u00e8s bien au corps et maintient fermement le v\u00eatement, sans g\u00eaner.<\/p>\n","protected":false},"excerpt":{"rendered":"<p>Avec le nouveau cuissard crosstraining HARD, vous atteindrez vos meilleures performances. Il se caract\u00e9rise par une bonne compression musculaire. Ce cuissard parvient \u00e0 garder l\u2019acide lactique sous contr\u00f4le, retarde la fatigue musculaire et aide \u00e0 oxyg\u00e9ner le sang.<br \/>\nAu bout des jambes, il a une bande \u00e9lastique micro-perfor\u00e9e recouverte \u00e0 l\u2019int\u00e9rieur d\u2019un grip en silicone hypoallerg\u00e9nique. Cela maintient la pi\u00e8ce solidement attach\u00e9e \u00e0 la jambe et mod\u00e8re la transpiration. \u00c0 l\u2019ext\u00e9rieur, des lignes r\u00e9fl\u00e9chissantes de 360\u00ba augmentent votre s\u00e9curit\u00e9 en r\u00e9fl\u00e9chissant les lumi\u00e8res des v\u00e9hicules.<br \/>\nDes deux c\u00f4t\u00e9s, il a une poche en grille o\u00f9 vous pouvez porter des barres nutritionnelles.<br \/>\nLes coutures plates qu\u2019il incorpore sont tr\u00e8s r\u00e9sistantes et \u00e9vitent tout frottement ou irritation de la peau. La bande \u00e9lastique de la taille s\u2019ajuste tr\u00e8s bien au corps et maintient fermement le v\u00eatement, sans g\u00eaner.<\/p>\n","protected":false},"featured_media":141111,"comment_status":"closed","ping_status":"closed","template":"","meta":{"_acf_changed":false},"product_brand":[],"product_cat":[8305],"product_tag":[],"custom_category":[3349,3433,3427],"range":[2509],"class_list":{"0":"post-17352","1":"product","2":"type-product","3":"status-publish","4":"has-post-thumbnail","6":"product_cat-uncategorized-fr","7":"pa_climatologia-chaud","8":"pa_deporte-crosstraining-fr","9":"pa_genero-homme","10":"pa_genero-femme","11":"pa_genero-infantile-fr","12":"pa_patronaje-fit-fr","13":"pa_tipo-de-prenda-cuissard-fr","14":"custom_category-sport-fr","15":"custom_category-shorts-crossfit-peronnalises","16":"custom_category-vetements-crosstraining-personnalises","17":"range-hard-fr","19":"first","20":"instock","21":"product-type-custom"},"acf":[],"yoast_head":"<!-- This site is optimized with the Yoast SEO plugin v27.5 - https:\/\/yoast.com\/product\/yoast-seo-wordpress\/ -->\n<title>Cuissard crosstraining personnalis\u00e9 HARD<\/title>\n<meta name=\"description\" content=\"Cuissard crosstraining personnalis\u00e9 HARD, en tissu compressif et poches lat\u00e9rales et une au dos avec fermeture \u00e9clair. Livraison 4 semaines Demandez un budget !\" \/>\n<meta name=\"robots\" content=\"index, follow, max-snippet:-1, max-image-preview:large, max-video-preview:-1\" \/>\n<link rel=\"canonical\" href=\"https:\/\/www.inverseteams.com\/fr\/produit\/cuissard-crosstraining-personnalise-hard\/\" \/>\n<meta property=\"og:locale\" content=\"fr_FR\" \/>\n<meta property=\"og:type\" content=\"article\" \/>\n<meta property=\"og:title\" content=\"Cuissard crosstraining personnalis\u00e9 HARD\" \/>\n<meta property=\"og:description\" content=\"Cuissard crosstraining personnalis\u00e9 HARD, en tissu compressif et poches lat\u00e9rales et une au dos avec fermeture \u00e9clair. Livraison 4 semaines Demandez un budget !\" \/>\n<meta property=\"og:url\" content=\"https:\/\/www.inverseteams.com\/fr\/produit\/cuissard-crosstraining-personnalise-hard\/\" \/>\n<meta property=\"og:site_name\" content=\"Inverseteams\" \/>\n<meta property=\"article:publisher\" content=\"https:\/\/www.facebook.com\/inverseteams\" \/>\n<meta property=\"article:modified_time\" content=\"2024-02-13T14:13:18+00:00\" \/>\n<meta property=\"og:image\" content=\"https:\/\/www.inverseteams.com\/wp-content\/uploads\/MALLA-CORTA-HARD-1.jpg\" \/>\n\t<meta property=\"og:image:width\" content=\"3222\" \/>\n\t<meta property=\"og:image:height\" content=\"3462\" \/>\n\t<meta property=\"og:image:type\" content=\"image\/jpeg\" \/>\n<meta name=\"twitter:card\" content=\"summary_large_image\" \/>\n<meta name=\"twitter:label1\" content=\"Dur\u00e9e de lecture estim\u00e9e\" \/>\n\t<meta name=\"twitter:data1\" content=\"1 minute\" \/>\n<script type=\"application\/ld+json\" class=\"yoast-schema-graph\">{\"@context\":\"https:\\\/\\\/schema.org\",\"@graph\":[{\"@type\":\"WebPage\",\"@id\":\"https:\\\/\\\/www.inverseteams.com\\\/fr\\\/produit\\\/cuissard-crosstraining-personnalise-hard\\\/\",\"url\":\"https:\\\/\\\/www.inverseteams.com\\\/fr\\\/produit\\\/cuissard-crosstraining-personnalise-hard\\\/\",\"name\":\"Cuissard crosstraining personnalis\u00e9 HARD\",\"isPartOf\":{\"@id\":\"https:\\\/\\\/www.inverseteams.com\\\/fr\\\/#website\"},\"primaryImageOfPage\":{\"@id\":\"https:\\\/\\\/www.inverseteams.com\\\/fr\\\/produit\\\/cuissard-crosstraining-personnalise-hard\\\/#primaryimage\"},\"image\":{\"@id\":\"https:\\\/\\\/www.inverseteams.com\\\/fr\\\/produit\\\/cuissard-crosstraining-personnalise-hard\\\/#primaryimage\"},\"thumbnailUrl\":\"https:\\\/\\\/www.inverseteams.com\\\/wp-content\\\/uploads\\\/MALLA-CORTA-HARD-1.jpg\",\"datePublished\":\"2021-05-10T09:16:08+00:00\",\"dateModified\":\"2024-02-13T14:13:18+00:00\",\"description\":\"Cuissard crosstraining personnalis\u00e9 HARD, en tissu compressif et poches lat\u00e9rales et une au dos avec fermeture \u00e9clair. Livraison 4 semaines Demandez un budget !\",\"breadcrumb\":{\"@id\":\"https:\\\/\\\/www.inverseteams.com\\\/fr\\\/produit\\\/cuissard-crosstraining-personnalise-hard\\\/#breadcrumb\"},\"inLanguage\":\"fr-FR\",\"potentialAction\":[{\"@type\":\"ReadAction\",\"target\":[\"https:\\\/\\\/www.inverseteams.com\\\/fr\\\/produit\\\/cuissard-crosstraining-personnalise-hard\\\/\"]}]},{\"@type\":\"ImageObject\",\"inLanguage\":\"fr-FR\",\"@id\":\"https:\\\/\\\/www.inverseteams.com\\\/fr\\\/produit\\\/cuissard-crosstraining-personnalise-hard\\\/#primaryimage\",\"url\":\"https:\\\/\\\/www.inverseteams.com\\\/wp-content\\\/uploads\\\/MALLA-CORTA-HARD-1.jpg\",\"contentUrl\":\"https:\\\/\\\/www.inverseteams.com\\\/wp-content\\\/uploads\\\/MALLA-CORTA-HARD-1.jpg\",\"width\":3222,\"height\":3462,\"caption\":\"malla corta crosstraining ocr spartan personalizada\"},{\"@type\":\"BreadcrumbList\",\"@id\":\"https:\\\/\\\/www.inverseteams.com\\\/fr\\\/produit\\\/cuissard-crosstraining-personnalise-hard\\\/#breadcrumb\",\"itemListElement\":[{\"@type\":\"ListItem\",\"position\":1,\"name\":\"Portada\",\"item\":\"https:\\\/\\\/www.inverseteams.com\\\/fr\\\/pagina-principal\\\/\"},{\"@type\":\"ListItem\",\"position\":2,\"name\":\"Panier\",\"item\":\"https:\\\/\\\/www.inverseteams.com\\\/fr\\\/panier\\\/\"},{\"@type\":\"ListItem\",\"position\":3,\"name\":\"Cuissard crosstraining personnalis\u00e9 HARD\"}]},{\"@type\":\"WebSite\",\"@id\":\"https:\\\/\\\/www.inverseteams.com\\\/fr\\\/#website\",\"url\":\"https:\\\/\\\/www.inverseteams.com\\\/fr\\\/\",\"name\":\"Inverseteams\",\"description\":\"Tu marca de ropa deportiva personalizada\",\"publisher\":{\"@id\":\"https:\\\/\\\/www.inverseteams.com\\\/fr\\\/#organization\"},\"potentialAction\":[{\"@type\":\"SearchAction\",\"target\":{\"@type\":\"EntryPoint\",\"urlTemplate\":\"https:\\\/\\\/www.inverseteams.com\\\/fr\\\/?s={search_term_string}\"},\"query-input\":{\"@type\":\"PropertyValueSpecification\",\"valueRequired\":true,\"valueName\":\"search_term_string\"}}],\"inLanguage\":\"fr-FR\"},{\"@type\":\"Organization\",\"@id\":\"https:\\\/\\\/www.inverseteams.com\\\/fr\\\/#organization\",\"name\":\"Inverse Teams\",\"url\":\"https:\\\/\\\/www.inverseteams.com\\\/fr\\\/\",\"logo\":{\"@type\":\"ImageObject\",\"inLanguage\":\"fr-FR\",\"@id\":\"https:\\\/\\\/www.inverseteams.com\\\/fr\\\/#\\\/schema\\\/logo\\\/image\\\/\",\"url\":\"https:\\\/\\\/www.inverseteams.com\\\/wp-content\\\/uploads\\\/2021\\\/03\\\/logo-inverse-teams.png\",\"contentUrl\":\"https:\\\/\\\/www.inverseteams.com\\\/wp-content\\\/uploads\\\/2021\\\/03\\\/logo-inverse-teams.png\",\"width\":294,\"height\":99,\"caption\":\"Inverse Teams\"},\"image\":{\"@id\":\"https:\\\/\\\/www.inverseteams.com\\\/fr\\\/#\\\/schema\\\/logo\\\/image\\\/\"},\"sameAs\":[\"https:\\\/\\\/www.facebook.com\\\/inverseteams\",\"http:\\\/\\\/instagram.com\\\/inverseteams\",\"https:\\\/\\\/www.linkedin.com\\\/company\\\/inverse-cirosport-s-l-?trk=job_view_topcard_company_name\",\"http:\\\/\\\/www.pinterest.com\\\/inverseteams\\\/\",\"http:\\\/\\\/www.youtube.com\\\/user\\\/inverseteams?feature=watch\"]}]}<\/script>\n<!-- \/ Yoast SEO plugin. -->","yoast_head_json":{"title":"Cuissard crosstraining personnalis\u00e9 HARD","description":"Cuissard crosstraining personnalis\u00e9 HARD, en tissu compressif et poches lat\u00e9rales et une au dos avec fermeture \u00e9clair. Livraison 4 semaines Demandez un budget !","robots":{"index":"index","follow":"follow","max-snippet":"max-snippet:-1","max-image-preview":"max-image-preview:large","max-video-preview":"max-video-preview:-1"},"canonical":"https:\/\/www.inverseteams.com\/fr\/produit\/cuissard-crosstraining-personnalise-hard\/","og_locale":"fr_FR","og_type":"article","og_title":"Cuissard crosstraining personnalis\u00e9 HARD","og_description":"Cuissard crosstraining personnalis\u00e9 HARD, en tissu compressif et poches lat\u00e9rales et une au dos avec fermeture \u00e9clair. Livraison 4 semaines Demandez un budget !","og_url":"https:\/\/www.inverseteams.com\/fr\/produit\/cuissard-crosstraining-personnalise-hard\/","og_site_name":"Inverseteams","article_publisher":"https:\/\/www.facebook.com\/inverseteams","article_modified_time":"2024-02-13T14:13:18+00:00","og_image":[{"width":3222,"height":3462,"url":"https:\/\/www.inverseteams.com\/wp-content\/uploads\/MALLA-CORTA-HARD-1.jpg","type":"image\/jpeg"}],"twitter_card":"summary_large_image","twitter_misc":{"Dur\u00e9e de lecture estim\u00e9e":"1 minute"},"schema":{"@context":"https:\/\/schema.org","@graph":[{"@type":"WebPage","@id":"https:\/\/www.inverseteams.com\/fr\/produit\/cuissard-crosstraining-personnalise-hard\/","url":"https:\/\/www.inverseteams.com\/fr\/produit\/cuissard-crosstraining-personnalise-hard\/","name":"Cuissard crosstraining personnalis\u00e9 HARD","isPartOf":{"@id":"https:\/\/www.inverseteams.com\/fr\/#website"},"primaryImageOfPage":{"@id":"https:\/\/www.inverseteams.com\/fr\/produit\/cuissard-crosstraining-personnalise-hard\/#primaryimage"},"image":{"@id":"https:\/\/www.inverseteams.com\/fr\/produit\/cuissard-crosstraining-personnalise-hard\/#primaryimage"},"thumbnailUrl":"https:\/\/www.inverseteams.com\/wp-content\/uploads\/MALLA-CORTA-HARD-1.jpg","datePublished":"2021-05-10T09:16:08+00:00","dateModified":"2024-02-13T14:13:18+00:00","description":"Cuissard crosstraining personnalis\u00e9 HARD, en tissu compressif et poches lat\u00e9rales et une au dos avec fermeture \u00e9clair. Livraison 4 semaines Demandez un budget !","breadcrumb":{"@id":"https:\/\/www.inverseteams.com\/fr\/produit\/cuissard-crosstraining-personnalise-hard\/#breadcrumb"},"inLanguage":"fr-FR","potentialAction":[{"@type":"ReadAction","target":["https:\/\/www.inverseteams.com\/fr\/produit\/cuissard-crosstraining-personnalise-hard\/"]}]},{"@type":"ImageObject","inLanguage":"fr-FR","@id":"https:\/\/www.inverseteams.com\/fr\/produit\/cuissard-crosstraining-personnalise-hard\/#primaryimage","url":"https:\/\/www.inverseteams.com\/wp-content\/uploads\/MALLA-CORTA-HARD-1.jpg","contentUrl":"https:\/\/www.inverseteams.com\/wp-content\/uploads\/MALLA-CORTA-HARD-1.jpg","width":3222,"height":3462,"caption":"malla corta crosstraining ocr spartan personalizada"},{"@type":"BreadcrumbList","@id":"https:\/\/www.inverseteams.com\/fr\/produit\/cuissard-crosstraining-personnalise-hard\/#breadcrumb","itemListElement":[{"@type":"ListItem","position":1,"name":"Portada","item":"https:\/\/www.inverseteams.com\/fr\/pagina-principal\/"},{"@type":"ListItem","position":2,"name":"Panier","item":"https:\/\/www.inverseteams.com\/fr\/panier\/"},{"@type":"ListItem","position":3,"name":"Cuissard crosstraining personnalis\u00e9 HARD"}]},{"@type":"WebSite","@id":"https:\/\/www.inverseteams.com\/fr\/#website","url":"https:\/\/www.inverseteams.com\/fr\/","name":"Inverseteams","description":"Tu marca de ropa deportiva personalizada","publisher":{"@id":"https:\/\/www.inverseteams.com\/fr\/#organization"},"potentialAction":[{"@type":"SearchAction","target":{"@type":"EntryPoint","urlTemplate":"https:\/\/www.inverseteams.com\/fr\/?s={search_term_string}"},"query-input":{"@type":"PropertyValueSpecification","valueRequired":true,"valueName":"search_term_string"}}],"inLanguage":"fr-FR"},{"@type":"Organization","@id":"https:\/\/www.inverseteams.com\/fr\/#organization","name":"Inverse Teams","url":"https:\/\/www.inverseteams.com\/fr\/","logo":{"@type":"ImageObject","inLanguage":"fr-FR","@id":"https:\/\/www.inverseteams.com\/fr\/#\/schema\/logo\/image\/","url":"https:\/\/www.inverseteams.com\/wp-content\/uploads\/2021\/03\/logo-inverse-teams.png","contentUrl":"https:\/\/www.inverseteams.com\/wp-content\/uploads\/2021\/03\/logo-inverse-teams.png","width":294,"height":99,"caption":"Inverse Teams"},"image":{"@id":"https:\/\/www.inverseteams.com\/fr\/#\/schema\/logo\/image\/"},"sameAs":["https:\/\/www.facebook.com\/inverseteams","http:\/\/instagram.com\/inverseteams","https:\/\/www.linkedin.com\/company\/inverse-cirosport-s-l-?trk=job_view_topcard_company_name","http:\/\/www.pinterest.com\/inverseteams\/","http:\/\/www.youtube.com\/user\/inverseteams?feature=watch"]}]}},"_links":{"self":[{"href":"https:\/\/www.inverseteams.com\/fr\/wp-json\/wp\/v2\/product\/17352","targetHints":{"allow":["GET"]}}],"collection":[{"href":"https:\/\/www.inverseteams.com\/fr\/wp-json\/wp\/v2\/product"}],"about":[{"href":"https:\/\/www.inverseteams.com\/fr\/wp-json\/wp\/v2\/types\/product"}],"replies":[{"embeddable":true,"href":"https:\/\/www.inverseteams.com\/fr\/wp-json\/wp\/v2\/comments?post=17352"}],"wp:featuredmedia":[{"embeddable":true,"href":"https:\/\/www.inverseteams.com\/fr\/wp-json\/wp\/v2\/media\/141111"}],"wp:attachment":[{"href":"https:\/\/www.inverseteams.com\/fr\/wp-json\/wp\/v2\/media?parent=17352"}],"wp:term":[{"taxonomy":"product_brand","embeddable":true,"href":"https:\/\/www.inverseteams.com\/fr\/wp-json\/wp\/v2\/product_brand?post=17352"},{"taxonomy":"product_cat","embeddable":true,"href":"https:\/\/www.inverseteams.com\/fr\/wp-json\/wp\/v2\/product_cat?post=17352"},{"taxonomy":"product_tag","embeddable":true,"href":"https:\/\/www.inverseteams.com\/fr\/wp-json\/wp\/v2\/product_tag?post=17352"},{"taxonomy":"custom_category","embeddable":true,"href":"https:\/\/www.inverseteams.com\/fr\/wp-json\/wp\/v2\/custom_category?post=17352"},{"taxonomy":"range","embeddable":true,"href":"https:\/\/www.inverseteams.com\/fr\/wp-json\/wp\/v2\/range?post=17352"}],"curies":[{"name":"wp","href":"https:\/\/api.w.org\/{rel}","templated":true}]}}