{"id":17348,"date":"2021-05-10T08:32:05","date_gmt":"2021-05-10T09:16:03","guid":{"rendered":"https:\/\/inverseteams.com\/?post_type=product&#038;p=17348"},"modified":"2023-10-03T07:54:49","modified_gmt":"2023-10-03T07:54:49","slug":"short-d-athletisme-personnalise-veloce","status":"publish","type":"product","link":"https:\/\/www.inverseteams.com\/fr\/produit\/short-d-athletisme-personnalise-veloce\/","title":{"rendered":"Short d&rsquo;athl\u00e9tisme personnalis\u00e9 VELOCE"},"content":{"rendered":"<p>Ce short d\u2019athl\u00e9tisme est particuli\u00e8rement con\u00e7u pour la pratique de longues s\u00e9ances d&rsquo;entra\u00eenement pendant les journ\u00e9es chaudes.<br \/>\n\u00c0 l\u2019int\u00e9rieur, il int\u00e8gre une doublure en grille \u00e0 s\u00e9chage rapide. \u00c0 la taille, une bande \u00e9lastique s\u2019ajuste tr\u00e8s bien au corps et maintient fermement le v\u00eatement, sans g\u00eaner. D\u2019autre part, les ouvertures lat\u00e9rales vous permettent une totale libert\u00e9 de mouvement.<\/p>\n","protected":false},"excerpt":{"rendered":"<p>Ce short d\u2019athl\u00e9tisme est particuli\u00e8rement con\u00e7u pour la pratique de longues s\u00e9ances d&rsquo;entra\u00eenement pendant les journ\u00e9es chaudes.<br \/>\n\u00c0 l\u2019int\u00e9rieur, il int\u00e8gre une doublure en grille \u00e0 s\u00e9chage rapide. \u00c0 la taille, une bande \u00e9lastique s\u2019ajuste tr\u00e8s bien au corps et maintient fermement le v\u00eatement, sans g\u00eaner. D\u2019autre part, les ouvertures lat\u00e9rales vous permettent une totale libert\u00e9 de mouvement.<\/p>\n","protected":false},"featured_media":141231,"comment_status":"closed","ping_status":"closed","template":"","meta":{"_acf_changed":false},"product_brand":[],"product_cat":[8305],"product_tag":[],"custom_category":[3349,3388,3379],"range":[2506],"class_list":{"0":"post-17348","1":"product","2":"type-product","3":"status-publish","4":"has-post-thumbnail","6":"product_cat-uncategorized-fr","7":"pa_climatologia-chaud","8":"pa_deporte-athletisme","9":"pa_genero-homme","10":"pa_genero-femme","11":"pa_genero-infantile-fr","12":"pa_patronaje-regular-fr","13":"pa_tipo-de-prenda-collant-court","14":"custom_category-sport-fr","15":"custom_category-shorts-dathletisme-personnalise","16":"custom_category-vetements-athletisme-personnalises","17":"range-veloce-fr","19":"first","20":"instock","21":"product-type-custom"},"acf":[],"yoast_head":"<!-- This site is optimized with the Yoast SEO plugin v27.3 - https:\/\/yoast.com\/product\/yoast-seo-wordpress\/ -->\n<title>Short d&#039;athl\u00e9tisme personnalis\u00e9 VELOCE<\/title>\n<meta name=\"description\" content=\"Short d&#039;athl\u00e9tisme personnalis\u00e9. Super l\u00e9ger, avec des ouvertures lat\u00e9rales pour \u00e9viter les r\u00e9sistances aux mouvements Livraison 4 semaines Demandez un budget !\" \/>\n<meta name=\"robots\" content=\"index, follow, max-snippet:-1, max-image-preview:large, max-video-preview:-1\" \/>\n<link rel=\"canonical\" href=\"https:\/\/www.inverseteams.com\/fr\/produit\/short-d-athletisme-personnalise-veloce\/\" \/>\n<meta property=\"og:locale\" content=\"fr_FR\" \/>\n<meta property=\"og:type\" content=\"article\" \/>\n<meta property=\"og:title\" content=\"Short d&#039;athl\u00e9tisme personnalis\u00e9 VELOCE\" \/>\n<meta property=\"og:description\" content=\"Short d&#039;athl\u00e9tisme personnalis\u00e9. Super l\u00e9ger, avec des ouvertures lat\u00e9rales pour \u00e9viter les r\u00e9sistances aux mouvements Livraison 4 semaines Demandez un budget !\" \/>\n<meta property=\"og:url\" content=\"https:\/\/www.inverseteams.com\/fr\/produit\/short-d-athletisme-personnalise-veloce\/\" \/>\n<meta property=\"og:site_name\" content=\"Inverseteams\" \/>\n<meta property=\"article:publisher\" content=\"https:\/\/www.facebook.com\/inverseteams\" \/>\n<meta property=\"article:modified_time\" content=\"2023-10-03T07:54:49+00:00\" \/>\n<meta property=\"og:image\" content=\"https:\/\/www.inverseteams.com\/wp-content\/uploads\/PANTALON-CORTO-VELOCE-1.jpg\" \/>\n\t<meta property=\"og:image:width\" content=\"3222\" \/>\n\t<meta property=\"og:image:height\" content=\"3462\" \/>\n\t<meta property=\"og:image:type\" content=\"image\/jpeg\" \/>\n<meta name=\"twitter:card\" content=\"summary_large_image\" \/>\n<meta name=\"twitter:label1\" content=\"Dur\u00e9e de lecture estim\u00e9e\" \/>\n\t<meta name=\"twitter:data1\" content=\"1 minute\" \/>\n<script type=\"application\/ld+json\" class=\"yoast-schema-graph\">{\"@context\":\"https:\\\/\\\/schema.org\",\"@graph\":[{\"@type\":\"WebPage\",\"@id\":\"https:\\\/\\\/www.inverseteams.com\\\/fr\\\/produit\\\/short-d-athletisme-personnalise-veloce\\\/\",\"url\":\"https:\\\/\\\/www.inverseteams.com\\\/fr\\\/produit\\\/short-d-athletisme-personnalise-veloce\\\/\",\"name\":\"Short d'athl\u00e9tisme personnalis\u00e9 VELOCE\",\"isPartOf\":{\"@id\":\"https:\\\/\\\/www.inverseteams.com\\\/fr\\\/#website\"},\"primaryImageOfPage\":{\"@id\":\"https:\\\/\\\/www.inverseteams.com\\\/fr\\\/produit\\\/short-d-athletisme-personnalise-veloce\\\/#primaryimage\"},\"image\":{\"@id\":\"https:\\\/\\\/www.inverseteams.com\\\/fr\\\/produit\\\/short-d-athletisme-personnalise-veloce\\\/#primaryimage\"},\"thumbnailUrl\":\"https:\\\/\\\/www.inverseteams.com\\\/wp-content\\\/uploads\\\/PANTALON-CORTO-VELOCE-1.jpg\",\"datePublished\":\"2021-05-10T09:16:03+00:00\",\"dateModified\":\"2023-10-03T07:54:49+00:00\",\"description\":\"Short d'athl\u00e9tisme personnalis\u00e9. Super l\u00e9ger, avec des ouvertures lat\u00e9rales pour \u00e9viter les r\u00e9sistances aux mouvements Livraison 4 semaines Demandez un budget !\",\"breadcrumb\":{\"@id\":\"https:\\\/\\\/www.inverseteams.com\\\/fr\\\/produit\\\/short-d-athletisme-personnalise-veloce\\\/#breadcrumb\"},\"inLanguage\":\"fr-FR\",\"potentialAction\":[{\"@type\":\"ReadAction\",\"target\":[\"https:\\\/\\\/www.inverseteams.com\\\/fr\\\/produit\\\/short-d-athletisme-personnalise-veloce\\\/\"]}]},{\"@type\":\"ImageObject\",\"inLanguage\":\"fr-FR\",\"@id\":\"https:\\\/\\\/www.inverseteams.com\\\/fr\\\/produit\\\/short-d-athletisme-personnalise-veloce\\\/#primaryimage\",\"url\":\"https:\\\/\\\/www.inverseteams.com\\\/wp-content\\\/uploads\\\/PANTALON-CORTO-VELOCE-1.jpg\",\"contentUrl\":\"https:\\\/\\\/www.inverseteams.com\\\/wp-content\\\/uploads\\\/PANTALON-CORTO-VELOCE-1.jpg\",\"width\":3222,\"height\":3462,\"caption\":\"pantalon corto atletismo personalizado\"},{\"@type\":\"BreadcrumbList\",\"@id\":\"https:\\\/\\\/www.inverseteams.com\\\/fr\\\/produit\\\/short-d-athletisme-personnalise-veloce\\\/#breadcrumb\",\"itemListElement\":[{\"@type\":\"ListItem\",\"position\":1,\"name\":\"Portada\",\"item\":\"https:\\\/\\\/www.inverseteams.com\\\/fr\\\/pagina-principal\\\/\"},{\"@type\":\"ListItem\",\"position\":2,\"name\":\"Panier\",\"item\":\"https:\\\/\\\/www.inverseteams.com\\\/fr\\\/panier\\\/\"},{\"@type\":\"ListItem\",\"position\":3,\"name\":\"Short d&rsquo;athl\u00e9tisme personnalis\u00e9 VELOCE\"}]},{\"@type\":\"WebSite\",\"@id\":\"https:\\\/\\\/www.inverseteams.com\\\/fr\\\/#website\",\"url\":\"https:\\\/\\\/www.inverseteams.com\\\/fr\\\/\",\"name\":\"Inverseteams\",\"description\":\"Tu marca de ropa deportiva personalizada\",\"publisher\":{\"@id\":\"https:\\\/\\\/www.inverseteams.com\\\/fr\\\/#organization\"},\"potentialAction\":[{\"@type\":\"SearchAction\",\"target\":{\"@type\":\"EntryPoint\",\"urlTemplate\":\"https:\\\/\\\/www.inverseteams.com\\\/fr\\\/?s={search_term_string}\"},\"query-input\":{\"@type\":\"PropertyValueSpecification\",\"valueRequired\":true,\"valueName\":\"search_term_string\"}}],\"inLanguage\":\"fr-FR\"},{\"@type\":\"Organization\",\"@id\":\"https:\\\/\\\/www.inverseteams.com\\\/fr\\\/#organization\",\"name\":\"Inverse Teams\",\"url\":\"https:\\\/\\\/www.inverseteams.com\\\/fr\\\/\",\"logo\":{\"@type\":\"ImageObject\",\"inLanguage\":\"fr-FR\",\"@id\":\"https:\\\/\\\/www.inverseteams.com\\\/fr\\\/#\\\/schema\\\/logo\\\/image\\\/\",\"url\":\"http:\\\/\\\/www.inverseteams.com\\\/wp-content\\\/uploads\\\/2021\\\/03\\\/logo-inverse-teams.png\",\"contentUrl\":\"http:\\\/\\\/www.inverseteams.com\\\/wp-content\\\/uploads\\\/2021\\\/03\\\/logo-inverse-teams.png\",\"width\":294,\"height\":99,\"caption\":\"Inverse Teams\"},\"image\":{\"@id\":\"https:\\\/\\\/www.inverseteams.com\\\/fr\\\/#\\\/schema\\\/logo\\\/image\\\/\"},\"sameAs\":[\"https:\\\/\\\/www.facebook.com\\\/inverseteams\",\"http:\\\/\\\/instagram.com\\\/inverseteams\",\"https:\\\/\\\/www.linkedin.com\\\/company\\\/inverse-cirosport-s-l-?trk=job_view_topcard_company_name\",\"http:\\\/\\\/www.pinterest.com\\\/inverseteams\\\/\",\"http:\\\/\\\/www.youtube.com\\\/user\\\/inverseteams?feature=watch\"]}]}<\/script>\n<!-- \/ Yoast SEO plugin. -->","yoast_head_json":{"title":"Short d'athl\u00e9tisme personnalis\u00e9 VELOCE","description":"Short d'athl\u00e9tisme personnalis\u00e9. Super l\u00e9ger, avec des ouvertures lat\u00e9rales pour \u00e9viter les r\u00e9sistances aux mouvements Livraison 4 semaines Demandez un budget !","robots":{"index":"index","follow":"follow","max-snippet":"max-snippet:-1","max-image-preview":"max-image-preview:large","max-video-preview":"max-video-preview:-1"},"canonical":"https:\/\/www.inverseteams.com\/fr\/produit\/short-d-athletisme-personnalise-veloce\/","og_locale":"fr_FR","og_type":"article","og_title":"Short d'athl\u00e9tisme personnalis\u00e9 VELOCE","og_description":"Short d'athl\u00e9tisme personnalis\u00e9. Super l\u00e9ger, avec des ouvertures lat\u00e9rales pour \u00e9viter les r\u00e9sistances aux mouvements Livraison 4 semaines Demandez un budget !","og_url":"https:\/\/www.inverseteams.com\/fr\/produit\/short-d-athletisme-personnalise-veloce\/","og_site_name":"Inverseteams","article_publisher":"https:\/\/www.facebook.com\/inverseteams","article_modified_time":"2023-10-03T07:54:49+00:00","og_image":[{"width":3222,"height":3462,"url":"https:\/\/www.inverseteams.com\/wp-content\/uploads\/PANTALON-CORTO-VELOCE-1.jpg","type":"image\/jpeg"}],"twitter_card":"summary_large_image","twitter_misc":{"Dur\u00e9e de lecture estim\u00e9e":"1 minute"},"schema":{"@context":"https:\/\/schema.org","@graph":[{"@type":"WebPage","@id":"https:\/\/www.inverseteams.com\/fr\/produit\/short-d-athletisme-personnalise-veloce\/","url":"https:\/\/www.inverseteams.com\/fr\/produit\/short-d-athletisme-personnalise-veloce\/","name":"Short d'athl\u00e9tisme personnalis\u00e9 VELOCE","isPartOf":{"@id":"https:\/\/www.inverseteams.com\/fr\/#website"},"primaryImageOfPage":{"@id":"https:\/\/www.inverseteams.com\/fr\/produit\/short-d-athletisme-personnalise-veloce\/#primaryimage"},"image":{"@id":"https:\/\/www.inverseteams.com\/fr\/produit\/short-d-athletisme-personnalise-veloce\/#primaryimage"},"thumbnailUrl":"https:\/\/www.inverseteams.com\/wp-content\/uploads\/PANTALON-CORTO-VELOCE-1.jpg","datePublished":"2021-05-10T09:16:03+00:00","dateModified":"2023-10-03T07:54:49+00:00","description":"Short d'athl\u00e9tisme personnalis\u00e9. Super l\u00e9ger, avec des ouvertures lat\u00e9rales pour \u00e9viter les r\u00e9sistances aux mouvements Livraison 4 semaines Demandez un budget !","breadcrumb":{"@id":"https:\/\/www.inverseteams.com\/fr\/produit\/short-d-athletisme-personnalise-veloce\/#breadcrumb"},"inLanguage":"fr-FR","potentialAction":[{"@type":"ReadAction","target":["https:\/\/www.inverseteams.com\/fr\/produit\/short-d-athletisme-personnalise-veloce\/"]}]},{"@type":"ImageObject","inLanguage":"fr-FR","@id":"https:\/\/www.inverseteams.com\/fr\/produit\/short-d-athletisme-personnalise-veloce\/#primaryimage","url":"https:\/\/www.inverseteams.com\/wp-content\/uploads\/PANTALON-CORTO-VELOCE-1.jpg","contentUrl":"https:\/\/www.inverseteams.com\/wp-content\/uploads\/PANTALON-CORTO-VELOCE-1.jpg","width":3222,"height":3462,"caption":"pantalon corto atletismo personalizado"},{"@type":"BreadcrumbList","@id":"https:\/\/www.inverseteams.com\/fr\/produit\/short-d-athletisme-personnalise-veloce\/#breadcrumb","itemListElement":[{"@type":"ListItem","position":1,"name":"Portada","item":"https:\/\/www.inverseteams.com\/fr\/pagina-principal\/"},{"@type":"ListItem","position":2,"name":"Panier","item":"https:\/\/www.inverseteams.com\/fr\/panier\/"},{"@type":"ListItem","position":3,"name":"Short d&rsquo;athl\u00e9tisme personnalis\u00e9 VELOCE"}]},{"@type":"WebSite","@id":"https:\/\/www.inverseteams.com\/fr\/#website","url":"https:\/\/www.inverseteams.com\/fr\/","name":"Inverseteams","description":"Tu marca de ropa deportiva personalizada","publisher":{"@id":"https:\/\/www.inverseteams.com\/fr\/#organization"},"potentialAction":[{"@type":"SearchAction","target":{"@type":"EntryPoint","urlTemplate":"https:\/\/www.inverseteams.com\/fr\/?s={search_term_string}"},"query-input":{"@type":"PropertyValueSpecification","valueRequired":true,"valueName":"search_term_string"}}],"inLanguage":"fr-FR"},{"@type":"Organization","@id":"https:\/\/www.inverseteams.com\/fr\/#organization","name":"Inverse Teams","url":"https:\/\/www.inverseteams.com\/fr\/","logo":{"@type":"ImageObject","inLanguage":"fr-FR","@id":"https:\/\/www.inverseteams.com\/fr\/#\/schema\/logo\/image\/","url":"https:\/\/www.inverseteams.com\/wp-content\/uploads\/2021\/03\/logo-inverse-teams.png","contentUrl":"https:\/\/www.inverseteams.com\/wp-content\/uploads\/2021\/03\/logo-inverse-teams.png","width":294,"height":99,"caption":"Inverse Teams"},"image":{"@id":"https:\/\/www.inverseteams.com\/fr\/#\/schema\/logo\/image\/"},"sameAs":["https:\/\/www.facebook.com\/inverseteams","http:\/\/instagram.com\/inverseteams","https:\/\/www.linkedin.com\/company\/inverse-cirosport-s-l-?trk=job_view_topcard_company_name","http:\/\/www.pinterest.com\/inverseteams\/","http:\/\/www.youtube.com\/user\/inverseteams?feature=watch"]}]}},"_links":{"self":[{"href":"https:\/\/www.inverseteams.com\/fr\/wp-json\/wp\/v2\/product\/17348","targetHints":{"allow":["GET"]}}],"collection":[{"href":"https:\/\/www.inverseteams.com\/fr\/wp-json\/wp\/v2\/product"}],"about":[{"href":"https:\/\/www.inverseteams.com\/fr\/wp-json\/wp\/v2\/types\/product"}],"replies":[{"embeddable":true,"href":"https:\/\/www.inverseteams.com\/fr\/wp-json\/wp\/v2\/comments?post=17348"}],"wp:featuredmedia":[{"embeddable":true,"href":"https:\/\/www.inverseteams.com\/fr\/wp-json\/wp\/v2\/media\/141231"}],"wp:attachment":[{"href":"https:\/\/www.inverseteams.com\/fr\/wp-json\/wp\/v2\/media?parent=17348"}],"wp:term":[{"taxonomy":"product_brand","embeddable":true,"href":"https:\/\/www.inverseteams.com\/fr\/wp-json\/wp\/v2\/product_brand?post=17348"},{"taxonomy":"product_cat","embeddable":true,"href":"https:\/\/www.inverseteams.com\/fr\/wp-json\/wp\/v2\/product_cat?post=17348"},{"taxonomy":"product_tag","embeddable":true,"href":"https:\/\/www.inverseteams.com\/fr\/wp-json\/wp\/v2\/product_tag?post=17348"},{"taxonomy":"custom_category","embeddable":true,"href":"https:\/\/www.inverseteams.com\/fr\/wp-json\/wp\/v2\/custom_category?post=17348"},{"taxonomy":"range","embeddable":true,"href":"https:\/\/www.inverseteams.com\/fr\/wp-json\/wp\/v2\/range?post=17348"}],"curies":[{"name":"wp","href":"https:\/\/api.w.org\/{rel}","templated":true}]}}