{"id":17345,"date":"2021-05-10T08:32:05","date_gmt":"2021-05-10T08:32:05","guid":{"rendered":"https:\/\/inverseteams.com\/?post_type=product&#038;p=17345"},"modified":"2026-01-26T11:58:04","modified_gmt":"2026-01-26T10:58:04","slug":"brassiere-d-athletisme-personnalisee-veloce","status":"publish","type":"product","link":"https:\/\/www.inverseteams.com\/fr\/produit\/brassiere-d-athletisme-personnalisee-veloce\/","title":{"rendered":"Brassi\u00e8re d&rsquo;athl\u00e9tisme personnalis\u00e9e VELOCE"},"content":{"rendered":"<p>Le top VELOCE est ultra-\u00e9lastique et respirant gr\u00e2ce \u00e0 son tissu perfor\u00e9 au dos. Sa taille et ses bretelles \u00e9lastiques \u00e9pousent parfaitement les formes et offrent un excellent maintien et un confort optimal. C&rsquo;est le top id\u00e9al pour le sport ou \u00e0 porter sous un t-shirt comme brassi\u00e8re.<\/p>\n","protected":false},"excerpt":{"rendered":"<p>Le top VELOCE est ultra-\u00e9lastique et respirant gr\u00e2ce \u00e0 son tissu perfor\u00e9 au dos. Sa taille et ses bretelles \u00e9lastiques \u00e9pousent parfaitement les formes et offrent un excellent maintien et un confort optimal. C&rsquo;est le top id\u00e9al pour le sport ou \u00e0 porter sous un t-shirt comme brassi\u00e8re.<\/p>\n","protected":false},"featured_media":141247,"comment_status":"closed","ping_status":"closed","template":"","meta":{"_acf_changed":false},"product_brand":[],"product_cat":[8305],"product_tag":[],"custom_category":[3349,3394,3379],"range":[2506],"class_list":{"0":"post-17345","1":"product","2":"type-product","3":"status-publish","4":"has-post-thumbnail","6":"product_cat-uncategorized-fr","7":"pa_climatologia-chaud","8":"pa_deporte-athletisme","9":"pa_genero-femme","10":"pa_patronaje-fit-fr","11":"pa_tipo-de-prenda-top-fr","12":"custom_category-sport-fr","13":"custom_category-brassiere-dathletisme-personnalise","14":"custom_category-vetements-athletisme-personnalises","15":"range-veloce-fr","17":"first","18":"instock","19":"product-type-custom"},"acf":[],"yoast_head":"<!-- This site is optimized with the Yoast SEO plugin v27.3 - https:\/\/yoast.com\/product\/yoast-seo-wordpress\/ -->\n<title>Brassi\u00e8re d&#039;athl\u00e9tisme personnalis\u00e9e VELOCE<\/title>\n<meta name=\"description\" content=\"Brassi\u00e8re d&#039;athl\u00e9tisme personnalis\u00e9e VELOCE. Avec une bande \u00e9lastique pour la maintenir attach\u00e9e pendant l&#039;effort. Livraison sous 4 semaines Demandez un budget !\" \/>\n<meta name=\"robots\" content=\"index, follow, max-snippet:-1, max-image-preview:large, max-video-preview:-1\" \/>\n<link rel=\"canonical\" href=\"https:\/\/www.inverseteams.com\/fr\/produit\/brassiere-d-athletisme-personnalisee-veloce\/\" \/>\n<meta property=\"og:locale\" content=\"fr_FR\" \/>\n<meta property=\"og:type\" content=\"article\" \/>\n<meta property=\"og:title\" content=\"Brassi\u00e8re d&#039;athl\u00e9tisme personnalis\u00e9e VELOCE\" \/>\n<meta property=\"og:description\" content=\"Brassi\u00e8re d&#039;athl\u00e9tisme personnalis\u00e9e VELOCE. Avec une bande \u00e9lastique pour la maintenir attach\u00e9e pendant l&#039;effort. Livraison sous 4 semaines Demandez un budget !\" \/>\n<meta property=\"og:url\" content=\"https:\/\/www.inverseteams.com\/fr\/produit\/brassiere-d-athletisme-personnalisee-veloce\/\" \/>\n<meta property=\"og:site_name\" content=\"Inverseteams\" \/>\n<meta property=\"article:publisher\" content=\"https:\/\/www.facebook.com\/inverseteams\" \/>\n<meta property=\"article:modified_time\" content=\"2026-01-26T10:58:04+00:00\" \/>\n<meta property=\"og:image\" content=\"https:\/\/www.inverseteams.com\/wp-content\/uploads\/TOP-VELOCE-1-5.jpg\" \/>\n\t<meta property=\"og:image:width\" content=\"3222\" \/>\n\t<meta property=\"og:image:height\" content=\"3462\" \/>\n\t<meta property=\"og:image:type\" content=\"image\/jpeg\" \/>\n<meta name=\"twitter:card\" content=\"summary_large_image\" \/>\n<meta name=\"twitter:label1\" content=\"Dur\u00e9e de lecture estim\u00e9e\" \/>\n\t<meta name=\"twitter:data1\" content=\"1 minute\" \/>\n<script type=\"application\/ld+json\" class=\"yoast-schema-graph\">{\"@context\":\"https:\\\/\\\/schema.org\",\"@graph\":[{\"@type\":\"WebPage\",\"@id\":\"https:\\\/\\\/www.inverseteams.com\\\/fr\\\/produit\\\/brassiere-d-athletisme-personnalisee-veloce\\\/\",\"url\":\"https:\\\/\\\/www.inverseteams.com\\\/fr\\\/produit\\\/brassiere-d-athletisme-personnalisee-veloce\\\/\",\"name\":\"Brassi\u00e8re d'athl\u00e9tisme personnalis\u00e9e VELOCE\",\"isPartOf\":{\"@id\":\"https:\\\/\\\/www.inverseteams.com\\\/fr\\\/#website\"},\"primaryImageOfPage\":{\"@id\":\"https:\\\/\\\/www.inverseteams.com\\\/fr\\\/produit\\\/brassiere-d-athletisme-personnalisee-veloce\\\/#primaryimage\"},\"image\":{\"@id\":\"https:\\\/\\\/www.inverseteams.com\\\/fr\\\/produit\\\/brassiere-d-athletisme-personnalisee-veloce\\\/#primaryimage\"},\"thumbnailUrl\":\"https:\\\/\\\/www.inverseteams.com\\\/wp-content\\\/uploads\\\/TOP-VELOCE-1-5.jpg\",\"datePublished\":\"2021-05-10T08:32:05+00:00\",\"dateModified\":\"2026-01-26T10:58:04+00:00\",\"description\":\"Brassi\u00e8re d'athl\u00e9tisme personnalis\u00e9e VELOCE. Avec une bande \u00e9lastique pour la maintenir attach\u00e9e pendant l'effort. Livraison sous 4 semaines Demandez un budget !\",\"breadcrumb\":{\"@id\":\"https:\\\/\\\/www.inverseteams.com\\\/fr\\\/produit\\\/brassiere-d-athletisme-personnalisee-veloce\\\/#breadcrumb\"},\"inLanguage\":\"fr-FR\",\"potentialAction\":[{\"@type\":\"ReadAction\",\"target\":[\"https:\\\/\\\/www.inverseteams.com\\\/fr\\\/produit\\\/brassiere-d-athletisme-personnalisee-veloce\\\/\"]}]},{\"@type\":\"ImageObject\",\"inLanguage\":\"fr-FR\",\"@id\":\"https:\\\/\\\/www.inverseteams.com\\\/fr\\\/produit\\\/brassiere-d-athletisme-personnalisee-veloce\\\/#primaryimage\",\"url\":\"https:\\\/\\\/www.inverseteams.com\\\/wp-content\\\/uploads\\\/TOP-VELOCE-1-5.jpg\",\"contentUrl\":\"https:\\\/\\\/www.inverseteams.com\\\/wp-content\\\/uploads\\\/TOP-VELOCE-1-5.jpg\",\"width\":3222,\"height\":3462,\"caption\":\"top atletismo personalizado\"},{\"@type\":\"BreadcrumbList\",\"@id\":\"https:\\\/\\\/www.inverseteams.com\\\/fr\\\/produit\\\/brassiere-d-athletisme-personnalisee-veloce\\\/#breadcrumb\",\"itemListElement\":[{\"@type\":\"ListItem\",\"position\":1,\"name\":\"Portada\",\"item\":\"https:\\\/\\\/www.inverseteams.com\\\/fr\\\/pagina-principal\\\/\"},{\"@type\":\"ListItem\",\"position\":2,\"name\":\"Panier\",\"item\":\"https:\\\/\\\/www.inverseteams.com\\\/fr\\\/panier\\\/\"},{\"@type\":\"ListItem\",\"position\":3,\"name\":\"Brassi\u00e8re d&rsquo;athl\u00e9tisme personnalis\u00e9e VELOCE\"}]},{\"@type\":\"WebSite\",\"@id\":\"https:\\\/\\\/www.inverseteams.com\\\/fr\\\/#website\",\"url\":\"https:\\\/\\\/www.inverseteams.com\\\/fr\\\/\",\"name\":\"Inverseteams\",\"description\":\"Tu marca de ropa deportiva personalizada\",\"publisher\":{\"@id\":\"https:\\\/\\\/www.inverseteams.com\\\/fr\\\/#organization\"},\"potentialAction\":[{\"@type\":\"SearchAction\",\"target\":{\"@type\":\"EntryPoint\",\"urlTemplate\":\"https:\\\/\\\/www.inverseteams.com\\\/fr\\\/?s={search_term_string}\"},\"query-input\":{\"@type\":\"PropertyValueSpecification\",\"valueRequired\":true,\"valueName\":\"search_term_string\"}}],\"inLanguage\":\"fr-FR\"},{\"@type\":\"Organization\",\"@id\":\"https:\\\/\\\/www.inverseteams.com\\\/fr\\\/#organization\",\"name\":\"Inverse Teams\",\"url\":\"https:\\\/\\\/www.inverseteams.com\\\/fr\\\/\",\"logo\":{\"@type\":\"ImageObject\",\"inLanguage\":\"fr-FR\",\"@id\":\"https:\\\/\\\/www.inverseteams.com\\\/fr\\\/#\\\/schema\\\/logo\\\/image\\\/\",\"url\":\"https:\\\/\\\/www.inverseteams.com\\\/wp-content\\\/uploads\\\/2021\\\/03\\\/logo-inverse-teams.png\",\"contentUrl\":\"https:\\\/\\\/www.inverseteams.com\\\/wp-content\\\/uploads\\\/2021\\\/03\\\/logo-inverse-teams.png\",\"width\":294,\"height\":99,\"caption\":\"Inverse Teams\"},\"image\":{\"@id\":\"https:\\\/\\\/www.inverseteams.com\\\/fr\\\/#\\\/schema\\\/logo\\\/image\\\/\"},\"sameAs\":[\"https:\\\/\\\/www.facebook.com\\\/inverseteams\",\"http:\\\/\\\/instagram.com\\\/inverseteams\",\"https:\\\/\\\/www.linkedin.com\\\/company\\\/inverse-cirosport-s-l-?trk=job_view_topcard_company_name\",\"http:\\\/\\\/www.pinterest.com\\\/inverseteams\\\/\",\"http:\\\/\\\/www.youtube.com\\\/user\\\/inverseteams?feature=watch\"]}]}<\/script>\n<!-- \/ Yoast SEO plugin. -->","yoast_head_json":{"title":"Brassi\u00e8re d'athl\u00e9tisme personnalis\u00e9e VELOCE","description":"Brassi\u00e8re d'athl\u00e9tisme personnalis\u00e9e VELOCE. Avec une bande \u00e9lastique pour la maintenir attach\u00e9e pendant l'effort. Livraison sous 4 semaines Demandez un budget !","robots":{"index":"index","follow":"follow","max-snippet":"max-snippet:-1","max-image-preview":"max-image-preview:large","max-video-preview":"max-video-preview:-1"},"canonical":"https:\/\/www.inverseteams.com\/fr\/produit\/brassiere-d-athletisme-personnalisee-veloce\/","og_locale":"fr_FR","og_type":"article","og_title":"Brassi\u00e8re d'athl\u00e9tisme personnalis\u00e9e VELOCE","og_description":"Brassi\u00e8re d'athl\u00e9tisme personnalis\u00e9e VELOCE. Avec une bande \u00e9lastique pour la maintenir attach\u00e9e pendant l'effort. Livraison sous 4 semaines Demandez un budget !","og_url":"https:\/\/www.inverseteams.com\/fr\/produit\/brassiere-d-athletisme-personnalisee-veloce\/","og_site_name":"Inverseteams","article_publisher":"https:\/\/www.facebook.com\/inverseteams","article_modified_time":"2026-01-26T10:58:04+00:00","og_image":[{"width":3222,"height":3462,"url":"https:\/\/www.inverseteams.com\/wp-content\/uploads\/TOP-VELOCE-1-5.jpg","type":"image\/jpeg"}],"twitter_card":"summary_large_image","twitter_misc":{"Dur\u00e9e de lecture estim\u00e9e":"1 minute"},"schema":{"@context":"https:\/\/schema.org","@graph":[{"@type":"WebPage","@id":"https:\/\/www.inverseteams.com\/fr\/produit\/brassiere-d-athletisme-personnalisee-veloce\/","url":"https:\/\/www.inverseteams.com\/fr\/produit\/brassiere-d-athletisme-personnalisee-veloce\/","name":"Brassi\u00e8re d'athl\u00e9tisme personnalis\u00e9e VELOCE","isPartOf":{"@id":"https:\/\/www.inverseteams.com\/fr\/#website"},"primaryImageOfPage":{"@id":"https:\/\/www.inverseteams.com\/fr\/produit\/brassiere-d-athletisme-personnalisee-veloce\/#primaryimage"},"image":{"@id":"https:\/\/www.inverseteams.com\/fr\/produit\/brassiere-d-athletisme-personnalisee-veloce\/#primaryimage"},"thumbnailUrl":"https:\/\/www.inverseteams.com\/wp-content\/uploads\/TOP-VELOCE-1-5.jpg","datePublished":"2021-05-10T08:32:05+00:00","dateModified":"2026-01-26T10:58:04+00:00","description":"Brassi\u00e8re d'athl\u00e9tisme personnalis\u00e9e VELOCE. Avec une bande \u00e9lastique pour la maintenir attach\u00e9e pendant l'effort. Livraison sous 4 semaines Demandez un budget !","breadcrumb":{"@id":"https:\/\/www.inverseteams.com\/fr\/produit\/brassiere-d-athletisme-personnalisee-veloce\/#breadcrumb"},"inLanguage":"fr-FR","potentialAction":[{"@type":"ReadAction","target":["https:\/\/www.inverseteams.com\/fr\/produit\/brassiere-d-athletisme-personnalisee-veloce\/"]}]},{"@type":"ImageObject","inLanguage":"fr-FR","@id":"https:\/\/www.inverseteams.com\/fr\/produit\/brassiere-d-athletisme-personnalisee-veloce\/#primaryimage","url":"https:\/\/www.inverseteams.com\/wp-content\/uploads\/TOP-VELOCE-1-5.jpg","contentUrl":"https:\/\/www.inverseteams.com\/wp-content\/uploads\/TOP-VELOCE-1-5.jpg","width":3222,"height":3462,"caption":"top atletismo personalizado"},{"@type":"BreadcrumbList","@id":"https:\/\/www.inverseteams.com\/fr\/produit\/brassiere-d-athletisme-personnalisee-veloce\/#breadcrumb","itemListElement":[{"@type":"ListItem","position":1,"name":"Portada","item":"https:\/\/www.inverseteams.com\/fr\/pagina-principal\/"},{"@type":"ListItem","position":2,"name":"Panier","item":"https:\/\/www.inverseteams.com\/fr\/panier\/"},{"@type":"ListItem","position":3,"name":"Brassi\u00e8re d&rsquo;athl\u00e9tisme personnalis\u00e9e VELOCE"}]},{"@type":"WebSite","@id":"https:\/\/www.inverseteams.com\/fr\/#website","url":"https:\/\/www.inverseteams.com\/fr\/","name":"Inverseteams","description":"Tu marca de ropa deportiva personalizada","publisher":{"@id":"https:\/\/www.inverseteams.com\/fr\/#organization"},"potentialAction":[{"@type":"SearchAction","target":{"@type":"EntryPoint","urlTemplate":"https:\/\/www.inverseteams.com\/fr\/?s={search_term_string}"},"query-input":{"@type":"PropertyValueSpecification","valueRequired":true,"valueName":"search_term_string"}}],"inLanguage":"fr-FR"},{"@type":"Organization","@id":"https:\/\/www.inverseteams.com\/fr\/#organization","name":"Inverse Teams","url":"https:\/\/www.inverseteams.com\/fr\/","logo":{"@type":"ImageObject","inLanguage":"fr-FR","@id":"https:\/\/www.inverseteams.com\/fr\/#\/schema\/logo\/image\/","url":"https:\/\/www.inverseteams.com\/wp-content\/uploads\/2021\/03\/logo-inverse-teams.png","contentUrl":"https:\/\/www.inverseteams.com\/wp-content\/uploads\/2021\/03\/logo-inverse-teams.png","width":294,"height":99,"caption":"Inverse Teams"},"image":{"@id":"https:\/\/www.inverseteams.com\/fr\/#\/schema\/logo\/image\/"},"sameAs":["https:\/\/www.facebook.com\/inverseteams","http:\/\/instagram.com\/inverseteams","https:\/\/www.linkedin.com\/company\/inverse-cirosport-s-l-?trk=job_view_topcard_company_name","http:\/\/www.pinterest.com\/inverseteams\/","http:\/\/www.youtube.com\/user\/inverseteams?feature=watch"]}]}},"_links":{"self":[{"href":"https:\/\/www.inverseteams.com\/fr\/wp-json\/wp\/v2\/product\/17345","targetHints":{"allow":["GET"]}}],"collection":[{"href":"https:\/\/www.inverseteams.com\/fr\/wp-json\/wp\/v2\/product"}],"about":[{"href":"https:\/\/www.inverseteams.com\/fr\/wp-json\/wp\/v2\/types\/product"}],"replies":[{"embeddable":true,"href":"https:\/\/www.inverseteams.com\/fr\/wp-json\/wp\/v2\/comments?post=17345"}],"wp:featuredmedia":[{"embeddable":true,"href":"https:\/\/www.inverseteams.com\/fr\/wp-json\/wp\/v2\/media\/141247"}],"wp:attachment":[{"href":"https:\/\/www.inverseteams.com\/fr\/wp-json\/wp\/v2\/media?parent=17345"}],"wp:term":[{"taxonomy":"product_brand","embeddable":true,"href":"https:\/\/www.inverseteams.com\/fr\/wp-json\/wp\/v2\/product_brand?post=17345"},{"taxonomy":"product_cat","embeddable":true,"href":"https:\/\/www.inverseteams.com\/fr\/wp-json\/wp\/v2\/product_cat?post=17345"},{"taxonomy":"product_tag","embeddable":true,"href":"https:\/\/www.inverseteams.com\/fr\/wp-json\/wp\/v2\/product_tag?post=17345"},{"taxonomy":"custom_category","embeddable":true,"href":"https:\/\/www.inverseteams.com\/fr\/wp-json\/wp\/v2\/custom_category?post=17345"},{"taxonomy":"range","embeddable":true,"href":"https:\/\/www.inverseteams.com\/fr\/wp-json\/wp\/v2\/range?post=17345"}],"curies":[{"name":"wp","href":"https:\/\/api.w.org\/{rel}","templated":true}]}}