{"id":17341,"date":"2021-05-10T08:31:57","date_gmt":"2021-05-10T09:15:57","guid":{"rendered":"https:\/\/inverseteams.com\/?post_type=product&#038;p=17341"},"modified":"2021-12-31T11:38:04","modified_gmt":"2021-12-31T11:38:04","slug":"tee-shirt-personnalise-enduro","status":"publish","type":"product","link":"https:\/\/www.inverseteams.com\/fr\/produit\/tee-shirt-personnalise-enduro\/","title":{"rendered":"Tee-shirt personnalis\u00e9 ENDURO"},"content":{"rendered":"<p>Ce tee-shirt technique l\u00e9ger est id\u00e9al pour la comp\u00e9tition et l\u2019entra\u00eenement. Il se distingue par sa haute r\u00e9sistance et sa capacit\u00e9 de transpiration. Son tissu a une tr\u00e8s bonne capacit\u00e9 de s\u00e9chage et gardera votre corps au sec.<br \/>\nIl a une fermeture \u00e9clair sur la poitrine qui permet de r\u00e9guler la ventilation pendant la course. Les propri\u00e9t\u00e9s antibact\u00e9riennes et le toucher doux de ce maillot en font un v\u00eatement id\u00e9al pour les longues s\u00e9ances d\u2019exercice.<br \/>\nSur le dos, vous trouverez une poche zipp\u00e9e imperm\u00e9able o\u00f9 vous pouvez stocker n\u2019importe quel objet sans crainte de le perdre.<\/p>\n","protected":false},"excerpt":{"rendered":"<p>Ce tee-shirt technique l\u00e9ger est id\u00e9al pour la comp\u00e9tition et l\u2019entra\u00eenement. Il se distingue par sa haute r\u00e9sistance et sa capacit\u00e9 de transpiration. Son tissu a une tr\u00e8s bonne capacit\u00e9 de s\u00e9chage et gardera votre corps au sec.<br \/>\nIl a une fermeture \u00e9clair sur la poitrine qui permet de r\u00e9guler la ventilation pendant la course. Les propri\u00e9t\u00e9s antibact\u00e9riennes et le toucher doux de ce maillot en font un v\u00eatement id\u00e9al pour les longues s\u00e9ances d\u2019exercice.<br \/>\nSur le dos, vous trouverez une poche zipp\u00e9e imperm\u00e9able o\u00f9 vous pouvez stocker n\u2019importe quel objet sans crainte de le perdre.<\/p>\n","protected":false},"featured_media":34158,"comment_status":"closed","ping_status":"closed","template":"","meta":{"_acf_changed":false},"product_brand":[],"product_cat":[8305],"product_tag":[],"custom_category":[3349,3373,3370],"range":[2504],"class_list":{"0":"post-17341","1":"product","2":"type-product","3":"status-publish","4":"has-post-thumbnail","6":"product_cat-uncategorized-fr","7":"pa_climatologia-chaud","8":"pa_deporte-all-mountain-fr","9":"pa_genero-homme","10":"pa_genero-femme","11":"pa_genero-infantile-fr","12":"pa_patronaje-regular-fr","13":"pa_tipo-de-prenda-t-shirt-fr","14":"custom_category-sport-fr","15":"custom_category-maillot-all-mountain-personnalise","16":"custom_category-vetements-all-mountain-personnalises","17":"range-enduro-fr","19":"first","20":"instock","21":"product-type-custom"},"acf":[],"yoast_head":"<!-- This site is optimized with the Yoast SEO plugin v27.5 - https:\/\/yoast.com\/product\/yoast-seo-wordpress\/ -->\n<title>Tee-shirt personnalis\u00e9 ENDURO<\/title>\n<meta name=\"description\" content=\"Tee-shirt personnalis\u00e9 ENDURO, super r\u00e9sistant et respirant. Avec poche arri\u00e8re zipp\u00e9e. Livraison 4 semaines avec votre design inclus. Demandez un budget !\" \/>\n<meta name=\"robots\" content=\"index, follow, max-snippet:-1, max-image-preview:large, max-video-preview:-1\" \/>\n<link rel=\"canonical\" href=\"https:\/\/www.inverseteams.com\/fr\/produit\/tee-shirt-personnalise-enduro\/\" \/>\n<meta property=\"og:locale\" content=\"fr_FR\" \/>\n<meta property=\"og:type\" content=\"article\" \/>\n<meta property=\"og:title\" content=\"Tee-shirt personnalis\u00e9 ENDURO\" \/>\n<meta property=\"og:description\" content=\"Tee-shirt personnalis\u00e9 ENDURO, super r\u00e9sistant et respirant. Avec poche arri\u00e8re zipp\u00e9e. Livraison 4 semaines avec votre design inclus. Demandez un budget !\" \/>\n<meta property=\"og:url\" content=\"https:\/\/www.inverseteams.com\/fr\/produit\/tee-shirt-personnalise-enduro\/\" \/>\n<meta property=\"og:site_name\" content=\"Inverseteams\" \/>\n<meta property=\"article:publisher\" content=\"https:\/\/www.facebook.com\/inverseteams\" \/>\n<meta property=\"article:modified_time\" content=\"2021-12-31T11:38:04+00:00\" \/>\n<meta property=\"og:image\" content=\"https:\/\/www.inverseteams.com\/wp-content\/uploads\/CAMISETA-MANGA-CORTA-ENDURO-2022-1.jpg\" \/>\n\t<meta property=\"og:image:width\" content=\"3222\" \/>\n\t<meta property=\"og:image:height\" content=\"3462\" \/>\n\t<meta property=\"og:image:type\" content=\"image\/jpeg\" \/>\n<meta name=\"twitter:card\" content=\"summary_large_image\" \/>\n<meta name=\"twitter:label1\" content=\"Dur\u00e9e de lecture estim\u00e9e\" \/>\n\t<meta name=\"twitter:data1\" content=\"1 minute\" \/>\n<script type=\"application\/ld+json\" class=\"yoast-schema-graph\">{\"@context\":\"https:\\\/\\\/schema.org\",\"@graph\":[{\"@type\":\"WebPage\",\"@id\":\"https:\\\/\\\/www.inverseteams.com\\\/fr\\\/produit\\\/tee-shirt-personnalise-enduro\\\/\",\"url\":\"https:\\\/\\\/www.inverseteams.com\\\/fr\\\/produit\\\/tee-shirt-personnalise-enduro\\\/\",\"name\":\"Tee-shirt personnalis\u00e9 ENDURO\",\"isPartOf\":{\"@id\":\"https:\\\/\\\/www.inverseteams.com\\\/fr\\\/#website\"},\"primaryImageOfPage\":{\"@id\":\"https:\\\/\\\/www.inverseteams.com\\\/fr\\\/produit\\\/tee-shirt-personnalise-enduro\\\/#primaryimage\"},\"image\":{\"@id\":\"https:\\\/\\\/www.inverseteams.com\\\/fr\\\/produit\\\/tee-shirt-personnalise-enduro\\\/#primaryimage\"},\"thumbnailUrl\":\"https:\\\/\\\/www.inverseteams.com\\\/wp-content\\\/uploads\\\/CAMISETA-MANGA-CORTA-ENDURO-2022-1.jpg\",\"datePublished\":\"2021-05-10T09:15:57+00:00\",\"dateModified\":\"2021-12-31T11:38:04+00:00\",\"description\":\"Tee-shirt personnalis\u00e9 ENDURO, super r\u00e9sistant et respirant. Avec poche arri\u00e8re zipp\u00e9e. Livraison 4 semaines avec votre design inclus. Demandez un budget !\",\"breadcrumb\":{\"@id\":\"https:\\\/\\\/www.inverseteams.com\\\/fr\\\/produit\\\/tee-shirt-personnalise-enduro\\\/#breadcrumb\"},\"inLanguage\":\"fr-FR\",\"potentialAction\":[{\"@type\":\"ReadAction\",\"target\":[\"https:\\\/\\\/www.inverseteams.com\\\/fr\\\/produit\\\/tee-shirt-personnalise-enduro\\\/\"]}]},{\"@type\":\"ImageObject\",\"inLanguage\":\"fr-FR\",\"@id\":\"https:\\\/\\\/www.inverseteams.com\\\/fr\\\/produit\\\/tee-shirt-personnalise-enduro\\\/#primaryimage\",\"url\":\"https:\\\/\\\/www.inverseteams.com\\\/wp-content\\\/uploads\\\/CAMISETA-MANGA-CORTA-ENDURO-2022-1.jpg\",\"contentUrl\":\"https:\\\/\\\/www.inverseteams.com\\\/wp-content\\\/uploads\\\/CAMISETA-MANGA-CORTA-ENDURO-2022-1.jpg\",\"width\":3222,\"height\":3462,\"caption\":\"camiseta manga corta enduro\"},{\"@type\":\"BreadcrumbList\",\"@id\":\"https:\\\/\\\/www.inverseteams.com\\\/fr\\\/produit\\\/tee-shirt-personnalise-enduro\\\/#breadcrumb\",\"itemListElement\":[{\"@type\":\"ListItem\",\"position\":1,\"name\":\"Portada\",\"item\":\"https:\\\/\\\/www.inverseteams.com\\\/fr\\\/pagina-principal\\\/\"},{\"@type\":\"ListItem\",\"position\":2,\"name\":\"Panier\",\"item\":\"https:\\\/\\\/www.inverseteams.com\\\/fr\\\/panier\\\/\"},{\"@type\":\"ListItem\",\"position\":3,\"name\":\"Tee-shirt personnalis\u00e9 ENDURO\"}]},{\"@type\":\"WebSite\",\"@id\":\"https:\\\/\\\/www.inverseteams.com\\\/fr\\\/#website\",\"url\":\"https:\\\/\\\/www.inverseteams.com\\\/fr\\\/\",\"name\":\"Inverseteams\",\"description\":\"Tu marca de ropa deportiva personalizada\",\"publisher\":{\"@id\":\"https:\\\/\\\/www.inverseteams.com\\\/fr\\\/#organization\"},\"potentialAction\":[{\"@type\":\"SearchAction\",\"target\":{\"@type\":\"EntryPoint\",\"urlTemplate\":\"https:\\\/\\\/www.inverseteams.com\\\/fr\\\/?s={search_term_string}\"},\"query-input\":{\"@type\":\"PropertyValueSpecification\",\"valueRequired\":true,\"valueName\":\"search_term_string\"}}],\"inLanguage\":\"fr-FR\"},{\"@type\":\"Organization\",\"@id\":\"https:\\\/\\\/www.inverseteams.com\\\/fr\\\/#organization\",\"name\":\"Inverse Teams\",\"url\":\"https:\\\/\\\/www.inverseteams.com\\\/fr\\\/\",\"logo\":{\"@type\":\"ImageObject\",\"inLanguage\":\"fr-FR\",\"@id\":\"https:\\\/\\\/www.inverseteams.com\\\/fr\\\/#\\\/schema\\\/logo\\\/image\\\/\",\"url\":\"https:\\\/\\\/www.inverseteams.com\\\/wp-content\\\/uploads\\\/2021\\\/03\\\/logo-inverse-teams.png\",\"contentUrl\":\"https:\\\/\\\/www.inverseteams.com\\\/wp-content\\\/uploads\\\/2021\\\/03\\\/logo-inverse-teams.png\",\"width\":294,\"height\":99,\"caption\":\"Inverse Teams\"},\"image\":{\"@id\":\"https:\\\/\\\/www.inverseteams.com\\\/fr\\\/#\\\/schema\\\/logo\\\/image\\\/\"},\"sameAs\":[\"https:\\\/\\\/www.facebook.com\\\/inverseteams\",\"http:\\\/\\\/instagram.com\\\/inverseteams\",\"https:\\\/\\\/www.linkedin.com\\\/company\\\/inverse-cirosport-s-l-?trk=job_view_topcard_company_name\",\"http:\\\/\\\/www.pinterest.com\\\/inverseteams\\\/\",\"http:\\\/\\\/www.youtube.com\\\/user\\\/inverseteams?feature=watch\"]}]}<\/script>\n<!-- \/ Yoast SEO plugin. -->","yoast_head_json":{"title":"Tee-shirt personnalis\u00e9 ENDURO","description":"Tee-shirt personnalis\u00e9 ENDURO, super r\u00e9sistant et respirant. Avec poche arri\u00e8re zipp\u00e9e. Livraison 4 semaines avec votre design inclus. Demandez un budget !","robots":{"index":"index","follow":"follow","max-snippet":"max-snippet:-1","max-image-preview":"max-image-preview:large","max-video-preview":"max-video-preview:-1"},"canonical":"https:\/\/www.inverseteams.com\/fr\/produit\/tee-shirt-personnalise-enduro\/","og_locale":"fr_FR","og_type":"article","og_title":"Tee-shirt personnalis\u00e9 ENDURO","og_description":"Tee-shirt personnalis\u00e9 ENDURO, super r\u00e9sistant et respirant. Avec poche arri\u00e8re zipp\u00e9e. Livraison 4 semaines avec votre design inclus. Demandez un budget !","og_url":"https:\/\/www.inverseteams.com\/fr\/produit\/tee-shirt-personnalise-enduro\/","og_site_name":"Inverseteams","article_publisher":"https:\/\/www.facebook.com\/inverseteams","article_modified_time":"2021-12-31T11:38:04+00:00","og_image":[{"width":3222,"height":3462,"url":"https:\/\/www.inverseteams.com\/wp-content\/uploads\/CAMISETA-MANGA-CORTA-ENDURO-2022-1.jpg","type":"image\/jpeg"}],"twitter_card":"summary_large_image","twitter_misc":{"Dur\u00e9e de lecture estim\u00e9e":"1 minute"},"schema":{"@context":"https:\/\/schema.org","@graph":[{"@type":"WebPage","@id":"https:\/\/www.inverseteams.com\/fr\/produit\/tee-shirt-personnalise-enduro\/","url":"https:\/\/www.inverseteams.com\/fr\/produit\/tee-shirt-personnalise-enduro\/","name":"Tee-shirt personnalis\u00e9 ENDURO","isPartOf":{"@id":"https:\/\/www.inverseteams.com\/fr\/#website"},"primaryImageOfPage":{"@id":"https:\/\/www.inverseteams.com\/fr\/produit\/tee-shirt-personnalise-enduro\/#primaryimage"},"image":{"@id":"https:\/\/www.inverseteams.com\/fr\/produit\/tee-shirt-personnalise-enduro\/#primaryimage"},"thumbnailUrl":"https:\/\/www.inverseteams.com\/wp-content\/uploads\/CAMISETA-MANGA-CORTA-ENDURO-2022-1.jpg","datePublished":"2021-05-10T09:15:57+00:00","dateModified":"2021-12-31T11:38:04+00:00","description":"Tee-shirt personnalis\u00e9 ENDURO, super r\u00e9sistant et respirant. Avec poche arri\u00e8re zipp\u00e9e. Livraison 4 semaines avec votre design inclus. Demandez un budget !","breadcrumb":{"@id":"https:\/\/www.inverseteams.com\/fr\/produit\/tee-shirt-personnalise-enduro\/#breadcrumb"},"inLanguage":"fr-FR","potentialAction":[{"@type":"ReadAction","target":["https:\/\/www.inverseteams.com\/fr\/produit\/tee-shirt-personnalise-enduro\/"]}]},{"@type":"ImageObject","inLanguage":"fr-FR","@id":"https:\/\/www.inverseteams.com\/fr\/produit\/tee-shirt-personnalise-enduro\/#primaryimage","url":"https:\/\/www.inverseteams.com\/wp-content\/uploads\/CAMISETA-MANGA-CORTA-ENDURO-2022-1.jpg","contentUrl":"https:\/\/www.inverseteams.com\/wp-content\/uploads\/CAMISETA-MANGA-CORTA-ENDURO-2022-1.jpg","width":3222,"height":3462,"caption":"camiseta manga corta enduro"},{"@type":"BreadcrumbList","@id":"https:\/\/www.inverseteams.com\/fr\/produit\/tee-shirt-personnalise-enduro\/#breadcrumb","itemListElement":[{"@type":"ListItem","position":1,"name":"Portada","item":"https:\/\/www.inverseteams.com\/fr\/pagina-principal\/"},{"@type":"ListItem","position":2,"name":"Panier","item":"https:\/\/www.inverseteams.com\/fr\/panier\/"},{"@type":"ListItem","position":3,"name":"Tee-shirt personnalis\u00e9 ENDURO"}]},{"@type":"WebSite","@id":"https:\/\/www.inverseteams.com\/fr\/#website","url":"https:\/\/www.inverseteams.com\/fr\/","name":"Inverseteams","description":"Tu marca de ropa deportiva personalizada","publisher":{"@id":"https:\/\/www.inverseteams.com\/fr\/#organization"},"potentialAction":[{"@type":"SearchAction","target":{"@type":"EntryPoint","urlTemplate":"https:\/\/www.inverseteams.com\/fr\/?s={search_term_string}"},"query-input":{"@type":"PropertyValueSpecification","valueRequired":true,"valueName":"search_term_string"}}],"inLanguage":"fr-FR"},{"@type":"Organization","@id":"https:\/\/www.inverseteams.com\/fr\/#organization","name":"Inverse Teams","url":"https:\/\/www.inverseteams.com\/fr\/","logo":{"@type":"ImageObject","inLanguage":"fr-FR","@id":"https:\/\/www.inverseteams.com\/fr\/#\/schema\/logo\/image\/","url":"https:\/\/www.inverseteams.com\/wp-content\/uploads\/2021\/03\/logo-inverse-teams.png","contentUrl":"https:\/\/www.inverseteams.com\/wp-content\/uploads\/2021\/03\/logo-inverse-teams.png","width":294,"height":99,"caption":"Inverse Teams"},"image":{"@id":"https:\/\/www.inverseteams.com\/fr\/#\/schema\/logo\/image\/"},"sameAs":["https:\/\/www.facebook.com\/inverseteams","http:\/\/instagram.com\/inverseteams","https:\/\/www.linkedin.com\/company\/inverse-cirosport-s-l-?trk=job_view_topcard_company_name","http:\/\/www.pinterest.com\/inverseteams\/","http:\/\/www.youtube.com\/user\/inverseteams?feature=watch"]}]}},"_links":{"self":[{"href":"https:\/\/www.inverseteams.com\/fr\/wp-json\/wp\/v2\/product\/17341","targetHints":{"allow":["GET"]}}],"collection":[{"href":"https:\/\/www.inverseteams.com\/fr\/wp-json\/wp\/v2\/product"}],"about":[{"href":"https:\/\/www.inverseteams.com\/fr\/wp-json\/wp\/v2\/types\/product"}],"replies":[{"embeddable":true,"href":"https:\/\/www.inverseteams.com\/fr\/wp-json\/wp\/v2\/comments?post=17341"}],"wp:featuredmedia":[{"embeddable":true,"href":"https:\/\/www.inverseteams.com\/fr\/wp-json\/wp\/v2\/media\/34158"}],"wp:attachment":[{"href":"https:\/\/www.inverseteams.com\/fr\/wp-json\/wp\/v2\/media?parent=17341"}],"wp:term":[{"taxonomy":"product_brand","embeddable":true,"href":"https:\/\/www.inverseteams.com\/fr\/wp-json\/wp\/v2\/product_brand?post=17341"},{"taxonomy":"product_cat","embeddable":true,"href":"https:\/\/www.inverseteams.com\/fr\/wp-json\/wp\/v2\/product_cat?post=17341"},{"taxonomy":"product_tag","embeddable":true,"href":"https:\/\/www.inverseteams.com\/fr\/wp-json\/wp\/v2\/product_tag?post=17341"},{"taxonomy":"custom_category","embeddable":true,"href":"https:\/\/www.inverseteams.com\/fr\/wp-json\/wp\/v2\/custom_category?post=17341"},{"taxonomy":"range","embeddable":true,"href":"https:\/\/www.inverseteams.com\/fr\/wp-json\/wp\/v2\/range?post=17341"}],"curies":[{"name":"wp","href":"https:\/\/api.w.org\/{rel}","templated":true}]}}