{"id":17335,"date":"2021-05-10T08:31:50","date_gmt":"2021-05-10T09:15:51","guid":{"rendered":"https:\/\/inverseteams.com\/?post_type=product&#038;p=17335"},"modified":"2023-10-05T08:19:16","modified_gmt":"2023-10-05T08:19:16","slug":"tee-shirt-trail-running-personnalise-extrem","status":"publish","type":"product","link":"https:\/\/www.inverseteams.com\/fr\/produit\/tee-shirt-trail-running-personnalise-extrem\/","title":{"rendered":"Tee-shirt trail running-personnalis\u00e9 EXTREM"},"content":{"rendered":"<p>Ce tee-shirt trail running technique l\u00e9ger, mod\u00e8le d\u00e9bardeur, est id\u00e9al pour la comp\u00e9tition et l\u2019entra\u00eenement. Son tissu \u00e0 structure ouverte permet d\u2019\u00e9vacuer la sueur \u00e0 l\u2019ext\u00e9rieur pour maintenir votre peau s\u00e8che. Sa capacit\u00e9 de s\u00e9chage est \u00e9lev\u00e9e et vous assure de courir confortablement.<br \/>\nLe surfilage \u00e9lastique du cou s\u2019adapte au corps sans causer de friction. Les pi\u00e8ces qui conforment ce d\u00e9bardeur sont cousues avec des coutures plates super r\u00e9sistantes qui participent d\u2019un design tr\u00e8s attrayant<br \/>\nSur ses lat\u00e9raux, vous trouverez une poche en grille pour stocker les gels et les barres nutritionnelles.<\/p>\n","protected":false},"excerpt":{"rendered":"<p>Ce tee-shirt trail running technique l\u00e9ger, mod\u00e8le d\u00e9bardeur, est id\u00e9al pour la comp\u00e9tition et l\u2019entra\u00eenement. Son tissu \u00e0 structure ouverte permet d\u2019\u00e9vacuer la sueur \u00e0 l\u2019ext\u00e9rieur pour maintenir votre peau s\u00e8che. Sa capacit\u00e9 de s\u00e9chage est \u00e9lev\u00e9e et vous assure de courir confortablement.<br \/>\nLe surfilage \u00e9lastique du cou s\u2019adapte au corps sans causer de friction. Les pi\u00e8ces qui conforment ce d\u00e9bardeur sont cousues avec des coutures plates super r\u00e9sistantes qui participent d\u2019un design tr\u00e8s attrayant<br \/>\nSur ses lat\u00e9raux, vous trouverez une poche en grille pour stocker les gels et les barres nutritionnelles.<\/p>\n","protected":false},"featured_media":141658,"comment_status":"closed","ping_status":"closed","template":"","meta":{"_acf_changed":false},"product_brand":[],"product_cat":[8305],"product_tag":[],"custom_category":[3349,3478,3475],"range":[2503],"class_list":{"0":"post-17335","1":"product","2":"type-product","3":"status-publish","4":"has-post-thumbnail","6":"product_cat-uncategorized-fr","7":"pa_climatologia-chaud","8":"pa_deporte-trail-fr","9":"pa_genero-homme","10":"pa_genero-femme","11":"pa_genero-infantile-fr","12":"pa_patronaje-regular-fr","13":"pa_tipo-de-prenda-t-shirt-fr","14":"custom_category-sport-fr","15":"custom_category-t-shirt-trail-running-personnalise","16":"custom_category-vetements-trail-running-personnalises","17":"range-extrem-fr","19":"first","20":"instock","21":"product-type-custom"},"acf":[],"yoast_head":"<!-- This site is optimized with the Yoast SEO plugin v27.5 - https:\/\/yoast.com\/product\/yoast-seo-wordpress\/ -->\n<title>Tee-shirt trail running-personnalis\u00e9 EXTREM<\/title>\n<meta name=\"description\" content=\"Tee-shirt trail running personnalis\u00e9. D\u00e9bardeur. Super l\u00e9ger et respirant. Poches lat\u00e9rales en filet. Livraison 4 semaines design inclus. Demandez un budget !\" \/>\n<meta name=\"robots\" content=\"index, follow, max-snippet:-1, max-image-preview:large, max-video-preview:-1\" \/>\n<link rel=\"canonical\" href=\"https:\/\/www.inverseteams.com\/fr\/produit\/tee-shirt-trail-running-personnalise-extrem\/\" \/>\n<meta property=\"og:locale\" content=\"fr_FR\" \/>\n<meta property=\"og:type\" content=\"article\" \/>\n<meta property=\"og:title\" content=\"Tee-shirt trail running-personnalis\u00e9 EXTREM\" \/>\n<meta property=\"og:description\" content=\"Tee-shirt trail running personnalis\u00e9. D\u00e9bardeur. Super l\u00e9ger et respirant. Poches lat\u00e9rales en filet. Livraison 4 semaines design inclus. Demandez un budget !\" \/>\n<meta property=\"og:url\" content=\"https:\/\/www.inverseteams.com\/fr\/produit\/tee-shirt-trail-running-personnalise-extrem\/\" \/>\n<meta property=\"og:site_name\" content=\"Inverseteams\" \/>\n<meta property=\"article:publisher\" content=\"https:\/\/www.facebook.com\/inverseteams\" \/>\n<meta property=\"article:modified_time\" content=\"2023-10-05T08:19:16+00:00\" \/>\n<meta property=\"og:image\" content=\"https:\/\/www.inverseteams.com\/wp-content\/uploads\/CAMISETA-SM-EXTREM-1.jpg\" \/>\n\t<meta property=\"og:image:width\" content=\"3222\" \/>\n\t<meta property=\"og:image:height\" content=\"3462\" \/>\n\t<meta property=\"og:image:type\" content=\"image\/jpeg\" \/>\n<meta name=\"twitter:card\" content=\"summary_large_image\" \/>\n<meta name=\"twitter:label1\" content=\"Dur\u00e9e de lecture estim\u00e9e\" \/>\n\t<meta name=\"twitter:data1\" content=\"1 minute\" \/>\n<script type=\"application\/ld+json\" class=\"yoast-schema-graph\">{\"@context\":\"https:\\\/\\\/schema.org\",\"@graph\":[{\"@type\":\"WebPage\",\"@id\":\"https:\\\/\\\/www.inverseteams.com\\\/fr\\\/produit\\\/tee-shirt-trail-running-personnalise-extrem\\\/\",\"url\":\"https:\\\/\\\/www.inverseteams.com\\\/fr\\\/produit\\\/tee-shirt-trail-running-personnalise-extrem\\\/\",\"name\":\"Tee-shirt trail running-personnalis\u00e9 EXTREM\",\"isPartOf\":{\"@id\":\"https:\\\/\\\/www.inverseteams.com\\\/fr\\\/#website\"},\"primaryImageOfPage\":{\"@id\":\"https:\\\/\\\/www.inverseteams.com\\\/fr\\\/produit\\\/tee-shirt-trail-running-personnalise-extrem\\\/#primaryimage\"},\"image\":{\"@id\":\"https:\\\/\\\/www.inverseteams.com\\\/fr\\\/produit\\\/tee-shirt-trail-running-personnalise-extrem\\\/#primaryimage\"},\"thumbnailUrl\":\"https:\\\/\\\/www.inverseteams.com\\\/wp-content\\\/uploads\\\/CAMISETA-SM-EXTREM-1.jpg\",\"datePublished\":\"2021-05-10T09:15:51+00:00\",\"dateModified\":\"2023-10-05T08:19:16+00:00\",\"description\":\"Tee-shirt trail running personnalis\u00e9. D\u00e9bardeur. Super l\u00e9ger et respirant. Poches lat\u00e9rales en filet. Livraison 4 semaines design inclus. Demandez un budget !\",\"breadcrumb\":{\"@id\":\"https:\\\/\\\/www.inverseteams.com\\\/fr\\\/produit\\\/tee-shirt-trail-running-personnalise-extrem\\\/#breadcrumb\"},\"inLanguage\":\"fr-FR\",\"potentialAction\":[{\"@type\":\"ReadAction\",\"target\":[\"https:\\\/\\\/www.inverseteams.com\\\/fr\\\/produit\\\/tee-shirt-trail-running-personnalise-extrem\\\/\"]}]},{\"@type\":\"ImageObject\",\"inLanguage\":\"fr-FR\",\"@id\":\"https:\\\/\\\/www.inverseteams.com\\\/fr\\\/produit\\\/tee-shirt-trail-running-personnalise-extrem\\\/#primaryimage\",\"url\":\"https:\\\/\\\/www.inverseteams.com\\\/wp-content\\\/uploads\\\/CAMISETA-SM-EXTREM-1.jpg\",\"contentUrl\":\"https:\\\/\\\/www.inverseteams.com\\\/wp-content\\\/uploads\\\/CAMISETA-SM-EXTREM-1.jpg\",\"width\":3222,\"height\":3462,\"caption\":\"camiseta sin mangas sky running personalizada\"},{\"@type\":\"BreadcrumbList\",\"@id\":\"https:\\\/\\\/www.inverseteams.com\\\/fr\\\/produit\\\/tee-shirt-trail-running-personnalise-extrem\\\/#breadcrumb\",\"itemListElement\":[{\"@type\":\"ListItem\",\"position\":1,\"name\":\"Portada\",\"item\":\"https:\\\/\\\/www.inverseteams.com\\\/fr\\\/pagina-principal\\\/\"},{\"@type\":\"ListItem\",\"position\":2,\"name\":\"Panier\",\"item\":\"https:\\\/\\\/www.inverseteams.com\\\/fr\\\/panier\\\/\"},{\"@type\":\"ListItem\",\"position\":3,\"name\":\"Tee-shirt trail running-personnalis\u00e9 EXTREM\"}]},{\"@type\":\"WebSite\",\"@id\":\"https:\\\/\\\/www.inverseteams.com\\\/fr\\\/#website\",\"url\":\"https:\\\/\\\/www.inverseteams.com\\\/fr\\\/\",\"name\":\"Inverseteams\",\"description\":\"Tu marca de ropa deportiva personalizada\",\"publisher\":{\"@id\":\"https:\\\/\\\/www.inverseteams.com\\\/fr\\\/#organization\"},\"potentialAction\":[{\"@type\":\"SearchAction\",\"target\":{\"@type\":\"EntryPoint\",\"urlTemplate\":\"https:\\\/\\\/www.inverseteams.com\\\/fr\\\/?s={search_term_string}\"},\"query-input\":{\"@type\":\"PropertyValueSpecification\",\"valueRequired\":true,\"valueName\":\"search_term_string\"}}],\"inLanguage\":\"fr-FR\"},{\"@type\":\"Organization\",\"@id\":\"https:\\\/\\\/www.inverseteams.com\\\/fr\\\/#organization\",\"name\":\"Inverse Teams\",\"url\":\"https:\\\/\\\/www.inverseteams.com\\\/fr\\\/\",\"logo\":{\"@type\":\"ImageObject\",\"inLanguage\":\"fr-FR\",\"@id\":\"https:\\\/\\\/www.inverseteams.com\\\/fr\\\/#\\\/schema\\\/logo\\\/image\\\/\",\"url\":\"https:\\\/\\\/www.inverseteams.com\\\/wp-content\\\/uploads\\\/2021\\\/03\\\/logo-inverse-teams.png\",\"contentUrl\":\"https:\\\/\\\/www.inverseteams.com\\\/wp-content\\\/uploads\\\/2021\\\/03\\\/logo-inverse-teams.png\",\"width\":294,\"height\":99,\"caption\":\"Inverse Teams\"},\"image\":{\"@id\":\"https:\\\/\\\/www.inverseteams.com\\\/fr\\\/#\\\/schema\\\/logo\\\/image\\\/\"},\"sameAs\":[\"https:\\\/\\\/www.facebook.com\\\/inverseteams\",\"http:\\\/\\\/instagram.com\\\/inverseteams\",\"https:\\\/\\\/www.linkedin.com\\\/company\\\/inverse-cirosport-s-l-?trk=job_view_topcard_company_name\",\"http:\\\/\\\/www.pinterest.com\\\/inverseteams\\\/\",\"http:\\\/\\\/www.youtube.com\\\/user\\\/inverseteams?feature=watch\"]}]}<\/script>\n<!-- \/ Yoast SEO plugin. -->","yoast_head_json":{"title":"Tee-shirt trail running-personnalis\u00e9 EXTREM","description":"Tee-shirt trail running personnalis\u00e9. D\u00e9bardeur. Super l\u00e9ger et respirant. Poches lat\u00e9rales en filet. Livraison 4 semaines design inclus. Demandez un budget !","robots":{"index":"index","follow":"follow","max-snippet":"max-snippet:-1","max-image-preview":"max-image-preview:large","max-video-preview":"max-video-preview:-1"},"canonical":"https:\/\/www.inverseteams.com\/fr\/produit\/tee-shirt-trail-running-personnalise-extrem\/","og_locale":"fr_FR","og_type":"article","og_title":"Tee-shirt trail running-personnalis\u00e9 EXTREM","og_description":"Tee-shirt trail running personnalis\u00e9. D\u00e9bardeur. Super l\u00e9ger et respirant. Poches lat\u00e9rales en filet. Livraison 4 semaines design inclus. Demandez un budget !","og_url":"https:\/\/www.inverseteams.com\/fr\/produit\/tee-shirt-trail-running-personnalise-extrem\/","og_site_name":"Inverseteams","article_publisher":"https:\/\/www.facebook.com\/inverseteams","article_modified_time":"2023-10-05T08:19:16+00:00","og_image":[{"width":3222,"height":3462,"url":"https:\/\/www.inverseteams.com\/wp-content\/uploads\/CAMISETA-SM-EXTREM-1.jpg","type":"image\/jpeg"}],"twitter_card":"summary_large_image","twitter_misc":{"Dur\u00e9e de lecture estim\u00e9e":"1 minute"},"schema":{"@context":"https:\/\/schema.org","@graph":[{"@type":"WebPage","@id":"https:\/\/www.inverseteams.com\/fr\/produit\/tee-shirt-trail-running-personnalise-extrem\/","url":"https:\/\/www.inverseteams.com\/fr\/produit\/tee-shirt-trail-running-personnalise-extrem\/","name":"Tee-shirt trail running-personnalis\u00e9 EXTREM","isPartOf":{"@id":"https:\/\/www.inverseteams.com\/fr\/#website"},"primaryImageOfPage":{"@id":"https:\/\/www.inverseteams.com\/fr\/produit\/tee-shirt-trail-running-personnalise-extrem\/#primaryimage"},"image":{"@id":"https:\/\/www.inverseteams.com\/fr\/produit\/tee-shirt-trail-running-personnalise-extrem\/#primaryimage"},"thumbnailUrl":"https:\/\/www.inverseteams.com\/wp-content\/uploads\/CAMISETA-SM-EXTREM-1.jpg","datePublished":"2021-05-10T09:15:51+00:00","dateModified":"2023-10-05T08:19:16+00:00","description":"Tee-shirt trail running personnalis\u00e9. D\u00e9bardeur. Super l\u00e9ger et respirant. Poches lat\u00e9rales en filet. Livraison 4 semaines design inclus. Demandez un budget !","breadcrumb":{"@id":"https:\/\/www.inverseteams.com\/fr\/produit\/tee-shirt-trail-running-personnalise-extrem\/#breadcrumb"},"inLanguage":"fr-FR","potentialAction":[{"@type":"ReadAction","target":["https:\/\/www.inverseteams.com\/fr\/produit\/tee-shirt-trail-running-personnalise-extrem\/"]}]},{"@type":"ImageObject","inLanguage":"fr-FR","@id":"https:\/\/www.inverseteams.com\/fr\/produit\/tee-shirt-trail-running-personnalise-extrem\/#primaryimage","url":"https:\/\/www.inverseteams.com\/wp-content\/uploads\/CAMISETA-SM-EXTREM-1.jpg","contentUrl":"https:\/\/www.inverseteams.com\/wp-content\/uploads\/CAMISETA-SM-EXTREM-1.jpg","width":3222,"height":3462,"caption":"camiseta sin mangas sky running personalizada"},{"@type":"BreadcrumbList","@id":"https:\/\/www.inverseteams.com\/fr\/produit\/tee-shirt-trail-running-personnalise-extrem\/#breadcrumb","itemListElement":[{"@type":"ListItem","position":1,"name":"Portada","item":"https:\/\/www.inverseteams.com\/fr\/pagina-principal\/"},{"@type":"ListItem","position":2,"name":"Panier","item":"https:\/\/www.inverseteams.com\/fr\/panier\/"},{"@type":"ListItem","position":3,"name":"Tee-shirt trail running-personnalis\u00e9 EXTREM"}]},{"@type":"WebSite","@id":"https:\/\/www.inverseteams.com\/fr\/#website","url":"https:\/\/www.inverseteams.com\/fr\/","name":"Inverseteams","description":"Tu marca de ropa deportiva personalizada","publisher":{"@id":"https:\/\/www.inverseteams.com\/fr\/#organization"},"potentialAction":[{"@type":"SearchAction","target":{"@type":"EntryPoint","urlTemplate":"https:\/\/www.inverseteams.com\/fr\/?s={search_term_string}"},"query-input":{"@type":"PropertyValueSpecification","valueRequired":true,"valueName":"search_term_string"}}],"inLanguage":"fr-FR"},{"@type":"Organization","@id":"https:\/\/www.inverseteams.com\/fr\/#organization","name":"Inverse Teams","url":"https:\/\/www.inverseteams.com\/fr\/","logo":{"@type":"ImageObject","inLanguage":"fr-FR","@id":"https:\/\/www.inverseteams.com\/fr\/#\/schema\/logo\/image\/","url":"https:\/\/www.inverseteams.com\/wp-content\/uploads\/2021\/03\/logo-inverse-teams.png","contentUrl":"https:\/\/www.inverseteams.com\/wp-content\/uploads\/2021\/03\/logo-inverse-teams.png","width":294,"height":99,"caption":"Inverse Teams"},"image":{"@id":"https:\/\/www.inverseteams.com\/fr\/#\/schema\/logo\/image\/"},"sameAs":["https:\/\/www.facebook.com\/inverseteams","http:\/\/instagram.com\/inverseteams","https:\/\/www.linkedin.com\/company\/inverse-cirosport-s-l-?trk=job_view_topcard_company_name","http:\/\/www.pinterest.com\/inverseteams\/","http:\/\/www.youtube.com\/user\/inverseteams?feature=watch"]}]}},"_links":{"self":[{"href":"https:\/\/www.inverseteams.com\/fr\/wp-json\/wp\/v2\/product\/17335","targetHints":{"allow":["GET"]}}],"collection":[{"href":"https:\/\/www.inverseteams.com\/fr\/wp-json\/wp\/v2\/product"}],"about":[{"href":"https:\/\/www.inverseteams.com\/fr\/wp-json\/wp\/v2\/types\/product"}],"replies":[{"embeddable":true,"href":"https:\/\/www.inverseteams.com\/fr\/wp-json\/wp\/v2\/comments?post=17335"}],"wp:featuredmedia":[{"embeddable":true,"href":"https:\/\/www.inverseteams.com\/fr\/wp-json\/wp\/v2\/media\/141658"}],"wp:attachment":[{"href":"https:\/\/www.inverseteams.com\/fr\/wp-json\/wp\/v2\/media?parent=17335"}],"wp:term":[{"taxonomy":"product_brand","embeddable":true,"href":"https:\/\/www.inverseteams.com\/fr\/wp-json\/wp\/v2\/product_brand?post=17335"},{"taxonomy":"product_cat","embeddable":true,"href":"https:\/\/www.inverseteams.com\/fr\/wp-json\/wp\/v2\/product_cat?post=17335"},{"taxonomy":"product_tag","embeddable":true,"href":"https:\/\/www.inverseteams.com\/fr\/wp-json\/wp\/v2\/product_tag?post=17335"},{"taxonomy":"custom_category","embeddable":true,"href":"https:\/\/www.inverseteams.com\/fr\/wp-json\/wp\/v2\/custom_category?post=17335"},{"taxonomy":"range","embeddable":true,"href":"https:\/\/www.inverseteams.com\/fr\/wp-json\/wp\/v2\/range?post=17335"}],"curies":[{"name":"wp","href":"https:\/\/api.w.org\/{rel}","templated":true}]}}