{"id":17332,"date":"2021-05-10T08:31:43","date_gmt":"2021-05-10T09:15:45","guid":{"rendered":"https:\/\/inverseteams.com\/?post_type=product&#038;p=17332"},"modified":"2023-10-05T08:10:21","modified_gmt":"2023-10-05T08:10:21","slug":"jupe-trail-running-personnalisee-ultra","status":"publish","type":"product","link":"https:\/\/www.inverseteams.com\/fr\/produit\/jupe-trail-running-personnalisee-ultra\/","title":{"rendered":"Jupe trail running personnalis\u00e9e ULTRA"},"content":{"rendered":"<p>Fabriqu\u00e9 avec un tissu l\u00e9ger et r\u00e9sistant \u00e0 l\u2019abrasion, la jupe trail running ULTRA est id\u00e9ale pour courir en montagne pendant des longues s\u00e9ances d\u2019entra\u00eenement ou de comp\u00e9tition. Sur la zone arri\u00e8re elle a 2 poches en filet \u00e9lastique et 1 poche zipp\u00e9e o\u00f9 vous pouvez stocker n\u2019importe quel objet sans crainte de le perdre, vous pouvez courir sans soucis. \u00c0 taille, une bande \u00e9lastique maintient la jupe bien ajust\u00e9e, sans g\u00eaner. \u00c0 l\u2019int\u00e9rieur elle int\u00e8gre un collant court en tissu \u00e0 structure ouverte qui vous fera vous sentir \u00e0 l\u2019aise en tout temps.<\/p>\n","protected":false},"excerpt":{"rendered":"<p>Fabriqu\u00e9 avec un tissu l\u00e9ger et r\u00e9sistant \u00e0 l\u2019abrasion, la jupe trail running ULTRA est id\u00e9ale pour courir en montagne pendant des longues s\u00e9ances d\u2019entra\u00eenement ou de comp\u00e9tition. Sur la zone arri\u00e8re elle a 2 poches en filet \u00e9lastique et 1 poche zipp\u00e9e o\u00f9 vous pouvez stocker n\u2019importe quel objet sans crainte de le perdre, vous pouvez courir sans soucis. \u00c0 taille, une bande \u00e9lastique maintient la jupe bien ajust\u00e9e, sans g\u00eaner. \u00c0 l\u2019int\u00e9rieur elle int\u00e8gre un collant court en tissu \u00e0 structure ouverte qui vous fera vous sentir \u00e0 l\u2019aise en tout temps.<\/p>\n","protected":false},"featured_media":141698,"comment_status":"closed","ping_status":"closed","template":"","meta":{"_acf_changed":false},"product_brand":[],"product_cat":[8305],"product_tag":[],"custom_category":[3349,3481,3475],"range":[2502],"class_list":{"0":"post-17332","1":"product","2":"type-product","3":"status-publish","4":"has-post-thumbnail","6":"product_cat-uncategorized-fr","7":"pa_climatologia-chaud","8":"pa_deporte-trail-fr","9":"pa_genero-femme","10":"pa_patronaje-regular-fr","11":"pa_tipo-de-prenda-jupe","12":"custom_category-sport-fr","13":"custom_category-jupe-trail-running-personnalisee","14":"custom_category-vetements-trail-running-personnalises","15":"range-ultra-fr","17":"first","18":"instock","19":"product-type-custom"},"acf":[],"yoast_head":"<!-- This site is optimized with the Yoast SEO plugin v27.5 - https:\/\/yoast.com\/product\/yoast-seo-wordpress\/ -->\n<title>Jupe trail running personnalis\u00e9e ULTRA<\/title>\n<meta name=\"description\" content=\"Jupe trail running personnalis\u00e9e ULTRA. R\u00e9alis\u00e9e en tissu l\u00e9ger et tr\u00e8s r\u00e9sistant, avec 2 poches \u00e9lastiques et une autre avec un zip. Demandez un budget !\" \/>\n<meta name=\"robots\" content=\"index, follow, max-snippet:-1, max-image-preview:large, max-video-preview:-1\" \/>\n<link rel=\"canonical\" href=\"https:\/\/www.inverseteams.com\/fr\/produit\/jupe-trail-running-personnalisee-ultra\/\" \/>\n<meta property=\"og:locale\" content=\"fr_FR\" \/>\n<meta property=\"og:type\" content=\"article\" \/>\n<meta property=\"og:title\" content=\"Jupe trail running personnalis\u00e9e ULTRA\" \/>\n<meta property=\"og:description\" content=\"Jupe trail running personnalis\u00e9e ULTRA. R\u00e9alis\u00e9e en tissu l\u00e9ger et tr\u00e8s r\u00e9sistant, avec 2 poches \u00e9lastiques et une autre avec un zip. Demandez un budget !\" \/>\n<meta property=\"og:url\" content=\"https:\/\/www.inverseteams.com\/fr\/produit\/jupe-trail-running-personnalisee-ultra\/\" \/>\n<meta property=\"og:site_name\" content=\"Inverseteams\" \/>\n<meta property=\"article:publisher\" content=\"https:\/\/www.facebook.com\/inverseteams\" \/>\n<meta property=\"article:modified_time\" content=\"2023-10-05T08:10:21+00:00\" \/>\n<meta property=\"og:image\" content=\"https:\/\/www.inverseteams.com\/wp-content\/uploads\/FALDA-ULTRA-1-4.jpg\" \/>\n\t<meta property=\"og:image:width\" content=\"3222\" \/>\n\t<meta property=\"og:image:height\" content=\"3462\" \/>\n\t<meta property=\"og:image:type\" content=\"image\/jpeg\" \/>\n<meta name=\"twitter:card\" content=\"summary_large_image\" \/>\n<meta name=\"twitter:label1\" content=\"Dur\u00e9e de lecture estim\u00e9e\" \/>\n\t<meta name=\"twitter:data1\" content=\"1 minute\" \/>\n<script type=\"application\/ld+json\" class=\"yoast-schema-graph\">{\"@context\":\"https:\\\/\\\/schema.org\",\"@graph\":[{\"@type\":\"WebPage\",\"@id\":\"https:\\\/\\\/www.inverseteams.com\\\/fr\\\/produit\\\/jupe-trail-running-personnalisee-ultra\\\/\",\"url\":\"https:\\\/\\\/www.inverseteams.com\\\/fr\\\/produit\\\/jupe-trail-running-personnalisee-ultra\\\/\",\"name\":\"Jupe trail running personnalis\u00e9e ULTRA\",\"isPartOf\":{\"@id\":\"https:\\\/\\\/www.inverseteams.com\\\/fr\\\/#website\"},\"primaryImageOfPage\":{\"@id\":\"https:\\\/\\\/www.inverseteams.com\\\/fr\\\/produit\\\/jupe-trail-running-personnalisee-ultra\\\/#primaryimage\"},\"image\":{\"@id\":\"https:\\\/\\\/www.inverseteams.com\\\/fr\\\/produit\\\/jupe-trail-running-personnalisee-ultra\\\/#primaryimage\"},\"thumbnailUrl\":\"https:\\\/\\\/www.inverseteams.com\\\/wp-content\\\/uploads\\\/FALDA-ULTRA-1-4.jpg\",\"datePublished\":\"2021-05-10T09:15:45+00:00\",\"dateModified\":\"2023-10-05T08:10:21+00:00\",\"description\":\"Jupe trail running personnalis\u00e9e ULTRA. R\u00e9alis\u00e9e en tissu l\u00e9ger et tr\u00e8s r\u00e9sistant, avec 2 poches \u00e9lastiques et une autre avec un zip. Demandez un budget !\",\"breadcrumb\":{\"@id\":\"https:\\\/\\\/www.inverseteams.com\\\/fr\\\/produit\\\/jupe-trail-running-personnalisee-ultra\\\/#breadcrumb\"},\"inLanguage\":\"fr-FR\",\"potentialAction\":[{\"@type\":\"ReadAction\",\"target\":[\"https:\\\/\\\/www.inverseteams.com\\\/fr\\\/produit\\\/jupe-trail-running-personnalisee-ultra\\\/\"]}]},{\"@type\":\"ImageObject\",\"inLanguage\":\"fr-FR\",\"@id\":\"https:\\\/\\\/www.inverseteams.com\\\/fr\\\/produit\\\/jupe-trail-running-personnalisee-ultra\\\/#primaryimage\",\"url\":\"https:\\\/\\\/www.inverseteams.com\\\/wp-content\\\/uploads\\\/FALDA-ULTRA-1-4.jpg\",\"contentUrl\":\"https:\\\/\\\/www.inverseteams.com\\\/wp-content\\\/uploads\\\/FALDA-ULTRA-1-4.jpg\",\"width\":3222,\"height\":3462,\"caption\":\"falda trail running personalizada\"},{\"@type\":\"BreadcrumbList\",\"@id\":\"https:\\\/\\\/www.inverseteams.com\\\/fr\\\/produit\\\/jupe-trail-running-personnalisee-ultra\\\/#breadcrumb\",\"itemListElement\":[{\"@type\":\"ListItem\",\"position\":1,\"name\":\"Portada\",\"item\":\"https:\\\/\\\/www.inverseteams.com\\\/fr\\\/pagina-principal\\\/\"},{\"@type\":\"ListItem\",\"position\":2,\"name\":\"Panier\",\"item\":\"https:\\\/\\\/www.inverseteams.com\\\/fr\\\/panier\\\/\"},{\"@type\":\"ListItem\",\"position\":3,\"name\":\"Jupe trail running personnalis\u00e9e ULTRA\"}]},{\"@type\":\"WebSite\",\"@id\":\"https:\\\/\\\/www.inverseteams.com\\\/fr\\\/#website\",\"url\":\"https:\\\/\\\/www.inverseteams.com\\\/fr\\\/\",\"name\":\"Inverseteams\",\"description\":\"Tu marca de ropa deportiva personalizada\",\"publisher\":{\"@id\":\"https:\\\/\\\/www.inverseteams.com\\\/fr\\\/#organization\"},\"potentialAction\":[{\"@type\":\"SearchAction\",\"target\":{\"@type\":\"EntryPoint\",\"urlTemplate\":\"https:\\\/\\\/www.inverseteams.com\\\/fr\\\/?s={search_term_string}\"},\"query-input\":{\"@type\":\"PropertyValueSpecification\",\"valueRequired\":true,\"valueName\":\"search_term_string\"}}],\"inLanguage\":\"fr-FR\"},{\"@type\":\"Organization\",\"@id\":\"https:\\\/\\\/www.inverseteams.com\\\/fr\\\/#organization\",\"name\":\"Inverse Teams\",\"url\":\"https:\\\/\\\/www.inverseteams.com\\\/fr\\\/\",\"logo\":{\"@type\":\"ImageObject\",\"inLanguage\":\"fr-FR\",\"@id\":\"https:\\\/\\\/www.inverseteams.com\\\/fr\\\/#\\\/schema\\\/logo\\\/image\\\/\",\"url\":\"https:\\\/\\\/www.inverseteams.com\\\/wp-content\\\/uploads\\\/2021\\\/03\\\/logo-inverse-teams.png\",\"contentUrl\":\"https:\\\/\\\/www.inverseteams.com\\\/wp-content\\\/uploads\\\/2021\\\/03\\\/logo-inverse-teams.png\",\"width\":294,\"height\":99,\"caption\":\"Inverse Teams\"},\"image\":{\"@id\":\"https:\\\/\\\/www.inverseteams.com\\\/fr\\\/#\\\/schema\\\/logo\\\/image\\\/\"},\"sameAs\":[\"https:\\\/\\\/www.facebook.com\\\/inverseteams\",\"http:\\\/\\\/instagram.com\\\/inverseteams\",\"https:\\\/\\\/www.linkedin.com\\\/company\\\/inverse-cirosport-s-l-?trk=job_view_topcard_company_name\",\"http:\\\/\\\/www.pinterest.com\\\/inverseteams\\\/\",\"http:\\\/\\\/www.youtube.com\\\/user\\\/inverseteams?feature=watch\"]}]}<\/script>\n<!-- \/ Yoast SEO plugin. -->","yoast_head_json":{"title":"Jupe trail running personnalis\u00e9e ULTRA","description":"Jupe trail running personnalis\u00e9e ULTRA. R\u00e9alis\u00e9e en tissu l\u00e9ger et tr\u00e8s r\u00e9sistant, avec 2 poches \u00e9lastiques et une autre avec un zip. Demandez un budget !","robots":{"index":"index","follow":"follow","max-snippet":"max-snippet:-1","max-image-preview":"max-image-preview:large","max-video-preview":"max-video-preview:-1"},"canonical":"https:\/\/www.inverseteams.com\/fr\/produit\/jupe-trail-running-personnalisee-ultra\/","og_locale":"fr_FR","og_type":"article","og_title":"Jupe trail running personnalis\u00e9e ULTRA","og_description":"Jupe trail running personnalis\u00e9e ULTRA. R\u00e9alis\u00e9e en tissu l\u00e9ger et tr\u00e8s r\u00e9sistant, avec 2 poches \u00e9lastiques et une autre avec un zip. Demandez un budget !","og_url":"https:\/\/www.inverseteams.com\/fr\/produit\/jupe-trail-running-personnalisee-ultra\/","og_site_name":"Inverseteams","article_publisher":"https:\/\/www.facebook.com\/inverseteams","article_modified_time":"2023-10-05T08:10:21+00:00","og_image":[{"width":3222,"height":3462,"url":"https:\/\/www.inverseteams.com\/wp-content\/uploads\/FALDA-ULTRA-1-4.jpg","type":"image\/jpeg"}],"twitter_card":"summary_large_image","twitter_misc":{"Dur\u00e9e de lecture estim\u00e9e":"1 minute"},"schema":{"@context":"https:\/\/schema.org","@graph":[{"@type":"WebPage","@id":"https:\/\/www.inverseteams.com\/fr\/produit\/jupe-trail-running-personnalisee-ultra\/","url":"https:\/\/www.inverseteams.com\/fr\/produit\/jupe-trail-running-personnalisee-ultra\/","name":"Jupe trail running personnalis\u00e9e ULTRA","isPartOf":{"@id":"https:\/\/www.inverseteams.com\/fr\/#website"},"primaryImageOfPage":{"@id":"https:\/\/www.inverseteams.com\/fr\/produit\/jupe-trail-running-personnalisee-ultra\/#primaryimage"},"image":{"@id":"https:\/\/www.inverseteams.com\/fr\/produit\/jupe-trail-running-personnalisee-ultra\/#primaryimage"},"thumbnailUrl":"https:\/\/www.inverseteams.com\/wp-content\/uploads\/FALDA-ULTRA-1-4.jpg","datePublished":"2021-05-10T09:15:45+00:00","dateModified":"2023-10-05T08:10:21+00:00","description":"Jupe trail running personnalis\u00e9e ULTRA. R\u00e9alis\u00e9e en tissu l\u00e9ger et tr\u00e8s r\u00e9sistant, avec 2 poches \u00e9lastiques et une autre avec un zip. Demandez un budget !","breadcrumb":{"@id":"https:\/\/www.inverseteams.com\/fr\/produit\/jupe-trail-running-personnalisee-ultra\/#breadcrumb"},"inLanguage":"fr-FR","potentialAction":[{"@type":"ReadAction","target":["https:\/\/www.inverseteams.com\/fr\/produit\/jupe-trail-running-personnalisee-ultra\/"]}]},{"@type":"ImageObject","inLanguage":"fr-FR","@id":"https:\/\/www.inverseteams.com\/fr\/produit\/jupe-trail-running-personnalisee-ultra\/#primaryimage","url":"https:\/\/www.inverseteams.com\/wp-content\/uploads\/FALDA-ULTRA-1-4.jpg","contentUrl":"https:\/\/www.inverseteams.com\/wp-content\/uploads\/FALDA-ULTRA-1-4.jpg","width":3222,"height":3462,"caption":"falda trail running personalizada"},{"@type":"BreadcrumbList","@id":"https:\/\/www.inverseteams.com\/fr\/produit\/jupe-trail-running-personnalisee-ultra\/#breadcrumb","itemListElement":[{"@type":"ListItem","position":1,"name":"Portada","item":"https:\/\/www.inverseteams.com\/fr\/pagina-principal\/"},{"@type":"ListItem","position":2,"name":"Panier","item":"https:\/\/www.inverseteams.com\/fr\/panier\/"},{"@type":"ListItem","position":3,"name":"Jupe trail running personnalis\u00e9e ULTRA"}]},{"@type":"WebSite","@id":"https:\/\/www.inverseteams.com\/fr\/#website","url":"https:\/\/www.inverseteams.com\/fr\/","name":"Inverseteams","description":"Tu marca de ropa deportiva personalizada","publisher":{"@id":"https:\/\/www.inverseteams.com\/fr\/#organization"},"potentialAction":[{"@type":"SearchAction","target":{"@type":"EntryPoint","urlTemplate":"https:\/\/www.inverseteams.com\/fr\/?s={search_term_string}"},"query-input":{"@type":"PropertyValueSpecification","valueRequired":true,"valueName":"search_term_string"}}],"inLanguage":"fr-FR"},{"@type":"Organization","@id":"https:\/\/www.inverseteams.com\/fr\/#organization","name":"Inverse Teams","url":"https:\/\/www.inverseteams.com\/fr\/","logo":{"@type":"ImageObject","inLanguage":"fr-FR","@id":"https:\/\/www.inverseteams.com\/fr\/#\/schema\/logo\/image\/","url":"https:\/\/www.inverseteams.com\/wp-content\/uploads\/2021\/03\/logo-inverse-teams.png","contentUrl":"https:\/\/www.inverseteams.com\/wp-content\/uploads\/2021\/03\/logo-inverse-teams.png","width":294,"height":99,"caption":"Inverse Teams"},"image":{"@id":"https:\/\/www.inverseteams.com\/fr\/#\/schema\/logo\/image\/"},"sameAs":["https:\/\/www.facebook.com\/inverseteams","http:\/\/instagram.com\/inverseteams","https:\/\/www.linkedin.com\/company\/inverse-cirosport-s-l-?trk=job_view_topcard_company_name","http:\/\/www.pinterest.com\/inverseteams\/","http:\/\/www.youtube.com\/user\/inverseteams?feature=watch"]}]}},"_links":{"self":[{"href":"https:\/\/www.inverseteams.com\/fr\/wp-json\/wp\/v2\/product\/17332","targetHints":{"allow":["GET"]}}],"collection":[{"href":"https:\/\/www.inverseteams.com\/fr\/wp-json\/wp\/v2\/product"}],"about":[{"href":"https:\/\/www.inverseteams.com\/fr\/wp-json\/wp\/v2\/types\/product"}],"replies":[{"embeddable":true,"href":"https:\/\/www.inverseteams.com\/fr\/wp-json\/wp\/v2\/comments?post=17332"}],"wp:featuredmedia":[{"embeddable":true,"href":"https:\/\/www.inverseteams.com\/fr\/wp-json\/wp\/v2\/media\/141698"}],"wp:attachment":[{"href":"https:\/\/www.inverseteams.com\/fr\/wp-json\/wp\/v2\/media?parent=17332"}],"wp:term":[{"taxonomy":"product_brand","embeddable":true,"href":"https:\/\/www.inverseteams.com\/fr\/wp-json\/wp\/v2\/product_brand?post=17332"},{"taxonomy":"product_cat","embeddable":true,"href":"https:\/\/www.inverseteams.com\/fr\/wp-json\/wp\/v2\/product_cat?post=17332"},{"taxonomy":"product_tag","embeddable":true,"href":"https:\/\/www.inverseteams.com\/fr\/wp-json\/wp\/v2\/product_tag?post=17332"},{"taxonomy":"custom_category","embeddable":true,"href":"https:\/\/www.inverseteams.com\/fr\/wp-json\/wp\/v2\/custom_category?post=17332"},{"taxonomy":"range","embeddable":true,"href":"https:\/\/www.inverseteams.com\/fr\/wp-json\/wp\/v2\/range?post=17332"}],"curies":[{"name":"wp","href":"https:\/\/api.w.org\/{rel}","templated":true}]}}