{"id":17330,"date":"2021-05-10T08:31:43","date_gmt":"2021-05-10T09:15:45","guid":{"rendered":"https:\/\/inverseteams.com\/?post_type=product&#038;p=17330"},"modified":"2023-10-05T08:09:45","modified_gmt":"2023-10-05T08:09:45","slug":"veste-impermeable-ersonnalise-a-capuche-ultra","status":"publish","type":"product","link":"https:\/\/www.inverseteams.com\/fr\/produit\/veste-impermeable-ersonnalise-a-capuche-ultra\/","title":{"rendered":"Veste imperm\u00e9able personnalis\u00e9 \u00e0 capuche ULTRA"},"content":{"rendered":"<p>Cette veste imperm\u00e9able ultral\u00e9g\u00e8re est id\u00e9ale pour affronter le vent et la pluie. Elle est si mince et l\u00e9g\u00e8re qu\u2019elle peut \u00eatre facilement stock\u00e9e \u00e0 l\u2019int\u00e9rieur d\u2019une poche ou de sa propre poche de poitrine \u00e0 fermeture \u00e9clair. Celle-ci sert \u00e9galement pour emporter de petits objets pendant les courses.<br \/>\nLa capuche s\u2019adapte parfaitement \u00e0 la t\u00eate et est con\u00e7ue pour couvrir jusqu\u2019\u00e0 la bouche.<br \/>\nLes poignets ont un surfilage \u00e9lastique sp\u00e9cial pour bloquer le pouce. De cette fa\u00e7on, la manche ne perdra pas sa position et vous pourrez courir dans un confort total.<\/p>\n","protected":false},"excerpt":{"rendered":"<p>Cette veste imperm\u00e9able ultral\u00e9g\u00e8re est id\u00e9ale pour affronter le vent et la pluie. Elle est si mince et l\u00e9g\u00e8re qu\u2019elle peut \u00eatre facilement stock\u00e9e \u00e0 l\u2019int\u00e9rieur d\u2019une poche ou de sa propre poche de poitrine \u00e0 fermeture \u00e9clair. Celle-ci sert \u00e9galement pour emporter de petits objets pendant les courses.<br \/>\nLa capuche s\u2019adapte parfaitement \u00e0 la t\u00eate et est con\u00e7ue pour couvrir jusqu\u2019\u00e0 la bouche.<br \/>\nLes poignets ont un surfilage \u00e9lastique sp\u00e9cial pour bloquer le pouce. De cette fa\u00e7on, la manche ne perdra pas sa position et vous pourrez courir dans un confort total.<\/p>\n","protected":false},"featured_media":141706,"comment_status":"closed","ping_status":"closed","template":"","meta":{"_acf_changed":false},"product_brand":[],"product_cat":[8305],"product_tag":[],"custom_category":[3349,3475,3484],"range":[2502],"class_list":{"0":"post-17330","1":"product","2":"type-product","3":"status-publish","4":"has-post-thumbnail","6":"product_cat-uncategorized-fr","7":"pa_climatologia-pluie","8":"pa_climatologia-temperature-chaude","9":"pa_climatologia-vent-fr","10":"pa_deporte-trail-fr","11":"pa_genero-homme","12":"pa_genero-femme","13":"pa_genero-infantile-fr","14":"pa_patronaje-regular-fr","15":"pa_tipo-de-prenda-impermeable-fr","16":"custom_category-sport-fr","17":"custom_category-vetements-trail-running-personnalises","18":"custom_category-impermeable-trail-running-personnalise","19":"range-ultra-fr","21":"first","22":"instock","23":"product-type-custom"},"acf":[],"yoast_head":"<!-- This site is optimized with the Yoast SEO plugin v27.3 - https:\/\/yoast.com\/product\/yoast-seo-wordpress\/ -->\n<title>Veste imperm\u00e9able personnalis\u00e9 \u00e0 capuche ULTRA<\/title>\n<meta name=\"description\" content=\"Imperm\u00e9able \u00e0 capuche personnalis\u00e9. Fin et ultra l\u00e9ger, pour un rangement facile dans votre poche poitrine. Livraison sous 4 semaines. Demandez un budget !\" \/>\n<meta name=\"robots\" content=\"index, follow, max-snippet:-1, max-image-preview:large, max-video-preview:-1\" \/>\n<link rel=\"canonical\" href=\"https:\/\/www.inverseteams.com\/fr\/produit\/veste-impermeable-ersonnalise-a-capuche-ultra\/\" \/>\n<meta property=\"og:locale\" content=\"fr_FR\" \/>\n<meta property=\"og:type\" content=\"article\" \/>\n<meta property=\"og:title\" content=\"Veste imperm\u00e9able personnalis\u00e9 \u00e0 capuche ULTRA\" \/>\n<meta property=\"og:description\" content=\"Imperm\u00e9able \u00e0 capuche personnalis\u00e9. Fin et ultra l\u00e9ger, pour un rangement facile dans votre poche poitrine. Livraison sous 4 semaines. Demandez un budget !\" \/>\n<meta property=\"og:url\" content=\"https:\/\/www.inverseteams.com\/fr\/produit\/veste-impermeable-ersonnalise-a-capuche-ultra\/\" \/>\n<meta property=\"og:site_name\" content=\"Inverseteams\" \/>\n<meta property=\"article:publisher\" content=\"https:\/\/www.facebook.com\/inverseteams\" \/>\n<meta property=\"article:modified_time\" content=\"2023-10-05T08:09:45+00:00\" \/>\n<meta property=\"og:image\" content=\"https:\/\/www.inverseteams.com\/wp-content\/uploads\/IMPERMEABLE-ULTRA-1.jpg\" \/>\n\t<meta property=\"og:image:width\" content=\"3222\" \/>\n\t<meta property=\"og:image:height\" content=\"3462\" \/>\n\t<meta property=\"og:image:type\" content=\"image\/jpeg\" \/>\n<meta name=\"twitter:card\" content=\"summary_large_image\" \/>\n<meta name=\"twitter:label1\" content=\"Dur\u00e9e de lecture estim\u00e9e\" \/>\n\t<meta name=\"twitter:data1\" content=\"1 minute\" \/>\n<script type=\"application\/ld+json\" class=\"yoast-schema-graph\">{\"@context\":\"https:\\\/\\\/schema.org\",\"@graph\":[{\"@type\":\"WebPage\",\"@id\":\"https:\\\/\\\/www.inverseteams.com\\\/fr\\\/produit\\\/veste-impermeable-ersonnalise-a-capuche-ultra\\\/\",\"url\":\"https:\\\/\\\/www.inverseteams.com\\\/fr\\\/produit\\\/veste-impermeable-ersonnalise-a-capuche-ultra\\\/\",\"name\":\"Veste imperm\u00e9able personnalis\u00e9 \u00e0 capuche ULTRA\",\"isPartOf\":{\"@id\":\"https:\\\/\\\/www.inverseteams.com\\\/fr\\\/#website\"},\"primaryImageOfPage\":{\"@id\":\"https:\\\/\\\/www.inverseteams.com\\\/fr\\\/produit\\\/veste-impermeable-ersonnalise-a-capuche-ultra\\\/#primaryimage\"},\"image\":{\"@id\":\"https:\\\/\\\/www.inverseteams.com\\\/fr\\\/produit\\\/veste-impermeable-ersonnalise-a-capuche-ultra\\\/#primaryimage\"},\"thumbnailUrl\":\"https:\\\/\\\/www.inverseteams.com\\\/wp-content\\\/uploads\\\/IMPERMEABLE-ULTRA-1.jpg\",\"datePublished\":\"2021-05-10T09:15:45+00:00\",\"dateModified\":\"2023-10-05T08:09:45+00:00\",\"description\":\"Imperm\u00e9able \u00e0 capuche personnalis\u00e9. Fin et ultra l\u00e9ger, pour un rangement facile dans votre poche poitrine. Livraison sous 4 semaines. Demandez un budget !\",\"breadcrumb\":{\"@id\":\"https:\\\/\\\/www.inverseteams.com\\\/fr\\\/produit\\\/veste-impermeable-ersonnalise-a-capuche-ultra\\\/#breadcrumb\"},\"inLanguage\":\"fr-FR\",\"potentialAction\":[{\"@type\":\"ReadAction\",\"target\":[\"https:\\\/\\\/www.inverseteams.com\\\/fr\\\/produit\\\/veste-impermeable-ersonnalise-a-capuche-ultra\\\/\"]}]},{\"@type\":\"ImageObject\",\"inLanguage\":\"fr-FR\",\"@id\":\"https:\\\/\\\/www.inverseteams.com\\\/fr\\\/produit\\\/veste-impermeable-ersonnalise-a-capuche-ultra\\\/#primaryimage\",\"url\":\"https:\\\/\\\/www.inverseteams.com\\\/wp-content\\\/uploads\\\/IMPERMEABLE-ULTRA-1.jpg\",\"contentUrl\":\"https:\\\/\\\/www.inverseteams.com\\\/wp-content\\\/uploads\\\/IMPERMEABLE-ULTRA-1.jpg\",\"width\":3222,\"height\":3462,\"caption\":\"impermeable con capucha trail running personalizable\"},{\"@type\":\"BreadcrumbList\",\"@id\":\"https:\\\/\\\/www.inverseteams.com\\\/fr\\\/produit\\\/veste-impermeable-ersonnalise-a-capuche-ultra\\\/#breadcrumb\",\"itemListElement\":[{\"@type\":\"ListItem\",\"position\":1,\"name\":\"Portada\",\"item\":\"https:\\\/\\\/www.inverseteams.com\\\/fr\\\/pagina-principal\\\/\"},{\"@type\":\"ListItem\",\"position\":2,\"name\":\"Panier\",\"item\":\"https:\\\/\\\/www.inverseteams.com\\\/fr\\\/panier\\\/\"},{\"@type\":\"ListItem\",\"position\":3,\"name\":\"Veste imperm\u00e9able personnalis\u00e9 \u00e0 capuche ULTRA\"}]},{\"@type\":\"WebSite\",\"@id\":\"https:\\\/\\\/www.inverseteams.com\\\/fr\\\/#website\",\"url\":\"https:\\\/\\\/www.inverseteams.com\\\/fr\\\/\",\"name\":\"Inverseteams\",\"description\":\"Tu marca de ropa deportiva personalizada\",\"publisher\":{\"@id\":\"https:\\\/\\\/www.inverseteams.com\\\/fr\\\/#organization\"},\"potentialAction\":[{\"@type\":\"SearchAction\",\"target\":{\"@type\":\"EntryPoint\",\"urlTemplate\":\"https:\\\/\\\/www.inverseteams.com\\\/fr\\\/?s={search_term_string}\"},\"query-input\":{\"@type\":\"PropertyValueSpecification\",\"valueRequired\":true,\"valueName\":\"search_term_string\"}}],\"inLanguage\":\"fr-FR\"},{\"@type\":\"Organization\",\"@id\":\"https:\\\/\\\/www.inverseteams.com\\\/fr\\\/#organization\",\"name\":\"Inverse Teams\",\"url\":\"https:\\\/\\\/www.inverseteams.com\\\/fr\\\/\",\"logo\":{\"@type\":\"ImageObject\",\"inLanguage\":\"fr-FR\",\"@id\":\"https:\\\/\\\/www.inverseteams.com\\\/fr\\\/#\\\/schema\\\/logo\\\/image\\\/\",\"url\":\"https:\\\/\\\/www.inverseteams.com\\\/wp-content\\\/uploads\\\/2021\\\/03\\\/logo-inverse-teams.png\",\"contentUrl\":\"https:\\\/\\\/www.inverseteams.com\\\/wp-content\\\/uploads\\\/2021\\\/03\\\/logo-inverse-teams.png\",\"width\":294,\"height\":99,\"caption\":\"Inverse Teams\"},\"image\":{\"@id\":\"https:\\\/\\\/www.inverseteams.com\\\/fr\\\/#\\\/schema\\\/logo\\\/image\\\/\"},\"sameAs\":[\"https:\\\/\\\/www.facebook.com\\\/inverseteams\",\"http:\\\/\\\/instagram.com\\\/inverseteams\",\"https:\\\/\\\/www.linkedin.com\\\/company\\\/inverse-cirosport-s-l-?trk=job_view_topcard_company_name\",\"http:\\\/\\\/www.pinterest.com\\\/inverseteams\\\/\",\"http:\\\/\\\/www.youtube.com\\\/user\\\/inverseteams?feature=watch\"]}]}<\/script>\n<!-- \/ Yoast SEO plugin. -->","yoast_head_json":{"title":"Veste imperm\u00e9able personnalis\u00e9 \u00e0 capuche ULTRA","description":"Imperm\u00e9able \u00e0 capuche personnalis\u00e9. Fin et ultra l\u00e9ger, pour un rangement facile dans votre poche poitrine. Livraison sous 4 semaines. Demandez un budget !","robots":{"index":"index","follow":"follow","max-snippet":"max-snippet:-1","max-image-preview":"max-image-preview:large","max-video-preview":"max-video-preview:-1"},"canonical":"https:\/\/www.inverseteams.com\/fr\/produit\/veste-impermeable-ersonnalise-a-capuche-ultra\/","og_locale":"fr_FR","og_type":"article","og_title":"Veste imperm\u00e9able personnalis\u00e9 \u00e0 capuche ULTRA","og_description":"Imperm\u00e9able \u00e0 capuche personnalis\u00e9. Fin et ultra l\u00e9ger, pour un rangement facile dans votre poche poitrine. Livraison sous 4 semaines. Demandez un budget !","og_url":"https:\/\/www.inverseteams.com\/fr\/produit\/veste-impermeable-ersonnalise-a-capuche-ultra\/","og_site_name":"Inverseteams","article_publisher":"https:\/\/www.facebook.com\/inverseteams","article_modified_time":"2023-10-05T08:09:45+00:00","og_image":[{"width":3222,"height":3462,"url":"https:\/\/www.inverseteams.com\/wp-content\/uploads\/IMPERMEABLE-ULTRA-1.jpg","type":"image\/jpeg"}],"twitter_card":"summary_large_image","twitter_misc":{"Dur\u00e9e de lecture estim\u00e9e":"1 minute"},"schema":{"@context":"https:\/\/schema.org","@graph":[{"@type":"WebPage","@id":"https:\/\/www.inverseteams.com\/fr\/produit\/veste-impermeable-ersonnalise-a-capuche-ultra\/","url":"https:\/\/www.inverseteams.com\/fr\/produit\/veste-impermeable-ersonnalise-a-capuche-ultra\/","name":"Veste imperm\u00e9able personnalis\u00e9 \u00e0 capuche ULTRA","isPartOf":{"@id":"https:\/\/www.inverseteams.com\/fr\/#website"},"primaryImageOfPage":{"@id":"https:\/\/www.inverseteams.com\/fr\/produit\/veste-impermeable-ersonnalise-a-capuche-ultra\/#primaryimage"},"image":{"@id":"https:\/\/www.inverseteams.com\/fr\/produit\/veste-impermeable-ersonnalise-a-capuche-ultra\/#primaryimage"},"thumbnailUrl":"https:\/\/www.inverseteams.com\/wp-content\/uploads\/IMPERMEABLE-ULTRA-1.jpg","datePublished":"2021-05-10T09:15:45+00:00","dateModified":"2023-10-05T08:09:45+00:00","description":"Imperm\u00e9able \u00e0 capuche personnalis\u00e9. Fin et ultra l\u00e9ger, pour un rangement facile dans votre poche poitrine. Livraison sous 4 semaines. Demandez un budget !","breadcrumb":{"@id":"https:\/\/www.inverseteams.com\/fr\/produit\/veste-impermeable-ersonnalise-a-capuche-ultra\/#breadcrumb"},"inLanguage":"fr-FR","potentialAction":[{"@type":"ReadAction","target":["https:\/\/www.inverseteams.com\/fr\/produit\/veste-impermeable-ersonnalise-a-capuche-ultra\/"]}]},{"@type":"ImageObject","inLanguage":"fr-FR","@id":"https:\/\/www.inverseteams.com\/fr\/produit\/veste-impermeable-ersonnalise-a-capuche-ultra\/#primaryimage","url":"https:\/\/www.inverseteams.com\/wp-content\/uploads\/IMPERMEABLE-ULTRA-1.jpg","contentUrl":"https:\/\/www.inverseteams.com\/wp-content\/uploads\/IMPERMEABLE-ULTRA-1.jpg","width":3222,"height":3462,"caption":"impermeable con capucha trail running personalizable"},{"@type":"BreadcrumbList","@id":"https:\/\/www.inverseteams.com\/fr\/produit\/veste-impermeable-ersonnalise-a-capuche-ultra\/#breadcrumb","itemListElement":[{"@type":"ListItem","position":1,"name":"Portada","item":"https:\/\/www.inverseteams.com\/fr\/pagina-principal\/"},{"@type":"ListItem","position":2,"name":"Panier","item":"https:\/\/www.inverseteams.com\/fr\/panier\/"},{"@type":"ListItem","position":3,"name":"Veste imperm\u00e9able personnalis\u00e9 \u00e0 capuche ULTRA"}]},{"@type":"WebSite","@id":"https:\/\/www.inverseteams.com\/fr\/#website","url":"https:\/\/www.inverseteams.com\/fr\/","name":"Inverseteams","description":"Tu marca de ropa deportiva personalizada","publisher":{"@id":"https:\/\/www.inverseteams.com\/fr\/#organization"},"potentialAction":[{"@type":"SearchAction","target":{"@type":"EntryPoint","urlTemplate":"https:\/\/www.inverseteams.com\/fr\/?s={search_term_string}"},"query-input":{"@type":"PropertyValueSpecification","valueRequired":true,"valueName":"search_term_string"}}],"inLanguage":"fr-FR"},{"@type":"Organization","@id":"https:\/\/www.inverseteams.com\/fr\/#organization","name":"Inverse Teams","url":"https:\/\/www.inverseteams.com\/fr\/","logo":{"@type":"ImageObject","inLanguage":"fr-FR","@id":"https:\/\/www.inverseteams.com\/fr\/#\/schema\/logo\/image\/","url":"https:\/\/www.inverseteams.com\/wp-content\/uploads\/2021\/03\/logo-inverse-teams.png","contentUrl":"https:\/\/www.inverseteams.com\/wp-content\/uploads\/2021\/03\/logo-inverse-teams.png","width":294,"height":99,"caption":"Inverse Teams"},"image":{"@id":"https:\/\/www.inverseteams.com\/fr\/#\/schema\/logo\/image\/"},"sameAs":["https:\/\/www.facebook.com\/inverseteams","http:\/\/instagram.com\/inverseteams","https:\/\/www.linkedin.com\/company\/inverse-cirosport-s-l-?trk=job_view_topcard_company_name","http:\/\/www.pinterest.com\/inverseteams\/","http:\/\/www.youtube.com\/user\/inverseteams?feature=watch"]}]}},"_links":{"self":[{"href":"https:\/\/www.inverseteams.com\/fr\/wp-json\/wp\/v2\/product\/17330","targetHints":{"allow":["GET"]}}],"collection":[{"href":"https:\/\/www.inverseteams.com\/fr\/wp-json\/wp\/v2\/product"}],"about":[{"href":"https:\/\/www.inverseteams.com\/fr\/wp-json\/wp\/v2\/types\/product"}],"replies":[{"embeddable":true,"href":"https:\/\/www.inverseteams.com\/fr\/wp-json\/wp\/v2\/comments?post=17330"}],"wp:featuredmedia":[{"embeddable":true,"href":"https:\/\/www.inverseteams.com\/fr\/wp-json\/wp\/v2\/media\/141706"}],"wp:attachment":[{"href":"https:\/\/www.inverseteams.com\/fr\/wp-json\/wp\/v2\/media?parent=17330"}],"wp:term":[{"taxonomy":"product_brand","embeddable":true,"href":"https:\/\/www.inverseteams.com\/fr\/wp-json\/wp\/v2\/product_brand?post=17330"},{"taxonomy":"product_cat","embeddable":true,"href":"https:\/\/www.inverseteams.com\/fr\/wp-json\/wp\/v2\/product_cat?post=17330"},{"taxonomy":"product_tag","embeddable":true,"href":"https:\/\/www.inverseteams.com\/fr\/wp-json\/wp\/v2\/product_tag?post=17330"},{"taxonomy":"custom_category","embeddable":true,"href":"https:\/\/www.inverseteams.com\/fr\/wp-json\/wp\/v2\/custom_category?post=17330"},{"taxonomy":"range","embeddable":true,"href":"https:\/\/www.inverseteams.com\/fr\/wp-json\/wp\/v2\/range?post=17330"}],"curies":[{"name":"wp","href":"https:\/\/api.w.org\/{rel}","templated":true}]}}