{"id":17326,"date":"2021-05-10T08:31:36","date_gmt":"2021-05-10T08:31:36","guid":{"rendered":"https:\/\/inverseteams.com\/?post_type=product&#038;p=17326"},"modified":"2023-10-04T11:00:10","modified_gmt":"2023-10-04T11:00:10","slug":"collant-running-thermique-personnalise-kom","status":"publish","type":"product","link":"https:\/\/www.inverseteams.com\/fr\/produit\/collant-running-thermique-personnalise-kom\/","title":{"rendered":"Collant running thermique personnalis\u00e9 KOM"},"content":{"rendered":"<p>Avec le nouveau collant running thermique, vous atteindrez votre performance maximale. L\u2019\u00e9lasticit\u00e9 du tissu lui permet de s\u2019ajuster parfaitement \u00e0 vos jambes. Il a un toucher tr\u00e8s agr\u00e9able et reste tr\u00e8s confortable lors des longues s\u00e9ances d\u2019exercice. Son tissu thermique vous permettra de maintenir la chaleur du corps et de courir confortablement m\u00eame par temp\u00e9ratures basses.<br \/>\nLa zone lombaire incorpore une grande poche zipp\u00e9e pour stocker des objets de valeur pendant les entra\u00eenements. Des deux c\u00f4t\u00e9s, il a une poche en grille o\u00f9 vous pouvez porter des barres nutritionnelles.<br \/>\nLes coutures plates qu\u2019il incorpore sont tr\u00e8s r\u00e9sistantes et \u00e9vitent tout frottement ou irritation de la peau. La bande \u00e9lastique de la taille s\u2019ajuste tr\u00e8s bien au corps et maintient fermement le v\u00eatement, sans g\u00eaner.<br \/>\n\u00c0 l\u2019extr\u00e9mit\u00e9 des jambes, ce collant a une bande \u00e9lastique micro-perfor\u00e9e recouverte \u00e0 l\u2019int\u00e9rieur d\u2019un grip en silicone hypoallerg\u00e9nique. Cela maintient la pi\u00e8ce solidement attach\u00e9e \u00e0 la jambe et mod\u00e8re la transpiration. \u00c0 l\u2019ext\u00e9rieur, il a des lignes r\u00e9fl\u00e9chissantes de 360\u00ba qui augmentent votre s\u00e9curit\u00e9 en r\u00e9fl\u00e9chissant les lumi\u00e8res des v\u00e9hicules.<\/p>\n","protected":false},"excerpt":{"rendered":"<p>Avec le nouveau collant running thermique, vous atteindrez votre performance maximale. L\u2019\u00e9lasticit\u00e9 du tissu lui permet de s\u2019ajuster parfaitement \u00e0 vos jambes. Il a un toucher tr\u00e8s agr\u00e9able et reste tr\u00e8s confortable lors des longues s\u00e9ances d\u2019exercice. Son tissu thermique vous permettra de maintenir la chaleur du corps et de courir confortablement m\u00eame par temp\u00e9ratures basses.<br \/>\nLa zone lombaire incorpore une grande poche zipp\u00e9e pour stocker des objets de valeur pendant les entra\u00eenements. Des deux c\u00f4t\u00e9s, il a une poche en grille o\u00f9 vous pouvez porter des barres nutritionnelles.<br \/>\nLes coutures plates qu\u2019il incorpore sont tr\u00e8s r\u00e9sistantes et \u00e9vitent tout frottement ou irritation de la peau. La bande \u00e9lastique de la taille s\u2019ajuste tr\u00e8s bien au corps et maintient fermement le v\u00eatement, sans g\u00eaner.<br \/>\n\u00c0 l\u2019extr\u00e9mit\u00e9 des jambes, ce collant a une bande \u00e9lastique micro-perfor\u00e9e recouverte \u00e0 l\u2019int\u00e9rieur d\u2019un grip en silicone hypoallerg\u00e9nique. Cela maintient la pi\u00e8ce solidement attach\u00e9e \u00e0 la jambe et mod\u00e8re la transpiration. \u00c0 l\u2019ext\u00e9rieur, il a des lignes r\u00e9fl\u00e9chissantes de 360\u00ba qui augmentent votre s\u00e9curit\u00e9 en r\u00e9fl\u00e9chissant les lumi\u00e8res des v\u00e9hicules.<\/p>\n","protected":false},"featured_media":141640,"comment_status":"closed","ping_status":"closed","template":"","meta":{"_acf_changed":false},"product_brand":[],"product_cat":[8305],"product_tag":[],"custom_category":[3349,3457,3472],"range":[2501],"class_list":{"0":"post-17326","1":"product","2":"type-product","3":"status-publish","4":"has-post-thumbnail","6":"product_cat-uncategorized-fr","7":"pa_climatologia-froid","8":"pa_climatologia-vent-fr","9":"pa_deporte-running-fr","10":"pa_genero-homme","11":"pa_genero-femme","12":"pa_genero-infantile-fr","13":"pa_patronaje-fit-fr","14":"pa_tipo-de-prenda-collant","15":"custom_category-sport-fr","16":"custom_category-vetements-running-personnalises","17":"custom_category-pantalon-running-personnalise","18":"range-kom-fr","20":"first","21":"instock","22":"product-type-custom"},"acf":[],"yoast_head":"<!-- This site is optimized with the Yoast SEO plugin v27.3 - https:\/\/yoast.com\/product\/yoast-seo-wordpress\/ -->\n<title>Collant running thermique personnalis\u00e9<\/title>\n<meta name=\"description\" content=\"Collant running thermique personnalis\u00e9. Il mantient la chaleur corporelle pour courir \u00e0 basse temp\u00e9rature Livraison 4 semaines design inclus Demandez un budget!\" \/>\n<meta name=\"robots\" content=\"index, follow, max-snippet:-1, max-image-preview:large, max-video-preview:-1\" \/>\n<link rel=\"canonical\" href=\"https:\/\/www.inverseteams.com\/fr\/produit\/collant-running-thermique-personnalise-kom\/\" \/>\n<meta property=\"og:locale\" content=\"fr_FR\" \/>\n<meta property=\"og:type\" content=\"article\" \/>\n<meta property=\"og:title\" content=\"Collant running thermique personnalis\u00e9\" \/>\n<meta property=\"og:description\" content=\"Collant running thermique personnalis\u00e9. Il mantient la chaleur corporelle pour courir \u00e0 basse temp\u00e9rature Livraison 4 semaines design inclus Demandez un budget!\" \/>\n<meta property=\"og:url\" content=\"https:\/\/www.inverseteams.com\/fr\/produit\/collant-running-thermique-personnalise-kom\/\" \/>\n<meta property=\"og:site_name\" content=\"Inverseteams\" \/>\n<meta property=\"article:publisher\" content=\"https:\/\/www.facebook.com\/inverseteams\" \/>\n<meta property=\"article:modified_time\" content=\"2023-10-04T11:00:10+00:00\" \/>\n<meta property=\"og:image\" content=\"https:\/\/www.inverseteams.com\/wp-content\/uploads\/MALLA-LARGA-ISOTERMICA-KOM-1.jpg\" \/>\n\t<meta property=\"og:image:width\" content=\"3222\" \/>\n\t<meta property=\"og:image:height\" content=\"3462\" \/>\n\t<meta property=\"og:image:type\" content=\"image\/jpeg\" \/>\n<meta name=\"twitter:card\" content=\"summary_large_image\" \/>\n<meta name=\"twitter:label1\" content=\"Dur\u00e9e de lecture estim\u00e9e\" \/>\n\t<meta name=\"twitter:data1\" content=\"1 minute\" \/>\n<script type=\"application\/ld+json\" class=\"yoast-schema-graph\">{\"@context\":\"https:\\\/\\\/schema.org\",\"@graph\":[{\"@type\":\"WebPage\",\"@id\":\"https:\\\/\\\/www.inverseteams.com\\\/fr\\\/produit\\\/collant-running-thermique-personnalise-kom\\\/\",\"url\":\"https:\\\/\\\/www.inverseteams.com\\\/fr\\\/produit\\\/collant-running-thermique-personnalise-kom\\\/\",\"name\":\"Collant running thermique personnalis\u00e9\",\"isPartOf\":{\"@id\":\"https:\\\/\\\/www.inverseteams.com\\\/fr\\\/#website\"},\"primaryImageOfPage\":{\"@id\":\"https:\\\/\\\/www.inverseteams.com\\\/fr\\\/produit\\\/collant-running-thermique-personnalise-kom\\\/#primaryimage\"},\"image\":{\"@id\":\"https:\\\/\\\/www.inverseteams.com\\\/fr\\\/produit\\\/collant-running-thermique-personnalise-kom\\\/#primaryimage\"},\"thumbnailUrl\":\"https:\\\/\\\/www.inverseteams.com\\\/wp-content\\\/uploads\\\/MALLA-LARGA-ISOTERMICA-KOM-1.jpg\",\"datePublished\":\"2021-05-10T08:31:36+00:00\",\"dateModified\":\"2023-10-04T11:00:10+00:00\",\"description\":\"Collant running thermique personnalis\u00e9. Il mantient la chaleur corporelle pour courir \u00e0 basse temp\u00e9rature Livraison 4 semaines design inclus Demandez un budget!\",\"breadcrumb\":{\"@id\":\"https:\\\/\\\/www.inverseteams.com\\\/fr\\\/produit\\\/collant-running-thermique-personnalise-kom\\\/#breadcrumb\"},\"inLanguage\":\"fr-FR\",\"potentialAction\":[{\"@type\":\"ReadAction\",\"target\":[\"https:\\\/\\\/www.inverseteams.com\\\/fr\\\/produit\\\/collant-running-thermique-personnalise-kom\\\/\"]}]},{\"@type\":\"ImageObject\",\"inLanguage\":\"fr-FR\",\"@id\":\"https:\\\/\\\/www.inverseteams.com\\\/fr\\\/produit\\\/collant-running-thermique-personnalise-kom\\\/#primaryimage\",\"url\":\"https:\\\/\\\/www.inverseteams.com\\\/wp-content\\\/uploads\\\/MALLA-LARGA-ISOTERMICA-KOM-1.jpg\",\"contentUrl\":\"https:\\\/\\\/www.inverseteams.com\\\/wp-content\\\/uploads\\\/MALLA-LARGA-ISOTERMICA-KOM-1.jpg\",\"width\":3222,\"height\":3462,\"caption\":\"malla larga running isotermica personalizada\"},{\"@type\":\"BreadcrumbList\",\"@id\":\"https:\\\/\\\/www.inverseteams.com\\\/fr\\\/produit\\\/collant-running-thermique-personnalise-kom\\\/#breadcrumb\",\"itemListElement\":[{\"@type\":\"ListItem\",\"position\":1,\"name\":\"Portada\",\"item\":\"https:\\\/\\\/www.inverseteams.com\\\/fr\\\/pagina-principal\\\/\"},{\"@type\":\"ListItem\",\"position\":2,\"name\":\"Panier\",\"item\":\"https:\\\/\\\/www.inverseteams.com\\\/fr\\\/panier\\\/\"},{\"@type\":\"ListItem\",\"position\":3,\"name\":\"Collant running thermique personnalis\u00e9 KOM\"}]},{\"@type\":\"WebSite\",\"@id\":\"https:\\\/\\\/www.inverseteams.com\\\/fr\\\/#website\",\"url\":\"https:\\\/\\\/www.inverseteams.com\\\/fr\\\/\",\"name\":\"Inverseteams\",\"description\":\"Tu marca de ropa deportiva personalizada\",\"publisher\":{\"@id\":\"https:\\\/\\\/www.inverseteams.com\\\/fr\\\/#organization\"},\"potentialAction\":[{\"@type\":\"SearchAction\",\"target\":{\"@type\":\"EntryPoint\",\"urlTemplate\":\"https:\\\/\\\/www.inverseteams.com\\\/fr\\\/?s={search_term_string}\"},\"query-input\":{\"@type\":\"PropertyValueSpecification\",\"valueRequired\":true,\"valueName\":\"search_term_string\"}}],\"inLanguage\":\"fr-FR\"},{\"@type\":\"Organization\",\"@id\":\"https:\\\/\\\/www.inverseteams.com\\\/fr\\\/#organization\",\"name\":\"Inverse Teams\",\"url\":\"https:\\\/\\\/www.inverseteams.com\\\/fr\\\/\",\"logo\":{\"@type\":\"ImageObject\",\"inLanguage\":\"fr-FR\",\"@id\":\"https:\\\/\\\/www.inverseteams.com\\\/fr\\\/#\\\/schema\\\/logo\\\/image\\\/\",\"url\":\"https:\\\/\\\/www.inverseteams.com\\\/wp-content\\\/uploads\\\/2021\\\/03\\\/logo-inverse-teams.png\",\"contentUrl\":\"https:\\\/\\\/www.inverseteams.com\\\/wp-content\\\/uploads\\\/2021\\\/03\\\/logo-inverse-teams.png\",\"width\":294,\"height\":99,\"caption\":\"Inverse Teams\"},\"image\":{\"@id\":\"https:\\\/\\\/www.inverseteams.com\\\/fr\\\/#\\\/schema\\\/logo\\\/image\\\/\"},\"sameAs\":[\"https:\\\/\\\/www.facebook.com\\\/inverseteams\",\"http:\\\/\\\/instagram.com\\\/inverseteams\",\"https:\\\/\\\/www.linkedin.com\\\/company\\\/inverse-cirosport-s-l-?trk=job_view_topcard_company_name\",\"http:\\\/\\\/www.pinterest.com\\\/inverseteams\\\/\",\"http:\\\/\\\/www.youtube.com\\\/user\\\/inverseteams?feature=watch\"]}]}<\/script>\n<!-- \/ Yoast SEO plugin. -->","yoast_head_json":{"title":"Collant running thermique personnalis\u00e9","description":"Collant running thermique personnalis\u00e9. Il mantient la chaleur corporelle pour courir \u00e0 basse temp\u00e9rature Livraison 4 semaines design inclus Demandez un budget!","robots":{"index":"index","follow":"follow","max-snippet":"max-snippet:-1","max-image-preview":"max-image-preview:large","max-video-preview":"max-video-preview:-1"},"canonical":"https:\/\/www.inverseteams.com\/fr\/produit\/collant-running-thermique-personnalise-kom\/","og_locale":"fr_FR","og_type":"article","og_title":"Collant running thermique personnalis\u00e9","og_description":"Collant running thermique personnalis\u00e9. Il mantient la chaleur corporelle pour courir \u00e0 basse temp\u00e9rature Livraison 4 semaines design inclus Demandez un budget!","og_url":"https:\/\/www.inverseteams.com\/fr\/produit\/collant-running-thermique-personnalise-kom\/","og_site_name":"Inverseteams","article_publisher":"https:\/\/www.facebook.com\/inverseteams","article_modified_time":"2023-10-04T11:00:10+00:00","og_image":[{"width":3222,"height":3462,"url":"https:\/\/www.inverseteams.com\/wp-content\/uploads\/MALLA-LARGA-ISOTERMICA-KOM-1.jpg","type":"image\/jpeg"}],"twitter_card":"summary_large_image","twitter_misc":{"Dur\u00e9e de lecture estim\u00e9e":"1 minute"},"schema":{"@context":"https:\/\/schema.org","@graph":[{"@type":"WebPage","@id":"https:\/\/www.inverseteams.com\/fr\/produit\/collant-running-thermique-personnalise-kom\/","url":"https:\/\/www.inverseteams.com\/fr\/produit\/collant-running-thermique-personnalise-kom\/","name":"Collant running thermique personnalis\u00e9","isPartOf":{"@id":"https:\/\/www.inverseteams.com\/fr\/#website"},"primaryImageOfPage":{"@id":"https:\/\/www.inverseteams.com\/fr\/produit\/collant-running-thermique-personnalise-kom\/#primaryimage"},"image":{"@id":"https:\/\/www.inverseteams.com\/fr\/produit\/collant-running-thermique-personnalise-kom\/#primaryimage"},"thumbnailUrl":"https:\/\/www.inverseteams.com\/wp-content\/uploads\/MALLA-LARGA-ISOTERMICA-KOM-1.jpg","datePublished":"2021-05-10T08:31:36+00:00","dateModified":"2023-10-04T11:00:10+00:00","description":"Collant running thermique personnalis\u00e9. Il mantient la chaleur corporelle pour courir \u00e0 basse temp\u00e9rature Livraison 4 semaines design inclus Demandez un budget!","breadcrumb":{"@id":"https:\/\/www.inverseteams.com\/fr\/produit\/collant-running-thermique-personnalise-kom\/#breadcrumb"},"inLanguage":"fr-FR","potentialAction":[{"@type":"ReadAction","target":["https:\/\/www.inverseteams.com\/fr\/produit\/collant-running-thermique-personnalise-kom\/"]}]},{"@type":"ImageObject","inLanguage":"fr-FR","@id":"https:\/\/www.inverseteams.com\/fr\/produit\/collant-running-thermique-personnalise-kom\/#primaryimage","url":"https:\/\/www.inverseteams.com\/wp-content\/uploads\/MALLA-LARGA-ISOTERMICA-KOM-1.jpg","contentUrl":"https:\/\/www.inverseteams.com\/wp-content\/uploads\/MALLA-LARGA-ISOTERMICA-KOM-1.jpg","width":3222,"height":3462,"caption":"malla larga running isotermica personalizada"},{"@type":"BreadcrumbList","@id":"https:\/\/www.inverseteams.com\/fr\/produit\/collant-running-thermique-personnalise-kom\/#breadcrumb","itemListElement":[{"@type":"ListItem","position":1,"name":"Portada","item":"https:\/\/www.inverseteams.com\/fr\/pagina-principal\/"},{"@type":"ListItem","position":2,"name":"Panier","item":"https:\/\/www.inverseteams.com\/fr\/panier\/"},{"@type":"ListItem","position":3,"name":"Collant running thermique personnalis\u00e9 KOM"}]},{"@type":"WebSite","@id":"https:\/\/www.inverseteams.com\/fr\/#website","url":"https:\/\/www.inverseteams.com\/fr\/","name":"Inverseteams","description":"Tu marca de ropa deportiva personalizada","publisher":{"@id":"https:\/\/www.inverseteams.com\/fr\/#organization"},"potentialAction":[{"@type":"SearchAction","target":{"@type":"EntryPoint","urlTemplate":"https:\/\/www.inverseteams.com\/fr\/?s={search_term_string}"},"query-input":{"@type":"PropertyValueSpecification","valueRequired":true,"valueName":"search_term_string"}}],"inLanguage":"fr-FR"},{"@type":"Organization","@id":"https:\/\/www.inverseteams.com\/fr\/#organization","name":"Inverse Teams","url":"https:\/\/www.inverseteams.com\/fr\/","logo":{"@type":"ImageObject","inLanguage":"fr-FR","@id":"https:\/\/www.inverseteams.com\/fr\/#\/schema\/logo\/image\/","url":"https:\/\/www.inverseteams.com\/wp-content\/uploads\/2021\/03\/logo-inverse-teams.png","contentUrl":"https:\/\/www.inverseteams.com\/wp-content\/uploads\/2021\/03\/logo-inverse-teams.png","width":294,"height":99,"caption":"Inverse Teams"},"image":{"@id":"https:\/\/www.inverseteams.com\/fr\/#\/schema\/logo\/image\/"},"sameAs":["https:\/\/www.facebook.com\/inverseteams","http:\/\/instagram.com\/inverseteams","https:\/\/www.linkedin.com\/company\/inverse-cirosport-s-l-?trk=job_view_topcard_company_name","http:\/\/www.pinterest.com\/inverseteams\/","http:\/\/www.youtube.com\/user\/inverseteams?feature=watch"]}]}},"_links":{"self":[{"href":"https:\/\/www.inverseteams.com\/fr\/wp-json\/wp\/v2\/product\/17326","targetHints":{"allow":["GET"]}}],"collection":[{"href":"https:\/\/www.inverseteams.com\/fr\/wp-json\/wp\/v2\/product"}],"about":[{"href":"https:\/\/www.inverseteams.com\/fr\/wp-json\/wp\/v2\/types\/product"}],"replies":[{"embeddable":true,"href":"https:\/\/www.inverseteams.com\/fr\/wp-json\/wp\/v2\/comments?post=17326"}],"wp:featuredmedia":[{"embeddable":true,"href":"https:\/\/www.inverseteams.com\/fr\/wp-json\/wp\/v2\/media\/141640"}],"wp:attachment":[{"href":"https:\/\/www.inverseteams.com\/fr\/wp-json\/wp\/v2\/media?parent=17326"}],"wp:term":[{"taxonomy":"product_brand","embeddable":true,"href":"https:\/\/www.inverseteams.com\/fr\/wp-json\/wp\/v2\/product_brand?post=17326"},{"taxonomy":"product_cat","embeddable":true,"href":"https:\/\/www.inverseteams.com\/fr\/wp-json\/wp\/v2\/product_cat?post=17326"},{"taxonomy":"product_tag","embeddable":true,"href":"https:\/\/www.inverseteams.com\/fr\/wp-json\/wp\/v2\/product_tag?post=17326"},{"taxonomy":"custom_category","embeddable":true,"href":"https:\/\/www.inverseteams.com\/fr\/wp-json\/wp\/v2\/custom_category?post=17326"},{"taxonomy":"range","embeddable":true,"href":"https:\/\/www.inverseteams.com\/fr\/wp-json\/wp\/v2\/range?post=17326"}],"curies":[{"name":"wp","href":"https:\/\/api.w.org\/{rel}","templated":true}]}}