{"id":17304,"date":"2021-05-10T08:30:57","date_gmt":"2021-05-10T09:15:09","guid":{"rendered":"https:\/\/inverseteams.com\/?post_type=product&#038;p=17304"},"modified":"2023-10-05T10:39:07","modified_gmt":"2023-10-05T10:39:07","slug":"maillot-de-bain-triathlon-femme-personnalise-terram","status":"publish","type":"product","link":"https:\/\/www.inverseteams.com\/fr\/produit\/maillot-de-bain-triathlon-femme-personnalise-terram\/","title":{"rendered":"Maillot de bain triathlon femme personnalis\u00e9 TERRAM"},"content":{"rendered":"<p>Gr\u00e2ce \u00e0 son parfait ajustement et \u00e0 la structure de son tissu, ce maillot de bain triathlon offre une excellente glisse. A l\u2019int\u00e9rieur, il int\u00e8gre une doublure tr\u00e8s fine au toucher agr\u00e9able qui \u00e9vite les \u00e9raflures et les \u00e9ventuelles transparences.<br \/>\nIl s\u2019agit d\u2019un maillot de bain id\u00e9al pour une utilisation quotidienne et intense.<\/p>\n","protected":false},"excerpt":{"rendered":"<p>Gr\u00e2ce \u00e0 son parfait ajustement et \u00e0 la structure de son tissu, ce maillot de bain triathlon offre une excellente glisse. A l\u2019int\u00e9rieur, il int\u00e8gre une doublure tr\u00e8s fine au toucher agr\u00e9able qui \u00e9vite les \u00e9raflures et les \u00e9ventuelles transparences.<br \/>\nIl s\u2019agit d\u2019un maillot de bain id\u00e9al pour une utilisation quotidienne et intense.<\/p>\n","protected":false},"featured_media":141730,"comment_status":"closed","ping_status":"closed","template":"","meta":{"_acf_changed":false},"product_brand":[],"product_cat":[8305],"product_tag":[],"custom_category":[3349,3493,3496],"range":[2497],"class_list":{"0":"post-17304","1":"product","2":"type-product","3":"status-publish","4":"has-post-thumbnail","6":"product_cat-uncategorized-fr","7":"pa_climatologia-chaud","8":"pa_deporte-triathlon-fr","9":"pa_genero-femme","10":"pa_patronaje-fit-fr","11":"pa_tipo-de-prenda-maillot-de-bain","12":"custom_category-sport-fr","13":"custom_category-vetements-triathlon-personnalises","14":"custom_category-maillot-de-bain-triathlon-personnalise","15":"range-terram-fr","17":"first","18":"instock","19":"product-type-custom"},"acf":[],"yoast_head":"<!-- This site is optimized with the Yoast SEO plugin v27.2 - https:\/\/yoast.com\/product\/yoast-seo-wordpress\/ -->\n<title>Maillot de bain triathlon femme personnalis\u00e9 TERRAM<\/title>\n<meta name=\"description\" content=\"Maillot de bain triathlon femme personnalis\u00e9. Son bon maintien et la structure du tissu offrent une excellente glisse dans l&#039;eau. Demandez un budget !\" \/>\n<meta name=\"robots\" content=\"index, follow, max-snippet:-1, max-image-preview:large, max-video-preview:-1\" \/>\n<link rel=\"canonical\" href=\"https:\/\/www.inverseteams.com\/fr\/produit\/maillot-de-bain-triathlon-femme-personnalise-terram\/\" \/>\n<meta property=\"og:locale\" content=\"fr_FR\" \/>\n<meta property=\"og:type\" content=\"article\" \/>\n<meta property=\"og:title\" content=\"Maillot de bain triathlon femme personnalis\u00e9 TERRAM\" \/>\n<meta property=\"og:description\" content=\"Maillot de bain triathlon femme personnalis\u00e9. Son bon maintien et la structure du tissu offrent une excellente glisse dans l&#039;eau. Demandez un budget !\" \/>\n<meta property=\"og:url\" content=\"https:\/\/www.inverseteams.com\/fr\/produit\/maillot-de-bain-triathlon-femme-personnalise-terram\/\" \/>\n<meta property=\"og:site_name\" content=\"Inverseteams\" \/>\n<meta property=\"article:publisher\" content=\"https:\/\/www.facebook.com\/inverseteams\" \/>\n<meta property=\"article:modified_time\" content=\"2023-10-05T10:39:07+00:00\" \/>\n<meta property=\"og:image\" content=\"https:\/\/www.inverseteams.com\/wp-content\/uploads\/BANADOR-TRIATLON-MUJER-TERRAM-1-1.jpg\" \/>\n\t<meta property=\"og:image:width\" content=\"3222\" \/>\n\t<meta property=\"og:image:height\" content=\"3462\" \/>\n\t<meta property=\"og:image:type\" content=\"image\/jpeg\" \/>\n<meta name=\"twitter:card\" content=\"summary_large_image\" \/>\n<meta name=\"twitter:label1\" content=\"Dur\u00e9e de lecture estim\u00e9e\" \/>\n\t<meta name=\"twitter:data1\" content=\"1 minute\" \/>\n<script type=\"application\/ld+json\" class=\"yoast-schema-graph\">{\"@context\":\"https:\/\/schema.org\",\"@graph\":[{\"@type\":\"WebPage\",\"@id\":\"https:\/\/www.inverseteams.com\/fr\/produit\/maillot-de-bain-triathlon-femme-personnalise-terram\/\",\"url\":\"https:\/\/www.inverseteams.com\/fr\/produit\/maillot-de-bain-triathlon-femme-personnalise-terram\/\",\"name\":\"Maillot de bain triathlon femme personnalis\u00e9 TERRAM\",\"isPartOf\":{\"@id\":\"https:\/\/www.inverseteams.com\/fr\/#website\"},\"primaryImageOfPage\":{\"@id\":\"https:\/\/www.inverseteams.com\/fr\/produit\/maillot-de-bain-triathlon-femme-personnalise-terram\/#primaryimage\"},\"image\":{\"@id\":\"https:\/\/www.inverseteams.com\/fr\/produit\/maillot-de-bain-triathlon-femme-personnalise-terram\/#primaryimage\"},\"thumbnailUrl\":\"https:\/\/www.inverseteams.com\/wp-content\/uploads\/BANADOR-TRIATLON-MUJER-TERRAM-1-1.jpg\",\"datePublished\":\"2021-05-10T09:15:09+00:00\",\"dateModified\":\"2023-10-05T10:39:07+00:00\",\"description\":\"Maillot de bain triathlon femme personnalis\u00e9. Son bon maintien et la structure du tissu offrent une excellente glisse dans l'eau. Demandez un budget !\",\"breadcrumb\":{\"@id\":\"https:\/\/www.inverseteams.com\/fr\/produit\/maillot-de-bain-triathlon-femme-personnalise-terram\/#breadcrumb\"},\"inLanguage\":\"fr-FR\",\"potentialAction\":[{\"@type\":\"ReadAction\",\"target\":[\"https:\/\/www.inverseteams.com\/fr\/produit\/maillot-de-bain-triathlon-femme-personnalise-terram\/\"]}]},{\"@type\":\"ImageObject\",\"inLanguage\":\"fr-FR\",\"@id\":\"https:\/\/www.inverseteams.com\/fr\/produit\/maillot-de-bain-triathlon-femme-personnalise-terram\/#primaryimage\",\"url\":\"https:\/\/www.inverseteams.com\/wp-content\/uploads\/BANADOR-TRIATLON-MUJER-TERRAM-1-1.jpg\",\"contentUrl\":\"https:\/\/www.inverseteams.com\/wp-content\/uploads\/BANADOR-TRIATLON-MUJER-TERRAM-1-1.jpg\",\"width\":3222,\"height\":3462,\"caption\":\"ba\u00f1ador triatlon mujer terram personalizable\"},{\"@type\":\"BreadcrumbList\",\"@id\":\"https:\/\/www.inverseteams.com\/fr\/produit\/maillot-de-bain-triathlon-femme-personnalise-terram\/#breadcrumb\",\"itemListElement\":[{\"@type\":\"ListItem\",\"position\":1,\"name\":\"Portada\",\"item\":\"https:\/\/www.inverseteams.com\/fr\/pagina-principal\/\"},{\"@type\":\"ListItem\",\"position\":2,\"name\":\"Panier\",\"item\":\"https:\/\/www.inverseteams.com\/fr\/panier\/\"},{\"@type\":\"ListItem\",\"position\":3,\"name\":\"Maillot de bain triathlon femme personnalis\u00e9 TERRAM\"}]},{\"@type\":\"WebSite\",\"@id\":\"https:\/\/www.inverseteams.com\/fr\/#website\",\"url\":\"https:\/\/www.inverseteams.com\/fr\/\",\"name\":\"Inverseteams\",\"description\":\"Tu marca de ropa deportiva personalizada\",\"publisher\":{\"@id\":\"https:\/\/www.inverseteams.com\/fr\/#organization\"},\"potentialAction\":[{\"@type\":\"SearchAction\",\"target\":{\"@type\":\"EntryPoint\",\"urlTemplate\":\"https:\/\/www.inverseteams.com\/fr\/?s={search_term_string}\"},\"query-input\":{\"@type\":\"PropertyValueSpecification\",\"valueRequired\":true,\"valueName\":\"search_term_string\"}}],\"inLanguage\":\"fr-FR\"},{\"@type\":\"Organization\",\"@id\":\"https:\/\/www.inverseteams.com\/fr\/#organization\",\"name\":\"Inverse Teams\",\"url\":\"https:\/\/www.inverseteams.com\/fr\/\",\"logo\":{\"@type\":\"ImageObject\",\"inLanguage\":\"fr-FR\",\"@id\":\"https:\/\/www.inverseteams.com\/fr\/#\/schema\/logo\/image\/\",\"url\":\"https:\/\/www.inverseteams.com\/wp-content\/uploads\/2021\/03\/logo-inverse-teams.png\",\"contentUrl\":\"https:\/\/www.inverseteams.com\/wp-content\/uploads\/2021\/03\/logo-inverse-teams.png\",\"width\":294,\"height\":99,\"caption\":\"Inverse Teams\"},\"image\":{\"@id\":\"https:\/\/www.inverseteams.com\/fr\/#\/schema\/logo\/image\/\"},\"sameAs\":[\"https:\/\/www.facebook.com\/inverseteams\",\"http:\/\/instagram.com\/inverseteams\",\"https:\/\/www.linkedin.com\/company\/inverse-cirosport-s-l-?trk=job_view_topcard_company_name\",\"http:\/\/www.pinterest.com\/inverseteams\/\",\"http:\/\/www.youtube.com\/user\/inverseteams?feature=watch\"]}]}<\/script>\n<!-- \/ Yoast SEO plugin. -->","yoast_head_json":{"title":"Maillot de bain triathlon femme personnalis\u00e9 TERRAM","description":"Maillot de bain triathlon femme personnalis\u00e9. Son bon maintien et la structure du tissu offrent une excellente glisse dans l'eau. Demandez un budget !","robots":{"index":"index","follow":"follow","max-snippet":"max-snippet:-1","max-image-preview":"max-image-preview:large","max-video-preview":"max-video-preview:-1"},"canonical":"https:\/\/www.inverseteams.com\/fr\/produit\/maillot-de-bain-triathlon-femme-personnalise-terram\/","og_locale":"fr_FR","og_type":"article","og_title":"Maillot de bain triathlon femme personnalis\u00e9 TERRAM","og_description":"Maillot de bain triathlon femme personnalis\u00e9. Son bon maintien et la structure du tissu offrent une excellente glisse dans l'eau. Demandez un budget !","og_url":"https:\/\/www.inverseteams.com\/fr\/produit\/maillot-de-bain-triathlon-femme-personnalise-terram\/","og_site_name":"Inverseteams","article_publisher":"https:\/\/www.facebook.com\/inverseteams","article_modified_time":"2023-10-05T10:39:07+00:00","og_image":[{"width":3222,"height":3462,"url":"https:\/\/www.inverseteams.com\/wp-content\/uploads\/BANADOR-TRIATLON-MUJER-TERRAM-1-1.jpg","type":"image\/jpeg"}],"twitter_card":"summary_large_image","twitter_misc":{"Dur\u00e9e de lecture estim\u00e9e":"1 minute"},"schema":{"@context":"https:\/\/schema.org","@graph":[{"@type":"WebPage","@id":"https:\/\/www.inverseteams.com\/fr\/produit\/maillot-de-bain-triathlon-femme-personnalise-terram\/","url":"https:\/\/www.inverseteams.com\/fr\/produit\/maillot-de-bain-triathlon-femme-personnalise-terram\/","name":"Maillot de bain triathlon femme personnalis\u00e9 TERRAM","isPartOf":{"@id":"https:\/\/www.inverseteams.com\/fr\/#website"},"primaryImageOfPage":{"@id":"https:\/\/www.inverseteams.com\/fr\/produit\/maillot-de-bain-triathlon-femme-personnalise-terram\/#primaryimage"},"image":{"@id":"https:\/\/www.inverseteams.com\/fr\/produit\/maillot-de-bain-triathlon-femme-personnalise-terram\/#primaryimage"},"thumbnailUrl":"https:\/\/www.inverseteams.com\/wp-content\/uploads\/BANADOR-TRIATLON-MUJER-TERRAM-1-1.jpg","datePublished":"2021-05-10T09:15:09+00:00","dateModified":"2023-10-05T10:39:07+00:00","description":"Maillot de bain triathlon femme personnalis\u00e9. Son bon maintien et la structure du tissu offrent une excellente glisse dans l'eau. Demandez un budget !","breadcrumb":{"@id":"https:\/\/www.inverseteams.com\/fr\/produit\/maillot-de-bain-triathlon-femme-personnalise-terram\/#breadcrumb"},"inLanguage":"fr-FR","potentialAction":[{"@type":"ReadAction","target":["https:\/\/www.inverseteams.com\/fr\/produit\/maillot-de-bain-triathlon-femme-personnalise-terram\/"]}]},{"@type":"ImageObject","inLanguage":"fr-FR","@id":"https:\/\/www.inverseteams.com\/fr\/produit\/maillot-de-bain-triathlon-femme-personnalise-terram\/#primaryimage","url":"https:\/\/www.inverseteams.com\/wp-content\/uploads\/BANADOR-TRIATLON-MUJER-TERRAM-1-1.jpg","contentUrl":"https:\/\/www.inverseteams.com\/wp-content\/uploads\/BANADOR-TRIATLON-MUJER-TERRAM-1-1.jpg","width":3222,"height":3462,"caption":"ba\u00f1ador triatlon mujer terram personalizable"},{"@type":"BreadcrumbList","@id":"https:\/\/www.inverseteams.com\/fr\/produit\/maillot-de-bain-triathlon-femme-personnalise-terram\/#breadcrumb","itemListElement":[{"@type":"ListItem","position":1,"name":"Portada","item":"https:\/\/www.inverseteams.com\/fr\/pagina-principal\/"},{"@type":"ListItem","position":2,"name":"Panier","item":"https:\/\/www.inverseteams.com\/fr\/panier\/"},{"@type":"ListItem","position":3,"name":"Maillot de bain triathlon femme personnalis\u00e9 TERRAM"}]},{"@type":"WebSite","@id":"https:\/\/www.inverseteams.com\/fr\/#website","url":"https:\/\/www.inverseteams.com\/fr\/","name":"Inverseteams","description":"Tu marca de ropa deportiva personalizada","publisher":{"@id":"https:\/\/www.inverseteams.com\/fr\/#organization"},"potentialAction":[{"@type":"SearchAction","target":{"@type":"EntryPoint","urlTemplate":"https:\/\/www.inverseteams.com\/fr\/?s={search_term_string}"},"query-input":{"@type":"PropertyValueSpecification","valueRequired":true,"valueName":"search_term_string"}}],"inLanguage":"fr-FR"},{"@type":"Organization","@id":"https:\/\/www.inverseteams.com\/fr\/#organization","name":"Inverse Teams","url":"https:\/\/www.inverseteams.com\/fr\/","logo":{"@type":"ImageObject","inLanguage":"fr-FR","@id":"https:\/\/www.inverseteams.com\/fr\/#\/schema\/logo\/image\/","url":"https:\/\/www.inverseteams.com\/wp-content\/uploads\/2021\/03\/logo-inverse-teams.png","contentUrl":"https:\/\/www.inverseteams.com\/wp-content\/uploads\/2021\/03\/logo-inverse-teams.png","width":294,"height":99,"caption":"Inverse Teams"},"image":{"@id":"https:\/\/www.inverseteams.com\/fr\/#\/schema\/logo\/image\/"},"sameAs":["https:\/\/www.facebook.com\/inverseteams","http:\/\/instagram.com\/inverseteams","https:\/\/www.linkedin.com\/company\/inverse-cirosport-s-l-?trk=job_view_topcard_company_name","http:\/\/www.pinterest.com\/inverseteams\/","http:\/\/www.youtube.com\/user\/inverseteams?feature=watch"]}]}},"_links":{"self":[{"href":"https:\/\/www.inverseteams.com\/fr\/wp-json\/wp\/v2\/product\/17304","targetHints":{"allow":["GET"]}}],"collection":[{"href":"https:\/\/www.inverseteams.com\/fr\/wp-json\/wp\/v2\/product"}],"about":[{"href":"https:\/\/www.inverseteams.com\/fr\/wp-json\/wp\/v2\/types\/product"}],"replies":[{"embeddable":true,"href":"https:\/\/www.inverseteams.com\/fr\/wp-json\/wp\/v2\/comments?post=17304"}],"wp:featuredmedia":[{"embeddable":true,"href":"https:\/\/www.inverseteams.com\/fr\/wp-json\/wp\/v2\/media\/141730"}],"wp:attachment":[{"href":"https:\/\/www.inverseteams.com\/fr\/wp-json\/wp\/v2\/media?parent=17304"}],"wp:term":[{"taxonomy":"product_brand","embeddable":true,"href":"https:\/\/www.inverseteams.com\/fr\/wp-json\/wp\/v2\/product_brand?post=17304"},{"taxonomy":"product_cat","embeddable":true,"href":"https:\/\/www.inverseteams.com\/fr\/wp-json\/wp\/v2\/product_cat?post=17304"},{"taxonomy":"product_tag","embeddable":true,"href":"https:\/\/www.inverseteams.com\/fr\/wp-json\/wp\/v2\/product_tag?post=17304"},{"taxonomy":"custom_category","embeddable":true,"href":"https:\/\/www.inverseteams.com\/fr\/wp-json\/wp\/v2\/custom_category?post=17304"},{"taxonomy":"range","embeddable":true,"href":"https:\/\/www.inverseteams.com\/fr\/wp-json\/wp\/v2\/range?post=17304"}],"curies":[{"name":"wp","href":"https:\/\/api.w.org\/{rel}","templated":true}]}}