{"id":17299,"date":"2021-05-10T08:30:50","date_gmt":"2021-05-10T09:15:02","guid":{"rendered":"https:\/\/inverseteams.com\/?post_type=product&#038;p=17299"},"modified":"2023-10-05T10:37:50","modified_gmt":"2023-10-05T10:37:50","slug":"trifonction-longue-distance-personnalise-terram","status":"publish","type":"product","link":"https:\/\/www.inverseteams.com\/fr\/produit\/trifonction-longue-distance-personnalise-terram\/","title":{"rendered":"Trifonction longue distance TERRAM"},"content":{"rendered":"<p>La partie sup\u00e9rieure de la trifunction personnalis\u00e9e est faite d&rsquo;un tissu super l\u00e9ger avec une structure ouverte qui vous permettra d&rsquo;\u00e9vacuer rapidement la transpiration. De cette fa\u00e7on, vous pouvez donner le meilleur de vous-m\u00eame lors de tests \u00e0 long terme. L\u2019\u00e9lasticit\u00e9 et la l\u00e9g\u00e8ret\u00e9 de son tissu vous permettront une totale libert\u00e9 de mouvement et un grand confort pendant les diff\u00e9rentes \u00e9tapes du triathlon. Le cou est fini avec un surfilage Evolution. Ce surfilage est fin et lisse pour \u00e9viter toute friction. Il est aussi \u00e9lastique pour bien s\u2019adapter au corps et emp\u00eacher l\u2019eau d\u2019entrer pendant la natation ou l\u2019air pendant le v\u00e9lo. Les manches de la trifonction longue distance sont essentielles pour prot\u00e9ger les \u00e9paules du soleil. \u00c0 l\u2019int\u00e9rieur elles contiennent un grip en silicone hypoallerg\u00e9nique, qui permet une attache ferme au bras et augmente l\u2019a\u00e9rodynamisme. La fermeture \u00e9clair est \u00e9lastique pour s\u2019adapter \u00e0 toutes les positions sans \u00eatre inconfortable. La zone lombaire incorpore une poche \u00e9lastique en grille qui expulse rapidement l\u2019eau. Elle est tr\u00e8s utile pour stocker les barres nutritionnelles. \u00c0 l\u2019extr\u00e9mit\u00e9 des jambes, cette trifonction a une bande \u00e9lastique micro-perfor\u00e9e recouverte \u00e0 l\u2019int\u00e9rieur d\u2019un grip en silicone hypoallerg\u00e9nique. Cela maintient la pi\u00e8ce solidement attach\u00e9e \u00e0 la jambe et mod\u00e8re la transpiration. Toutes les pi\u00e8ces qui composent la trifonction sont con\u00e7ues pour s\u2019adapter aux diff\u00e9rentes positions du triathlon sans opposer r\u00e9sistance. Elles sont cousues avec des coutures plates super r\u00e9sistantes qui participent d\u2019un design tr\u00e8s attrayant.<\/p>\n","protected":false},"excerpt":{"rendered":"<p>La partie sup\u00e9rieure de la trifunction personnalis\u00e9e est faite d&rsquo;un tissu super l\u00e9ger avec une structure ouverte qui vous permettra d&rsquo;\u00e9vacuer rapidement la transpiration. De cette fa\u00e7on, vous pouvez donner le meilleur de vous-m\u00eame lors de tests \u00e0 long terme. L\u2019\u00e9lasticit\u00e9 et la l\u00e9g\u00e8ret\u00e9 de son tissu vous permettront une totale libert\u00e9 de mouvement et un grand confort pendant les diff\u00e9rentes \u00e9tapes du triathlon. Le cou est fini avec un surfilage Evolution. Ce surfilage est fin et lisse pour \u00e9viter toute friction. Il est aussi \u00e9lastique pour bien s\u2019adapter au corps et emp\u00eacher l\u2019eau d\u2019entrer pendant la natation ou l\u2019air pendant le v\u00e9lo. Les manches de la trifonction longue distance sont essentielles pour prot\u00e9ger les \u00e9paules du soleil. \u00c0 l\u2019int\u00e9rieur elles contiennent un grip en silicone hypoallerg\u00e9nique, qui permet une attache ferme au bras et augmente l\u2019a\u00e9rodynamisme. La fermeture \u00e9clair est \u00e9lastique pour s\u2019adapter \u00e0 toutes les positions sans \u00eatre inconfortable. La zone lombaire incorpore une poche \u00e9lastique en grille qui expulse rapidement l\u2019eau. Elle est tr\u00e8s utile pour stocker les barres nutritionnelles. \u00c0 l\u2019extr\u00e9mit\u00e9 des jambes, cette trifonction a une bande \u00e9lastique micro-perfor\u00e9e recouverte \u00e0 l\u2019int\u00e9rieur d\u2019un grip en silicone hypoallerg\u00e9nique. Cela maintient la pi\u00e8ce solidement attach\u00e9e \u00e0 la jambe et mod\u00e8re la transpiration. Toutes les pi\u00e8ces qui composent la trifonction sont con\u00e7ues pour s\u2019adapter aux diff\u00e9rentes positions du triathlon sans opposer r\u00e9sistance. Elles sont cousues avec des coutures plates super r\u00e9sistantes qui participent d\u2019un design tr\u00e8s attrayant.<\/p>\n","protected":false},"featured_media":141770,"comment_status":"closed","ping_status":"closed","template":"","meta":{"_acf_changed":false},"product_brand":[],"product_cat":[8305],"product_tag":[],"custom_category":[13288,3349,3493],"range":[2497],"class_list":{"0":"post-17299","1":"product","2":"type-product","3":"status-publish","4":"has-post-thumbnail","6":"product_cat-uncategorized-fr","7":"pa_climatologia-chaud","8":"pa_deporte-triathlon-fr","9":"pa_genero-homme","10":"pa_genero-femme","11":"pa_patronaje-fit-fr","12":"pa_tipo-de-prenda-trifonction-fr","13":"custom_category-trifonction-personnalise","14":"custom_category-sport-fr","15":"custom_category-vetements-triathlon-personnalises","16":"range-terram-fr","18":"first","19":"instock","20":"product-type-custom"},"acf":[],"yoast_head":"<!-- This site is optimized with the Yoast SEO plugin v27.5 - https:\/\/yoast.com\/product\/yoast-seo-wordpress\/ -->\n<title>Trifonction longue distance TERRAM<\/title>\n<meta name=\"description\" content=\"Trifonction longue distance personnalis\u00e9e. Tissu l\u00e9ger et extensible. Libert\u00e9 de mouvement totale. Avec design inclus, livraison 4 semaines.Demandez un budget !\" \/>\n<meta name=\"robots\" content=\"index, follow, max-snippet:-1, max-image-preview:large, max-video-preview:-1\" \/>\n<link rel=\"canonical\" href=\"https:\/\/www.inverseteams.com\/fr\/produit\/trifonction-longue-distance-personnalise-terram\/\" \/>\n<meta property=\"og:locale\" content=\"fr_FR\" \/>\n<meta property=\"og:type\" content=\"article\" \/>\n<meta property=\"og:title\" content=\"Trifonction longue distance TERRAM\" \/>\n<meta property=\"og:description\" content=\"Trifonction longue distance personnalis\u00e9e. Tissu l\u00e9ger et extensible. Libert\u00e9 de mouvement totale. Avec design inclus, livraison 4 semaines.Demandez un budget !\" \/>\n<meta property=\"og:url\" content=\"https:\/\/www.inverseteams.com\/fr\/produit\/trifonction-longue-distance-personnalise-terram\/\" \/>\n<meta property=\"og:site_name\" content=\"Inverseteams\" \/>\n<meta property=\"article:publisher\" content=\"https:\/\/www.facebook.com\/inverseteams\" \/>\n<meta property=\"article:modified_time\" content=\"2023-10-05T10:37:50+00:00\" \/>\n<meta property=\"og:image\" content=\"https:\/\/www.inverseteams.com\/wp-content\/uploads\/MONO-TRIATLON-MC-TERRAM-1.jpg\" \/>\n\t<meta property=\"og:image:width\" content=\"3222\" \/>\n\t<meta property=\"og:image:height\" content=\"3462\" \/>\n\t<meta property=\"og:image:type\" content=\"image\/jpeg\" \/>\n<meta name=\"twitter:card\" content=\"summary_large_image\" \/>\n<meta name=\"twitter:label1\" content=\"Dur\u00e9e de lecture estim\u00e9e\" \/>\n\t<meta name=\"twitter:data1\" content=\"2 minutes\" \/>\n<script type=\"application\/ld+json\" class=\"yoast-schema-graph\">{\"@context\":\"https:\\\/\\\/schema.org\",\"@graph\":[{\"@type\":\"WebPage\",\"@id\":\"https:\\\/\\\/www.inverseteams.com\\\/fr\\\/produit\\\/trifonction-longue-distance-personnalise-terram\\\/\",\"url\":\"https:\\\/\\\/www.inverseteams.com\\\/fr\\\/produit\\\/trifonction-longue-distance-personnalise-terram\\\/\",\"name\":\"Trifonction longue distance TERRAM\",\"isPartOf\":{\"@id\":\"https:\\\/\\\/www.inverseteams.com\\\/fr\\\/#website\"},\"primaryImageOfPage\":{\"@id\":\"https:\\\/\\\/www.inverseteams.com\\\/fr\\\/produit\\\/trifonction-longue-distance-personnalise-terram\\\/#primaryimage\"},\"image\":{\"@id\":\"https:\\\/\\\/www.inverseteams.com\\\/fr\\\/produit\\\/trifonction-longue-distance-personnalise-terram\\\/#primaryimage\"},\"thumbnailUrl\":\"https:\\\/\\\/www.inverseteams.com\\\/wp-content\\\/uploads\\\/MONO-TRIATLON-MC-TERRAM-1.jpg\",\"datePublished\":\"2021-05-10T09:15:02+00:00\",\"dateModified\":\"2023-10-05T10:37:50+00:00\",\"description\":\"Trifonction longue distance personnalis\u00e9e. Tissu l\u00e9ger et extensible. Libert\u00e9 de mouvement totale. Avec design inclus, livraison 4 semaines.Demandez un budget !\",\"breadcrumb\":{\"@id\":\"https:\\\/\\\/www.inverseteams.com\\\/fr\\\/produit\\\/trifonction-longue-distance-personnalise-terram\\\/#breadcrumb\"},\"inLanguage\":\"fr-FR\",\"potentialAction\":[{\"@type\":\"ReadAction\",\"target\":[\"https:\\\/\\\/www.inverseteams.com\\\/fr\\\/produit\\\/trifonction-longue-distance-personnalise-terram\\\/\"]}]},{\"@type\":\"ImageObject\",\"inLanguage\":\"fr-FR\",\"@id\":\"https:\\\/\\\/www.inverseteams.com\\\/fr\\\/produit\\\/trifonction-longue-distance-personnalise-terram\\\/#primaryimage\",\"url\":\"https:\\\/\\\/www.inverseteams.com\\\/wp-content\\\/uploads\\\/MONO-TRIATLON-MC-TERRAM-1.jpg\",\"contentUrl\":\"https:\\\/\\\/www.inverseteams.com\\\/wp-content\\\/uploads\\\/MONO-TRIATLON-MC-TERRAM-1.jpg\",\"width\":3222,\"height\":3462,\"caption\":\"trimono manga corta larga distancia terram personalizable\"},{\"@type\":\"BreadcrumbList\",\"@id\":\"https:\\\/\\\/www.inverseteams.com\\\/fr\\\/produit\\\/trifonction-longue-distance-personnalise-terram\\\/#breadcrumb\",\"itemListElement\":[{\"@type\":\"ListItem\",\"position\":1,\"name\":\"Portada\",\"item\":\"https:\\\/\\\/www.inverseteams.com\\\/fr\\\/pagina-principal\\\/\"},{\"@type\":\"ListItem\",\"position\":2,\"name\":\"Panier\",\"item\":\"https:\\\/\\\/www.inverseteams.com\\\/fr\\\/panier\\\/\"},{\"@type\":\"ListItem\",\"position\":3,\"name\":\"Trifonction longue distance TERRAM\"}]},{\"@type\":\"WebSite\",\"@id\":\"https:\\\/\\\/www.inverseteams.com\\\/fr\\\/#website\",\"url\":\"https:\\\/\\\/www.inverseteams.com\\\/fr\\\/\",\"name\":\"Inverseteams\",\"description\":\"Tu marca de ropa deportiva personalizada\",\"publisher\":{\"@id\":\"https:\\\/\\\/www.inverseteams.com\\\/fr\\\/#organization\"},\"potentialAction\":[{\"@type\":\"SearchAction\",\"target\":{\"@type\":\"EntryPoint\",\"urlTemplate\":\"https:\\\/\\\/www.inverseteams.com\\\/fr\\\/?s={search_term_string}\"},\"query-input\":{\"@type\":\"PropertyValueSpecification\",\"valueRequired\":true,\"valueName\":\"search_term_string\"}}],\"inLanguage\":\"fr-FR\"},{\"@type\":\"Organization\",\"@id\":\"https:\\\/\\\/www.inverseteams.com\\\/fr\\\/#organization\",\"name\":\"Inverse Teams\",\"url\":\"https:\\\/\\\/www.inverseteams.com\\\/fr\\\/\",\"logo\":{\"@type\":\"ImageObject\",\"inLanguage\":\"fr-FR\",\"@id\":\"https:\\\/\\\/www.inverseteams.com\\\/fr\\\/#\\\/schema\\\/logo\\\/image\\\/\",\"url\":\"https:\\\/\\\/www.inverseteams.com\\\/wp-content\\\/uploads\\\/2021\\\/03\\\/logo-inverse-teams.png\",\"contentUrl\":\"https:\\\/\\\/www.inverseteams.com\\\/wp-content\\\/uploads\\\/2021\\\/03\\\/logo-inverse-teams.png\",\"width\":294,\"height\":99,\"caption\":\"Inverse Teams\"},\"image\":{\"@id\":\"https:\\\/\\\/www.inverseteams.com\\\/fr\\\/#\\\/schema\\\/logo\\\/image\\\/\"},\"sameAs\":[\"https:\\\/\\\/www.facebook.com\\\/inverseteams\",\"http:\\\/\\\/instagram.com\\\/inverseteams\",\"https:\\\/\\\/www.linkedin.com\\\/company\\\/inverse-cirosport-s-l-?trk=job_view_topcard_company_name\",\"http:\\\/\\\/www.pinterest.com\\\/inverseteams\\\/\",\"http:\\\/\\\/www.youtube.com\\\/user\\\/inverseteams?feature=watch\"]}]}<\/script>\n<!-- \/ Yoast SEO plugin. -->","yoast_head_json":{"title":"Trifonction longue distance TERRAM","description":"Trifonction longue distance personnalis\u00e9e. Tissu l\u00e9ger et extensible. Libert\u00e9 de mouvement totale. Avec design inclus, livraison 4 semaines.Demandez un budget !","robots":{"index":"index","follow":"follow","max-snippet":"max-snippet:-1","max-image-preview":"max-image-preview:large","max-video-preview":"max-video-preview:-1"},"canonical":"https:\/\/www.inverseteams.com\/fr\/produit\/trifonction-longue-distance-personnalise-terram\/","og_locale":"fr_FR","og_type":"article","og_title":"Trifonction longue distance TERRAM","og_description":"Trifonction longue distance personnalis\u00e9e. Tissu l\u00e9ger et extensible. Libert\u00e9 de mouvement totale. Avec design inclus, livraison 4 semaines.Demandez un budget !","og_url":"https:\/\/www.inverseteams.com\/fr\/produit\/trifonction-longue-distance-personnalise-terram\/","og_site_name":"Inverseteams","article_publisher":"https:\/\/www.facebook.com\/inverseteams","article_modified_time":"2023-10-05T10:37:50+00:00","og_image":[{"width":3222,"height":3462,"url":"https:\/\/www.inverseteams.com\/wp-content\/uploads\/MONO-TRIATLON-MC-TERRAM-1.jpg","type":"image\/jpeg"}],"twitter_card":"summary_large_image","twitter_misc":{"Dur\u00e9e de lecture estim\u00e9e":"2 minutes"},"schema":{"@context":"https:\/\/schema.org","@graph":[{"@type":"WebPage","@id":"https:\/\/www.inverseteams.com\/fr\/produit\/trifonction-longue-distance-personnalise-terram\/","url":"https:\/\/www.inverseteams.com\/fr\/produit\/trifonction-longue-distance-personnalise-terram\/","name":"Trifonction longue distance TERRAM","isPartOf":{"@id":"https:\/\/www.inverseteams.com\/fr\/#website"},"primaryImageOfPage":{"@id":"https:\/\/www.inverseteams.com\/fr\/produit\/trifonction-longue-distance-personnalise-terram\/#primaryimage"},"image":{"@id":"https:\/\/www.inverseteams.com\/fr\/produit\/trifonction-longue-distance-personnalise-terram\/#primaryimage"},"thumbnailUrl":"https:\/\/www.inverseteams.com\/wp-content\/uploads\/MONO-TRIATLON-MC-TERRAM-1.jpg","datePublished":"2021-05-10T09:15:02+00:00","dateModified":"2023-10-05T10:37:50+00:00","description":"Trifonction longue distance personnalis\u00e9e. Tissu l\u00e9ger et extensible. Libert\u00e9 de mouvement totale. Avec design inclus, livraison 4 semaines.Demandez un budget !","breadcrumb":{"@id":"https:\/\/www.inverseteams.com\/fr\/produit\/trifonction-longue-distance-personnalise-terram\/#breadcrumb"},"inLanguage":"fr-FR","potentialAction":[{"@type":"ReadAction","target":["https:\/\/www.inverseteams.com\/fr\/produit\/trifonction-longue-distance-personnalise-terram\/"]}]},{"@type":"ImageObject","inLanguage":"fr-FR","@id":"https:\/\/www.inverseteams.com\/fr\/produit\/trifonction-longue-distance-personnalise-terram\/#primaryimage","url":"https:\/\/www.inverseteams.com\/wp-content\/uploads\/MONO-TRIATLON-MC-TERRAM-1.jpg","contentUrl":"https:\/\/www.inverseteams.com\/wp-content\/uploads\/MONO-TRIATLON-MC-TERRAM-1.jpg","width":3222,"height":3462,"caption":"trimono manga corta larga distancia terram personalizable"},{"@type":"BreadcrumbList","@id":"https:\/\/www.inverseteams.com\/fr\/produit\/trifonction-longue-distance-personnalise-terram\/#breadcrumb","itemListElement":[{"@type":"ListItem","position":1,"name":"Portada","item":"https:\/\/www.inverseteams.com\/fr\/pagina-principal\/"},{"@type":"ListItem","position":2,"name":"Panier","item":"https:\/\/www.inverseteams.com\/fr\/panier\/"},{"@type":"ListItem","position":3,"name":"Trifonction longue distance TERRAM"}]},{"@type":"WebSite","@id":"https:\/\/www.inverseteams.com\/fr\/#website","url":"https:\/\/www.inverseteams.com\/fr\/","name":"Inverseteams","description":"Tu marca de ropa deportiva personalizada","publisher":{"@id":"https:\/\/www.inverseteams.com\/fr\/#organization"},"potentialAction":[{"@type":"SearchAction","target":{"@type":"EntryPoint","urlTemplate":"https:\/\/www.inverseteams.com\/fr\/?s={search_term_string}"},"query-input":{"@type":"PropertyValueSpecification","valueRequired":true,"valueName":"search_term_string"}}],"inLanguage":"fr-FR"},{"@type":"Organization","@id":"https:\/\/www.inverseteams.com\/fr\/#organization","name":"Inverse Teams","url":"https:\/\/www.inverseteams.com\/fr\/","logo":{"@type":"ImageObject","inLanguage":"fr-FR","@id":"https:\/\/www.inverseteams.com\/fr\/#\/schema\/logo\/image\/","url":"https:\/\/www.inverseteams.com\/wp-content\/uploads\/2021\/03\/logo-inverse-teams.png","contentUrl":"https:\/\/www.inverseteams.com\/wp-content\/uploads\/2021\/03\/logo-inverse-teams.png","width":294,"height":99,"caption":"Inverse Teams"},"image":{"@id":"https:\/\/www.inverseteams.com\/fr\/#\/schema\/logo\/image\/"},"sameAs":["https:\/\/www.facebook.com\/inverseteams","http:\/\/instagram.com\/inverseteams","https:\/\/www.linkedin.com\/company\/inverse-cirosport-s-l-?trk=job_view_topcard_company_name","http:\/\/www.pinterest.com\/inverseteams\/","http:\/\/www.youtube.com\/user\/inverseteams?feature=watch"]}]}},"_links":{"self":[{"href":"https:\/\/www.inverseteams.com\/fr\/wp-json\/wp\/v2\/product\/17299","targetHints":{"allow":["GET"]}}],"collection":[{"href":"https:\/\/www.inverseteams.com\/fr\/wp-json\/wp\/v2\/product"}],"about":[{"href":"https:\/\/www.inverseteams.com\/fr\/wp-json\/wp\/v2\/types\/product"}],"replies":[{"embeddable":true,"href":"https:\/\/www.inverseteams.com\/fr\/wp-json\/wp\/v2\/comments?post=17299"}],"wp:featuredmedia":[{"embeddable":true,"href":"https:\/\/www.inverseteams.com\/fr\/wp-json\/wp\/v2\/media\/141770"}],"wp:attachment":[{"href":"https:\/\/www.inverseteams.com\/fr\/wp-json\/wp\/v2\/media?parent=17299"}],"wp:term":[{"taxonomy":"product_brand","embeddable":true,"href":"https:\/\/www.inverseteams.com\/fr\/wp-json\/wp\/v2\/product_brand?post=17299"},{"taxonomy":"product_cat","embeddable":true,"href":"https:\/\/www.inverseteams.com\/fr\/wp-json\/wp\/v2\/product_cat?post=17299"},{"taxonomy":"product_tag","embeddable":true,"href":"https:\/\/www.inverseteams.com\/fr\/wp-json\/wp\/v2\/product_tag?post=17299"},{"taxonomy":"custom_category","embeddable":true,"href":"https:\/\/www.inverseteams.com\/fr\/wp-json\/wp\/v2\/custom_category?post=17299"},{"taxonomy":"range","embeddable":true,"href":"https:\/\/www.inverseteams.com\/fr\/wp-json\/wp\/v2\/range?post=17299"}],"curies":[{"name":"wp","href":"https:\/\/api.w.org\/{rel}","templated":true}]}}