{"id":17296,"date":"2021-10-12T09:01:29","date_gmt":"2021-05-10T09:14:56","guid":{"rendered":"https:\/\/inverseteams.com\/?post_type=product&#038;p=17296"},"modified":"2024-12-10T15:12:45","modified_gmt":"2024-12-10T15:12:45","slug":"combinaison-cyclisme-personnalisee-2-pieces-kronos","status":"publish","type":"product","link":"https:\/\/www.inverseteams.com\/fr\/produit\/combinaison-cyclisme-personnalisee-2-pieces-kronos\/","title":{"rendered":"Combinaison cyclisme personnalis\u00e9e 2 pi\u00e8ces KRONOS"},"content":{"rendered":"<p>La zone sup\u00e9rieure dispose d\u2019une fermeture \u00e9clair int\u00e9grale qui ouvre enti\u00e8rement la combinaison cycliste et vous permet de r\u00e9guler la ventilation. Cela vous offre les avantages a\u00e9rodynamiques d\u2019une combinaison cyclisme en m\u00eame temps que le confort d\u2019un maillot et cuissard s\u00e9par\u00e9s.<br \/>\nLe tissu THINK du corps est tr\u00e8s l\u00e9ger, \u00e9lastique et respirant. Il permet d\u2019\u00e9vacuer la sueur rapidement pour conserver la peau s\u00e8che et \u00e9viter la surchauffe. Cela vous permettra de concourir au plus haut niveau, plus de temps.<br \/>\nAux bouts des manches d\u00e9coup\u00e9es au laser, elle poss\u00e8de un grip en silicone hypoallerg\u00e9nique, qui permet une attache ferme au bras et emp\u00eachent l\u2019air d\u2019entrer.<br \/>\nLa technicit\u00e9 de son tissu garantit un bon flux de vent pour augmenter l\u2019a\u00e9rodynamique et optimiser tous vos efforts. Le surfilage \u00e9lastique du cou s\u2019adapte au corps sans causer de friction.<br \/>\nToutes les pi\u00e8ces de cette combinaison ont \u00e9t\u00e9 con\u00e7ues pour s\u2019adapter parfaitement aux diff\u00e9rentes positions sur le v\u00e9lo sans opposer r\u00e9sistance. Elles sont cousues avec des coutures plates super r\u00e9sistantes.<br \/>\nLe tissu des jambes se caract\u00e9rise par sa bonne compression musculaire. Il parvient \u00e0 garder l\u2019acide lactique sous contr\u00f4le, retarde la fatigue musculaire et aide \u00e0 oxyg\u00e9ner le sang. Au bout des jambes, il a une bande \u00e9lastique microperfor\u00e9e recouverte \u00e0 l\u2019int\u00e9rieur d\u2019un grip en silicone hypoallerg\u00e9nique. Cela maintient la pi\u00e8ce solidement attach\u00e9e \u00e0 la jambe et mod\u00e8re la transpiration. \u00c0 l\u2019ext\u00e9rieur, il a des lignes r\u00e9fl\u00e9chissantes de 360\u00ba qui augmentent votre s\u00e9curit\u00e9 en r\u00e9fl\u00e9chissant les lumi\u00e8res des autres v\u00e9hicules.<\/p>\n","protected":false},"excerpt":{"rendered":"<p>La zone sup\u00e9rieure dispose d\u2019une fermeture \u00e9clair int\u00e9grale qui ouvre enti\u00e8rement la combinaison cycliste et vous permet de r\u00e9guler la ventilation. Cela vous offre les avantages a\u00e9rodynamiques d\u2019une combinaison cyclisme en m\u00eame temps que le confort d\u2019un maillot et cuissard s\u00e9par\u00e9s.<br \/>\nLe tissu THINK du corps est tr\u00e8s l\u00e9ger, \u00e9lastique et respirant. Il permet d\u2019\u00e9vacuer la sueur rapidement pour conserver la peau s\u00e8che et \u00e9viter la surchauffe. Cela vous permettra de concourir au plus haut niveau, plus de temps.<br \/>\nAux bouts des manches d\u00e9coup\u00e9es au laser, elle poss\u00e8de un grip en silicone hypoallerg\u00e9nique, qui permet une attache ferme au bras et emp\u00eachent l\u2019air d\u2019entrer.<br \/>\nLa technicit\u00e9 de son tissu garantit un bon flux de vent pour augmenter l\u2019a\u00e9rodynamique et optimiser tous vos efforts. Le surfilage \u00e9lastique du cou s\u2019adapte au corps sans causer de friction.<br \/>\nToutes les pi\u00e8ces de cette combinaison ont \u00e9t\u00e9 con\u00e7ues pour s\u2019adapter parfaitement aux diff\u00e9rentes positions sur le v\u00e9lo sans opposer r\u00e9sistance. Elles sont cousues avec des coutures plates super r\u00e9sistantes.<br \/>\nLe tissu des jambes se caract\u00e9rise par sa bonne compression musculaire. Il parvient \u00e0 garder l\u2019acide lactique sous contr\u00f4le, retarde la fatigue musculaire et aide \u00e0 oxyg\u00e9ner le sang. Au bout des jambes, il a une bande \u00e9lastique microperfor\u00e9e recouverte \u00e0 l\u2019int\u00e9rieur d\u2019un grip en silicone hypoallerg\u00e9nique. Cela maintient la pi\u00e8ce solidement attach\u00e9e \u00e0 la jambe et mod\u00e8re la transpiration. \u00c0 l\u2019ext\u00e9rieur, il a des lignes r\u00e9fl\u00e9chissantes de 360\u00ba qui augmentent votre s\u00e9curit\u00e9 en r\u00e9fl\u00e9chissant les lumi\u00e8res des autres v\u00e9hicules.<\/p>\n","protected":false},"featured_media":223947,"comment_status":"closed","ping_status":"closed","template":"","meta":{"_acf_changed":false},"product_brand":[],"product_cat":[8305],"product_tag":[],"custom_category":[3352,3349,3418],"range":[2496],"class_list":{"0":"post-17296","1":"product","2":"type-product","3":"status-publish","4":"has-post-thumbnail","6":"product_cat-uncategorized-fr","7":"pa_climatologia-chaud","8":"pa_climatologia-temperature-chaude","9":"pa_deporte-cyclisme","10":"pa_genero-homme","11":"pa_genero-femme","12":"pa_patronaje-fit-fr","13":"pa_tipo-de-prenda-combinaison","14":"custom_category-vetements-cyclisme-personnalises","15":"custom_category-sport-fr","16":"custom_category-combinaison-cyclisme-personnalisee","17":"range-kronos-fr","19":"first","20":"instock","21":"product-type-custom"},"acf":[],"yoast_head":"<!-- This site is optimized with the Yoast SEO plugin v27.3 - https:\/\/yoast.com\/product\/yoast-seo-wordpress\/ -->\n<title>Combinaison cyclisme personnalis\u00e9e 2 pi\u00e8ces KRONOS<\/title>\n<meta name=\"description\" content=\"Combinaison cyclisme 2 pi\u00e8ces personnalis\u00e9e. Tissu tr\u00e8s l\u00e9ger, \u00e9lastique et respirant. Des performances maximales pour plus de temps Demandez un budget !\" \/>\n<meta name=\"robots\" content=\"index, follow, max-snippet:-1, max-image-preview:large, max-video-preview:-1\" \/>\n<link rel=\"canonical\" href=\"https:\/\/www.inverseteams.com\/fr\/produit\/combinaison-cyclisme-personnalisee-2-pieces-kronos\/\" \/>\n<meta property=\"og:locale\" content=\"fr_FR\" \/>\n<meta property=\"og:type\" content=\"article\" \/>\n<meta property=\"og:title\" content=\"Combinaison cyclisme personnalis\u00e9e 2 pi\u00e8ces KRONOS\" \/>\n<meta property=\"og:description\" content=\"Combinaison cyclisme 2 pi\u00e8ces personnalis\u00e9e. Tissu tr\u00e8s l\u00e9ger, \u00e9lastique et respirant. Des performances maximales pour plus de temps Demandez un budget !\" \/>\n<meta property=\"og:url\" content=\"https:\/\/www.inverseteams.com\/fr\/produit\/combinaison-cyclisme-personnalisee-2-pieces-kronos\/\" \/>\n<meta property=\"og:site_name\" content=\"Inverseteams\" \/>\n<meta property=\"article:publisher\" content=\"https:\/\/www.facebook.com\/inverseteams\" \/>\n<meta property=\"article:modified_time\" content=\"2024-12-10T15:12:45+00:00\" \/>\n<meta property=\"og:image\" content=\"https:\/\/www.inverseteams.com\/wp-content\/uploads\/BUZO-MC-2P-CONTRARRELOJ-PERSONALIZADO-KRONOS-1.jpg\" \/>\n\t<meta property=\"og:image:width\" content=\"1500\" \/>\n\t<meta property=\"og:image:height\" content=\"1612\" \/>\n\t<meta property=\"og:image:type\" content=\"image\/jpeg\" \/>\n<meta name=\"twitter:card\" content=\"summary_large_image\" \/>\n<meta name=\"twitter:label1\" content=\"Dur\u00e9e de lecture estim\u00e9e\" \/>\n\t<meta name=\"twitter:data1\" content=\"2 minutes\" \/>\n<script type=\"application\/ld+json\" class=\"yoast-schema-graph\">{\"@context\":\"https:\\\/\\\/schema.org\",\"@graph\":[{\"@type\":\"WebPage\",\"@id\":\"https:\\\/\\\/www.inverseteams.com\\\/fr\\\/produit\\\/combinaison-cyclisme-personnalisee-2-pieces-kronos\\\/\",\"url\":\"https:\\\/\\\/www.inverseteams.com\\\/fr\\\/produit\\\/combinaison-cyclisme-personnalisee-2-pieces-kronos\\\/\",\"name\":\"Combinaison cyclisme personnalis\u00e9e 2 pi\u00e8ces KRONOS\",\"isPartOf\":{\"@id\":\"https:\\\/\\\/www.inverseteams.com\\\/fr\\\/#website\"},\"primaryImageOfPage\":{\"@id\":\"https:\\\/\\\/www.inverseteams.com\\\/fr\\\/produit\\\/combinaison-cyclisme-personnalisee-2-pieces-kronos\\\/#primaryimage\"},\"image\":{\"@id\":\"https:\\\/\\\/www.inverseteams.com\\\/fr\\\/produit\\\/combinaison-cyclisme-personnalisee-2-pieces-kronos\\\/#primaryimage\"},\"thumbnailUrl\":\"https:\\\/\\\/www.inverseteams.com\\\/wp-content\\\/uploads\\\/BUZO-MC-2P-CONTRARRELOJ-PERSONALIZADO-KRONOS-1.jpg\",\"datePublished\":\"2021-05-10T09:14:56+00:00\",\"dateModified\":\"2024-12-10T15:12:45+00:00\",\"description\":\"Combinaison cyclisme 2 pi\u00e8ces personnalis\u00e9e. Tissu tr\u00e8s l\u00e9ger, \u00e9lastique et respirant. Des performances maximales pour plus de temps Demandez un budget !\",\"breadcrumb\":{\"@id\":\"https:\\\/\\\/www.inverseteams.com\\\/fr\\\/produit\\\/combinaison-cyclisme-personnalisee-2-pieces-kronos\\\/#breadcrumb\"},\"inLanguage\":\"fr-FR\",\"potentialAction\":[{\"@type\":\"ReadAction\",\"target\":[\"https:\\\/\\\/www.inverseteams.com\\\/fr\\\/produit\\\/combinaison-cyclisme-personnalisee-2-pieces-kronos\\\/\"]}]},{\"@type\":\"ImageObject\",\"inLanguage\":\"fr-FR\",\"@id\":\"https:\\\/\\\/www.inverseteams.com\\\/fr\\\/produit\\\/combinaison-cyclisme-personnalisee-2-pieces-kronos\\\/#primaryimage\",\"url\":\"https:\\\/\\\/www.inverseteams.com\\\/wp-content\\\/uploads\\\/BUZO-MC-2P-CONTRARRELOJ-PERSONALIZADO-KRONOS-1.jpg\",\"contentUrl\":\"https:\\\/\\\/www.inverseteams.com\\\/wp-content\\\/uploads\\\/BUZO-MC-2P-CONTRARRELOJ-PERSONALIZADO-KRONOS-1.jpg\",\"width\":1500,\"height\":1612,\"caption\":\"mono ciclismo manga corta personalizado\"},{\"@type\":\"BreadcrumbList\",\"@id\":\"https:\\\/\\\/www.inverseteams.com\\\/fr\\\/produit\\\/combinaison-cyclisme-personnalisee-2-pieces-kronos\\\/#breadcrumb\",\"itemListElement\":[{\"@type\":\"ListItem\",\"position\":1,\"name\":\"Portada\",\"item\":\"https:\\\/\\\/www.inverseteams.com\\\/fr\\\/pagina-principal\\\/\"},{\"@type\":\"ListItem\",\"position\":2,\"name\":\"Panier\",\"item\":\"https:\\\/\\\/www.inverseteams.com\\\/fr\\\/panier\\\/\"},{\"@type\":\"ListItem\",\"position\":3,\"name\":\"Combinaison cyclisme personnalis\u00e9e 2 pi\u00e8ces KRONOS\"}]},{\"@type\":\"WebSite\",\"@id\":\"https:\\\/\\\/www.inverseteams.com\\\/fr\\\/#website\",\"url\":\"https:\\\/\\\/www.inverseteams.com\\\/fr\\\/\",\"name\":\"Inverseteams\",\"description\":\"Tu marca de ropa deportiva personalizada\",\"publisher\":{\"@id\":\"https:\\\/\\\/www.inverseteams.com\\\/fr\\\/#organization\"},\"potentialAction\":[{\"@type\":\"SearchAction\",\"target\":{\"@type\":\"EntryPoint\",\"urlTemplate\":\"https:\\\/\\\/www.inverseteams.com\\\/fr\\\/?s={search_term_string}\"},\"query-input\":{\"@type\":\"PropertyValueSpecification\",\"valueRequired\":true,\"valueName\":\"search_term_string\"}}],\"inLanguage\":\"fr-FR\"},{\"@type\":\"Organization\",\"@id\":\"https:\\\/\\\/www.inverseteams.com\\\/fr\\\/#organization\",\"name\":\"Inverse Teams\",\"url\":\"https:\\\/\\\/www.inverseteams.com\\\/fr\\\/\",\"logo\":{\"@type\":\"ImageObject\",\"inLanguage\":\"fr-FR\",\"@id\":\"https:\\\/\\\/www.inverseteams.com\\\/fr\\\/#\\\/schema\\\/logo\\\/image\\\/\",\"url\":\"http:\\\/\\\/www.inverseteams.com\\\/wp-content\\\/uploads\\\/2021\\\/03\\\/logo-inverse-teams.png\",\"contentUrl\":\"http:\\\/\\\/www.inverseteams.com\\\/wp-content\\\/uploads\\\/2021\\\/03\\\/logo-inverse-teams.png\",\"width\":294,\"height\":99,\"caption\":\"Inverse Teams\"},\"image\":{\"@id\":\"https:\\\/\\\/www.inverseteams.com\\\/fr\\\/#\\\/schema\\\/logo\\\/image\\\/\"},\"sameAs\":[\"https:\\\/\\\/www.facebook.com\\\/inverseteams\",\"http:\\\/\\\/instagram.com\\\/inverseteams\",\"https:\\\/\\\/www.linkedin.com\\\/company\\\/inverse-cirosport-s-l-?trk=job_view_topcard_company_name\",\"http:\\\/\\\/www.pinterest.com\\\/inverseteams\\\/\",\"http:\\\/\\\/www.youtube.com\\\/user\\\/inverseteams?feature=watch\"]}]}<\/script>\n<!-- \/ Yoast SEO plugin. -->","yoast_head_json":{"title":"Combinaison cyclisme personnalis\u00e9e 2 pi\u00e8ces KRONOS","description":"Combinaison cyclisme 2 pi\u00e8ces personnalis\u00e9e. Tissu tr\u00e8s l\u00e9ger, \u00e9lastique et respirant. Des performances maximales pour plus de temps Demandez un budget !","robots":{"index":"index","follow":"follow","max-snippet":"max-snippet:-1","max-image-preview":"max-image-preview:large","max-video-preview":"max-video-preview:-1"},"canonical":"https:\/\/www.inverseteams.com\/fr\/produit\/combinaison-cyclisme-personnalisee-2-pieces-kronos\/","og_locale":"fr_FR","og_type":"article","og_title":"Combinaison cyclisme personnalis\u00e9e 2 pi\u00e8ces KRONOS","og_description":"Combinaison cyclisme 2 pi\u00e8ces personnalis\u00e9e. Tissu tr\u00e8s l\u00e9ger, \u00e9lastique et respirant. Des performances maximales pour plus de temps Demandez un budget !","og_url":"https:\/\/www.inverseteams.com\/fr\/produit\/combinaison-cyclisme-personnalisee-2-pieces-kronos\/","og_site_name":"Inverseteams","article_publisher":"https:\/\/www.facebook.com\/inverseteams","article_modified_time":"2024-12-10T15:12:45+00:00","og_image":[{"width":1500,"height":1612,"url":"https:\/\/www.inverseteams.com\/wp-content\/uploads\/BUZO-MC-2P-CONTRARRELOJ-PERSONALIZADO-KRONOS-1.jpg","type":"image\/jpeg"}],"twitter_card":"summary_large_image","twitter_misc":{"Dur\u00e9e de lecture estim\u00e9e":"2 minutes"},"schema":{"@context":"https:\/\/schema.org","@graph":[{"@type":"WebPage","@id":"https:\/\/www.inverseteams.com\/fr\/produit\/combinaison-cyclisme-personnalisee-2-pieces-kronos\/","url":"https:\/\/www.inverseteams.com\/fr\/produit\/combinaison-cyclisme-personnalisee-2-pieces-kronos\/","name":"Combinaison cyclisme personnalis\u00e9e 2 pi\u00e8ces KRONOS","isPartOf":{"@id":"https:\/\/www.inverseteams.com\/fr\/#website"},"primaryImageOfPage":{"@id":"https:\/\/www.inverseteams.com\/fr\/produit\/combinaison-cyclisme-personnalisee-2-pieces-kronos\/#primaryimage"},"image":{"@id":"https:\/\/www.inverseteams.com\/fr\/produit\/combinaison-cyclisme-personnalisee-2-pieces-kronos\/#primaryimage"},"thumbnailUrl":"https:\/\/www.inverseteams.com\/wp-content\/uploads\/BUZO-MC-2P-CONTRARRELOJ-PERSONALIZADO-KRONOS-1.jpg","datePublished":"2021-05-10T09:14:56+00:00","dateModified":"2024-12-10T15:12:45+00:00","description":"Combinaison cyclisme 2 pi\u00e8ces personnalis\u00e9e. Tissu tr\u00e8s l\u00e9ger, \u00e9lastique et respirant. Des performances maximales pour plus de temps Demandez un budget !","breadcrumb":{"@id":"https:\/\/www.inverseteams.com\/fr\/produit\/combinaison-cyclisme-personnalisee-2-pieces-kronos\/#breadcrumb"},"inLanguage":"fr-FR","potentialAction":[{"@type":"ReadAction","target":["https:\/\/www.inverseteams.com\/fr\/produit\/combinaison-cyclisme-personnalisee-2-pieces-kronos\/"]}]},{"@type":"ImageObject","inLanguage":"fr-FR","@id":"https:\/\/www.inverseteams.com\/fr\/produit\/combinaison-cyclisme-personnalisee-2-pieces-kronos\/#primaryimage","url":"https:\/\/www.inverseteams.com\/wp-content\/uploads\/BUZO-MC-2P-CONTRARRELOJ-PERSONALIZADO-KRONOS-1.jpg","contentUrl":"https:\/\/www.inverseteams.com\/wp-content\/uploads\/BUZO-MC-2P-CONTRARRELOJ-PERSONALIZADO-KRONOS-1.jpg","width":1500,"height":1612,"caption":"mono ciclismo manga corta personalizado"},{"@type":"BreadcrumbList","@id":"https:\/\/www.inverseteams.com\/fr\/produit\/combinaison-cyclisme-personnalisee-2-pieces-kronos\/#breadcrumb","itemListElement":[{"@type":"ListItem","position":1,"name":"Portada","item":"https:\/\/www.inverseteams.com\/fr\/pagina-principal\/"},{"@type":"ListItem","position":2,"name":"Panier","item":"https:\/\/www.inverseteams.com\/fr\/panier\/"},{"@type":"ListItem","position":3,"name":"Combinaison cyclisme personnalis\u00e9e 2 pi\u00e8ces KRONOS"}]},{"@type":"WebSite","@id":"https:\/\/www.inverseteams.com\/fr\/#website","url":"https:\/\/www.inverseteams.com\/fr\/","name":"Inverseteams","description":"Tu marca de ropa deportiva personalizada","publisher":{"@id":"https:\/\/www.inverseteams.com\/fr\/#organization"},"potentialAction":[{"@type":"SearchAction","target":{"@type":"EntryPoint","urlTemplate":"https:\/\/www.inverseteams.com\/fr\/?s={search_term_string}"},"query-input":{"@type":"PropertyValueSpecification","valueRequired":true,"valueName":"search_term_string"}}],"inLanguage":"fr-FR"},{"@type":"Organization","@id":"https:\/\/www.inverseteams.com\/fr\/#organization","name":"Inverse Teams","url":"https:\/\/www.inverseteams.com\/fr\/","logo":{"@type":"ImageObject","inLanguage":"fr-FR","@id":"https:\/\/www.inverseteams.com\/fr\/#\/schema\/logo\/image\/","url":"https:\/\/www.inverseteams.com\/wp-content\/uploads\/2021\/03\/logo-inverse-teams.png","contentUrl":"https:\/\/www.inverseteams.com\/wp-content\/uploads\/2021\/03\/logo-inverse-teams.png","width":294,"height":99,"caption":"Inverse Teams"},"image":{"@id":"https:\/\/www.inverseteams.com\/fr\/#\/schema\/logo\/image\/"},"sameAs":["https:\/\/www.facebook.com\/inverseteams","http:\/\/instagram.com\/inverseteams","https:\/\/www.linkedin.com\/company\/inverse-cirosport-s-l-?trk=job_view_topcard_company_name","http:\/\/www.pinterest.com\/inverseteams\/","http:\/\/www.youtube.com\/user\/inverseteams?feature=watch"]}]}},"_links":{"self":[{"href":"https:\/\/www.inverseteams.com\/fr\/wp-json\/wp\/v2\/product\/17296","targetHints":{"allow":["GET"]}}],"collection":[{"href":"https:\/\/www.inverseteams.com\/fr\/wp-json\/wp\/v2\/product"}],"about":[{"href":"https:\/\/www.inverseteams.com\/fr\/wp-json\/wp\/v2\/types\/product"}],"replies":[{"embeddable":true,"href":"https:\/\/www.inverseteams.com\/fr\/wp-json\/wp\/v2\/comments?post=17296"}],"wp:featuredmedia":[{"embeddable":true,"href":"https:\/\/www.inverseteams.com\/fr\/wp-json\/wp\/v2\/media\/223947"}],"wp:attachment":[{"href":"https:\/\/www.inverseteams.com\/fr\/wp-json\/wp\/v2\/media?parent=17296"}],"wp:term":[{"taxonomy":"product_brand","embeddable":true,"href":"https:\/\/www.inverseteams.com\/fr\/wp-json\/wp\/v2\/product_brand?post=17296"},{"taxonomy":"product_cat","embeddable":true,"href":"https:\/\/www.inverseteams.com\/fr\/wp-json\/wp\/v2\/product_cat?post=17296"},{"taxonomy":"product_tag","embeddable":true,"href":"https:\/\/www.inverseteams.com\/fr\/wp-json\/wp\/v2\/product_tag?post=17296"},{"taxonomy":"custom_category","embeddable":true,"href":"https:\/\/www.inverseteams.com\/fr\/wp-json\/wp\/v2\/custom_category?post=17296"},{"taxonomy":"range","embeddable":true,"href":"https:\/\/www.inverseteams.com\/fr\/wp-json\/wp\/v2\/range?post=17296"}],"curies":[{"name":"wp","href":"https:\/\/api.w.org\/{rel}","templated":true}]}}