{"id":17292,"date":"2021-05-10T08:30:44","date_gmt":"2021-05-10T08:30:44","guid":{"rendered":"https:\/\/inverseteams.com\/?post_type=product&#038;p=17292"},"modified":"2026-02-25T09:16:26","modified_gmt":"2026-02-25T08:16:26","slug":"veste-cycliste-personnalisee-supra","status":"publish","type":"product","link":"https:\/\/www.inverseteams.com\/fr\/produit\/veste-cycliste-personnalisee-supra\/","title":{"rendered":"Veste cycliste personnalis\u00e9e SUPRA"},"content":{"rendered":"<p>Avec un poids plus \u00e9lev\u00e9 que les autres mod\u00e8les INVERSE, la veste cycliste AIR est id\u00e9ale pour le v\u00e9lo en temps de froid extr\u00eame. Elle combine 2 tissus diff\u00e9rents con\u00e7us pour vous prot\u00e9ger des intemp\u00e9ries et vous faire sentir \u00e0 l\u2019aise en p\u00e9dalant.<br \/>\nLe tissu AEROTECH est compos\u00e9 de 3 membranes. La couche ext\u00e9rieure agit comme une barri\u00e8re pour emp\u00eacher l\u2019eau de p\u00e9n\u00e9trer. La couche int\u00e9rieure aide \u00e0 \u00e9vacuer la sueur et \u00e0 maintenir la chaleur corporelle. Vous aurez la peau s\u00e8che et \u00e9viterez la surchauffe afin de pr\u00e9server vos performances.<br \/>\nLes zones lat\u00e9rales de la veste sont en tissu SPIRIT-THERMIQUE ; \u00e9lastiques elles s\u2019adaptent \u00e0 toutes les positions du v\u00e9lo sans opposer r\u00e9sistance.<br \/>\nLa forme anatomique du col s\u2019adapte \u00e0 votre position sur le v\u00e9lo sans vous g\u00eaner, tout en emp\u00eachant l\u2019entr\u00e9e d\u2019air.<br \/>\nLa veste de v\u00e9lo AIR combine diff\u00e9rentes technologies qui la maintiennent dans la position id\u00e9ale. Les poignets \u00e0 double \u00e9paisseur d\u00e9coup\u00e9s au laser, s\u2019adaptent parfaitement aux bras et emp\u00eachent l\u2019air d\u2019entrer. Ils sont cousus avec des coutures plates super r\u00e9sistantes. \u00c0 la taille, nous trouvons un surfilage qui ajuste au mieux le maillot. Il int\u00e8gre des lignes r\u00e9fl\u00e9chissantes de 360\u00ba qui augmentent votre s\u00e9curit\u00e9 en r\u00e9fl\u00e9chissant les lumi\u00e8res des autres v\u00e9hicules.<br \/>\nSur la zone lombaire nous trouvons 3 poches avec le nouveau syst\u00e8me s\u00e9curit\u00e9 ISP &#8211; Inverse Safe Pocket \u2013 vous permettant de stocker n\u2019importe quel objet sans crainte de le perdre ; profitez du v\u00e9lo sans soucis.<\/p>\n","protected":false},"excerpt":{"rendered":"<p>Avec un poids plus \u00e9lev\u00e9 que les autres mod\u00e8les INVERSE, la veste cycliste AIR est id\u00e9ale pour le v\u00e9lo en temps de froid extr\u00eame. Elle combine 2 tissus diff\u00e9rents con\u00e7us pour vous prot\u00e9ger des intemp\u00e9ries et vous faire sentir \u00e0 l\u2019aise en p\u00e9dalant.<br \/>\nLe tissu AEROTECH est compos\u00e9 de 3 membranes. La couche ext\u00e9rieure agit comme une barri\u00e8re pour emp\u00eacher l\u2019eau de p\u00e9n\u00e9trer. La couche int\u00e9rieure aide \u00e0 \u00e9vacuer la sueur et \u00e0 maintenir la chaleur corporelle. Vous aurez la peau s\u00e8che et \u00e9viterez la surchauffe afin de pr\u00e9server vos performances.<br \/>\nLes zones lat\u00e9rales de la veste sont en tissu SPIRIT-THERMIQUE ; \u00e9lastiques elles s\u2019adaptent \u00e0 toutes les positions du v\u00e9lo sans opposer r\u00e9sistance.<br \/>\nLa forme anatomique du col s\u2019adapte \u00e0 votre position sur le v\u00e9lo sans vous g\u00eaner, tout en emp\u00eachant l\u2019entr\u00e9e d\u2019air.<br \/>\nLa veste de v\u00e9lo AIR combine diff\u00e9rentes technologies qui la maintiennent dans la position id\u00e9ale. Les poignets \u00e0 double \u00e9paisseur d\u00e9coup\u00e9s au laser, s\u2019adaptent parfaitement aux bras et emp\u00eachent l\u2019air d\u2019entrer. Ils sont cousus avec des coutures plates super r\u00e9sistantes. \u00c0 la taille, nous trouvons un surfilage qui ajuste au mieux le maillot. Il int\u00e8gre des lignes r\u00e9fl\u00e9chissantes de 360\u00ba qui augmentent votre s\u00e9curit\u00e9 en r\u00e9fl\u00e9chissant les lumi\u00e8res des autres v\u00e9hicules.<br \/>\nSur la zone lombaire nous trouvons 3 poches avec le nouveau syst\u00e8me s\u00e9curit\u00e9 ISP &#8211; Inverse Safe Pocket \u2013 vous permettant de stocker n\u2019importe quel objet sans crainte de le perdre ; profitez du v\u00e9lo sans soucis.<\/p>\n","protected":false},"featured_media":277649,"comment_status":"closed","ping_status":"closed","template":"","meta":{"_acf_changed":false},"product_brand":[],"product_cat":[8305],"product_tag":[],"custom_category":[3349,3352,3400],"range":[2495],"class_list":{"0":"post-17292","1":"product","2":"type-product","3":"status-publish","4":"has-post-thumbnail","6":"product_cat-uncategorized-fr","7":"pa_climatologia-froid","8":"pa_climatologia-pluie","9":"pa_climatologia-vent-fr","10":"pa_deporte-cyclisme","11":"pa_genero-infantile-fr","12":"pa_genero-homme","13":"pa_genero-femme","14":"pa_patronaje-fit-fr","15":"pa_patronaje-regular-fr","16":"pa_tipo-de-prenda-veste","17":"custom_category-sport-fr","18":"custom_category-vetements-cyclisme-personnalises","19":"custom_category-veste-cycliste-personnalisee","20":"range-supra-fr","22":"first","23":"instock","24":"product-type-custom"},"acf":[],"yoast_head":"<!-- This site is optimized with the Yoast SEO plugin v27.3 - https:\/\/yoast.com\/product\/yoast-seo-wordpress\/ -->\n<title>Veste cycliste personnalis\u00e9e AIR<\/title>\n<meta name=\"description\" content=\"La veste cycliste personnalis\u00e9e AIR est id\u00e9ale pour faire du v\u00e9lo par temps extr\u00eamement froid. Livraison sous 4 semaines personnalis\u00e9e. Demandez un budget !\" \/>\n<meta name=\"robots\" content=\"index, follow, max-snippet:-1, max-image-preview:large, max-video-preview:-1\" \/>\n<link rel=\"canonical\" href=\"https:\/\/www.inverseteams.com\/fr\/produit\/veste-cycliste-personnalisee-supra\/\" \/>\n<meta property=\"og:locale\" content=\"fr_FR\" \/>\n<meta property=\"og:type\" content=\"article\" \/>\n<meta property=\"og:title\" content=\"Veste cycliste personnalis\u00e9e AIR\" \/>\n<meta property=\"og:description\" content=\"La veste cycliste personnalis\u00e9e AIR est id\u00e9ale pour faire du v\u00e9lo par temps extr\u00eamement froid. Livraison sous 4 semaines personnalis\u00e9e. Demandez un budget !\" \/>\n<meta property=\"og:url\" content=\"https:\/\/www.inverseteams.com\/fr\/produit\/veste-cycliste-personnalisee-supra\/\" \/>\n<meta property=\"og:site_name\" content=\"Inverseteams\" \/>\n<meta property=\"article:publisher\" content=\"https:\/\/www.facebook.com\/inverseteams\" \/>\n<meta property=\"article:modified_time\" content=\"2026-02-25T08:16:26+00:00\" \/>\n<meta property=\"og:image\" content=\"https:\/\/www.inverseteams.com\/wp-content\/uploads\/CHAQUETA-CICLISMO-SUPRA-INVERSE-1.png\" \/>\n\t<meta property=\"og:image:width\" content=\"1500\" \/>\n\t<meta property=\"og:image:height\" content=\"1612\" \/>\n\t<meta property=\"og:image:type\" content=\"image\/png\" \/>\n<meta name=\"twitter:card\" content=\"summary_large_image\" \/>\n<meta name=\"twitter:label1\" content=\"Dur\u00e9e de lecture estim\u00e9e\" \/>\n\t<meta name=\"twitter:data1\" content=\"2 minutes\" \/>\n<script type=\"application\/ld+json\" class=\"yoast-schema-graph\">{\"@context\":\"https:\\\/\\\/schema.org\",\"@graph\":[{\"@type\":\"WebPage\",\"@id\":\"https:\\\/\\\/www.inverseteams.com\\\/fr\\\/produit\\\/veste-cycliste-personnalisee-supra\\\/\",\"url\":\"https:\\\/\\\/www.inverseteams.com\\\/fr\\\/produit\\\/veste-cycliste-personnalisee-supra\\\/\",\"name\":\"Veste cycliste personnalis\u00e9e AIR\",\"isPartOf\":{\"@id\":\"https:\\\/\\\/www.inverseteams.com\\\/fr\\\/#website\"},\"primaryImageOfPage\":{\"@id\":\"https:\\\/\\\/www.inverseteams.com\\\/fr\\\/produit\\\/veste-cycliste-personnalisee-supra\\\/#primaryimage\"},\"image\":{\"@id\":\"https:\\\/\\\/www.inverseteams.com\\\/fr\\\/produit\\\/veste-cycliste-personnalisee-supra\\\/#primaryimage\"},\"thumbnailUrl\":\"https:\\\/\\\/www.inverseteams.com\\\/wp-content\\\/uploads\\\/CHAQUETA-CICLISMO-SUPRA-INVERSE-1.png\",\"datePublished\":\"2021-05-10T08:30:44+00:00\",\"dateModified\":\"2026-02-25T08:16:26+00:00\",\"description\":\"La veste cycliste personnalis\u00e9e AIR est id\u00e9ale pour faire du v\u00e9lo par temps extr\u00eamement froid. Livraison sous 4 semaines personnalis\u00e9e. Demandez un budget !\",\"breadcrumb\":{\"@id\":\"https:\\\/\\\/www.inverseteams.com\\\/fr\\\/produit\\\/veste-cycliste-personnalisee-supra\\\/#breadcrumb\"},\"inLanguage\":\"fr-FR\",\"potentialAction\":[{\"@type\":\"ReadAction\",\"target\":[\"https:\\\/\\\/www.inverseteams.com\\\/fr\\\/produit\\\/veste-cycliste-personnalisee-supra\\\/\"]}]},{\"@type\":\"ImageObject\",\"inLanguage\":\"fr-FR\",\"@id\":\"https:\\\/\\\/www.inverseteams.com\\\/fr\\\/produit\\\/veste-cycliste-personnalisee-supra\\\/#primaryimage\",\"url\":\"https:\\\/\\\/www.inverseteams.com\\\/wp-content\\\/uploads\\\/CHAQUETA-CICLISMO-SUPRA-INVERSE-1.png\",\"contentUrl\":\"https:\\\/\\\/www.inverseteams.com\\\/wp-content\\\/uploads\\\/CHAQUETA-CICLISMO-SUPRA-INVERSE-1.png\",\"width\":1500,\"height\":1612},{\"@type\":\"BreadcrumbList\",\"@id\":\"https:\\\/\\\/www.inverseteams.com\\\/fr\\\/produit\\\/veste-cycliste-personnalisee-supra\\\/#breadcrumb\",\"itemListElement\":[{\"@type\":\"ListItem\",\"position\":1,\"name\":\"Portada\",\"item\":\"https:\\\/\\\/www.inverseteams.com\\\/fr\\\/pagina-principal\\\/\"},{\"@type\":\"ListItem\",\"position\":2,\"name\":\"Panier\",\"item\":\"https:\\\/\\\/www.inverseteams.com\\\/fr\\\/panier\\\/\"},{\"@type\":\"ListItem\",\"position\":3,\"name\":\"Veste cycliste personnalis\u00e9e SUPRA\"}]},{\"@type\":\"WebSite\",\"@id\":\"https:\\\/\\\/www.inverseteams.com\\\/fr\\\/#website\",\"url\":\"https:\\\/\\\/www.inverseteams.com\\\/fr\\\/\",\"name\":\"Inverseteams\",\"description\":\"Tu marca de ropa deportiva personalizada\",\"publisher\":{\"@id\":\"https:\\\/\\\/www.inverseteams.com\\\/fr\\\/#organization\"},\"potentialAction\":[{\"@type\":\"SearchAction\",\"target\":{\"@type\":\"EntryPoint\",\"urlTemplate\":\"https:\\\/\\\/www.inverseteams.com\\\/fr\\\/?s={search_term_string}\"},\"query-input\":{\"@type\":\"PropertyValueSpecification\",\"valueRequired\":true,\"valueName\":\"search_term_string\"}}],\"inLanguage\":\"fr-FR\"},{\"@type\":\"Organization\",\"@id\":\"https:\\\/\\\/www.inverseteams.com\\\/fr\\\/#organization\",\"name\":\"Inverse Teams\",\"url\":\"https:\\\/\\\/www.inverseteams.com\\\/fr\\\/\",\"logo\":{\"@type\":\"ImageObject\",\"inLanguage\":\"fr-FR\",\"@id\":\"https:\\\/\\\/www.inverseteams.com\\\/fr\\\/#\\\/schema\\\/logo\\\/image\\\/\",\"url\":\"http:\\\/\\\/www.inverseteams.com\\\/wp-content\\\/uploads\\\/2021\\\/03\\\/logo-inverse-teams.png\",\"contentUrl\":\"http:\\\/\\\/www.inverseteams.com\\\/wp-content\\\/uploads\\\/2021\\\/03\\\/logo-inverse-teams.png\",\"width\":294,\"height\":99,\"caption\":\"Inverse Teams\"},\"image\":{\"@id\":\"https:\\\/\\\/www.inverseteams.com\\\/fr\\\/#\\\/schema\\\/logo\\\/image\\\/\"},\"sameAs\":[\"https:\\\/\\\/www.facebook.com\\\/inverseteams\",\"http:\\\/\\\/instagram.com\\\/inverseteams\",\"https:\\\/\\\/www.linkedin.com\\\/company\\\/inverse-cirosport-s-l-?trk=job_view_topcard_company_name\",\"http:\\\/\\\/www.pinterest.com\\\/inverseteams\\\/\",\"http:\\\/\\\/www.youtube.com\\\/user\\\/inverseteams?feature=watch\"]}]}<\/script>\n<!-- \/ Yoast SEO plugin. -->","yoast_head_json":{"title":"Veste cycliste personnalis\u00e9e AIR","description":"La veste cycliste personnalis\u00e9e AIR est id\u00e9ale pour faire du v\u00e9lo par temps extr\u00eamement froid. Livraison sous 4 semaines personnalis\u00e9e. Demandez un budget !","robots":{"index":"index","follow":"follow","max-snippet":"max-snippet:-1","max-image-preview":"max-image-preview:large","max-video-preview":"max-video-preview:-1"},"canonical":"https:\/\/www.inverseteams.com\/fr\/produit\/veste-cycliste-personnalisee-supra\/","og_locale":"fr_FR","og_type":"article","og_title":"Veste cycliste personnalis\u00e9e AIR","og_description":"La veste cycliste personnalis\u00e9e AIR est id\u00e9ale pour faire du v\u00e9lo par temps extr\u00eamement froid. Livraison sous 4 semaines personnalis\u00e9e. Demandez un budget !","og_url":"https:\/\/www.inverseteams.com\/fr\/produit\/veste-cycliste-personnalisee-supra\/","og_site_name":"Inverseteams","article_publisher":"https:\/\/www.facebook.com\/inverseteams","article_modified_time":"2026-02-25T08:16:26+00:00","og_image":[{"width":1500,"height":1612,"url":"https:\/\/www.inverseteams.com\/wp-content\/uploads\/CHAQUETA-CICLISMO-SUPRA-INVERSE-1.png","type":"image\/png"}],"twitter_card":"summary_large_image","twitter_misc":{"Dur\u00e9e de lecture estim\u00e9e":"2 minutes"},"schema":{"@context":"https:\/\/schema.org","@graph":[{"@type":"WebPage","@id":"https:\/\/www.inverseteams.com\/fr\/produit\/veste-cycliste-personnalisee-supra\/","url":"https:\/\/www.inverseteams.com\/fr\/produit\/veste-cycliste-personnalisee-supra\/","name":"Veste cycliste personnalis\u00e9e AIR","isPartOf":{"@id":"https:\/\/www.inverseteams.com\/fr\/#website"},"primaryImageOfPage":{"@id":"https:\/\/www.inverseteams.com\/fr\/produit\/veste-cycliste-personnalisee-supra\/#primaryimage"},"image":{"@id":"https:\/\/www.inverseteams.com\/fr\/produit\/veste-cycliste-personnalisee-supra\/#primaryimage"},"thumbnailUrl":"https:\/\/www.inverseteams.com\/wp-content\/uploads\/CHAQUETA-CICLISMO-SUPRA-INVERSE-1.png","datePublished":"2021-05-10T08:30:44+00:00","dateModified":"2026-02-25T08:16:26+00:00","description":"La veste cycliste personnalis\u00e9e AIR est id\u00e9ale pour faire du v\u00e9lo par temps extr\u00eamement froid. Livraison sous 4 semaines personnalis\u00e9e. Demandez un budget !","breadcrumb":{"@id":"https:\/\/www.inverseteams.com\/fr\/produit\/veste-cycliste-personnalisee-supra\/#breadcrumb"},"inLanguage":"fr-FR","potentialAction":[{"@type":"ReadAction","target":["https:\/\/www.inverseteams.com\/fr\/produit\/veste-cycliste-personnalisee-supra\/"]}]},{"@type":"ImageObject","inLanguage":"fr-FR","@id":"https:\/\/www.inverseteams.com\/fr\/produit\/veste-cycliste-personnalisee-supra\/#primaryimage","url":"https:\/\/www.inverseteams.com\/wp-content\/uploads\/CHAQUETA-CICLISMO-SUPRA-INVERSE-1.png","contentUrl":"https:\/\/www.inverseteams.com\/wp-content\/uploads\/CHAQUETA-CICLISMO-SUPRA-INVERSE-1.png","width":1500,"height":1612},{"@type":"BreadcrumbList","@id":"https:\/\/www.inverseteams.com\/fr\/produit\/veste-cycliste-personnalisee-supra\/#breadcrumb","itemListElement":[{"@type":"ListItem","position":1,"name":"Portada","item":"https:\/\/www.inverseteams.com\/fr\/pagina-principal\/"},{"@type":"ListItem","position":2,"name":"Panier","item":"https:\/\/www.inverseteams.com\/fr\/panier\/"},{"@type":"ListItem","position":3,"name":"Veste cycliste personnalis\u00e9e SUPRA"}]},{"@type":"WebSite","@id":"https:\/\/www.inverseteams.com\/fr\/#website","url":"https:\/\/www.inverseteams.com\/fr\/","name":"Inverseteams","description":"Tu marca de ropa deportiva personalizada","publisher":{"@id":"https:\/\/www.inverseteams.com\/fr\/#organization"},"potentialAction":[{"@type":"SearchAction","target":{"@type":"EntryPoint","urlTemplate":"https:\/\/www.inverseteams.com\/fr\/?s={search_term_string}"},"query-input":{"@type":"PropertyValueSpecification","valueRequired":true,"valueName":"search_term_string"}}],"inLanguage":"fr-FR"},{"@type":"Organization","@id":"https:\/\/www.inverseteams.com\/fr\/#organization","name":"Inverse Teams","url":"https:\/\/www.inverseteams.com\/fr\/","logo":{"@type":"ImageObject","inLanguage":"fr-FR","@id":"https:\/\/www.inverseteams.com\/fr\/#\/schema\/logo\/image\/","url":"https:\/\/www.inverseteams.com\/wp-content\/uploads\/2021\/03\/logo-inverse-teams.png","contentUrl":"https:\/\/www.inverseteams.com\/wp-content\/uploads\/2021\/03\/logo-inverse-teams.png","width":294,"height":99,"caption":"Inverse Teams"},"image":{"@id":"https:\/\/www.inverseteams.com\/fr\/#\/schema\/logo\/image\/"},"sameAs":["https:\/\/www.facebook.com\/inverseteams","http:\/\/instagram.com\/inverseteams","https:\/\/www.linkedin.com\/company\/inverse-cirosport-s-l-?trk=job_view_topcard_company_name","http:\/\/www.pinterest.com\/inverseteams\/","http:\/\/www.youtube.com\/user\/inverseteams?feature=watch"]}]}},"_links":{"self":[{"href":"https:\/\/www.inverseteams.com\/fr\/wp-json\/wp\/v2\/product\/17292","targetHints":{"allow":["GET"]}}],"collection":[{"href":"https:\/\/www.inverseteams.com\/fr\/wp-json\/wp\/v2\/product"}],"about":[{"href":"https:\/\/www.inverseteams.com\/fr\/wp-json\/wp\/v2\/types\/product"}],"replies":[{"embeddable":true,"href":"https:\/\/www.inverseteams.com\/fr\/wp-json\/wp\/v2\/comments?post=17292"}],"wp:featuredmedia":[{"embeddable":true,"href":"https:\/\/www.inverseteams.com\/fr\/wp-json\/wp\/v2\/media\/277649"}],"wp:attachment":[{"href":"https:\/\/www.inverseteams.com\/fr\/wp-json\/wp\/v2\/media?parent=17292"}],"wp:term":[{"taxonomy":"product_brand","embeddable":true,"href":"https:\/\/www.inverseteams.com\/fr\/wp-json\/wp\/v2\/product_brand?post=17292"},{"taxonomy":"product_cat","embeddable":true,"href":"https:\/\/www.inverseteams.com\/fr\/wp-json\/wp\/v2\/product_cat?post=17292"},{"taxonomy":"product_tag","embeddable":true,"href":"https:\/\/www.inverseteams.com\/fr\/wp-json\/wp\/v2\/product_tag?post=17292"},{"taxonomy":"custom_category","embeddable":true,"href":"https:\/\/www.inverseteams.com\/fr\/wp-json\/wp\/v2\/custom_category?post=17292"},{"taxonomy":"range","embeddable":true,"href":"https:\/\/www.inverseteams.com\/fr\/wp-json\/wp\/v2\/range?post=17292"}],"curies":[{"name":"wp","href":"https:\/\/api.w.org\/{rel}","templated":true}]}}