{"id":17287,"date":"2021-10-05T09:46:26","date_gmt":"2021-10-05T09:53:13","guid":{"rendered":"https:\/\/inverseteams.com\/?post_type=product&#038;p=17287"},"modified":"2024-12-13T11:46:42","modified_gmt":"2024-12-13T11:46:42","slug":"corsaire-velo-personnalise-tempus","status":"publish","type":"product","link":"https:\/\/www.inverseteams.com\/fr\/produit\/corsaire-velo-personnalise-tempus\/","title":{"rendered":"Corsaire v\u00e9lo personnalis\u00e9 TEMPUS"},"content":{"rendered":"<p>Son \u00e9lasticit\u00e9 et sa l\u00e9g\u00e8ret\u00e9 vous permettront une grande libert\u00e9 de mouvement. Il se caract\u00e9rise par une bonne compression musculaire. Ce corsaire parvient \u00e0 garder l\u2019acide lactique sous contr\u00f4le, retarde la fatigue musculaire et aide \u00e0 oxyg\u00e9ner le sang.<br \/>\nLe patron du corsaire v\u00e9lo est con\u00e7u pour s\u2019adapter parfaitement aux diff\u00e9rentes positions sur le v\u00e9lo sans opposer r\u00e9sistance. La structure de son tissu aide \u00e0 \u00e9vacuer la sueur \u00e0 l\u2019ext\u00e9rieur et maintient votre peau au sec, tout en conservant la chaleur du corps.<br \/>\nVous aurez la peau s\u00e8che et \u00e9viterez la surchauffe afin de pr\u00e9server vos performances.<br \/>\nLes bretelles plates microperfor\u00e9es vous aideront \u00e0 \u00e9vacuer rapidement la sueur. Celles-ci sont form\u00e9es par une pi\u00e8ce centrale et deux lat\u00e9rales qui distribuent correctement le poids pour \u00e9viter des blessures et vous permettre de longues s\u00e9ances de v\u00e9lo.<br \/>\n\u00c0 l\u2019extr\u00e9mit\u00e9 des jambes, ce corsaire a une bande \u00e9lastique microperfor\u00e9e recouverte \u00e0 l\u2019int\u00e9rieur d\u2019un grip en silicone hypoallerg\u00e9nique. Cela maintient la pi\u00e8ce solidement attach\u00e9e \u00e0 la jambe et mod\u00e8re la transpiration. \u00c0 l\u2019ext\u00e9rieur, il a des lignes r\u00e9fl\u00e9chissantes de 360\u00ba qui augmentent votre s\u00e9curit\u00e9 en r\u00e9fl\u00e9chissant les lumi\u00e8res des autres v\u00e9hicules.<\/p>\n","protected":false},"excerpt":{"rendered":"<p>Son \u00e9lasticit\u00e9 et sa l\u00e9g\u00e8ret\u00e9 vous permettront une grande libert\u00e9 de mouvement. Il se caract\u00e9rise par une bonne compression musculaire. Ce corsaire parvient \u00e0 garder l\u2019acide lactique sous contr\u00f4le, retarde la fatigue musculaire et aide \u00e0 oxyg\u00e9ner le sang.<br \/>\nLe patron du corsaire v\u00e9lo est con\u00e7u pour s\u2019adapter parfaitement aux diff\u00e9rentes positions sur le v\u00e9lo sans opposer r\u00e9sistance. La structure de son tissu aide \u00e0 \u00e9vacuer la sueur \u00e0 l\u2019ext\u00e9rieur et maintient votre peau au sec, tout en conservant la chaleur du corps.<br \/>\nVous aurez la peau s\u00e8che et \u00e9viterez la surchauffe afin de pr\u00e9server vos performances.<br \/>\nLes bretelles plates microperfor\u00e9es vous aideront \u00e0 \u00e9vacuer rapidement la sueur. Celles-ci sont form\u00e9es par une pi\u00e8ce centrale et deux lat\u00e9rales qui distribuent correctement le poids pour \u00e9viter des blessures et vous permettre de longues s\u00e9ances de v\u00e9lo.<br \/>\n\u00c0 l\u2019extr\u00e9mit\u00e9 des jambes, ce corsaire a une bande \u00e9lastique microperfor\u00e9e recouverte \u00e0 l\u2019int\u00e9rieur d\u2019un grip en silicone hypoallerg\u00e9nique. Cela maintient la pi\u00e8ce solidement attach\u00e9e \u00e0 la jambe et mod\u00e8re la transpiration. \u00c0 l\u2019ext\u00e9rieur, il a des lignes r\u00e9fl\u00e9chissantes de 360\u00ba qui augmentent votre s\u00e9curit\u00e9 en r\u00e9fl\u00e9chissant les lumi\u00e8res des autres v\u00e9hicules.<\/p>\n","protected":false},"featured_media":223834,"comment_status":"closed","ping_status":"closed","template":"","meta":{"_acf_changed":false},"product_brand":[],"product_cat":[8305],"product_tag":[],"custom_category":[3349,3352,3406],"range":[2494],"class_list":{"0":"post-17287","1":"product","2":"type-product","3":"status-publish","4":"has-post-thumbnail","6":"product_cat-uncategorized-fr","7":"pa_climatologia-froid","8":"pa_climatologia-temperature-chaude","9":"pa_deporte-cyclisme","10":"pa_genero-homme","11":"pa_genero-femme","12":"pa_genero-infantile-fr","13":"pa_patronaje-fit-fr","14":"pa_tipo-de-prenda-corsaire-velo","15":"custom_category-sport-fr","16":"custom_category-vetements-cyclisme-personnalises","17":"custom_category-cuissard-cyclisme-personnalise","18":"range-tempus-fr","20":"first","21":"instock","22":"product-type-custom"},"acf":[],"yoast_head":"<!-- This site is optimized with the Yoast SEO plugin v27.5 - https:\/\/yoast.com\/product\/yoast-seo-wordpress\/ -->\n<title>Corsaire v\u00e9lo personnalis\u00e9 TEMPUS<\/title>\n<meta name=\"description\" content=\"Corsarie v\u00e9lo personnalis\u00e9 TEMPUS. \u00c9lastique et l\u00e9ger. Bonne compression musculaire et parfaite adaptation. Livraison 4 semaines.Demandez un budget !\" \/>\n<meta name=\"robots\" content=\"index, follow, max-snippet:-1, max-image-preview:large, max-video-preview:-1\" \/>\n<link rel=\"canonical\" href=\"https:\/\/www.inverseteams.com\/fr\/produit\/corsaire-velo-personnalise-tempus\/\" \/>\n<meta property=\"og:locale\" content=\"fr_FR\" \/>\n<meta property=\"og:type\" content=\"article\" \/>\n<meta property=\"og:title\" content=\"Corsaire v\u00e9lo personnalis\u00e9 TEMPUS\" \/>\n<meta property=\"og:description\" content=\"Corsarie v\u00e9lo personnalis\u00e9 TEMPUS. \u00c9lastique et l\u00e9ger. Bonne compression musculaire et parfaite adaptation. Livraison 4 semaines.Demandez un budget !\" \/>\n<meta property=\"og:url\" content=\"https:\/\/www.inverseteams.com\/fr\/produit\/corsaire-velo-personnalise-tempus\/\" \/>\n<meta property=\"og:site_name\" content=\"Inverseteams\" \/>\n<meta property=\"article:publisher\" content=\"https:\/\/www.facebook.com\/inverseteams\" \/>\n<meta property=\"article:modified_time\" content=\"2024-12-13T11:46:42+00:00\" \/>\n<meta property=\"og:image\" content=\"https:\/\/www.inverseteams.com\/wp-content\/uploads\/PIRATA-CICLISMO-PERSONALIZADO-TEMPUS-1.jpg\" \/>\n\t<meta property=\"og:image:width\" content=\"1500\" \/>\n\t<meta property=\"og:image:height\" content=\"1612\" \/>\n\t<meta property=\"og:image:type\" content=\"image\/jpeg\" \/>\n<meta name=\"twitter:card\" content=\"summary_large_image\" \/>\n<meta name=\"twitter:label1\" content=\"Dur\u00e9e de lecture estim\u00e9e\" \/>\n\t<meta name=\"twitter:data1\" content=\"2 minutes\" \/>\n<script type=\"application\/ld+json\" class=\"yoast-schema-graph\">{\"@context\":\"https:\\\/\\\/schema.org\",\"@graph\":[{\"@type\":\"WebPage\",\"@id\":\"https:\\\/\\\/www.inverseteams.com\\\/fr\\\/produit\\\/corsaire-velo-personnalise-tempus\\\/\",\"url\":\"https:\\\/\\\/www.inverseteams.com\\\/fr\\\/produit\\\/corsaire-velo-personnalise-tempus\\\/\",\"name\":\"Corsaire v\u00e9lo personnalis\u00e9 TEMPUS\",\"isPartOf\":{\"@id\":\"https:\\\/\\\/www.inverseteams.com\\\/fr\\\/#website\"},\"primaryImageOfPage\":{\"@id\":\"https:\\\/\\\/www.inverseteams.com\\\/fr\\\/produit\\\/corsaire-velo-personnalise-tempus\\\/#primaryimage\"},\"image\":{\"@id\":\"https:\\\/\\\/www.inverseteams.com\\\/fr\\\/produit\\\/corsaire-velo-personnalise-tempus\\\/#primaryimage\"},\"thumbnailUrl\":\"https:\\\/\\\/www.inverseteams.com\\\/wp-content\\\/uploads\\\/PIRATA-CICLISMO-PERSONALIZADO-TEMPUS-1.jpg\",\"datePublished\":\"2021-10-05T09:53:13+00:00\",\"dateModified\":\"2024-12-13T11:46:42+00:00\",\"description\":\"Corsarie v\u00e9lo personnalis\u00e9 TEMPUS. \u00c9lastique et l\u00e9ger. Bonne compression musculaire et parfaite adaptation. Livraison 4 semaines.Demandez un budget !\",\"breadcrumb\":{\"@id\":\"https:\\\/\\\/www.inverseteams.com\\\/fr\\\/produit\\\/corsaire-velo-personnalise-tempus\\\/#breadcrumb\"},\"inLanguage\":\"fr-FR\",\"potentialAction\":[{\"@type\":\"ReadAction\",\"target\":[\"https:\\\/\\\/www.inverseteams.com\\\/fr\\\/produit\\\/corsaire-velo-personnalise-tempus\\\/\"]}]},{\"@type\":\"ImageObject\",\"inLanguage\":\"fr-FR\",\"@id\":\"https:\\\/\\\/www.inverseteams.com\\\/fr\\\/produit\\\/corsaire-velo-personnalise-tempus\\\/#primaryimage\",\"url\":\"https:\\\/\\\/www.inverseteams.com\\\/wp-content\\\/uploads\\\/PIRATA-CICLISMO-PERSONALIZADO-TEMPUS-1.jpg\",\"contentUrl\":\"https:\\\/\\\/www.inverseteams.com\\\/wp-content\\\/uploads\\\/PIRATA-CICLISMO-PERSONALIZADO-TEMPUS-1.jpg\",\"width\":1500,\"height\":1612,\"caption\":\"corsaire v\u00e9lo personnalis\u00e9\"},{\"@type\":\"BreadcrumbList\",\"@id\":\"https:\\\/\\\/www.inverseteams.com\\\/fr\\\/produit\\\/corsaire-velo-personnalise-tempus\\\/#breadcrumb\",\"itemListElement\":[{\"@type\":\"ListItem\",\"position\":1,\"name\":\"Portada\",\"item\":\"https:\\\/\\\/www.inverseteams.com\\\/fr\\\/pagina-principal\\\/\"},{\"@type\":\"ListItem\",\"position\":2,\"name\":\"Panier\",\"item\":\"https:\\\/\\\/www.inverseteams.com\\\/fr\\\/panier\\\/\"},{\"@type\":\"ListItem\",\"position\":3,\"name\":\"Corsaire v\u00e9lo personnalis\u00e9 TEMPUS\"}]},{\"@type\":\"WebSite\",\"@id\":\"https:\\\/\\\/www.inverseteams.com\\\/fr\\\/#website\",\"url\":\"https:\\\/\\\/www.inverseteams.com\\\/fr\\\/\",\"name\":\"Inverseteams\",\"description\":\"Tu marca de ropa deportiva personalizada\",\"publisher\":{\"@id\":\"https:\\\/\\\/www.inverseteams.com\\\/fr\\\/#organization\"},\"potentialAction\":[{\"@type\":\"SearchAction\",\"target\":{\"@type\":\"EntryPoint\",\"urlTemplate\":\"https:\\\/\\\/www.inverseteams.com\\\/fr\\\/?s={search_term_string}\"},\"query-input\":{\"@type\":\"PropertyValueSpecification\",\"valueRequired\":true,\"valueName\":\"search_term_string\"}}],\"inLanguage\":\"fr-FR\"},{\"@type\":\"Organization\",\"@id\":\"https:\\\/\\\/www.inverseteams.com\\\/fr\\\/#organization\",\"name\":\"Inverse Teams\",\"url\":\"https:\\\/\\\/www.inverseteams.com\\\/fr\\\/\",\"logo\":{\"@type\":\"ImageObject\",\"inLanguage\":\"fr-FR\",\"@id\":\"https:\\\/\\\/www.inverseteams.com\\\/fr\\\/#\\\/schema\\\/logo\\\/image\\\/\",\"url\":\"https:\\\/\\\/www.inverseteams.com\\\/wp-content\\\/uploads\\\/2021\\\/03\\\/logo-inverse-teams.png\",\"contentUrl\":\"https:\\\/\\\/www.inverseteams.com\\\/wp-content\\\/uploads\\\/2021\\\/03\\\/logo-inverse-teams.png\",\"width\":294,\"height\":99,\"caption\":\"Inverse Teams\"},\"image\":{\"@id\":\"https:\\\/\\\/www.inverseteams.com\\\/fr\\\/#\\\/schema\\\/logo\\\/image\\\/\"},\"sameAs\":[\"https:\\\/\\\/www.facebook.com\\\/inverseteams\",\"http:\\\/\\\/instagram.com\\\/inverseteams\",\"https:\\\/\\\/www.linkedin.com\\\/company\\\/inverse-cirosport-s-l-?trk=job_view_topcard_company_name\",\"http:\\\/\\\/www.pinterest.com\\\/inverseteams\\\/\",\"http:\\\/\\\/www.youtube.com\\\/user\\\/inverseteams?feature=watch\"]}]}<\/script>\n<!-- \/ Yoast SEO plugin. -->","yoast_head_json":{"title":"Corsaire v\u00e9lo personnalis\u00e9 TEMPUS","description":"Corsarie v\u00e9lo personnalis\u00e9 TEMPUS. \u00c9lastique et l\u00e9ger. Bonne compression musculaire et parfaite adaptation. Livraison 4 semaines.Demandez un budget !","robots":{"index":"index","follow":"follow","max-snippet":"max-snippet:-1","max-image-preview":"max-image-preview:large","max-video-preview":"max-video-preview:-1"},"canonical":"https:\/\/www.inverseteams.com\/fr\/produit\/corsaire-velo-personnalise-tempus\/","og_locale":"fr_FR","og_type":"article","og_title":"Corsaire v\u00e9lo personnalis\u00e9 TEMPUS","og_description":"Corsarie v\u00e9lo personnalis\u00e9 TEMPUS. \u00c9lastique et l\u00e9ger. Bonne compression musculaire et parfaite adaptation. Livraison 4 semaines.Demandez un budget !","og_url":"https:\/\/www.inverseteams.com\/fr\/produit\/corsaire-velo-personnalise-tempus\/","og_site_name":"Inverseteams","article_publisher":"https:\/\/www.facebook.com\/inverseteams","article_modified_time":"2024-12-13T11:46:42+00:00","og_image":[{"width":1500,"height":1612,"url":"https:\/\/www.inverseteams.com\/wp-content\/uploads\/PIRATA-CICLISMO-PERSONALIZADO-TEMPUS-1.jpg","type":"image\/jpeg"}],"twitter_card":"summary_large_image","twitter_misc":{"Dur\u00e9e de lecture estim\u00e9e":"2 minutes"},"schema":{"@context":"https:\/\/schema.org","@graph":[{"@type":"WebPage","@id":"https:\/\/www.inverseteams.com\/fr\/produit\/corsaire-velo-personnalise-tempus\/","url":"https:\/\/www.inverseteams.com\/fr\/produit\/corsaire-velo-personnalise-tempus\/","name":"Corsaire v\u00e9lo personnalis\u00e9 TEMPUS","isPartOf":{"@id":"https:\/\/www.inverseteams.com\/fr\/#website"},"primaryImageOfPage":{"@id":"https:\/\/www.inverseteams.com\/fr\/produit\/corsaire-velo-personnalise-tempus\/#primaryimage"},"image":{"@id":"https:\/\/www.inverseteams.com\/fr\/produit\/corsaire-velo-personnalise-tempus\/#primaryimage"},"thumbnailUrl":"https:\/\/www.inverseteams.com\/wp-content\/uploads\/PIRATA-CICLISMO-PERSONALIZADO-TEMPUS-1.jpg","datePublished":"2021-10-05T09:53:13+00:00","dateModified":"2024-12-13T11:46:42+00:00","description":"Corsarie v\u00e9lo personnalis\u00e9 TEMPUS. \u00c9lastique et l\u00e9ger. Bonne compression musculaire et parfaite adaptation. Livraison 4 semaines.Demandez un budget !","breadcrumb":{"@id":"https:\/\/www.inverseteams.com\/fr\/produit\/corsaire-velo-personnalise-tempus\/#breadcrumb"},"inLanguage":"fr-FR","potentialAction":[{"@type":"ReadAction","target":["https:\/\/www.inverseteams.com\/fr\/produit\/corsaire-velo-personnalise-tempus\/"]}]},{"@type":"ImageObject","inLanguage":"fr-FR","@id":"https:\/\/www.inverseteams.com\/fr\/produit\/corsaire-velo-personnalise-tempus\/#primaryimage","url":"https:\/\/www.inverseteams.com\/wp-content\/uploads\/PIRATA-CICLISMO-PERSONALIZADO-TEMPUS-1.jpg","contentUrl":"https:\/\/www.inverseteams.com\/wp-content\/uploads\/PIRATA-CICLISMO-PERSONALIZADO-TEMPUS-1.jpg","width":1500,"height":1612,"caption":"corsaire v\u00e9lo personnalis\u00e9"},{"@type":"BreadcrumbList","@id":"https:\/\/www.inverseteams.com\/fr\/produit\/corsaire-velo-personnalise-tempus\/#breadcrumb","itemListElement":[{"@type":"ListItem","position":1,"name":"Portada","item":"https:\/\/www.inverseteams.com\/fr\/pagina-principal\/"},{"@type":"ListItem","position":2,"name":"Panier","item":"https:\/\/www.inverseteams.com\/fr\/panier\/"},{"@type":"ListItem","position":3,"name":"Corsaire v\u00e9lo personnalis\u00e9 TEMPUS"}]},{"@type":"WebSite","@id":"https:\/\/www.inverseteams.com\/fr\/#website","url":"https:\/\/www.inverseteams.com\/fr\/","name":"Inverseteams","description":"Tu marca de ropa deportiva personalizada","publisher":{"@id":"https:\/\/www.inverseteams.com\/fr\/#organization"},"potentialAction":[{"@type":"SearchAction","target":{"@type":"EntryPoint","urlTemplate":"https:\/\/www.inverseteams.com\/fr\/?s={search_term_string}"},"query-input":{"@type":"PropertyValueSpecification","valueRequired":true,"valueName":"search_term_string"}}],"inLanguage":"fr-FR"},{"@type":"Organization","@id":"https:\/\/www.inverseteams.com\/fr\/#organization","name":"Inverse Teams","url":"https:\/\/www.inverseteams.com\/fr\/","logo":{"@type":"ImageObject","inLanguage":"fr-FR","@id":"https:\/\/www.inverseteams.com\/fr\/#\/schema\/logo\/image\/","url":"https:\/\/www.inverseteams.com\/wp-content\/uploads\/2021\/03\/logo-inverse-teams.png","contentUrl":"https:\/\/www.inverseteams.com\/wp-content\/uploads\/2021\/03\/logo-inverse-teams.png","width":294,"height":99,"caption":"Inverse Teams"},"image":{"@id":"https:\/\/www.inverseteams.com\/fr\/#\/schema\/logo\/image\/"},"sameAs":["https:\/\/www.facebook.com\/inverseteams","http:\/\/instagram.com\/inverseteams","https:\/\/www.linkedin.com\/company\/inverse-cirosport-s-l-?trk=job_view_topcard_company_name","http:\/\/www.pinterest.com\/inverseteams\/","http:\/\/www.youtube.com\/user\/inverseteams?feature=watch"]}]}},"_links":{"self":[{"href":"https:\/\/www.inverseteams.com\/fr\/wp-json\/wp\/v2\/product\/17287","targetHints":{"allow":["GET"]}}],"collection":[{"href":"https:\/\/www.inverseteams.com\/fr\/wp-json\/wp\/v2\/product"}],"about":[{"href":"https:\/\/www.inverseteams.com\/fr\/wp-json\/wp\/v2\/types\/product"}],"replies":[{"embeddable":true,"href":"https:\/\/www.inverseteams.com\/fr\/wp-json\/wp\/v2\/comments?post=17287"}],"wp:featuredmedia":[{"embeddable":true,"href":"https:\/\/www.inverseteams.com\/fr\/wp-json\/wp\/v2\/media\/223834"}],"wp:attachment":[{"href":"https:\/\/www.inverseteams.com\/fr\/wp-json\/wp\/v2\/media?parent=17287"}],"wp:term":[{"taxonomy":"product_brand","embeddable":true,"href":"https:\/\/www.inverseteams.com\/fr\/wp-json\/wp\/v2\/product_brand?post=17287"},{"taxonomy":"product_cat","embeddable":true,"href":"https:\/\/www.inverseteams.com\/fr\/wp-json\/wp\/v2\/product_cat?post=17287"},{"taxonomy":"product_tag","embeddable":true,"href":"https:\/\/www.inverseteams.com\/fr\/wp-json\/wp\/v2\/product_tag?post=17287"},{"taxonomy":"custom_category","embeddable":true,"href":"https:\/\/www.inverseteams.com\/fr\/wp-json\/wp\/v2\/custom_category?post=17287"},{"taxonomy":"range","embeddable":true,"href":"https:\/\/www.inverseteams.com\/fr\/wp-json\/wp\/v2\/range?post=17287"}],"curies":[{"name":"wp","href":"https:\/\/api.w.org\/{rel}","templated":true}]}}