{"id":17284,"date":"2021-05-10T08:30:31","date_gmt":"2021-05-10T09:14:46","guid":{"rendered":"https:\/\/inverseteams.com\/?post_type=product&#038;p=17284"},"modified":"2024-12-13T10:09:32","modified_gmt":"2024-12-13T10:09:32","slug":"veste-cycliste-personnalisee-tempus","status":"publish","type":"product","link":"https:\/\/www.inverseteams.com\/fr\/produit\/veste-cycliste-personnalisee-tempus\/","title":{"rendered":"Veste cycliste personnalis\u00e9e TEMPUS"},"content":{"rendered":"<p>Cette veste est parfaite pour vous prot\u00e9ger du froid et de la pluie. Pour cela ce mod\u00e8le TEMPUS est fabriqu\u00e9 avec 2 tissus diff\u00e9rents :<br \/>\nLe tissu AEROTECH, qui est compos\u00e9 de 3 membranes. La couche ext\u00e9rieure agit comme une barri\u00e8re pour emp\u00eacher l\u2019eau de p\u00e9n\u00e9trer. La couche int\u00e9rieure aide \u00e0 \u00e9vacuer la sueur et \u00e0 maintenir la chaleur corporelle. Vous aurez la peau s\u00e8che et \u00e9viterez la surchauffe afin de pr\u00e9server vos performances<br \/>\nLes zones lat\u00e9rales sont en tissu SPIRIT-THERMIQUE ; \u00e9lastiques elles s\u2019adaptent \u00e0 toutes les positions du v\u00e9lo sans opposer r\u00e9sistance.<br \/>\nLa forme anatomique du col s\u2019adapte \u00e0 votre position sur le v\u00e9lo sans vous g\u00eaner, tout en emp\u00eachant l\u2019entr\u00e9e d\u2019air. La veste cycliste TEMPUS combine diff\u00e9rentes technologies qui la maintiennent dans la position id\u00e9ale. Les poignets \u00e0 double \u00e9paisseur d\u00e9coup\u00e9s au laser, s\u2019adaptent parfaitement aux bras et emp\u00eachent l\u2019air d\u2019entrer. Ils sont cousus avec des coutures plates super r\u00e9sistantes. La taille est entour\u00e9e d\u2019un surfilage qui ajuste au mieux le maillot. Il int\u00e8gre des lignes r\u00e9fl\u00e9chissantes de 360\u00ba, qui augmentent votre s\u00e9curit\u00e9 en r\u00e9fl\u00e9chissant les lumi\u00e8res des autres v\u00e9hicules.<br \/>\nSur la zone lombaire nous trouvons 3 poches avec le nouveau syst\u00e8me s\u00e9curit\u00e9 ISP &#8211; Inverse Safe Pocket \u2013 vous permettant de stocker n\u2019importe quel objet sans crainte de le perdre ; profitez du v\u00e9lo sans soucis.<\/p>\n","protected":false},"excerpt":{"rendered":"<p>Cette veste est parfaite pour vous prot\u00e9ger du froid et de la pluie. Pour cela ce mod\u00e8le TEMPUS est fabriqu\u00e9 avec 2 tissus diff\u00e9rents :<br \/>\nLe tissu AEROTECH, qui est compos\u00e9 de 3 membranes. La couche ext\u00e9rieure agit comme une barri\u00e8re pour emp\u00eacher l\u2019eau de p\u00e9n\u00e9trer. La couche int\u00e9rieure aide \u00e0 \u00e9vacuer la sueur et \u00e0 maintenir la chaleur corporelle. Vous aurez la peau s\u00e8che et \u00e9viterez la surchauffe afin de pr\u00e9server vos performances<br \/>\nLes zones lat\u00e9rales sont en tissu SPIRIT-THERMIQUE ; \u00e9lastiques elles s\u2019adaptent \u00e0 toutes les positions du v\u00e9lo sans opposer r\u00e9sistance.<br \/>\nLa forme anatomique du col s\u2019adapte \u00e0 votre position sur le v\u00e9lo sans vous g\u00eaner, tout en emp\u00eachant l\u2019entr\u00e9e d\u2019air. La veste cycliste TEMPUS combine diff\u00e9rentes technologies qui la maintiennent dans la position id\u00e9ale. Les poignets \u00e0 double \u00e9paisseur d\u00e9coup\u00e9s au laser, s\u2019adaptent parfaitement aux bras et emp\u00eachent l\u2019air d\u2019entrer. Ils sont cousus avec des coutures plates super r\u00e9sistantes. La taille est entour\u00e9e d\u2019un surfilage qui ajuste au mieux le maillot. Il int\u00e8gre des lignes r\u00e9fl\u00e9chissantes de 360\u00ba, qui augmentent votre s\u00e9curit\u00e9 en r\u00e9fl\u00e9chissant les lumi\u00e8res des autres v\u00e9hicules.<br \/>\nSur la zone lombaire nous trouvons 3 poches avec le nouveau syst\u00e8me s\u00e9curit\u00e9 ISP &#8211; Inverse Safe Pocket \u2013 vous permettant de stocker n\u2019importe quel objet sans crainte de le perdre ; profitez du v\u00e9lo sans soucis.<\/p>\n","protected":false},"featured_media":223804,"comment_status":"closed","ping_status":"closed","template":"","meta":{"_acf_changed":false},"product_brand":[],"product_cat":[8305],"product_tag":[],"custom_category":[3349,3352,3400],"range":[2494],"class_list":{"0":"post-17284","1":"product","2":"type-product","3":"status-publish","4":"has-post-thumbnail","6":"product_cat-uncategorized-fr","7":"pa_climatologia-froid","8":"pa_climatologia-pluie","9":"pa_climatologia-vent-fr","10":"pa_deporte-cyclisme","11":"pa_genero-homme","12":"pa_genero-femme","13":"pa_genero-infantile-fr","14":"pa_patronaje-fit-fr","15":"pa_patronaje-regular-fr","16":"pa_tipo-de-prenda-veste","17":"custom_category-sport-fr","18":"custom_category-vetements-cyclisme-personnalises","19":"custom_category-veste-cycliste-personnalisee","20":"range-tempus-fr","22":"first","23":"instock","24":"product-type-custom"},"acf":[],"yoast_head":"<!-- This site is optimized with the Yoast SEO plugin v27.5 - https:\/\/yoast.com\/product\/yoast-seo-wordpress\/ -->\n<title>Veste cycliste personnalis\u00e9e TEMPUS<\/title>\n<meta name=\"description\" content=\"Veste cycliste personnalis\u00e9e. Avec 2 tissus diff\u00e9rents, c&#039;est parfait pour vous prot\u00e9ger du froid et de la pluie. Livraison sous 4 semaines.Demandez un budget !\" \/>\n<meta name=\"robots\" content=\"index, follow, max-snippet:-1, max-image-preview:large, max-video-preview:-1\" \/>\n<link rel=\"canonical\" href=\"https:\/\/www.inverseteams.com\/fr\/produit\/veste-cycliste-personnalisee-tempus\/\" \/>\n<meta property=\"og:locale\" content=\"fr_FR\" \/>\n<meta property=\"og:type\" content=\"article\" \/>\n<meta property=\"og:title\" content=\"Veste cycliste personnalis\u00e9e TEMPUS\" \/>\n<meta property=\"og:description\" content=\"Veste cycliste personnalis\u00e9e. Avec 2 tissus diff\u00e9rents, c&#039;est parfait pour vous prot\u00e9ger du froid et de la pluie. Livraison sous 4 semaines.Demandez un budget !\" \/>\n<meta property=\"og:url\" content=\"https:\/\/www.inverseteams.com\/fr\/produit\/veste-cycliste-personnalisee-tempus\/\" \/>\n<meta property=\"og:site_name\" content=\"Inverseteams\" \/>\n<meta property=\"article:publisher\" content=\"https:\/\/www.facebook.com\/inverseteams\" \/>\n<meta property=\"article:modified_time\" content=\"2024-12-13T10:09:32+00:00\" \/>\n<meta property=\"og:image\" content=\"https:\/\/www.inverseteams.com\/wp-content\/uploads\/CHAQUETA-MEMBRANA-PERSONALIZADA-TEMPUS-1.jpg\" \/>\n\t<meta property=\"og:image:width\" content=\"1500\" \/>\n\t<meta property=\"og:image:height\" content=\"1612\" \/>\n\t<meta property=\"og:image:type\" content=\"image\/jpeg\" \/>\n<meta name=\"twitter:card\" content=\"summary_large_image\" \/>\n<meta name=\"twitter:label1\" content=\"Dur\u00e9e de lecture estim\u00e9e\" \/>\n\t<meta name=\"twitter:data1\" content=\"2 minutes\" \/>\n<script type=\"application\/ld+json\" class=\"yoast-schema-graph\">{\"@context\":\"https:\\\/\\\/schema.org\",\"@graph\":[{\"@type\":\"WebPage\",\"@id\":\"https:\\\/\\\/www.inverseteams.com\\\/fr\\\/produit\\\/veste-cycliste-personnalisee-tempus\\\/\",\"url\":\"https:\\\/\\\/www.inverseteams.com\\\/fr\\\/produit\\\/veste-cycliste-personnalisee-tempus\\\/\",\"name\":\"Veste cycliste personnalis\u00e9e TEMPUS\",\"isPartOf\":{\"@id\":\"https:\\\/\\\/www.inverseteams.com\\\/fr\\\/#website\"},\"primaryImageOfPage\":{\"@id\":\"https:\\\/\\\/www.inverseteams.com\\\/fr\\\/produit\\\/veste-cycliste-personnalisee-tempus\\\/#primaryimage\"},\"image\":{\"@id\":\"https:\\\/\\\/www.inverseteams.com\\\/fr\\\/produit\\\/veste-cycliste-personnalisee-tempus\\\/#primaryimage\"},\"thumbnailUrl\":\"https:\\\/\\\/www.inverseteams.com\\\/wp-content\\\/uploads\\\/CHAQUETA-MEMBRANA-PERSONALIZADA-TEMPUS-1.jpg\",\"datePublished\":\"2021-05-10T09:14:46+00:00\",\"dateModified\":\"2024-12-13T10:09:32+00:00\",\"description\":\"Veste cycliste personnalis\u00e9e. Avec 2 tissus diff\u00e9rents, c'est parfait pour vous prot\u00e9ger du froid et de la pluie. Livraison sous 4 semaines.Demandez un budget !\",\"breadcrumb\":{\"@id\":\"https:\\\/\\\/www.inverseteams.com\\\/fr\\\/produit\\\/veste-cycliste-personnalisee-tempus\\\/#breadcrumb\"},\"inLanguage\":\"fr-FR\",\"potentialAction\":[{\"@type\":\"ReadAction\",\"target\":[\"https:\\\/\\\/www.inverseteams.com\\\/fr\\\/produit\\\/veste-cycliste-personnalisee-tempus\\\/\"]}]},{\"@type\":\"ImageObject\",\"inLanguage\":\"fr-FR\",\"@id\":\"https:\\\/\\\/www.inverseteams.com\\\/fr\\\/produit\\\/veste-cycliste-personnalisee-tempus\\\/#primaryimage\",\"url\":\"https:\\\/\\\/www.inverseteams.com\\\/wp-content\\\/uploads\\\/CHAQUETA-MEMBRANA-PERSONALIZADA-TEMPUS-1.jpg\",\"contentUrl\":\"https:\\\/\\\/www.inverseteams.com\\\/wp-content\\\/uploads\\\/CHAQUETA-MEMBRANA-PERSONALIZADA-TEMPUS-1.jpg\",\"width\":1500,\"height\":1612,\"caption\":\"custom cycling jacket\"},{\"@type\":\"BreadcrumbList\",\"@id\":\"https:\\\/\\\/www.inverseteams.com\\\/fr\\\/produit\\\/veste-cycliste-personnalisee-tempus\\\/#breadcrumb\",\"itemListElement\":[{\"@type\":\"ListItem\",\"position\":1,\"name\":\"Portada\",\"item\":\"https:\\\/\\\/www.inverseteams.com\\\/fr\\\/pagina-principal\\\/\"},{\"@type\":\"ListItem\",\"position\":2,\"name\":\"Panier\",\"item\":\"https:\\\/\\\/www.inverseteams.com\\\/fr\\\/panier\\\/\"},{\"@type\":\"ListItem\",\"position\":3,\"name\":\"Veste cycliste personnalis\u00e9e TEMPUS\"}]},{\"@type\":\"WebSite\",\"@id\":\"https:\\\/\\\/www.inverseteams.com\\\/fr\\\/#website\",\"url\":\"https:\\\/\\\/www.inverseteams.com\\\/fr\\\/\",\"name\":\"Inverseteams\",\"description\":\"Tu marca de ropa deportiva personalizada\",\"publisher\":{\"@id\":\"https:\\\/\\\/www.inverseteams.com\\\/fr\\\/#organization\"},\"potentialAction\":[{\"@type\":\"SearchAction\",\"target\":{\"@type\":\"EntryPoint\",\"urlTemplate\":\"https:\\\/\\\/www.inverseteams.com\\\/fr\\\/?s={search_term_string}\"},\"query-input\":{\"@type\":\"PropertyValueSpecification\",\"valueRequired\":true,\"valueName\":\"search_term_string\"}}],\"inLanguage\":\"fr-FR\"},{\"@type\":\"Organization\",\"@id\":\"https:\\\/\\\/www.inverseteams.com\\\/fr\\\/#organization\",\"name\":\"Inverse Teams\",\"url\":\"https:\\\/\\\/www.inverseteams.com\\\/fr\\\/\",\"logo\":{\"@type\":\"ImageObject\",\"inLanguage\":\"fr-FR\",\"@id\":\"https:\\\/\\\/www.inverseteams.com\\\/fr\\\/#\\\/schema\\\/logo\\\/image\\\/\",\"url\":\"https:\\\/\\\/www.inverseteams.com\\\/wp-content\\\/uploads\\\/2021\\\/03\\\/logo-inverse-teams.png\",\"contentUrl\":\"https:\\\/\\\/www.inverseteams.com\\\/wp-content\\\/uploads\\\/2021\\\/03\\\/logo-inverse-teams.png\",\"width\":294,\"height\":99,\"caption\":\"Inverse Teams\"},\"image\":{\"@id\":\"https:\\\/\\\/www.inverseteams.com\\\/fr\\\/#\\\/schema\\\/logo\\\/image\\\/\"},\"sameAs\":[\"https:\\\/\\\/www.facebook.com\\\/inverseteams\",\"http:\\\/\\\/instagram.com\\\/inverseteams\",\"https:\\\/\\\/www.linkedin.com\\\/company\\\/inverse-cirosport-s-l-?trk=job_view_topcard_company_name\",\"http:\\\/\\\/www.pinterest.com\\\/inverseteams\\\/\",\"http:\\\/\\\/www.youtube.com\\\/user\\\/inverseteams?feature=watch\"]}]}<\/script>\n<!-- \/ Yoast SEO plugin. -->","yoast_head_json":{"title":"Veste cycliste personnalis\u00e9e TEMPUS","description":"Veste cycliste personnalis\u00e9e. Avec 2 tissus diff\u00e9rents, c'est parfait pour vous prot\u00e9ger du froid et de la pluie. Livraison sous 4 semaines.Demandez un budget !","robots":{"index":"index","follow":"follow","max-snippet":"max-snippet:-1","max-image-preview":"max-image-preview:large","max-video-preview":"max-video-preview:-1"},"canonical":"https:\/\/www.inverseteams.com\/fr\/produit\/veste-cycliste-personnalisee-tempus\/","og_locale":"fr_FR","og_type":"article","og_title":"Veste cycliste personnalis\u00e9e TEMPUS","og_description":"Veste cycliste personnalis\u00e9e. Avec 2 tissus diff\u00e9rents, c'est parfait pour vous prot\u00e9ger du froid et de la pluie. Livraison sous 4 semaines.Demandez un budget !","og_url":"https:\/\/www.inverseteams.com\/fr\/produit\/veste-cycliste-personnalisee-tempus\/","og_site_name":"Inverseteams","article_publisher":"https:\/\/www.facebook.com\/inverseteams","article_modified_time":"2024-12-13T10:09:32+00:00","og_image":[{"width":1500,"height":1612,"url":"https:\/\/www.inverseteams.com\/wp-content\/uploads\/CHAQUETA-MEMBRANA-PERSONALIZADA-TEMPUS-1.jpg","type":"image\/jpeg"}],"twitter_card":"summary_large_image","twitter_misc":{"Dur\u00e9e de lecture estim\u00e9e":"2 minutes"},"schema":{"@context":"https:\/\/schema.org","@graph":[{"@type":"WebPage","@id":"https:\/\/www.inverseteams.com\/fr\/produit\/veste-cycliste-personnalisee-tempus\/","url":"https:\/\/www.inverseteams.com\/fr\/produit\/veste-cycliste-personnalisee-tempus\/","name":"Veste cycliste personnalis\u00e9e TEMPUS","isPartOf":{"@id":"https:\/\/www.inverseteams.com\/fr\/#website"},"primaryImageOfPage":{"@id":"https:\/\/www.inverseteams.com\/fr\/produit\/veste-cycliste-personnalisee-tempus\/#primaryimage"},"image":{"@id":"https:\/\/www.inverseteams.com\/fr\/produit\/veste-cycliste-personnalisee-tempus\/#primaryimage"},"thumbnailUrl":"https:\/\/www.inverseteams.com\/wp-content\/uploads\/CHAQUETA-MEMBRANA-PERSONALIZADA-TEMPUS-1.jpg","datePublished":"2021-05-10T09:14:46+00:00","dateModified":"2024-12-13T10:09:32+00:00","description":"Veste cycliste personnalis\u00e9e. Avec 2 tissus diff\u00e9rents, c'est parfait pour vous prot\u00e9ger du froid et de la pluie. Livraison sous 4 semaines.Demandez un budget !","breadcrumb":{"@id":"https:\/\/www.inverseteams.com\/fr\/produit\/veste-cycliste-personnalisee-tempus\/#breadcrumb"},"inLanguage":"fr-FR","potentialAction":[{"@type":"ReadAction","target":["https:\/\/www.inverseteams.com\/fr\/produit\/veste-cycliste-personnalisee-tempus\/"]}]},{"@type":"ImageObject","inLanguage":"fr-FR","@id":"https:\/\/www.inverseteams.com\/fr\/produit\/veste-cycliste-personnalisee-tempus\/#primaryimage","url":"https:\/\/www.inverseteams.com\/wp-content\/uploads\/CHAQUETA-MEMBRANA-PERSONALIZADA-TEMPUS-1.jpg","contentUrl":"https:\/\/www.inverseteams.com\/wp-content\/uploads\/CHAQUETA-MEMBRANA-PERSONALIZADA-TEMPUS-1.jpg","width":1500,"height":1612,"caption":"custom cycling jacket"},{"@type":"BreadcrumbList","@id":"https:\/\/www.inverseteams.com\/fr\/produit\/veste-cycliste-personnalisee-tempus\/#breadcrumb","itemListElement":[{"@type":"ListItem","position":1,"name":"Portada","item":"https:\/\/www.inverseteams.com\/fr\/pagina-principal\/"},{"@type":"ListItem","position":2,"name":"Panier","item":"https:\/\/www.inverseteams.com\/fr\/panier\/"},{"@type":"ListItem","position":3,"name":"Veste cycliste personnalis\u00e9e TEMPUS"}]},{"@type":"WebSite","@id":"https:\/\/www.inverseteams.com\/fr\/#website","url":"https:\/\/www.inverseteams.com\/fr\/","name":"Inverseteams","description":"Tu marca de ropa deportiva personalizada","publisher":{"@id":"https:\/\/www.inverseteams.com\/fr\/#organization"},"potentialAction":[{"@type":"SearchAction","target":{"@type":"EntryPoint","urlTemplate":"https:\/\/www.inverseteams.com\/fr\/?s={search_term_string}"},"query-input":{"@type":"PropertyValueSpecification","valueRequired":true,"valueName":"search_term_string"}}],"inLanguage":"fr-FR"},{"@type":"Organization","@id":"https:\/\/www.inverseteams.com\/fr\/#organization","name":"Inverse Teams","url":"https:\/\/www.inverseteams.com\/fr\/","logo":{"@type":"ImageObject","inLanguage":"fr-FR","@id":"https:\/\/www.inverseteams.com\/fr\/#\/schema\/logo\/image\/","url":"https:\/\/www.inverseteams.com\/wp-content\/uploads\/2021\/03\/logo-inverse-teams.png","contentUrl":"https:\/\/www.inverseteams.com\/wp-content\/uploads\/2021\/03\/logo-inverse-teams.png","width":294,"height":99,"caption":"Inverse Teams"},"image":{"@id":"https:\/\/www.inverseteams.com\/fr\/#\/schema\/logo\/image\/"},"sameAs":["https:\/\/www.facebook.com\/inverseteams","http:\/\/instagram.com\/inverseteams","https:\/\/www.linkedin.com\/company\/inverse-cirosport-s-l-?trk=job_view_topcard_company_name","http:\/\/www.pinterest.com\/inverseteams\/","http:\/\/www.youtube.com\/user\/inverseteams?feature=watch"]}]}},"_links":{"self":[{"href":"https:\/\/www.inverseteams.com\/fr\/wp-json\/wp\/v2\/product\/17284","targetHints":{"allow":["GET"]}}],"collection":[{"href":"https:\/\/www.inverseteams.com\/fr\/wp-json\/wp\/v2\/product"}],"about":[{"href":"https:\/\/www.inverseteams.com\/fr\/wp-json\/wp\/v2\/types\/product"}],"replies":[{"embeddable":true,"href":"https:\/\/www.inverseteams.com\/fr\/wp-json\/wp\/v2\/comments?post=17284"}],"wp:featuredmedia":[{"embeddable":true,"href":"https:\/\/www.inverseteams.com\/fr\/wp-json\/wp\/v2\/media\/223804"}],"wp:attachment":[{"href":"https:\/\/www.inverseteams.com\/fr\/wp-json\/wp\/v2\/media?parent=17284"}],"wp:term":[{"taxonomy":"product_brand","embeddable":true,"href":"https:\/\/www.inverseteams.com\/fr\/wp-json\/wp\/v2\/product_brand?post=17284"},{"taxonomy":"product_cat","embeddable":true,"href":"https:\/\/www.inverseteams.com\/fr\/wp-json\/wp\/v2\/product_cat?post=17284"},{"taxonomy":"product_tag","embeddable":true,"href":"https:\/\/www.inverseteams.com\/fr\/wp-json\/wp\/v2\/product_tag?post=17284"},{"taxonomy":"custom_category","embeddable":true,"href":"https:\/\/www.inverseteams.com\/fr\/wp-json\/wp\/v2\/custom_category?post=17284"},{"taxonomy":"range","embeddable":true,"href":"https:\/\/www.inverseteams.com\/fr\/wp-json\/wp\/v2\/range?post=17284"}],"curies":[{"name":"wp","href":"https:\/\/api.w.org\/{rel}","templated":true}]}}