{"id":17276,"date":"2021-10-05T09:46:42","date_gmt":"2021-10-05T09:53:22","guid":{"rendered":"https:\/\/inverseteams.com\/?post_type=product&#038;p=17276"},"modified":"2024-12-12T12:16:07","modified_gmt":"2024-12-12T12:16:07","slug":"combinaison-cyclisme-personnalisee-manche-courte-kairos","status":"publish","type":"product","link":"https:\/\/www.inverseteams.com\/fr\/produit\/combinaison-cyclisme-personnalisee-manche-courte-kairos\/","title":{"rendered":"Combinaison cyclisme personnalis\u00e9e manche courte KAIROS"},"content":{"rendered":"<p>L\u2019\u00e9lasticit\u00e9 des tissus et la forme anatomique de toutes ses pi\u00e8ces permettent \u00e0 la combinaison cyclisme KAIROS de s\u2019adapter \u00e0 vos diverses positions sur le v\u00e9lo et \u00e9vite l\u2019entr\u00e9e d\u2019air.<br \/>\nCes pi\u00e8ces sont cousues avec des coutures plates super r\u00e9sistantes qui participent d\u2019un design plus attrayant.<br \/>\nEn bout des jambes, il y a des bandes \u00e9lastiques microperfor\u00e9es recouvertes \u00e0 l\u2019int\u00e9rieur d\u2019un grip en silicone hypoallerg\u00e9nique. Cela maintient la pi\u00e8ce solidement attach\u00e9e \u00e0 la jambe et mod\u00e8re la transpiration. Les bouts des manches, d\u00e9coup\u00e9es au laser, ont aussi \u00e0 l\u2019int\u00e9rieur des points de silicone hypoallerg\u00e9niques, qui am\u00e9liorent l\u2019attache au bras.<br \/>\n\u00c0 l\u2019ext\u00e9rieur, il y a des lignes r\u00e9fl\u00e9chissantes de 360\u00ba qui augmentent votre s\u00e9curit\u00e9 en r\u00e9fl\u00e9chissant les lumi\u00e8res des autres v\u00e9hicules.<\/p>\n","protected":false},"excerpt":{"rendered":"<p>L\u2019\u00e9lasticit\u00e9 des tissus et la forme anatomique de toutes ses pi\u00e8ces permettent \u00e0 la combinaison cyclisme KAIROS de s\u2019adapter \u00e0 vos diverses positions sur le v\u00e9lo et \u00e9vite l\u2019entr\u00e9e d\u2019air.<br \/>\nCes pi\u00e8ces sont cousues avec des coutures plates super r\u00e9sistantes qui participent d\u2019un design plus attrayant.<br \/>\nEn bout des jambes, il y a des bandes \u00e9lastiques microperfor\u00e9es recouvertes \u00e0 l\u2019int\u00e9rieur d\u2019un grip en silicone hypoallerg\u00e9nique. Cela maintient la pi\u00e8ce solidement attach\u00e9e \u00e0 la jambe et mod\u00e8re la transpiration. Les bouts des manches, d\u00e9coup\u00e9es au laser, ont aussi \u00e0 l\u2019int\u00e9rieur des points de silicone hypoallerg\u00e9niques, qui am\u00e9liorent l\u2019attache au bras.<br \/>\n\u00c0 l\u2019ext\u00e9rieur, il y a des lignes r\u00e9fl\u00e9chissantes de 360\u00ba qui augmentent votre s\u00e9curit\u00e9 en r\u00e9fl\u00e9chissant les lumi\u00e8res des autres v\u00e9hicules.<\/p>\n","protected":false},"featured_media":223712,"comment_status":"closed","ping_status":"closed","template":"","meta":{"_acf_changed":false},"product_brand":[],"product_cat":[8305],"product_tag":[],"custom_category":[3349,3352,3418],"range":[2493],"class_list":{"0":"post-17276","1":"product","2":"type-product","3":"status-publish","4":"has-post-thumbnail","6":"product_cat-uncategorized-fr","7":"pa_climatologia-chaud","8":"pa_climatologia-temperature-chaude","9":"pa_deporte-cyclisme","10":"pa_genero-homme","11":"pa_genero-femme","12":"pa_patronaje-regular-fr","13":"pa_tipo-de-prenda-combinaison","14":"custom_category-sport-fr","15":"custom_category-vetements-cyclisme-personnalises","16":"custom_category-combinaison-cyclisme-personnalisee","17":"range-kairos-fr","19":"first","20":"instock","21":"product-type-custom"},"acf":[],"yoast_head":"<!-- This site is optimized with the Yoast SEO plugin v27.3 - https:\/\/yoast.com\/product\/yoast-seo-wordpress\/ -->\n<title>Combinaison cyclisme personnalis\u00e9e manche courte KAIROS<\/title>\n<meta name=\"description\" content=\"Combinaison cyclisme personnalis\u00e9e KAIROS en tissu \u00e9lastique et forme anatomique pour une meilleure adaptation au corps. Demandez un budget !\" \/>\n<meta name=\"robots\" content=\"index, follow, max-snippet:-1, max-image-preview:large, max-video-preview:-1\" \/>\n<link rel=\"canonical\" href=\"https:\/\/www.inverseteams.com\/fr\/produit\/combinaison-cyclisme-personnalisee-manche-courte-kairos\/\" \/>\n<meta property=\"og:locale\" content=\"fr_FR\" \/>\n<meta property=\"og:type\" content=\"article\" \/>\n<meta property=\"og:title\" content=\"Combinaison cyclisme personnalis\u00e9e manche courte KAIROS\" \/>\n<meta property=\"og:description\" content=\"Combinaison cyclisme personnalis\u00e9e KAIROS en tissu \u00e9lastique et forme anatomique pour une meilleure adaptation au corps. Demandez un budget !\" \/>\n<meta property=\"og:url\" content=\"https:\/\/www.inverseteams.com\/fr\/produit\/combinaison-cyclisme-personnalisee-manche-courte-kairos\/\" \/>\n<meta property=\"og:site_name\" content=\"Inverseteams\" \/>\n<meta property=\"article:publisher\" content=\"https:\/\/www.facebook.com\/inverseteams\" \/>\n<meta property=\"article:modified_time\" content=\"2024-12-12T12:16:07+00:00\" \/>\n<meta property=\"og:image\" content=\"https:\/\/www.inverseteams.com\/wp-content\/uploads\/BUZO-CICLISMO-MANGA-CORTA-KAIROS-1.jpg\" \/>\n\t<meta property=\"og:image:width\" content=\"1500\" \/>\n\t<meta property=\"og:image:height\" content=\"1612\" \/>\n\t<meta property=\"og:image:type\" content=\"image\/jpeg\" \/>\n<meta name=\"twitter:card\" content=\"summary_large_image\" \/>\n<meta name=\"twitter:label1\" content=\"Dur\u00e9e de lecture estim\u00e9e\" \/>\n\t<meta name=\"twitter:data1\" content=\"1 minute\" \/>\n<script type=\"application\/ld+json\" class=\"yoast-schema-graph\">{\"@context\":\"https:\\\/\\\/schema.org\",\"@graph\":[{\"@type\":\"WebPage\",\"@id\":\"https:\\\/\\\/www.inverseteams.com\\\/fr\\\/produit\\\/combinaison-cyclisme-personnalisee-manche-courte-kairos\\\/\",\"url\":\"https:\\\/\\\/www.inverseteams.com\\\/fr\\\/produit\\\/combinaison-cyclisme-personnalisee-manche-courte-kairos\\\/\",\"name\":\"Combinaison cyclisme personnalis\u00e9e manche courte KAIROS\",\"isPartOf\":{\"@id\":\"https:\\\/\\\/www.inverseteams.com\\\/fr\\\/#website\"},\"primaryImageOfPage\":{\"@id\":\"https:\\\/\\\/www.inverseteams.com\\\/fr\\\/produit\\\/combinaison-cyclisme-personnalisee-manche-courte-kairos\\\/#primaryimage\"},\"image\":{\"@id\":\"https:\\\/\\\/www.inverseteams.com\\\/fr\\\/produit\\\/combinaison-cyclisme-personnalisee-manche-courte-kairos\\\/#primaryimage\"},\"thumbnailUrl\":\"https:\\\/\\\/www.inverseteams.com\\\/wp-content\\\/uploads\\\/BUZO-CICLISMO-MANGA-CORTA-KAIROS-1.jpg\",\"datePublished\":\"2021-10-05T09:53:22+00:00\",\"dateModified\":\"2024-12-12T12:16:07+00:00\",\"description\":\"Combinaison cyclisme personnalis\u00e9e KAIROS en tissu \u00e9lastique et forme anatomique pour une meilleure adaptation au corps. Demandez un budget !\",\"breadcrumb\":{\"@id\":\"https:\\\/\\\/www.inverseteams.com\\\/fr\\\/produit\\\/combinaison-cyclisme-personnalisee-manche-courte-kairos\\\/#breadcrumb\"},\"inLanguage\":\"fr-FR\",\"potentialAction\":[{\"@type\":\"ReadAction\",\"target\":[\"https:\\\/\\\/www.inverseteams.com\\\/fr\\\/produit\\\/combinaison-cyclisme-personnalisee-manche-courte-kairos\\\/\"]}]},{\"@type\":\"ImageObject\",\"inLanguage\":\"fr-FR\",\"@id\":\"https:\\\/\\\/www.inverseteams.com\\\/fr\\\/produit\\\/combinaison-cyclisme-personnalisee-manche-courte-kairos\\\/#primaryimage\",\"url\":\"https:\\\/\\\/www.inverseteams.com\\\/wp-content\\\/uploads\\\/BUZO-CICLISMO-MANGA-CORTA-KAIROS-1.jpg\",\"contentUrl\":\"https:\\\/\\\/www.inverseteams.com\\\/wp-content\\\/uploads\\\/BUZO-CICLISMO-MANGA-CORTA-KAIROS-1.jpg\",\"width\":1500,\"height\":1612,\"caption\":\"combinaison cyclisme personnalis\u00e9\"},{\"@type\":\"BreadcrumbList\",\"@id\":\"https:\\\/\\\/www.inverseteams.com\\\/fr\\\/produit\\\/combinaison-cyclisme-personnalisee-manche-courte-kairos\\\/#breadcrumb\",\"itemListElement\":[{\"@type\":\"ListItem\",\"position\":1,\"name\":\"Portada\",\"item\":\"https:\\\/\\\/www.inverseteams.com\\\/fr\\\/pagina-principal\\\/\"},{\"@type\":\"ListItem\",\"position\":2,\"name\":\"Panier\",\"item\":\"https:\\\/\\\/www.inverseteams.com\\\/fr\\\/panier\\\/\"},{\"@type\":\"ListItem\",\"position\":3,\"name\":\"Combinaison cyclisme personnalis\u00e9e manche courte KAIROS\"}]},{\"@type\":\"WebSite\",\"@id\":\"https:\\\/\\\/www.inverseteams.com\\\/fr\\\/#website\",\"url\":\"https:\\\/\\\/www.inverseteams.com\\\/fr\\\/\",\"name\":\"Inverseteams\",\"description\":\"Tu marca de ropa deportiva personalizada\",\"publisher\":{\"@id\":\"https:\\\/\\\/www.inverseteams.com\\\/fr\\\/#organization\"},\"potentialAction\":[{\"@type\":\"SearchAction\",\"target\":{\"@type\":\"EntryPoint\",\"urlTemplate\":\"https:\\\/\\\/www.inverseteams.com\\\/fr\\\/?s={search_term_string}\"},\"query-input\":{\"@type\":\"PropertyValueSpecification\",\"valueRequired\":true,\"valueName\":\"search_term_string\"}}],\"inLanguage\":\"fr-FR\"},{\"@type\":\"Organization\",\"@id\":\"https:\\\/\\\/www.inverseteams.com\\\/fr\\\/#organization\",\"name\":\"Inverse Teams\",\"url\":\"https:\\\/\\\/www.inverseteams.com\\\/fr\\\/\",\"logo\":{\"@type\":\"ImageObject\",\"inLanguage\":\"fr-FR\",\"@id\":\"https:\\\/\\\/www.inverseteams.com\\\/fr\\\/#\\\/schema\\\/logo\\\/image\\\/\",\"url\":\"http:\\\/\\\/www.inverseteams.com\\\/wp-content\\\/uploads\\\/2021\\\/03\\\/logo-inverse-teams.png\",\"contentUrl\":\"http:\\\/\\\/www.inverseteams.com\\\/wp-content\\\/uploads\\\/2021\\\/03\\\/logo-inverse-teams.png\",\"width\":294,\"height\":99,\"caption\":\"Inverse Teams\"},\"image\":{\"@id\":\"https:\\\/\\\/www.inverseteams.com\\\/fr\\\/#\\\/schema\\\/logo\\\/image\\\/\"},\"sameAs\":[\"https:\\\/\\\/www.facebook.com\\\/inverseteams\",\"http:\\\/\\\/instagram.com\\\/inverseteams\",\"https:\\\/\\\/www.linkedin.com\\\/company\\\/inverse-cirosport-s-l-?trk=job_view_topcard_company_name\",\"http:\\\/\\\/www.pinterest.com\\\/inverseteams\\\/\",\"http:\\\/\\\/www.youtube.com\\\/user\\\/inverseteams?feature=watch\"]}]}<\/script>\n<!-- \/ Yoast SEO plugin. -->","yoast_head_json":{"title":"Combinaison cyclisme personnalis\u00e9e manche courte KAIROS","description":"Combinaison cyclisme personnalis\u00e9e KAIROS en tissu \u00e9lastique et forme anatomique pour une meilleure adaptation au corps. Demandez un budget !","robots":{"index":"index","follow":"follow","max-snippet":"max-snippet:-1","max-image-preview":"max-image-preview:large","max-video-preview":"max-video-preview:-1"},"canonical":"https:\/\/www.inverseteams.com\/fr\/produit\/combinaison-cyclisme-personnalisee-manche-courte-kairos\/","og_locale":"fr_FR","og_type":"article","og_title":"Combinaison cyclisme personnalis\u00e9e manche courte KAIROS","og_description":"Combinaison cyclisme personnalis\u00e9e KAIROS en tissu \u00e9lastique et forme anatomique pour une meilleure adaptation au corps. Demandez un budget !","og_url":"https:\/\/www.inverseteams.com\/fr\/produit\/combinaison-cyclisme-personnalisee-manche-courte-kairos\/","og_site_name":"Inverseteams","article_publisher":"https:\/\/www.facebook.com\/inverseteams","article_modified_time":"2024-12-12T12:16:07+00:00","og_image":[{"width":1500,"height":1612,"url":"https:\/\/www.inverseteams.com\/wp-content\/uploads\/BUZO-CICLISMO-MANGA-CORTA-KAIROS-1.jpg","type":"image\/jpeg"}],"twitter_card":"summary_large_image","twitter_misc":{"Dur\u00e9e de lecture estim\u00e9e":"1 minute"},"schema":{"@context":"https:\/\/schema.org","@graph":[{"@type":"WebPage","@id":"https:\/\/www.inverseteams.com\/fr\/produit\/combinaison-cyclisme-personnalisee-manche-courte-kairos\/","url":"https:\/\/www.inverseteams.com\/fr\/produit\/combinaison-cyclisme-personnalisee-manche-courte-kairos\/","name":"Combinaison cyclisme personnalis\u00e9e manche courte KAIROS","isPartOf":{"@id":"https:\/\/www.inverseteams.com\/fr\/#website"},"primaryImageOfPage":{"@id":"https:\/\/www.inverseteams.com\/fr\/produit\/combinaison-cyclisme-personnalisee-manche-courte-kairos\/#primaryimage"},"image":{"@id":"https:\/\/www.inverseteams.com\/fr\/produit\/combinaison-cyclisme-personnalisee-manche-courte-kairos\/#primaryimage"},"thumbnailUrl":"https:\/\/www.inverseteams.com\/wp-content\/uploads\/BUZO-CICLISMO-MANGA-CORTA-KAIROS-1.jpg","datePublished":"2021-10-05T09:53:22+00:00","dateModified":"2024-12-12T12:16:07+00:00","description":"Combinaison cyclisme personnalis\u00e9e KAIROS en tissu \u00e9lastique et forme anatomique pour une meilleure adaptation au corps. Demandez un budget !","breadcrumb":{"@id":"https:\/\/www.inverseteams.com\/fr\/produit\/combinaison-cyclisme-personnalisee-manche-courte-kairos\/#breadcrumb"},"inLanguage":"fr-FR","potentialAction":[{"@type":"ReadAction","target":["https:\/\/www.inverseteams.com\/fr\/produit\/combinaison-cyclisme-personnalisee-manche-courte-kairos\/"]}]},{"@type":"ImageObject","inLanguage":"fr-FR","@id":"https:\/\/www.inverseteams.com\/fr\/produit\/combinaison-cyclisme-personnalisee-manche-courte-kairos\/#primaryimage","url":"https:\/\/www.inverseteams.com\/wp-content\/uploads\/BUZO-CICLISMO-MANGA-CORTA-KAIROS-1.jpg","contentUrl":"https:\/\/www.inverseteams.com\/wp-content\/uploads\/BUZO-CICLISMO-MANGA-CORTA-KAIROS-1.jpg","width":1500,"height":1612,"caption":"combinaison cyclisme personnalis\u00e9"},{"@type":"BreadcrumbList","@id":"https:\/\/www.inverseteams.com\/fr\/produit\/combinaison-cyclisme-personnalisee-manche-courte-kairos\/#breadcrumb","itemListElement":[{"@type":"ListItem","position":1,"name":"Portada","item":"https:\/\/www.inverseteams.com\/fr\/pagina-principal\/"},{"@type":"ListItem","position":2,"name":"Panier","item":"https:\/\/www.inverseteams.com\/fr\/panier\/"},{"@type":"ListItem","position":3,"name":"Combinaison cyclisme personnalis\u00e9e manche courte KAIROS"}]},{"@type":"WebSite","@id":"https:\/\/www.inverseteams.com\/fr\/#website","url":"https:\/\/www.inverseteams.com\/fr\/","name":"Inverseteams","description":"Tu marca de ropa deportiva personalizada","publisher":{"@id":"https:\/\/www.inverseteams.com\/fr\/#organization"},"potentialAction":[{"@type":"SearchAction","target":{"@type":"EntryPoint","urlTemplate":"https:\/\/www.inverseteams.com\/fr\/?s={search_term_string}"},"query-input":{"@type":"PropertyValueSpecification","valueRequired":true,"valueName":"search_term_string"}}],"inLanguage":"fr-FR"},{"@type":"Organization","@id":"https:\/\/www.inverseteams.com\/fr\/#organization","name":"Inverse Teams","url":"https:\/\/www.inverseteams.com\/fr\/","logo":{"@type":"ImageObject","inLanguage":"fr-FR","@id":"https:\/\/www.inverseteams.com\/fr\/#\/schema\/logo\/image\/","url":"https:\/\/www.inverseteams.com\/wp-content\/uploads\/2021\/03\/logo-inverse-teams.png","contentUrl":"https:\/\/www.inverseteams.com\/wp-content\/uploads\/2021\/03\/logo-inverse-teams.png","width":294,"height":99,"caption":"Inverse Teams"},"image":{"@id":"https:\/\/www.inverseteams.com\/fr\/#\/schema\/logo\/image\/"},"sameAs":["https:\/\/www.facebook.com\/inverseteams","http:\/\/instagram.com\/inverseteams","https:\/\/www.linkedin.com\/company\/inverse-cirosport-s-l-?trk=job_view_topcard_company_name","http:\/\/www.pinterest.com\/inverseteams\/","http:\/\/www.youtube.com\/user\/inverseteams?feature=watch"]}]}},"_links":{"self":[{"href":"https:\/\/www.inverseteams.com\/fr\/wp-json\/wp\/v2\/product\/17276","targetHints":{"allow":["GET"]}}],"collection":[{"href":"https:\/\/www.inverseteams.com\/fr\/wp-json\/wp\/v2\/product"}],"about":[{"href":"https:\/\/www.inverseteams.com\/fr\/wp-json\/wp\/v2\/types\/product"}],"replies":[{"embeddable":true,"href":"https:\/\/www.inverseteams.com\/fr\/wp-json\/wp\/v2\/comments?post=17276"}],"wp:featuredmedia":[{"embeddable":true,"href":"https:\/\/www.inverseteams.com\/fr\/wp-json\/wp\/v2\/media\/223712"}],"wp:attachment":[{"href":"https:\/\/www.inverseteams.com\/fr\/wp-json\/wp\/v2\/media?parent=17276"}],"wp:term":[{"taxonomy":"product_brand","embeddable":true,"href":"https:\/\/www.inverseteams.com\/fr\/wp-json\/wp\/v2\/product_brand?post=17276"},{"taxonomy":"product_cat","embeddable":true,"href":"https:\/\/www.inverseteams.com\/fr\/wp-json\/wp\/v2\/product_cat?post=17276"},{"taxonomy":"product_tag","embeddable":true,"href":"https:\/\/www.inverseteams.com\/fr\/wp-json\/wp\/v2\/product_tag?post=17276"},{"taxonomy":"custom_category","embeddable":true,"href":"https:\/\/www.inverseteams.com\/fr\/wp-json\/wp\/v2\/custom_category?post=17276"},{"taxonomy":"range","embeddable":true,"href":"https:\/\/www.inverseteams.com\/fr\/wp-json\/wp\/v2\/range?post=17276"}],"curies":[{"name":"wp","href":"https:\/\/api.w.org\/{rel}","templated":true}]}}