{"id":17268,"date":"2021-05-10T08:30:11","date_gmt":"2021-05-10T09:14:19","guid":{"rendered":"https:\/\/inverseteams.com\/?post_type=product&#038;p=17268"},"modified":"2024-12-11T16:43:51","modified_gmt":"2024-12-11T16:43:51","slug":"gilet-cycliste-personnalis-kairos","status":"publish","type":"product","link":"https:\/\/www.inverseteams.com\/fr\/produit\/gilet-cycliste-personnalis-kairos\/","title":{"rendered":"Gilet cycliste personnalis\u00e9 KAIROS"},"content":{"rendered":"<p>Vous pouvez facilement ranger ce gilet cycliste dans la poche de votre maillot lorsque vous n&rsquo;en avez pas besoin.<br \/>\nLa partie avant du gilet est faite avec un tissu coupe-vent qui maintient la temp\u00e9rature corporelle. Le dos est en tissu grille pour faciliter l\u2019\u00e9vacuation de l\u2019humidit\u00e9. Cela permet de conserverez en tout temps la peau s\u00e8che tout en \u00e9vitant la surchauffe. Vous pr\u00e9serverez ainsi au maximum vos performances.<br \/>\nCe gilet cycliste a 2 ouvertures dans la zone lombaire qui facilitent l\u2019acc\u00e8s aux poches du maillot. La taille et les aisselles sont surfil\u00e9es avec un \u00e9lastique qui maintient le gilet fermement attach\u00e9 au corps et emp\u00eache l\u2019air d\u2019entrer.<br \/>\n\u00c0 la taille, nous trouvons un surfilage qui ajuste au mieux le maillot. Il int\u00e8gre des lignes r\u00e9fl\u00e9chissantes de 360\u00ba, qui augmentent votre s\u00e9curit\u00e9 en r\u00e9fl\u00e9chissant les lumi\u00e8res des autres v\u00e9hicules.<\/p>\n","protected":false},"excerpt":{"rendered":"<p>Vous pouvez facilement ranger ce gilet cycliste dans la poche de votre maillot lorsque vous n&rsquo;en avez pas besoin.<br \/>\nLa partie avant du gilet est faite avec un tissu coupe-vent qui maintient la temp\u00e9rature corporelle. Le dos est en tissu grille pour faciliter l\u2019\u00e9vacuation de l\u2019humidit\u00e9. Cela permet de conserverez en tout temps la peau s\u00e8che tout en \u00e9vitant la surchauffe. Vous pr\u00e9serverez ainsi au maximum vos performances.<br \/>\nCe gilet cycliste a 2 ouvertures dans la zone lombaire qui facilitent l\u2019acc\u00e8s aux poches du maillot. La taille et les aisselles sont surfil\u00e9es avec un \u00e9lastique qui maintient le gilet fermement attach\u00e9 au corps et emp\u00eache l\u2019air d\u2019entrer.<br \/>\n\u00c0 la taille, nous trouvons un surfilage qui ajuste au mieux le maillot. Il int\u00e8gre des lignes r\u00e9fl\u00e9chissantes de 360\u00ba, qui augmentent votre s\u00e9curit\u00e9 en r\u00e9fl\u00e9chissant les lumi\u00e8res des autres v\u00e9hicules.<\/p>\n","protected":false},"featured_media":223662,"comment_status":"closed","ping_status":"closed","template":"","meta":{"_acf_changed":false},"product_brand":[],"product_cat":[8305],"product_tag":[],"custom_category":[3349,3352,3397],"range":[2493],"class_list":{"0":"post-17268","1":"product","2":"type-product","3":"status-publish","4":"has-post-thumbnail","6":"product_cat-uncategorized-fr","7":"pa_climatologia-temperature-chaude","8":"pa_climatologia-vent-fr","9":"pa_deporte-cyclisme","10":"pa_genero-homme","11":"pa_genero-femme","12":"pa_genero-infantile-fr","13":"pa_patronaje-fit-fr","14":"pa_patronaje-regular-fr","15":"pa_tipo-de-prenda-gilet","16":"custom_category-sport-fr","17":"custom_category-vetements-cyclisme-personnalises","18":"custom_category-gilet-cycliste-personnalise","19":"range-kairos-fr","21":"first","22":"instock","23":"product-type-custom"},"acf":[],"yoast_head":"<!-- This site is optimized with the Yoast SEO plugin v27.3 - https:\/\/yoast.com\/product\/yoast-seo-wordpress\/ -->\n<title>Gilet cycliste coupe-vent personnalis\u00e9 | INVERSE<\/title>\n<meta name=\"description\" content=\"Gilet cycliste personnalis\u00e9. Tissu coupe-vent et dos en mesh pour \u00e9vacuer l&#039;humidit\u00e9 Livraison sous 4 semaines seulement! Demande de budget\" \/>\n<meta name=\"robots\" content=\"index, follow, max-snippet:-1, max-image-preview:large, max-video-preview:-1\" \/>\n<link rel=\"canonical\" href=\"https:\/\/www.inverseteams.com\/fr\/produit\/gilet-cycliste-personnalis-kairos\/\" \/>\n<meta property=\"og:locale\" content=\"fr_FR\" \/>\n<meta property=\"og:type\" content=\"article\" \/>\n<meta property=\"og:title\" content=\"Gilet cycliste personnalis\u00e9 KAIROS\" \/>\n<meta property=\"og:description\" content=\"Gilet cycliste personnalis\u00e9.Tissu coupe-vent qui maintient la temp\u00e9rature. Dos en tissu grille pour \u00e9vacuer l&#039;humidit\u00e9.Livraison 4 semaines.Demandez un budget !\" \/>\n<meta property=\"og:url\" content=\"https:\/\/www.inverseteams.com\/fr\/produit\/gilet-cycliste-personnalis-kairos\/\" \/>\n<meta property=\"og:site_name\" content=\"Inverseteams\" \/>\n<meta property=\"article:publisher\" content=\"https:\/\/www.facebook.com\/inverseteams\" \/>\n<meta property=\"article:modified_time\" content=\"2024-12-11T16:43:51+00:00\" \/>\n<meta property=\"og:image\" content=\"https:\/\/www.inverseteams.com\/wp-content\/uploads\/CHALECO-CORTAVIENTOS-CICLISMO-KAIROS-1.jpg\" \/>\n\t<meta property=\"og:image:width\" content=\"1500\" \/>\n\t<meta property=\"og:image:height\" content=\"1612\" \/>\n\t<meta property=\"og:image:type\" content=\"image\/jpeg\" \/>\n<meta name=\"twitter:card\" content=\"summary_large_image\" \/>\n<meta name=\"twitter:label1\" content=\"Dur\u00e9e de lecture estim\u00e9e\" \/>\n\t<meta name=\"twitter:data1\" content=\"1 minute\" \/>\n<script type=\"application\/ld+json\" class=\"yoast-schema-graph\">{\"@context\":\"https:\\\/\\\/schema.org\",\"@graph\":[{\"@type\":\"WebPage\",\"@id\":\"https:\\\/\\\/www.inverseteams.com\\\/fr\\\/produit\\\/gilet-cycliste-personnalis-kairos\\\/\",\"url\":\"https:\\\/\\\/www.inverseteams.com\\\/fr\\\/produit\\\/gilet-cycliste-personnalis-kairos\\\/\",\"name\":\"Gilet cycliste coupe-vent personnalis\u00e9 | INVERSE\",\"isPartOf\":{\"@id\":\"https:\\\/\\\/www.inverseteams.com\\\/fr\\\/#website\"},\"primaryImageOfPage\":{\"@id\":\"https:\\\/\\\/www.inverseteams.com\\\/fr\\\/produit\\\/gilet-cycliste-personnalis-kairos\\\/#primaryimage\"},\"image\":{\"@id\":\"https:\\\/\\\/www.inverseteams.com\\\/fr\\\/produit\\\/gilet-cycliste-personnalis-kairos\\\/#primaryimage\"},\"thumbnailUrl\":\"https:\\\/\\\/www.inverseteams.com\\\/wp-content\\\/uploads\\\/CHALECO-CORTAVIENTOS-CICLISMO-KAIROS-1.jpg\",\"datePublished\":\"2021-05-10T09:14:19+00:00\",\"dateModified\":\"2024-12-11T16:43:51+00:00\",\"description\":\"Gilet cycliste personnalis\u00e9. Tissu coupe-vent et dos en mesh pour \u00e9vacuer l'humidit\u00e9 Livraison sous 4 semaines seulement! Demande de budget\",\"breadcrumb\":{\"@id\":\"https:\\\/\\\/www.inverseteams.com\\\/fr\\\/produit\\\/gilet-cycliste-personnalis-kairos\\\/#breadcrumb\"},\"inLanguage\":\"fr-FR\",\"potentialAction\":[{\"@type\":\"ReadAction\",\"target\":[\"https:\\\/\\\/www.inverseteams.com\\\/fr\\\/produit\\\/gilet-cycliste-personnalis-kairos\\\/\"]}]},{\"@type\":\"ImageObject\",\"inLanguage\":\"fr-FR\",\"@id\":\"https:\\\/\\\/www.inverseteams.com\\\/fr\\\/produit\\\/gilet-cycliste-personnalis-kairos\\\/#primaryimage\",\"url\":\"https:\\\/\\\/www.inverseteams.com\\\/wp-content\\\/uploads\\\/CHALECO-CORTAVIENTOS-CICLISMO-KAIROS-1.jpg\",\"contentUrl\":\"https:\\\/\\\/www.inverseteams.com\\\/wp-content\\\/uploads\\\/CHALECO-CORTAVIENTOS-CICLISMO-KAIROS-1.jpg\",\"width\":1500,\"height\":1612,\"caption\":\"gilet cyclisme personnalis\u00e9\"},{\"@type\":\"BreadcrumbList\",\"@id\":\"https:\\\/\\\/www.inverseteams.com\\\/fr\\\/produit\\\/gilet-cycliste-personnalis-kairos\\\/#breadcrumb\",\"itemListElement\":[{\"@type\":\"ListItem\",\"position\":1,\"name\":\"Portada\",\"item\":\"https:\\\/\\\/www.inverseteams.com\\\/fr\\\/pagina-principal\\\/\"},{\"@type\":\"ListItem\",\"position\":2,\"name\":\"Panier\",\"item\":\"https:\\\/\\\/www.inverseteams.com\\\/fr\\\/panier\\\/\"},{\"@type\":\"ListItem\",\"position\":3,\"name\":\"Gilet cycliste personnalis\u00e9 KAIROS\"}]},{\"@type\":\"WebSite\",\"@id\":\"https:\\\/\\\/www.inverseteams.com\\\/fr\\\/#website\",\"url\":\"https:\\\/\\\/www.inverseteams.com\\\/fr\\\/\",\"name\":\"Inverseteams\",\"description\":\"Tu marca de ropa deportiva personalizada\",\"publisher\":{\"@id\":\"https:\\\/\\\/www.inverseteams.com\\\/fr\\\/#organization\"},\"potentialAction\":[{\"@type\":\"SearchAction\",\"target\":{\"@type\":\"EntryPoint\",\"urlTemplate\":\"https:\\\/\\\/www.inverseteams.com\\\/fr\\\/?s={search_term_string}\"},\"query-input\":{\"@type\":\"PropertyValueSpecification\",\"valueRequired\":true,\"valueName\":\"search_term_string\"}}],\"inLanguage\":\"fr-FR\"},{\"@type\":\"Organization\",\"@id\":\"https:\\\/\\\/www.inverseteams.com\\\/fr\\\/#organization\",\"name\":\"Inverse Teams\",\"url\":\"https:\\\/\\\/www.inverseteams.com\\\/fr\\\/\",\"logo\":{\"@type\":\"ImageObject\",\"inLanguage\":\"fr-FR\",\"@id\":\"https:\\\/\\\/www.inverseteams.com\\\/fr\\\/#\\\/schema\\\/logo\\\/image\\\/\",\"url\":\"http:\\\/\\\/www.inverseteams.com\\\/wp-content\\\/uploads\\\/2021\\\/03\\\/logo-inverse-teams.png\",\"contentUrl\":\"http:\\\/\\\/www.inverseteams.com\\\/wp-content\\\/uploads\\\/2021\\\/03\\\/logo-inverse-teams.png\",\"width\":294,\"height\":99,\"caption\":\"Inverse Teams\"},\"image\":{\"@id\":\"https:\\\/\\\/www.inverseteams.com\\\/fr\\\/#\\\/schema\\\/logo\\\/image\\\/\"},\"sameAs\":[\"https:\\\/\\\/www.facebook.com\\\/inverseteams\",\"http:\\\/\\\/instagram.com\\\/inverseteams\",\"https:\\\/\\\/www.linkedin.com\\\/company\\\/inverse-cirosport-s-l-?trk=job_view_topcard_company_name\",\"http:\\\/\\\/www.pinterest.com\\\/inverseteams\\\/\",\"http:\\\/\\\/www.youtube.com\\\/user\\\/inverseteams?feature=watch\"]}]}<\/script>\n<!-- \/ Yoast SEO plugin. -->","yoast_head_json":{"title":"Gilet cycliste coupe-vent personnalis\u00e9 | INVERSE","description":"Gilet cycliste personnalis\u00e9. Tissu coupe-vent et dos en mesh pour \u00e9vacuer l'humidit\u00e9 Livraison sous 4 semaines seulement! Demande de budget","robots":{"index":"index","follow":"follow","max-snippet":"max-snippet:-1","max-image-preview":"max-image-preview:large","max-video-preview":"max-video-preview:-1"},"canonical":"https:\/\/www.inverseteams.com\/fr\/produit\/gilet-cycliste-personnalis-kairos\/","og_locale":"fr_FR","og_type":"article","og_title":"Gilet cycliste personnalis\u00e9 KAIROS","og_description":"Gilet cycliste personnalis\u00e9.Tissu coupe-vent qui maintient la temp\u00e9rature. Dos en tissu grille pour \u00e9vacuer l'humidit\u00e9.Livraison 4 semaines.Demandez un budget !","og_url":"https:\/\/www.inverseteams.com\/fr\/produit\/gilet-cycliste-personnalis-kairos\/","og_site_name":"Inverseteams","article_publisher":"https:\/\/www.facebook.com\/inverseteams","article_modified_time":"2024-12-11T16:43:51+00:00","og_image":[{"width":1500,"height":1612,"url":"https:\/\/www.inverseteams.com\/wp-content\/uploads\/CHALECO-CORTAVIENTOS-CICLISMO-KAIROS-1.jpg","type":"image\/jpeg"}],"twitter_card":"summary_large_image","twitter_misc":{"Dur\u00e9e de lecture estim\u00e9e":"1 minute"},"schema":{"@context":"https:\/\/schema.org","@graph":[{"@type":"WebPage","@id":"https:\/\/www.inverseteams.com\/fr\/produit\/gilet-cycliste-personnalis-kairos\/","url":"https:\/\/www.inverseteams.com\/fr\/produit\/gilet-cycliste-personnalis-kairos\/","name":"Gilet cycliste coupe-vent personnalis\u00e9 | INVERSE","isPartOf":{"@id":"https:\/\/www.inverseteams.com\/fr\/#website"},"primaryImageOfPage":{"@id":"https:\/\/www.inverseteams.com\/fr\/produit\/gilet-cycliste-personnalis-kairos\/#primaryimage"},"image":{"@id":"https:\/\/www.inverseteams.com\/fr\/produit\/gilet-cycliste-personnalis-kairos\/#primaryimage"},"thumbnailUrl":"https:\/\/www.inverseteams.com\/wp-content\/uploads\/CHALECO-CORTAVIENTOS-CICLISMO-KAIROS-1.jpg","datePublished":"2021-05-10T09:14:19+00:00","dateModified":"2024-12-11T16:43:51+00:00","description":"Gilet cycliste personnalis\u00e9. Tissu coupe-vent et dos en mesh pour \u00e9vacuer l'humidit\u00e9 Livraison sous 4 semaines seulement! Demande de budget","breadcrumb":{"@id":"https:\/\/www.inverseteams.com\/fr\/produit\/gilet-cycliste-personnalis-kairos\/#breadcrumb"},"inLanguage":"fr-FR","potentialAction":[{"@type":"ReadAction","target":["https:\/\/www.inverseteams.com\/fr\/produit\/gilet-cycliste-personnalis-kairos\/"]}]},{"@type":"ImageObject","inLanguage":"fr-FR","@id":"https:\/\/www.inverseteams.com\/fr\/produit\/gilet-cycliste-personnalis-kairos\/#primaryimage","url":"https:\/\/www.inverseteams.com\/wp-content\/uploads\/CHALECO-CORTAVIENTOS-CICLISMO-KAIROS-1.jpg","contentUrl":"https:\/\/www.inverseteams.com\/wp-content\/uploads\/CHALECO-CORTAVIENTOS-CICLISMO-KAIROS-1.jpg","width":1500,"height":1612,"caption":"gilet cyclisme personnalis\u00e9"},{"@type":"BreadcrumbList","@id":"https:\/\/www.inverseteams.com\/fr\/produit\/gilet-cycliste-personnalis-kairos\/#breadcrumb","itemListElement":[{"@type":"ListItem","position":1,"name":"Portada","item":"https:\/\/www.inverseteams.com\/fr\/pagina-principal\/"},{"@type":"ListItem","position":2,"name":"Panier","item":"https:\/\/www.inverseteams.com\/fr\/panier\/"},{"@type":"ListItem","position":3,"name":"Gilet cycliste personnalis\u00e9 KAIROS"}]},{"@type":"WebSite","@id":"https:\/\/www.inverseteams.com\/fr\/#website","url":"https:\/\/www.inverseteams.com\/fr\/","name":"Inverseteams","description":"Tu marca de ropa deportiva personalizada","publisher":{"@id":"https:\/\/www.inverseteams.com\/fr\/#organization"},"potentialAction":[{"@type":"SearchAction","target":{"@type":"EntryPoint","urlTemplate":"https:\/\/www.inverseteams.com\/fr\/?s={search_term_string}"},"query-input":{"@type":"PropertyValueSpecification","valueRequired":true,"valueName":"search_term_string"}}],"inLanguage":"fr-FR"},{"@type":"Organization","@id":"https:\/\/www.inverseteams.com\/fr\/#organization","name":"Inverse Teams","url":"https:\/\/www.inverseteams.com\/fr\/","logo":{"@type":"ImageObject","inLanguage":"fr-FR","@id":"https:\/\/www.inverseteams.com\/fr\/#\/schema\/logo\/image\/","url":"https:\/\/www.inverseteams.com\/wp-content\/uploads\/2021\/03\/logo-inverse-teams.png","contentUrl":"https:\/\/www.inverseteams.com\/wp-content\/uploads\/2021\/03\/logo-inverse-teams.png","width":294,"height":99,"caption":"Inverse Teams"},"image":{"@id":"https:\/\/www.inverseteams.com\/fr\/#\/schema\/logo\/image\/"},"sameAs":["https:\/\/www.facebook.com\/inverseteams","http:\/\/instagram.com\/inverseteams","https:\/\/www.linkedin.com\/company\/inverse-cirosport-s-l-?trk=job_view_topcard_company_name","http:\/\/www.pinterest.com\/inverseteams\/","http:\/\/www.youtube.com\/user\/inverseteams?feature=watch"]}]}},"_links":{"self":[{"href":"https:\/\/www.inverseteams.com\/fr\/wp-json\/wp\/v2\/product\/17268","targetHints":{"allow":["GET"]}}],"collection":[{"href":"https:\/\/www.inverseteams.com\/fr\/wp-json\/wp\/v2\/product"}],"about":[{"href":"https:\/\/www.inverseteams.com\/fr\/wp-json\/wp\/v2\/types\/product"}],"replies":[{"embeddable":true,"href":"https:\/\/www.inverseteams.com\/fr\/wp-json\/wp\/v2\/comments?post=17268"}],"wp:featuredmedia":[{"embeddable":true,"href":"https:\/\/www.inverseteams.com\/fr\/wp-json\/wp\/v2\/media\/223662"}],"wp:attachment":[{"href":"https:\/\/www.inverseteams.com\/fr\/wp-json\/wp\/v2\/media?parent=17268"}],"wp:term":[{"taxonomy":"product_brand","embeddable":true,"href":"https:\/\/www.inverseteams.com\/fr\/wp-json\/wp\/v2\/product_brand?post=17268"},{"taxonomy":"product_cat","embeddable":true,"href":"https:\/\/www.inverseteams.com\/fr\/wp-json\/wp\/v2\/product_cat?post=17268"},{"taxonomy":"product_tag","embeddable":true,"href":"https:\/\/www.inverseteams.com\/fr\/wp-json\/wp\/v2\/product_tag?post=17268"},{"taxonomy":"custom_category","embeddable":true,"href":"https:\/\/www.inverseteams.com\/fr\/wp-json\/wp\/v2\/custom_category?post=17268"},{"taxonomy":"range","embeddable":true,"href":"https:\/\/www.inverseteams.com\/fr\/wp-json\/wp\/v2\/range?post=17268"}],"curies":[{"name":"wp","href":"https:\/\/api.w.org\/{rel}","templated":true}]}}