{"id":172280,"date":"2023-12-06T10:37:28","date_gmt":"2023-12-06T10:37:28","guid":{"rendered":"https:\/\/www.inverseteams.com\/?post_type=product&#038;p=172280"},"modified":"2023-12-06T10:55:45","modified_gmt":"2023-12-06T10:55:45","slug":"cuissard-velo-massi-uci-team-femme","status":"publish","type":"product","link":"https:\/\/www.inverseteams.com\/fr\/produit\/cuissard-velo-massi-uci-team-femme\/","title":{"rendered":"Cuissard v\u00e9lo MASSI UCI TEAM (FEMME)"},"content":{"rendered":"<p>Le cuissard v\u00e9lo id\u00e9al pour l\u2019entra\u00eenement et la comp\u00e9tition. Son \u00e9lasticit\u00e9 et sa l\u00e9g\u00e8ret\u00e9 vous permettront une grande libert\u00e9 de mouvement. Le patron du cuissard est con\u00e7u pour s\u2019adapter parfaitement aux diff\u00e9rentes positions sur le v\u00e9lo sans opposer r\u00e9sistance.<br \/>\nLes bretelles \u00e0 grille vous aideront \u00e0 \u00e9vacuer la sueur pour vous sentir frais et sec en tout temps.<br \/>\n\u00c0 l\u2019extr\u00e9mit\u00e9 des jambes, il y a une bande \u00e9lastique microperfor\u00e9e recouverte \u00e0 l\u2019int\u00e9rieur d\u2019un grip en silicone hypoallerg\u00e9nique. Cela maintient la pi\u00e8ce solidement attach\u00e9e \u00e0 la jambe et mod\u00e8re la transpiration. \u00c0 l\u2019ext\u00e9rieur, il y a des lignes r\u00e9fl\u00e9chissantes de 360\u00ba qui augmentent votre s\u00e9curit\u00e9 en r\u00e9fl\u00e9chissant les lumi\u00e8res des autres v\u00e9hicules.<br \/>\nIl int\u00e8gre la fond IN19 en tissu antibact\u00e9rien COOLMAX qui expulse l&rsquo;humidit\u00e9 et minimise le risque d&rsquo;irritation cutan\u00e9e. Il est compos\u00e9 de 3 densit\u00e9s et s&rsquo;adaptera \u00e0 votre anatomie et \u00e0 votre style de p\u00e9dalage.<\/p>\n","protected":false},"excerpt":{"rendered":"<p>Le cuissard v\u00e9lo id\u00e9al pour l\u2019entra\u00eenement et la comp\u00e9tition. Son \u00e9lasticit\u00e9 et sa l\u00e9g\u00e8ret\u00e9 vous permettront une grande libert\u00e9 de mouvement. Le patron du cuissard est con\u00e7u pour s\u2019adapter parfaitement aux diff\u00e9rentes positions sur le v\u00e9lo sans opposer r\u00e9sistance.<br \/>\nLes bretelles \u00e0 grille vous aideront \u00e0 \u00e9vacuer la sueur pour vous sentir frais et sec en tout temps.<br \/>\n\u00c0 l\u2019extr\u00e9mit\u00e9 des jambes, il y a une bande \u00e9lastique microperfor\u00e9e recouverte \u00e0 l\u2019int\u00e9rieur d\u2019un grip en silicone hypoallerg\u00e9nique. Cela maintient la pi\u00e8ce solidement attach\u00e9e \u00e0 la jambe et mod\u00e8re la transpiration. \u00c0 l\u2019ext\u00e9rieur, il y a des lignes r\u00e9fl\u00e9chissantes de 360\u00ba qui augmentent votre s\u00e9curit\u00e9 en r\u00e9fl\u00e9chissant les lumi\u00e8res des autres v\u00e9hicules.<br \/>\nIl int\u00e8gre la fond IN19 en tissu antibact\u00e9rien COOLMAX qui expulse l&rsquo;humidit\u00e9 et minimise le risque d&rsquo;irritation cutan\u00e9e. Il est compos\u00e9 de 3 densit\u00e9s et s&rsquo;adaptera \u00e0 votre anatomie et \u00e0 votre style de p\u00e9dalage.<\/p>\n","protected":false},"featured_media":18128,"comment_status":"closed","ping_status":"closed","template":"","meta":{"_acf_changed":false},"product_brand":[],"product_cat":[3318,3319,3308],"product_tag":[],"custom_category":[],"range":[],"class_list":{"0":"post-172280","1":"product","2":"type-product","3":"status-publish","4":"has-post-thumbnail","6":"product_cat-cyclisme-outlet","7":"product_cat-cuissard-velo-cyclisme-outlet","8":"product_cat-outet-fr","9":"pa_climatologia-chaud","10":"pa_climatologia-temperature-chaude","11":"pa_deporte-cyclisme","12":"pa_genero-femme","13":"pa_patronaje-fit-fr","14":"pa_talla-s-fr","15":"pa_talla-xs-fr","16":"pa_talla-l-fr","17":"pa_talla-m-fr","18":"pa_tipo-de-prenda-cuissard-velo-fr","20":"first","21":"instock","22":"sale","23":"taxable","24":"shipping-taxable","25":"purchasable","26":"product-type-variable","27":"has-default-attributes"},"acf":[],"yoast_head":"<!-- This site is optimized with the Yoast SEO plugin v27.2 - https:\/\/yoast.com\/product\/yoast-seo-wordpress\/ -->\n<title>Culotte ciclista MASSI UCI TEAM (MUJER)<\/title>\n<meta name=\"description\" content=\"Le cuissard v\u00e9lo id\u00e9al pour l\u2019entra\u00eenement et la comp\u00e9tition. Son \u00e9lasticit\u00e9 et sa l\u00e9g\u00e8ret\u00e9 vous permettront une grande libert\u00e9 de mouvement. Le patron du cuissard est con\u00e7u pour s\u2019adapter parfaitement aux diff\u00e9rentes positions sur le v\u00e9lo sans opposer r\u00e9sistance. Les bretelles \u00e0 grille vous aideront \u00e0 \u00e9vacuer la sueur pour vous sentir frais et sec en tout temps. \u00c0 l\u2019extr\u00e9mit\u00e9 des jambes, il y a une bande \u00e9lastique microperfor\u00e9e recouverte \u00e0 l\u2019int\u00e9rieur d\u2019un grip en silicone hypoallerg\u00e9nique. Cela maintient la pi\u00e8ce solidement attach\u00e9e \u00e0 la jambe et mod\u00e8re la transpiration. \u00c0 l\u2019ext\u00e9rieur, il y a des lignes r\u00e9fl\u00e9chissantes de 360\u00ba qui augmentent votre s\u00e9curit\u00e9 en r\u00e9fl\u00e9chissant les lumi\u00e8res des autres v\u00e9hicules. Il int\u00e8gre la fond IN19 en tissu antibact\u00e9rien COOLMAX qui expulse l&#039;humidit\u00e9 et minimise le risque d&#039;irritation cutan\u00e9e. Il est compos\u00e9 de 3 densit\u00e9s et s&#039;adaptera \u00e0 votre anatomie et \u00e0 votre style de p\u00e9dalage.\" \/>\n<meta name=\"robots\" content=\"index, follow, max-snippet:-1, max-image-preview:large, max-video-preview:-1\" \/>\n<link rel=\"canonical\" href=\"https:\/\/www.inverseteams.com\/fr\/produit\/cuissard-velo-massi-uci-team-femme\/\" \/>\n<meta property=\"og:locale\" content=\"fr_FR\" \/>\n<meta property=\"og:type\" content=\"article\" \/>\n<meta property=\"og:title\" content=\"Culotte ciclista MASSI UCI TEAM (MUJER)\" \/>\n<meta property=\"og:description\" content=\"Le cuissard v\u00e9lo id\u00e9al pour l\u2019entra\u00eenement et la comp\u00e9tition. Son \u00e9lasticit\u00e9 et sa l\u00e9g\u00e8ret\u00e9 vous permettront une grande libert\u00e9 de mouvement. Le patron du cuissard est con\u00e7u pour s\u2019adapter parfaitement aux diff\u00e9rentes positions sur le v\u00e9lo sans opposer r\u00e9sistance. Les bretelles \u00e0 grille vous aideront \u00e0 \u00e9vacuer la sueur pour vous sentir frais et sec en tout temps. \u00c0 l\u2019extr\u00e9mit\u00e9 des jambes, il y a une bande \u00e9lastique microperfor\u00e9e recouverte \u00e0 l\u2019int\u00e9rieur d\u2019un grip en silicone hypoallerg\u00e9nique. Cela maintient la pi\u00e8ce solidement attach\u00e9e \u00e0 la jambe et mod\u00e8re la transpiration. \u00c0 l\u2019ext\u00e9rieur, il y a des lignes r\u00e9fl\u00e9chissantes de 360\u00ba qui augmentent votre s\u00e9curit\u00e9 en r\u00e9fl\u00e9chissant les lumi\u00e8res des autres v\u00e9hicules. Il int\u00e8gre la fond IN19 en tissu antibact\u00e9rien COOLMAX qui expulse l&#039;humidit\u00e9 et minimise le risque d&#039;irritation cutan\u00e9e. Il est compos\u00e9 de 3 densit\u00e9s et s&#039;adaptera \u00e0 votre anatomie et \u00e0 votre style de p\u00e9dalage.\" \/>\n<meta property=\"og:url\" content=\"https:\/\/www.inverseteams.com\/fr\/produit\/cuissard-velo-massi-uci-team-femme\/\" \/>\n<meta property=\"og:site_name\" content=\"Inverseteams\" \/>\n<meta property=\"article:publisher\" content=\"https:\/\/www.facebook.com\/inverseteams\" \/>\n<meta property=\"article:modified_time\" content=\"2023-12-06T10:55:45+00:00\" \/>\n<meta property=\"og:image\" content=\"https:\/\/www.inverseteams.com\/wp-content\/uploads\/CULOTTE-CICLISTA-MASSI-TEAM-MUJER-1.jpg\" \/>\n\t<meta property=\"og:image:width\" content=\"3222\" \/>\n\t<meta property=\"og:image:height\" content=\"3462\" \/>\n\t<meta property=\"og:image:type\" content=\"image\/jpeg\" \/>\n<meta name=\"twitter:card\" content=\"summary_large_image\" \/>\n<meta name=\"twitter:label1\" content=\"Dur\u00e9e de lecture estim\u00e9e\" \/>\n\t<meta name=\"twitter:data1\" content=\"1 minute\" \/>\n<script type=\"application\/ld+json\" class=\"yoast-schema-graph\">{\"@context\":\"https:\/\/schema.org\",\"@graph\":[{\"@type\":\"WebPage\",\"@id\":\"https:\/\/www.inverseteams.com\/fr\/produit\/cuissard-velo-massi-uci-team-femme\/\",\"url\":\"https:\/\/www.inverseteams.com\/fr\/produit\/cuissard-velo-massi-uci-team-femme\/\",\"name\":\"Culotte ciclista MASSI UCI TEAM (MUJER)\",\"isPartOf\":{\"@id\":\"https:\/\/www.inverseteams.com\/fr\/#website\"},\"primaryImageOfPage\":{\"@id\":\"https:\/\/www.inverseteams.com\/fr\/produit\/cuissard-velo-massi-uci-team-femme\/#primaryimage\"},\"image\":{\"@id\":\"https:\/\/www.inverseteams.com\/fr\/produit\/cuissard-velo-massi-uci-team-femme\/#primaryimage\"},\"thumbnailUrl\":\"https:\/\/www.inverseteams.com\/wp-content\/uploads\/CULOTTE-CICLISTA-MASSI-TEAM-MUJER-1.jpg\",\"datePublished\":\"2023-12-06T10:37:28+00:00\",\"dateModified\":\"2023-12-06T10:55:45+00:00\",\"description\":\"Le cuissard v\u00e9lo id\u00e9al pour l\u2019entra\u00eenement et la comp\u00e9tition. Son \u00e9lasticit\u00e9 et sa l\u00e9g\u00e8ret\u00e9 vous permettront une grande libert\u00e9 de mouvement. Le patron du cuissard est con\u00e7u pour s\u2019adapter parfaitement aux diff\u00e9rentes positions sur le v\u00e9lo sans opposer r\u00e9sistance. Les bretelles \u00e0 grille vous aideront \u00e0 \u00e9vacuer la sueur pour vous sentir frais et sec en tout temps. \u00c0 l\u2019extr\u00e9mit\u00e9 des jambes, il y a une bande \u00e9lastique microperfor\u00e9e recouverte \u00e0 l\u2019int\u00e9rieur d\u2019un grip en silicone hypoallerg\u00e9nique. Cela maintient la pi\u00e8ce solidement attach\u00e9e \u00e0 la jambe et mod\u00e8re la transpiration. \u00c0 l\u2019ext\u00e9rieur, il y a des lignes r\u00e9fl\u00e9chissantes de 360\u00ba qui augmentent votre s\u00e9curit\u00e9 en r\u00e9fl\u00e9chissant les lumi\u00e8res des autres v\u00e9hicules. Il int\u00e8gre la fond IN19 en tissu antibact\u00e9rien COOLMAX qui expulse l'humidit\u00e9 et minimise le risque d'irritation cutan\u00e9e. Il est compos\u00e9 de 3 densit\u00e9s et s'adaptera \u00e0 votre anatomie et \u00e0 votre style de p\u00e9dalage.\",\"breadcrumb\":{\"@id\":\"https:\/\/www.inverseteams.com\/fr\/produit\/cuissard-velo-massi-uci-team-femme\/#breadcrumb\"},\"inLanguage\":\"fr-FR\",\"potentialAction\":[{\"@type\":\"ReadAction\",\"target\":[\"https:\/\/www.inverseteams.com\/fr\/produit\/cuissard-velo-massi-uci-team-femme\/\"]}]},{\"@type\":\"ImageObject\",\"inLanguage\":\"fr-FR\",\"@id\":\"https:\/\/www.inverseteams.com\/fr\/produit\/cuissard-velo-massi-uci-team-femme\/#primaryimage\",\"url\":\"https:\/\/www.inverseteams.com\/wp-content\/uploads\/CULOTTE-CICLISTA-MASSI-TEAM-MUJER-1.jpg\",\"contentUrl\":\"https:\/\/www.inverseteams.com\/wp-content\/uploads\/CULOTTE-CICLISTA-MASSI-TEAM-MUJER-1.jpg\",\"width\":3222,\"height\":3462,\"caption\":\"Cuissard v\u00e9lo MASSI UCI Team\"},{\"@type\":\"BreadcrumbList\",\"@id\":\"https:\/\/www.inverseteams.com\/fr\/produit\/cuissard-velo-massi-uci-team-femme\/#breadcrumb\",\"itemListElement\":[{\"@type\":\"ListItem\",\"position\":1,\"name\":\"Portada\",\"item\":\"https:\/\/www.inverseteams.com\/fr\/pagina-principal\/\"},{\"@type\":\"ListItem\",\"position\":2,\"name\":\"Panier\",\"item\":\"https:\/\/www.inverseteams.com\/fr\/panier\/\"},{\"@type\":\"ListItem\",\"position\":3,\"name\":\"Cuissard v\u00e9lo MASSI UCI TEAM (FEMME)\"}]},{\"@type\":\"WebSite\",\"@id\":\"https:\/\/www.inverseteams.com\/fr\/#website\",\"url\":\"https:\/\/www.inverseteams.com\/fr\/\",\"name\":\"Inverseteams\",\"description\":\"Tu marca de ropa deportiva personalizada\",\"publisher\":{\"@id\":\"https:\/\/www.inverseteams.com\/fr\/#organization\"},\"potentialAction\":[{\"@type\":\"SearchAction\",\"target\":{\"@type\":\"EntryPoint\",\"urlTemplate\":\"https:\/\/www.inverseteams.com\/fr\/?s={search_term_string}\"},\"query-input\":{\"@type\":\"PropertyValueSpecification\",\"valueRequired\":true,\"valueName\":\"search_term_string\"}}],\"inLanguage\":\"fr-FR\"},{\"@type\":\"Organization\",\"@id\":\"https:\/\/www.inverseteams.com\/fr\/#organization\",\"name\":\"Inverse Teams\",\"url\":\"https:\/\/www.inverseteams.com\/fr\/\",\"logo\":{\"@type\":\"ImageObject\",\"inLanguage\":\"fr-FR\",\"@id\":\"https:\/\/www.inverseteams.com\/fr\/#\/schema\/logo\/image\/\",\"url\":\"https:\/\/www.inverseteams.com\/wp-content\/uploads\/2021\/03\/logo-inverse-teams.png\",\"contentUrl\":\"https:\/\/www.inverseteams.com\/wp-content\/uploads\/2021\/03\/logo-inverse-teams.png\",\"width\":294,\"height\":99,\"caption\":\"Inverse Teams\"},\"image\":{\"@id\":\"https:\/\/www.inverseteams.com\/fr\/#\/schema\/logo\/image\/\"},\"sameAs\":[\"https:\/\/www.facebook.com\/inverseteams\",\"http:\/\/instagram.com\/inverseteams\",\"https:\/\/www.linkedin.com\/company\/inverse-cirosport-s-l-?trk=job_view_topcard_company_name\",\"http:\/\/www.pinterest.com\/inverseteams\/\",\"http:\/\/www.youtube.com\/user\/inverseteams?feature=watch\"]}]}<\/script>\n<!-- \/ Yoast SEO plugin. -->","yoast_head_json":{"title":"Culotte ciclista MASSI UCI TEAM (MUJER)","description":"Le cuissard v\u00e9lo id\u00e9al pour l\u2019entra\u00eenement et la comp\u00e9tition. Son \u00e9lasticit\u00e9 et sa l\u00e9g\u00e8ret\u00e9 vous permettront une grande libert\u00e9 de mouvement. Le patron du cuissard est con\u00e7u pour s\u2019adapter parfaitement aux diff\u00e9rentes positions sur le v\u00e9lo sans opposer r\u00e9sistance. Les bretelles \u00e0 grille vous aideront \u00e0 \u00e9vacuer la sueur pour vous sentir frais et sec en tout temps. \u00c0 l\u2019extr\u00e9mit\u00e9 des jambes, il y a une bande \u00e9lastique microperfor\u00e9e recouverte \u00e0 l\u2019int\u00e9rieur d\u2019un grip en silicone hypoallerg\u00e9nique. Cela maintient la pi\u00e8ce solidement attach\u00e9e \u00e0 la jambe et mod\u00e8re la transpiration. \u00c0 l\u2019ext\u00e9rieur, il y a des lignes r\u00e9fl\u00e9chissantes de 360\u00ba qui augmentent votre s\u00e9curit\u00e9 en r\u00e9fl\u00e9chissant les lumi\u00e8res des autres v\u00e9hicules. Il int\u00e8gre la fond IN19 en tissu antibact\u00e9rien COOLMAX qui expulse l'humidit\u00e9 et minimise le risque d'irritation cutan\u00e9e. Il est compos\u00e9 de 3 densit\u00e9s et s'adaptera \u00e0 votre anatomie et \u00e0 votre style de p\u00e9dalage.","robots":{"index":"index","follow":"follow","max-snippet":"max-snippet:-1","max-image-preview":"max-image-preview:large","max-video-preview":"max-video-preview:-1"},"canonical":"https:\/\/www.inverseteams.com\/fr\/produit\/cuissard-velo-massi-uci-team-femme\/","og_locale":"fr_FR","og_type":"article","og_title":"Culotte ciclista MASSI UCI TEAM (MUJER)","og_description":"Le cuissard v\u00e9lo id\u00e9al pour l\u2019entra\u00eenement et la comp\u00e9tition. Son \u00e9lasticit\u00e9 et sa l\u00e9g\u00e8ret\u00e9 vous permettront une grande libert\u00e9 de mouvement. Le patron du cuissard est con\u00e7u pour s\u2019adapter parfaitement aux diff\u00e9rentes positions sur le v\u00e9lo sans opposer r\u00e9sistance. Les bretelles \u00e0 grille vous aideront \u00e0 \u00e9vacuer la sueur pour vous sentir frais et sec en tout temps. \u00c0 l\u2019extr\u00e9mit\u00e9 des jambes, il y a une bande \u00e9lastique microperfor\u00e9e recouverte \u00e0 l\u2019int\u00e9rieur d\u2019un grip en silicone hypoallerg\u00e9nique. Cela maintient la pi\u00e8ce solidement attach\u00e9e \u00e0 la jambe et mod\u00e8re la transpiration. \u00c0 l\u2019ext\u00e9rieur, il y a des lignes r\u00e9fl\u00e9chissantes de 360\u00ba qui augmentent votre s\u00e9curit\u00e9 en r\u00e9fl\u00e9chissant les lumi\u00e8res des autres v\u00e9hicules. Il int\u00e8gre la fond IN19 en tissu antibact\u00e9rien COOLMAX qui expulse l'humidit\u00e9 et minimise le risque d'irritation cutan\u00e9e. Il est compos\u00e9 de 3 densit\u00e9s et s'adaptera \u00e0 votre anatomie et \u00e0 votre style de p\u00e9dalage.","og_url":"https:\/\/www.inverseteams.com\/fr\/produit\/cuissard-velo-massi-uci-team-femme\/","og_site_name":"Inverseteams","article_publisher":"https:\/\/www.facebook.com\/inverseteams","article_modified_time":"2023-12-06T10:55:45+00:00","og_image":[{"width":3222,"height":3462,"url":"https:\/\/www.inverseteams.com\/wp-content\/uploads\/CULOTTE-CICLISTA-MASSI-TEAM-MUJER-1.jpg","type":"image\/jpeg"}],"twitter_card":"summary_large_image","twitter_misc":{"Dur\u00e9e de lecture estim\u00e9e":"1 minute"},"schema":{"@context":"https:\/\/schema.org","@graph":[{"@type":"WebPage","@id":"https:\/\/www.inverseteams.com\/fr\/produit\/cuissard-velo-massi-uci-team-femme\/","url":"https:\/\/www.inverseteams.com\/fr\/produit\/cuissard-velo-massi-uci-team-femme\/","name":"Culotte ciclista MASSI UCI TEAM (MUJER)","isPartOf":{"@id":"https:\/\/www.inverseteams.com\/fr\/#website"},"primaryImageOfPage":{"@id":"https:\/\/www.inverseteams.com\/fr\/produit\/cuissard-velo-massi-uci-team-femme\/#primaryimage"},"image":{"@id":"https:\/\/www.inverseteams.com\/fr\/produit\/cuissard-velo-massi-uci-team-femme\/#primaryimage"},"thumbnailUrl":"https:\/\/www.inverseteams.com\/wp-content\/uploads\/CULOTTE-CICLISTA-MASSI-TEAM-MUJER-1.jpg","datePublished":"2023-12-06T10:37:28+00:00","dateModified":"2023-12-06T10:55:45+00:00","description":"Le cuissard v\u00e9lo id\u00e9al pour l\u2019entra\u00eenement et la comp\u00e9tition. Son \u00e9lasticit\u00e9 et sa l\u00e9g\u00e8ret\u00e9 vous permettront une grande libert\u00e9 de mouvement. Le patron du cuissard est con\u00e7u pour s\u2019adapter parfaitement aux diff\u00e9rentes positions sur le v\u00e9lo sans opposer r\u00e9sistance. Les bretelles \u00e0 grille vous aideront \u00e0 \u00e9vacuer la sueur pour vous sentir frais et sec en tout temps. \u00c0 l\u2019extr\u00e9mit\u00e9 des jambes, il y a une bande \u00e9lastique microperfor\u00e9e recouverte \u00e0 l\u2019int\u00e9rieur d\u2019un grip en silicone hypoallerg\u00e9nique. Cela maintient la pi\u00e8ce solidement attach\u00e9e \u00e0 la jambe et mod\u00e8re la transpiration. \u00c0 l\u2019ext\u00e9rieur, il y a des lignes r\u00e9fl\u00e9chissantes de 360\u00ba qui augmentent votre s\u00e9curit\u00e9 en r\u00e9fl\u00e9chissant les lumi\u00e8res des autres v\u00e9hicules. Il int\u00e8gre la fond IN19 en tissu antibact\u00e9rien COOLMAX qui expulse l'humidit\u00e9 et minimise le risque d'irritation cutan\u00e9e. Il est compos\u00e9 de 3 densit\u00e9s et s'adaptera \u00e0 votre anatomie et \u00e0 votre style de p\u00e9dalage.","breadcrumb":{"@id":"https:\/\/www.inverseteams.com\/fr\/produit\/cuissard-velo-massi-uci-team-femme\/#breadcrumb"},"inLanguage":"fr-FR","potentialAction":[{"@type":"ReadAction","target":["https:\/\/www.inverseteams.com\/fr\/produit\/cuissard-velo-massi-uci-team-femme\/"]}]},{"@type":"ImageObject","inLanguage":"fr-FR","@id":"https:\/\/www.inverseteams.com\/fr\/produit\/cuissard-velo-massi-uci-team-femme\/#primaryimage","url":"https:\/\/www.inverseteams.com\/wp-content\/uploads\/CULOTTE-CICLISTA-MASSI-TEAM-MUJER-1.jpg","contentUrl":"https:\/\/www.inverseteams.com\/wp-content\/uploads\/CULOTTE-CICLISTA-MASSI-TEAM-MUJER-1.jpg","width":3222,"height":3462,"caption":"Cuissard v\u00e9lo MASSI UCI Team"},{"@type":"BreadcrumbList","@id":"https:\/\/www.inverseteams.com\/fr\/produit\/cuissard-velo-massi-uci-team-femme\/#breadcrumb","itemListElement":[{"@type":"ListItem","position":1,"name":"Portada","item":"https:\/\/www.inverseteams.com\/fr\/pagina-principal\/"},{"@type":"ListItem","position":2,"name":"Panier","item":"https:\/\/www.inverseteams.com\/fr\/panier\/"},{"@type":"ListItem","position":3,"name":"Cuissard v\u00e9lo MASSI UCI TEAM (FEMME)"}]},{"@type":"WebSite","@id":"https:\/\/www.inverseteams.com\/fr\/#website","url":"https:\/\/www.inverseteams.com\/fr\/","name":"Inverseteams","description":"Tu marca de ropa deportiva personalizada","publisher":{"@id":"https:\/\/www.inverseteams.com\/fr\/#organization"},"potentialAction":[{"@type":"SearchAction","target":{"@type":"EntryPoint","urlTemplate":"https:\/\/www.inverseteams.com\/fr\/?s={search_term_string}"},"query-input":{"@type":"PropertyValueSpecification","valueRequired":true,"valueName":"search_term_string"}}],"inLanguage":"fr-FR"},{"@type":"Organization","@id":"https:\/\/www.inverseteams.com\/fr\/#organization","name":"Inverse Teams","url":"https:\/\/www.inverseteams.com\/fr\/","logo":{"@type":"ImageObject","inLanguage":"fr-FR","@id":"https:\/\/www.inverseteams.com\/fr\/#\/schema\/logo\/image\/","url":"https:\/\/www.inverseteams.com\/wp-content\/uploads\/2021\/03\/logo-inverse-teams.png","contentUrl":"https:\/\/www.inverseteams.com\/wp-content\/uploads\/2021\/03\/logo-inverse-teams.png","width":294,"height":99,"caption":"Inverse Teams"},"image":{"@id":"https:\/\/www.inverseteams.com\/fr\/#\/schema\/logo\/image\/"},"sameAs":["https:\/\/www.facebook.com\/inverseteams","http:\/\/instagram.com\/inverseteams","https:\/\/www.linkedin.com\/company\/inverse-cirosport-s-l-?trk=job_view_topcard_company_name","http:\/\/www.pinterest.com\/inverseteams\/","http:\/\/www.youtube.com\/user\/inverseteams?feature=watch"]}]}},"_links":{"self":[{"href":"https:\/\/www.inverseteams.com\/fr\/wp-json\/wp\/v2\/product\/172280","targetHints":{"allow":["GET"]}}],"collection":[{"href":"https:\/\/www.inverseteams.com\/fr\/wp-json\/wp\/v2\/product"}],"about":[{"href":"https:\/\/www.inverseteams.com\/fr\/wp-json\/wp\/v2\/types\/product"}],"replies":[{"embeddable":true,"href":"https:\/\/www.inverseteams.com\/fr\/wp-json\/wp\/v2\/comments?post=172280"}],"wp:featuredmedia":[{"embeddable":true,"href":"https:\/\/www.inverseteams.com\/fr\/wp-json\/wp\/v2\/media\/18128"}],"wp:attachment":[{"href":"https:\/\/www.inverseteams.com\/fr\/wp-json\/wp\/v2\/media?parent=172280"}],"wp:term":[{"taxonomy":"product_brand","embeddable":true,"href":"https:\/\/www.inverseteams.com\/fr\/wp-json\/wp\/v2\/product_brand?post=172280"},{"taxonomy":"product_cat","embeddable":true,"href":"https:\/\/www.inverseteams.com\/fr\/wp-json\/wp\/v2\/product_cat?post=172280"},{"taxonomy":"product_tag","embeddable":true,"href":"https:\/\/www.inverseteams.com\/fr\/wp-json\/wp\/v2\/product_tag?post=172280"},{"taxonomy":"custom_category","embeddable":true,"href":"https:\/\/www.inverseteams.com\/fr\/wp-json\/wp\/v2\/custom_category?post=172280"},{"taxonomy":"range","embeddable":true,"href":"https:\/\/www.inverseteams.com\/fr\/wp-json\/wp\/v2\/range?post=172280"}],"curies":[{"name":"wp","href":"https:\/\/api.w.org\/{rel}","templated":true}]}}