{"id":171129,"date":"2023-11-28T16:20:23","date_gmt":"2023-11-28T16:25:43","guid":{"rendered":"https:\/\/www.inverseteams.com\/?post_type=product&#038;p=171129"},"modified":"2024-12-11T07:58:13","modified_gmt":"2024-12-11T07:58:13","slug":"maillot-manche-longue-personnalise-avec-eclairage-de-securite-antares","status":"publish","type":"product","link":"https:\/\/www.inverseteams.com\/fr\/produit\/maillot-manche-longue-personnalise-avec-eclairage-de-securite-antares\/","title":{"rendered":"Maillot manche longue personnalis\u00e9 avec \u00e9clairage de s\u00e9curit\u00e9 ANTARES"},"content":{"rendered":"<p>Dans la zone de la poche, il int\u00e8gre une lumi\u00e8re de s\u00e9curit\u00e9 LED amovible. Il dispose de 2 modes d\u2019\u00e9clairage : fixe et clignotant. D\u2019une puissance de 150 lumens, sa port\u00e9e de visibilit\u00e9 maximale est de 20 m\u00e8tres. Il dure de 2 \u00e0 4 heures et est facilement rechargeable via USB 3.0. Le nouveau maillot ANTARES est parfaite pour profiter du v\u00e9lo en toute s\u00e9curit\u00e9 pendant les p\u00e9riodes de faible luminosit\u00e9.<br \/>\nCe maillot technique est parfait pour l\u2019entra\u00eenement et la comp\u00e9tition. La combinaison de ses 3 tissus lui permet de s\u2019adapter \u00e0 toutes vos positions sans opposer de r\u00e9sistance et vous offre une bonne a\u00e9rodynamique en tout temps.<br \/>\nLa structure du tissu aide \u00e0 \u00e9vacuer la sueur \u00e0 l\u2019ext\u00e9rieur et maintient votre peau au sec, tout en conservant la chaleur du corps.<br \/>\nLes poignets \u00e0 double \u00e9paisseur d\u00e9coup\u00e9s au laser, s\u2019adaptent parfaitement aux bras et emp\u00eachent l\u2019air d\u2019entrer.<br \/>\n\u00c0 la taille, il est entour\u00e9 d\u2019un surfilage qui l\u2019ajuste au mieux. Ce surfilage int\u00e8gre des lignes r\u00e9fl\u00e9chissantes de 360\u00ba, qui augmentent votre s\u00e9curit\u00e9 en r\u00e9fl\u00e9chissant les lumi\u00e8res des autres v\u00e9hicules.<br \/>\nSur la zone lombaire nous trouvons 3 poches avec le nouveau syst\u00e8me s\u00e9curit\u00e9 ISP &#8211; Inverse Safe Pocket \u2013 vous permettant de stocker n\u2019importe quel objet sans crainte de le perdre ; profitez du v\u00e9lo sans soucis<\/p>\n","protected":false},"excerpt":{"rendered":"<p>Dans la zone de la poche, il int\u00e8gre une lumi\u00e8re de s\u00e9curit\u00e9 LED amovible. Il dispose de 2 modes d\u2019\u00e9clairage : fixe et clignotant. D\u2019une puissance de 150 lumens, sa port\u00e9e de visibilit\u00e9 maximale est de 20 m\u00e8tres. Il dure de 2 \u00e0 4 heures et est facilement rechargeable via USB 3.0. Le nouveau maillot ANTARES est parfaite pour profiter du v\u00e9lo en toute s\u00e9curit\u00e9 pendant les p\u00e9riodes de faible luminosit\u00e9.<br \/>\nCe maillot technique est parfait pour l\u2019entra\u00eenement et la comp\u00e9tition. La combinaison de ses 3 tissus lui permet de s\u2019adapter \u00e0 toutes vos positions sans opposer de r\u00e9sistance et vous offre une bonne a\u00e9rodynamique en tout temps.<br \/>\nLa structure du tissu aide \u00e0 \u00e9vacuer la sueur \u00e0 l\u2019ext\u00e9rieur et maintient votre peau au sec, tout en conservant la chaleur du corps.<br \/>\nLes poignets \u00e0 double \u00e9paisseur d\u00e9coup\u00e9s au laser, s\u2019adaptent parfaitement aux bras et emp\u00eachent l\u2019air d\u2019entrer.<br \/>\n\u00c0 la taille, il est entour\u00e9 d\u2019un surfilage qui l\u2019ajuste au mieux. Ce surfilage int\u00e8gre des lignes r\u00e9fl\u00e9chissantes de 360\u00ba, qui augmentent votre s\u00e9curit\u00e9 en r\u00e9fl\u00e9chissant les lumi\u00e8res des autres v\u00e9hicules.<br \/>\nSur la zone lombaire nous trouvons 3 poches avec le nouveau syst\u00e8me s\u00e9curit\u00e9 ISP &#8211; Inverse Safe Pocket \u2013 vous permettant de stocker n\u2019importe quel objet sans crainte de le perdre ; profitez du v\u00e9lo sans soucis<\/p>\n","protected":false},"featured_media":171100,"comment_status":"closed","ping_status":"closed","template":"","meta":{"_acf_changed":false},"product_brand":[],"product_cat":[8305],"product_tag":[],"custom_category":[3349,3352,3415],"range":[11016],"class_list":{"0":"post-171129","1":"product","2":"type-product","3":"status-publish","4":"has-post-thumbnail","6":"product_cat-uncategorized-fr","7":"pa_climatologia-froid","8":"pa_deporte-cyclisme","9":"pa_genero-homme","10":"pa_genero-femme","11":"pa_genero-infantile-fr","12":"pa_patronaje-fit-fr","13":"pa_patronaje-regular-fr","14":"pa_tipo-de-prenda-maillot-manche-longue","15":"custom_category-sport-fr","16":"custom_category-vetements-cyclisme-personnalises","17":"custom_category-maillot-cyclisme-personnalise","18":"range-antares-fr","20":"first","21":"instock","22":"product-type-custom"},"acf":[],"yoast_head":"<!-- This site is optimized with the Yoast SEO plugin v27.3 - https:\/\/yoast.com\/product\/yoast-seo-wordpress\/ -->\n<title>Maillot manche longue personnalis\u00e9 avec \u00e9clairage de s\u00e9curit\u00e9 ANTARES | Inverseteams<\/title>\n<meta name=\"description\" content=\"Dans la zone de la poche, il int\u00e8gre une lumi\u00e8re de s\u00e9curit\u00e9 LED amovible. Il dispose de 2 modes d\u2019\u00e9clairage : fixe et clignotant. D\u2019une puissance de 150 lumens, sa port\u00e9e de visibilit\u00e9 maximale est de 20 m\u00e8tres. Il dure de 2 \u00e0 4 heures et est facilement rechargeable via USB 3.0. Le nouveau maillot ANTARES est parfaite pour profiter du v\u00e9lo en toute s\u00e9curit\u00e9 pendant les p\u00e9riodes de faible luminosit\u00e9. Ce maillot technique est parfait pour l\u2019entra\u00eenement et la comp\u00e9tition. La combinaison de ses 3 tissus lui permet de s\u2019adapter \u00e0 toutes vos positions sans opposer de r\u00e9sistance et vous offre une bonne a\u00e9rodynamique en tout temps. La structure du tissu aide \u00e0 \u00e9vacuer la sueur \u00e0 l\u2019ext\u00e9rieur et maintient votre peau au sec, tout en conservant la chaleur du corps. Les poignets \u00e0 double \u00e9paisseur d\u00e9coup\u00e9s au laser, s\u2019adaptent parfaitement aux bras et emp\u00eachent l\u2019air d\u2019entrer. \u00c0 la taille, il est entour\u00e9 d\u2019un surfilage qui l\u2019ajuste au mieux. Ce surfilage int\u00e8gre des lignes r\u00e9fl\u00e9chissantes de 360\u00ba, qui augmentent votre s\u00e9curit\u00e9 en r\u00e9fl\u00e9chissant les lumi\u00e8res des autres v\u00e9hicules. Sur la zone lombaire nous trouvons 3 poches avec le nouveau syst\u00e8me s\u00e9curit\u00e9 ISP - Inverse Safe Pocket \u2013 vous permettant de stocker n\u2019importe quel objet sans crainte de le perdre ; profitez du v\u00e9lo sans soucis\" \/>\n<meta name=\"robots\" content=\"index, follow, max-snippet:-1, max-image-preview:large, max-video-preview:-1\" \/>\n<link rel=\"canonical\" href=\"https:\/\/www.inverseteams.com\/fr\/produit\/maillot-manche-longue-personnalise-avec-eclairage-de-securite-antares\/\" \/>\n<meta property=\"og:locale\" content=\"fr_FR\" \/>\n<meta property=\"og:type\" content=\"article\" \/>\n<meta property=\"og:title\" content=\"Maillot manche longue personnalis\u00e9 avec \u00e9clairage de s\u00e9curit\u00e9 ANTARES | Inverseteams\" \/>\n<meta property=\"og:description\" content=\"Dans la zone de la poche, il int\u00e8gre une lumi\u00e8re de s\u00e9curit\u00e9 LED amovible. Il dispose de 2 modes d\u2019\u00e9clairage : fixe et clignotant. D\u2019une puissance de 150 lumens, sa port\u00e9e de visibilit\u00e9 maximale est de 20 m\u00e8tres. Il dure de 2 \u00e0 4 heures et est facilement rechargeable via USB 3.0. Le nouveau maillot ANTARES est parfaite pour profiter du v\u00e9lo en toute s\u00e9curit\u00e9 pendant les p\u00e9riodes de faible luminosit\u00e9. Ce maillot technique est parfait pour l\u2019entra\u00eenement et la comp\u00e9tition. La combinaison de ses 3 tissus lui permet de s\u2019adapter \u00e0 toutes vos positions sans opposer de r\u00e9sistance et vous offre une bonne a\u00e9rodynamique en tout temps. La structure du tissu aide \u00e0 \u00e9vacuer la sueur \u00e0 l\u2019ext\u00e9rieur et maintient votre peau au sec, tout en conservant la chaleur du corps. Les poignets \u00e0 double \u00e9paisseur d\u00e9coup\u00e9s au laser, s\u2019adaptent parfaitement aux bras et emp\u00eachent l\u2019air d\u2019entrer. \u00c0 la taille, il est entour\u00e9 d\u2019un surfilage qui l\u2019ajuste au mieux. Ce surfilage int\u00e8gre des lignes r\u00e9fl\u00e9chissantes de 360\u00ba, qui augmentent votre s\u00e9curit\u00e9 en r\u00e9fl\u00e9chissant les lumi\u00e8res des autres v\u00e9hicules. Sur la zone lombaire nous trouvons 3 poches avec le nouveau syst\u00e8me s\u00e9curit\u00e9 ISP - Inverse Safe Pocket \u2013 vous permettant de stocker n\u2019importe quel objet sans crainte de le perdre ; profitez du v\u00e9lo sans soucis\" \/>\n<meta property=\"og:url\" content=\"https:\/\/www.inverseteams.com\/fr\/produit\/maillot-manche-longue-personnalise-avec-eclairage-de-securite-antares\/\" \/>\n<meta property=\"og:site_name\" content=\"Inverseteams\" \/>\n<meta property=\"article:publisher\" content=\"https:\/\/www.facebook.com\/inverseteams\" \/>\n<meta property=\"article:modified_time\" content=\"2024-12-11T07:58:13+00:00\" \/>\n<meta property=\"og:image\" content=\"https:\/\/www.inverseteams.com\/wp-content\/uploads\/MAILLOT-MANGA-LARGA-CON-LUZ-ANTARES-1.jpg\" \/>\n\t<meta property=\"og:image:width\" content=\"3222\" \/>\n\t<meta property=\"og:image:height\" content=\"3462\" \/>\n\t<meta property=\"og:image:type\" content=\"image\/jpeg\" \/>\n<meta name=\"twitter:card\" content=\"summary_large_image\" \/>\n<meta name=\"twitter:label1\" content=\"Dur\u00e9e de lecture estim\u00e9e\" \/>\n\t<meta name=\"twitter:data1\" content=\"2 minutes\" \/>\n<script type=\"application\/ld+json\" class=\"yoast-schema-graph\">{\"@context\":\"https:\\\/\\\/schema.org\",\"@graph\":[{\"@type\":\"WebPage\",\"@id\":\"https:\\\/\\\/www.inverseteams.com\\\/fr\\\/produit\\\/maillot-manche-longue-personnalise-avec-eclairage-de-securite-antares\\\/\",\"url\":\"https:\\\/\\\/www.inverseteams.com\\\/fr\\\/produit\\\/maillot-manche-longue-personnalise-avec-eclairage-de-securite-antares\\\/\",\"name\":\"Maillot manche longue personnalis\u00e9 avec \u00e9clairage de s\u00e9curit\u00e9 ANTARES | Inverseteams\",\"isPartOf\":{\"@id\":\"https:\\\/\\\/www.inverseteams.com\\\/fr\\\/#website\"},\"primaryImageOfPage\":{\"@id\":\"https:\\\/\\\/www.inverseteams.com\\\/fr\\\/produit\\\/maillot-manche-longue-personnalise-avec-eclairage-de-securite-antares\\\/#primaryimage\"},\"image\":{\"@id\":\"https:\\\/\\\/www.inverseteams.com\\\/fr\\\/produit\\\/maillot-manche-longue-personnalise-avec-eclairage-de-securite-antares\\\/#primaryimage\"},\"thumbnailUrl\":\"https:\\\/\\\/www.inverseteams.com\\\/wp-content\\\/uploads\\\/MAILLOT-MANGA-LARGA-CON-LUZ-ANTARES-1.jpg\",\"datePublished\":\"2023-11-28T16:25:43+00:00\",\"dateModified\":\"2024-12-11T07:58:13+00:00\",\"description\":\"Dans la zone de la poche, il int\u00e8gre une lumi\u00e8re de s\u00e9curit\u00e9 LED amovible. Il dispose de 2 modes d\u2019\u00e9clairage : fixe et clignotant. D\u2019une puissance de 150 lumens, sa port\u00e9e de visibilit\u00e9 maximale est de 20 m\u00e8tres. Il dure de 2 \u00e0 4 heures et est facilement rechargeable via USB 3.0. Le nouveau maillot ANTARES est parfaite pour profiter du v\u00e9lo en toute s\u00e9curit\u00e9 pendant les p\u00e9riodes de faible luminosit\u00e9. Ce maillot technique est parfait pour l\u2019entra\u00eenement et la comp\u00e9tition. La combinaison de ses 3 tissus lui permet de s\u2019adapter \u00e0 toutes vos positions sans opposer de r\u00e9sistance et vous offre une bonne a\u00e9rodynamique en tout temps. La structure du tissu aide \u00e0 \u00e9vacuer la sueur \u00e0 l\u2019ext\u00e9rieur et maintient votre peau au sec, tout en conservant la chaleur du corps. Les poignets \u00e0 double \u00e9paisseur d\u00e9coup\u00e9s au laser, s\u2019adaptent parfaitement aux bras et emp\u00eachent l\u2019air d\u2019entrer. \u00c0 la taille, il est entour\u00e9 d\u2019un surfilage qui l\u2019ajuste au mieux. Ce surfilage int\u00e8gre des lignes r\u00e9fl\u00e9chissantes de 360\u00ba, qui augmentent votre s\u00e9curit\u00e9 en r\u00e9fl\u00e9chissant les lumi\u00e8res des autres v\u00e9hicules. Sur la zone lombaire nous trouvons 3 poches avec le nouveau syst\u00e8me s\u00e9curit\u00e9 ISP - Inverse Safe Pocket \u2013 vous permettant de stocker n\u2019importe quel objet sans crainte de le perdre ; profitez du v\u00e9lo sans soucis\",\"breadcrumb\":{\"@id\":\"https:\\\/\\\/www.inverseteams.com\\\/fr\\\/produit\\\/maillot-manche-longue-personnalise-avec-eclairage-de-securite-antares\\\/#breadcrumb\"},\"inLanguage\":\"fr-FR\",\"potentialAction\":[{\"@type\":\"ReadAction\",\"target\":[\"https:\\\/\\\/www.inverseteams.com\\\/fr\\\/produit\\\/maillot-manche-longue-personnalise-avec-eclairage-de-securite-antares\\\/\"]}]},{\"@type\":\"ImageObject\",\"inLanguage\":\"fr-FR\",\"@id\":\"https:\\\/\\\/www.inverseteams.com\\\/fr\\\/produit\\\/maillot-manche-longue-personnalise-avec-eclairage-de-securite-antares\\\/#primaryimage\",\"url\":\"https:\\\/\\\/www.inverseteams.com\\\/wp-content\\\/uploads\\\/MAILLOT-MANGA-LARGA-CON-LUZ-ANTARES-1.jpg\",\"contentUrl\":\"https:\\\/\\\/www.inverseteams.com\\\/wp-content\\\/uploads\\\/MAILLOT-MANGA-LARGA-CON-LUZ-ANTARES-1.jpg\",\"width\":3222,\"height\":3462,\"caption\":\"Maillot cyclisme avec lumi\u00e8re s\u00e9curit\u00e9\"},{\"@type\":\"BreadcrumbList\",\"@id\":\"https:\\\/\\\/www.inverseteams.com\\\/fr\\\/produit\\\/maillot-manche-longue-personnalise-avec-eclairage-de-securite-antares\\\/#breadcrumb\",\"itemListElement\":[{\"@type\":\"ListItem\",\"position\":1,\"name\":\"Portada\",\"item\":\"https:\\\/\\\/www.inverseteams.com\\\/fr\\\/pagina-principal\\\/\"},{\"@type\":\"ListItem\",\"position\":2,\"name\":\"Panier\",\"item\":\"https:\\\/\\\/www.inverseteams.com\\\/fr\\\/panier\\\/\"},{\"@type\":\"ListItem\",\"position\":3,\"name\":\"Maillot manche longue personnalis\u00e9 avec \u00e9clairage de s\u00e9curit\u00e9 ANTARES\"}]},{\"@type\":\"WebSite\",\"@id\":\"https:\\\/\\\/www.inverseteams.com\\\/fr\\\/#website\",\"url\":\"https:\\\/\\\/www.inverseteams.com\\\/fr\\\/\",\"name\":\"Inverseteams\",\"description\":\"Tu marca de ropa deportiva personalizada\",\"publisher\":{\"@id\":\"https:\\\/\\\/www.inverseteams.com\\\/fr\\\/#organization\"},\"potentialAction\":[{\"@type\":\"SearchAction\",\"target\":{\"@type\":\"EntryPoint\",\"urlTemplate\":\"https:\\\/\\\/www.inverseteams.com\\\/fr\\\/?s={search_term_string}\"},\"query-input\":{\"@type\":\"PropertyValueSpecification\",\"valueRequired\":true,\"valueName\":\"search_term_string\"}}],\"inLanguage\":\"fr-FR\"},{\"@type\":\"Organization\",\"@id\":\"https:\\\/\\\/www.inverseteams.com\\\/fr\\\/#organization\",\"name\":\"Inverse Teams\",\"url\":\"https:\\\/\\\/www.inverseteams.com\\\/fr\\\/\",\"logo\":{\"@type\":\"ImageObject\",\"inLanguage\":\"fr-FR\",\"@id\":\"https:\\\/\\\/www.inverseteams.com\\\/fr\\\/#\\\/schema\\\/logo\\\/image\\\/\",\"url\":\"https:\\\/\\\/www.inverseteams.com\\\/wp-content\\\/uploads\\\/2021\\\/03\\\/logo-inverse-teams.png\",\"contentUrl\":\"https:\\\/\\\/www.inverseteams.com\\\/wp-content\\\/uploads\\\/2021\\\/03\\\/logo-inverse-teams.png\",\"width\":294,\"height\":99,\"caption\":\"Inverse Teams\"},\"image\":{\"@id\":\"https:\\\/\\\/www.inverseteams.com\\\/fr\\\/#\\\/schema\\\/logo\\\/image\\\/\"},\"sameAs\":[\"https:\\\/\\\/www.facebook.com\\\/inverseteams\",\"http:\\\/\\\/instagram.com\\\/inverseteams\",\"https:\\\/\\\/www.linkedin.com\\\/company\\\/inverse-cirosport-s-l-?trk=job_view_topcard_company_name\",\"http:\\\/\\\/www.pinterest.com\\\/inverseteams\\\/\",\"http:\\\/\\\/www.youtube.com\\\/user\\\/inverseteams?feature=watch\"]}]}<\/script>\n<!-- \/ Yoast SEO plugin. -->","yoast_head_json":{"title":"Maillot manche longue personnalis\u00e9 avec \u00e9clairage de s\u00e9curit\u00e9 ANTARES | Inverseteams","description":"Dans la zone de la poche, il int\u00e8gre une lumi\u00e8re de s\u00e9curit\u00e9 LED amovible. Il dispose de 2 modes d\u2019\u00e9clairage : fixe et clignotant. D\u2019une puissance de 150 lumens, sa port\u00e9e de visibilit\u00e9 maximale est de 20 m\u00e8tres. Il dure de 2 \u00e0 4 heures et est facilement rechargeable via USB 3.0. Le nouveau maillot ANTARES est parfaite pour profiter du v\u00e9lo en toute s\u00e9curit\u00e9 pendant les p\u00e9riodes de faible luminosit\u00e9. Ce maillot technique est parfait pour l\u2019entra\u00eenement et la comp\u00e9tition. La combinaison de ses 3 tissus lui permet de s\u2019adapter \u00e0 toutes vos positions sans opposer de r\u00e9sistance et vous offre une bonne a\u00e9rodynamique en tout temps. La structure du tissu aide \u00e0 \u00e9vacuer la sueur \u00e0 l\u2019ext\u00e9rieur et maintient votre peau au sec, tout en conservant la chaleur du corps. Les poignets \u00e0 double \u00e9paisseur d\u00e9coup\u00e9s au laser, s\u2019adaptent parfaitement aux bras et emp\u00eachent l\u2019air d\u2019entrer. \u00c0 la taille, il est entour\u00e9 d\u2019un surfilage qui l\u2019ajuste au mieux. Ce surfilage int\u00e8gre des lignes r\u00e9fl\u00e9chissantes de 360\u00ba, qui augmentent votre s\u00e9curit\u00e9 en r\u00e9fl\u00e9chissant les lumi\u00e8res des autres v\u00e9hicules. Sur la zone lombaire nous trouvons 3 poches avec le nouveau syst\u00e8me s\u00e9curit\u00e9 ISP - Inverse Safe Pocket \u2013 vous permettant de stocker n\u2019importe quel objet sans crainte de le perdre ; profitez du v\u00e9lo sans soucis","robots":{"index":"index","follow":"follow","max-snippet":"max-snippet:-1","max-image-preview":"max-image-preview:large","max-video-preview":"max-video-preview:-1"},"canonical":"https:\/\/www.inverseteams.com\/fr\/produit\/maillot-manche-longue-personnalise-avec-eclairage-de-securite-antares\/","og_locale":"fr_FR","og_type":"article","og_title":"Maillot manche longue personnalis\u00e9 avec \u00e9clairage de s\u00e9curit\u00e9 ANTARES | Inverseteams","og_description":"Dans la zone de la poche, il int\u00e8gre une lumi\u00e8re de s\u00e9curit\u00e9 LED amovible. Il dispose de 2 modes d\u2019\u00e9clairage : fixe et clignotant. D\u2019une puissance de 150 lumens, sa port\u00e9e de visibilit\u00e9 maximale est de 20 m\u00e8tres. Il dure de 2 \u00e0 4 heures et est facilement rechargeable via USB 3.0. Le nouveau maillot ANTARES est parfaite pour profiter du v\u00e9lo en toute s\u00e9curit\u00e9 pendant les p\u00e9riodes de faible luminosit\u00e9. Ce maillot technique est parfait pour l\u2019entra\u00eenement et la comp\u00e9tition. La combinaison de ses 3 tissus lui permet de s\u2019adapter \u00e0 toutes vos positions sans opposer de r\u00e9sistance et vous offre une bonne a\u00e9rodynamique en tout temps. La structure du tissu aide \u00e0 \u00e9vacuer la sueur \u00e0 l\u2019ext\u00e9rieur et maintient votre peau au sec, tout en conservant la chaleur du corps. Les poignets \u00e0 double \u00e9paisseur d\u00e9coup\u00e9s au laser, s\u2019adaptent parfaitement aux bras et emp\u00eachent l\u2019air d\u2019entrer. \u00c0 la taille, il est entour\u00e9 d\u2019un surfilage qui l\u2019ajuste au mieux. Ce surfilage int\u00e8gre des lignes r\u00e9fl\u00e9chissantes de 360\u00ba, qui augmentent votre s\u00e9curit\u00e9 en r\u00e9fl\u00e9chissant les lumi\u00e8res des autres v\u00e9hicules. Sur la zone lombaire nous trouvons 3 poches avec le nouveau syst\u00e8me s\u00e9curit\u00e9 ISP - Inverse Safe Pocket \u2013 vous permettant de stocker n\u2019importe quel objet sans crainte de le perdre ; profitez du v\u00e9lo sans soucis","og_url":"https:\/\/www.inverseteams.com\/fr\/produit\/maillot-manche-longue-personnalise-avec-eclairage-de-securite-antares\/","og_site_name":"Inverseteams","article_publisher":"https:\/\/www.facebook.com\/inverseteams","article_modified_time":"2024-12-11T07:58:13+00:00","og_image":[{"width":3222,"height":3462,"url":"https:\/\/www.inverseteams.com\/wp-content\/uploads\/MAILLOT-MANGA-LARGA-CON-LUZ-ANTARES-1.jpg","type":"image\/jpeg"}],"twitter_card":"summary_large_image","twitter_misc":{"Dur\u00e9e de lecture estim\u00e9e":"2 minutes"},"schema":{"@context":"https:\/\/schema.org","@graph":[{"@type":"WebPage","@id":"https:\/\/www.inverseteams.com\/fr\/produit\/maillot-manche-longue-personnalise-avec-eclairage-de-securite-antares\/","url":"https:\/\/www.inverseteams.com\/fr\/produit\/maillot-manche-longue-personnalise-avec-eclairage-de-securite-antares\/","name":"Maillot manche longue personnalis\u00e9 avec \u00e9clairage de s\u00e9curit\u00e9 ANTARES | Inverseteams","isPartOf":{"@id":"https:\/\/www.inverseteams.com\/fr\/#website"},"primaryImageOfPage":{"@id":"https:\/\/www.inverseteams.com\/fr\/produit\/maillot-manche-longue-personnalise-avec-eclairage-de-securite-antares\/#primaryimage"},"image":{"@id":"https:\/\/www.inverseteams.com\/fr\/produit\/maillot-manche-longue-personnalise-avec-eclairage-de-securite-antares\/#primaryimage"},"thumbnailUrl":"https:\/\/www.inverseteams.com\/wp-content\/uploads\/MAILLOT-MANGA-LARGA-CON-LUZ-ANTARES-1.jpg","datePublished":"2023-11-28T16:25:43+00:00","dateModified":"2024-12-11T07:58:13+00:00","description":"Dans la zone de la poche, il int\u00e8gre une lumi\u00e8re de s\u00e9curit\u00e9 LED amovible. Il dispose de 2 modes d\u2019\u00e9clairage : fixe et clignotant. D\u2019une puissance de 150 lumens, sa port\u00e9e de visibilit\u00e9 maximale est de 20 m\u00e8tres. Il dure de 2 \u00e0 4 heures et est facilement rechargeable via USB 3.0. Le nouveau maillot ANTARES est parfaite pour profiter du v\u00e9lo en toute s\u00e9curit\u00e9 pendant les p\u00e9riodes de faible luminosit\u00e9. Ce maillot technique est parfait pour l\u2019entra\u00eenement et la comp\u00e9tition. La combinaison de ses 3 tissus lui permet de s\u2019adapter \u00e0 toutes vos positions sans opposer de r\u00e9sistance et vous offre une bonne a\u00e9rodynamique en tout temps. La structure du tissu aide \u00e0 \u00e9vacuer la sueur \u00e0 l\u2019ext\u00e9rieur et maintient votre peau au sec, tout en conservant la chaleur du corps. Les poignets \u00e0 double \u00e9paisseur d\u00e9coup\u00e9s au laser, s\u2019adaptent parfaitement aux bras et emp\u00eachent l\u2019air d\u2019entrer. \u00c0 la taille, il est entour\u00e9 d\u2019un surfilage qui l\u2019ajuste au mieux. Ce surfilage int\u00e8gre des lignes r\u00e9fl\u00e9chissantes de 360\u00ba, qui augmentent votre s\u00e9curit\u00e9 en r\u00e9fl\u00e9chissant les lumi\u00e8res des autres v\u00e9hicules. Sur la zone lombaire nous trouvons 3 poches avec le nouveau syst\u00e8me s\u00e9curit\u00e9 ISP - Inverse Safe Pocket \u2013 vous permettant de stocker n\u2019importe quel objet sans crainte de le perdre ; profitez du v\u00e9lo sans soucis","breadcrumb":{"@id":"https:\/\/www.inverseteams.com\/fr\/produit\/maillot-manche-longue-personnalise-avec-eclairage-de-securite-antares\/#breadcrumb"},"inLanguage":"fr-FR","potentialAction":[{"@type":"ReadAction","target":["https:\/\/www.inverseteams.com\/fr\/produit\/maillot-manche-longue-personnalise-avec-eclairage-de-securite-antares\/"]}]},{"@type":"ImageObject","inLanguage":"fr-FR","@id":"https:\/\/www.inverseteams.com\/fr\/produit\/maillot-manche-longue-personnalise-avec-eclairage-de-securite-antares\/#primaryimage","url":"https:\/\/www.inverseteams.com\/wp-content\/uploads\/MAILLOT-MANGA-LARGA-CON-LUZ-ANTARES-1.jpg","contentUrl":"https:\/\/www.inverseteams.com\/wp-content\/uploads\/MAILLOT-MANGA-LARGA-CON-LUZ-ANTARES-1.jpg","width":3222,"height":3462,"caption":"Maillot cyclisme avec lumi\u00e8re s\u00e9curit\u00e9"},{"@type":"BreadcrumbList","@id":"https:\/\/www.inverseteams.com\/fr\/produit\/maillot-manche-longue-personnalise-avec-eclairage-de-securite-antares\/#breadcrumb","itemListElement":[{"@type":"ListItem","position":1,"name":"Portada","item":"https:\/\/www.inverseteams.com\/fr\/pagina-principal\/"},{"@type":"ListItem","position":2,"name":"Panier","item":"https:\/\/www.inverseteams.com\/fr\/panier\/"},{"@type":"ListItem","position":3,"name":"Maillot manche longue personnalis\u00e9 avec \u00e9clairage de s\u00e9curit\u00e9 ANTARES"}]},{"@type":"WebSite","@id":"https:\/\/www.inverseteams.com\/fr\/#website","url":"https:\/\/www.inverseteams.com\/fr\/","name":"Inverseteams","description":"Tu marca de ropa deportiva personalizada","publisher":{"@id":"https:\/\/www.inverseteams.com\/fr\/#organization"},"potentialAction":[{"@type":"SearchAction","target":{"@type":"EntryPoint","urlTemplate":"https:\/\/www.inverseteams.com\/fr\/?s={search_term_string}"},"query-input":{"@type":"PropertyValueSpecification","valueRequired":true,"valueName":"search_term_string"}}],"inLanguage":"fr-FR"},{"@type":"Organization","@id":"https:\/\/www.inverseteams.com\/fr\/#organization","name":"Inverse Teams","url":"https:\/\/www.inverseteams.com\/fr\/","logo":{"@type":"ImageObject","inLanguage":"fr-FR","@id":"https:\/\/www.inverseteams.com\/fr\/#\/schema\/logo\/image\/","url":"https:\/\/www.inverseteams.com\/wp-content\/uploads\/2021\/03\/logo-inverse-teams.png","contentUrl":"https:\/\/www.inverseteams.com\/wp-content\/uploads\/2021\/03\/logo-inverse-teams.png","width":294,"height":99,"caption":"Inverse Teams"},"image":{"@id":"https:\/\/www.inverseteams.com\/fr\/#\/schema\/logo\/image\/"},"sameAs":["https:\/\/www.facebook.com\/inverseteams","http:\/\/instagram.com\/inverseteams","https:\/\/www.linkedin.com\/company\/inverse-cirosport-s-l-?trk=job_view_topcard_company_name","http:\/\/www.pinterest.com\/inverseteams\/","http:\/\/www.youtube.com\/user\/inverseteams?feature=watch"]}]}},"_links":{"self":[{"href":"https:\/\/www.inverseteams.com\/fr\/wp-json\/wp\/v2\/product\/171129","targetHints":{"allow":["GET"]}}],"collection":[{"href":"https:\/\/www.inverseteams.com\/fr\/wp-json\/wp\/v2\/product"}],"about":[{"href":"https:\/\/www.inverseteams.com\/fr\/wp-json\/wp\/v2\/types\/product"}],"replies":[{"embeddable":true,"href":"https:\/\/www.inverseteams.com\/fr\/wp-json\/wp\/v2\/comments?post=171129"}],"wp:featuredmedia":[{"embeddable":true,"href":"https:\/\/www.inverseteams.com\/fr\/wp-json\/wp\/v2\/media\/171100"}],"wp:attachment":[{"href":"https:\/\/www.inverseteams.com\/fr\/wp-json\/wp\/v2\/media?parent=171129"}],"wp:term":[{"taxonomy":"product_brand","embeddable":true,"href":"https:\/\/www.inverseteams.com\/fr\/wp-json\/wp\/v2\/product_brand?post=171129"},{"taxonomy":"product_cat","embeddable":true,"href":"https:\/\/www.inverseteams.com\/fr\/wp-json\/wp\/v2\/product_cat?post=171129"},{"taxonomy":"product_tag","embeddable":true,"href":"https:\/\/www.inverseteams.com\/fr\/wp-json\/wp\/v2\/product_tag?post=171129"},{"taxonomy":"custom_category","embeddable":true,"href":"https:\/\/www.inverseteams.com\/fr\/wp-json\/wp\/v2\/custom_category?post=171129"},{"taxonomy":"range","embeddable":true,"href":"https:\/\/www.inverseteams.com\/fr\/wp-json\/wp\/v2\/range?post=171129"}],"curies":[{"name":"wp","href":"https:\/\/api.w.org\/{rel}","templated":true}]}}