{"id":168108,"date":"2023-11-09T13:19:16","date_gmt":"2023-11-09T13:22:51","guid":{"rendered":"https:\/\/www.inverseteams.com\/?post_type=product&#038;p=168108"},"modified":"2023-11-09T13:35:01","modified_gmt":"2023-11-09T13:35:01","slug":"t-shirt-running-manche-courte-offroad","status":"publish","type":"product","link":"https:\/\/www.inverseteams.com\/fr\/produit\/t-shirt-running-manche-courte-offroad\/","title":{"rendered":"T-shirt running manche courte OFFROAD"},"content":{"rendered":"<p>Son tissu \u00e0 structure ouverte permet d\u2019\u00e9vacuer la sueur \u00e0 l\u2019ext\u00e9rieur pour maintenir votre peau s\u00e8che. Sa capacit\u00e9 de s\u00e9chage est \u00e9lev\u00e9e et vous assure de courir confortablement. Ce tissu se distingue \u00e9galement par sa r\u00e9sistance aux accrocs. Vous pouvez pratiquer le sport aussi bien sur l&rsquo;asphalte qu&rsquo;en montagne.<br \/>\nSon patron, sa l\u00e9g\u00e8ret\u00e9 et sa douceur vous feront vous sentir tr\u00e8s \u00e0 l\u2019aise pendant les entra\u00eenements ou en comp\u00e9tition. Ce nouveau t-shirt de running vous aidera \u00e0 optimiser vos efforts et \u00e0 profiter pleinement des sports de plein air.<\/p>\n","protected":false},"excerpt":{"rendered":"<p>Son tissu \u00e0 structure ouverte permet d\u2019\u00e9vacuer la sueur \u00e0 l\u2019ext\u00e9rieur pour maintenir votre peau s\u00e8che. Sa capacit\u00e9 de s\u00e9chage est \u00e9lev\u00e9e et vous assure de courir confortablement. Ce tissu se distingue \u00e9galement par sa r\u00e9sistance aux accrocs. Vous pouvez pratiquer le sport aussi bien sur l&rsquo;asphalte qu&rsquo;en montagne.<br \/>\nSon patron, sa l\u00e9g\u00e8ret\u00e9 et sa douceur vous feront vous sentir tr\u00e8s \u00e0 l\u2019aise pendant les entra\u00eenements ou en comp\u00e9tition. Ce nouveau t-shirt de running vous aidera \u00e0 optimiser vos efforts et \u00e0 profiter pleinement des sports de plein air.<\/p>\n","protected":false},"featured_media":168069,"comment_status":"closed","ping_status":"closed","template":"","meta":{"_acf_changed":false},"product_brand":[],"product_cat":[8305],"product_tag":[],"custom_category":[3349,3460,3457],"range":[10878],"class_list":{"0":"post-168108","1":"product","2":"type-product","3":"status-publish","4":"has-post-thumbnail","6":"product_cat-uncategorized-fr","7":"pa_climatologia-chaud","8":"pa_deporte-running-fr","9":"pa_genero-homme","10":"pa_genero-femme","11":"pa_genero-infantile-fr","12":"pa_patronaje-regular-fr","13":"pa_tipo-de-prenda-t-shirt-fr","14":"custom_category-sport-fr","15":"custom_category-t-shirt-running-personnalise","16":"custom_category-vetements-running-personnalises","17":"range-offroad-fr","19":"first","20":"instock","21":"product-type-custom"},"acf":[],"yoast_head":"<!-- This site is optimized with the Yoast SEO plugin v27.3 - https:\/\/yoast.com\/product\/yoast-seo-wordpress\/ -->\n<title>T-shirt running manche courte OFFROAD | Inverseteams<\/title>\n<meta name=\"description\" content=\"Son tissu \u00e0 structure ouverte permet d\u2019\u00e9vacuer la sueur \u00e0 l\u2019ext\u00e9rieur pour maintenir votre peau s\u00e8che. Sa capacit\u00e9 de s\u00e9chage est \u00e9lev\u00e9e et vous assure de courir confortablement. Ce tissu se distingue \u00e9galement par sa r\u00e9sistance aux accrocs. Vous pouvez pratiquer le sport aussi bien sur l&#039;asphalte qu&#039;en montagne. Son patron, sa l\u00e9g\u00e8ret\u00e9 et sa douceur vous feront vous sentir tr\u00e8s \u00e0 l\u2019aise pendant les entra\u00eenements ou en comp\u00e9tition. Ce nouveau t-shirt de running vous aidera \u00e0 optimiser vos efforts et \u00e0 profiter pleinement des sports de plein air.\" \/>\n<meta name=\"robots\" content=\"index, follow, max-snippet:-1, max-image-preview:large, max-video-preview:-1\" \/>\n<link rel=\"canonical\" href=\"https:\/\/www.inverseteams.com\/fr\/produit\/t-shirt-running-manche-courte-offroad\/\" \/>\n<meta property=\"og:locale\" content=\"fr_FR\" \/>\n<meta property=\"og:type\" content=\"article\" \/>\n<meta property=\"og:title\" content=\"T-shirt running manche courte OFFROAD | Inverseteams\" \/>\n<meta property=\"og:description\" content=\"Son tissu \u00e0 structure ouverte permet d\u2019\u00e9vacuer la sueur \u00e0 l\u2019ext\u00e9rieur pour maintenir votre peau s\u00e8che. Sa capacit\u00e9 de s\u00e9chage est \u00e9lev\u00e9e et vous assure de courir confortablement. Ce tissu se distingue \u00e9galement par sa r\u00e9sistance aux accrocs. Vous pouvez pratiquer le sport aussi bien sur l&#039;asphalte qu&#039;en montagne. Son patron, sa l\u00e9g\u00e8ret\u00e9 et sa douceur vous feront vous sentir tr\u00e8s \u00e0 l\u2019aise pendant les entra\u00eenements ou en comp\u00e9tition. Ce nouveau t-shirt de running vous aidera \u00e0 optimiser vos efforts et \u00e0 profiter pleinement des sports de plein air.\" \/>\n<meta property=\"og:url\" content=\"https:\/\/www.inverseteams.com\/fr\/produit\/t-shirt-running-manche-courte-offroad\/\" \/>\n<meta property=\"og:site_name\" content=\"Inverseteams\" \/>\n<meta property=\"article:publisher\" content=\"https:\/\/www.facebook.com\/inverseteams\" \/>\n<meta property=\"article:modified_time\" content=\"2023-11-09T13:35:01+00:00\" \/>\n<meta property=\"og:image\" content=\"https:\/\/www.inverseteams.com\/wp-content\/uploads\/CAMISETA-MC-OFFROAD-1.jpg\" \/>\n\t<meta property=\"og:image:width\" content=\"3222\" \/>\n\t<meta property=\"og:image:height\" content=\"3462\" \/>\n\t<meta property=\"og:image:type\" content=\"image\/jpeg\" \/>\n<meta name=\"twitter:card\" content=\"summary_large_image\" \/>\n<meta name=\"twitter:label1\" content=\"Dur\u00e9e de lecture estim\u00e9e\" \/>\n\t<meta name=\"twitter:data1\" content=\"1 minute\" \/>\n<script type=\"application\/ld+json\" class=\"yoast-schema-graph\">{\"@context\":\"https:\\\/\\\/schema.org\",\"@graph\":[{\"@type\":\"WebPage\",\"@id\":\"https:\\\/\\\/www.inverseteams.com\\\/fr\\\/produit\\\/t-shirt-running-manche-courte-offroad\\\/\",\"url\":\"https:\\\/\\\/www.inverseteams.com\\\/fr\\\/produit\\\/t-shirt-running-manche-courte-offroad\\\/\",\"name\":\"T-shirt running manche courte OFFROAD | Inverseteams\",\"isPartOf\":{\"@id\":\"https:\\\/\\\/www.inverseteams.com\\\/fr\\\/#website\"},\"primaryImageOfPage\":{\"@id\":\"https:\\\/\\\/www.inverseteams.com\\\/fr\\\/produit\\\/t-shirt-running-manche-courte-offroad\\\/#primaryimage\"},\"image\":{\"@id\":\"https:\\\/\\\/www.inverseteams.com\\\/fr\\\/produit\\\/t-shirt-running-manche-courte-offroad\\\/#primaryimage\"},\"thumbnailUrl\":\"https:\\\/\\\/www.inverseteams.com\\\/wp-content\\\/uploads\\\/CAMISETA-MC-OFFROAD-1.jpg\",\"datePublished\":\"2023-11-09T13:22:51+00:00\",\"dateModified\":\"2023-11-09T13:35:01+00:00\",\"description\":\"Son tissu \u00e0 structure ouverte permet d\u2019\u00e9vacuer la sueur \u00e0 l\u2019ext\u00e9rieur pour maintenir votre peau s\u00e8che. Sa capacit\u00e9 de s\u00e9chage est \u00e9lev\u00e9e et vous assure de courir confortablement. Ce tissu se distingue \u00e9galement par sa r\u00e9sistance aux accrocs. Vous pouvez pratiquer le sport aussi bien sur l'asphalte qu'en montagne. Son patron, sa l\u00e9g\u00e8ret\u00e9 et sa douceur vous feront vous sentir tr\u00e8s \u00e0 l\u2019aise pendant les entra\u00eenements ou en comp\u00e9tition. Ce nouveau t-shirt de running vous aidera \u00e0 optimiser vos efforts et \u00e0 profiter pleinement des sports de plein air.\",\"breadcrumb\":{\"@id\":\"https:\\\/\\\/www.inverseteams.com\\\/fr\\\/produit\\\/t-shirt-running-manche-courte-offroad\\\/#breadcrumb\"},\"inLanguage\":\"fr-FR\",\"potentialAction\":[{\"@type\":\"ReadAction\",\"target\":[\"https:\\\/\\\/www.inverseteams.com\\\/fr\\\/produit\\\/t-shirt-running-manche-courte-offroad\\\/\"]}]},{\"@type\":\"ImageObject\",\"inLanguage\":\"fr-FR\",\"@id\":\"https:\\\/\\\/www.inverseteams.com\\\/fr\\\/produit\\\/t-shirt-running-manche-courte-offroad\\\/#primaryimage\",\"url\":\"https:\\\/\\\/www.inverseteams.com\\\/wp-content\\\/uploads\\\/CAMISETA-MC-OFFROAD-1.jpg\",\"contentUrl\":\"https:\\\/\\\/www.inverseteams.com\\\/wp-content\\\/uploads\\\/CAMISETA-MC-OFFROAD-1.jpg\",\"width\":3222,\"height\":3462,\"caption\":\"T-shirt running OFFROAD personnalis\u00e9\"},{\"@type\":\"BreadcrumbList\",\"@id\":\"https:\\\/\\\/www.inverseteams.com\\\/fr\\\/produit\\\/t-shirt-running-manche-courte-offroad\\\/#breadcrumb\",\"itemListElement\":[{\"@type\":\"ListItem\",\"position\":1,\"name\":\"Portada\",\"item\":\"https:\\\/\\\/www.inverseteams.com\\\/fr\\\/pagina-principal\\\/\"},{\"@type\":\"ListItem\",\"position\":2,\"name\":\"Panier\",\"item\":\"https:\\\/\\\/www.inverseteams.com\\\/fr\\\/panier\\\/\"},{\"@type\":\"ListItem\",\"position\":3,\"name\":\"T-shirt running manche courte OFFROAD\"}]},{\"@type\":\"WebSite\",\"@id\":\"https:\\\/\\\/www.inverseteams.com\\\/fr\\\/#website\",\"url\":\"https:\\\/\\\/www.inverseteams.com\\\/fr\\\/\",\"name\":\"Inverseteams\",\"description\":\"Tu marca de ropa deportiva personalizada\",\"publisher\":{\"@id\":\"https:\\\/\\\/www.inverseteams.com\\\/fr\\\/#organization\"},\"potentialAction\":[{\"@type\":\"SearchAction\",\"target\":{\"@type\":\"EntryPoint\",\"urlTemplate\":\"https:\\\/\\\/www.inverseteams.com\\\/fr\\\/?s={search_term_string}\"},\"query-input\":{\"@type\":\"PropertyValueSpecification\",\"valueRequired\":true,\"valueName\":\"search_term_string\"}}],\"inLanguage\":\"fr-FR\"},{\"@type\":\"Organization\",\"@id\":\"https:\\\/\\\/www.inverseteams.com\\\/fr\\\/#organization\",\"name\":\"Inverse Teams\",\"url\":\"https:\\\/\\\/www.inverseteams.com\\\/fr\\\/\",\"logo\":{\"@type\":\"ImageObject\",\"inLanguage\":\"fr-FR\",\"@id\":\"https:\\\/\\\/www.inverseteams.com\\\/fr\\\/#\\\/schema\\\/logo\\\/image\\\/\",\"url\":\"https:\\\/\\\/www.inverseteams.com\\\/wp-content\\\/uploads\\\/2021\\\/03\\\/logo-inverse-teams.png\",\"contentUrl\":\"https:\\\/\\\/www.inverseteams.com\\\/wp-content\\\/uploads\\\/2021\\\/03\\\/logo-inverse-teams.png\",\"width\":294,\"height\":99,\"caption\":\"Inverse Teams\"},\"image\":{\"@id\":\"https:\\\/\\\/www.inverseteams.com\\\/fr\\\/#\\\/schema\\\/logo\\\/image\\\/\"},\"sameAs\":[\"https:\\\/\\\/www.facebook.com\\\/inverseteams\",\"http:\\\/\\\/instagram.com\\\/inverseteams\",\"https:\\\/\\\/www.linkedin.com\\\/company\\\/inverse-cirosport-s-l-?trk=job_view_topcard_company_name\",\"http:\\\/\\\/www.pinterest.com\\\/inverseteams\\\/\",\"http:\\\/\\\/www.youtube.com\\\/user\\\/inverseteams?feature=watch\"]}]}<\/script>\n<!-- \/ Yoast SEO plugin. -->","yoast_head_json":{"title":"T-shirt running manche courte OFFROAD | Inverseteams","description":"Son tissu \u00e0 structure ouverte permet d\u2019\u00e9vacuer la sueur \u00e0 l\u2019ext\u00e9rieur pour maintenir votre peau s\u00e8che. Sa capacit\u00e9 de s\u00e9chage est \u00e9lev\u00e9e et vous assure de courir confortablement. Ce tissu se distingue \u00e9galement par sa r\u00e9sistance aux accrocs. Vous pouvez pratiquer le sport aussi bien sur l'asphalte qu'en montagne. Son patron, sa l\u00e9g\u00e8ret\u00e9 et sa douceur vous feront vous sentir tr\u00e8s \u00e0 l\u2019aise pendant les entra\u00eenements ou en comp\u00e9tition. Ce nouveau t-shirt de running vous aidera \u00e0 optimiser vos efforts et \u00e0 profiter pleinement des sports de plein air.","robots":{"index":"index","follow":"follow","max-snippet":"max-snippet:-1","max-image-preview":"max-image-preview:large","max-video-preview":"max-video-preview:-1"},"canonical":"https:\/\/www.inverseteams.com\/fr\/produit\/t-shirt-running-manche-courte-offroad\/","og_locale":"fr_FR","og_type":"article","og_title":"T-shirt running manche courte OFFROAD | Inverseteams","og_description":"Son tissu \u00e0 structure ouverte permet d\u2019\u00e9vacuer la sueur \u00e0 l\u2019ext\u00e9rieur pour maintenir votre peau s\u00e8che. Sa capacit\u00e9 de s\u00e9chage est \u00e9lev\u00e9e et vous assure de courir confortablement. Ce tissu se distingue \u00e9galement par sa r\u00e9sistance aux accrocs. Vous pouvez pratiquer le sport aussi bien sur l'asphalte qu'en montagne. Son patron, sa l\u00e9g\u00e8ret\u00e9 et sa douceur vous feront vous sentir tr\u00e8s \u00e0 l\u2019aise pendant les entra\u00eenements ou en comp\u00e9tition. Ce nouveau t-shirt de running vous aidera \u00e0 optimiser vos efforts et \u00e0 profiter pleinement des sports de plein air.","og_url":"https:\/\/www.inverseteams.com\/fr\/produit\/t-shirt-running-manche-courte-offroad\/","og_site_name":"Inverseteams","article_publisher":"https:\/\/www.facebook.com\/inverseteams","article_modified_time":"2023-11-09T13:35:01+00:00","og_image":[{"width":3222,"height":3462,"url":"https:\/\/www.inverseteams.com\/wp-content\/uploads\/CAMISETA-MC-OFFROAD-1.jpg","type":"image\/jpeg"}],"twitter_card":"summary_large_image","twitter_misc":{"Dur\u00e9e de lecture estim\u00e9e":"1 minute"},"schema":{"@context":"https:\/\/schema.org","@graph":[{"@type":"WebPage","@id":"https:\/\/www.inverseteams.com\/fr\/produit\/t-shirt-running-manche-courte-offroad\/","url":"https:\/\/www.inverseteams.com\/fr\/produit\/t-shirt-running-manche-courte-offroad\/","name":"T-shirt running manche courte OFFROAD | Inverseteams","isPartOf":{"@id":"https:\/\/www.inverseteams.com\/fr\/#website"},"primaryImageOfPage":{"@id":"https:\/\/www.inverseteams.com\/fr\/produit\/t-shirt-running-manche-courte-offroad\/#primaryimage"},"image":{"@id":"https:\/\/www.inverseteams.com\/fr\/produit\/t-shirt-running-manche-courte-offroad\/#primaryimage"},"thumbnailUrl":"https:\/\/www.inverseteams.com\/wp-content\/uploads\/CAMISETA-MC-OFFROAD-1.jpg","datePublished":"2023-11-09T13:22:51+00:00","dateModified":"2023-11-09T13:35:01+00:00","description":"Son tissu \u00e0 structure ouverte permet d\u2019\u00e9vacuer la sueur \u00e0 l\u2019ext\u00e9rieur pour maintenir votre peau s\u00e8che. Sa capacit\u00e9 de s\u00e9chage est \u00e9lev\u00e9e et vous assure de courir confortablement. Ce tissu se distingue \u00e9galement par sa r\u00e9sistance aux accrocs. Vous pouvez pratiquer le sport aussi bien sur l'asphalte qu'en montagne. Son patron, sa l\u00e9g\u00e8ret\u00e9 et sa douceur vous feront vous sentir tr\u00e8s \u00e0 l\u2019aise pendant les entra\u00eenements ou en comp\u00e9tition. Ce nouveau t-shirt de running vous aidera \u00e0 optimiser vos efforts et \u00e0 profiter pleinement des sports de plein air.","breadcrumb":{"@id":"https:\/\/www.inverseteams.com\/fr\/produit\/t-shirt-running-manche-courte-offroad\/#breadcrumb"},"inLanguage":"fr-FR","potentialAction":[{"@type":"ReadAction","target":["https:\/\/www.inverseteams.com\/fr\/produit\/t-shirt-running-manche-courte-offroad\/"]}]},{"@type":"ImageObject","inLanguage":"fr-FR","@id":"https:\/\/www.inverseteams.com\/fr\/produit\/t-shirt-running-manche-courte-offroad\/#primaryimage","url":"https:\/\/www.inverseteams.com\/wp-content\/uploads\/CAMISETA-MC-OFFROAD-1.jpg","contentUrl":"https:\/\/www.inverseteams.com\/wp-content\/uploads\/CAMISETA-MC-OFFROAD-1.jpg","width":3222,"height":3462,"caption":"T-shirt running OFFROAD personnalis\u00e9"},{"@type":"BreadcrumbList","@id":"https:\/\/www.inverseteams.com\/fr\/produit\/t-shirt-running-manche-courte-offroad\/#breadcrumb","itemListElement":[{"@type":"ListItem","position":1,"name":"Portada","item":"https:\/\/www.inverseteams.com\/fr\/pagina-principal\/"},{"@type":"ListItem","position":2,"name":"Panier","item":"https:\/\/www.inverseteams.com\/fr\/panier\/"},{"@type":"ListItem","position":3,"name":"T-shirt running manche courte OFFROAD"}]},{"@type":"WebSite","@id":"https:\/\/www.inverseteams.com\/fr\/#website","url":"https:\/\/www.inverseteams.com\/fr\/","name":"Inverseteams","description":"Tu marca de ropa deportiva personalizada","publisher":{"@id":"https:\/\/www.inverseteams.com\/fr\/#organization"},"potentialAction":[{"@type":"SearchAction","target":{"@type":"EntryPoint","urlTemplate":"https:\/\/www.inverseteams.com\/fr\/?s={search_term_string}"},"query-input":{"@type":"PropertyValueSpecification","valueRequired":true,"valueName":"search_term_string"}}],"inLanguage":"fr-FR"},{"@type":"Organization","@id":"https:\/\/www.inverseteams.com\/fr\/#organization","name":"Inverse Teams","url":"https:\/\/www.inverseteams.com\/fr\/","logo":{"@type":"ImageObject","inLanguage":"fr-FR","@id":"https:\/\/www.inverseteams.com\/fr\/#\/schema\/logo\/image\/","url":"https:\/\/www.inverseteams.com\/wp-content\/uploads\/2021\/03\/logo-inverse-teams.png","contentUrl":"https:\/\/www.inverseteams.com\/wp-content\/uploads\/2021\/03\/logo-inverse-teams.png","width":294,"height":99,"caption":"Inverse Teams"},"image":{"@id":"https:\/\/www.inverseteams.com\/fr\/#\/schema\/logo\/image\/"},"sameAs":["https:\/\/www.facebook.com\/inverseteams","http:\/\/instagram.com\/inverseteams","https:\/\/www.linkedin.com\/company\/inverse-cirosport-s-l-?trk=job_view_topcard_company_name","http:\/\/www.pinterest.com\/inverseteams\/","http:\/\/www.youtube.com\/user\/inverseteams?feature=watch"]}]}},"_links":{"self":[{"href":"https:\/\/www.inverseteams.com\/fr\/wp-json\/wp\/v2\/product\/168108","targetHints":{"allow":["GET"]}}],"collection":[{"href":"https:\/\/www.inverseteams.com\/fr\/wp-json\/wp\/v2\/product"}],"about":[{"href":"https:\/\/www.inverseteams.com\/fr\/wp-json\/wp\/v2\/types\/product"}],"replies":[{"embeddable":true,"href":"https:\/\/www.inverseteams.com\/fr\/wp-json\/wp\/v2\/comments?post=168108"}],"wp:featuredmedia":[{"embeddable":true,"href":"https:\/\/www.inverseteams.com\/fr\/wp-json\/wp\/v2\/media\/168069"}],"wp:attachment":[{"href":"https:\/\/www.inverseteams.com\/fr\/wp-json\/wp\/v2\/media?parent=168108"}],"wp:term":[{"taxonomy":"product_brand","embeddable":true,"href":"https:\/\/www.inverseteams.com\/fr\/wp-json\/wp\/v2\/product_brand?post=168108"},{"taxonomy":"product_cat","embeddable":true,"href":"https:\/\/www.inverseteams.com\/fr\/wp-json\/wp\/v2\/product_cat?post=168108"},{"taxonomy":"product_tag","embeddable":true,"href":"https:\/\/www.inverseteams.com\/fr\/wp-json\/wp\/v2\/product_tag?post=168108"},{"taxonomy":"custom_category","embeddable":true,"href":"https:\/\/www.inverseteams.com\/fr\/wp-json\/wp\/v2\/custom_category?post=168108"},{"taxonomy":"range","embeddable":true,"href":"https:\/\/www.inverseteams.com\/fr\/wp-json\/wp\/v2\/range?post=168108"}],"curies":[{"name":"wp","href":"https:\/\/api.w.org\/{rel}","templated":true}]}}