{"id":167944,"date":"2023-11-08T15:12:51","date_gmt":"2023-11-08T15:12:51","guid":{"rendered":"https:\/\/www.inverseteams.com\/?post_type=product&#038;p=167944"},"modified":"2026-01-23T12:46:13","modified_gmt":"2026-01-23T11:46:13","slug":"maillot-manche-courte-homme-tracker","status":"publish","type":"product","link":"https:\/\/www.inverseteams.com\/fr\/produit\/maillot-manche-courte-homme-tracker\/","title":{"rendered":"Maillot manche courte homme TRACKER"},"content":{"rendered":"<p>Maillot super respirant avec un patronage ample, parfait pour profiter de longues excursions.<br \/>\nLes manches et les c\u00f4t\u00e9s sont fabriqu\u00e9s avec un tissu \u00e0 structure ouverte tr\u00e8s r\u00e9sistant qui aide \u00e9galement \u00e0 \u00e9vacuer rapidement la transpiration. Le corps est fait d&rsquo;un tissu frais et doux au toucher tr\u00e8s agr\u00e9able. Vous ressentirez un confort total.<br \/>\n\u00c0 la taille, il a une bande en silicone qui emp\u00eache le maillot de bouger pendant le p\u00e9dalage.<br \/>\nDans le bas du dos, il int\u00e8gre 3 poches avec le nouveau syst\u00e8me de s\u00e9curit\u00e9 ISP &#8211; Inverse Safe Pocket &#8211; o\u00f9 vous pouvez stocker n&rsquo;importe quel objet sans craindre de le perdre. Profitez du v\u00e9lo sans souci. Il dispose \u00e9galement de 2 poches suppl\u00e9mentaires sur les c\u00f4t\u00e9s pour ranger tout ce dont vous avez besoin pour affronter les longs trajets.<br \/>\nD\u00e9couvrez votre facette le plus voyageur et aventureux avec ce maillot con\u00e7u pour les amoureux de gravel.<\/p>\n","protected":false},"excerpt":{"rendered":"<p>Maillot super respirant avec un patronage ample, parfait pour profiter de longues excursions.<br \/>\nLes manches et les c\u00f4t\u00e9s sont fabriqu\u00e9s avec un tissu \u00e0 structure ouverte tr\u00e8s r\u00e9sistant qui aide \u00e9galement \u00e0 \u00e9vacuer rapidement la transpiration. Le corps est fait d&rsquo;un tissu frais et doux au toucher tr\u00e8s agr\u00e9able. Vous ressentirez un confort total.<br \/>\n\u00c0 la taille, il a une bande en silicone qui emp\u00eache le maillot de bouger pendant le p\u00e9dalage.<br \/>\nDans le bas du dos, il int\u00e8gre 3 poches avec le nouveau syst\u00e8me de s\u00e9curit\u00e9 ISP &#8211; Inverse Safe Pocket &#8211; o\u00f9 vous pouvez stocker n&rsquo;importe quel objet sans craindre de le perdre. Profitez du v\u00e9lo sans souci. Il dispose \u00e9galement de 2 poches suppl\u00e9mentaires sur les c\u00f4t\u00e9s pour ranger tout ce dont vous avez besoin pour affronter les longs trajets.<br \/>\nD\u00e9couvrez votre facette le plus voyageur et aventureux avec ce maillot con\u00e7u pour les amoureux de gravel.<\/p>\n","protected":false},"featured_media":167888,"comment_status":"closed","ping_status":"closed","template":"","meta":{"_acf_changed":false},"product_brand":[],"product_cat":[8305],"product_tag":[],"custom_category":[10865,3349,10861],"range":[10857],"class_list":{"0":"post-167944","1":"product","2":"type-product","3":"status-publish","4":"has-post-thumbnail","6":"product_cat-uncategorized-fr","7":"pa_climatologia-chaud","8":"pa_deporte-gravel-fr","9":"pa_genero-homme","10":"pa_patronaje-casual-fr","11":"pa_tipo-de-prenda-maillot-manche-courte","12":"custom_category-maillot-bikepacking-personnalise","13":"custom_category-sport-fr","14":"custom_category-vetements-bikepacking-personnalises","15":"range-tracker-fr","17":"first","18":"instock","19":"product-type-custom"},"acf":[],"yoast_head":"<!-- This site is optimized with the Yoast SEO plugin v27.3 - https:\/\/yoast.com\/product\/yoast-seo-wordpress\/ -->\n<title>Maillot manche courte homme TRACKER | Inverseteams<\/title>\n<meta name=\"description\" content=\"Maillot super respirant avec un patronage ample, parfait pour profiter de longues excursions. Les manches et les c\u00f4t\u00e9s sont fabriqu\u00e9s avec un tissu \u00e0 structure ouverte tr\u00e8s r\u00e9sistant qui aide \u00e9galement \u00e0 \u00e9vacuer rapidement la transpiration. Le corps est fait d&#039;un tissu frais et doux au toucher tr\u00e8s agr\u00e9able. Vous ressentirez un confort total. \u00c0 la taille, il a une bande en silicone qui emp\u00eache le maillot de bouger pendant le p\u00e9dalage. Dans le bas du dos, il int\u00e8gre 3 poches avec le nouveau syst\u00e8me de s\u00e9curit\u00e9 ISP - Inverse Safe Pocket - o\u00f9 vous pouvez stocker n&#039;importe quel objet sans craindre de le perdre. Profitez du v\u00e9lo sans souci. Il dispose \u00e9galement de 2 poches suppl\u00e9mentaires sur les c\u00f4t\u00e9s pour ranger tout ce dont vous avez besoin pour affronter les longs trajets. D\u00e9couvrez votre facette le plus voyageur et aventureux avec ce maillot con\u00e7u pour les amoureux de gravel.\" \/>\n<meta name=\"robots\" content=\"index, follow, max-snippet:-1, max-image-preview:large, max-video-preview:-1\" \/>\n<link rel=\"canonical\" href=\"https:\/\/www.inverseteams.com\/fr\/produit\/maillot-manche-courte-homme-tracker\/\" \/>\n<meta property=\"og:locale\" content=\"fr_FR\" \/>\n<meta property=\"og:type\" content=\"article\" \/>\n<meta property=\"og:title\" content=\"Maillot manche courte homme TRACKER | Inverseteams\" \/>\n<meta property=\"og:description\" content=\"Maillot super respirant avec un patronage ample, parfait pour profiter de longues excursions. Les manches et les c\u00f4t\u00e9s sont fabriqu\u00e9s avec un tissu \u00e0 structure ouverte tr\u00e8s r\u00e9sistant qui aide \u00e9galement \u00e0 \u00e9vacuer rapidement la transpiration. Le corps est fait d&#039;un tissu frais et doux au toucher tr\u00e8s agr\u00e9able. Vous ressentirez un confort total. \u00c0 la taille, il a une bande en silicone qui emp\u00eache le maillot de bouger pendant le p\u00e9dalage. Dans le bas du dos, il int\u00e8gre 3 poches avec le nouveau syst\u00e8me de s\u00e9curit\u00e9 ISP - Inverse Safe Pocket - o\u00f9 vous pouvez stocker n&#039;importe quel objet sans craindre de le perdre. Profitez du v\u00e9lo sans souci. Il dispose \u00e9galement de 2 poches suppl\u00e9mentaires sur les c\u00f4t\u00e9s pour ranger tout ce dont vous avez besoin pour affronter les longs trajets. D\u00e9couvrez votre facette le plus voyageur et aventureux avec ce maillot con\u00e7u pour les amoureux de gravel.\" \/>\n<meta property=\"og:url\" content=\"https:\/\/www.inverseteams.com\/fr\/produit\/maillot-manche-courte-homme-tracker\/\" \/>\n<meta property=\"og:site_name\" content=\"Inverseteams\" \/>\n<meta property=\"article:publisher\" content=\"https:\/\/www.facebook.com\/inverseteams\" \/>\n<meta property=\"article:modified_time\" content=\"2026-01-23T11:46:13+00:00\" \/>\n<meta property=\"og:image\" content=\"https:\/\/www.inverseteams.com\/wp-content\/uploads\/MAILLOT-MC-HOMBRE-TRACKER-1.jpg\" \/>\n\t<meta property=\"og:image:width\" content=\"3222\" \/>\n\t<meta property=\"og:image:height\" content=\"3462\" \/>\n\t<meta property=\"og:image:type\" content=\"image\/jpeg\" \/>\n<meta name=\"twitter:card\" content=\"summary_large_image\" \/>\n<meta name=\"twitter:label1\" content=\"Dur\u00e9e de lecture estim\u00e9e\" \/>\n\t<meta name=\"twitter:data1\" content=\"1 minute\" \/>\n<script type=\"application\/ld+json\" class=\"yoast-schema-graph\">{\"@context\":\"https:\\\/\\\/schema.org\",\"@graph\":[{\"@type\":\"WebPage\",\"@id\":\"https:\\\/\\\/www.inverseteams.com\\\/fr\\\/produit\\\/maillot-manche-courte-homme-tracker\\\/\",\"url\":\"https:\\\/\\\/www.inverseteams.com\\\/fr\\\/produit\\\/maillot-manche-courte-homme-tracker\\\/\",\"name\":\"Maillot manche courte homme TRACKER | Inverseteams\",\"isPartOf\":{\"@id\":\"https:\\\/\\\/www.inverseteams.com\\\/fr\\\/#website\"},\"primaryImageOfPage\":{\"@id\":\"https:\\\/\\\/www.inverseteams.com\\\/fr\\\/produit\\\/maillot-manche-courte-homme-tracker\\\/#primaryimage\"},\"image\":{\"@id\":\"https:\\\/\\\/www.inverseteams.com\\\/fr\\\/produit\\\/maillot-manche-courte-homme-tracker\\\/#primaryimage\"},\"thumbnailUrl\":\"https:\\\/\\\/www.inverseteams.com\\\/wp-content\\\/uploads\\\/MAILLOT-MC-HOMBRE-TRACKER-1.jpg\",\"datePublished\":\"2023-11-08T15:12:51+00:00\",\"dateModified\":\"2026-01-23T11:46:13+00:00\",\"description\":\"Maillot super respirant avec un patronage ample, parfait pour profiter de longues excursions. Les manches et les c\u00f4t\u00e9s sont fabriqu\u00e9s avec un tissu \u00e0 structure ouverte tr\u00e8s r\u00e9sistant qui aide \u00e9galement \u00e0 \u00e9vacuer rapidement la transpiration. Le corps est fait d'un tissu frais et doux au toucher tr\u00e8s agr\u00e9able. Vous ressentirez un confort total. \u00c0 la taille, il a une bande en silicone qui emp\u00eache le maillot de bouger pendant le p\u00e9dalage. Dans le bas du dos, il int\u00e8gre 3 poches avec le nouveau syst\u00e8me de s\u00e9curit\u00e9 ISP - Inverse Safe Pocket - o\u00f9 vous pouvez stocker n'importe quel objet sans craindre de le perdre. Profitez du v\u00e9lo sans souci. Il dispose \u00e9galement de 2 poches suppl\u00e9mentaires sur les c\u00f4t\u00e9s pour ranger tout ce dont vous avez besoin pour affronter les longs trajets. D\u00e9couvrez votre facette le plus voyageur et aventureux avec ce maillot con\u00e7u pour les amoureux de gravel.\",\"breadcrumb\":{\"@id\":\"https:\\\/\\\/www.inverseteams.com\\\/fr\\\/produit\\\/maillot-manche-courte-homme-tracker\\\/#breadcrumb\"},\"inLanguage\":\"fr-FR\",\"potentialAction\":[{\"@type\":\"ReadAction\",\"target\":[\"https:\\\/\\\/www.inverseteams.com\\\/fr\\\/produit\\\/maillot-manche-courte-homme-tracker\\\/\"]}]},{\"@type\":\"ImageObject\",\"inLanguage\":\"fr-FR\",\"@id\":\"https:\\\/\\\/www.inverseteams.com\\\/fr\\\/produit\\\/maillot-manche-courte-homme-tracker\\\/#primaryimage\",\"url\":\"https:\\\/\\\/www.inverseteams.com\\\/wp-content\\\/uploads\\\/MAILLOT-MC-HOMBRE-TRACKER-1.jpg\",\"contentUrl\":\"https:\\\/\\\/www.inverseteams.com\\\/wp-content\\\/uploads\\\/MAILLOT-MC-HOMBRE-TRACKER-1.jpg\",\"width\":3222,\"height\":3462,\"caption\":\"Maillot gravel personnalise homme\"},{\"@type\":\"BreadcrumbList\",\"@id\":\"https:\\\/\\\/www.inverseteams.com\\\/fr\\\/produit\\\/maillot-manche-courte-homme-tracker\\\/#breadcrumb\",\"itemListElement\":[{\"@type\":\"ListItem\",\"position\":1,\"name\":\"Portada\",\"item\":\"https:\\\/\\\/www.inverseteams.com\\\/fr\\\/pagina-principal\\\/\"},{\"@type\":\"ListItem\",\"position\":2,\"name\":\"Panier\",\"item\":\"https:\\\/\\\/www.inverseteams.com\\\/fr\\\/panier\\\/\"},{\"@type\":\"ListItem\",\"position\":3,\"name\":\"Maillot manche courte homme TRACKER\"}]},{\"@type\":\"WebSite\",\"@id\":\"https:\\\/\\\/www.inverseteams.com\\\/fr\\\/#website\",\"url\":\"https:\\\/\\\/www.inverseteams.com\\\/fr\\\/\",\"name\":\"Inverseteams\",\"description\":\"Tu marca de ropa deportiva personalizada\",\"publisher\":{\"@id\":\"https:\\\/\\\/www.inverseteams.com\\\/fr\\\/#organization\"},\"potentialAction\":[{\"@type\":\"SearchAction\",\"target\":{\"@type\":\"EntryPoint\",\"urlTemplate\":\"https:\\\/\\\/www.inverseteams.com\\\/fr\\\/?s={search_term_string}\"},\"query-input\":{\"@type\":\"PropertyValueSpecification\",\"valueRequired\":true,\"valueName\":\"search_term_string\"}}],\"inLanguage\":\"fr-FR\"},{\"@type\":\"Organization\",\"@id\":\"https:\\\/\\\/www.inverseteams.com\\\/fr\\\/#organization\",\"name\":\"Inverse Teams\",\"url\":\"https:\\\/\\\/www.inverseteams.com\\\/fr\\\/\",\"logo\":{\"@type\":\"ImageObject\",\"inLanguage\":\"fr-FR\",\"@id\":\"https:\\\/\\\/www.inverseteams.com\\\/fr\\\/#\\\/schema\\\/logo\\\/image\\\/\",\"url\":\"http:\\\/\\\/www.inverseteams.com\\\/wp-content\\\/uploads\\\/2021\\\/03\\\/logo-inverse-teams.png\",\"contentUrl\":\"http:\\\/\\\/www.inverseteams.com\\\/wp-content\\\/uploads\\\/2021\\\/03\\\/logo-inverse-teams.png\",\"width\":294,\"height\":99,\"caption\":\"Inverse Teams\"},\"image\":{\"@id\":\"https:\\\/\\\/www.inverseteams.com\\\/fr\\\/#\\\/schema\\\/logo\\\/image\\\/\"},\"sameAs\":[\"https:\\\/\\\/www.facebook.com\\\/inverseteams\",\"http:\\\/\\\/instagram.com\\\/inverseteams\",\"https:\\\/\\\/www.linkedin.com\\\/company\\\/inverse-cirosport-s-l-?trk=job_view_topcard_company_name\",\"http:\\\/\\\/www.pinterest.com\\\/inverseteams\\\/\",\"http:\\\/\\\/www.youtube.com\\\/user\\\/inverseteams?feature=watch\"]}]}<\/script>\n<!-- \/ Yoast SEO plugin. -->","yoast_head_json":{"title":"Maillot manche courte homme TRACKER | Inverseteams","description":"Maillot super respirant avec un patronage ample, parfait pour profiter de longues excursions. Les manches et les c\u00f4t\u00e9s sont fabriqu\u00e9s avec un tissu \u00e0 structure ouverte tr\u00e8s r\u00e9sistant qui aide \u00e9galement \u00e0 \u00e9vacuer rapidement la transpiration. Le corps est fait d'un tissu frais et doux au toucher tr\u00e8s agr\u00e9able. Vous ressentirez un confort total. \u00c0 la taille, il a une bande en silicone qui emp\u00eache le maillot de bouger pendant le p\u00e9dalage. Dans le bas du dos, il int\u00e8gre 3 poches avec le nouveau syst\u00e8me de s\u00e9curit\u00e9 ISP - Inverse Safe Pocket - o\u00f9 vous pouvez stocker n'importe quel objet sans craindre de le perdre. Profitez du v\u00e9lo sans souci. Il dispose \u00e9galement de 2 poches suppl\u00e9mentaires sur les c\u00f4t\u00e9s pour ranger tout ce dont vous avez besoin pour affronter les longs trajets. D\u00e9couvrez votre facette le plus voyageur et aventureux avec ce maillot con\u00e7u pour les amoureux de gravel.","robots":{"index":"index","follow":"follow","max-snippet":"max-snippet:-1","max-image-preview":"max-image-preview:large","max-video-preview":"max-video-preview:-1"},"canonical":"https:\/\/www.inverseteams.com\/fr\/produit\/maillot-manche-courte-homme-tracker\/","og_locale":"fr_FR","og_type":"article","og_title":"Maillot manche courte homme TRACKER | Inverseteams","og_description":"Maillot super respirant avec un patronage ample, parfait pour profiter de longues excursions. Les manches et les c\u00f4t\u00e9s sont fabriqu\u00e9s avec un tissu \u00e0 structure ouverte tr\u00e8s r\u00e9sistant qui aide \u00e9galement \u00e0 \u00e9vacuer rapidement la transpiration. Le corps est fait d'un tissu frais et doux au toucher tr\u00e8s agr\u00e9able. Vous ressentirez un confort total. \u00c0 la taille, il a une bande en silicone qui emp\u00eache le maillot de bouger pendant le p\u00e9dalage. Dans le bas du dos, il int\u00e8gre 3 poches avec le nouveau syst\u00e8me de s\u00e9curit\u00e9 ISP - Inverse Safe Pocket - o\u00f9 vous pouvez stocker n'importe quel objet sans craindre de le perdre. Profitez du v\u00e9lo sans souci. Il dispose \u00e9galement de 2 poches suppl\u00e9mentaires sur les c\u00f4t\u00e9s pour ranger tout ce dont vous avez besoin pour affronter les longs trajets. D\u00e9couvrez votre facette le plus voyageur et aventureux avec ce maillot con\u00e7u pour les amoureux de gravel.","og_url":"https:\/\/www.inverseteams.com\/fr\/produit\/maillot-manche-courte-homme-tracker\/","og_site_name":"Inverseteams","article_publisher":"https:\/\/www.facebook.com\/inverseteams","article_modified_time":"2026-01-23T11:46:13+00:00","og_image":[{"width":3222,"height":3462,"url":"https:\/\/www.inverseteams.com\/wp-content\/uploads\/MAILLOT-MC-HOMBRE-TRACKER-1.jpg","type":"image\/jpeg"}],"twitter_card":"summary_large_image","twitter_misc":{"Dur\u00e9e de lecture estim\u00e9e":"1 minute"},"schema":{"@context":"https:\/\/schema.org","@graph":[{"@type":"WebPage","@id":"https:\/\/www.inverseteams.com\/fr\/produit\/maillot-manche-courte-homme-tracker\/","url":"https:\/\/www.inverseteams.com\/fr\/produit\/maillot-manche-courte-homme-tracker\/","name":"Maillot manche courte homme TRACKER | Inverseteams","isPartOf":{"@id":"https:\/\/www.inverseteams.com\/fr\/#website"},"primaryImageOfPage":{"@id":"https:\/\/www.inverseteams.com\/fr\/produit\/maillot-manche-courte-homme-tracker\/#primaryimage"},"image":{"@id":"https:\/\/www.inverseteams.com\/fr\/produit\/maillot-manche-courte-homme-tracker\/#primaryimage"},"thumbnailUrl":"https:\/\/www.inverseteams.com\/wp-content\/uploads\/MAILLOT-MC-HOMBRE-TRACKER-1.jpg","datePublished":"2023-11-08T15:12:51+00:00","dateModified":"2026-01-23T11:46:13+00:00","description":"Maillot super respirant avec un patronage ample, parfait pour profiter de longues excursions. Les manches et les c\u00f4t\u00e9s sont fabriqu\u00e9s avec un tissu \u00e0 structure ouverte tr\u00e8s r\u00e9sistant qui aide \u00e9galement \u00e0 \u00e9vacuer rapidement la transpiration. Le corps est fait d'un tissu frais et doux au toucher tr\u00e8s agr\u00e9able. Vous ressentirez un confort total. \u00c0 la taille, il a une bande en silicone qui emp\u00eache le maillot de bouger pendant le p\u00e9dalage. Dans le bas du dos, il int\u00e8gre 3 poches avec le nouveau syst\u00e8me de s\u00e9curit\u00e9 ISP - Inverse Safe Pocket - o\u00f9 vous pouvez stocker n'importe quel objet sans craindre de le perdre. Profitez du v\u00e9lo sans souci. Il dispose \u00e9galement de 2 poches suppl\u00e9mentaires sur les c\u00f4t\u00e9s pour ranger tout ce dont vous avez besoin pour affronter les longs trajets. D\u00e9couvrez votre facette le plus voyageur et aventureux avec ce maillot con\u00e7u pour les amoureux de gravel.","breadcrumb":{"@id":"https:\/\/www.inverseteams.com\/fr\/produit\/maillot-manche-courte-homme-tracker\/#breadcrumb"},"inLanguage":"fr-FR","potentialAction":[{"@type":"ReadAction","target":["https:\/\/www.inverseteams.com\/fr\/produit\/maillot-manche-courte-homme-tracker\/"]}]},{"@type":"ImageObject","inLanguage":"fr-FR","@id":"https:\/\/www.inverseteams.com\/fr\/produit\/maillot-manche-courte-homme-tracker\/#primaryimage","url":"https:\/\/www.inverseteams.com\/wp-content\/uploads\/MAILLOT-MC-HOMBRE-TRACKER-1.jpg","contentUrl":"https:\/\/www.inverseteams.com\/wp-content\/uploads\/MAILLOT-MC-HOMBRE-TRACKER-1.jpg","width":3222,"height":3462,"caption":"Maillot gravel personnalise homme"},{"@type":"BreadcrumbList","@id":"https:\/\/www.inverseteams.com\/fr\/produit\/maillot-manche-courte-homme-tracker\/#breadcrumb","itemListElement":[{"@type":"ListItem","position":1,"name":"Portada","item":"https:\/\/www.inverseteams.com\/fr\/pagina-principal\/"},{"@type":"ListItem","position":2,"name":"Panier","item":"https:\/\/www.inverseteams.com\/fr\/panier\/"},{"@type":"ListItem","position":3,"name":"Maillot manche courte homme TRACKER"}]},{"@type":"WebSite","@id":"https:\/\/www.inverseteams.com\/fr\/#website","url":"https:\/\/www.inverseteams.com\/fr\/","name":"Inverseteams","description":"Tu marca de ropa deportiva personalizada","publisher":{"@id":"https:\/\/www.inverseteams.com\/fr\/#organization"},"potentialAction":[{"@type":"SearchAction","target":{"@type":"EntryPoint","urlTemplate":"https:\/\/www.inverseteams.com\/fr\/?s={search_term_string}"},"query-input":{"@type":"PropertyValueSpecification","valueRequired":true,"valueName":"search_term_string"}}],"inLanguage":"fr-FR"},{"@type":"Organization","@id":"https:\/\/www.inverseteams.com\/fr\/#organization","name":"Inverse Teams","url":"https:\/\/www.inverseteams.com\/fr\/","logo":{"@type":"ImageObject","inLanguage":"fr-FR","@id":"https:\/\/www.inverseteams.com\/fr\/#\/schema\/logo\/image\/","url":"https:\/\/www.inverseteams.com\/wp-content\/uploads\/2021\/03\/logo-inverse-teams.png","contentUrl":"https:\/\/www.inverseteams.com\/wp-content\/uploads\/2021\/03\/logo-inverse-teams.png","width":294,"height":99,"caption":"Inverse Teams"},"image":{"@id":"https:\/\/www.inverseteams.com\/fr\/#\/schema\/logo\/image\/"},"sameAs":["https:\/\/www.facebook.com\/inverseteams","http:\/\/instagram.com\/inverseteams","https:\/\/www.linkedin.com\/company\/inverse-cirosport-s-l-?trk=job_view_topcard_company_name","http:\/\/www.pinterest.com\/inverseteams\/","http:\/\/www.youtube.com\/user\/inverseteams?feature=watch"]}]}},"_links":{"self":[{"href":"https:\/\/www.inverseteams.com\/fr\/wp-json\/wp\/v2\/product\/167944","targetHints":{"allow":["GET"]}}],"collection":[{"href":"https:\/\/www.inverseteams.com\/fr\/wp-json\/wp\/v2\/product"}],"about":[{"href":"https:\/\/www.inverseteams.com\/fr\/wp-json\/wp\/v2\/types\/product"}],"replies":[{"embeddable":true,"href":"https:\/\/www.inverseteams.com\/fr\/wp-json\/wp\/v2\/comments?post=167944"}],"wp:featuredmedia":[{"embeddable":true,"href":"https:\/\/www.inverseteams.com\/fr\/wp-json\/wp\/v2\/media\/167888"}],"wp:attachment":[{"href":"https:\/\/www.inverseteams.com\/fr\/wp-json\/wp\/v2\/media?parent=167944"}],"wp:term":[{"taxonomy":"product_brand","embeddable":true,"href":"https:\/\/www.inverseteams.com\/fr\/wp-json\/wp\/v2\/product_brand?post=167944"},{"taxonomy":"product_cat","embeddable":true,"href":"https:\/\/www.inverseteams.com\/fr\/wp-json\/wp\/v2\/product_cat?post=167944"},{"taxonomy":"product_tag","embeddable":true,"href":"https:\/\/www.inverseteams.com\/fr\/wp-json\/wp\/v2\/product_tag?post=167944"},{"taxonomy":"custom_category","embeddable":true,"href":"https:\/\/www.inverseteams.com\/fr\/wp-json\/wp\/v2\/custom_category?post=167944"},{"taxonomy":"range","embeddable":true,"href":"https:\/\/www.inverseteams.com\/fr\/wp-json\/wp\/v2\/range?post=167944"}],"curies":[{"name":"wp","href":"https:\/\/api.w.org\/{rel}","templated":true}]}}