{"id":15853,"date":"2021-04-21T15:46:04","date_gmt":"2021-05-07T07:00:38","guid":{"rendered":"https:\/\/inverseteams.com\/product\/neckwarmer-navy\/"},"modified":"2024-03-20T00:00:12","modified_gmt":"2024-03-20T00:00:12","slug":"neckwarmer-navy","status":"publish","type":"product","link":"https:\/\/www.inverseteams.com\/fr\/produit\/neckwarmer-navy\/","title":{"rendered":"Neckwarmer NAVY"},"content":{"rendered":"<p>Chaffe-cou thermique id\u00e9al pour un usage quotidien et pour le sport. Le tissu qui le compose se caract\u00e9rise par son \u00e9lasticit\u00e9 et par le cintre int\u00e9rieur qui offre chaleur et douceur au toucher. Ce tubular d&rsquo;hiver offre un grand confort car il garantit une bonne respirabilit\u00e9 et absorbe la transpiration pour garder la peau s\u00e8che. Dans la zone arri\u00e8re, il a un tendeur qui sert \u00e0 r\u00e9guler l&rsquo;ajustement.<\/p>\n","protected":false},"excerpt":{"rendered":"<p>Chaffe-cou thermique id\u00e9al pour un usage quotidien et pour le sport. Le tissu qui le compose se caract\u00e9rise par son \u00e9lasticit\u00e9 et par le cintre int\u00e9rieur qui offre chaleur et douceur au toucher. Ce tubular d&rsquo;hiver offre un grand confort car il garantit une bonne respirabilit\u00e9 et absorbe la transpiration pour garder la peau s\u00e8che. Dans la zone arri\u00e8re, il a un tendeur qui sert \u00e0 r\u00e9guler l&rsquo;ajustement.<\/p>\n","protected":false},"featured_media":8939,"comment_status":"closed","ping_status":"closed","template":"","meta":{"_acf_changed":false},"product_brand":[],"product_cat":[8309,3228,3236,3298],"product_tag":[],"custom_category":[],"range":[],"class_list":{"0":"post-15853","1":"product","2":"type-product","3":"status-publish","4":"has-post-thumbnail","6":"product_cat-tubular-fr","7":"product_cat-homme","8":"product_cat-femme","9":"product_cat-accessoires-fr","10":"pa_climatologia-froid","11":"pa_deporte-running-fr","12":"pa_deporte-trail-fr","13":"pa_deporte-casual-fr","14":"pa_deporte-cyclisme","15":"pa_deporte-ocr-fr","16":"pa_genero-homme","17":"pa_genero-femme","18":"pa_talla-unique","19":"pa_tipo-de-prenda-tubular-fr","21":"first","22":"instock","23":"taxable","24":"shipping-taxable","25":"purchasable","26":"product-type-simple"},"acf":[],"yoast_head":"<!-- This site is optimized with the Yoast SEO plugin v27.3 - https:\/\/yoast.com\/product\/yoast-seo-wordpress\/ -->\n<title>Neckwarmer NAVY<\/title>\n<meta name=\"description\" content=\"Chaffe-cou thermique id\u00e9al pour un usage quotidien et pour le sport. Le tissu qui le compose se caract\u00e9rise par son \u00e9lasticit\u00e9 et par le cintre int\u00e9rieur qui offre chaleur et douceur au toucher. Ce tubular d&#039;hiver offre un grand confort car il garantit une bonne respirabilit\u00e9 et absorbe la transpiration pour garder la peau s\u00e8che. Dans la zone arri\u00e8re, il a un tendeur qui sert \u00e0 r\u00e9guler l&#039;ajustement.\" \/>\n<meta name=\"robots\" content=\"index, follow, max-snippet:-1, max-image-preview:large, max-video-preview:-1\" \/>\n<link rel=\"canonical\" href=\"https:\/\/www.inverseteams.com\/fr\/produit\/neckwarmer-navy\/\" \/>\n<meta property=\"og:locale\" content=\"fr_FR\" \/>\n<meta property=\"og:type\" content=\"article\" \/>\n<meta property=\"og:title\" content=\"Neckwarmer NAVY\" \/>\n<meta property=\"og:description\" content=\"Chaffe-cou thermique id\u00e9al pour un usage quotidien et pour le sport. Le tissu qui le compose se caract\u00e9rise par son \u00e9lasticit\u00e9 et par le cintre int\u00e9rieur qui offre chaleur et douceur au toucher. Ce tubular d&#039;hiver offre un grand confort car il garantit une bonne respirabilit\u00e9 et absorbe la transpiration pour garder la peau s\u00e8che. Dans la zone arri\u00e8re, il a un tendeur qui sert \u00e0 r\u00e9guler l&#039;ajustement.\" \/>\n<meta property=\"og:url\" content=\"https:\/\/www.inverseteams.com\/fr\/produit\/neckwarmer-navy\/\" \/>\n<meta property=\"og:site_name\" content=\"Inverseteams\" \/>\n<meta property=\"article:publisher\" content=\"https:\/\/www.facebook.com\/inverseteams\" \/>\n<meta property=\"article:modified_time\" content=\"2024-03-20T00:00:12+00:00\" \/>\n<meta property=\"og:image\" content=\"https:\/\/www.inverseteams.com\/wp-content\/uploads\/TUBULAR-TERMICO-NAVY-1.jpg\" \/>\n\t<meta property=\"og:image:width\" content=\"3222\" \/>\n\t<meta property=\"og:image:height\" content=\"3462\" \/>\n\t<meta property=\"og:image:type\" content=\"image\/jpeg\" \/>\n<meta name=\"twitter:card\" content=\"summary_large_image\" \/>\n<script type=\"application\/ld+json\" class=\"yoast-schema-graph\">{\"@context\":\"https:\\\/\\\/schema.org\",\"@graph\":[{\"@type\":\"WebPage\",\"@id\":\"https:\\\/\\\/www.inverseteams.com\\\/fr\\\/produit\\\/neckwarmer-navy\\\/\",\"url\":\"https:\\\/\\\/www.inverseteams.com\\\/fr\\\/produit\\\/neckwarmer-navy\\\/\",\"name\":\"Neckwarmer NAVY\",\"isPartOf\":{\"@id\":\"https:\\\/\\\/www.inverseteams.com\\\/fr\\\/#website\"},\"primaryImageOfPage\":{\"@id\":\"https:\\\/\\\/www.inverseteams.com\\\/fr\\\/produit\\\/neckwarmer-navy\\\/#primaryimage\"},\"image\":{\"@id\":\"https:\\\/\\\/www.inverseteams.com\\\/fr\\\/produit\\\/neckwarmer-navy\\\/#primaryimage\"},\"thumbnailUrl\":\"https:\\\/\\\/www.inverseteams.com\\\/wp-content\\\/uploads\\\/TUBULAR-TERMICO-NAVY-1.jpg\",\"datePublished\":\"2021-05-07T07:00:38+00:00\",\"dateModified\":\"2024-03-20T00:00:12+00:00\",\"description\":\"Chaffe-cou thermique id\u00e9al pour un usage quotidien et pour le sport. Le tissu qui le compose se caract\u00e9rise par son \u00e9lasticit\u00e9 et par le cintre int\u00e9rieur qui offre chaleur et douceur au toucher. Ce tubular d'hiver offre un grand confort car il garantit une bonne respirabilit\u00e9 et absorbe la transpiration pour garder la peau s\u00e8che. Dans la zone arri\u00e8re, il a un tendeur qui sert \u00e0 r\u00e9guler l'ajustement.\",\"breadcrumb\":{\"@id\":\"https:\\\/\\\/www.inverseteams.com\\\/fr\\\/produit\\\/neckwarmer-navy\\\/#breadcrumb\"},\"inLanguage\":\"fr-FR\",\"potentialAction\":[{\"@type\":\"ReadAction\",\"target\":[\"https:\\\/\\\/www.inverseteams.com\\\/fr\\\/produit\\\/neckwarmer-navy\\\/\"]}]},{\"@type\":\"ImageObject\",\"inLanguage\":\"fr-FR\",\"@id\":\"https:\\\/\\\/www.inverseteams.com\\\/fr\\\/produit\\\/neckwarmer-navy\\\/#primaryimage\",\"url\":\"https:\\\/\\\/www.inverseteams.com\\\/wp-content\\\/uploads\\\/TUBULAR-TERMICO-NAVY-1.jpg\",\"contentUrl\":\"https:\\\/\\\/www.inverseteams.com\\\/wp-content\\\/uploads\\\/TUBULAR-TERMICO-NAVY-1.jpg\",\"width\":3222,\"height\":3462,\"caption\":\"Tubular t\u00e9rmico azul\"},{\"@type\":\"BreadcrumbList\",\"@id\":\"https:\\\/\\\/www.inverseteams.com\\\/fr\\\/produit\\\/neckwarmer-navy\\\/#breadcrumb\",\"itemListElement\":[{\"@type\":\"ListItem\",\"position\":1,\"name\":\"Portada\",\"item\":\"https:\\\/\\\/www.inverseteams.com\\\/fr\\\/pagina-principal\\\/\"},{\"@type\":\"ListItem\",\"position\":2,\"name\":\"Panier\",\"item\":\"https:\\\/\\\/www.inverseteams.com\\\/fr\\\/panier\\\/\"},{\"@type\":\"ListItem\",\"position\":3,\"name\":\"Neckwarmer NAVY\"}]},{\"@type\":\"WebSite\",\"@id\":\"https:\\\/\\\/www.inverseteams.com\\\/fr\\\/#website\",\"url\":\"https:\\\/\\\/www.inverseteams.com\\\/fr\\\/\",\"name\":\"Inverseteams\",\"description\":\"Tu marca de ropa deportiva personalizada\",\"publisher\":{\"@id\":\"https:\\\/\\\/www.inverseteams.com\\\/fr\\\/#organization\"},\"potentialAction\":[{\"@type\":\"SearchAction\",\"target\":{\"@type\":\"EntryPoint\",\"urlTemplate\":\"https:\\\/\\\/www.inverseteams.com\\\/fr\\\/?s={search_term_string}\"},\"query-input\":{\"@type\":\"PropertyValueSpecification\",\"valueRequired\":true,\"valueName\":\"search_term_string\"}}],\"inLanguage\":\"fr-FR\"},{\"@type\":\"Organization\",\"@id\":\"https:\\\/\\\/www.inverseteams.com\\\/fr\\\/#organization\",\"name\":\"Inverse Teams\",\"url\":\"https:\\\/\\\/www.inverseteams.com\\\/fr\\\/\",\"logo\":{\"@type\":\"ImageObject\",\"inLanguage\":\"fr-FR\",\"@id\":\"https:\\\/\\\/www.inverseteams.com\\\/fr\\\/#\\\/schema\\\/logo\\\/image\\\/\",\"url\":\"http:\\\/\\\/www.inverseteams.com\\\/wp-content\\\/uploads\\\/2021\\\/03\\\/logo-inverse-teams.png\",\"contentUrl\":\"http:\\\/\\\/www.inverseteams.com\\\/wp-content\\\/uploads\\\/2021\\\/03\\\/logo-inverse-teams.png\",\"width\":294,\"height\":99,\"caption\":\"Inverse Teams\"},\"image\":{\"@id\":\"https:\\\/\\\/www.inverseteams.com\\\/fr\\\/#\\\/schema\\\/logo\\\/image\\\/\"},\"sameAs\":[\"https:\\\/\\\/www.facebook.com\\\/inverseteams\",\"http:\\\/\\\/instagram.com\\\/inverseteams\",\"https:\\\/\\\/www.linkedin.com\\\/company\\\/inverse-cirosport-s-l-?trk=job_view_topcard_company_name\",\"http:\\\/\\\/www.pinterest.com\\\/inverseteams\\\/\",\"http:\\\/\\\/www.youtube.com\\\/user\\\/inverseteams?feature=watch\"]}]}<\/script>\n<!-- \/ Yoast SEO plugin. -->","yoast_head_json":{"title":"Neckwarmer NAVY","description":"Chaffe-cou thermique id\u00e9al pour un usage quotidien et pour le sport. Le tissu qui le compose se caract\u00e9rise par son \u00e9lasticit\u00e9 et par le cintre int\u00e9rieur qui offre chaleur et douceur au toucher. Ce tubular d'hiver offre un grand confort car il garantit une bonne respirabilit\u00e9 et absorbe la transpiration pour garder la peau s\u00e8che. Dans la zone arri\u00e8re, il a un tendeur qui sert \u00e0 r\u00e9guler l'ajustement.","robots":{"index":"index","follow":"follow","max-snippet":"max-snippet:-1","max-image-preview":"max-image-preview:large","max-video-preview":"max-video-preview:-1"},"canonical":"https:\/\/www.inverseteams.com\/fr\/produit\/neckwarmer-navy\/","og_locale":"fr_FR","og_type":"article","og_title":"Neckwarmer NAVY","og_description":"Chaffe-cou thermique id\u00e9al pour un usage quotidien et pour le sport. Le tissu qui le compose se caract\u00e9rise par son \u00e9lasticit\u00e9 et par le cintre int\u00e9rieur qui offre chaleur et douceur au toucher. Ce tubular d'hiver offre un grand confort car il garantit une bonne respirabilit\u00e9 et absorbe la transpiration pour garder la peau s\u00e8che. Dans la zone arri\u00e8re, il a un tendeur qui sert \u00e0 r\u00e9guler l'ajustement.","og_url":"https:\/\/www.inverseteams.com\/fr\/produit\/neckwarmer-navy\/","og_site_name":"Inverseteams","article_publisher":"https:\/\/www.facebook.com\/inverseteams","article_modified_time":"2024-03-20T00:00:12+00:00","og_image":[{"width":3222,"height":3462,"url":"https:\/\/www.inverseteams.com\/wp-content\/uploads\/TUBULAR-TERMICO-NAVY-1.jpg","type":"image\/jpeg"}],"twitter_card":"summary_large_image","schema":{"@context":"https:\/\/schema.org","@graph":[{"@type":"WebPage","@id":"https:\/\/www.inverseteams.com\/fr\/produit\/neckwarmer-navy\/","url":"https:\/\/www.inverseteams.com\/fr\/produit\/neckwarmer-navy\/","name":"Neckwarmer NAVY","isPartOf":{"@id":"https:\/\/www.inverseteams.com\/fr\/#website"},"primaryImageOfPage":{"@id":"https:\/\/www.inverseteams.com\/fr\/produit\/neckwarmer-navy\/#primaryimage"},"image":{"@id":"https:\/\/www.inverseteams.com\/fr\/produit\/neckwarmer-navy\/#primaryimage"},"thumbnailUrl":"https:\/\/www.inverseteams.com\/wp-content\/uploads\/TUBULAR-TERMICO-NAVY-1.jpg","datePublished":"2021-05-07T07:00:38+00:00","dateModified":"2024-03-20T00:00:12+00:00","description":"Chaffe-cou thermique id\u00e9al pour un usage quotidien et pour le sport. Le tissu qui le compose se caract\u00e9rise par son \u00e9lasticit\u00e9 et par le cintre int\u00e9rieur qui offre chaleur et douceur au toucher. Ce tubular d'hiver offre un grand confort car il garantit une bonne respirabilit\u00e9 et absorbe la transpiration pour garder la peau s\u00e8che. Dans la zone arri\u00e8re, il a un tendeur qui sert \u00e0 r\u00e9guler l'ajustement.","breadcrumb":{"@id":"https:\/\/www.inverseteams.com\/fr\/produit\/neckwarmer-navy\/#breadcrumb"},"inLanguage":"fr-FR","potentialAction":[{"@type":"ReadAction","target":["https:\/\/www.inverseteams.com\/fr\/produit\/neckwarmer-navy\/"]}]},{"@type":"ImageObject","inLanguage":"fr-FR","@id":"https:\/\/www.inverseteams.com\/fr\/produit\/neckwarmer-navy\/#primaryimage","url":"https:\/\/www.inverseteams.com\/wp-content\/uploads\/TUBULAR-TERMICO-NAVY-1.jpg","contentUrl":"https:\/\/www.inverseteams.com\/wp-content\/uploads\/TUBULAR-TERMICO-NAVY-1.jpg","width":3222,"height":3462,"caption":"Tubular t\u00e9rmico azul"},{"@type":"BreadcrumbList","@id":"https:\/\/www.inverseteams.com\/fr\/produit\/neckwarmer-navy\/#breadcrumb","itemListElement":[{"@type":"ListItem","position":1,"name":"Portada","item":"https:\/\/www.inverseteams.com\/fr\/pagina-principal\/"},{"@type":"ListItem","position":2,"name":"Panier","item":"https:\/\/www.inverseteams.com\/fr\/panier\/"},{"@type":"ListItem","position":3,"name":"Neckwarmer NAVY"}]},{"@type":"WebSite","@id":"https:\/\/www.inverseteams.com\/fr\/#website","url":"https:\/\/www.inverseteams.com\/fr\/","name":"Inverseteams","description":"Tu marca de ropa deportiva personalizada","publisher":{"@id":"https:\/\/www.inverseteams.com\/fr\/#organization"},"potentialAction":[{"@type":"SearchAction","target":{"@type":"EntryPoint","urlTemplate":"https:\/\/www.inverseteams.com\/fr\/?s={search_term_string}"},"query-input":{"@type":"PropertyValueSpecification","valueRequired":true,"valueName":"search_term_string"}}],"inLanguage":"fr-FR"},{"@type":"Organization","@id":"https:\/\/www.inverseteams.com\/fr\/#organization","name":"Inverse Teams","url":"https:\/\/www.inverseteams.com\/fr\/","logo":{"@type":"ImageObject","inLanguage":"fr-FR","@id":"https:\/\/www.inverseteams.com\/fr\/#\/schema\/logo\/image\/","url":"https:\/\/www.inverseteams.com\/wp-content\/uploads\/2021\/03\/logo-inverse-teams.png","contentUrl":"https:\/\/www.inverseteams.com\/wp-content\/uploads\/2021\/03\/logo-inverse-teams.png","width":294,"height":99,"caption":"Inverse Teams"},"image":{"@id":"https:\/\/www.inverseteams.com\/fr\/#\/schema\/logo\/image\/"},"sameAs":["https:\/\/www.facebook.com\/inverseteams","http:\/\/instagram.com\/inverseteams","https:\/\/www.linkedin.com\/company\/inverse-cirosport-s-l-?trk=job_view_topcard_company_name","http:\/\/www.pinterest.com\/inverseteams\/","http:\/\/www.youtube.com\/user\/inverseteams?feature=watch"]}]}},"_links":{"self":[{"href":"https:\/\/www.inverseteams.com\/fr\/wp-json\/wp\/v2\/product\/15853","targetHints":{"allow":["GET"]}}],"collection":[{"href":"https:\/\/www.inverseteams.com\/fr\/wp-json\/wp\/v2\/product"}],"about":[{"href":"https:\/\/www.inverseteams.com\/fr\/wp-json\/wp\/v2\/types\/product"}],"replies":[{"embeddable":true,"href":"https:\/\/www.inverseteams.com\/fr\/wp-json\/wp\/v2\/comments?post=15853"}],"wp:featuredmedia":[{"embeddable":true,"href":"https:\/\/www.inverseteams.com\/fr\/wp-json\/wp\/v2\/media\/8939"}],"wp:attachment":[{"href":"https:\/\/www.inverseteams.com\/fr\/wp-json\/wp\/v2\/media?parent=15853"}],"wp:term":[{"taxonomy":"product_brand","embeddable":true,"href":"https:\/\/www.inverseteams.com\/fr\/wp-json\/wp\/v2\/product_brand?post=15853"},{"taxonomy":"product_cat","embeddable":true,"href":"https:\/\/www.inverseteams.com\/fr\/wp-json\/wp\/v2\/product_cat?post=15853"},{"taxonomy":"product_tag","embeddable":true,"href":"https:\/\/www.inverseteams.com\/fr\/wp-json\/wp\/v2\/product_tag?post=15853"},{"taxonomy":"custom_category","embeddable":true,"href":"https:\/\/www.inverseteams.com\/fr\/wp-json\/wp\/v2\/custom_category?post=15853"},{"taxonomy":"range","embeddable":true,"href":"https:\/\/www.inverseteams.com\/fr\/wp-json\/wp\/v2\/range?post=15853"}],"curies":[{"name":"wp","href":"https:\/\/api.w.org\/{rel}","templated":true}]}}