{"id":15695,"date":"2021-05-13T08:11:05","date_gmt":"2021-05-07T06:50:59","guid":{"rendered":"https:\/\/inverseteams.com\/product\/maillot-cyclisme-manche-courte-cyclone-rouge\/"},"modified":"2021-12-23T14:22:46","modified_gmt":"2021-12-23T14:22:46","slug":"maillot-cyclisme-manche-courte-cyclone-rouge","status":"publish","type":"product","link":"https:\/\/www.inverseteams.com\/fr\/produit\/maillot-cyclisme-manche-courte-cyclone-rouge\/","title":{"rendered":"Maillot cyclisme manche courte CYCLONE ROUGE"},"content":{"rendered":"","protected":false},"excerpt":{"rendered":"<p>Ce maillot cyclisme manche courte technique super l\u00e9ger est id\u00e9al pour la comp\u00e9tition et par temps chauds. Sa coupe tr\u00e8s cintr\u00e9e s\u2019ajuste \u00e0 votre corps et vous permet d\u2019optimiser vos efforts. L\u2019\u00e9lasticit\u00e9 de ses tissus garantit une bonne p\u00e9n\u00e9tration dans l\u2019air et renforce l\u2019a\u00e9rodynamisme de votre posture. La structure de ses fibres permet d\u2019\u00e9vacuer la sueur \u00e0 l\u2019ext\u00e9rieur pour maintenir votre peau s\u00e8che m\u00eame par temps tr\u00e8s chauds.<br \/>\n\u00c0 l\u2019arri\u00e8re de la taille, ce maillot a une bande \u00e9lastique micro-perfor\u00e9e recouverte \u00e0 l\u2019int\u00e9rieur d\u2019un grip en silicone hypoallerg\u00e9nique. Cela maintient la pi\u00e8ce solidement attach\u00e9e au corps.<br \/>\nLes bouts des manches sont aussi micro-perfor\u00e9s et incorporent un grip pour bien se fixer aux bras.<br \/>\nLa forme anatomique du col s\u2019adapte \u00e0 votre position sur le v\u00e9lo sans vous g\u00eaner, tout en emp\u00eachant l\u2019air de rentrer.<br \/>\nLa zone lombaire incorpore 2 poches ouvertes et une poche avec zip pour y garder des objets de valeur. Elle est con\u00e7ue avec un tissu imperm\u00e9able et r\u00e9fl\u00e9chissant qui augmente votre s\u00e9curit\u00e9 sur route. Profitez du v\u00e9lo sans soucis.<\/p>\n","protected":false},"featured_media":13725,"comment_status":"closed","ping_status":"closed","template":"","meta":{"_acf_changed":false},"product_brand":[],"product_cat":[3318,3320,3308],"product_tag":[],"custom_category":[],"range":[],"class_list":{"0":"post-15695","1":"product","2":"type-product","3":"status-publish","4":"has-post-thumbnail","6":"product_cat-cyclisme-outlet","7":"product_cat-maillot-cyclisme-outlet","8":"product_cat-outet-fr","9":"pa_climatologia-chaud","10":"pa_deporte-cyclisme","11":"pa_genero-homme","12":"pa_patronaje-fit-fr","13":"pa_talla-xxl-fr","14":"pa_talla-l-fr","15":"pa_talla-m-fr","16":"pa_talla-s-fr","17":"pa_talla-xl-fr","18":"pa_tipo-de-prenda-maillot-manche-courte","20":"first","21":"outofstock","22":"sale","23":"taxable","24":"shipping-taxable","25":"purchasable","26":"product-type-variable","27":"has-default-attributes"},"acf":[],"yoast_head":"<!-- This site is optimized with the Yoast SEO plugin v27.3 - https:\/\/yoast.com\/product\/yoast-seo-wordpress\/ -->\n<title>Maillot cyclisme manche courte CYCLONE ROUGE<\/title>\n<meta name=\"description\" content=\"Ce maillot cyclisme manche courte technique super l\u00e9ger CYCLONE ROUGE est id\u00e9al pour la comp\u00e9tition et par temps chauds. S\u2019ajuste \u00e0 votre corps et vous permet d\u2019optimiser vos efforts.\" \/>\n<meta name=\"robots\" content=\"index, follow, max-snippet:-1, max-image-preview:large, max-video-preview:-1\" \/>\n<link rel=\"canonical\" href=\"https:\/\/www.inverseteams.com\/fr\/produit\/maillot-cyclisme-manche-courte-cyclone-rouge\/\" \/>\n<meta property=\"og:locale\" content=\"fr_FR\" \/>\n<meta property=\"og:type\" content=\"article\" \/>\n<meta property=\"og:title\" content=\"Maillot cyclisme manche courte CYCLONE ROUGE\" \/>\n<meta property=\"og:description\" content=\"Ce maillot cyclisme manche courte technique super l\u00e9ger CYCLONE ROUGE est id\u00e9al pour la comp\u00e9tition et par temps chauds. S\u2019ajuste \u00e0 votre corps et vous permet d\u2019optimiser vos efforts.\" \/>\n<meta property=\"og:url\" content=\"https:\/\/www.inverseteams.com\/fr\/produit\/maillot-cyclisme-manche-courte-cyclone-rouge\/\" \/>\n<meta property=\"og:site_name\" content=\"Inverseteams\" \/>\n<meta property=\"article:publisher\" content=\"https:\/\/www.facebook.com\/inverseteams\" \/>\n<meta property=\"article:modified_time\" content=\"2021-12-23T14:22:46+00:00\" \/>\n<meta property=\"og:image\" content=\"https:\/\/www.inverseteams.com\/wp-content\/uploads\/MAILLOT-CICLISTA-CYCLONE-ROJO-1.jpg\" \/>\n\t<meta property=\"og:image:width\" content=\"3222\" \/>\n\t<meta property=\"og:image:height\" content=\"3462\" \/>\n\t<meta property=\"og:image:type\" content=\"image\/jpeg\" \/>\n<meta name=\"twitter:card\" content=\"summary_large_image\" \/>\n<script type=\"application\/ld+json\" class=\"yoast-schema-graph\">{\"@context\":\"https:\\\/\\\/schema.org\",\"@graph\":[{\"@type\":\"WebPage\",\"@id\":\"https:\\\/\\\/www.inverseteams.com\\\/fr\\\/produit\\\/maillot-cyclisme-manche-courte-cyclone-rouge\\\/\",\"url\":\"https:\\\/\\\/www.inverseteams.com\\\/fr\\\/produit\\\/maillot-cyclisme-manche-courte-cyclone-rouge\\\/\",\"name\":\"Maillot cyclisme manche courte CYCLONE ROUGE\",\"isPartOf\":{\"@id\":\"https:\\\/\\\/www.inverseteams.com\\\/fr\\\/#website\"},\"primaryImageOfPage\":{\"@id\":\"https:\\\/\\\/www.inverseteams.com\\\/fr\\\/produit\\\/maillot-cyclisme-manche-courte-cyclone-rouge\\\/#primaryimage\"},\"image\":{\"@id\":\"https:\\\/\\\/www.inverseteams.com\\\/fr\\\/produit\\\/maillot-cyclisme-manche-courte-cyclone-rouge\\\/#primaryimage\"},\"thumbnailUrl\":\"https:\\\/\\\/www.inverseteams.com\\\/wp-content\\\/uploads\\\/MAILLOT-CICLISTA-CYCLONE-ROJO-1.jpg\",\"datePublished\":\"2021-05-07T06:50:59+00:00\",\"dateModified\":\"2021-12-23T14:22:46+00:00\",\"description\":\"Ce maillot cyclisme manche courte technique super l\u00e9ger CYCLONE ROUGE est id\u00e9al pour la comp\u00e9tition et par temps chauds. S\u2019ajuste \u00e0 votre corps et vous permet d\u2019optimiser vos efforts.\",\"breadcrumb\":{\"@id\":\"https:\\\/\\\/www.inverseteams.com\\\/fr\\\/produit\\\/maillot-cyclisme-manche-courte-cyclone-rouge\\\/#breadcrumb\"},\"inLanguage\":\"fr-FR\",\"potentialAction\":[{\"@type\":\"ReadAction\",\"target\":[\"https:\\\/\\\/www.inverseteams.com\\\/fr\\\/produit\\\/maillot-cyclisme-manche-courte-cyclone-rouge\\\/\"]}]},{\"@type\":\"ImageObject\",\"inLanguage\":\"fr-FR\",\"@id\":\"https:\\\/\\\/www.inverseteams.com\\\/fr\\\/produit\\\/maillot-cyclisme-manche-courte-cyclone-rouge\\\/#primaryimage\",\"url\":\"https:\\\/\\\/www.inverseteams.com\\\/wp-content\\\/uploads\\\/MAILLOT-CICLISTA-CYCLONE-ROJO-1.jpg\",\"contentUrl\":\"https:\\\/\\\/www.inverseteams.com\\\/wp-content\\\/uploads\\\/MAILLOT-CICLISTA-CYCLONE-ROJO-1.jpg\",\"width\":3222,\"height\":3462,\"caption\":\"Maillot ciclista manga corta CYCLONE ROJO\"},{\"@type\":\"BreadcrumbList\",\"@id\":\"https:\\\/\\\/www.inverseteams.com\\\/fr\\\/produit\\\/maillot-cyclisme-manche-courte-cyclone-rouge\\\/#breadcrumb\",\"itemListElement\":[{\"@type\":\"ListItem\",\"position\":1,\"name\":\"Portada\",\"item\":\"https:\\\/\\\/www.inverseteams.com\\\/fr\\\/pagina-principal\\\/\"},{\"@type\":\"ListItem\",\"position\":2,\"name\":\"Panier\",\"item\":\"https:\\\/\\\/www.inverseteams.com\\\/fr\\\/panier\\\/\"},{\"@type\":\"ListItem\",\"position\":3,\"name\":\"Maillot cyclisme manche courte CYCLONE ROUGE\"}]},{\"@type\":\"WebSite\",\"@id\":\"https:\\\/\\\/www.inverseteams.com\\\/fr\\\/#website\",\"url\":\"https:\\\/\\\/www.inverseteams.com\\\/fr\\\/\",\"name\":\"Inverseteams\",\"description\":\"Tu marca de ropa deportiva personalizada\",\"publisher\":{\"@id\":\"https:\\\/\\\/www.inverseteams.com\\\/fr\\\/#organization\"},\"potentialAction\":[{\"@type\":\"SearchAction\",\"target\":{\"@type\":\"EntryPoint\",\"urlTemplate\":\"https:\\\/\\\/www.inverseteams.com\\\/fr\\\/?s={search_term_string}\"},\"query-input\":{\"@type\":\"PropertyValueSpecification\",\"valueRequired\":true,\"valueName\":\"search_term_string\"}}],\"inLanguage\":\"fr-FR\"},{\"@type\":\"Organization\",\"@id\":\"https:\\\/\\\/www.inverseteams.com\\\/fr\\\/#organization\",\"name\":\"Inverse Teams\",\"url\":\"https:\\\/\\\/www.inverseteams.com\\\/fr\\\/\",\"logo\":{\"@type\":\"ImageObject\",\"inLanguage\":\"fr-FR\",\"@id\":\"https:\\\/\\\/www.inverseteams.com\\\/fr\\\/#\\\/schema\\\/logo\\\/image\\\/\",\"url\":\"https:\\\/\\\/www.inverseteams.com\\\/wp-content\\\/uploads\\\/2021\\\/03\\\/logo-inverse-teams.png\",\"contentUrl\":\"https:\\\/\\\/www.inverseteams.com\\\/wp-content\\\/uploads\\\/2021\\\/03\\\/logo-inverse-teams.png\",\"width\":294,\"height\":99,\"caption\":\"Inverse Teams\"},\"image\":{\"@id\":\"https:\\\/\\\/www.inverseteams.com\\\/fr\\\/#\\\/schema\\\/logo\\\/image\\\/\"},\"sameAs\":[\"https:\\\/\\\/www.facebook.com\\\/inverseteams\",\"http:\\\/\\\/instagram.com\\\/inverseteams\",\"https:\\\/\\\/www.linkedin.com\\\/company\\\/inverse-cirosport-s-l-?trk=job_view_topcard_company_name\",\"http:\\\/\\\/www.pinterest.com\\\/inverseteams\\\/\",\"http:\\\/\\\/www.youtube.com\\\/user\\\/inverseteams?feature=watch\"]}]}<\/script>\n<!-- \/ Yoast SEO plugin. -->","yoast_head_json":{"title":"Maillot cyclisme manche courte CYCLONE ROUGE","description":"Ce maillot cyclisme manche courte technique super l\u00e9ger CYCLONE ROUGE est id\u00e9al pour la comp\u00e9tition et par temps chauds. S\u2019ajuste \u00e0 votre corps et vous permet d\u2019optimiser vos efforts.","robots":{"index":"index","follow":"follow","max-snippet":"max-snippet:-1","max-image-preview":"max-image-preview:large","max-video-preview":"max-video-preview:-1"},"canonical":"https:\/\/www.inverseteams.com\/fr\/produit\/maillot-cyclisme-manche-courte-cyclone-rouge\/","og_locale":"fr_FR","og_type":"article","og_title":"Maillot cyclisme manche courte CYCLONE ROUGE","og_description":"Ce maillot cyclisme manche courte technique super l\u00e9ger CYCLONE ROUGE est id\u00e9al pour la comp\u00e9tition et par temps chauds. S\u2019ajuste \u00e0 votre corps et vous permet d\u2019optimiser vos efforts.","og_url":"https:\/\/www.inverseteams.com\/fr\/produit\/maillot-cyclisme-manche-courte-cyclone-rouge\/","og_site_name":"Inverseteams","article_publisher":"https:\/\/www.facebook.com\/inverseteams","article_modified_time":"2021-12-23T14:22:46+00:00","og_image":[{"width":3222,"height":3462,"url":"https:\/\/www.inverseteams.com\/wp-content\/uploads\/MAILLOT-CICLISTA-CYCLONE-ROJO-1.jpg","type":"image\/jpeg"}],"twitter_card":"summary_large_image","schema":{"@context":"https:\/\/schema.org","@graph":[{"@type":"WebPage","@id":"https:\/\/www.inverseteams.com\/fr\/produit\/maillot-cyclisme-manche-courte-cyclone-rouge\/","url":"https:\/\/www.inverseteams.com\/fr\/produit\/maillot-cyclisme-manche-courte-cyclone-rouge\/","name":"Maillot cyclisme manche courte CYCLONE ROUGE","isPartOf":{"@id":"https:\/\/www.inverseteams.com\/fr\/#website"},"primaryImageOfPage":{"@id":"https:\/\/www.inverseteams.com\/fr\/produit\/maillot-cyclisme-manche-courte-cyclone-rouge\/#primaryimage"},"image":{"@id":"https:\/\/www.inverseteams.com\/fr\/produit\/maillot-cyclisme-manche-courte-cyclone-rouge\/#primaryimage"},"thumbnailUrl":"https:\/\/www.inverseteams.com\/wp-content\/uploads\/MAILLOT-CICLISTA-CYCLONE-ROJO-1.jpg","datePublished":"2021-05-07T06:50:59+00:00","dateModified":"2021-12-23T14:22:46+00:00","description":"Ce maillot cyclisme manche courte technique super l\u00e9ger CYCLONE ROUGE est id\u00e9al pour la comp\u00e9tition et par temps chauds. S\u2019ajuste \u00e0 votre corps et vous permet d\u2019optimiser vos efforts.","breadcrumb":{"@id":"https:\/\/www.inverseteams.com\/fr\/produit\/maillot-cyclisme-manche-courte-cyclone-rouge\/#breadcrumb"},"inLanguage":"fr-FR","potentialAction":[{"@type":"ReadAction","target":["https:\/\/www.inverseteams.com\/fr\/produit\/maillot-cyclisme-manche-courte-cyclone-rouge\/"]}]},{"@type":"ImageObject","inLanguage":"fr-FR","@id":"https:\/\/www.inverseteams.com\/fr\/produit\/maillot-cyclisme-manche-courte-cyclone-rouge\/#primaryimage","url":"https:\/\/www.inverseteams.com\/wp-content\/uploads\/MAILLOT-CICLISTA-CYCLONE-ROJO-1.jpg","contentUrl":"https:\/\/www.inverseteams.com\/wp-content\/uploads\/MAILLOT-CICLISTA-CYCLONE-ROJO-1.jpg","width":3222,"height":3462,"caption":"Maillot ciclista manga corta CYCLONE ROJO"},{"@type":"BreadcrumbList","@id":"https:\/\/www.inverseteams.com\/fr\/produit\/maillot-cyclisme-manche-courte-cyclone-rouge\/#breadcrumb","itemListElement":[{"@type":"ListItem","position":1,"name":"Portada","item":"https:\/\/www.inverseteams.com\/fr\/pagina-principal\/"},{"@type":"ListItem","position":2,"name":"Panier","item":"https:\/\/www.inverseteams.com\/fr\/panier\/"},{"@type":"ListItem","position":3,"name":"Maillot cyclisme manche courte CYCLONE ROUGE"}]},{"@type":"WebSite","@id":"https:\/\/www.inverseteams.com\/fr\/#website","url":"https:\/\/www.inverseteams.com\/fr\/","name":"Inverseteams","description":"Tu marca de ropa deportiva personalizada","publisher":{"@id":"https:\/\/www.inverseteams.com\/fr\/#organization"},"potentialAction":[{"@type":"SearchAction","target":{"@type":"EntryPoint","urlTemplate":"https:\/\/www.inverseteams.com\/fr\/?s={search_term_string}"},"query-input":{"@type":"PropertyValueSpecification","valueRequired":true,"valueName":"search_term_string"}}],"inLanguage":"fr-FR"},{"@type":"Organization","@id":"https:\/\/www.inverseteams.com\/fr\/#organization","name":"Inverse Teams","url":"https:\/\/www.inverseteams.com\/fr\/","logo":{"@type":"ImageObject","inLanguage":"fr-FR","@id":"https:\/\/www.inverseteams.com\/fr\/#\/schema\/logo\/image\/","url":"https:\/\/www.inverseteams.com\/wp-content\/uploads\/2021\/03\/logo-inverse-teams.png","contentUrl":"https:\/\/www.inverseteams.com\/wp-content\/uploads\/2021\/03\/logo-inverse-teams.png","width":294,"height":99,"caption":"Inverse Teams"},"image":{"@id":"https:\/\/www.inverseteams.com\/fr\/#\/schema\/logo\/image\/"},"sameAs":["https:\/\/www.facebook.com\/inverseteams","http:\/\/instagram.com\/inverseteams","https:\/\/www.linkedin.com\/company\/inverse-cirosport-s-l-?trk=job_view_topcard_company_name","http:\/\/www.pinterest.com\/inverseteams\/","http:\/\/www.youtube.com\/user\/inverseteams?feature=watch"]}]}},"_links":{"self":[{"href":"https:\/\/www.inverseteams.com\/fr\/wp-json\/wp\/v2\/product\/15695","targetHints":{"allow":["GET"]}}],"collection":[{"href":"https:\/\/www.inverseteams.com\/fr\/wp-json\/wp\/v2\/product"}],"about":[{"href":"https:\/\/www.inverseteams.com\/fr\/wp-json\/wp\/v2\/types\/product"}],"replies":[{"embeddable":true,"href":"https:\/\/www.inverseteams.com\/fr\/wp-json\/wp\/v2\/comments?post=15695"}],"wp:featuredmedia":[{"embeddable":true,"href":"https:\/\/www.inverseteams.com\/fr\/wp-json\/wp\/v2\/media\/13725"}],"wp:attachment":[{"href":"https:\/\/www.inverseteams.com\/fr\/wp-json\/wp\/v2\/media?parent=15695"}],"wp:term":[{"taxonomy":"product_brand","embeddable":true,"href":"https:\/\/www.inverseteams.com\/fr\/wp-json\/wp\/v2\/product_brand?post=15695"},{"taxonomy":"product_cat","embeddable":true,"href":"https:\/\/www.inverseteams.com\/fr\/wp-json\/wp\/v2\/product_cat?post=15695"},{"taxonomy":"product_tag","embeddable":true,"href":"https:\/\/www.inverseteams.com\/fr\/wp-json\/wp\/v2\/product_tag?post=15695"},{"taxonomy":"custom_category","embeddable":true,"href":"https:\/\/www.inverseteams.com\/fr\/wp-json\/wp\/v2\/custom_category?post=15695"},{"taxonomy":"range","embeddable":true,"href":"https:\/\/www.inverseteams.com\/fr\/wp-json\/wp\/v2\/range?post=15695"}],"curies":[{"name":"wp","href":"https:\/\/api.w.org\/{rel}","templated":true}]}}