{"id":15613,"date":"2021-05-13T08:01:01","date_gmt":"2021-05-13T08:01:01","guid":{"rendered":"https:\/\/inverseteams.com\/product\/ceinture-running-run\/"},"modified":"2024-03-11T14:00:11","modified_gmt":"2024-03-11T14:00:11","slug":"ceinture-running-run","status":"publish","type":"product","link":"https:\/\/www.inverseteams.com\/fr\/produit\/ceinture-running-run\/","title":{"rendered":"Ceinture running RUN"},"content":{"rendered":"<p>La ceinture de running RUN est pr\u00e9par\u00e9e pour transporter les b\u00e2tons et est fabriqu\u00e9e en lycra ultra-l\u00e9ger et durable de haute performance, 100% polyester recycl\u00e9.<br \/>\nIl dispose de 6 poches pour ranger vos articles au moment de la course. Il a 2 caoutchoucs correctement con\u00e7us avec un silicone au milieu pour que les b\u00e2tons ne bougent pas horizontalement, ni rebondissent.<\/p>\n","protected":false},"excerpt":{"rendered":"<p>La ceinture de running RUN est pr\u00e9par\u00e9e pour transporter les b\u00e2tons et est fabriqu\u00e9e en lycra ultra-l\u00e9ger et durable de haute performance, 100% polyester recycl\u00e9.<br \/>\nIl dispose de 6 poches pour ranger vos articles au moment de la course. Il a 2 caoutchoucs correctement con\u00e7us avec un silicone au milieu pour que les b\u00e2tons ne bougent pas horizontalement, ni rebondissent.<\/p>\n","protected":false},"featured_media":12272,"comment_status":"closed","ping_status":"closed","template":"","meta":{"_acf_changed":false},"product_brand":[],"product_cat":[3309,3312,3228,3236,3308],"product_tag":[],"custom_category":[],"range":[],"class_list":{"0":"post-15613","1":"product","2":"type-product","3":"status-publish","4":"has-post-thumbnail","6":"product_cat-running-outlet-fr","7":"product_cat-trail-outlet-fr","8":"product_cat-homme","9":"product_cat-femme","10":"product_cat-outet-fr","11":"pa_deporte-running-fr","12":"pa_deporte-trail-fr","13":"pa_genero-homme","14":"pa_genero-femme","15":"pa_talla-l-xl-fr","16":"pa_talla-s-m-fr","17":"pa_tipo-de-prenda-ceinture","19":"first","20":"instock","21":"sale","22":"taxable","23":"shipping-taxable","24":"purchasable","25":"product-type-variable","26":"has-default-attributes"},"acf":[],"yoast_head":"<!-- This site is optimized with the Yoast SEO plugin v27.3 - https:\/\/yoast.com\/product\/yoast-seo-wordpress\/ -->\n<title>Ceinture running RUN<\/title>\n<meta name=\"description\" content=\"La ceinture de running RUN est pr\u00e9par\u00e9e pour transporter les b\u00e2tons et est fabriqu\u00e9e en lycra ultra-l\u00e9ger et durable de haute performance, 100% polyester recycl\u00e9. Il dispose de 6 poches pour ranger vos articles au moment de la course. Il a 2 caoutchoucs correctement con\u00e7us avec un silicone au milieu pour que les b\u00e2tons ne bougent pas horizontalement, ni rebondissent.\" \/>\n<meta name=\"robots\" content=\"index, follow, max-snippet:-1, max-image-preview:large, max-video-preview:-1\" \/>\n<link rel=\"canonical\" href=\"https:\/\/www.inverseteams.com\/fr\/produit\/ceinture-running-run\/\" \/>\n<meta property=\"og:locale\" content=\"fr_FR\" \/>\n<meta property=\"og:type\" content=\"article\" \/>\n<meta property=\"og:title\" content=\"Ceinture running RUN\" \/>\n<meta property=\"og:description\" content=\"La ceinture de running RUN est pr\u00e9par\u00e9e pour transporter les b\u00e2tons et est fabriqu\u00e9e en lycra ultra-l\u00e9ger et durable de haute performance, 100% polyester recycl\u00e9. Il dispose de 6 poches pour ranger vos articles au moment de la course. Il a 2 caoutchoucs correctement con\u00e7us avec un silicone au milieu pour que les b\u00e2tons ne bougent pas horizontalement, ni rebondissent.\" \/>\n<meta property=\"og:url\" content=\"https:\/\/www.inverseteams.com\/fr\/produit\/ceinture-running-run\/\" \/>\n<meta property=\"og:site_name\" content=\"Inverseteams\" \/>\n<meta property=\"article:publisher\" content=\"https:\/\/www.facebook.com\/inverseteams\" \/>\n<meta property=\"article:modified_time\" content=\"2024-03-11T14:00:11+00:00\" \/>\n<meta property=\"og:image\" content=\"https:\/\/www.inverseteams.com\/wp-content\/uploads\/CINTURON-RUN-1.jpg\" \/>\n\t<meta property=\"og:image:width\" content=\"3222\" \/>\n\t<meta property=\"og:image:height\" content=\"3462\" \/>\n\t<meta property=\"og:image:type\" content=\"image\/jpeg\" \/>\n<meta name=\"twitter:card\" content=\"summary_large_image\" \/>\n<script type=\"application\/ld+json\" class=\"yoast-schema-graph\">{\"@context\":\"https:\\\/\\\/schema.org\",\"@graph\":[{\"@type\":\"WebPage\",\"@id\":\"https:\\\/\\\/www.inverseteams.com\\\/fr\\\/produit\\\/ceinture-running-run\\\/\",\"url\":\"https:\\\/\\\/www.inverseteams.com\\\/fr\\\/produit\\\/ceinture-running-run\\\/\",\"name\":\"Ceinture running RUN\",\"isPartOf\":{\"@id\":\"https:\\\/\\\/www.inverseteams.com\\\/fr\\\/#website\"},\"primaryImageOfPage\":{\"@id\":\"https:\\\/\\\/www.inverseteams.com\\\/fr\\\/produit\\\/ceinture-running-run\\\/#primaryimage\"},\"image\":{\"@id\":\"https:\\\/\\\/www.inverseteams.com\\\/fr\\\/produit\\\/ceinture-running-run\\\/#primaryimage\"},\"thumbnailUrl\":\"https:\\\/\\\/www.inverseteams.com\\\/wp-content\\\/uploads\\\/CINTURON-RUN-1.jpg\",\"datePublished\":\"2021-05-13T08:01:01+00:00\",\"dateModified\":\"2024-03-11T14:00:11+00:00\",\"description\":\"La ceinture de running RUN est pr\u00e9par\u00e9e pour transporter les b\u00e2tons et est fabriqu\u00e9e en lycra ultra-l\u00e9ger et durable de haute performance, 100% polyester recycl\u00e9. Il dispose de 6 poches pour ranger vos articles au moment de la course. Il a 2 caoutchoucs correctement con\u00e7us avec un silicone au milieu pour que les b\u00e2tons ne bougent pas horizontalement, ni rebondissent.\",\"breadcrumb\":{\"@id\":\"https:\\\/\\\/www.inverseteams.com\\\/fr\\\/produit\\\/ceinture-running-run\\\/#breadcrumb\"},\"inLanguage\":\"fr-FR\",\"potentialAction\":[{\"@type\":\"ReadAction\",\"target\":[\"https:\\\/\\\/www.inverseteams.com\\\/fr\\\/produit\\\/ceinture-running-run\\\/\"]}]},{\"@type\":\"ImageObject\",\"inLanguage\":\"fr-FR\",\"@id\":\"https:\\\/\\\/www.inverseteams.com\\\/fr\\\/produit\\\/ceinture-running-run\\\/#primaryimage\",\"url\":\"https:\\\/\\\/www.inverseteams.com\\\/wp-content\\\/uploads\\\/CINTURON-RUN-1.jpg\",\"contentUrl\":\"https:\\\/\\\/www.inverseteams.com\\\/wp-content\\\/uploads\\\/CINTURON-RUN-1.jpg\",\"width\":3222,\"height\":3462,\"caption\":\"Cintur\u00f3n running RUN\"},{\"@type\":\"BreadcrumbList\",\"@id\":\"https:\\\/\\\/www.inverseteams.com\\\/fr\\\/produit\\\/ceinture-running-run\\\/#breadcrumb\",\"itemListElement\":[{\"@type\":\"ListItem\",\"position\":1,\"name\":\"Portada\",\"item\":\"https:\\\/\\\/www.inverseteams.com\\\/fr\\\/pagina-principal\\\/\"},{\"@type\":\"ListItem\",\"position\":2,\"name\":\"Panier\",\"item\":\"https:\\\/\\\/www.inverseteams.com\\\/fr\\\/panier\\\/\"},{\"@type\":\"ListItem\",\"position\":3,\"name\":\"Ceinture running RUN\"}]},{\"@type\":\"WebSite\",\"@id\":\"https:\\\/\\\/www.inverseteams.com\\\/fr\\\/#website\",\"url\":\"https:\\\/\\\/www.inverseteams.com\\\/fr\\\/\",\"name\":\"Inverseteams\",\"description\":\"Tu marca de ropa deportiva personalizada\",\"publisher\":{\"@id\":\"https:\\\/\\\/www.inverseteams.com\\\/fr\\\/#organization\"},\"potentialAction\":[{\"@type\":\"SearchAction\",\"target\":{\"@type\":\"EntryPoint\",\"urlTemplate\":\"https:\\\/\\\/www.inverseteams.com\\\/fr\\\/?s={search_term_string}\"},\"query-input\":{\"@type\":\"PropertyValueSpecification\",\"valueRequired\":true,\"valueName\":\"search_term_string\"}}],\"inLanguage\":\"fr-FR\"},{\"@type\":\"Organization\",\"@id\":\"https:\\\/\\\/www.inverseteams.com\\\/fr\\\/#organization\",\"name\":\"Inverse Teams\",\"url\":\"https:\\\/\\\/www.inverseteams.com\\\/fr\\\/\",\"logo\":{\"@type\":\"ImageObject\",\"inLanguage\":\"fr-FR\",\"@id\":\"https:\\\/\\\/www.inverseteams.com\\\/fr\\\/#\\\/schema\\\/logo\\\/image\\\/\",\"url\":\"http:\\\/\\\/www.inverseteams.com\\\/wp-content\\\/uploads\\\/2021\\\/03\\\/logo-inverse-teams.png\",\"contentUrl\":\"http:\\\/\\\/www.inverseteams.com\\\/wp-content\\\/uploads\\\/2021\\\/03\\\/logo-inverse-teams.png\",\"width\":294,\"height\":99,\"caption\":\"Inverse Teams\"},\"image\":{\"@id\":\"https:\\\/\\\/www.inverseteams.com\\\/fr\\\/#\\\/schema\\\/logo\\\/image\\\/\"},\"sameAs\":[\"https:\\\/\\\/www.facebook.com\\\/inverseteams\",\"http:\\\/\\\/instagram.com\\\/inverseteams\",\"https:\\\/\\\/www.linkedin.com\\\/company\\\/inverse-cirosport-s-l-?trk=job_view_topcard_company_name\",\"http:\\\/\\\/www.pinterest.com\\\/inverseteams\\\/\",\"http:\\\/\\\/www.youtube.com\\\/user\\\/inverseteams?feature=watch\"]}]}<\/script>\n<!-- \/ Yoast SEO plugin. -->","yoast_head_json":{"title":"Ceinture running RUN","description":"La ceinture de running RUN est pr\u00e9par\u00e9e pour transporter les b\u00e2tons et est fabriqu\u00e9e en lycra ultra-l\u00e9ger et durable de haute performance, 100% polyester recycl\u00e9. Il dispose de 6 poches pour ranger vos articles au moment de la course. Il a 2 caoutchoucs correctement con\u00e7us avec un silicone au milieu pour que les b\u00e2tons ne bougent pas horizontalement, ni rebondissent.","robots":{"index":"index","follow":"follow","max-snippet":"max-snippet:-1","max-image-preview":"max-image-preview:large","max-video-preview":"max-video-preview:-1"},"canonical":"https:\/\/www.inverseteams.com\/fr\/produit\/ceinture-running-run\/","og_locale":"fr_FR","og_type":"article","og_title":"Ceinture running RUN","og_description":"La ceinture de running RUN est pr\u00e9par\u00e9e pour transporter les b\u00e2tons et est fabriqu\u00e9e en lycra ultra-l\u00e9ger et durable de haute performance, 100% polyester recycl\u00e9. Il dispose de 6 poches pour ranger vos articles au moment de la course. Il a 2 caoutchoucs correctement con\u00e7us avec un silicone au milieu pour que les b\u00e2tons ne bougent pas horizontalement, ni rebondissent.","og_url":"https:\/\/www.inverseteams.com\/fr\/produit\/ceinture-running-run\/","og_site_name":"Inverseteams","article_publisher":"https:\/\/www.facebook.com\/inverseteams","article_modified_time":"2024-03-11T14:00:11+00:00","og_image":[{"width":3222,"height":3462,"url":"https:\/\/www.inverseteams.com\/wp-content\/uploads\/CINTURON-RUN-1.jpg","type":"image\/jpeg"}],"twitter_card":"summary_large_image","schema":{"@context":"https:\/\/schema.org","@graph":[{"@type":"WebPage","@id":"https:\/\/www.inverseteams.com\/fr\/produit\/ceinture-running-run\/","url":"https:\/\/www.inverseteams.com\/fr\/produit\/ceinture-running-run\/","name":"Ceinture running RUN","isPartOf":{"@id":"https:\/\/www.inverseteams.com\/fr\/#website"},"primaryImageOfPage":{"@id":"https:\/\/www.inverseteams.com\/fr\/produit\/ceinture-running-run\/#primaryimage"},"image":{"@id":"https:\/\/www.inverseteams.com\/fr\/produit\/ceinture-running-run\/#primaryimage"},"thumbnailUrl":"https:\/\/www.inverseteams.com\/wp-content\/uploads\/CINTURON-RUN-1.jpg","datePublished":"2021-05-13T08:01:01+00:00","dateModified":"2024-03-11T14:00:11+00:00","description":"La ceinture de running RUN est pr\u00e9par\u00e9e pour transporter les b\u00e2tons et est fabriqu\u00e9e en lycra ultra-l\u00e9ger et durable de haute performance, 100% polyester recycl\u00e9. Il dispose de 6 poches pour ranger vos articles au moment de la course. Il a 2 caoutchoucs correctement con\u00e7us avec un silicone au milieu pour que les b\u00e2tons ne bougent pas horizontalement, ni rebondissent.","breadcrumb":{"@id":"https:\/\/www.inverseteams.com\/fr\/produit\/ceinture-running-run\/#breadcrumb"},"inLanguage":"fr-FR","potentialAction":[{"@type":"ReadAction","target":["https:\/\/www.inverseteams.com\/fr\/produit\/ceinture-running-run\/"]}]},{"@type":"ImageObject","inLanguage":"fr-FR","@id":"https:\/\/www.inverseteams.com\/fr\/produit\/ceinture-running-run\/#primaryimage","url":"https:\/\/www.inverseteams.com\/wp-content\/uploads\/CINTURON-RUN-1.jpg","contentUrl":"https:\/\/www.inverseteams.com\/wp-content\/uploads\/CINTURON-RUN-1.jpg","width":3222,"height":3462,"caption":"Cintur\u00f3n running RUN"},{"@type":"BreadcrumbList","@id":"https:\/\/www.inverseteams.com\/fr\/produit\/ceinture-running-run\/#breadcrumb","itemListElement":[{"@type":"ListItem","position":1,"name":"Portada","item":"https:\/\/www.inverseteams.com\/fr\/pagina-principal\/"},{"@type":"ListItem","position":2,"name":"Panier","item":"https:\/\/www.inverseteams.com\/fr\/panier\/"},{"@type":"ListItem","position":3,"name":"Ceinture running RUN"}]},{"@type":"WebSite","@id":"https:\/\/www.inverseteams.com\/fr\/#website","url":"https:\/\/www.inverseteams.com\/fr\/","name":"Inverseteams","description":"Tu marca de ropa deportiva personalizada","publisher":{"@id":"https:\/\/www.inverseteams.com\/fr\/#organization"},"potentialAction":[{"@type":"SearchAction","target":{"@type":"EntryPoint","urlTemplate":"https:\/\/www.inverseteams.com\/fr\/?s={search_term_string}"},"query-input":{"@type":"PropertyValueSpecification","valueRequired":true,"valueName":"search_term_string"}}],"inLanguage":"fr-FR"},{"@type":"Organization","@id":"https:\/\/www.inverseteams.com\/fr\/#organization","name":"Inverse Teams","url":"https:\/\/www.inverseteams.com\/fr\/","logo":{"@type":"ImageObject","inLanguage":"fr-FR","@id":"https:\/\/www.inverseteams.com\/fr\/#\/schema\/logo\/image\/","url":"https:\/\/www.inverseteams.com\/wp-content\/uploads\/2021\/03\/logo-inverse-teams.png","contentUrl":"https:\/\/www.inverseteams.com\/wp-content\/uploads\/2021\/03\/logo-inverse-teams.png","width":294,"height":99,"caption":"Inverse Teams"},"image":{"@id":"https:\/\/www.inverseteams.com\/fr\/#\/schema\/logo\/image\/"},"sameAs":["https:\/\/www.facebook.com\/inverseteams","http:\/\/instagram.com\/inverseteams","https:\/\/www.linkedin.com\/company\/inverse-cirosport-s-l-?trk=job_view_topcard_company_name","http:\/\/www.pinterest.com\/inverseteams\/","http:\/\/www.youtube.com\/user\/inverseteams?feature=watch"]}]}},"_links":{"self":[{"href":"https:\/\/www.inverseteams.com\/fr\/wp-json\/wp\/v2\/product\/15613","targetHints":{"allow":["GET"]}}],"collection":[{"href":"https:\/\/www.inverseteams.com\/fr\/wp-json\/wp\/v2\/product"}],"about":[{"href":"https:\/\/www.inverseteams.com\/fr\/wp-json\/wp\/v2\/types\/product"}],"replies":[{"embeddable":true,"href":"https:\/\/www.inverseteams.com\/fr\/wp-json\/wp\/v2\/comments?post=15613"}],"wp:featuredmedia":[{"embeddable":true,"href":"https:\/\/www.inverseteams.com\/fr\/wp-json\/wp\/v2\/media\/12272"}],"wp:attachment":[{"href":"https:\/\/www.inverseteams.com\/fr\/wp-json\/wp\/v2\/media?parent=15613"}],"wp:term":[{"taxonomy":"product_brand","embeddable":true,"href":"https:\/\/www.inverseteams.com\/fr\/wp-json\/wp\/v2\/product_brand?post=15613"},{"taxonomy":"product_cat","embeddable":true,"href":"https:\/\/www.inverseteams.com\/fr\/wp-json\/wp\/v2\/product_cat?post=15613"},{"taxonomy":"product_tag","embeddable":true,"href":"https:\/\/www.inverseteams.com\/fr\/wp-json\/wp\/v2\/product_tag?post=15613"},{"taxonomy":"custom_category","embeddable":true,"href":"https:\/\/www.inverseteams.com\/fr\/wp-json\/wp\/v2\/custom_category?post=15613"},{"taxonomy":"range","embeddable":true,"href":"https:\/\/www.inverseteams.com\/fr\/wp-json\/wp\/v2\/range?post=15613"}],"curies":[{"name":"wp","href":"https:\/\/api.w.org\/{rel}","templated":true}]}}