{"id":15608,"date":"2021-05-13T08:00:26","date_gmt":"2021-05-13T08:00:26","guid":{"rendered":"https:\/\/inverseteams.com\/product\/gilet-hydratation-2-5-l-unisex-2-soft-flasks-300-ml\/"},"modified":"2024-03-11T14:00:11","modified_gmt":"2024-03-11T14:00:11","slug":"gilet-hydratation-2-5-l-unisex-2-soft-flasks-300-ml","status":"publish","type":"product","link":"https:\/\/www.inverseteams.com\/fr\/produit\/gilet-hydratation-2-5-l-unisex-2-soft-flasks-300-ml\/","title":{"rendered":"Gilet hydratation 2.5 l. (UNISEX)"},"content":{"rendered":"<p>Ce gilet est con\u00e7u avec un tissu lycra recycl\u00e9 qui s\u2019adapte au corps quelles que soient ses positions. Il a aussi 3 sangles frontales pour r\u00e9gler son ajustement. De cette fa\u00e7on le gilet est bien serr\u00e9 au corps et ne bouge pas pendant la course. Le dos est en tissu grille pour faciliter l\u2019\u00e9vacuation de la sueur, la peau est maintenue s\u00e8che et fra\u00eeche.<br \/>\nSur la partie avant il y a 2 poches hautes et 2 autres centrales pour contenir les bidons. Ce gilet incorpore aussi un sifflet de s\u00e9curit\u00e9, tr\u00e8s utile en cas d\u2019\u00e9mergences en montagne.<br \/>\nSur le dos, en bas, il y a une poche ergonomique. Pour plus de s\u00e9curit\u00e9 elle a une bande r\u00e9fl\u00e9chissante.<br \/>\nCe gilet a une capacit\u00e9 de 2,5 litres.<\/p>\n","protected":false},"excerpt":{"rendered":"<p>Ce gilet est con\u00e7u avec un tissu lycra recycl\u00e9 qui s\u2019adapte au corps quelles que soient ses positions. Il a aussi 3 sangles frontales pour r\u00e9gler son ajustement. De cette fa\u00e7on le gilet est bien serr\u00e9 au corps et ne bouge pas pendant la course. Le dos est en tissu grille pour faciliter l\u2019\u00e9vacuation de la sueur, la peau est maintenue s\u00e8che et fra\u00eeche.<br \/>\nSur la partie avant il y a 2 poches hautes et 2 autres centrales pour contenir les bidons. Ce gilet incorpore aussi un sifflet de s\u00e9curit\u00e9, tr\u00e8s utile en cas d\u2019\u00e9mergences en montagne.<br \/>\nSur le dos, en bas, il y a une poche ergonomique. Pour plus de s\u00e9curit\u00e9 elle a une bande r\u00e9fl\u00e9chissante.<br \/>\nCe gilet a une capacit\u00e9 de 2,5 litres.<\/p>\n","protected":false},"featured_media":12173,"comment_status":"closed","ping_status":"closed","template":"","meta":{"_acf_changed":false},"product_brand":[],"product_cat":[3309,3312,3228,3236,3308],"product_tag":[],"custom_category":[],"range":[],"class_list":{"0":"post-15608","1":"product","2":"type-product","3":"status-publish","4":"has-post-thumbnail","6":"product_cat-running-outlet-fr","7":"product_cat-trail-outlet-fr","8":"product_cat-homme","9":"product_cat-femme","10":"product_cat-outet-fr","11":"pa_deporte-running-fr","12":"pa_deporte-trail-fr","13":"pa_genero-homme","14":"pa_genero-femme","15":"pa_talla-l-xl-fr","16":"pa_talla-s-m-fr","17":"pa_tipo-de-prenda-gilet-hydratation","19":"first","20":"instock","21":"sale","22":"taxable","23":"shipping-taxable","24":"purchasable","25":"product-type-variable","26":"has-default-attributes"},"acf":[],"yoast_head":"<!-- This site is optimized with the Yoast SEO plugin v27.5 - https:\/\/yoast.com\/product\/yoast-seo-wordpress\/ -->\n<title>Gilet hydratation 2.5 l. (UNISEX)<\/title>\n<meta name=\"description\" content=\"Ce gilet est con\u00e7u avec un tissu lycra recycl\u00e9 qui s\u2019adapte au corps quelles que soient ses positions. Il a aussi 3 sangles frontales pour r\u00e9gler son ajustement. De cette fa\u00e7on le gilet est bien serr\u00e9 au corps et ne bouge pas pendant la course. Le dos est en tissu grille pour faciliter l\u2019\u00e9vacuation de la sueur, la peau est maintenue s\u00e8che et fra\u00eeche. Sur la partie avant il y a 2 poches hautes et 2 autres centrales pour contenir les bidons. Ce gilet incorpore aussi un sifflet de s\u00e9curit\u00e9, tr\u00e8s utile en cas d\u2019\u00e9mergences en montagne. Sur le dos, en bas, il y a une poche ergonomique. Pour plus de s\u00e9curit\u00e9 elle a une bande r\u00e9fl\u00e9chissante. Ce gilet a une capacit\u00e9 de 2,5 litres.\" \/>\n<meta name=\"robots\" content=\"index, follow, max-snippet:-1, max-image-preview:large, max-video-preview:-1\" \/>\n<link rel=\"canonical\" href=\"https:\/\/www.inverseteams.com\/fr\/produit\/gilet-hydratation-2-5-l-unisex-2-soft-flasks-300-ml\/\" \/>\n<meta property=\"og:locale\" content=\"fr_FR\" \/>\n<meta property=\"og:type\" content=\"article\" \/>\n<meta property=\"og:title\" content=\"Gilet hydratation 2.5 l. (UNISEX)\" \/>\n<meta property=\"og:description\" content=\"Ce gilet est con\u00e7u avec un tissu lycra recycl\u00e9 qui s\u2019adapte au corps quelles que soient ses positions. Il a aussi 3 sangles frontales pour r\u00e9gler son ajustement. De cette fa\u00e7on le gilet est bien serr\u00e9 au corps et ne bouge pas pendant la course. Le dos est en tissu grille pour faciliter l\u2019\u00e9vacuation de la sueur, la peau est maintenue s\u00e8che et fra\u00eeche. Sur la partie avant il y a 2 poches hautes et 2 autres centrales pour contenir les bidons. Ce gilet incorpore aussi un sifflet de s\u00e9curit\u00e9, tr\u00e8s utile en cas d\u2019\u00e9mergences en montagne. Sur le dos, en bas, il y a une poche ergonomique. Pour plus de s\u00e9curit\u00e9 elle a une bande r\u00e9fl\u00e9chissante. Ce gilet a une capacit\u00e9 de 2,5 litres.\" \/>\n<meta property=\"og:url\" content=\"https:\/\/www.inverseteams.com\/fr\/produit\/gilet-hydratation-2-5-l-unisex-2-soft-flasks-300-ml\/\" \/>\n<meta property=\"og:site_name\" content=\"Inverseteams\" \/>\n<meta property=\"article:publisher\" content=\"https:\/\/www.facebook.com\/inverseteams\" \/>\n<meta property=\"article:modified_time\" content=\"2024-03-11T14:00:11+00:00\" \/>\n<meta property=\"og:image\" content=\"https:\/\/www.inverseteams.com\/wp-content\/uploads\/CHALECO-HIDRATACION-25-1.jpg\" \/>\n\t<meta property=\"og:image:width\" content=\"3222\" \/>\n\t<meta property=\"og:image:height\" content=\"3462\" \/>\n\t<meta property=\"og:image:type\" content=\"image\/jpeg\" \/>\n<meta name=\"twitter:card\" content=\"summary_large_image\" \/>\n<meta name=\"twitter:label1\" content=\"Dur\u00e9e de lecture estim\u00e9e\" \/>\n\t<meta name=\"twitter:data1\" content=\"1 minute\" \/>\n<script type=\"application\/ld+json\" class=\"yoast-schema-graph\">{\"@context\":\"https:\\\/\\\/schema.org\",\"@graph\":[{\"@type\":\"WebPage\",\"@id\":\"https:\\\/\\\/www.inverseteams.com\\\/fr\\\/produit\\\/gilet-hydratation-2-5-l-unisex-2-soft-flasks-300-ml\\\/\",\"url\":\"https:\\\/\\\/www.inverseteams.com\\\/fr\\\/produit\\\/gilet-hydratation-2-5-l-unisex-2-soft-flasks-300-ml\\\/\",\"name\":\"Gilet hydratation 2.5 l. (UNISEX)\",\"isPartOf\":{\"@id\":\"https:\\\/\\\/www.inverseteams.com\\\/fr\\\/#website\"},\"primaryImageOfPage\":{\"@id\":\"https:\\\/\\\/www.inverseteams.com\\\/fr\\\/produit\\\/gilet-hydratation-2-5-l-unisex-2-soft-flasks-300-ml\\\/#primaryimage\"},\"image\":{\"@id\":\"https:\\\/\\\/www.inverseteams.com\\\/fr\\\/produit\\\/gilet-hydratation-2-5-l-unisex-2-soft-flasks-300-ml\\\/#primaryimage\"},\"thumbnailUrl\":\"https:\\\/\\\/www.inverseteams.com\\\/wp-content\\\/uploads\\\/CHALECO-HIDRATACION-25-1.jpg\",\"datePublished\":\"2021-05-13T08:00:26+00:00\",\"dateModified\":\"2024-03-11T14:00:11+00:00\",\"description\":\"Ce gilet est con\u00e7u avec un tissu lycra recycl\u00e9 qui s\u2019adapte au corps quelles que soient ses positions. Il a aussi 3 sangles frontales pour r\u00e9gler son ajustement. De cette fa\u00e7on le gilet est bien serr\u00e9 au corps et ne bouge pas pendant la course. Le dos est en tissu grille pour faciliter l\u2019\u00e9vacuation de la sueur, la peau est maintenue s\u00e8che et fra\u00eeche. Sur la partie avant il y a 2 poches hautes et 2 autres centrales pour contenir les bidons. Ce gilet incorpore aussi un sifflet de s\u00e9curit\u00e9, tr\u00e8s utile en cas d\u2019\u00e9mergences en montagne. Sur le dos, en bas, il y a une poche ergonomique. Pour plus de s\u00e9curit\u00e9 elle a une bande r\u00e9fl\u00e9chissante. Ce gilet a une capacit\u00e9 de 2,5 litres.\",\"breadcrumb\":{\"@id\":\"https:\\\/\\\/www.inverseteams.com\\\/fr\\\/produit\\\/gilet-hydratation-2-5-l-unisex-2-soft-flasks-300-ml\\\/#breadcrumb\"},\"inLanguage\":\"fr-FR\",\"potentialAction\":[{\"@type\":\"ReadAction\",\"target\":[\"https:\\\/\\\/www.inverseteams.com\\\/fr\\\/produit\\\/gilet-hydratation-2-5-l-unisex-2-soft-flasks-300-ml\\\/\"]}]},{\"@type\":\"ImageObject\",\"inLanguage\":\"fr-FR\",\"@id\":\"https:\\\/\\\/www.inverseteams.com\\\/fr\\\/produit\\\/gilet-hydratation-2-5-l-unisex-2-soft-flasks-300-ml\\\/#primaryimage\",\"url\":\"https:\\\/\\\/www.inverseteams.com\\\/wp-content\\\/uploads\\\/CHALECO-HIDRATACION-25-1.jpg\",\"contentUrl\":\"https:\\\/\\\/www.inverseteams.com\\\/wp-content\\\/uploads\\\/CHALECO-HIDRATACION-25-1.jpg\",\"width\":3222,\"height\":3462,\"caption\":\"Chaleco hidratacion 2.5 litros\"},{\"@type\":\"BreadcrumbList\",\"@id\":\"https:\\\/\\\/www.inverseteams.com\\\/fr\\\/produit\\\/gilet-hydratation-2-5-l-unisex-2-soft-flasks-300-ml\\\/#breadcrumb\",\"itemListElement\":[{\"@type\":\"ListItem\",\"position\":1,\"name\":\"Portada\",\"item\":\"https:\\\/\\\/www.inverseteams.com\\\/fr\\\/pagina-principal\\\/\"},{\"@type\":\"ListItem\",\"position\":2,\"name\":\"Panier\",\"item\":\"https:\\\/\\\/www.inverseteams.com\\\/fr\\\/panier\\\/\"},{\"@type\":\"ListItem\",\"position\":3,\"name\":\"Gilet hydratation 2.5 l. (UNISEX)\"}]},{\"@type\":\"WebSite\",\"@id\":\"https:\\\/\\\/www.inverseteams.com\\\/fr\\\/#website\",\"url\":\"https:\\\/\\\/www.inverseteams.com\\\/fr\\\/\",\"name\":\"Inverseteams\",\"description\":\"Tu marca de ropa deportiva personalizada\",\"publisher\":{\"@id\":\"https:\\\/\\\/www.inverseteams.com\\\/fr\\\/#organization\"},\"potentialAction\":[{\"@type\":\"SearchAction\",\"target\":{\"@type\":\"EntryPoint\",\"urlTemplate\":\"https:\\\/\\\/www.inverseteams.com\\\/fr\\\/?s={search_term_string}\"},\"query-input\":{\"@type\":\"PropertyValueSpecification\",\"valueRequired\":true,\"valueName\":\"search_term_string\"}}],\"inLanguage\":\"fr-FR\"},{\"@type\":\"Organization\",\"@id\":\"https:\\\/\\\/www.inverseteams.com\\\/fr\\\/#organization\",\"name\":\"Inverse Teams\",\"url\":\"https:\\\/\\\/www.inverseteams.com\\\/fr\\\/\",\"logo\":{\"@type\":\"ImageObject\",\"inLanguage\":\"fr-FR\",\"@id\":\"https:\\\/\\\/www.inverseteams.com\\\/fr\\\/#\\\/schema\\\/logo\\\/image\\\/\",\"url\":\"https:\\\/\\\/www.inverseteams.com\\\/wp-content\\\/uploads\\\/2021\\\/03\\\/logo-inverse-teams.png\",\"contentUrl\":\"https:\\\/\\\/www.inverseteams.com\\\/wp-content\\\/uploads\\\/2021\\\/03\\\/logo-inverse-teams.png\",\"width\":294,\"height\":99,\"caption\":\"Inverse Teams\"},\"image\":{\"@id\":\"https:\\\/\\\/www.inverseteams.com\\\/fr\\\/#\\\/schema\\\/logo\\\/image\\\/\"},\"sameAs\":[\"https:\\\/\\\/www.facebook.com\\\/inverseteams\",\"http:\\\/\\\/instagram.com\\\/inverseteams\",\"https:\\\/\\\/www.linkedin.com\\\/company\\\/inverse-cirosport-s-l-?trk=job_view_topcard_company_name\",\"http:\\\/\\\/www.pinterest.com\\\/inverseteams\\\/\",\"http:\\\/\\\/www.youtube.com\\\/user\\\/inverseteams?feature=watch\"]}]}<\/script>\n<!-- \/ Yoast SEO plugin. -->","yoast_head_json":{"title":"Gilet hydratation 2.5 l. (UNISEX)","description":"Ce gilet est con\u00e7u avec un tissu lycra recycl\u00e9 qui s\u2019adapte au corps quelles que soient ses positions. Il a aussi 3 sangles frontales pour r\u00e9gler son ajustement. De cette fa\u00e7on le gilet est bien serr\u00e9 au corps et ne bouge pas pendant la course. Le dos est en tissu grille pour faciliter l\u2019\u00e9vacuation de la sueur, la peau est maintenue s\u00e8che et fra\u00eeche. Sur la partie avant il y a 2 poches hautes et 2 autres centrales pour contenir les bidons. Ce gilet incorpore aussi un sifflet de s\u00e9curit\u00e9, tr\u00e8s utile en cas d\u2019\u00e9mergences en montagne. Sur le dos, en bas, il y a une poche ergonomique. Pour plus de s\u00e9curit\u00e9 elle a une bande r\u00e9fl\u00e9chissante. Ce gilet a une capacit\u00e9 de 2,5 litres.","robots":{"index":"index","follow":"follow","max-snippet":"max-snippet:-1","max-image-preview":"max-image-preview:large","max-video-preview":"max-video-preview:-1"},"canonical":"https:\/\/www.inverseteams.com\/fr\/produit\/gilet-hydratation-2-5-l-unisex-2-soft-flasks-300-ml\/","og_locale":"fr_FR","og_type":"article","og_title":"Gilet hydratation 2.5 l. (UNISEX)","og_description":"Ce gilet est con\u00e7u avec un tissu lycra recycl\u00e9 qui s\u2019adapte au corps quelles que soient ses positions. Il a aussi 3 sangles frontales pour r\u00e9gler son ajustement. De cette fa\u00e7on le gilet est bien serr\u00e9 au corps et ne bouge pas pendant la course. Le dos est en tissu grille pour faciliter l\u2019\u00e9vacuation de la sueur, la peau est maintenue s\u00e8che et fra\u00eeche. Sur la partie avant il y a 2 poches hautes et 2 autres centrales pour contenir les bidons. Ce gilet incorpore aussi un sifflet de s\u00e9curit\u00e9, tr\u00e8s utile en cas d\u2019\u00e9mergences en montagne. Sur le dos, en bas, il y a une poche ergonomique. Pour plus de s\u00e9curit\u00e9 elle a une bande r\u00e9fl\u00e9chissante. Ce gilet a une capacit\u00e9 de 2,5 litres.","og_url":"https:\/\/www.inverseteams.com\/fr\/produit\/gilet-hydratation-2-5-l-unisex-2-soft-flasks-300-ml\/","og_site_name":"Inverseteams","article_publisher":"https:\/\/www.facebook.com\/inverseteams","article_modified_time":"2024-03-11T14:00:11+00:00","og_image":[{"width":3222,"height":3462,"url":"https:\/\/www.inverseteams.com\/wp-content\/uploads\/CHALECO-HIDRATACION-25-1.jpg","type":"image\/jpeg"}],"twitter_card":"summary_large_image","twitter_misc":{"Dur\u00e9e de lecture estim\u00e9e":"1 minute"},"schema":{"@context":"https:\/\/schema.org","@graph":[{"@type":"WebPage","@id":"https:\/\/www.inverseteams.com\/fr\/produit\/gilet-hydratation-2-5-l-unisex-2-soft-flasks-300-ml\/","url":"https:\/\/www.inverseteams.com\/fr\/produit\/gilet-hydratation-2-5-l-unisex-2-soft-flasks-300-ml\/","name":"Gilet hydratation 2.5 l. (UNISEX)","isPartOf":{"@id":"https:\/\/www.inverseteams.com\/fr\/#website"},"primaryImageOfPage":{"@id":"https:\/\/www.inverseteams.com\/fr\/produit\/gilet-hydratation-2-5-l-unisex-2-soft-flasks-300-ml\/#primaryimage"},"image":{"@id":"https:\/\/www.inverseteams.com\/fr\/produit\/gilet-hydratation-2-5-l-unisex-2-soft-flasks-300-ml\/#primaryimage"},"thumbnailUrl":"https:\/\/www.inverseteams.com\/wp-content\/uploads\/CHALECO-HIDRATACION-25-1.jpg","datePublished":"2021-05-13T08:00:26+00:00","dateModified":"2024-03-11T14:00:11+00:00","description":"Ce gilet est con\u00e7u avec un tissu lycra recycl\u00e9 qui s\u2019adapte au corps quelles que soient ses positions. Il a aussi 3 sangles frontales pour r\u00e9gler son ajustement. De cette fa\u00e7on le gilet est bien serr\u00e9 au corps et ne bouge pas pendant la course. Le dos est en tissu grille pour faciliter l\u2019\u00e9vacuation de la sueur, la peau est maintenue s\u00e8che et fra\u00eeche. Sur la partie avant il y a 2 poches hautes et 2 autres centrales pour contenir les bidons. Ce gilet incorpore aussi un sifflet de s\u00e9curit\u00e9, tr\u00e8s utile en cas d\u2019\u00e9mergences en montagne. Sur le dos, en bas, il y a une poche ergonomique. Pour plus de s\u00e9curit\u00e9 elle a une bande r\u00e9fl\u00e9chissante. Ce gilet a une capacit\u00e9 de 2,5 litres.","breadcrumb":{"@id":"https:\/\/www.inverseteams.com\/fr\/produit\/gilet-hydratation-2-5-l-unisex-2-soft-flasks-300-ml\/#breadcrumb"},"inLanguage":"fr-FR","potentialAction":[{"@type":"ReadAction","target":["https:\/\/www.inverseteams.com\/fr\/produit\/gilet-hydratation-2-5-l-unisex-2-soft-flasks-300-ml\/"]}]},{"@type":"ImageObject","inLanguage":"fr-FR","@id":"https:\/\/www.inverseteams.com\/fr\/produit\/gilet-hydratation-2-5-l-unisex-2-soft-flasks-300-ml\/#primaryimage","url":"https:\/\/www.inverseteams.com\/wp-content\/uploads\/CHALECO-HIDRATACION-25-1.jpg","contentUrl":"https:\/\/www.inverseteams.com\/wp-content\/uploads\/CHALECO-HIDRATACION-25-1.jpg","width":3222,"height":3462,"caption":"Chaleco hidratacion 2.5 litros"},{"@type":"BreadcrumbList","@id":"https:\/\/www.inverseteams.com\/fr\/produit\/gilet-hydratation-2-5-l-unisex-2-soft-flasks-300-ml\/#breadcrumb","itemListElement":[{"@type":"ListItem","position":1,"name":"Portada","item":"https:\/\/www.inverseteams.com\/fr\/pagina-principal\/"},{"@type":"ListItem","position":2,"name":"Panier","item":"https:\/\/www.inverseteams.com\/fr\/panier\/"},{"@type":"ListItem","position":3,"name":"Gilet hydratation 2.5 l. (UNISEX)"}]},{"@type":"WebSite","@id":"https:\/\/www.inverseteams.com\/fr\/#website","url":"https:\/\/www.inverseteams.com\/fr\/","name":"Inverseteams","description":"Tu marca de ropa deportiva personalizada","publisher":{"@id":"https:\/\/www.inverseteams.com\/fr\/#organization"},"potentialAction":[{"@type":"SearchAction","target":{"@type":"EntryPoint","urlTemplate":"https:\/\/www.inverseteams.com\/fr\/?s={search_term_string}"},"query-input":{"@type":"PropertyValueSpecification","valueRequired":true,"valueName":"search_term_string"}}],"inLanguage":"fr-FR"},{"@type":"Organization","@id":"https:\/\/www.inverseteams.com\/fr\/#organization","name":"Inverse Teams","url":"https:\/\/www.inverseteams.com\/fr\/","logo":{"@type":"ImageObject","inLanguage":"fr-FR","@id":"https:\/\/www.inverseteams.com\/fr\/#\/schema\/logo\/image\/","url":"https:\/\/www.inverseteams.com\/wp-content\/uploads\/2021\/03\/logo-inverse-teams.png","contentUrl":"https:\/\/www.inverseteams.com\/wp-content\/uploads\/2021\/03\/logo-inverse-teams.png","width":294,"height":99,"caption":"Inverse Teams"},"image":{"@id":"https:\/\/www.inverseteams.com\/fr\/#\/schema\/logo\/image\/"},"sameAs":["https:\/\/www.facebook.com\/inverseteams","http:\/\/instagram.com\/inverseteams","https:\/\/www.linkedin.com\/company\/inverse-cirosport-s-l-?trk=job_view_topcard_company_name","http:\/\/www.pinterest.com\/inverseteams\/","http:\/\/www.youtube.com\/user\/inverseteams?feature=watch"]}]}},"_links":{"self":[{"href":"https:\/\/www.inverseteams.com\/fr\/wp-json\/wp\/v2\/product\/15608","targetHints":{"allow":["GET"]}}],"collection":[{"href":"https:\/\/www.inverseteams.com\/fr\/wp-json\/wp\/v2\/product"}],"about":[{"href":"https:\/\/www.inverseteams.com\/fr\/wp-json\/wp\/v2\/types\/product"}],"replies":[{"embeddable":true,"href":"https:\/\/www.inverseteams.com\/fr\/wp-json\/wp\/v2\/comments?post=15608"}],"wp:featuredmedia":[{"embeddable":true,"href":"https:\/\/www.inverseteams.com\/fr\/wp-json\/wp\/v2\/media\/12173"}],"wp:attachment":[{"href":"https:\/\/www.inverseteams.com\/fr\/wp-json\/wp\/v2\/media?parent=15608"}],"wp:term":[{"taxonomy":"product_brand","embeddable":true,"href":"https:\/\/www.inverseteams.com\/fr\/wp-json\/wp\/v2\/product_brand?post=15608"},{"taxonomy":"product_cat","embeddable":true,"href":"https:\/\/www.inverseteams.com\/fr\/wp-json\/wp\/v2\/product_cat?post=15608"},{"taxonomy":"product_tag","embeddable":true,"href":"https:\/\/www.inverseteams.com\/fr\/wp-json\/wp\/v2\/product_tag?post=15608"},{"taxonomy":"custom_category","embeddable":true,"href":"https:\/\/www.inverseteams.com\/fr\/wp-json\/wp\/v2\/custom_category?post=15608"},{"taxonomy":"range","embeddable":true,"href":"https:\/\/www.inverseteams.com\/fr\/wp-json\/wp\/v2\/range?post=15608"}],"curies":[{"name":"wp","href":"https:\/\/api.w.org\/{rel}","templated":true}]}}