{"id":15579,"date":"2021-05-13T07:57:05","date_gmt":"2021-05-07T06:47:18","guid":{"rendered":"https:\/\/inverseteams.com\/product\/shorts-trail-running-team-inverse\/"},"modified":"2025-05-22T00:01:28","modified_gmt":"2025-05-22T00:01:28","slug":"shorts-trail-running-team-inverse","status":"publish","type":"product","link":"https:\/\/www.inverseteams.com\/fr\/produit\/shorts-trail-running-team-inverse\/","title":{"rendered":"Shorts trail running TEAM INVERSE"},"content":{"rendered":"<p>Ce short de trail ultra l\u00e9ger vous permet de profiter de longues s\u00e9ances d&rsquo;exercice pendant les journ\u00e9es chaudes.<br \/>\n\u00c0 la taille, une bande \u00e9lastique s\u2019ajuste tr\u00e8s bien au corps et maintient fermement le v\u00eatement, sans g\u00eaner. Sur la zone arri\u00e8re il a 2 poches en filet \u00e9lastique et 1 poche zipp\u00e9e o\u00f9 vous pouvez stocker vos objets sans crainte de les perdre, vous pouvez courir sans soucis.<\/p>\n","protected":false},"excerpt":{"rendered":"<p>Ce short de trail ultra l\u00e9ger vous permet de profiter de longues s\u00e9ances d&rsquo;exercice pendant les journ\u00e9es chaudes.<br \/>\n\u00c0 la taille, une bande \u00e9lastique s\u2019ajuste tr\u00e8s bien au corps et maintient fermement le v\u00eatement, sans g\u00eaner. Sur la zone arri\u00e8re il a 2 poches en filet \u00e9lastique et 1 poche zipp\u00e9e o\u00f9 vous pouvez stocker vos objets sans crainte de les perdre, vous pouvez courir sans soucis.<\/p>\n","protected":false},"featured_media":11607,"comment_status":"closed","ping_status":"closed","template":"","meta":{"_acf_changed":false},"product_brand":[],"product_cat":[3286,3276,3228,3236],"product_tag":[],"custom_category":[],"range":[],"class_list":{"0":"post-15579","1":"product","2":"type-product","3":"status-publish","4":"has-post-thumbnail","6":"product_cat-shorts-trail-running-fr","7":"product_cat-trail-running-fr","8":"product_cat-homme","9":"product_cat-femme","10":"pa_climatologia-chaud","11":"pa_deporte-trail-fr","12":"pa_genero-homme","13":"pa_genero-femme","14":"pa_patronaje-regular-fr","15":"pa_talla-xxl-fr","16":"pa_talla-l-fr","17":"pa_talla-m-fr","18":"pa_talla-s-fr","19":"pa_talla-xl-fr","20":"pa_tipo-de-prenda-collant-court","22":"first","23":"instock","24":"taxable","25":"shipping-taxable","26":"purchasable","27":"product-type-variable","28":"has-default-attributes"},"acf":[],"yoast_head":"<!-- This site is optimized with the Yoast SEO plugin v27.3 - https:\/\/yoast.com\/product\/yoast-seo-wordpress\/ -->\n<title>Shorts trail running TEAM INVERSE<\/title>\n<meta name=\"description\" content=\"Ce short de trail ultra l\u00e9ger vous permet de profiter de longues s\u00e9ances d&#039;exercice pendant les journ\u00e9es chaudes. \u00c0 la taille, une bande \u00e9lastique s\u2019ajuste tr\u00e8s bien au corps et maintient fermement le v\u00eatement, sans g\u00eaner. Sur la zone arri\u00e8re il a 2 poches en filet \u00e9lastique et 1 poche zipp\u00e9e o\u00f9 vous pouvez stocker vos objets sans crainte de les perdre, vous pouvez courir sans soucis.\" \/>\n<meta name=\"robots\" content=\"index, follow, max-snippet:-1, max-image-preview:large, max-video-preview:-1\" \/>\n<link rel=\"canonical\" href=\"https:\/\/www.inverseteams.com\/fr\/produit\/shorts-trail-running-team-inverse\/\" \/>\n<meta property=\"og:locale\" content=\"fr_FR\" \/>\n<meta property=\"og:type\" content=\"article\" \/>\n<meta property=\"og:title\" content=\"Shorts trail running TEAM INVERSE\" \/>\n<meta property=\"og:description\" content=\"Ce short de trail ultra l\u00e9ger vous permet de profiter de longues s\u00e9ances d&#039;exercice pendant les journ\u00e9es chaudes. \u00c0 la taille, une bande \u00e9lastique s\u2019ajuste tr\u00e8s bien au corps et maintient fermement le v\u00eatement, sans g\u00eaner. Sur la zone arri\u00e8re il a 2 poches en filet \u00e9lastique et 1 poche zipp\u00e9e o\u00f9 vous pouvez stocker vos objets sans crainte de les perdre, vous pouvez courir sans soucis.\" \/>\n<meta property=\"og:url\" content=\"https:\/\/www.inverseteams.com\/fr\/produit\/shorts-trail-running-team-inverse\/\" \/>\n<meta property=\"og:site_name\" content=\"Inverseteams\" \/>\n<meta property=\"article:publisher\" content=\"https:\/\/www.facebook.com\/inverseteams\" \/>\n<meta property=\"article:modified_time\" content=\"2025-05-22T00:01:28+00:00\" \/>\n<meta property=\"og:image\" content=\"https:\/\/www.inverseteams.com\/wp-content\/uploads\/PANTALON-TRAIL-TEAM-INVERSE-1.jpg\" \/>\n\t<meta property=\"og:image:width\" content=\"3222\" \/>\n\t<meta property=\"og:image:height\" content=\"3462\" \/>\n\t<meta property=\"og:image:type\" content=\"image\/jpeg\" \/>\n<meta name=\"twitter:card\" content=\"summary_large_image\" \/>\n<script type=\"application\/ld+json\" class=\"yoast-schema-graph\">{\"@context\":\"https:\\\/\\\/schema.org\",\"@graph\":[{\"@type\":\"WebPage\",\"@id\":\"https:\\\/\\\/www.inverseteams.com\\\/fr\\\/produit\\\/shorts-trail-running-team-inverse\\\/\",\"url\":\"https:\\\/\\\/www.inverseteams.com\\\/fr\\\/produit\\\/shorts-trail-running-team-inverse\\\/\",\"name\":\"Shorts trail running TEAM INVERSE\",\"isPartOf\":{\"@id\":\"https:\\\/\\\/www.inverseteams.com\\\/fr\\\/#website\"},\"primaryImageOfPage\":{\"@id\":\"https:\\\/\\\/www.inverseteams.com\\\/fr\\\/produit\\\/shorts-trail-running-team-inverse\\\/#primaryimage\"},\"image\":{\"@id\":\"https:\\\/\\\/www.inverseteams.com\\\/fr\\\/produit\\\/shorts-trail-running-team-inverse\\\/#primaryimage\"},\"thumbnailUrl\":\"https:\\\/\\\/www.inverseteams.com\\\/wp-content\\\/uploads\\\/PANTALON-TRAIL-TEAM-INVERSE-1.jpg\",\"datePublished\":\"2021-05-07T06:47:18+00:00\",\"dateModified\":\"2025-05-22T00:01:28+00:00\",\"description\":\"Ce short de trail ultra l\u00e9ger vous permet de profiter de longues s\u00e9ances d'exercice pendant les journ\u00e9es chaudes. \u00c0 la taille, une bande \u00e9lastique s\u2019ajuste tr\u00e8s bien au corps et maintient fermement le v\u00eatement, sans g\u00eaner. Sur la zone arri\u00e8re il a 2 poches en filet \u00e9lastique et 1 poche zipp\u00e9e o\u00f9 vous pouvez stocker vos objets sans crainte de les perdre, vous pouvez courir sans soucis.\",\"breadcrumb\":{\"@id\":\"https:\\\/\\\/www.inverseteams.com\\\/fr\\\/produit\\\/shorts-trail-running-team-inverse\\\/#breadcrumb\"},\"inLanguage\":\"fr-FR\",\"potentialAction\":[{\"@type\":\"ReadAction\",\"target\":[\"https:\\\/\\\/www.inverseteams.com\\\/fr\\\/produit\\\/shorts-trail-running-team-inverse\\\/\"]}]},{\"@type\":\"ImageObject\",\"inLanguage\":\"fr-FR\",\"@id\":\"https:\\\/\\\/www.inverseteams.com\\\/fr\\\/produit\\\/shorts-trail-running-team-inverse\\\/#primaryimage\",\"url\":\"https:\\\/\\\/www.inverseteams.com\\\/wp-content\\\/uploads\\\/PANTALON-TRAIL-TEAM-INVERSE-1.jpg\",\"contentUrl\":\"https:\\\/\\\/www.inverseteams.com\\\/wp-content\\\/uploads\\\/PANTALON-TRAIL-TEAM-INVERSE-1.jpg\",\"width\":3222,\"height\":3462,\"caption\":\"Pantalon trail running TEAM INVERSE\"},{\"@type\":\"BreadcrumbList\",\"@id\":\"https:\\\/\\\/www.inverseteams.com\\\/fr\\\/produit\\\/shorts-trail-running-team-inverse\\\/#breadcrumb\",\"itemListElement\":[{\"@type\":\"ListItem\",\"position\":1,\"name\":\"Portada\",\"item\":\"https:\\\/\\\/www.inverseteams.com\\\/fr\\\/pagina-principal\\\/\"},{\"@type\":\"ListItem\",\"position\":2,\"name\":\"Panier\",\"item\":\"https:\\\/\\\/www.inverseteams.com\\\/fr\\\/panier\\\/\"},{\"@type\":\"ListItem\",\"position\":3,\"name\":\"Shorts trail running TEAM INVERSE\"}]},{\"@type\":\"WebSite\",\"@id\":\"https:\\\/\\\/www.inverseteams.com\\\/fr\\\/#website\",\"url\":\"https:\\\/\\\/www.inverseteams.com\\\/fr\\\/\",\"name\":\"Inverseteams\",\"description\":\"Tu marca de ropa deportiva personalizada\",\"publisher\":{\"@id\":\"https:\\\/\\\/www.inverseteams.com\\\/fr\\\/#organization\"},\"potentialAction\":[{\"@type\":\"SearchAction\",\"target\":{\"@type\":\"EntryPoint\",\"urlTemplate\":\"https:\\\/\\\/www.inverseteams.com\\\/fr\\\/?s={search_term_string}\"},\"query-input\":{\"@type\":\"PropertyValueSpecification\",\"valueRequired\":true,\"valueName\":\"search_term_string\"}}],\"inLanguage\":\"fr-FR\"},{\"@type\":\"Organization\",\"@id\":\"https:\\\/\\\/www.inverseteams.com\\\/fr\\\/#organization\",\"name\":\"Inverse Teams\",\"url\":\"https:\\\/\\\/www.inverseteams.com\\\/fr\\\/\",\"logo\":{\"@type\":\"ImageObject\",\"inLanguage\":\"fr-FR\",\"@id\":\"https:\\\/\\\/www.inverseteams.com\\\/fr\\\/#\\\/schema\\\/logo\\\/image\\\/\",\"url\":\"http:\\\/\\\/www.inverseteams.com\\\/wp-content\\\/uploads\\\/2021\\\/03\\\/logo-inverse-teams.png\",\"contentUrl\":\"http:\\\/\\\/www.inverseteams.com\\\/wp-content\\\/uploads\\\/2021\\\/03\\\/logo-inverse-teams.png\",\"width\":294,\"height\":99,\"caption\":\"Inverse Teams\"},\"image\":{\"@id\":\"https:\\\/\\\/www.inverseteams.com\\\/fr\\\/#\\\/schema\\\/logo\\\/image\\\/\"},\"sameAs\":[\"https:\\\/\\\/www.facebook.com\\\/inverseteams\",\"http:\\\/\\\/instagram.com\\\/inverseteams\",\"https:\\\/\\\/www.linkedin.com\\\/company\\\/inverse-cirosport-s-l-?trk=job_view_topcard_company_name\",\"http:\\\/\\\/www.pinterest.com\\\/inverseteams\\\/\",\"http:\\\/\\\/www.youtube.com\\\/user\\\/inverseteams?feature=watch\"]}]}<\/script>\n<!-- \/ Yoast SEO plugin. -->","yoast_head_json":{"title":"Shorts trail running TEAM INVERSE","description":"Ce short de trail ultra l\u00e9ger vous permet de profiter de longues s\u00e9ances d'exercice pendant les journ\u00e9es chaudes. \u00c0 la taille, une bande \u00e9lastique s\u2019ajuste tr\u00e8s bien au corps et maintient fermement le v\u00eatement, sans g\u00eaner. Sur la zone arri\u00e8re il a 2 poches en filet \u00e9lastique et 1 poche zipp\u00e9e o\u00f9 vous pouvez stocker vos objets sans crainte de les perdre, vous pouvez courir sans soucis.","robots":{"index":"index","follow":"follow","max-snippet":"max-snippet:-1","max-image-preview":"max-image-preview:large","max-video-preview":"max-video-preview:-1"},"canonical":"https:\/\/www.inverseteams.com\/fr\/produit\/shorts-trail-running-team-inverse\/","og_locale":"fr_FR","og_type":"article","og_title":"Shorts trail running TEAM INVERSE","og_description":"Ce short de trail ultra l\u00e9ger vous permet de profiter de longues s\u00e9ances d'exercice pendant les journ\u00e9es chaudes. \u00c0 la taille, une bande \u00e9lastique s\u2019ajuste tr\u00e8s bien au corps et maintient fermement le v\u00eatement, sans g\u00eaner. Sur la zone arri\u00e8re il a 2 poches en filet \u00e9lastique et 1 poche zipp\u00e9e o\u00f9 vous pouvez stocker vos objets sans crainte de les perdre, vous pouvez courir sans soucis.","og_url":"https:\/\/www.inverseteams.com\/fr\/produit\/shorts-trail-running-team-inverse\/","og_site_name":"Inverseteams","article_publisher":"https:\/\/www.facebook.com\/inverseteams","article_modified_time":"2025-05-22T00:01:28+00:00","og_image":[{"width":3222,"height":3462,"url":"https:\/\/www.inverseteams.com\/wp-content\/uploads\/PANTALON-TRAIL-TEAM-INVERSE-1.jpg","type":"image\/jpeg"}],"twitter_card":"summary_large_image","schema":{"@context":"https:\/\/schema.org","@graph":[{"@type":"WebPage","@id":"https:\/\/www.inverseteams.com\/fr\/produit\/shorts-trail-running-team-inverse\/","url":"https:\/\/www.inverseteams.com\/fr\/produit\/shorts-trail-running-team-inverse\/","name":"Shorts trail running TEAM INVERSE","isPartOf":{"@id":"https:\/\/www.inverseteams.com\/fr\/#website"},"primaryImageOfPage":{"@id":"https:\/\/www.inverseteams.com\/fr\/produit\/shorts-trail-running-team-inverse\/#primaryimage"},"image":{"@id":"https:\/\/www.inverseteams.com\/fr\/produit\/shorts-trail-running-team-inverse\/#primaryimage"},"thumbnailUrl":"https:\/\/www.inverseteams.com\/wp-content\/uploads\/PANTALON-TRAIL-TEAM-INVERSE-1.jpg","datePublished":"2021-05-07T06:47:18+00:00","dateModified":"2025-05-22T00:01:28+00:00","description":"Ce short de trail ultra l\u00e9ger vous permet de profiter de longues s\u00e9ances d'exercice pendant les journ\u00e9es chaudes. \u00c0 la taille, une bande \u00e9lastique s\u2019ajuste tr\u00e8s bien au corps et maintient fermement le v\u00eatement, sans g\u00eaner. Sur la zone arri\u00e8re il a 2 poches en filet \u00e9lastique et 1 poche zipp\u00e9e o\u00f9 vous pouvez stocker vos objets sans crainte de les perdre, vous pouvez courir sans soucis.","breadcrumb":{"@id":"https:\/\/www.inverseteams.com\/fr\/produit\/shorts-trail-running-team-inverse\/#breadcrumb"},"inLanguage":"fr-FR","potentialAction":[{"@type":"ReadAction","target":["https:\/\/www.inverseteams.com\/fr\/produit\/shorts-trail-running-team-inverse\/"]}]},{"@type":"ImageObject","inLanguage":"fr-FR","@id":"https:\/\/www.inverseteams.com\/fr\/produit\/shorts-trail-running-team-inverse\/#primaryimage","url":"https:\/\/www.inverseteams.com\/wp-content\/uploads\/PANTALON-TRAIL-TEAM-INVERSE-1.jpg","contentUrl":"https:\/\/www.inverseteams.com\/wp-content\/uploads\/PANTALON-TRAIL-TEAM-INVERSE-1.jpg","width":3222,"height":3462,"caption":"Pantalon trail running TEAM INVERSE"},{"@type":"BreadcrumbList","@id":"https:\/\/www.inverseteams.com\/fr\/produit\/shorts-trail-running-team-inverse\/#breadcrumb","itemListElement":[{"@type":"ListItem","position":1,"name":"Portada","item":"https:\/\/www.inverseteams.com\/fr\/pagina-principal\/"},{"@type":"ListItem","position":2,"name":"Panier","item":"https:\/\/www.inverseteams.com\/fr\/panier\/"},{"@type":"ListItem","position":3,"name":"Shorts trail running TEAM INVERSE"}]},{"@type":"WebSite","@id":"https:\/\/www.inverseteams.com\/fr\/#website","url":"https:\/\/www.inverseteams.com\/fr\/","name":"Inverseteams","description":"Tu marca de ropa deportiva personalizada","publisher":{"@id":"https:\/\/www.inverseteams.com\/fr\/#organization"},"potentialAction":[{"@type":"SearchAction","target":{"@type":"EntryPoint","urlTemplate":"https:\/\/www.inverseteams.com\/fr\/?s={search_term_string}"},"query-input":{"@type":"PropertyValueSpecification","valueRequired":true,"valueName":"search_term_string"}}],"inLanguage":"fr-FR"},{"@type":"Organization","@id":"https:\/\/www.inverseteams.com\/fr\/#organization","name":"Inverse Teams","url":"https:\/\/www.inverseteams.com\/fr\/","logo":{"@type":"ImageObject","inLanguage":"fr-FR","@id":"https:\/\/www.inverseteams.com\/fr\/#\/schema\/logo\/image\/","url":"https:\/\/www.inverseteams.com\/wp-content\/uploads\/2021\/03\/logo-inverse-teams.png","contentUrl":"https:\/\/www.inverseteams.com\/wp-content\/uploads\/2021\/03\/logo-inverse-teams.png","width":294,"height":99,"caption":"Inverse Teams"},"image":{"@id":"https:\/\/www.inverseteams.com\/fr\/#\/schema\/logo\/image\/"},"sameAs":["https:\/\/www.facebook.com\/inverseteams","http:\/\/instagram.com\/inverseteams","https:\/\/www.linkedin.com\/company\/inverse-cirosport-s-l-?trk=job_view_topcard_company_name","http:\/\/www.pinterest.com\/inverseteams\/","http:\/\/www.youtube.com\/user\/inverseteams?feature=watch"]}]}},"_links":{"self":[{"href":"https:\/\/www.inverseteams.com\/fr\/wp-json\/wp\/v2\/product\/15579","targetHints":{"allow":["GET"]}}],"collection":[{"href":"https:\/\/www.inverseteams.com\/fr\/wp-json\/wp\/v2\/product"}],"about":[{"href":"https:\/\/www.inverseteams.com\/fr\/wp-json\/wp\/v2\/types\/product"}],"replies":[{"embeddable":true,"href":"https:\/\/www.inverseteams.com\/fr\/wp-json\/wp\/v2\/comments?post=15579"}],"wp:featuredmedia":[{"embeddable":true,"href":"https:\/\/www.inverseteams.com\/fr\/wp-json\/wp\/v2\/media\/11607"}],"wp:attachment":[{"href":"https:\/\/www.inverseteams.com\/fr\/wp-json\/wp\/v2\/media?parent=15579"}],"wp:term":[{"taxonomy":"product_brand","embeddable":true,"href":"https:\/\/www.inverseteams.com\/fr\/wp-json\/wp\/v2\/product_brand?post=15579"},{"taxonomy":"product_cat","embeddable":true,"href":"https:\/\/www.inverseteams.com\/fr\/wp-json\/wp\/v2\/product_cat?post=15579"},{"taxonomy":"product_tag","embeddable":true,"href":"https:\/\/www.inverseteams.com\/fr\/wp-json\/wp\/v2\/product_tag?post=15579"},{"taxonomy":"custom_category","embeddable":true,"href":"https:\/\/www.inverseteams.com\/fr\/wp-json\/wp\/v2\/custom_category?post=15579"},{"taxonomy":"range","embeddable":true,"href":"https:\/\/www.inverseteams.com\/fr\/wp-json\/wp\/v2\/range?post=15579"}],"curies":[{"name":"wp","href":"https:\/\/api.w.org\/{rel}","templated":true}]}}