{"id":15574,"date":"2021-05-13T07:56:12","date_gmt":"2021-05-07T06:47:01","guid":{"rendered":"https:\/\/inverseteams.com\/product\/jupe-trail-camu\/"},"modified":"2022-12-05T00:01:51","modified_gmt":"2022-12-05T00:01:51","slug":"jupe-trail-camu","status":"publish","type":"product","link":"https:\/\/www.inverseteams.com\/fr\/produit\/jupe-trail-camu\/","title":{"rendered":"Jupe trail CAMU"},"content":{"rendered":"<p>Fabriqu\u00e9 avec un tissu l\u00e9ger et r\u00e9sistant \u00e0 l\u2019abrasion, la jupe ULTRA est id\u00e9ale pour courir en montagne pendant des longues s\u00e9ances d\u2019entra\u00eenement ou de comp\u00e9tition.<br \/>\nSur la zone arri\u00e8re elle a 2 poches en filet \u00e9lastique et 1 poche zipp\u00e9e o\u00f9 vous pouvez stocker n\u2019importe quel objet sans crainte de le perdre, vous pouvez courir sans soucis. \u00c0 taille, une bande \u00e9lastique maintient la jupe bien ajust\u00e9e, sans g\u00eaner.<br \/>\n\u00c0 l\u2019int\u00e9rieur elle int\u00e8gre un collant court qui vous fera vous sentir \u00e0 l\u2019aise en tout temps. Il se maintient bien ferme \u00e0 vos jambes gr\u00e2ce \u00e0 des bandes \u00e9lastiques micro-perfor\u00e9ees avec grip en silicone hypoallerg\u00e9nique \u00e0 l\u2019int\u00e9rieur. Elles permettent une bonne attache et mod\u00e8rent la transpiration.<\/p>\n","protected":false},"excerpt":{"rendered":"<p>Fabriqu\u00e9 avec un tissu l\u00e9ger et r\u00e9sistant \u00e0 l\u2019abrasion, la jupe ULTRA est id\u00e9ale pour courir en montagne pendant des longues s\u00e9ances d\u2019entra\u00eenement ou de comp\u00e9tition.<br \/>\nSur la zone arri\u00e8re elle a 2 poches en filet \u00e9lastique et 1 poche zipp\u00e9e o\u00f9 vous pouvez stocker n\u2019importe quel objet sans crainte de le perdre, vous pouvez courir sans soucis. \u00c0 taille, une bande \u00e9lastique maintient la jupe bien ajust\u00e9e, sans g\u00eaner.<br \/>\n\u00c0 l\u2019int\u00e9rieur elle int\u00e8gre un collant court qui vous fera vous sentir \u00e0 l\u2019aise en tout temps. Il se maintient bien ferme \u00e0 vos jambes gr\u00e2ce \u00e0 des bandes \u00e9lastiques micro-perfor\u00e9ees avec grip en silicone hypoallerg\u00e9nique \u00e0 l\u2019int\u00e9rieur. Elles permettent une bonne attache et mod\u00e8rent la transpiration.<\/p>\n","protected":false},"featured_media":11484,"comment_status":"closed","ping_status":"closed","template":"","meta":{"_acf_changed":false},"product_brand":[],"product_cat":[3314,3312,3236,3308],"product_tag":[],"custom_category":[],"range":[],"class_list":{"0":"post-15574","1":"product","2":"type-product","3":"status-publish","4":"has-post-thumbnail","6":"product_cat-jupe-trail-outlet","7":"product_cat-trail-outlet-fr","8":"product_cat-femme","9":"product_cat-outet-fr","10":"pa_climatologia-chaud","11":"pa_deporte-trail-fr","12":"pa_genero-femme","13":"pa_patronaje-regular-fr","14":"pa_talla-l-fr","15":"pa_talla-m-fr","16":"pa_talla-s-fr","17":"pa_talla-xl-fr","18":"pa_tipo-de-prenda-jupe-trail","20":"first","21":"outofstock","22":"sale","23":"taxable","24":"shipping-taxable","25":"purchasable","26":"product-type-variable","27":"has-default-attributes"},"acf":[],"yoast_head":"<!-- This site is optimized with the Yoast SEO plugin v27.3 - https:\/\/yoast.com\/product\/yoast-seo-wordpress\/ -->\n<title>Jupe trail CAMU<\/title>\n<meta name=\"description\" content=\"Fabriqu\u00e9 avec un tissu l\u00e9ger et r\u00e9sistant \u00e0 l\u2019abrasion, la jupe ULTRA est id\u00e9ale pour courir en montagne pendant des longues s\u00e9ances d\u2019entra\u00eenement ou de comp\u00e9tition. Sur la zone arri\u00e8re elle a 2 poches en filet \u00e9lastique et 1 poche zipp\u00e9e o\u00f9 vous pouvez stocker n\u2019importe quel objet sans crainte de le perdre, vous pouvez courir sans soucis. \u00c0 taille, une bande \u00e9lastique maintient la jupe bien ajust\u00e9e, sans g\u00eaner. \u00c0 l\u2019int\u00e9rieur elle int\u00e8gre un collant court qui vous fera vous sentir \u00e0 l\u2019aise en tout temps. Il se maintient bien ferme \u00e0 vos jambes gr\u00e2ce \u00e0 des bandes \u00e9lastiques micro-perfor\u00e9ees avec grip en silicone hypoallerg\u00e9nique \u00e0 l\u2019int\u00e9rieur. Elles permettent une bonne attache et mod\u00e8rent la transpiration.\" \/>\n<meta name=\"robots\" content=\"index, follow, max-snippet:-1, max-image-preview:large, max-video-preview:-1\" \/>\n<link rel=\"canonical\" href=\"https:\/\/www.inverseteams.com\/fr\/produit\/jupe-trail-camu\/\" \/>\n<meta property=\"og:locale\" content=\"fr_FR\" \/>\n<meta property=\"og:type\" content=\"article\" \/>\n<meta property=\"og:title\" content=\"Jupe trail CAMU\" \/>\n<meta property=\"og:description\" content=\"Fabriqu\u00e9 avec un tissu l\u00e9ger et r\u00e9sistant \u00e0 l\u2019abrasion, la jupe ULTRA est id\u00e9ale pour courir en montagne pendant des longues s\u00e9ances d\u2019entra\u00eenement ou de comp\u00e9tition. Sur la zone arri\u00e8re elle a 2 poches en filet \u00e9lastique et 1 poche zipp\u00e9e o\u00f9 vous pouvez stocker n\u2019importe quel objet sans crainte de le perdre, vous pouvez courir sans soucis. \u00c0 taille, une bande \u00e9lastique maintient la jupe bien ajust\u00e9e, sans g\u00eaner. \u00c0 l\u2019int\u00e9rieur elle int\u00e8gre un collant court qui vous fera vous sentir \u00e0 l\u2019aise en tout temps. Il se maintient bien ferme \u00e0 vos jambes gr\u00e2ce \u00e0 des bandes \u00e9lastiques micro-perfor\u00e9ees avec grip en silicone hypoallerg\u00e9nique \u00e0 l\u2019int\u00e9rieur. Elles permettent une bonne attache et mod\u00e8rent la transpiration.\" \/>\n<meta property=\"og:url\" content=\"https:\/\/www.inverseteams.com\/fr\/produit\/jupe-trail-camu\/\" \/>\n<meta property=\"og:site_name\" content=\"Inverseteams\" \/>\n<meta property=\"article:publisher\" content=\"https:\/\/www.facebook.com\/inverseteams\" \/>\n<meta property=\"article:modified_time\" content=\"2022-12-05T00:01:51+00:00\" \/>\n<meta property=\"og:image\" content=\"https:\/\/www.inverseteams.com\/wp-content\/uploads\/FALDA-TRAIL-CAMU-1.jpg\" \/>\n\t<meta property=\"og:image:width\" content=\"3222\" \/>\n\t<meta property=\"og:image:height\" content=\"3462\" \/>\n\t<meta property=\"og:image:type\" content=\"image\/jpeg\" \/>\n<meta name=\"twitter:card\" content=\"summary_large_image\" \/>\n<meta name=\"twitter:label1\" content=\"Dur\u00e9e de lecture estim\u00e9e\" \/>\n\t<meta name=\"twitter:data1\" content=\"1 minute\" \/>\n<script type=\"application\/ld+json\" class=\"yoast-schema-graph\">{\"@context\":\"https:\\\/\\\/schema.org\",\"@graph\":[{\"@type\":\"WebPage\",\"@id\":\"https:\\\/\\\/www.inverseteams.com\\\/fr\\\/produit\\\/jupe-trail-camu\\\/\",\"url\":\"https:\\\/\\\/www.inverseteams.com\\\/fr\\\/produit\\\/jupe-trail-camu\\\/\",\"name\":\"Jupe trail CAMU\",\"isPartOf\":{\"@id\":\"https:\\\/\\\/www.inverseteams.com\\\/fr\\\/#website\"},\"primaryImageOfPage\":{\"@id\":\"https:\\\/\\\/www.inverseteams.com\\\/fr\\\/produit\\\/jupe-trail-camu\\\/#primaryimage\"},\"image\":{\"@id\":\"https:\\\/\\\/www.inverseteams.com\\\/fr\\\/produit\\\/jupe-trail-camu\\\/#primaryimage\"},\"thumbnailUrl\":\"https:\\\/\\\/www.inverseteams.com\\\/wp-content\\\/uploads\\\/FALDA-TRAIL-CAMU-1.jpg\",\"datePublished\":\"2021-05-07T06:47:01+00:00\",\"dateModified\":\"2022-12-05T00:01:51+00:00\",\"description\":\"Fabriqu\u00e9 avec un tissu l\u00e9ger et r\u00e9sistant \u00e0 l\u2019abrasion, la jupe ULTRA est id\u00e9ale pour courir en montagne pendant des longues s\u00e9ances d\u2019entra\u00eenement ou de comp\u00e9tition. Sur la zone arri\u00e8re elle a 2 poches en filet \u00e9lastique et 1 poche zipp\u00e9e o\u00f9 vous pouvez stocker n\u2019importe quel objet sans crainte de le perdre, vous pouvez courir sans soucis. \u00c0 taille, une bande \u00e9lastique maintient la jupe bien ajust\u00e9e, sans g\u00eaner. \u00c0 l\u2019int\u00e9rieur elle int\u00e8gre un collant court qui vous fera vous sentir \u00e0 l\u2019aise en tout temps. Il se maintient bien ferme \u00e0 vos jambes gr\u00e2ce \u00e0 des bandes \u00e9lastiques micro-perfor\u00e9ees avec grip en silicone hypoallerg\u00e9nique \u00e0 l\u2019int\u00e9rieur. Elles permettent une bonne attache et mod\u00e8rent la transpiration.\",\"breadcrumb\":{\"@id\":\"https:\\\/\\\/www.inverseteams.com\\\/fr\\\/produit\\\/jupe-trail-camu\\\/#breadcrumb\"},\"inLanguage\":\"fr-FR\",\"potentialAction\":[{\"@type\":\"ReadAction\",\"target\":[\"https:\\\/\\\/www.inverseteams.com\\\/fr\\\/produit\\\/jupe-trail-camu\\\/\"]}]},{\"@type\":\"ImageObject\",\"inLanguage\":\"fr-FR\",\"@id\":\"https:\\\/\\\/www.inverseteams.com\\\/fr\\\/produit\\\/jupe-trail-camu\\\/#primaryimage\",\"url\":\"https:\\\/\\\/www.inverseteams.com\\\/wp-content\\\/uploads\\\/FALDA-TRAIL-CAMU-1.jpg\",\"contentUrl\":\"https:\\\/\\\/www.inverseteams.com\\\/wp-content\\\/uploads\\\/FALDA-TRAIL-CAMU-1.jpg\",\"width\":3222,\"height\":3462,\"caption\":\"Falda trail running CAMU\"},{\"@type\":\"BreadcrumbList\",\"@id\":\"https:\\\/\\\/www.inverseteams.com\\\/fr\\\/produit\\\/jupe-trail-camu\\\/#breadcrumb\",\"itemListElement\":[{\"@type\":\"ListItem\",\"position\":1,\"name\":\"Portada\",\"item\":\"https:\\\/\\\/www.inverseteams.com\\\/fr\\\/pagina-principal\\\/\"},{\"@type\":\"ListItem\",\"position\":2,\"name\":\"Panier\",\"item\":\"https:\\\/\\\/www.inverseteams.com\\\/fr\\\/panier\\\/\"},{\"@type\":\"ListItem\",\"position\":3,\"name\":\"Jupe trail CAMU\"}]},{\"@type\":\"WebSite\",\"@id\":\"https:\\\/\\\/www.inverseteams.com\\\/fr\\\/#website\",\"url\":\"https:\\\/\\\/www.inverseteams.com\\\/fr\\\/\",\"name\":\"Inverseteams\",\"description\":\"Tu marca de ropa deportiva personalizada\",\"publisher\":{\"@id\":\"https:\\\/\\\/www.inverseteams.com\\\/fr\\\/#organization\"},\"potentialAction\":[{\"@type\":\"SearchAction\",\"target\":{\"@type\":\"EntryPoint\",\"urlTemplate\":\"https:\\\/\\\/www.inverseteams.com\\\/fr\\\/?s={search_term_string}\"},\"query-input\":{\"@type\":\"PropertyValueSpecification\",\"valueRequired\":true,\"valueName\":\"search_term_string\"}}],\"inLanguage\":\"fr-FR\"},{\"@type\":\"Organization\",\"@id\":\"https:\\\/\\\/www.inverseteams.com\\\/fr\\\/#organization\",\"name\":\"Inverse Teams\",\"url\":\"https:\\\/\\\/www.inverseteams.com\\\/fr\\\/\",\"logo\":{\"@type\":\"ImageObject\",\"inLanguage\":\"fr-FR\",\"@id\":\"https:\\\/\\\/www.inverseteams.com\\\/fr\\\/#\\\/schema\\\/logo\\\/image\\\/\",\"url\":\"https:\\\/\\\/www.inverseteams.com\\\/wp-content\\\/uploads\\\/2021\\\/03\\\/logo-inverse-teams.png\",\"contentUrl\":\"https:\\\/\\\/www.inverseteams.com\\\/wp-content\\\/uploads\\\/2021\\\/03\\\/logo-inverse-teams.png\",\"width\":294,\"height\":99,\"caption\":\"Inverse Teams\"},\"image\":{\"@id\":\"https:\\\/\\\/www.inverseteams.com\\\/fr\\\/#\\\/schema\\\/logo\\\/image\\\/\"},\"sameAs\":[\"https:\\\/\\\/www.facebook.com\\\/inverseteams\",\"http:\\\/\\\/instagram.com\\\/inverseteams\",\"https:\\\/\\\/www.linkedin.com\\\/company\\\/inverse-cirosport-s-l-?trk=job_view_topcard_company_name\",\"http:\\\/\\\/www.pinterest.com\\\/inverseteams\\\/\",\"http:\\\/\\\/www.youtube.com\\\/user\\\/inverseteams?feature=watch\"]}]}<\/script>\n<!-- \/ Yoast SEO plugin. -->","yoast_head_json":{"title":"Jupe trail CAMU","description":"Fabriqu\u00e9 avec un tissu l\u00e9ger et r\u00e9sistant \u00e0 l\u2019abrasion, la jupe ULTRA est id\u00e9ale pour courir en montagne pendant des longues s\u00e9ances d\u2019entra\u00eenement ou de comp\u00e9tition. Sur la zone arri\u00e8re elle a 2 poches en filet \u00e9lastique et 1 poche zipp\u00e9e o\u00f9 vous pouvez stocker n\u2019importe quel objet sans crainte de le perdre, vous pouvez courir sans soucis. \u00c0 taille, une bande \u00e9lastique maintient la jupe bien ajust\u00e9e, sans g\u00eaner. \u00c0 l\u2019int\u00e9rieur elle int\u00e8gre un collant court qui vous fera vous sentir \u00e0 l\u2019aise en tout temps. Il se maintient bien ferme \u00e0 vos jambes gr\u00e2ce \u00e0 des bandes \u00e9lastiques micro-perfor\u00e9ees avec grip en silicone hypoallerg\u00e9nique \u00e0 l\u2019int\u00e9rieur. Elles permettent une bonne attache et mod\u00e8rent la transpiration.","robots":{"index":"index","follow":"follow","max-snippet":"max-snippet:-1","max-image-preview":"max-image-preview:large","max-video-preview":"max-video-preview:-1"},"canonical":"https:\/\/www.inverseteams.com\/fr\/produit\/jupe-trail-camu\/","og_locale":"fr_FR","og_type":"article","og_title":"Jupe trail CAMU","og_description":"Fabriqu\u00e9 avec un tissu l\u00e9ger et r\u00e9sistant \u00e0 l\u2019abrasion, la jupe ULTRA est id\u00e9ale pour courir en montagne pendant des longues s\u00e9ances d\u2019entra\u00eenement ou de comp\u00e9tition. Sur la zone arri\u00e8re elle a 2 poches en filet \u00e9lastique et 1 poche zipp\u00e9e o\u00f9 vous pouvez stocker n\u2019importe quel objet sans crainte de le perdre, vous pouvez courir sans soucis. \u00c0 taille, une bande \u00e9lastique maintient la jupe bien ajust\u00e9e, sans g\u00eaner. \u00c0 l\u2019int\u00e9rieur elle int\u00e8gre un collant court qui vous fera vous sentir \u00e0 l\u2019aise en tout temps. Il se maintient bien ferme \u00e0 vos jambes gr\u00e2ce \u00e0 des bandes \u00e9lastiques micro-perfor\u00e9ees avec grip en silicone hypoallerg\u00e9nique \u00e0 l\u2019int\u00e9rieur. Elles permettent une bonne attache et mod\u00e8rent la transpiration.","og_url":"https:\/\/www.inverseteams.com\/fr\/produit\/jupe-trail-camu\/","og_site_name":"Inverseteams","article_publisher":"https:\/\/www.facebook.com\/inverseteams","article_modified_time":"2022-12-05T00:01:51+00:00","og_image":[{"width":3222,"height":3462,"url":"https:\/\/www.inverseteams.com\/wp-content\/uploads\/FALDA-TRAIL-CAMU-1.jpg","type":"image\/jpeg"}],"twitter_card":"summary_large_image","twitter_misc":{"Dur\u00e9e de lecture estim\u00e9e":"1 minute"},"schema":{"@context":"https:\/\/schema.org","@graph":[{"@type":"WebPage","@id":"https:\/\/www.inverseteams.com\/fr\/produit\/jupe-trail-camu\/","url":"https:\/\/www.inverseteams.com\/fr\/produit\/jupe-trail-camu\/","name":"Jupe trail CAMU","isPartOf":{"@id":"https:\/\/www.inverseteams.com\/fr\/#website"},"primaryImageOfPage":{"@id":"https:\/\/www.inverseteams.com\/fr\/produit\/jupe-trail-camu\/#primaryimage"},"image":{"@id":"https:\/\/www.inverseteams.com\/fr\/produit\/jupe-trail-camu\/#primaryimage"},"thumbnailUrl":"https:\/\/www.inverseteams.com\/wp-content\/uploads\/FALDA-TRAIL-CAMU-1.jpg","datePublished":"2021-05-07T06:47:01+00:00","dateModified":"2022-12-05T00:01:51+00:00","description":"Fabriqu\u00e9 avec un tissu l\u00e9ger et r\u00e9sistant \u00e0 l\u2019abrasion, la jupe ULTRA est id\u00e9ale pour courir en montagne pendant des longues s\u00e9ances d\u2019entra\u00eenement ou de comp\u00e9tition. Sur la zone arri\u00e8re elle a 2 poches en filet \u00e9lastique et 1 poche zipp\u00e9e o\u00f9 vous pouvez stocker n\u2019importe quel objet sans crainte de le perdre, vous pouvez courir sans soucis. \u00c0 taille, une bande \u00e9lastique maintient la jupe bien ajust\u00e9e, sans g\u00eaner. \u00c0 l\u2019int\u00e9rieur elle int\u00e8gre un collant court qui vous fera vous sentir \u00e0 l\u2019aise en tout temps. Il se maintient bien ferme \u00e0 vos jambes gr\u00e2ce \u00e0 des bandes \u00e9lastiques micro-perfor\u00e9ees avec grip en silicone hypoallerg\u00e9nique \u00e0 l\u2019int\u00e9rieur. Elles permettent une bonne attache et mod\u00e8rent la transpiration.","breadcrumb":{"@id":"https:\/\/www.inverseteams.com\/fr\/produit\/jupe-trail-camu\/#breadcrumb"},"inLanguage":"fr-FR","potentialAction":[{"@type":"ReadAction","target":["https:\/\/www.inverseteams.com\/fr\/produit\/jupe-trail-camu\/"]}]},{"@type":"ImageObject","inLanguage":"fr-FR","@id":"https:\/\/www.inverseteams.com\/fr\/produit\/jupe-trail-camu\/#primaryimage","url":"https:\/\/www.inverseteams.com\/wp-content\/uploads\/FALDA-TRAIL-CAMU-1.jpg","contentUrl":"https:\/\/www.inverseteams.com\/wp-content\/uploads\/FALDA-TRAIL-CAMU-1.jpg","width":3222,"height":3462,"caption":"Falda trail running CAMU"},{"@type":"BreadcrumbList","@id":"https:\/\/www.inverseteams.com\/fr\/produit\/jupe-trail-camu\/#breadcrumb","itemListElement":[{"@type":"ListItem","position":1,"name":"Portada","item":"https:\/\/www.inverseteams.com\/fr\/pagina-principal\/"},{"@type":"ListItem","position":2,"name":"Panier","item":"https:\/\/www.inverseteams.com\/fr\/panier\/"},{"@type":"ListItem","position":3,"name":"Jupe trail CAMU"}]},{"@type":"WebSite","@id":"https:\/\/www.inverseteams.com\/fr\/#website","url":"https:\/\/www.inverseteams.com\/fr\/","name":"Inverseteams","description":"Tu marca de ropa deportiva personalizada","publisher":{"@id":"https:\/\/www.inverseteams.com\/fr\/#organization"},"potentialAction":[{"@type":"SearchAction","target":{"@type":"EntryPoint","urlTemplate":"https:\/\/www.inverseteams.com\/fr\/?s={search_term_string}"},"query-input":{"@type":"PropertyValueSpecification","valueRequired":true,"valueName":"search_term_string"}}],"inLanguage":"fr-FR"},{"@type":"Organization","@id":"https:\/\/www.inverseteams.com\/fr\/#organization","name":"Inverse Teams","url":"https:\/\/www.inverseteams.com\/fr\/","logo":{"@type":"ImageObject","inLanguage":"fr-FR","@id":"https:\/\/www.inverseteams.com\/fr\/#\/schema\/logo\/image\/","url":"https:\/\/www.inverseteams.com\/wp-content\/uploads\/2021\/03\/logo-inverse-teams.png","contentUrl":"https:\/\/www.inverseteams.com\/wp-content\/uploads\/2021\/03\/logo-inverse-teams.png","width":294,"height":99,"caption":"Inverse Teams"},"image":{"@id":"https:\/\/www.inverseteams.com\/fr\/#\/schema\/logo\/image\/"},"sameAs":["https:\/\/www.facebook.com\/inverseteams","http:\/\/instagram.com\/inverseteams","https:\/\/www.linkedin.com\/company\/inverse-cirosport-s-l-?trk=job_view_topcard_company_name","http:\/\/www.pinterest.com\/inverseteams\/","http:\/\/www.youtube.com\/user\/inverseteams?feature=watch"]}]}},"_links":{"self":[{"href":"https:\/\/www.inverseteams.com\/fr\/wp-json\/wp\/v2\/product\/15574","targetHints":{"allow":["GET"]}}],"collection":[{"href":"https:\/\/www.inverseteams.com\/fr\/wp-json\/wp\/v2\/product"}],"about":[{"href":"https:\/\/www.inverseteams.com\/fr\/wp-json\/wp\/v2\/types\/product"}],"replies":[{"embeddable":true,"href":"https:\/\/www.inverseteams.com\/fr\/wp-json\/wp\/v2\/comments?post=15574"}],"wp:featuredmedia":[{"embeddable":true,"href":"https:\/\/www.inverseteams.com\/fr\/wp-json\/wp\/v2\/media\/11484"}],"wp:attachment":[{"href":"https:\/\/www.inverseteams.com\/fr\/wp-json\/wp\/v2\/media?parent=15574"}],"wp:term":[{"taxonomy":"product_brand","embeddable":true,"href":"https:\/\/www.inverseteams.com\/fr\/wp-json\/wp\/v2\/product_brand?post=15574"},{"taxonomy":"product_cat","embeddable":true,"href":"https:\/\/www.inverseteams.com\/fr\/wp-json\/wp\/v2\/product_cat?post=15574"},{"taxonomy":"product_tag","embeddable":true,"href":"https:\/\/www.inverseteams.com\/fr\/wp-json\/wp\/v2\/product_tag?post=15574"},{"taxonomy":"custom_category","embeddable":true,"href":"https:\/\/www.inverseteams.com\/fr\/wp-json\/wp\/v2\/custom_category?post=15574"},{"taxonomy":"range","embeddable":true,"href":"https:\/\/www.inverseteams.com\/fr\/wp-json\/wp\/v2\/range?post=15574"}],"curies":[{"name":"wp","href":"https:\/\/api.w.org\/{rel}","templated":true}]}}