{"id":136052,"date":"2023-07-27T07:22:09","date_gmt":"2023-07-27T07:22:09","guid":{"rendered":"https:\/\/www.inverseteams.com\/product\/chaffe-cou-thermique-ederra-antracita\/"},"modified":"2026-02-17T11:50:18","modified_gmt":"2026-02-17T10:50:18","slug":"tour-de-cou-thermique-ederra-antracita","status":"publish","type":"product","link":"https:\/\/www.inverseteams.com\/fr\/produit\/tour-de-cou-thermique-ederra-antracita\/","title":{"rendered":"Chaffe-cou thermique PURE EDERRA ANTRACITA"},"content":{"rendered":"<p>Tour de cou thermique id\u00e9al pour un usage quotidien et pour le sport. Le tissu qui le compose se caract\u00e9rise par son \u00e9lasticit\u00e9 et par le cintre int\u00e9rieur qui offre chaleur et douceur au toucher. Ce tubular d\u2019hiver offre un grand confort car il garantit une bonne respirabilit\u00e9 et absorbe la transpiration pour garder la peau s\u00e8che.<\/p>\n","protected":false},"excerpt":{"rendered":"<p>Tour de cou thermique id\u00e9al pour un usage quotidien et pour le sport. Le tissu qui le compose se caract\u00e9rise par son \u00e9lasticit\u00e9 et par le cintre int\u00e9rieur qui offre chaleur et douceur au toucher. Ce tubular d\u2019hiver offre un grand confort car il garantit une bonne respirabilit\u00e9 et absorbe la transpiration pour garder la peau s\u00e8che.<\/p>\n","protected":false},"featured_media":271412,"comment_status":"closed","ping_status":"closed","template":"","meta":{"_acf_changed":false},"product_brand":[],"product_cat":[3230,8309,3298,7177],"product_tag":[],"custom_category":[],"range":[],"class_list":{"0":"post-136052","1":"product","2":"type-product","3":"status-publish","4":"has-post-thumbnail","6":"product_cat-cyclisme-fr","7":"product_cat-tubular-fr","8":"product_cat-accessoires-fr","9":"product_cat-b2b-fr","10":"pa_climatologia-froid","11":"pa_deporte-casual-fr","12":"pa_deporte-cyclisme","13":"pa_deporte-ocr-fr","14":"pa_deporte-running-fr","15":"pa_deporte-trail-fr","16":"pa_genero-homme","17":"pa_genero-femme","18":"pa_genero-infantile-fr","19":"pa_talla-unique","20":"pa_tipo-de-prenda-chauffe-cou","22":"first","23":"instock","24":"taxable","25":"shipping-taxable","26":"purchasable","27":"product-type-simple"},"acf":[],"yoast_head":"<!-- This site is optimized with the Yoast SEO plugin v27.3 - https:\/\/yoast.com\/product\/yoast-seo-wordpress\/ -->\n<title>Tour de cou thermique EDERRA ANTRACITA<\/title>\n<meta name=\"description\" content=\"Tour de cou thermique id\u00e9al pour un usage quotidien et pour le sport. Le tissu qui le compose se caract\u00e9rise par son \u00e9lasticit\u00e9 et par le cintre int\u00e9rieur qui offre chaleur et douceur au toucher. Ce tubular d\u2019hiver offre un grand confort car il garantit une bonne respirabilit\u00e9 et absorbe la transpiration pour garder la peau s\u00e8che.\" \/>\n<meta name=\"robots\" content=\"index, follow, max-snippet:-1, max-image-preview:large, max-video-preview:-1\" \/>\n<link rel=\"canonical\" href=\"https:\/\/www.inverseteams.com\/fr\/produit\/tour-de-cou-thermique-ederra-antracita\/\" \/>\n<meta property=\"og:locale\" content=\"fr_FR\" \/>\n<meta property=\"og:type\" content=\"article\" \/>\n<meta property=\"og:title\" content=\"Tour de cou thermique EDERRA ANTRACITA\" \/>\n<meta property=\"og:description\" content=\"Tour de cou thermique id\u00e9al pour un usage quotidien et pour le sport. Le tissu qui le compose se caract\u00e9rise par son \u00e9lasticit\u00e9 et par le cintre int\u00e9rieur qui offre chaleur et douceur au toucher. Ce tubular d\u2019hiver offre un grand confort car il garantit une bonne respirabilit\u00e9 et absorbe la transpiration pour garder la peau s\u00e8che.\" \/>\n<meta property=\"og:url\" content=\"https:\/\/www.inverseteams.com\/fr\/produit\/tour-de-cou-thermique-ederra-antracita\/\" \/>\n<meta property=\"og:site_name\" content=\"Inverseteams\" \/>\n<meta property=\"article:publisher\" content=\"https:\/\/www.facebook.com\/inverseteams\" \/>\n<meta property=\"article:modified_time\" content=\"2026-02-17T10:50:18+00:00\" \/>\n<meta property=\"og:image\" content=\"https:\/\/www.inverseteams.com\/wp-content\/uploads\/INVERSE-TUBULAR-PURE-EDERRA-ANTRACITA-001.jpg\" \/>\n\t<meta property=\"og:image:width\" content=\"1500\" \/>\n\t<meta property=\"og:image:height\" content=\"1612\" \/>\n\t<meta property=\"og:image:type\" content=\"image\/jpeg\" \/>\n<meta name=\"twitter:card\" content=\"summary_large_image\" \/>\n<meta name=\"twitter:label1\" content=\"Dur\u00e9e de lecture estim\u00e9e\" \/>\n\t<meta name=\"twitter:data1\" content=\"1 minute\" \/>\n<script type=\"application\/ld+json\" class=\"yoast-schema-graph\">{\"@context\":\"https:\\\/\\\/schema.org\",\"@graph\":[{\"@type\":\"WebPage\",\"@id\":\"https:\\\/\\\/www.inverseteams.com\\\/fr\\\/produit\\\/tour-de-cou-thermique-ederra-antracita\\\/\",\"url\":\"https:\\\/\\\/www.inverseteams.com\\\/fr\\\/produit\\\/tour-de-cou-thermique-ederra-antracita\\\/\",\"name\":\"Tour de cou thermique EDERRA ANTRACITA\",\"isPartOf\":{\"@id\":\"https:\\\/\\\/www.inverseteams.com\\\/fr\\\/#website\"},\"primaryImageOfPage\":{\"@id\":\"https:\\\/\\\/www.inverseteams.com\\\/fr\\\/produit\\\/tour-de-cou-thermique-ederra-antracita\\\/#primaryimage\"},\"image\":{\"@id\":\"https:\\\/\\\/www.inverseteams.com\\\/fr\\\/produit\\\/tour-de-cou-thermique-ederra-antracita\\\/#primaryimage\"},\"thumbnailUrl\":\"https:\\\/\\\/www.inverseteams.com\\\/wp-content\\\/uploads\\\/INVERSE-TUBULAR-PURE-EDERRA-ANTRACITA-001.jpg\",\"datePublished\":\"2023-07-27T07:22:09+00:00\",\"dateModified\":\"2026-02-17T10:50:18+00:00\",\"description\":\"Tour de cou thermique id\u00e9al pour un usage quotidien et pour le sport. Le tissu qui le compose se caract\u00e9rise par son \u00e9lasticit\u00e9 et par le cintre int\u00e9rieur qui offre chaleur et douceur au toucher. Ce tubular d\u2019hiver offre un grand confort car il garantit une bonne respirabilit\u00e9 et absorbe la transpiration pour garder la peau s\u00e8che.\",\"breadcrumb\":{\"@id\":\"https:\\\/\\\/www.inverseteams.com\\\/fr\\\/produit\\\/tour-de-cou-thermique-ederra-antracita\\\/#breadcrumb\"},\"inLanguage\":\"fr-FR\",\"potentialAction\":[{\"@type\":\"ReadAction\",\"target\":[\"https:\\\/\\\/www.inverseteams.com\\\/fr\\\/produit\\\/tour-de-cou-thermique-ederra-antracita\\\/\"]}]},{\"@type\":\"ImageObject\",\"inLanguage\":\"fr-FR\",\"@id\":\"https:\\\/\\\/www.inverseteams.com\\\/fr\\\/produit\\\/tour-de-cou-thermique-ederra-antracita\\\/#primaryimage\",\"url\":\"https:\\\/\\\/www.inverseteams.com\\\/wp-content\\\/uploads\\\/INVERSE-TUBULAR-PURE-EDERRA-ANTRACITA-001.jpg\",\"contentUrl\":\"https:\\\/\\\/www.inverseteams.com\\\/wp-content\\\/uploads\\\/INVERSE-TUBULAR-PURE-EDERRA-ANTRACITA-001.jpg\",\"width\":1500,\"height\":1612},{\"@type\":\"BreadcrumbList\",\"@id\":\"https:\\\/\\\/www.inverseteams.com\\\/fr\\\/produit\\\/tour-de-cou-thermique-ederra-antracita\\\/#breadcrumb\",\"itemListElement\":[{\"@type\":\"ListItem\",\"position\":1,\"name\":\"Portada\",\"item\":\"https:\\\/\\\/www.inverseteams.com\\\/fr\\\/pagina-principal\\\/\"},{\"@type\":\"ListItem\",\"position\":2,\"name\":\"Panier\",\"item\":\"https:\\\/\\\/www.inverseteams.com\\\/fr\\\/panier\\\/\"},{\"@type\":\"ListItem\",\"position\":3,\"name\":\"Chaffe-cou thermique PURE EDERRA ANTRACITA\"}]},{\"@type\":\"WebSite\",\"@id\":\"https:\\\/\\\/www.inverseteams.com\\\/fr\\\/#website\",\"url\":\"https:\\\/\\\/www.inverseteams.com\\\/fr\\\/\",\"name\":\"Inverseteams\",\"description\":\"Tu marca de ropa deportiva personalizada\",\"publisher\":{\"@id\":\"https:\\\/\\\/www.inverseteams.com\\\/fr\\\/#organization\"},\"potentialAction\":[{\"@type\":\"SearchAction\",\"target\":{\"@type\":\"EntryPoint\",\"urlTemplate\":\"https:\\\/\\\/www.inverseteams.com\\\/fr\\\/?s={search_term_string}\"},\"query-input\":{\"@type\":\"PropertyValueSpecification\",\"valueRequired\":true,\"valueName\":\"search_term_string\"}}],\"inLanguage\":\"fr-FR\"},{\"@type\":\"Organization\",\"@id\":\"https:\\\/\\\/www.inverseteams.com\\\/fr\\\/#organization\",\"name\":\"Inverse Teams\",\"url\":\"https:\\\/\\\/www.inverseteams.com\\\/fr\\\/\",\"logo\":{\"@type\":\"ImageObject\",\"inLanguage\":\"fr-FR\",\"@id\":\"https:\\\/\\\/www.inverseteams.com\\\/fr\\\/#\\\/schema\\\/logo\\\/image\\\/\",\"url\":\"https:\\\/\\\/www.inverseteams.com\\\/wp-content\\\/uploads\\\/2021\\\/03\\\/logo-inverse-teams.png\",\"contentUrl\":\"https:\\\/\\\/www.inverseteams.com\\\/wp-content\\\/uploads\\\/2021\\\/03\\\/logo-inverse-teams.png\",\"width\":294,\"height\":99,\"caption\":\"Inverse Teams\"},\"image\":{\"@id\":\"https:\\\/\\\/www.inverseteams.com\\\/fr\\\/#\\\/schema\\\/logo\\\/image\\\/\"},\"sameAs\":[\"https:\\\/\\\/www.facebook.com\\\/inverseteams\",\"http:\\\/\\\/instagram.com\\\/inverseteams\",\"https:\\\/\\\/www.linkedin.com\\\/company\\\/inverse-cirosport-s-l-?trk=job_view_topcard_company_name\",\"http:\\\/\\\/www.pinterest.com\\\/inverseteams\\\/\",\"http:\\\/\\\/www.youtube.com\\\/user\\\/inverseteams?feature=watch\"]}]}<\/script>\n<!-- \/ Yoast SEO plugin. -->","yoast_head_json":{"title":"Tour de cou thermique EDERRA ANTRACITA","description":"Tour de cou thermique id\u00e9al pour un usage quotidien et pour le sport. Le tissu qui le compose se caract\u00e9rise par son \u00e9lasticit\u00e9 et par le cintre int\u00e9rieur qui offre chaleur et douceur au toucher. Ce tubular d\u2019hiver offre un grand confort car il garantit une bonne respirabilit\u00e9 et absorbe la transpiration pour garder la peau s\u00e8che.","robots":{"index":"index","follow":"follow","max-snippet":"max-snippet:-1","max-image-preview":"max-image-preview:large","max-video-preview":"max-video-preview:-1"},"canonical":"https:\/\/www.inverseteams.com\/fr\/produit\/tour-de-cou-thermique-ederra-antracita\/","og_locale":"fr_FR","og_type":"article","og_title":"Tour de cou thermique EDERRA ANTRACITA","og_description":"Tour de cou thermique id\u00e9al pour un usage quotidien et pour le sport. Le tissu qui le compose se caract\u00e9rise par son \u00e9lasticit\u00e9 et par le cintre int\u00e9rieur qui offre chaleur et douceur au toucher. Ce tubular d\u2019hiver offre un grand confort car il garantit une bonne respirabilit\u00e9 et absorbe la transpiration pour garder la peau s\u00e8che.","og_url":"https:\/\/www.inverseteams.com\/fr\/produit\/tour-de-cou-thermique-ederra-antracita\/","og_site_name":"Inverseteams","article_publisher":"https:\/\/www.facebook.com\/inverseteams","article_modified_time":"2026-02-17T10:50:18+00:00","og_image":[{"width":1500,"height":1612,"url":"https:\/\/www.inverseteams.com\/wp-content\/uploads\/INVERSE-TUBULAR-PURE-EDERRA-ANTRACITA-001.jpg","type":"image\/jpeg"}],"twitter_card":"summary_large_image","twitter_misc":{"Dur\u00e9e de lecture estim\u00e9e":"1 minute"},"schema":{"@context":"https:\/\/schema.org","@graph":[{"@type":"WebPage","@id":"https:\/\/www.inverseteams.com\/fr\/produit\/tour-de-cou-thermique-ederra-antracita\/","url":"https:\/\/www.inverseteams.com\/fr\/produit\/tour-de-cou-thermique-ederra-antracita\/","name":"Tour de cou thermique EDERRA ANTRACITA","isPartOf":{"@id":"https:\/\/www.inverseteams.com\/fr\/#website"},"primaryImageOfPage":{"@id":"https:\/\/www.inverseteams.com\/fr\/produit\/tour-de-cou-thermique-ederra-antracita\/#primaryimage"},"image":{"@id":"https:\/\/www.inverseteams.com\/fr\/produit\/tour-de-cou-thermique-ederra-antracita\/#primaryimage"},"thumbnailUrl":"https:\/\/www.inverseteams.com\/wp-content\/uploads\/INVERSE-TUBULAR-PURE-EDERRA-ANTRACITA-001.jpg","datePublished":"2023-07-27T07:22:09+00:00","dateModified":"2026-02-17T10:50:18+00:00","description":"Tour de cou thermique id\u00e9al pour un usage quotidien et pour le sport. Le tissu qui le compose se caract\u00e9rise par son \u00e9lasticit\u00e9 et par le cintre int\u00e9rieur qui offre chaleur et douceur au toucher. Ce tubular d\u2019hiver offre un grand confort car il garantit une bonne respirabilit\u00e9 et absorbe la transpiration pour garder la peau s\u00e8che.","breadcrumb":{"@id":"https:\/\/www.inverseteams.com\/fr\/produit\/tour-de-cou-thermique-ederra-antracita\/#breadcrumb"},"inLanguage":"fr-FR","potentialAction":[{"@type":"ReadAction","target":["https:\/\/www.inverseteams.com\/fr\/produit\/tour-de-cou-thermique-ederra-antracita\/"]}]},{"@type":"ImageObject","inLanguage":"fr-FR","@id":"https:\/\/www.inverseteams.com\/fr\/produit\/tour-de-cou-thermique-ederra-antracita\/#primaryimage","url":"https:\/\/www.inverseteams.com\/wp-content\/uploads\/INVERSE-TUBULAR-PURE-EDERRA-ANTRACITA-001.jpg","contentUrl":"https:\/\/www.inverseteams.com\/wp-content\/uploads\/INVERSE-TUBULAR-PURE-EDERRA-ANTRACITA-001.jpg","width":1500,"height":1612},{"@type":"BreadcrumbList","@id":"https:\/\/www.inverseteams.com\/fr\/produit\/tour-de-cou-thermique-ederra-antracita\/#breadcrumb","itemListElement":[{"@type":"ListItem","position":1,"name":"Portada","item":"https:\/\/www.inverseteams.com\/fr\/pagina-principal\/"},{"@type":"ListItem","position":2,"name":"Panier","item":"https:\/\/www.inverseteams.com\/fr\/panier\/"},{"@type":"ListItem","position":3,"name":"Chaffe-cou thermique PURE EDERRA ANTRACITA"}]},{"@type":"WebSite","@id":"https:\/\/www.inverseteams.com\/fr\/#website","url":"https:\/\/www.inverseteams.com\/fr\/","name":"Inverseteams","description":"Tu marca de ropa deportiva personalizada","publisher":{"@id":"https:\/\/www.inverseteams.com\/fr\/#organization"},"potentialAction":[{"@type":"SearchAction","target":{"@type":"EntryPoint","urlTemplate":"https:\/\/www.inverseteams.com\/fr\/?s={search_term_string}"},"query-input":{"@type":"PropertyValueSpecification","valueRequired":true,"valueName":"search_term_string"}}],"inLanguage":"fr-FR"},{"@type":"Organization","@id":"https:\/\/www.inverseteams.com\/fr\/#organization","name":"Inverse Teams","url":"https:\/\/www.inverseteams.com\/fr\/","logo":{"@type":"ImageObject","inLanguage":"fr-FR","@id":"https:\/\/www.inverseteams.com\/fr\/#\/schema\/logo\/image\/","url":"https:\/\/www.inverseteams.com\/wp-content\/uploads\/2021\/03\/logo-inverse-teams.png","contentUrl":"https:\/\/www.inverseteams.com\/wp-content\/uploads\/2021\/03\/logo-inverse-teams.png","width":294,"height":99,"caption":"Inverse Teams"},"image":{"@id":"https:\/\/www.inverseteams.com\/fr\/#\/schema\/logo\/image\/"},"sameAs":["https:\/\/www.facebook.com\/inverseteams","http:\/\/instagram.com\/inverseteams","https:\/\/www.linkedin.com\/company\/inverse-cirosport-s-l-?trk=job_view_topcard_company_name","http:\/\/www.pinterest.com\/inverseteams\/","http:\/\/www.youtube.com\/user\/inverseteams?feature=watch"]}]}},"_links":{"self":[{"href":"https:\/\/www.inverseteams.com\/fr\/wp-json\/wp\/v2\/product\/136052","targetHints":{"allow":["GET"]}}],"collection":[{"href":"https:\/\/www.inverseteams.com\/fr\/wp-json\/wp\/v2\/product"}],"about":[{"href":"https:\/\/www.inverseteams.com\/fr\/wp-json\/wp\/v2\/types\/product"}],"replies":[{"embeddable":true,"href":"https:\/\/www.inverseteams.com\/fr\/wp-json\/wp\/v2\/comments?post=136052"}],"wp:featuredmedia":[{"embeddable":true,"href":"https:\/\/www.inverseteams.com\/fr\/wp-json\/wp\/v2\/media\/271412"}],"wp:attachment":[{"href":"https:\/\/www.inverseteams.com\/fr\/wp-json\/wp\/v2\/media?parent=136052"}],"wp:term":[{"taxonomy":"product_brand","embeddable":true,"href":"https:\/\/www.inverseteams.com\/fr\/wp-json\/wp\/v2\/product_brand?post=136052"},{"taxonomy":"product_cat","embeddable":true,"href":"https:\/\/www.inverseteams.com\/fr\/wp-json\/wp\/v2\/product_cat?post=136052"},{"taxonomy":"product_tag","embeddable":true,"href":"https:\/\/www.inverseteams.com\/fr\/wp-json\/wp\/v2\/product_tag?post=136052"},{"taxonomy":"custom_category","embeddable":true,"href":"https:\/\/www.inverseteams.com\/fr\/wp-json\/wp\/v2\/custom_category?post=136052"},{"taxonomy":"range","embeddable":true,"href":"https:\/\/www.inverseteams.com\/fr\/wp-json\/wp\/v2\/range?post=136052"}],"curies":[{"name":"wp","href":"https:\/\/api.w.org\/{rel}","templated":true}]}}