{"id":135345,"date":"2023-07-20T10:02:42","date_gmt":"2023-07-20T10:40:06","guid":{"rendered":"https:\/\/www.inverseteams.com\/?post_type=product&#038;p=135345"},"modified":"2024-06-04T00:02:00","modified_gmt":"2024-06-04T00:02:00","slug":"maillot-cycliste-manche-longue-scuba-slate-homme","status":"publish","type":"product","link":"https:\/\/www.inverseteams.com\/fr\/produit\/maillot-cycliste-manche-longue-scuba-slate-homme\/","title":{"rendered":"Maillot cycliste manche longue SUBLIM SCUBA SLATE (HOMME)"},"content":{"rendered":"<p>Comme nouveaut\u00e9 par rapport aux \u00e9ditions pr\u00e9c\u00e9dentes, il poss\u00e8de une bande \u00e9lastique aux poignets et \u00e0 la taille pour maintenir le maillot de cyclisme bien ajust\u00e9 au corps. Le tissu int\u00e9rieur est doux et agr\u00e9able. Fournit une sensation thermique et de la chaleur pour les jours les plus froids. Il est associ\u00e9 \u00e0 un tissu plus respirant sur les panneaux lat\u00e9raux et sur le dos qui emp\u00eachent la sueur de s&rsquo;accumuler. Vous aurez une sensation de confort total.<br \/>\nLes manches ranglan sont fabriqu\u00e9s avec des coutures plates pour \u00e9viter les frottements. Le col est fait d&rsquo;un tissu doux et respirant et \u00e0 l&rsquo;int\u00e9rieur il a une bande anti-friction plate. Dans la zone lombaire, il int\u00e8gre 3 poches ouvertes finies avec une bordure \u00e9lastique en silicone. Il a \u00e9galement plusieurs d\u00e9tails r\u00e9fl\u00e9chissants pour augmenter votre s\u00e9curit\u00e9 sur la route.<\/p>\n","protected":false},"excerpt":{"rendered":"<p>Comme nouveaut\u00e9 par rapport aux \u00e9ditions pr\u00e9c\u00e9dentes, il poss\u00e8de une bande \u00e9lastique aux poignets et \u00e0 la taille pour maintenir le maillot de cyclisme bien ajust\u00e9 au corps. Le tissu int\u00e9rieur est doux et agr\u00e9able. Fournit une sensation thermique et de la chaleur pour les jours les plus froids. Il est associ\u00e9 \u00e0 un tissu plus respirant sur les panneaux lat\u00e9raux et sur le dos qui emp\u00eachent la sueur de s&rsquo;accumuler. Vous aurez une sensation de confort total.<br \/>\nLes manches ranglan sont fabriqu\u00e9s avec des coutures plates pour \u00e9viter les frottements. Le col est fait d&rsquo;un tissu doux et respirant et \u00e0 l&rsquo;int\u00e9rieur il a une bande anti-friction plate. Dans la zone lombaire, il int\u00e8gre 3 poches ouvertes finies avec une bordure \u00e9lastique en silicone. Il a \u00e9galement plusieurs d\u00e9tails r\u00e9fl\u00e9chissants pour augmenter votre s\u00e9curit\u00e9 sur la route.<\/p>\n","protected":false},"featured_media":142649,"comment_status":"closed","ping_status":"closed","template":"","meta":{"_acf_changed":false},"product_brand":[],"product_cat":[3318,3320,3308,7177],"product_tag":[],"custom_category":[],"range":[],"class_list":{"0":"post-135345","1":"product","2":"type-product","3":"status-publish","4":"has-post-thumbnail","6":"product_cat-cyclisme-outlet","7":"product_cat-maillot-cyclisme-outlet","8":"product_cat-outet-fr","9":"product_cat-b2b-fr","10":"pa_climatologia-froid","11":"pa_deporte-cyclisme","12":"pa_genero-homme","13":"pa_patronaje-fit-fr","14":"pa_talla-xxl-fr","15":"pa_talla-l-fr","16":"pa_talla-m-fr","17":"pa_talla-s-fr","18":"pa_talla-xl-fr","19":"pa_tipo-de-prenda-maillot-manche-longue","21":"first","22":"outofstock","23":"sale","24":"taxable","25":"shipping-taxable","26":"purchasable","27":"product-type-variable","28":"has-default-attributes"},"acf":[],"yoast_head":"<!-- This site is optimized with the Yoast SEO plugin v27.3 - https:\/\/yoast.com\/product\/yoast-seo-wordpress\/ -->\n<title>Maillot cycliste manche longue SCUBA SLATE (HOMME)<\/title>\n<meta name=\"description\" content=\"Comme nouveaut\u00e9 par rapport aux \u00e9ditions pr\u00e9c\u00e9dentes, il poss\u00e8de une bande \u00e9lastique aux poignets et \u00e0 la taille pour maintenir le maillot de cyclisme bien ajust\u00e9 au corps. Le tissu int\u00e9rieur est doux et agr\u00e9able. Fournit une sensation thermique et de la chaleur pour les jours les plus froids. Il est associ\u00e9 \u00e0 un tissu plus respirant sur les panneaux lat\u00e9raux et sur le dos qui emp\u00eachent la sueur de s&#039;accumuler. Vous aurez une sensation de confort total. Les manches ranglan sont fabriqu\u00e9s avec des coutures plates pour \u00e9viter les frottements. Le col est fait d&#039;un tissu doux et respirant et \u00e0 l&#039;int\u00e9rieur il a une bande anti-friction plate. Dans la zone lombaire, il int\u00e8gre 3 poches ouvertes finies avec une bordure \u00e9lastique en silicone. Il a \u00e9galement plusieurs d\u00e9tails r\u00e9fl\u00e9chissants pour augmenter votre s\u00e9curit\u00e9 sur la route.\" \/>\n<meta name=\"robots\" content=\"index, follow, max-snippet:-1, max-image-preview:large, max-video-preview:-1\" \/>\n<link rel=\"canonical\" href=\"https:\/\/www.inverseteams.com\/fr\/produit\/maillot-cycliste-manche-longue-scuba-slate-homme\/\" \/>\n<meta property=\"og:locale\" content=\"fr_FR\" \/>\n<meta property=\"og:type\" content=\"article\" \/>\n<meta property=\"og:title\" content=\"Maillot cycliste manche longue SCUBA SLATE (HOMME)\" \/>\n<meta property=\"og:description\" content=\"Comme nouveaut\u00e9 par rapport aux \u00e9ditions pr\u00e9c\u00e9dentes, il poss\u00e8de une bande \u00e9lastique aux poignets et \u00e0 la taille pour maintenir le maillot de cyclisme bien ajust\u00e9 au corps. Le tissu int\u00e9rieur est doux et agr\u00e9able. Fournit une sensation thermique et de la chaleur pour les jours les plus froids. Il est associ\u00e9 \u00e0 un tissu plus respirant sur les panneaux lat\u00e9raux et sur le dos qui emp\u00eachent la sueur de s&#039;accumuler. Vous aurez une sensation de confort total. Les manches ranglan sont fabriqu\u00e9s avec des coutures plates pour \u00e9viter les frottements. Le col est fait d&#039;un tissu doux et respirant et \u00e0 l&#039;int\u00e9rieur il a une bande anti-friction plate. Dans la zone lombaire, il int\u00e8gre 3 poches ouvertes finies avec une bordure \u00e9lastique en silicone. Il a \u00e9galement plusieurs d\u00e9tails r\u00e9fl\u00e9chissants pour augmenter votre s\u00e9curit\u00e9 sur la route.\" \/>\n<meta property=\"og:url\" content=\"https:\/\/www.inverseteams.com\/fr\/produit\/maillot-cycliste-manche-longue-scuba-slate-homme\/\" \/>\n<meta property=\"og:site_name\" content=\"Inverseteams\" \/>\n<meta property=\"article:publisher\" content=\"https:\/\/www.facebook.com\/inverseteams\" \/>\n<meta property=\"article:modified_time\" content=\"2024-06-04T00:02:00+00:00\" \/>\n<meta property=\"og:image\" content=\"https:\/\/www.inverseteams.com\/wp-content\/uploads\/MAILLOT-CICLISTA-ML-SCUBA-SLATE-1-1.jpg\" \/>\n\t<meta property=\"og:image:width\" content=\"3000\" \/>\n\t<meta property=\"og:image:height\" content=\"3223\" \/>\n\t<meta property=\"og:image:type\" content=\"image\/jpeg\" \/>\n<meta name=\"twitter:card\" content=\"summary_large_image\" \/>\n<meta name=\"twitter:label1\" content=\"Dur\u00e9e de lecture estim\u00e9e\" \/>\n\t<meta name=\"twitter:data1\" content=\"1 minute\" \/>\n<script type=\"application\/ld+json\" class=\"yoast-schema-graph\">{\"@context\":\"https:\\\/\\\/schema.org\",\"@graph\":[{\"@type\":\"WebPage\",\"@id\":\"https:\\\/\\\/www.inverseteams.com\\\/fr\\\/produit\\\/maillot-cycliste-manche-longue-scuba-slate-homme\\\/\",\"url\":\"https:\\\/\\\/www.inverseteams.com\\\/fr\\\/produit\\\/maillot-cycliste-manche-longue-scuba-slate-homme\\\/\",\"name\":\"Maillot cycliste manche longue SCUBA SLATE (HOMME)\",\"isPartOf\":{\"@id\":\"https:\\\/\\\/www.inverseteams.com\\\/fr\\\/#website\"},\"primaryImageOfPage\":{\"@id\":\"https:\\\/\\\/www.inverseteams.com\\\/fr\\\/produit\\\/maillot-cycliste-manche-longue-scuba-slate-homme\\\/#primaryimage\"},\"image\":{\"@id\":\"https:\\\/\\\/www.inverseteams.com\\\/fr\\\/produit\\\/maillot-cycliste-manche-longue-scuba-slate-homme\\\/#primaryimage\"},\"thumbnailUrl\":\"https:\\\/\\\/www.inverseteams.com\\\/wp-content\\\/uploads\\\/MAILLOT-CICLISTA-ML-SCUBA-SLATE-1-1.jpg\",\"datePublished\":\"2023-07-20T10:40:06+00:00\",\"dateModified\":\"2024-06-04T00:02:00+00:00\",\"description\":\"Comme nouveaut\u00e9 par rapport aux \u00e9ditions pr\u00e9c\u00e9dentes, il poss\u00e8de une bande \u00e9lastique aux poignets et \u00e0 la taille pour maintenir le maillot de cyclisme bien ajust\u00e9 au corps. Le tissu int\u00e9rieur est doux et agr\u00e9able. Fournit une sensation thermique et de la chaleur pour les jours les plus froids. Il est associ\u00e9 \u00e0 un tissu plus respirant sur les panneaux lat\u00e9raux et sur le dos qui emp\u00eachent la sueur de s'accumuler. Vous aurez une sensation de confort total. Les manches ranglan sont fabriqu\u00e9s avec des coutures plates pour \u00e9viter les frottements. Le col est fait d'un tissu doux et respirant et \u00e0 l'int\u00e9rieur il a une bande anti-friction plate. Dans la zone lombaire, il int\u00e8gre 3 poches ouvertes finies avec une bordure \u00e9lastique en silicone. Il a \u00e9galement plusieurs d\u00e9tails r\u00e9fl\u00e9chissants pour augmenter votre s\u00e9curit\u00e9 sur la route.\",\"breadcrumb\":{\"@id\":\"https:\\\/\\\/www.inverseteams.com\\\/fr\\\/produit\\\/maillot-cycliste-manche-longue-scuba-slate-homme\\\/#breadcrumb\"},\"inLanguage\":\"fr-FR\",\"potentialAction\":[{\"@type\":\"ReadAction\",\"target\":[\"https:\\\/\\\/www.inverseteams.com\\\/fr\\\/produit\\\/maillot-cycliste-manche-longue-scuba-slate-homme\\\/\"]}]},{\"@type\":\"ImageObject\",\"inLanguage\":\"fr-FR\",\"@id\":\"https:\\\/\\\/www.inverseteams.com\\\/fr\\\/produit\\\/maillot-cycliste-manche-longue-scuba-slate-homme\\\/#primaryimage\",\"url\":\"https:\\\/\\\/www.inverseteams.com\\\/wp-content\\\/uploads\\\/MAILLOT-CICLISTA-ML-SCUBA-SLATE-1-1.jpg\",\"contentUrl\":\"https:\\\/\\\/www.inverseteams.com\\\/wp-content\\\/uploads\\\/MAILLOT-CICLISTA-ML-SCUBA-SLATE-1-1.jpg\",\"width\":3000,\"height\":3223,\"caption\":\"maillot cyclisme manches longues\"},{\"@type\":\"BreadcrumbList\",\"@id\":\"https:\\\/\\\/www.inverseteams.com\\\/fr\\\/produit\\\/maillot-cycliste-manche-longue-scuba-slate-homme\\\/#breadcrumb\",\"itemListElement\":[{\"@type\":\"ListItem\",\"position\":1,\"name\":\"Portada\",\"item\":\"https:\\\/\\\/www.inverseteams.com\\\/fr\\\/pagina-principal\\\/\"},{\"@type\":\"ListItem\",\"position\":2,\"name\":\"Panier\",\"item\":\"https:\\\/\\\/www.inverseteams.com\\\/fr\\\/panier\\\/\"},{\"@type\":\"ListItem\",\"position\":3,\"name\":\"Maillot cycliste manche longue SUBLIM SCUBA SLATE (HOMME)\"}]},{\"@type\":\"WebSite\",\"@id\":\"https:\\\/\\\/www.inverseteams.com\\\/fr\\\/#website\",\"url\":\"https:\\\/\\\/www.inverseteams.com\\\/fr\\\/\",\"name\":\"Inverseteams\",\"description\":\"Tu marca de ropa deportiva personalizada\",\"publisher\":{\"@id\":\"https:\\\/\\\/www.inverseteams.com\\\/fr\\\/#organization\"},\"potentialAction\":[{\"@type\":\"SearchAction\",\"target\":{\"@type\":\"EntryPoint\",\"urlTemplate\":\"https:\\\/\\\/www.inverseteams.com\\\/fr\\\/?s={search_term_string}\"},\"query-input\":{\"@type\":\"PropertyValueSpecification\",\"valueRequired\":true,\"valueName\":\"search_term_string\"}}],\"inLanguage\":\"fr-FR\"},{\"@type\":\"Organization\",\"@id\":\"https:\\\/\\\/www.inverseteams.com\\\/fr\\\/#organization\",\"name\":\"Inverse Teams\",\"url\":\"https:\\\/\\\/www.inverseteams.com\\\/fr\\\/\",\"logo\":{\"@type\":\"ImageObject\",\"inLanguage\":\"fr-FR\",\"@id\":\"https:\\\/\\\/www.inverseteams.com\\\/fr\\\/#\\\/schema\\\/logo\\\/image\\\/\",\"url\":\"http:\\\/\\\/www.inverseteams.com\\\/wp-content\\\/uploads\\\/2021\\\/03\\\/logo-inverse-teams.png\",\"contentUrl\":\"http:\\\/\\\/www.inverseteams.com\\\/wp-content\\\/uploads\\\/2021\\\/03\\\/logo-inverse-teams.png\",\"width\":294,\"height\":99,\"caption\":\"Inverse Teams\"},\"image\":{\"@id\":\"https:\\\/\\\/www.inverseteams.com\\\/fr\\\/#\\\/schema\\\/logo\\\/image\\\/\"},\"sameAs\":[\"https:\\\/\\\/www.facebook.com\\\/inverseteams\",\"http:\\\/\\\/instagram.com\\\/inverseteams\",\"https:\\\/\\\/www.linkedin.com\\\/company\\\/inverse-cirosport-s-l-?trk=job_view_topcard_company_name\",\"http:\\\/\\\/www.pinterest.com\\\/inverseteams\\\/\",\"http:\\\/\\\/www.youtube.com\\\/user\\\/inverseteams?feature=watch\"]}]}<\/script>\n<!-- \/ Yoast SEO plugin. -->","yoast_head_json":{"title":"Maillot cycliste manche longue SCUBA SLATE (HOMME)","description":"Comme nouveaut\u00e9 par rapport aux \u00e9ditions pr\u00e9c\u00e9dentes, il poss\u00e8de une bande \u00e9lastique aux poignets et \u00e0 la taille pour maintenir le maillot de cyclisme bien ajust\u00e9 au corps. Le tissu int\u00e9rieur est doux et agr\u00e9able. Fournit une sensation thermique et de la chaleur pour les jours les plus froids. Il est associ\u00e9 \u00e0 un tissu plus respirant sur les panneaux lat\u00e9raux et sur le dos qui emp\u00eachent la sueur de s'accumuler. Vous aurez une sensation de confort total. Les manches ranglan sont fabriqu\u00e9s avec des coutures plates pour \u00e9viter les frottements. Le col est fait d'un tissu doux et respirant et \u00e0 l'int\u00e9rieur il a une bande anti-friction plate. Dans la zone lombaire, il int\u00e8gre 3 poches ouvertes finies avec une bordure \u00e9lastique en silicone. Il a \u00e9galement plusieurs d\u00e9tails r\u00e9fl\u00e9chissants pour augmenter votre s\u00e9curit\u00e9 sur la route.","robots":{"index":"index","follow":"follow","max-snippet":"max-snippet:-1","max-image-preview":"max-image-preview:large","max-video-preview":"max-video-preview:-1"},"canonical":"https:\/\/www.inverseteams.com\/fr\/produit\/maillot-cycliste-manche-longue-scuba-slate-homme\/","og_locale":"fr_FR","og_type":"article","og_title":"Maillot cycliste manche longue SCUBA SLATE (HOMME)","og_description":"Comme nouveaut\u00e9 par rapport aux \u00e9ditions pr\u00e9c\u00e9dentes, il poss\u00e8de une bande \u00e9lastique aux poignets et \u00e0 la taille pour maintenir le maillot de cyclisme bien ajust\u00e9 au corps. Le tissu int\u00e9rieur est doux et agr\u00e9able. Fournit une sensation thermique et de la chaleur pour les jours les plus froids. Il est associ\u00e9 \u00e0 un tissu plus respirant sur les panneaux lat\u00e9raux et sur le dos qui emp\u00eachent la sueur de s'accumuler. Vous aurez une sensation de confort total. Les manches ranglan sont fabriqu\u00e9s avec des coutures plates pour \u00e9viter les frottements. Le col est fait d'un tissu doux et respirant et \u00e0 l'int\u00e9rieur il a une bande anti-friction plate. Dans la zone lombaire, il int\u00e8gre 3 poches ouvertes finies avec une bordure \u00e9lastique en silicone. Il a \u00e9galement plusieurs d\u00e9tails r\u00e9fl\u00e9chissants pour augmenter votre s\u00e9curit\u00e9 sur la route.","og_url":"https:\/\/www.inverseteams.com\/fr\/produit\/maillot-cycliste-manche-longue-scuba-slate-homme\/","og_site_name":"Inverseteams","article_publisher":"https:\/\/www.facebook.com\/inverseteams","article_modified_time":"2024-06-04T00:02:00+00:00","og_image":[{"width":3000,"height":3223,"url":"https:\/\/www.inverseteams.com\/wp-content\/uploads\/MAILLOT-CICLISTA-ML-SCUBA-SLATE-1-1.jpg","type":"image\/jpeg"}],"twitter_card":"summary_large_image","twitter_misc":{"Dur\u00e9e de lecture estim\u00e9e":"1 minute"},"schema":{"@context":"https:\/\/schema.org","@graph":[{"@type":"WebPage","@id":"https:\/\/www.inverseteams.com\/fr\/produit\/maillot-cycliste-manche-longue-scuba-slate-homme\/","url":"https:\/\/www.inverseteams.com\/fr\/produit\/maillot-cycliste-manche-longue-scuba-slate-homme\/","name":"Maillot cycliste manche longue SCUBA SLATE (HOMME)","isPartOf":{"@id":"https:\/\/www.inverseteams.com\/fr\/#website"},"primaryImageOfPage":{"@id":"https:\/\/www.inverseteams.com\/fr\/produit\/maillot-cycliste-manche-longue-scuba-slate-homme\/#primaryimage"},"image":{"@id":"https:\/\/www.inverseteams.com\/fr\/produit\/maillot-cycliste-manche-longue-scuba-slate-homme\/#primaryimage"},"thumbnailUrl":"https:\/\/www.inverseteams.com\/wp-content\/uploads\/MAILLOT-CICLISTA-ML-SCUBA-SLATE-1-1.jpg","datePublished":"2023-07-20T10:40:06+00:00","dateModified":"2024-06-04T00:02:00+00:00","description":"Comme nouveaut\u00e9 par rapport aux \u00e9ditions pr\u00e9c\u00e9dentes, il poss\u00e8de une bande \u00e9lastique aux poignets et \u00e0 la taille pour maintenir le maillot de cyclisme bien ajust\u00e9 au corps. Le tissu int\u00e9rieur est doux et agr\u00e9able. Fournit une sensation thermique et de la chaleur pour les jours les plus froids. Il est associ\u00e9 \u00e0 un tissu plus respirant sur les panneaux lat\u00e9raux et sur le dos qui emp\u00eachent la sueur de s'accumuler. Vous aurez une sensation de confort total. Les manches ranglan sont fabriqu\u00e9s avec des coutures plates pour \u00e9viter les frottements. Le col est fait d'un tissu doux et respirant et \u00e0 l'int\u00e9rieur il a une bande anti-friction plate. Dans la zone lombaire, il int\u00e8gre 3 poches ouvertes finies avec une bordure \u00e9lastique en silicone. Il a \u00e9galement plusieurs d\u00e9tails r\u00e9fl\u00e9chissants pour augmenter votre s\u00e9curit\u00e9 sur la route.","breadcrumb":{"@id":"https:\/\/www.inverseteams.com\/fr\/produit\/maillot-cycliste-manche-longue-scuba-slate-homme\/#breadcrumb"},"inLanguage":"fr-FR","potentialAction":[{"@type":"ReadAction","target":["https:\/\/www.inverseteams.com\/fr\/produit\/maillot-cycliste-manche-longue-scuba-slate-homme\/"]}]},{"@type":"ImageObject","inLanguage":"fr-FR","@id":"https:\/\/www.inverseteams.com\/fr\/produit\/maillot-cycliste-manche-longue-scuba-slate-homme\/#primaryimage","url":"https:\/\/www.inverseteams.com\/wp-content\/uploads\/MAILLOT-CICLISTA-ML-SCUBA-SLATE-1-1.jpg","contentUrl":"https:\/\/www.inverseteams.com\/wp-content\/uploads\/MAILLOT-CICLISTA-ML-SCUBA-SLATE-1-1.jpg","width":3000,"height":3223,"caption":"maillot cyclisme manches longues"},{"@type":"BreadcrumbList","@id":"https:\/\/www.inverseteams.com\/fr\/produit\/maillot-cycliste-manche-longue-scuba-slate-homme\/#breadcrumb","itemListElement":[{"@type":"ListItem","position":1,"name":"Portada","item":"https:\/\/www.inverseteams.com\/fr\/pagina-principal\/"},{"@type":"ListItem","position":2,"name":"Panier","item":"https:\/\/www.inverseteams.com\/fr\/panier\/"},{"@type":"ListItem","position":3,"name":"Maillot cycliste manche longue SUBLIM SCUBA SLATE (HOMME)"}]},{"@type":"WebSite","@id":"https:\/\/www.inverseteams.com\/fr\/#website","url":"https:\/\/www.inverseteams.com\/fr\/","name":"Inverseteams","description":"Tu marca de ropa deportiva personalizada","publisher":{"@id":"https:\/\/www.inverseteams.com\/fr\/#organization"},"potentialAction":[{"@type":"SearchAction","target":{"@type":"EntryPoint","urlTemplate":"https:\/\/www.inverseteams.com\/fr\/?s={search_term_string}"},"query-input":{"@type":"PropertyValueSpecification","valueRequired":true,"valueName":"search_term_string"}}],"inLanguage":"fr-FR"},{"@type":"Organization","@id":"https:\/\/www.inverseteams.com\/fr\/#organization","name":"Inverse Teams","url":"https:\/\/www.inverseteams.com\/fr\/","logo":{"@type":"ImageObject","inLanguage":"fr-FR","@id":"https:\/\/www.inverseteams.com\/fr\/#\/schema\/logo\/image\/","url":"https:\/\/www.inverseteams.com\/wp-content\/uploads\/2021\/03\/logo-inverse-teams.png","contentUrl":"https:\/\/www.inverseteams.com\/wp-content\/uploads\/2021\/03\/logo-inverse-teams.png","width":294,"height":99,"caption":"Inverse Teams"},"image":{"@id":"https:\/\/www.inverseteams.com\/fr\/#\/schema\/logo\/image\/"},"sameAs":["https:\/\/www.facebook.com\/inverseteams","http:\/\/instagram.com\/inverseteams","https:\/\/www.linkedin.com\/company\/inverse-cirosport-s-l-?trk=job_view_topcard_company_name","http:\/\/www.pinterest.com\/inverseteams\/","http:\/\/www.youtube.com\/user\/inverseteams?feature=watch"]}]}},"_links":{"self":[{"href":"https:\/\/www.inverseteams.com\/fr\/wp-json\/wp\/v2\/product\/135345","targetHints":{"allow":["GET"]}}],"collection":[{"href":"https:\/\/www.inverseteams.com\/fr\/wp-json\/wp\/v2\/product"}],"about":[{"href":"https:\/\/www.inverseteams.com\/fr\/wp-json\/wp\/v2\/types\/product"}],"replies":[{"embeddable":true,"href":"https:\/\/www.inverseteams.com\/fr\/wp-json\/wp\/v2\/comments?post=135345"}],"wp:featuredmedia":[{"embeddable":true,"href":"https:\/\/www.inverseteams.com\/fr\/wp-json\/wp\/v2\/media\/142649"}],"wp:attachment":[{"href":"https:\/\/www.inverseteams.com\/fr\/wp-json\/wp\/v2\/media?parent=135345"}],"wp:term":[{"taxonomy":"product_brand","embeddable":true,"href":"https:\/\/www.inverseteams.com\/fr\/wp-json\/wp\/v2\/product_brand?post=135345"},{"taxonomy":"product_cat","embeddable":true,"href":"https:\/\/www.inverseteams.com\/fr\/wp-json\/wp\/v2\/product_cat?post=135345"},{"taxonomy":"product_tag","embeddable":true,"href":"https:\/\/www.inverseteams.com\/fr\/wp-json\/wp\/v2\/product_tag?post=135345"},{"taxonomy":"custom_category","embeddable":true,"href":"https:\/\/www.inverseteams.com\/fr\/wp-json\/wp\/v2\/custom_category?post=135345"},{"taxonomy":"range","embeddable":true,"href":"https:\/\/www.inverseteams.com\/fr\/wp-json\/wp\/v2\/range?post=135345"}],"curies":[{"name":"wp","href":"https:\/\/api.w.org\/{rel}","templated":true}]}}