{"id":127107,"date":"2023-04-19T12:40:23","date_gmt":"2023-04-19T12:43:44","guid":{"rendered":"https:\/\/www.inverseteams.com\/?post_type=product&#038;p=127107"},"modified":"2025-05-22T00:01:55","modified_gmt":"2025-05-22T00:01:55","slug":"bermuda-cuissard-dakar","status":"publish","type":"product","link":"https:\/\/www.inverseteams.com\/fr\/produit\/bermuda-cuissard-dakar\/","title":{"rendered":"Bermuda + cuissard DAKAR"},"content":{"rendered":"<p>Ce bermuda super polyvalent vous servira aussi bien pour vous balader en ville ou en montagne que pour faire du v\u00e9lo en tout confort gr\u00e2ce \u00e0 son short amovible.<br \/>\nAu niveau de la taille, il dispose d&rsquo;un r\u00e9gulateur \u00e0 double velcro pour bien ajuster le short. Il dispose de 2 poches ouvertes et une lat\u00e9rale zipp\u00e9e pour que vous puissiez ranger ce que vous voulez confortablement. Il est \u00e9quip\u00e9 d\u2019une peau MUSTANG et dispose d&rsquo;un grip \u00e0 l&rsquo;int\u00e9rieur de la jambe pour une parfaite adh\u00e9rence au corps.<\/p>\n","protected":false},"excerpt":{"rendered":"<p>Ce bermuda super polyvalent vous servira aussi bien pour vous balader en ville ou en montagne que pour faire du v\u00e9lo en tout confort gr\u00e2ce \u00e0 son short amovible.<br \/>\nAu niveau de la taille, il dispose d&rsquo;un r\u00e9gulateur \u00e0 double velcro pour bien ajuster le short. Il dispose de 2 poches ouvertes et une lat\u00e9rale zipp\u00e9e pour que vous puissiez ranger ce que vous voulez confortablement. Il est \u00e9quip\u00e9 d\u2019une peau MUSTANG et dispose d&rsquo;un grip \u00e0 l&rsquo;int\u00e9rieur de la jambe pour une parfaite adh\u00e9rence au corps.<\/p>\n","protected":false},"featured_media":129115,"comment_status":"closed","ping_status":"closed","template":"","meta":{"_acf_changed":false},"product_brand":[],"product_cat":[9949,9969,7177],"product_tag":[],"custom_category":[],"range":[],"class_list":{"0":"post-127107","1":"product","2":"type-product","3":"status-publish","4":"has-post-thumbnail","6":"product_cat-gravel-fr","7":"product_cat-bermuda-fr","8":"product_cat-b2b-fr","9":"pa_climatologia-temperature-chaude","10":"pa_climatologia-chaud","11":"pa_deporte-lifestyle-fr","12":"pa_genero-homme","13":"pa_genero-femme","14":"pa_patronaje-regular-fr","15":"pa_talla-3xl-fr-2","16":"pa_talla-l-fr","17":"pa_talla-m-fr","18":"pa_talla-xl-fr","19":"pa_talla-xxl-fr","20":"pa_tipo-de-prenda-bermuda-fr","22":"first","23":"outofstock","24":"taxable","25":"shipping-taxable","26":"product-type-variable","27":"has-default-attributes"},"acf":[],"yoast_head":"<!-- This site is optimized with the Yoast SEO plugin v27.5 - https:\/\/yoast.com\/product\/yoast-seo-wordpress\/ -->\n<title>Bermuda + cuissard DAKAR | Inverseteams<\/title>\n<meta name=\"description\" content=\"Ce bermuda super polyvalent vous servira aussi bien pour vous balader en ville ou en montagne que pour faire du v\u00e9lo en tout confort gr\u00e2ce \u00e0 son short amovible. Au niveau de la taille, il dispose d&#039;un r\u00e9gulateur \u00e0 double velcro pour bien ajuster le short. Il dispose de 2 poches ouvertes et une lat\u00e9rale zipp\u00e9e pour que vous puissiez ranger ce que vous voulez confortablement. Il est \u00e9quip\u00e9 d\u2019une peau MUSTANG et dispose d&#039;un grip \u00e0 l&#039;int\u00e9rieur de la jambe pour une parfaite adh\u00e9rence au corps.\" \/>\n<meta name=\"robots\" content=\"index, follow, max-snippet:-1, max-image-preview:large, max-video-preview:-1\" \/>\n<link rel=\"canonical\" href=\"https:\/\/www.inverseteams.com\/fr\/produit\/bermuda-cuissard-dakar\/\" \/>\n<meta property=\"og:locale\" content=\"fr_FR\" \/>\n<meta property=\"og:type\" content=\"article\" \/>\n<meta property=\"og:title\" content=\"Bermuda + cuissard DAKAR | Inverseteams\" \/>\n<meta property=\"og:description\" content=\"Ce bermuda super polyvalent vous servira aussi bien pour vous balader en ville ou en montagne que pour faire du v\u00e9lo en tout confort gr\u00e2ce \u00e0 son short amovible. Au niveau de la taille, il dispose d&#039;un r\u00e9gulateur \u00e0 double velcro pour bien ajuster le short. Il dispose de 2 poches ouvertes et une lat\u00e9rale zipp\u00e9e pour que vous puissiez ranger ce que vous voulez confortablement. Il est \u00e9quip\u00e9 d\u2019une peau MUSTANG et dispose d&#039;un grip \u00e0 l&#039;int\u00e9rieur de la jambe pour une parfaite adh\u00e9rence au corps.\" \/>\n<meta property=\"og:url\" content=\"https:\/\/www.inverseteams.com\/fr\/produit\/bermuda-cuissard-dakar\/\" \/>\n<meta property=\"og:site_name\" content=\"Inverseteams\" \/>\n<meta property=\"article:publisher\" content=\"https:\/\/www.facebook.com\/inverseteams\" \/>\n<meta property=\"article:modified_time\" content=\"2025-05-22T00:01:55+00:00\" \/>\n<meta property=\"og:image\" content=\"https:\/\/www.inverseteams.com\/wp-content\/uploads\/BERMUDA-ENDURO-CASUAL-DAKAR-1-1.jpg\" \/>\n\t<meta property=\"og:image:width\" content=\"3000\" \/>\n\t<meta property=\"og:image:height\" content=\"3223\" \/>\n\t<meta property=\"og:image:type\" content=\"image\/jpeg\" \/>\n<meta name=\"twitter:card\" content=\"summary_large_image\" \/>\n<script type=\"application\/ld+json\" class=\"yoast-schema-graph\">{\"@context\":\"https:\\\/\\\/schema.org\",\"@graph\":[{\"@type\":\"WebPage\",\"@id\":\"https:\\\/\\\/www.inverseteams.com\\\/fr\\\/produit\\\/bermuda-cuissard-dakar\\\/\",\"url\":\"https:\\\/\\\/www.inverseteams.com\\\/fr\\\/produit\\\/bermuda-cuissard-dakar\\\/\",\"name\":\"Bermuda + cuissard DAKAR | Inverseteams\",\"isPartOf\":{\"@id\":\"https:\\\/\\\/www.inverseteams.com\\\/fr\\\/#website\"},\"primaryImageOfPage\":{\"@id\":\"https:\\\/\\\/www.inverseteams.com\\\/fr\\\/produit\\\/bermuda-cuissard-dakar\\\/#primaryimage\"},\"image\":{\"@id\":\"https:\\\/\\\/www.inverseteams.com\\\/fr\\\/produit\\\/bermuda-cuissard-dakar\\\/#primaryimage\"},\"thumbnailUrl\":\"https:\\\/\\\/www.inverseteams.com\\\/wp-content\\\/uploads\\\/BERMUDA-ENDURO-CASUAL-DAKAR-1-1.jpg\",\"datePublished\":\"2023-04-19T12:43:44+00:00\",\"dateModified\":\"2025-05-22T00:01:55+00:00\",\"description\":\"Ce bermuda super polyvalent vous servira aussi bien pour vous balader en ville ou en montagne que pour faire du v\u00e9lo en tout confort gr\u00e2ce \u00e0 son short amovible. Au niveau de la taille, il dispose d'un r\u00e9gulateur \u00e0 double velcro pour bien ajuster le short. Il dispose de 2 poches ouvertes et une lat\u00e9rale zipp\u00e9e pour que vous puissiez ranger ce que vous voulez confortablement. Il est \u00e9quip\u00e9 d\u2019une peau MUSTANG et dispose d'un grip \u00e0 l'int\u00e9rieur de la jambe pour une parfaite adh\u00e9rence au corps.\",\"breadcrumb\":{\"@id\":\"https:\\\/\\\/www.inverseteams.com\\\/fr\\\/produit\\\/bermuda-cuissard-dakar\\\/#breadcrumb\"},\"inLanguage\":\"fr-FR\",\"potentialAction\":[{\"@type\":\"ReadAction\",\"target\":[\"https:\\\/\\\/www.inverseteams.com\\\/fr\\\/produit\\\/bermuda-cuissard-dakar\\\/\"]}]},{\"@type\":\"ImageObject\",\"inLanguage\":\"fr-FR\",\"@id\":\"https:\\\/\\\/www.inverseteams.com\\\/fr\\\/produit\\\/bermuda-cuissard-dakar\\\/#primaryimage\",\"url\":\"https:\\\/\\\/www.inverseteams.com\\\/wp-content\\\/uploads\\\/BERMUDA-ENDURO-CASUAL-DAKAR-1-1.jpg\",\"contentUrl\":\"https:\\\/\\\/www.inverseteams.com\\\/wp-content\\\/uploads\\\/BERMUDA-ENDURO-CASUAL-DAKAR-1-1.jpg\",\"width\":3000,\"height\":3223,\"caption\":\"bermuda enduro inverse\"},{\"@type\":\"BreadcrumbList\",\"@id\":\"https:\\\/\\\/www.inverseteams.com\\\/fr\\\/produit\\\/bermuda-cuissard-dakar\\\/#breadcrumb\",\"itemListElement\":[{\"@type\":\"ListItem\",\"position\":1,\"name\":\"Portada\",\"item\":\"https:\\\/\\\/www.inverseteams.com\\\/fr\\\/pagina-principal\\\/\"},{\"@type\":\"ListItem\",\"position\":2,\"name\":\"Panier\",\"item\":\"https:\\\/\\\/www.inverseteams.com\\\/fr\\\/panier\\\/\"},{\"@type\":\"ListItem\",\"position\":3,\"name\":\"Bermuda + cuissard DAKAR\"}]},{\"@type\":\"WebSite\",\"@id\":\"https:\\\/\\\/www.inverseteams.com\\\/fr\\\/#website\",\"url\":\"https:\\\/\\\/www.inverseteams.com\\\/fr\\\/\",\"name\":\"Inverseteams\",\"description\":\"Tu marca de ropa deportiva personalizada\",\"publisher\":{\"@id\":\"https:\\\/\\\/www.inverseteams.com\\\/fr\\\/#organization\"},\"potentialAction\":[{\"@type\":\"SearchAction\",\"target\":{\"@type\":\"EntryPoint\",\"urlTemplate\":\"https:\\\/\\\/www.inverseteams.com\\\/fr\\\/?s={search_term_string}\"},\"query-input\":{\"@type\":\"PropertyValueSpecification\",\"valueRequired\":true,\"valueName\":\"search_term_string\"}}],\"inLanguage\":\"fr-FR\"},{\"@type\":\"Organization\",\"@id\":\"https:\\\/\\\/www.inverseteams.com\\\/fr\\\/#organization\",\"name\":\"Inverse Teams\",\"url\":\"https:\\\/\\\/www.inverseteams.com\\\/fr\\\/\",\"logo\":{\"@type\":\"ImageObject\",\"inLanguage\":\"fr-FR\",\"@id\":\"https:\\\/\\\/www.inverseteams.com\\\/fr\\\/#\\\/schema\\\/logo\\\/image\\\/\",\"url\":\"https:\\\/\\\/www.inverseteams.com\\\/wp-content\\\/uploads\\\/2021\\\/03\\\/logo-inverse-teams.png\",\"contentUrl\":\"https:\\\/\\\/www.inverseteams.com\\\/wp-content\\\/uploads\\\/2021\\\/03\\\/logo-inverse-teams.png\",\"width\":294,\"height\":99,\"caption\":\"Inverse Teams\"},\"image\":{\"@id\":\"https:\\\/\\\/www.inverseteams.com\\\/fr\\\/#\\\/schema\\\/logo\\\/image\\\/\"},\"sameAs\":[\"https:\\\/\\\/www.facebook.com\\\/inverseteams\",\"http:\\\/\\\/instagram.com\\\/inverseteams\",\"https:\\\/\\\/www.linkedin.com\\\/company\\\/inverse-cirosport-s-l-?trk=job_view_topcard_company_name\",\"http:\\\/\\\/www.pinterest.com\\\/inverseteams\\\/\",\"http:\\\/\\\/www.youtube.com\\\/user\\\/inverseteams?feature=watch\"]}]}<\/script>\n<!-- \/ Yoast SEO plugin. -->","yoast_head_json":{"title":"Bermuda + cuissard DAKAR | Inverseteams","description":"Ce bermuda super polyvalent vous servira aussi bien pour vous balader en ville ou en montagne que pour faire du v\u00e9lo en tout confort gr\u00e2ce \u00e0 son short amovible. Au niveau de la taille, il dispose d'un r\u00e9gulateur \u00e0 double velcro pour bien ajuster le short. Il dispose de 2 poches ouvertes et une lat\u00e9rale zipp\u00e9e pour que vous puissiez ranger ce que vous voulez confortablement. Il est \u00e9quip\u00e9 d\u2019une peau MUSTANG et dispose d'un grip \u00e0 l'int\u00e9rieur de la jambe pour une parfaite adh\u00e9rence au corps.","robots":{"index":"index","follow":"follow","max-snippet":"max-snippet:-1","max-image-preview":"max-image-preview:large","max-video-preview":"max-video-preview:-1"},"canonical":"https:\/\/www.inverseteams.com\/fr\/produit\/bermuda-cuissard-dakar\/","og_locale":"fr_FR","og_type":"article","og_title":"Bermuda + cuissard DAKAR | Inverseteams","og_description":"Ce bermuda super polyvalent vous servira aussi bien pour vous balader en ville ou en montagne que pour faire du v\u00e9lo en tout confort gr\u00e2ce \u00e0 son short amovible. Au niveau de la taille, il dispose d'un r\u00e9gulateur \u00e0 double velcro pour bien ajuster le short. Il dispose de 2 poches ouvertes et une lat\u00e9rale zipp\u00e9e pour que vous puissiez ranger ce que vous voulez confortablement. Il est \u00e9quip\u00e9 d\u2019une peau MUSTANG et dispose d'un grip \u00e0 l'int\u00e9rieur de la jambe pour une parfaite adh\u00e9rence au corps.","og_url":"https:\/\/www.inverseteams.com\/fr\/produit\/bermuda-cuissard-dakar\/","og_site_name":"Inverseteams","article_publisher":"https:\/\/www.facebook.com\/inverseteams","article_modified_time":"2025-05-22T00:01:55+00:00","og_image":[{"width":3000,"height":3223,"url":"https:\/\/www.inverseteams.com\/wp-content\/uploads\/BERMUDA-ENDURO-CASUAL-DAKAR-1-1.jpg","type":"image\/jpeg"}],"twitter_card":"summary_large_image","schema":{"@context":"https:\/\/schema.org","@graph":[{"@type":"WebPage","@id":"https:\/\/www.inverseteams.com\/fr\/produit\/bermuda-cuissard-dakar\/","url":"https:\/\/www.inverseteams.com\/fr\/produit\/bermuda-cuissard-dakar\/","name":"Bermuda + cuissard DAKAR | Inverseteams","isPartOf":{"@id":"https:\/\/www.inverseteams.com\/fr\/#website"},"primaryImageOfPage":{"@id":"https:\/\/www.inverseteams.com\/fr\/produit\/bermuda-cuissard-dakar\/#primaryimage"},"image":{"@id":"https:\/\/www.inverseteams.com\/fr\/produit\/bermuda-cuissard-dakar\/#primaryimage"},"thumbnailUrl":"https:\/\/www.inverseteams.com\/wp-content\/uploads\/BERMUDA-ENDURO-CASUAL-DAKAR-1-1.jpg","datePublished":"2023-04-19T12:43:44+00:00","dateModified":"2025-05-22T00:01:55+00:00","description":"Ce bermuda super polyvalent vous servira aussi bien pour vous balader en ville ou en montagne que pour faire du v\u00e9lo en tout confort gr\u00e2ce \u00e0 son short amovible. Au niveau de la taille, il dispose d'un r\u00e9gulateur \u00e0 double velcro pour bien ajuster le short. Il dispose de 2 poches ouvertes et une lat\u00e9rale zipp\u00e9e pour que vous puissiez ranger ce que vous voulez confortablement. Il est \u00e9quip\u00e9 d\u2019une peau MUSTANG et dispose d'un grip \u00e0 l'int\u00e9rieur de la jambe pour une parfaite adh\u00e9rence au corps.","breadcrumb":{"@id":"https:\/\/www.inverseteams.com\/fr\/produit\/bermuda-cuissard-dakar\/#breadcrumb"},"inLanguage":"fr-FR","potentialAction":[{"@type":"ReadAction","target":["https:\/\/www.inverseteams.com\/fr\/produit\/bermuda-cuissard-dakar\/"]}]},{"@type":"ImageObject","inLanguage":"fr-FR","@id":"https:\/\/www.inverseteams.com\/fr\/produit\/bermuda-cuissard-dakar\/#primaryimage","url":"https:\/\/www.inverseteams.com\/wp-content\/uploads\/BERMUDA-ENDURO-CASUAL-DAKAR-1-1.jpg","contentUrl":"https:\/\/www.inverseteams.com\/wp-content\/uploads\/BERMUDA-ENDURO-CASUAL-DAKAR-1-1.jpg","width":3000,"height":3223,"caption":"bermuda enduro inverse"},{"@type":"BreadcrumbList","@id":"https:\/\/www.inverseteams.com\/fr\/produit\/bermuda-cuissard-dakar\/#breadcrumb","itemListElement":[{"@type":"ListItem","position":1,"name":"Portada","item":"https:\/\/www.inverseteams.com\/fr\/pagina-principal\/"},{"@type":"ListItem","position":2,"name":"Panier","item":"https:\/\/www.inverseteams.com\/fr\/panier\/"},{"@type":"ListItem","position":3,"name":"Bermuda + cuissard DAKAR"}]},{"@type":"WebSite","@id":"https:\/\/www.inverseteams.com\/fr\/#website","url":"https:\/\/www.inverseteams.com\/fr\/","name":"Inverseteams","description":"Tu marca de ropa deportiva personalizada","publisher":{"@id":"https:\/\/www.inverseteams.com\/fr\/#organization"},"potentialAction":[{"@type":"SearchAction","target":{"@type":"EntryPoint","urlTemplate":"https:\/\/www.inverseteams.com\/fr\/?s={search_term_string}"},"query-input":{"@type":"PropertyValueSpecification","valueRequired":true,"valueName":"search_term_string"}}],"inLanguage":"fr-FR"},{"@type":"Organization","@id":"https:\/\/www.inverseteams.com\/fr\/#organization","name":"Inverse Teams","url":"https:\/\/www.inverseteams.com\/fr\/","logo":{"@type":"ImageObject","inLanguage":"fr-FR","@id":"https:\/\/www.inverseteams.com\/fr\/#\/schema\/logo\/image\/","url":"https:\/\/www.inverseteams.com\/wp-content\/uploads\/2021\/03\/logo-inverse-teams.png","contentUrl":"https:\/\/www.inverseteams.com\/wp-content\/uploads\/2021\/03\/logo-inverse-teams.png","width":294,"height":99,"caption":"Inverse Teams"},"image":{"@id":"https:\/\/www.inverseteams.com\/fr\/#\/schema\/logo\/image\/"},"sameAs":["https:\/\/www.facebook.com\/inverseteams","http:\/\/instagram.com\/inverseteams","https:\/\/www.linkedin.com\/company\/inverse-cirosport-s-l-?trk=job_view_topcard_company_name","http:\/\/www.pinterest.com\/inverseteams\/","http:\/\/www.youtube.com\/user\/inverseteams?feature=watch"]}]}},"_links":{"self":[{"href":"https:\/\/www.inverseteams.com\/fr\/wp-json\/wp\/v2\/product\/127107","targetHints":{"allow":["GET"]}}],"collection":[{"href":"https:\/\/www.inverseteams.com\/fr\/wp-json\/wp\/v2\/product"}],"about":[{"href":"https:\/\/www.inverseteams.com\/fr\/wp-json\/wp\/v2\/types\/product"}],"replies":[{"embeddable":true,"href":"https:\/\/www.inverseteams.com\/fr\/wp-json\/wp\/v2\/comments?post=127107"}],"wp:featuredmedia":[{"embeddable":true,"href":"https:\/\/www.inverseteams.com\/fr\/wp-json\/wp\/v2\/media\/129115"}],"wp:attachment":[{"href":"https:\/\/www.inverseteams.com\/fr\/wp-json\/wp\/v2\/media?parent=127107"}],"wp:term":[{"taxonomy":"product_brand","embeddable":true,"href":"https:\/\/www.inverseteams.com\/fr\/wp-json\/wp\/v2\/product_brand?post=127107"},{"taxonomy":"product_cat","embeddable":true,"href":"https:\/\/www.inverseteams.com\/fr\/wp-json\/wp\/v2\/product_cat?post=127107"},{"taxonomy":"product_tag","embeddable":true,"href":"https:\/\/www.inverseteams.com\/fr\/wp-json\/wp\/v2\/product_tag?post=127107"},{"taxonomy":"custom_category","embeddable":true,"href":"https:\/\/www.inverseteams.com\/fr\/wp-json\/wp\/v2\/custom_category?post=127107"},{"taxonomy":"range","embeddable":true,"href":"https:\/\/www.inverseteams.com\/fr\/wp-json\/wp\/v2\/range?post=127107"}],"curies":[{"name":"wp","href":"https:\/\/api.w.org\/{rel}","templated":true}]}}